{"id":27727,"date":"2026-03-13T15:43:24","date_gmt":"2026-03-13T14:43:24","guid":{"rendered":"https:\/\/xenonkungen.com\/?post_type=product&#038;p=27727"},"modified":"2026-04-24T17:47:04","modified_gmt":"2026-04-24T16:47:04","slug":"tershine-apc-allrengoring-5-l","status":"publish","type":"product","link":"https:\/\/xenonkungen.com\/no\/produkt\/tershine-apc-allrengoring-5-l\/","title":{"rendered":"Tershine APC \u2013 Universalrengj\u00f8ringsmiddel 5 l"},"content":{"rendered":"<p>APC er et supereffektivt plantebasert universalrengj\u00f8ringsmiddel som er tilgjengelig i flere forskjellige dufter.<strong><\/p>\n<p>Multirens mot de fleste typer smuss<br \/>\nPerfekt for bilinteri\u00f8r, kj\u00f8kken, bad, skinn og tekstiler<br \/>\nFungerer til det meste<br \/>\nKan fortynnes<br \/>\nEtterlater ingen irriterende rester<br \/>\nLuktblokkerende funksjon eliminerer u\u00f8nsket lukt<br \/>\nPlantebaserte r\u00e5varer<br \/>\nProduktet er ikke klassifisert som merkepliktig i henhold til CLP-forordning (EF) 1272\/2008.<\/strong><\/p>\n<p><strong>1.\u00a0<\/strong>Dusj p\u00e5 hvilken som helst overflate (eller i en klut)<br \/>\n<strong>2.\u00a0<\/strong>Bruk en b\u00f8rste til \u00e5 rufse overflaten hvis den er veldig skitten.<br \/>\n<strong>3.\u00a0<\/strong>T\u00f8rk av med en mikrofiberklut etter eget valg<br \/>\n<strong>4.\u00a0<\/strong>Ja, vi vet, superenkel \u00e5 bruke!<\/p>\n<p>APC \u2013 Interi\u00f8rrens 5000 ml med melonduft er et sv\u00e6rt effektivt allrengj\u00f8ringsmiddel som prim\u00e6rt er beregnet for bruk p\u00e5 interi\u00f8ret i kj\u00f8ret\u00f8yet. Sv\u00e6rt godt egnet for for eksempel tekstiler, l\u00e6r, alcantara, plast, gummi osv. Rengj\u00f8r i \u00e9n omgang og etterlater ingen sjenerende hinne.<\/p>\n<p>N\u00e5 i en oppdatert formel som inneholder en helt fantastisk luktfjerningsfunksjon, som blokkerer og \u00abdreper\u00bb vond lukt, men samtidig holder den frisk (ja, det h\u00f8res luftig ut, men du vil ikke bli skuffet). Tilgjengelig med Lime, Gr\u00f8nt Eple eller Melon (5000 ml) som duft, det er ikke vannmelon, men en litt s\u00f8t frisk duft bare s\u00e5 det ikke blir for mye.<\/p>\n<p>Den kan fortynnes hvis du har lyst. Du kan pr\u00f8ve \u00e5 finne ut hva du liker best, men husk at jo mer du fortynner den, desto d\u00e5rligere vil luktblokkeringsfunksjonen v\u00e6re! Men alt mellom 1:1 og 1:25, avhengig av hvor skitten den er. Tilgjengelig i pakker p\u00e5 500 ml, 5 l og 25 l.<\/p>\n<p>Hvis du vil forsterke luktblokkeringsfunksjonen litt ekstra, kan du pr\u00f8ve \u00e5 spraye teppene i bilen og bruke viftens resirkuleringsfunksjon (slik at det kan sirkulere gjennom kanaler, filtre osv.). T\u00f8rk dem deretter av og nyt den friske duften.<\/p>\n<p>Husk \u00e5 ikke bruke for mye trykk med kluten hvis du rengj\u00f8r en slitt innside. V\u00e6r litt forsiktig og bruk b\u00f8rster osv. for \u00e5 f\u00e5 ut smusset! Og selvf\u00f8lgelig ikke i direkte sollys osv.<\/p>\n<p>Selvf\u00f8lgelig fungerer det utmerket hjemme ogs\u00e5!<\/p>\n<p><strong>Dufter: <\/strong>Eple, melon, fiolett<\/p>\n<p><em>Oppbevares frostfritt.<\/em><\/p>","protected":false},"excerpt":{"rendered":"<p>APC universalrengj\u00f8ringsmiddel for innsiden av kj\u00f8ret\u00f8yet, hjemme og ja, stort sett overalt!<\/p>","protected":false},"featured_media":27730,"comment_status":"open","ping_status":"closed","template":"","meta":{"_acf_changed":false,"_smort_price_nok":"","_smort_price_dkk":"","_smort_price_eur":"","_smort_sale_price_nok":"","_smort_sale_price_dkk":"","_smort_sale_price_eur":"","smort_restorder":"","shipmondo_restorder":"","_kad_blocks_custom_css":"","_kad_blocks_head_custom_js":"","_kad_blocks_body_custom_js":"","_kad_blocks_footer_custom_js":"","smort_custom_pricelist_1":null,"smort_custom_pricelist_2":null,"smort_custom_pricelist_3":null,"smort_custom_pricelist_4":null,"smort_custom_pricelist_5":null},"anvandningsomrade":[],"bilmarken":[],"product_brand":[2893],"product_cat":[2988,378],"product_tag":[],"class_list":{"0":"post-27727","1":"product","2":"type-product","3":"status-publish","4":"has-post-thumbnail","6":"product_brand-tershine","7":"product_cat-biltvatt","8":"product_cat-bilvard","10":"first","11":"instock","12":"taxable","13":"shipping-taxable","14":"purchasable","15":"product-type-variable"},"bundled_by":[],"bundle_stock_status":"instock","bundle_stock_quantity":1,"bundle_virtual":false,"bundle_layout":"","bundle_add_to_cart_form_location":"","bundle_editable_in_cart":false,"bundle_sold_individually_context":"","bundle_item_grouping":"","bundle_min_size":"","bundle_max_size":"","bundle_price":[],"bundled_items":[],"bundle_sell_ids":[],"acf":[],"yoast_head":"<!-- This site is optimized with the Yoast SEO plugin v27.0 - https:\/\/yoast.com\/product\/yoast-seo-wordpress\/ -->\n<title>Tershine APC - Allreng\u00f6ring 5 L - Xenonkungen<\/title>\n<meta name=\"robots\" content=\"index, follow, max-snippet:-1, max-image-preview:large, max-video-preview:-1\" \/>\n<link rel=\"canonical\" href=\"https:\/\/xenonkungen.com\/no\/produkt\/tershine-apc-allrengoring-5-l\/\" \/>\n<meta property=\"og:locale\" content=\"nb_NO\" \/>\n<meta property=\"og:type\" content=\"article\" \/>\n<meta property=\"og:title\" content=\"Tershine APC - Allreng\u00f6ring 5 L - Xenonkungen\" \/>\n<meta property=\"og:description\" content=\"APC allreng\u00f6ringsmedel f\u00f6r insidan av fordonet, i hemmet och ja, i stort sett \u00f6verallt!\" \/>\n<meta property=\"og:url\" content=\"https:\/\/xenonkungen.com\/no\/produkt\/tershine-apc-allrengoring-5-l\/\" \/>\n<meta property=\"og:site_name\" content=\"Xenonkungen\" \/>\n<meta property=\"article:modified_time\" content=\"2026-04-24T16:47:04+00:00\" \/>\n<meta property=\"og:image\" content=\"https:\/\/xenonkungen.com\/wp-content\/uploads\/2026\/03\/bR0AfsZnqDaTL1UXku5fEvuPWvI92XyEGY1LPuxz.webp\" \/>\n\t<meta property=\"og:image:width\" content=\"1024\" \/>\n\t<meta property=\"og:image:height\" content=\"1024\" \/>\n\t<meta property=\"og:image:type\" content=\"image\/webp\" \/>\n<meta name=\"twitter:card\" content=\"summary_large_image\" \/>\n<meta name=\"twitter:label1\" content=\"Ansl. lesetid\" \/>\n\t<meta name=\"twitter:data1\" content=\"2 minutter\" \/>\n<script type=\"application\/ld+json\" class=\"yoast-schema-graph\">{\"@context\":\"https:\/\/schema.org\",\"@graph\":[{\"@type\":\"WebPage\",\"@id\":\"https:\/\/xenonkungen.com\/produkt\/tershine-apc-allrengoring-5-l\/\",\"url\":\"https:\/\/xenonkungen.com\/produkt\/tershine-apc-allrengoring-5-l\/\",\"name\":\"Tershine APC - Allreng\u00f6ring 5 L - Xenonkungen\",\"isPartOf\":{\"@id\":\"https:\/\/xenonkungen.com\/#website\"},\"primaryImageOfPage\":{\"@id\":\"https:\/\/xenonkungen.com\/produkt\/tershine-apc-allrengoring-5-l\/#primaryimage\"},\"image\":{\"@id\":\"https:\/\/xenonkungen.com\/produkt\/tershine-apc-allrengoring-5-l\/#primaryimage\"},\"thumbnailUrl\":\"https:\/\/xenonkungen.com\/wp-content\/uploads\/2026\/03\/bR0AfsZnqDaTL1UXku5fEvuPWvI92XyEGY1LPuxz.webp\",\"datePublished\":\"2026-03-13T14:43:24+00:00\",\"dateModified\":\"2026-04-24T16:47:04+00:00\",\"breadcrumb\":{\"@id\":\"https:\/\/xenonkungen.com\/produkt\/tershine-apc-allrengoring-5-l\/#breadcrumb\"},\"inLanguage\":\"nb-NO\",\"potentialAction\":[{\"@type\":\"ReadAction\",\"target\":[\"https:\/\/xenonkungen.com\/produkt\/tershine-apc-allrengoring-5-l\/\"]}]},{\"@type\":\"ImageObject\",\"inLanguage\":\"nb-NO\",\"@id\":\"https:\/\/xenonkungen.com\/produkt\/tershine-apc-allrengoring-5-l\/#primaryimage\",\"url\":\"https:\/\/xenonkungen.com\/wp-content\/uploads\/2026\/03\/bR0AfsZnqDaTL1UXku5fEvuPWvI92XyEGY1LPuxz.webp\",\"contentUrl\":\"https:\/\/xenonkungen.com\/wp-content\/uploads\/2026\/03\/bR0AfsZnqDaTL1UXku5fEvuPWvI92XyEGY1LPuxz.webp\",\"width\":1024,\"height\":1024},{\"@type\":\"BreadcrumbList\",\"@id\":\"https:\/\/xenonkungen.com\/produkt\/tershine-apc-allrengoring-5-l\/#breadcrumb\",\"itemListElement\":[{\"@type\":\"ListItem\",\"position\":1,\"name\":\"Hem\",\"item\":\"https:\/\/xenonkungen.com\/\"},{\"@type\":\"ListItem\",\"position\":2,\"name\":\"Shop\",\"item\":\"https:\/\/xenonkungen.com\/shop\/\"},{\"@type\":\"ListItem\",\"position\":3,\"name\":\"Tershine APC &#8211; Allreng\u00f6ring 5 L\"}]},{\"@type\":\"WebSite\",\"@id\":\"https:\/\/xenonkungen.com\/#website\",\"url\":\"https:\/\/xenonkungen.com\/\",\"name\":\"Xenonkungen\",\"description\":\"\",\"potentialAction\":[{\"@type\":\"SearchAction\",\"target\":{\"@type\":\"EntryPoint\",\"urlTemplate\":\"https:\/\/xenonkungen.com\/?s={search_term_string}\"},\"query-input\":{\"@type\":\"PropertyValueSpecification\",\"valueRequired\":true,\"valueName\":\"search_term_string\"}}],\"inLanguage\":\"nb-NO\"}]}<\/script>\n<!-- \/ Yoast SEO plugin. -->","yoast_head_json":{"title":"Tershine APC - Allreng\u00f6ring 5 L - Xenonkungen","robots":{"index":"index","follow":"follow","max-snippet":"max-snippet:-1","max-image-preview":"max-image-preview:large","max-video-preview":"max-video-preview:-1"},"canonical":"https:\/\/xenonkungen.com\/no\/produkt\/tershine-apc-allrengoring-5-l\/","og_locale":"nb_NO","og_type":"article","og_title":"Tershine APC - Allreng\u00f6ring 5 L - Xenonkungen","og_description":"APC allreng\u00f6ringsmedel f\u00f6r insidan av fordonet, i hemmet och ja, i stort sett \u00f6verallt!","og_url":"https:\/\/xenonkungen.com\/no\/produkt\/tershine-apc-allrengoring-5-l\/","og_site_name":"Xenonkungen","article_modified_time":"2026-04-24T16:47:04+00:00","og_image":[{"width":1024,"height":1024,"url":"https:\/\/xenonkungen.com\/wp-content\/uploads\/2026\/03\/bR0AfsZnqDaTL1UXku5fEvuPWvI92XyEGY1LPuxz.webp","type":"image\/webp"}],"twitter_card":"summary_large_image","twitter_misc":{"Ansl. lesetid":"2 minutter"},"schema":{"@context":"https:\/\/schema.org","@graph":[{"@type":"WebPage","@id":"https:\/\/xenonkungen.com\/produkt\/tershine-apc-allrengoring-5-l\/","url":"https:\/\/xenonkungen.com\/produkt\/tershine-apc-allrengoring-5-l\/","name":"Tershine APC - Allreng\u00f6ring 5 L - Xenonkungen","isPartOf":{"@id":"https:\/\/xenonkungen.com\/#website"},"primaryImageOfPage":{"@id":"https:\/\/xenonkungen.com\/produkt\/tershine-apc-allrengoring-5-l\/#primaryimage"},"image":{"@id":"https:\/\/xenonkungen.com\/produkt\/tershine-apc-allrengoring-5-l\/#primaryimage"},"thumbnailUrl":"https:\/\/xenonkungen.com\/wp-content\/uploads\/2026\/03\/bR0AfsZnqDaTL1UXku5fEvuPWvI92XyEGY1LPuxz.webp","datePublished":"2026-03-13T14:43:24+00:00","dateModified":"2026-04-24T16:47:04+00:00","breadcrumb":{"@id":"https:\/\/xenonkungen.com\/produkt\/tershine-apc-allrengoring-5-l\/#breadcrumb"},"inLanguage":"nb-NO","potentialAction":[{"@type":"ReadAction","target":["https:\/\/xenonkungen.com\/produkt\/tershine-apc-allrengoring-5-l\/"]}]},{"@type":"ImageObject","inLanguage":"nb-NO","@id":"https:\/\/xenonkungen.com\/produkt\/tershine-apc-allrengoring-5-l\/#primaryimage","url":"https:\/\/xenonkungen.com\/wp-content\/uploads\/2026\/03\/bR0AfsZnqDaTL1UXku5fEvuPWvI92XyEGY1LPuxz.webp","contentUrl":"https:\/\/xenonkungen.com\/wp-content\/uploads\/2026\/03\/bR0AfsZnqDaTL1UXku5fEvuPWvI92XyEGY1LPuxz.webp","width":1024,"height":1024},{"@type":"BreadcrumbList","@id":"https:\/\/xenonkungen.com\/produkt\/tershine-apc-allrengoring-5-l\/#breadcrumb","itemListElement":[{"@type":"ListItem","position":1,"name":"Hem","item":"https:\/\/xenonkungen.com\/"},{"@type":"ListItem","position":2,"name":"Shop","item":"https:\/\/xenonkungen.com\/shop\/"},{"@type":"ListItem","position":3,"name":"Tershine APC &#8211; Allreng\u00f6ring 5 L"}]},{"@type":"WebSite","@id":"https:\/\/xenonkungen.com\/#website","url":"https:\/\/xenonkungen.com\/","name":"Xenonkungen","description":"","potentialAction":[{"@type":"SearchAction","target":{"@type":"EntryPoint","urlTemplate":"https:\/\/xenonkungen.com\/?s={search_term_string}"},"query-input":{"@type":"PropertyValueSpecification","valueRequired":true,"valueName":"search_term_string"}}],"inLanguage":"nb-NO"}]}},"taxonomy_info":{"product_brand":[{"value":2893,"label":"Tershine"}],"product_cat":[{"value":2988,"label":"1 | Biltv\u00e4tt"},{"value":378,"label":"Bilv\u00e5rd"}]},"featured_image_src_large":["https:\/\/xenonkungen.com\/wp-content\/uploads\/2026\/03\/bR0AfsZnqDaTL1UXku5fEvuPWvI92XyEGY1LPuxz.webp",1024,1024,false],"author_info":[],"comment_info":0,"_links":{"self":[{"href":"https:\/\/xenonkungen.com\/no\/wp-json\/wp\/v2\/product\/27727","targetHints":{"allow":["GET"]}}],"collection":[{"href":"https:\/\/xenonkungen.com\/no\/wp-json\/wp\/v2\/product"}],"about":[{"href":"https:\/\/xenonkungen.com\/no\/wp-json\/wp\/v2\/types\/product"}],"replies":[{"embeddable":true,"href":"https:\/\/xenonkungen.com\/no\/wp-json\/wp\/v2\/comments?post=27727"}],"wp:featuredmedia":[{"embeddable":true,"href":"https:\/\/xenonkungen.com\/no\/wp-json\/wp\/v2\/media\/27730"}],"wp:attachment":[{"href":"https:\/\/xenonkungen.com\/no\/wp-json\/wp\/v2\/media?parent=27727"}],"wp:term":[{"taxonomy":"anvandningsomrade","embeddable":true,"href":"https:\/\/xenonkungen.com\/no\/wp-json\/wp\/v2\/anvandningsomrade?post=27727"},{"taxonomy":"bilmarken","embeddable":true,"href":"https:\/\/xenonkungen.com\/no\/wp-json\/wp\/v2\/bilmarken?post=27727"},{"taxonomy":"product_brand","embeddable":true,"href":"https:\/\/xenonkungen.com\/no\/wp-json\/wp\/v2\/product_brand?post=27727"},{"taxonomy":"product_cat","embeddable":true,"href":"https:\/\/xenonkungen.com\/no\/wp-json\/wp\/v2\/product_cat?post=27727"},{"taxonomy":"product_tag","embeddable":true,"href":"https:\/\/xenonkungen.com\/no\/wp-json\/wp\/v2\/product_tag?post=27727"}],"curies":[{"name":"wp","href":"https:\/\/api.w.org\/{rel}","templated":true}]}}