{"id":27741,"date":"2026-03-13T15:56:04","date_gmt":"2026-03-13T14:56:04","guid":{"rendered":"https:\/\/xenonkungen.com\/?post_type=product&#038;p=27741"},"modified":"2026-05-12T14:57:37","modified_gmt":"2026-05-12T13:57:37","slug":"tershine-apex-glansbooster-500-ml","status":"publish","type":"product","link":"https:\/\/xenonkungen.com\/no\/produkt\/tershine-apex-glansbooster-500-ml\/","title":{"rendered":"Tershine Apex+ \u2013 Glansbooster 500 ml"},"content":{"rendered":"<p>Quick Detailer som gir en fantastisk glans til lakken og vedlikeholder overflaten, perfekt som t\u00f8rkemiddel ved hver vask! Rengj\u00f8r overflaten samtidig som den gir en helt utrolig god glans! Inneholder eddiksyre som hjelper med \u00e5 l\u00f8se opp kalde flekker og andre urenheter som kan etse seg inn i lakken.<\/p>\n<p><strong>Grusom som et t\u00f8rkestativ<br \/>\nGir enorm glans<br \/>\nKan fortynnes etter behov<br \/>\nRengj\u00f8r lakken<br \/>\nKraftig mot kalkflekker<br \/>\nEkstremt r\u00f8ff<br \/>\nFungerer like bra p\u00e5 t\u00f8rr eller v\u00e5t maling<br \/>\nPasser for de fleste materialer, som maling, plast og glass<br \/>\nKan brukes p\u00e5 alle typer lakkbeskyttelse<br \/>\nAntistatisk<br \/>\nProduktet er ikke klassifisert som merkepliktig i henhold til CLP-forordning (EF) 1272\/2008.<\/strong><\/p>\n<p>&nbsp;<\/p>\n<p class=\"p1\"><b>Bruksanvisning:<\/b><\/p>\n<div data-pm-slice=\"2 2 []\">\n<p><strong>1.<\/strong><span class=\"Apple-converted-space\">\u00a0<\/span>Vask bilen din med Purify\/S \u2013 Bilsjampo<span class=\"Apple-converted-space\"><br \/>\n<\/span><strong>2.<\/strong><span class=\"Apple-converted-space\">\u00a0<\/span>P\u00e5f\u00f8r p\u00e5 t\u00f8rr eller v\u00e5t overflate, enten direkte p\u00e5 malingen eller med en mikrofiberklut.<br \/>\n<strong>3.<\/strong><span class=\"Apple-converted-space\">\u00a0<\/span>Poler av med en t\u00f8rr, ren klut.<span class=\"Apple-converted-space\"><br \/>\n<\/span><strong>4.<\/strong><span class=\"Apple-converted-space\">\u00a0<\/span>Ta et skritt tilbake og opplev den utrolige varmen og \u00ab3D-f\u00f8lelsen\u00bb som Apex+ produserer!<span class=\"Apple-converted-space\"><br \/>\n<\/span><strong>5.<\/strong><span class=\"Apple-converted-space\">\u00a0<\/span>M\u00e5tte glansen v\u00e6re med deg!<\/p>\n<p><strong>Hvis du bruker den p\u00e5 t\u00f8rr polish, kan du gjerne fortynne den med vann eller bruke den direkte p\u00e5 kluten. Den er veldig tykk, og mindre er mer! S\u00e5 spray \u00e9n eller to ganger p\u00e5 kluten, p\u00e5f\u00f8r og poler av.<\/strong><\/p>\n<p><strong>Apex+ er en hurtigdetaljeringsmaskin<\/strong><span style=\"color: #000000;\">\u00a0som gir en virkelig god glans! Utviklet som et t\u00f8rkemiddel, spray p\u00e5 v\u00e5t maling og t\u00f8rk lett av. Den skaper en utrolig varme og dybde til alle typer maling, men det er spesielt n\u00e5r den p\u00e5f\u00f8res opp\u00e5 Refract \u2013 Ceramic Spray Paint Protection eller Magnify \u2013 Coating at den v\u00e5kner til live! Fungerer p\u00e5 alle typer eksisterende beskyttelse og selvf\u00f8lgelig ogs\u00e5 som et frittst\u00e5ende produkt. Men kombiner gjerne dette med hvilket som helst av produktene ovenfor, og din blanke glans vil bli l\u00f8ftet til nye niv\u00e5er.<\/span><\/p>\n<p><strong>Du m\u00e5 pr\u00f8ve det som et t\u00f8rkemiddel!<\/strong><\/p>\n<p><strong>Hva er t\u00f8rkest\u00f8tte?<\/strong><\/p>\n<p><span style=\"color: #000000; font-family: BlinkMacSystemFont, -apple-system, Segoe UI, Roboto, Oxygen, Ubuntu, Cantarell, Fira Sans, Droid Sans, Helvetica Neue, Helvetica, Arial, sans-serif;\">T\u00f8rkest\u00f8tte betyr at n\u00e5r du har sjamponert bilen og den akkurat har begynt \u00e5 t\u00f8rke, p\u00e5f\u00f8rer du Apex+ \u2013 Gloss Booster enten direkte p\u00e5 lakken eller i t\u00f8rkekluten din og fordeler den p\u00e5 overflaten. Bidrar til \u00e5 booste lakken, sm\u00f8rer overflaten for \u00e5 minimere risikoen for riper og skaper en utrolig vakker glans.<\/span><\/p>\n<p><strong>Profftips:<\/strong>\u00a0Hell en skvett i b\u00f8tta med bilsjampo for litt ekstra rengj\u00f8ring og glans!<\/p>\n<p>Ekstremt allsidig og kan brukes p\u00e5 de fleste typer materialer.<\/p>\n<p><span style=\"color: #363636;\"><b>Duft: Mango\/Sitron<\/b><\/span><\/p>\n<\/div>","protected":false},"excerpt":{"rendered":"<p>Apex+ \u2013 Gloss Booster er en hurtigdetaljeringsmiddel, utviklet for \u00e5 maksimere glansen p\u00e5 bilens lakk. Den gir utrolig dybde og varme til alle typer lakk og fungerer utmerket som et t\u00f8rkemiddel etter hver vask.<\/p>","protected":false},"featured_media":27742,"comment_status":"open","ping_status":"closed","template":"","meta":{"_acf_changed":false,"_smort_price_nok":"","_smort_price_dkk":"","_smort_price_eur":"","_smort_sale_price_nok":"","_smort_sale_price_dkk":"","_smort_sale_price_eur":"","smort_restorder":"","shipmondo_restorder":"","_kad_blocks_custom_css":"","_kad_blocks_head_custom_js":"","_kad_blocks_body_custom_js":"","_kad_blocks_footer_custom_js":"","smort_custom_pricelist_1":"159.36","smort_custom_pricelist_2":"159.36","smort_custom_pricelist_3":"159.36","smort_custom_pricelist_4":"199.2","smort_custom_pricelist_5":"159.36"},"anvandningsomrade":[],"bilmarken":[],"product_brand":[2893],"product_cat":[2988,378],"product_tag":[],"class_list":{"0":"post-27741","1":"product","2":"type-product","3":"status-publish","4":"has-post-thumbnail","6":"product_brand-tershine","7":"product_cat-biltvatt","8":"product_cat-bilvard","10":"first","11":"onbackorder","12":"taxable","13":"shipping-taxable","14":"purchasable","15":"product-type-simple"},"bundled_by":[],"bundle_stock_status":"onbackorder","bundle_stock_quantity":0,"bundle_virtual":false,"bundle_layout":"","bundle_add_to_cart_form_location":"","bundle_editable_in_cart":false,"bundle_sold_individually_context":"","bundle_item_grouping":"","bundle_min_size":"","bundle_max_size":"","bundle_price":[],"bundled_items":[],"bundle_sell_ids":[],"acf":[],"yoast_head":"<!-- This site is optimized with the Yoast SEO plugin v27.0 - https:\/\/yoast.com\/product\/yoast-seo-wordpress\/ -->\n<title>Tershine Apex+ - Gloss Booster 500 ml - Xenonkungen<\/title>\n<meta name=\"robots\" content=\"index, follow, max-snippet:-1, max-image-preview:large, max-video-preview:-1\" \/>\n<link rel=\"canonical\" href=\"https:\/\/xenonkungen.com\/no\/produkt\/tershine-apex-glansbooster-500-ml\/\" \/>\n<meta property=\"og:locale\" content=\"nb_NO\" \/>\n<meta property=\"og:type\" content=\"article\" \/>\n<meta property=\"og:title\" content=\"Tershine Apex+ - Gloss Booster 500 ml - Xenonkungen\" \/>\n<meta property=\"og:description\" content=\"Apex+ - Gloss Booster \u00e4r en Quick Detailer, utformad f\u00f6r att maximera glansen p\u00e5 ditt fordons lack. Den ger ett otroligt djup och v\u00e4rme till alla typer av lacker och fungerar utm\u00e4rkt som torkst\u00f6d efter varje tv\u00e4tt.\" \/>\n<meta property=\"og:url\" content=\"https:\/\/xenonkungen.com\/no\/produkt\/tershine-apex-glansbooster-500-ml\/\" \/>\n<meta property=\"og:site_name\" content=\"Xenonkungen\" \/>\n<meta property=\"article:modified_time\" content=\"2026-05-12T13:57:37+00:00\" \/>\n<meta property=\"og:image\" content=\"https:\/\/xenonkungen.com\/wp-content\/uploads\/2026\/03\/vPjhgWqVMxEyl2TfhBkfQuNRVQZCkloNYCaesW6a.webp\" \/>\n\t<meta property=\"og:image:width\" content=\"1024\" \/>\n\t<meta property=\"og:image:height\" content=\"1024\" \/>\n\t<meta property=\"og:image:type\" content=\"image\/webp\" \/>\n<meta name=\"twitter:card\" content=\"summary_large_image\" \/>\n<meta name=\"twitter:label1\" content=\"Ansl. lesetid\" \/>\n\t<meta name=\"twitter:data1\" content=\"3 minutter\" \/>\n<script type=\"application\/ld+json\" class=\"yoast-schema-graph\">{\"@context\":\"https:\/\/schema.org\",\"@graph\":[{\"@type\":\"WebPage\",\"@id\":\"https:\/\/xenonkungen.com\/produkt\/tershine-apex-gloss-booster-500-ml\/\",\"url\":\"https:\/\/xenonkungen.com\/produkt\/tershine-apex-gloss-booster-500-ml\/\",\"name\":\"Tershine Apex+ - Gloss Booster 500 ml - Xenonkungen\",\"isPartOf\":{\"@id\":\"https:\/\/xenonkungen.com\/#website\"},\"primaryImageOfPage\":{\"@id\":\"https:\/\/xenonkungen.com\/produkt\/tershine-apex-gloss-booster-500-ml\/#primaryimage\"},\"image\":{\"@id\":\"https:\/\/xenonkungen.com\/produkt\/tershine-apex-gloss-booster-500-ml\/#primaryimage\"},\"thumbnailUrl\":\"https:\/\/xenonkungen.com\/wp-content\/uploads\/2026\/03\/vPjhgWqVMxEyl2TfhBkfQuNRVQZCkloNYCaesW6a.webp\",\"datePublished\":\"2026-03-13T14:56:04+00:00\",\"dateModified\":\"2026-05-12T13:57:37+00:00\",\"breadcrumb\":{\"@id\":\"https:\/\/xenonkungen.com\/produkt\/tershine-apex-gloss-booster-500-ml\/#breadcrumb\"},\"inLanguage\":\"nb-NO\",\"potentialAction\":[{\"@type\":\"ReadAction\",\"target\":[\"https:\/\/xenonkungen.com\/produkt\/tershine-apex-gloss-booster-500-ml\/\"]}]},{\"@type\":\"ImageObject\",\"inLanguage\":\"nb-NO\",\"@id\":\"https:\/\/xenonkungen.com\/produkt\/tershine-apex-gloss-booster-500-ml\/#primaryimage\",\"url\":\"https:\/\/xenonkungen.com\/wp-content\/uploads\/2026\/03\/vPjhgWqVMxEyl2TfhBkfQuNRVQZCkloNYCaesW6a.webp\",\"contentUrl\":\"https:\/\/xenonkungen.com\/wp-content\/uploads\/2026\/03\/vPjhgWqVMxEyl2TfhBkfQuNRVQZCkloNYCaesW6a.webp\",\"width\":1024,\"height\":1024},{\"@type\":\"BreadcrumbList\",\"@id\":\"https:\/\/xenonkungen.com\/produkt\/tershine-apex-gloss-booster-500-ml\/#breadcrumb\",\"itemListElement\":[{\"@type\":\"ListItem\",\"position\":1,\"name\":\"Hem\",\"item\":\"https:\/\/xenonkungen.com\/\"},{\"@type\":\"ListItem\",\"position\":2,\"name\":\"Shop\",\"item\":\"https:\/\/xenonkungen.com\/shop\/\"},{\"@type\":\"ListItem\",\"position\":3,\"name\":\"Tershine Apex+ &#8211; Gloss Booster 500 ml\"}]},{\"@type\":\"WebSite\",\"@id\":\"https:\/\/xenonkungen.com\/#website\",\"url\":\"https:\/\/xenonkungen.com\/\",\"name\":\"Xenonkungen\",\"description\":\"\",\"potentialAction\":[{\"@type\":\"SearchAction\",\"target\":{\"@type\":\"EntryPoint\",\"urlTemplate\":\"https:\/\/xenonkungen.com\/?s={search_term_string}\"},\"query-input\":{\"@type\":\"PropertyValueSpecification\",\"valueRequired\":true,\"valueName\":\"search_term_string\"}}],\"inLanguage\":\"nb-NO\"}]}<\/script>\n<!-- \/ Yoast SEO plugin. -->","yoast_head_json":{"title":"Tershine Apex+ - Glansbooster 500 ml - Xenonkongen","robots":{"index":"index","follow":"follow","max-snippet":"max-snippet:-1","max-image-preview":"max-image-preview:large","max-video-preview":"max-video-preview:-1"},"canonical":"https:\/\/xenonkungen.com\/no\/produkt\/tershine-apex-glansbooster-500-ml\/","og_locale":"nb_NO","og_type":"article","og_title":"Tershine Apex+ - Gloss Booster 500 ml - Xenonkungen","og_description":"Apex+ - Gloss Booster \u00e4r en Quick Detailer, utformad f\u00f6r att maximera glansen p\u00e5 ditt fordons lack. Den ger ett otroligt djup och v\u00e4rme till alla typer av lacker och fungerar utm\u00e4rkt som torkst\u00f6d efter varje tv\u00e4tt.","og_url":"https:\/\/xenonkungen.com\/no\/produkt\/tershine-apex-glansbooster-500-ml\/","og_site_name":"Xenonkungen","article_modified_time":"2026-05-12T13:57:37+00:00","og_image":[{"width":1024,"height":1024,"url":"https:\/\/xenonkungen.com\/wp-content\/uploads\/2026\/03\/vPjhgWqVMxEyl2TfhBkfQuNRVQZCkloNYCaesW6a.webp","type":"image\/webp"}],"twitter_card":"summary_large_image","twitter_misc":{"Ansl. lesetid":"3 minutter"},"schema":{"@context":"https:\/\/schema.org","@graph":[{"@type":"WebPage","@id":"https:\/\/xenonkungen.com\/produkt\/tershine-apex-gloss-booster-500-ml\/","url":"https:\/\/xenonkungen.com\/produkt\/tershine-apex-gloss-booster-500-ml\/","name":"Tershine Apex+ - Glansbooster 500 ml - Xenonkongen","isPartOf":{"@id":"https:\/\/xenonkungen.com\/#website"},"primaryImageOfPage":{"@id":"https:\/\/xenonkungen.com\/produkt\/tershine-apex-gloss-booster-500-ml\/#primaryimage"},"image":{"@id":"https:\/\/xenonkungen.com\/produkt\/tershine-apex-gloss-booster-500-ml\/#primaryimage"},"thumbnailUrl":"https:\/\/xenonkungen.com\/wp-content\/uploads\/2026\/03\/vPjhgWqVMxEyl2TfhBkfQuNRVQZCkloNYCaesW6a.webp","datePublished":"2026-03-13T14:56:04+00:00","dateModified":"2026-05-12T13:57:37+00:00","breadcrumb":{"@id":"https:\/\/xenonkungen.com\/produkt\/tershine-apex-gloss-booster-500-ml\/#breadcrumb"},"inLanguage":"nb-NO","potentialAction":[{"@type":"ReadAction","target":["https:\/\/xenonkungen.com\/produkt\/tershine-apex-gloss-booster-500-ml\/"]}]},{"@type":"ImageObject","inLanguage":"nb-NO","@id":"https:\/\/xenonkungen.com\/produkt\/tershine-apex-gloss-booster-500-ml\/#primaryimage","url":"https:\/\/xenonkungen.com\/wp-content\/uploads\/2026\/03\/vPjhgWqVMxEyl2TfhBkfQuNRVQZCkloNYCaesW6a.webp","contentUrl":"https:\/\/xenonkungen.com\/wp-content\/uploads\/2026\/03\/vPjhgWqVMxEyl2TfhBkfQuNRVQZCkloNYCaesW6a.webp","width":1024,"height":1024},{"@type":"BreadcrumbList","@id":"https:\/\/xenonkungen.com\/produkt\/tershine-apex-gloss-booster-500-ml\/#breadcrumb","itemListElement":[{"@type":"ListItem","position":1,"name":"Hem","item":"https:\/\/xenonkungen.com\/"},{"@type":"ListItem","position":2,"name":"Shop","item":"https:\/\/xenonkungen.com\/shop\/"},{"@type":"ListItem","position":3,"name":"Tershine Apex+ &#8211; Gloss Booster 500 ml"}]},{"@type":"WebSite","@id":"https:\/\/xenonkungen.com\/#website","url":"https:\/\/xenonkungen.com\/","name":"Xenonkungen","description":"","potentialAction":[{"@type":"SearchAction","target":{"@type":"EntryPoint","urlTemplate":"https:\/\/xenonkungen.com\/?s={search_term_string}"},"query-input":{"@type":"PropertyValueSpecification","valueRequired":true,"valueName":"search_term_string"}}],"inLanguage":"nb-NO"}]}},"taxonomy_info":{"product_brand":[{"value":2893,"label":"Tershine"}],"product_cat":[{"value":2988,"label":"1 | Biltv\u00e4tt"},{"value":378,"label":"Bilv\u00e5rd"}]},"featured_image_src_large":["https:\/\/xenonkungen.com\/wp-content\/uploads\/2026\/03\/vPjhgWqVMxEyl2TfhBkfQuNRVQZCkloNYCaesW6a.webp",1024,1024,false],"author_info":[],"comment_info":0,"_links":{"self":[{"href":"https:\/\/xenonkungen.com\/no\/wp-json\/wp\/v2\/product\/27741","targetHints":{"allow":["GET"]}}],"collection":[{"href":"https:\/\/xenonkungen.com\/no\/wp-json\/wp\/v2\/product"}],"about":[{"href":"https:\/\/xenonkungen.com\/no\/wp-json\/wp\/v2\/types\/product"}],"replies":[{"embeddable":true,"href":"https:\/\/xenonkungen.com\/no\/wp-json\/wp\/v2\/comments?post=27741"}],"wp:featuredmedia":[{"embeddable":true,"href":"https:\/\/xenonkungen.com\/no\/wp-json\/wp\/v2\/media\/27742"}],"wp:attachment":[{"href":"https:\/\/xenonkungen.com\/no\/wp-json\/wp\/v2\/media?parent=27741"}],"wp:term":[{"taxonomy":"anvandningsomrade","embeddable":true,"href":"https:\/\/xenonkungen.com\/no\/wp-json\/wp\/v2\/anvandningsomrade?post=27741"},{"taxonomy":"bilmarken","embeddable":true,"href":"https:\/\/xenonkungen.com\/no\/wp-json\/wp\/v2\/bilmarken?post=27741"},{"taxonomy":"product_brand","embeddable":true,"href":"https:\/\/xenonkungen.com\/no\/wp-json\/wp\/v2\/product_brand?post=27741"},{"taxonomy":"product_cat","embeddable":true,"href":"https:\/\/xenonkungen.com\/no\/wp-json\/wp\/v2\/product_cat?post=27741"},{"taxonomy":"product_tag","embeddable":true,"href":"https:\/\/xenonkungen.com\/no\/wp-json\/wp\/v2\/product_tag?post=27741"}],"curies":[{"name":"wp","href":"https:\/\/api.w.org\/{rel}","templated":true}]}}