{"id":27743,"date":"2026-03-13T16:00:07","date_gmt":"2026-03-13T15:00:07","guid":{"rendered":"https:\/\/xenonkungen.com\/?post_type=product&#038;p=27743"},"modified":"2026-05-12T14:57:17","modified_gmt":"2026-05-12T13:57:17","slug":"tershine-apex-quick-wash-500-ml","status":"publish","type":"product","link":"https:\/\/xenonkungen.com\/no\/produkt\/tershine-apex-quick-wash-500-ml\/","title":{"rendered":"Tershine Apex \u2013 Hurtigvask 500 ml"},"content":{"rendered":"<p><span style=\"color: #000000; font-family: BlinkMacSystemFont, -apple-system, Segoe UI, Roboto, Oxygen, Ubuntu, Cantarell, Fira Sans, Droid Sans, Helvetica Neue, Helvetica, Arial, sans-serif;\">Apex \u2013 Quick Wash er en rengj\u00f8rende Quick Detailer, utviklet for \u00e5 gi rask og effektiv rengj\u00f8ring n\u00e5r tilgangen til vann er begrenset. Etterlater en h\u00f8yglansende og beskyttende voksfilm. Den er ideell for situasjoner som bilutstillinger, rallyer, banekj\u00f8ring eller n\u00e5r du er p\u00e5 steder uten enkel tilgang til vann.<\/span><\/p>\n<p class=\"p2\"><strong>Rengj\u00f8r og beskytter i \u00e9n omgang<br \/>\nFortynnbar<br \/>\nGir flott glans<br \/>\nSv\u00e6rt allsidig med mange bruksomr\u00e5der<br \/>\nPerfekt for b\u00e5ten, sykkelen, rallybilen, gravemaskinen, robotgressklipperen osv.<br \/>\nFlott for utstillinger<br \/>\nEffektiv mot fugleskitt<br \/>\nKan brukes som t\u00f8rkestativ<br \/>\nProduktet er ikke klassifisert som merkepliktig i henhold til CLP-forordning (EF) 1272\/2008.<\/strong><\/p>\n<p class=\"p3\"><b>Bruksanvisning for Apex-Quick Wash:<\/b><b><\/b><\/p>\n<p class=\"p5\"><strong>1<\/strong>.<span class=\"Apple-tab-span\"><span class=\"Apple-converted-space\">\u00a0<\/span><\/span>Spray Apex \u2013 Quick Wash direkte p\u00e5 den skitne overflaten.<span class=\"Apple-converted-space\">\u00a0<\/span><\/p>\n<p class=\"p5\"><strong>2.<\/strong><span class=\"Apple-tab-span\"><span class=\"Apple-converted-space\">\u00a0<\/span><\/span>T\u00f8rk av med en ren mikrofiberklut for \u00e5 fjerne smuss.<span class=\"Apple-converted-space\">\u00a0<\/span><\/p>\n<p class=\"p5\"><strong>3.<\/strong><span class=\"Apple-tab-span\"><span class=\"Apple-converted-space\">\u00a0<\/span><\/span>Bruk en separat, t\u00f8rr mikrofiberklut til \u00e5 polere overflaten til en h\u00f8yglans.<span class=\"Apple-converted-space\">\u00a0<\/span><\/p>\n<p class=\"p1\"><span style=\"color: #000000;\">V\u00e6r oppmerksom p\u00e5 at p\u00e5 sv\u00e6rt skitne overflater b\u00f8r du bruke rikelig med produkt for \u00e5 l\u00f8se opp smusset og lage en beskyttende hinne mellom mikrofiberkluten og overflaten som skal rengj\u00f8res. Til slutt polerer du overflaten med en ren side, eller helst med en separat klut.<\/span><\/p>\n<p>Den leveres klar til bruk, men har en h\u00f8y konsentrasjon, slik at du kan fortynne den etter behov. Eksperimenter gjerne for \u00e5 finne ut hva du liker.<\/p>\n<p><span style=\"color: #000000;\">Den har et enormt antall bruksomr\u00e5der, og bare fantasien setter grenser. Perfekt n\u00e5r du ikke har tilgang til vann eller bare vil rengj\u00f8re noe raskt. Perfekt for robotklipperen, b\u00e5ten, sykkelen, gravemaskinen, lastebilen og ja, tusen andre steder ogs\u00e5. Pr\u00f8v den gjerne ut for \u00e5 se hvor du liker den best, vi bruker den selv som et skikkelig allroundprodukt som redder det meste.<\/span><\/p>","protected":false},"excerpt":{"rendered":"<p>Quick detailer er perfekt \u00e5 bruke n\u00e5r du ikke har tilgang til vann. Bare spray p\u00e5 \u2013 og t\u00f8rk av! Rengj\u00f8ring og lakkbeskyttelse i \u00e9n omgang.<\/p>","protected":false},"featured_media":27744,"comment_status":"open","ping_status":"closed","template":"","meta":{"_acf_changed":false,"_smort_price_nok":"","_smort_price_dkk":"","_smort_price_eur":"","_smort_sale_price_nok":"","_smort_sale_price_dkk":"","_smort_sale_price_eur":"","smort_restorder":"","shipmondo_restorder":"","_kad_blocks_custom_css":"","_kad_blocks_head_custom_js":"","_kad_blocks_body_custom_js":"","_kad_blocks_footer_custom_js":"","smort_custom_pricelist_1":"127.36","smort_custom_pricelist_2":"127.36","smort_custom_pricelist_3":"127.36","smort_custom_pricelist_4":"159.2","smort_custom_pricelist_5":"127.36"},"anvandningsomrade":[],"bilmarken":[],"product_brand":[2893],"product_cat":[2988,2623,378],"product_tag":[],"class_list":{"0":"post-27743","1":"product","2":"type-product","3":"status-publish","4":"has-post-thumbnail","6":"product_brand-tershine","7":"product_cat-biltvatt","8":"product_cat-underhall","9":"product_cat-bilvard","11":"first","12":"onbackorder","13":"taxable","14":"shipping-taxable","15":"purchasable","16":"product-type-simple"},"bundled_by":[],"bundle_stock_status":"onbackorder","bundle_stock_quantity":0,"bundle_virtual":false,"bundle_layout":"","bundle_add_to_cart_form_location":"","bundle_editable_in_cart":false,"bundle_sold_individually_context":"","bundle_item_grouping":"","bundle_min_size":"","bundle_max_size":"","bundle_price":[],"bundled_items":[],"bundle_sell_ids":[],"acf":[],"yoast_head":"<!-- This site is optimized with the Yoast SEO plugin v27.0 - https:\/\/yoast.com\/product\/yoast-seo-wordpress\/ -->\n<title>Tershine Apex - Quick Wash 500 ml - Xenonkungen<\/title>\n<meta name=\"robots\" content=\"index, follow, max-snippet:-1, max-image-preview:large, max-video-preview:-1\" \/>\n<link rel=\"canonical\" href=\"https:\/\/xenonkungen.com\/no\/produkt\/tershine-apex-quick-wash-500-ml\/\" \/>\n<meta property=\"og:locale\" content=\"nb_NO\" \/>\n<meta property=\"og:type\" content=\"article\" \/>\n<meta property=\"og:title\" content=\"Tershine Apex - Quick Wash 500 ml - Xenonkungen\" \/>\n<meta property=\"og:description\" content=\"Quick detailer perfekt att anv\u00e4nda n\u00e4r du inte har tillg\u00e5ng till vatten. Det \u00e4r bara att spraya p\u00e5 - och torka av! Reng\u00f6ring och lackskydd i ett drag.\" \/>\n<meta property=\"og:url\" content=\"https:\/\/xenonkungen.com\/no\/produkt\/tershine-apex-quick-wash-500-ml\/\" \/>\n<meta property=\"og:site_name\" content=\"Xenonkungen\" \/>\n<meta property=\"article:modified_time\" content=\"2026-05-12T13:57:17+00:00\" \/>\n<meta property=\"og:image\" content=\"https:\/\/xenonkungen.com\/wp-content\/uploads\/2026\/03\/d1ktcbfJIq4sPE8UbBoZtn15TPbhLr7H5QiPmvou.webp\" \/>\n\t<meta property=\"og:image:width\" content=\"1024\" \/>\n\t<meta property=\"og:image:height\" content=\"1024\" \/>\n\t<meta property=\"og:image:type\" content=\"image\/webp\" \/>\n<meta name=\"twitter:card\" content=\"summary_large_image\" \/>\n<meta name=\"twitter:label1\" content=\"Ansl. lesetid\" \/>\n\t<meta name=\"twitter:data1\" content=\"2 minutter\" \/>\n<script type=\"application\/ld+json\" class=\"yoast-schema-graph\">{\"@context\":\"https:\/\/schema.org\",\"@graph\":[{\"@type\":\"WebPage\",\"@id\":\"https:\/\/xenonkungen.com\/produkt\/tershine-apex-quick-wash-500-ml\/\",\"url\":\"https:\/\/xenonkungen.com\/produkt\/tershine-apex-quick-wash-500-ml\/\",\"name\":\"Tershine Apex - Quick Wash 500 ml - Xenonkungen\",\"isPartOf\":{\"@id\":\"https:\/\/xenonkungen.com\/#website\"},\"primaryImageOfPage\":{\"@id\":\"https:\/\/xenonkungen.com\/produkt\/tershine-apex-quick-wash-500-ml\/#primaryimage\"},\"image\":{\"@id\":\"https:\/\/xenonkungen.com\/produkt\/tershine-apex-quick-wash-500-ml\/#primaryimage\"},\"thumbnailUrl\":\"https:\/\/xenonkungen.com\/wp-content\/uploads\/2026\/03\/d1ktcbfJIq4sPE8UbBoZtn15TPbhLr7H5QiPmvou.webp\",\"datePublished\":\"2026-03-13T15:00:07+00:00\",\"dateModified\":\"2026-05-12T13:57:17+00:00\",\"breadcrumb\":{\"@id\":\"https:\/\/xenonkungen.com\/produkt\/tershine-apex-quick-wash-500-ml\/#breadcrumb\"},\"inLanguage\":\"nb-NO\",\"potentialAction\":[{\"@type\":\"ReadAction\",\"target\":[\"https:\/\/xenonkungen.com\/produkt\/tershine-apex-quick-wash-500-ml\/\"]}]},{\"@type\":\"ImageObject\",\"inLanguage\":\"nb-NO\",\"@id\":\"https:\/\/xenonkungen.com\/produkt\/tershine-apex-quick-wash-500-ml\/#primaryimage\",\"url\":\"https:\/\/xenonkungen.com\/wp-content\/uploads\/2026\/03\/d1ktcbfJIq4sPE8UbBoZtn15TPbhLr7H5QiPmvou.webp\",\"contentUrl\":\"https:\/\/xenonkungen.com\/wp-content\/uploads\/2026\/03\/d1ktcbfJIq4sPE8UbBoZtn15TPbhLr7H5QiPmvou.webp\",\"width\":1024,\"height\":1024},{\"@type\":\"BreadcrumbList\",\"@id\":\"https:\/\/xenonkungen.com\/produkt\/tershine-apex-quick-wash-500-ml\/#breadcrumb\",\"itemListElement\":[{\"@type\":\"ListItem\",\"position\":1,\"name\":\"Hem\",\"item\":\"https:\/\/xenonkungen.com\/\"},{\"@type\":\"ListItem\",\"position\":2,\"name\":\"Shop\",\"item\":\"https:\/\/xenonkungen.com\/shop\/\"},{\"@type\":\"ListItem\",\"position\":3,\"name\":\"Tershine Apex &#8211; Quick Wash 500 ml\"}]},{\"@type\":\"WebSite\",\"@id\":\"https:\/\/xenonkungen.com\/#website\",\"url\":\"https:\/\/xenonkungen.com\/\",\"name\":\"Xenonkungen\",\"description\":\"\",\"potentialAction\":[{\"@type\":\"SearchAction\",\"target\":{\"@type\":\"EntryPoint\",\"urlTemplate\":\"https:\/\/xenonkungen.com\/?s={search_term_string}\"},\"query-input\":{\"@type\":\"PropertyValueSpecification\",\"valueRequired\":true,\"valueName\":\"search_term_string\"}}],\"inLanguage\":\"nb-NO\"}]}<\/script>\n<!-- \/ Yoast SEO plugin. -->","yoast_head_json":{"title":"Tershine Apex - Quick Wash 500 ml - Xenonkungen","robots":{"index":"index","follow":"follow","max-snippet":"max-snippet:-1","max-image-preview":"max-image-preview:large","max-video-preview":"max-video-preview:-1"},"canonical":"https:\/\/xenonkungen.com\/no\/produkt\/tershine-apex-quick-wash-500-ml\/","og_locale":"nb_NO","og_type":"article","og_title":"Tershine Apex - Quick Wash 500 ml - Xenonkungen","og_description":"Quick detailer perfekt att anv\u00e4nda n\u00e4r du inte har tillg\u00e5ng till vatten. Det \u00e4r bara att spraya p\u00e5 - och torka av! Reng\u00f6ring och lackskydd i ett drag.","og_url":"https:\/\/xenonkungen.com\/no\/produkt\/tershine-apex-quick-wash-500-ml\/","og_site_name":"Xenonkungen","article_modified_time":"2026-05-12T13:57:17+00:00","og_image":[{"width":1024,"height":1024,"url":"https:\/\/xenonkungen.com\/wp-content\/uploads\/2026\/03\/d1ktcbfJIq4sPE8UbBoZtn15TPbhLr7H5QiPmvou.webp","type":"image\/webp"}],"twitter_card":"summary_large_image","twitter_misc":{"Ansl. lesetid":"2 minutter"},"schema":{"@context":"https:\/\/schema.org","@graph":[{"@type":"WebPage","@id":"https:\/\/xenonkungen.com\/produkt\/tershine-apex-quick-wash-500-ml\/","url":"https:\/\/xenonkungen.com\/produkt\/tershine-apex-quick-wash-500-ml\/","name":"Tershine Apex - Quick Wash 500 ml - Xenonkungen","isPartOf":{"@id":"https:\/\/xenonkungen.com\/#website"},"primaryImageOfPage":{"@id":"https:\/\/xenonkungen.com\/produkt\/tershine-apex-quick-wash-500-ml\/#primaryimage"},"image":{"@id":"https:\/\/xenonkungen.com\/produkt\/tershine-apex-quick-wash-500-ml\/#primaryimage"},"thumbnailUrl":"https:\/\/xenonkungen.com\/wp-content\/uploads\/2026\/03\/d1ktcbfJIq4sPE8UbBoZtn15TPbhLr7H5QiPmvou.webp","datePublished":"2026-03-13T15:00:07+00:00","dateModified":"2026-05-12T13:57:17+00:00","breadcrumb":{"@id":"https:\/\/xenonkungen.com\/produkt\/tershine-apex-quick-wash-500-ml\/#breadcrumb"},"inLanguage":"nb-NO","potentialAction":[{"@type":"ReadAction","target":["https:\/\/xenonkungen.com\/produkt\/tershine-apex-quick-wash-500-ml\/"]}]},{"@type":"ImageObject","inLanguage":"nb-NO","@id":"https:\/\/xenonkungen.com\/produkt\/tershine-apex-quick-wash-500-ml\/#primaryimage","url":"https:\/\/xenonkungen.com\/wp-content\/uploads\/2026\/03\/d1ktcbfJIq4sPE8UbBoZtn15TPbhLr7H5QiPmvou.webp","contentUrl":"https:\/\/xenonkungen.com\/wp-content\/uploads\/2026\/03\/d1ktcbfJIq4sPE8UbBoZtn15TPbhLr7H5QiPmvou.webp","width":1024,"height":1024},{"@type":"BreadcrumbList","@id":"https:\/\/xenonkungen.com\/produkt\/tershine-apex-quick-wash-500-ml\/#breadcrumb","itemListElement":[{"@type":"ListItem","position":1,"name":"Hem","item":"https:\/\/xenonkungen.com\/"},{"@type":"ListItem","position":2,"name":"Shop","item":"https:\/\/xenonkungen.com\/shop\/"},{"@type":"ListItem","position":3,"name":"Tershine Apex &#8211; Quick Wash 500 ml"}]},{"@type":"WebSite","@id":"https:\/\/xenonkungen.com\/#website","url":"https:\/\/xenonkungen.com\/","name":"Xenonkungen","description":"","potentialAction":[{"@type":"SearchAction","target":{"@type":"EntryPoint","urlTemplate":"https:\/\/xenonkungen.com\/?s={search_term_string}"},"query-input":{"@type":"PropertyValueSpecification","valueRequired":true,"valueName":"search_term_string"}}],"inLanguage":"nb-NO"}]}},"taxonomy_info":{"product_brand":[{"value":2893,"label":"Tershine"}],"product_cat":[{"value":2988,"label":"1 | Biltv\u00e4tt"},{"value":2623,"label":"5 | Underh\u00e5ll"},{"value":378,"label":"Bilv\u00e5rd"}]},"featured_image_src_large":["https:\/\/xenonkungen.com\/wp-content\/uploads\/2026\/03\/d1ktcbfJIq4sPE8UbBoZtn15TPbhLr7H5QiPmvou.webp",1024,1024,false],"author_info":[],"comment_info":0,"_links":{"self":[{"href":"https:\/\/xenonkungen.com\/no\/wp-json\/wp\/v2\/product\/27743","targetHints":{"allow":["GET"]}}],"collection":[{"href":"https:\/\/xenonkungen.com\/no\/wp-json\/wp\/v2\/product"}],"about":[{"href":"https:\/\/xenonkungen.com\/no\/wp-json\/wp\/v2\/types\/product"}],"replies":[{"embeddable":true,"href":"https:\/\/xenonkungen.com\/no\/wp-json\/wp\/v2\/comments?post=27743"}],"wp:featuredmedia":[{"embeddable":true,"href":"https:\/\/xenonkungen.com\/no\/wp-json\/wp\/v2\/media\/27744"}],"wp:attachment":[{"href":"https:\/\/xenonkungen.com\/no\/wp-json\/wp\/v2\/media?parent=27743"}],"wp:term":[{"taxonomy":"anvandningsomrade","embeddable":true,"href":"https:\/\/xenonkungen.com\/no\/wp-json\/wp\/v2\/anvandningsomrade?post=27743"},{"taxonomy":"bilmarken","embeddable":true,"href":"https:\/\/xenonkungen.com\/no\/wp-json\/wp\/v2\/bilmarken?post=27743"},{"taxonomy":"product_brand","embeddable":true,"href":"https:\/\/xenonkungen.com\/no\/wp-json\/wp\/v2\/product_brand?post=27743"},{"taxonomy":"product_cat","embeddable":true,"href":"https:\/\/xenonkungen.com\/no\/wp-json\/wp\/v2\/product_cat?post=27743"},{"taxonomy":"product_tag","embeddable":true,"href":"https:\/\/xenonkungen.com\/no\/wp-json\/wp\/v2\/product_tag?post=27743"}],"curies":[{"name":"wp","href":"https:\/\/api.w.org\/{rel}","templated":true}]}}