{"id":27756,"date":"2026-03-13T16:14:39","date_gmt":"2026-03-13T15:14:39","guid":{"rendered":"https:\/\/xenonkungen.com\/?post_type=product&#038;p=27756"},"modified":"2026-05-12T14:56:41","modified_gmt":"2026-05-12T13:56:41","slug":"tershine-biosolve-kald-avfetting-1-l","status":"publish","type":"product","link":"https:\/\/xenonkungen.com\/no\/produkt\/tershine-biosolve-kald-avfetting-1-l\/","title":{"rendered":"Tershine Biosolve \u2013 Kald avfetting 1 l"},"content":{"rendered":"<p>Bisolve \u2013 Kald avfetting er neste generasjon kald avfetting som er sv\u00e6rt effektiv, men samtidig sk\u00e5nsom mot overflaten! Fjerner asfalt, olje, tj\u00e6re og annet petroleumsbasert smuss.<\/p>\n<p><strong>Sv\u00e6rt effektivt<br \/>\nNydelig duft (lukter magisk)<br \/>\nEffektiv mot alle former for petroleumsbasert smuss<br \/>\nSnill mot plast og gummi<br \/>\nKan p\u00e5f\u00f8res p\u00e5 v\u00e5t eller t\u00f8rr overflate<br \/>\nGrusom mot veisalt<br \/>\nDet\/de overflateaktive stoffet\/stoffene i dette preparatet oppfyller kriteriene for biologisk nedbrytbarhet i EU-forordning (EF) nr. 648\/2004 om vaske- og rengj\u00f8ringsmidler.<br \/>\nProduktet er ikke klassifisert som merkepliktig i henhold til CLP-forordning (EF) 1272\/2008.<br \/>\n<\/strong><\/p>\n<p><strong>Hva brukes Biosolve \u2013 Kald avfetting til?<\/strong><\/p>\n<p>Alt petroleumsbasert smuss<br \/>\nAsfalt<br \/>\nTj\u00e6re<br \/>\nBitumen<br \/>\nFett<br \/>\nOlje<br \/>\nDiesel<br \/>\nVeisalt<br \/>\nMotorvask<\/p>\n<p>Bisolve \u2013 Kald avfetting er en kald avfetting som effektivt l\u00f8ser opp alle former for oljebasert smuss. Perfekt for de som bryr seg om mennesker og milj\u00f8et, da den unike formelen gj\u00f8r den sv\u00e6rt sk\u00e5nsom mot deg som bruker og planeten v\u00e5r. Kan p\u00e5f\u00f8res b\u00e5de t\u00f8rre og v\u00e5te overflater og skader ikke plast, glass eller andre sensitive detaljer. Har en fantastisk duft som gj\u00f8r vask til en glede.<\/p>\n<p><strong>Slik bruker du Biosolve \u2013 Kald avfetting<\/strong><\/p>\n<p><strong>1<\/strong>P\u00e5f\u00f8r jevnt over overflaten (opp til d\u00f8rh\u00e5ndtakene p\u00e5 personbiler)<br \/>\n<strong>2.<\/strong>\u00a0La virke i noen minutter<br \/>\n<strong>3.\u00a0<\/strong>Skyll av med h\u00f8ytrykksspyler<br \/>\n<strong>4.<\/strong>\u00a0Fortsett med neste trinn i vaskeprosessen.<\/p>\n<p>Ikke la det t\u00f8rke ut!<\/p>","protected":false},"excerpt":{"rendered":"<p>Kald avfetting som effektivt l\u00f8ser opp asfalt, tj\u00e6re, olje, limrester og mye mer! Gelformel og med en fantastisk herlig duft.<\/p>","protected":false},"featured_media":27764,"comment_status":"open","ping_status":"closed","template":"","meta":{"_acf_changed":false,"_smort_price_nok":"","_smort_price_dkk":"","_smort_price_eur":"","_smort_sale_price_nok":"","_smort_sale_price_dkk":"","_smort_sale_price_eur":"","smort_restorder":"","shipmondo_restorder":"","_kad_blocks_custom_css":"","_kad_blocks_head_custom_js":"","_kad_blocks_body_custom_js":"","_kad_blocks_footer_custom_js":"","smort_custom_pricelist_1":"146.56","smort_custom_pricelist_2":"146.56","smort_custom_pricelist_3":"146.56","smort_custom_pricelist_4":"183.2","smort_custom_pricelist_5":"146.56"},"anvandningsomrade":[],"bilmarken":[],"product_brand":[2893],"product_cat":[2989,378],"product_tag":[],"class_list":{"0":"post-27756","1":"product","2":"type-product","3":"status-publish","4":"has-post-thumbnail","6":"product_brand-tershine","7":"product_cat-avfettning","8":"product_cat-bilvard","10":"first","11":"onbackorder","12":"taxable","13":"shipping-taxable","14":"purchasable","15":"product-type-simple"},"bundled_by":[],"bundle_stock_status":"onbackorder","bundle_stock_quantity":0,"bundle_virtual":false,"bundle_layout":"","bundle_add_to_cart_form_location":"","bundle_editable_in_cart":false,"bundle_sold_individually_context":"","bundle_item_grouping":"","bundle_min_size":"","bundle_max_size":"","bundle_price":[],"bundled_items":[],"bundle_sell_ids":[],"acf":[],"yoast_head":"<!-- This site is optimized with the Yoast SEO plugin v27.0 - https:\/\/yoast.com\/product\/yoast-seo-wordpress\/ -->\n<title>Tershine Biosolve - Kallavfettning 1 L - Xenonkungen<\/title>\n<meta name=\"robots\" content=\"index, follow, max-snippet:-1, max-image-preview:large, max-video-preview:-1\" \/>\n<link rel=\"canonical\" href=\"https:\/\/xenonkungen.com\/no\/produkt\/tershine-biosolve-kald-avfetting-1-l\/\" \/>\n<meta property=\"og:locale\" content=\"nb_NO\" \/>\n<meta property=\"og:type\" content=\"article\" \/>\n<meta property=\"og:title\" content=\"Tershine Biosolve - Kallavfettning 1 L - Xenonkungen\" \/>\n<meta property=\"og:description\" content=\"Kallavfettning som effektivt l\u00f6ser asfalt, tj\u00e4ra, olja, limrester och mycket mer! Gelformula och med fantastiskt h\u00e4rlig doft.\" \/>\n<meta property=\"og:url\" content=\"https:\/\/xenonkungen.com\/no\/produkt\/tershine-biosolve-kald-avfetting-1-l\/\" \/>\n<meta property=\"og:site_name\" content=\"Xenonkungen\" \/>\n<meta property=\"article:modified_time\" content=\"2026-05-12T13:56:41+00:00\" \/>\n<meta property=\"og:image\" content=\"https:\/\/xenonkungen.com\/wp-content\/uploads\/2026\/03\/W9w9hB3T8QivKWYoHf94V4LLWQpr2OOZ6VddXARO.webp\" \/>\n\t<meta property=\"og:image:width\" content=\"1024\" \/>\n\t<meta property=\"og:image:height\" content=\"1024\" \/>\n\t<meta property=\"og:image:type\" content=\"image\/webp\" \/>\n<meta name=\"twitter:card\" content=\"summary_large_image\" \/>\n<meta name=\"twitter:label1\" content=\"Ansl. lesetid\" \/>\n\t<meta name=\"twitter:data1\" content=\"2 minutter\" \/>\n<script type=\"application\/ld+json\" class=\"yoast-schema-graph\">{\"@context\":\"https:\/\/schema.org\",\"@graph\":[{\"@type\":\"WebPage\",\"@id\":\"https:\/\/xenonkungen.com\/produkt\/tershine-biosolve-kallavfettning-1-l\/\",\"url\":\"https:\/\/xenonkungen.com\/produkt\/tershine-biosolve-kallavfettning-1-l\/\",\"name\":\"Tershine Biosolve - Kallavfettning 1 L - Xenonkungen\",\"isPartOf\":{\"@id\":\"https:\/\/xenonkungen.com\/#website\"},\"primaryImageOfPage\":{\"@id\":\"https:\/\/xenonkungen.com\/produkt\/tershine-biosolve-kallavfettning-1-l\/#primaryimage\"},\"image\":{\"@id\":\"https:\/\/xenonkungen.com\/produkt\/tershine-biosolve-kallavfettning-1-l\/#primaryimage\"},\"thumbnailUrl\":\"https:\/\/xenonkungen.com\/wp-content\/uploads\/2026\/03\/W9w9hB3T8QivKWYoHf94V4LLWQpr2OOZ6VddXARO.webp\",\"datePublished\":\"2026-03-13T15:14:39+00:00\",\"dateModified\":\"2026-05-12T13:56:41+00:00\",\"breadcrumb\":{\"@id\":\"https:\/\/xenonkungen.com\/produkt\/tershine-biosolve-kallavfettning-1-l\/#breadcrumb\"},\"inLanguage\":\"nb-NO\",\"potentialAction\":[{\"@type\":\"ReadAction\",\"target\":[\"https:\/\/xenonkungen.com\/produkt\/tershine-biosolve-kallavfettning-1-l\/\"]}]},{\"@type\":\"ImageObject\",\"inLanguage\":\"nb-NO\",\"@id\":\"https:\/\/xenonkungen.com\/produkt\/tershine-biosolve-kallavfettning-1-l\/#primaryimage\",\"url\":\"https:\/\/xenonkungen.com\/wp-content\/uploads\/2026\/03\/W9w9hB3T8QivKWYoHf94V4LLWQpr2OOZ6VddXARO.webp\",\"contentUrl\":\"https:\/\/xenonkungen.com\/wp-content\/uploads\/2026\/03\/W9w9hB3T8QivKWYoHf94V4LLWQpr2OOZ6VddXARO.webp\",\"width\":1024,\"height\":1024},{\"@type\":\"BreadcrumbList\",\"@id\":\"https:\/\/xenonkungen.com\/produkt\/tershine-biosolve-kallavfettning-1-l\/#breadcrumb\",\"itemListElement\":[{\"@type\":\"ListItem\",\"position\":1,\"name\":\"Hem\",\"item\":\"https:\/\/xenonkungen.com\/\"},{\"@type\":\"ListItem\",\"position\":2,\"name\":\"Shop\",\"item\":\"https:\/\/xenonkungen.com\/shop\/\"},{\"@type\":\"ListItem\",\"position\":3,\"name\":\"Tershine Biosolve &#8211; Kallavfettning 1 L\"}]},{\"@type\":\"WebSite\",\"@id\":\"https:\/\/xenonkungen.com\/#website\",\"url\":\"https:\/\/xenonkungen.com\/\",\"name\":\"Xenonkungen\",\"description\":\"\",\"potentialAction\":[{\"@type\":\"SearchAction\",\"target\":{\"@type\":\"EntryPoint\",\"urlTemplate\":\"https:\/\/xenonkungen.com\/?s={search_term_string}\"},\"query-input\":{\"@type\":\"PropertyValueSpecification\",\"valueRequired\":true,\"valueName\":\"search_term_string\"}}],\"inLanguage\":\"nb-NO\"}]}<\/script>\n<!-- \/ Yoast SEO plugin. -->","yoast_head_json":{"title":"Tershine Biosolve - Kald avfetting 1 L - Xenonkongen","robots":{"index":"index","follow":"follow","max-snippet":"max-snippet:-1","max-image-preview":"max-image-preview:large","max-video-preview":"max-video-preview:-1"},"canonical":"https:\/\/xenonkungen.com\/no\/produkt\/tershine-biosolve-kald-avfetting-1-l\/","og_locale":"nb_NO","og_type":"article","og_title":"Tershine Biosolve - Kallavfettning 1 L - Xenonkungen","og_description":"Kallavfettning som effektivt l\u00f6ser asfalt, tj\u00e4ra, olja, limrester och mycket mer! Gelformula och med fantastiskt h\u00e4rlig doft.","og_url":"https:\/\/xenonkungen.com\/no\/produkt\/tershine-biosolve-kald-avfetting-1-l\/","og_site_name":"Xenonkungen","article_modified_time":"2026-05-12T13:56:41+00:00","og_image":[{"width":1024,"height":1024,"url":"https:\/\/xenonkungen.com\/wp-content\/uploads\/2026\/03\/W9w9hB3T8QivKWYoHf94V4LLWQpr2OOZ6VddXARO.webp","type":"image\/webp"}],"twitter_card":"summary_large_image","twitter_misc":{"Ansl. lesetid":"2 minutter"},"schema":{"@context":"https:\/\/schema.org","@graph":[{"@type":"WebPage","@id":"https:\/\/xenonkungen.com\/produkt\/tershine-biosolve-kallavfettning-1-l\/","url":"https:\/\/xenonkungen.com\/produkt\/tershine-biosolve-kallavfettning-1-l\/","name":"Tershine Biosolve - Kald avfetting 1 L - Xenonkongen","isPartOf":{"@id":"https:\/\/xenonkungen.com\/#website"},"primaryImageOfPage":{"@id":"https:\/\/xenonkungen.com\/produkt\/tershine-biosolve-kallavfettning-1-l\/#primaryimage"},"image":{"@id":"https:\/\/xenonkungen.com\/produkt\/tershine-biosolve-kallavfettning-1-l\/#primaryimage"},"thumbnailUrl":"https:\/\/xenonkungen.com\/wp-content\/uploads\/2026\/03\/W9w9hB3T8QivKWYoHf94V4LLWQpr2OOZ6VddXARO.webp","datePublished":"2026-03-13T15:14:39+00:00","dateModified":"2026-05-12T13:56:41+00:00","breadcrumb":{"@id":"https:\/\/xenonkungen.com\/produkt\/tershine-biosolve-kallavfettning-1-l\/#breadcrumb"},"inLanguage":"nb-NO","potentialAction":[{"@type":"ReadAction","target":["https:\/\/xenonkungen.com\/produkt\/tershine-biosolve-kallavfettning-1-l\/"]}]},{"@type":"ImageObject","inLanguage":"nb-NO","@id":"https:\/\/xenonkungen.com\/produkt\/tershine-biosolve-kallavfettning-1-l\/#primaryimage","url":"https:\/\/xenonkungen.com\/wp-content\/uploads\/2026\/03\/W9w9hB3T8QivKWYoHf94V4LLWQpr2OOZ6VddXARO.webp","contentUrl":"https:\/\/xenonkungen.com\/wp-content\/uploads\/2026\/03\/W9w9hB3T8QivKWYoHf94V4LLWQpr2OOZ6VddXARO.webp","width":1024,"height":1024},{"@type":"BreadcrumbList","@id":"https:\/\/xenonkungen.com\/produkt\/tershine-biosolve-kallavfettning-1-l\/#breadcrumb","itemListElement":[{"@type":"ListItem","position":1,"name":"Hem","item":"https:\/\/xenonkungen.com\/"},{"@type":"ListItem","position":2,"name":"Shop","item":"https:\/\/xenonkungen.com\/shop\/"},{"@type":"ListItem","position":3,"name":"Tershine Biosolve &#8211; Kallavfettning 1 L"}]},{"@type":"WebSite","@id":"https:\/\/xenonkungen.com\/#website","url":"https:\/\/xenonkungen.com\/","name":"Xenonkungen","description":"","potentialAction":[{"@type":"SearchAction","target":{"@type":"EntryPoint","urlTemplate":"https:\/\/xenonkungen.com\/?s={search_term_string}"},"query-input":{"@type":"PropertyValueSpecification","valueRequired":true,"valueName":"search_term_string"}}],"inLanguage":"nb-NO"}]}},"taxonomy_info":{"product_brand":[{"value":2893,"label":"Tershine"}],"product_cat":[{"value":2989,"label":"2 | Avfettning"},{"value":378,"label":"Bilv\u00e5rd"}]},"featured_image_src_large":["https:\/\/xenonkungen.com\/wp-content\/uploads\/2026\/03\/W9w9hB3T8QivKWYoHf94V4LLWQpr2OOZ6VddXARO.webp",1024,1024,false],"author_info":[],"comment_info":0,"_links":{"self":[{"href":"https:\/\/xenonkungen.com\/no\/wp-json\/wp\/v2\/product\/27756","targetHints":{"allow":["GET"]}}],"collection":[{"href":"https:\/\/xenonkungen.com\/no\/wp-json\/wp\/v2\/product"}],"about":[{"href":"https:\/\/xenonkungen.com\/no\/wp-json\/wp\/v2\/types\/product"}],"replies":[{"embeddable":true,"href":"https:\/\/xenonkungen.com\/no\/wp-json\/wp\/v2\/comments?post=27756"}],"wp:featuredmedia":[{"embeddable":true,"href":"https:\/\/xenonkungen.com\/no\/wp-json\/wp\/v2\/media\/27764"}],"wp:attachment":[{"href":"https:\/\/xenonkungen.com\/no\/wp-json\/wp\/v2\/media?parent=27756"}],"wp:term":[{"taxonomy":"anvandningsomrade","embeddable":true,"href":"https:\/\/xenonkungen.com\/no\/wp-json\/wp\/v2\/anvandningsomrade?post=27756"},{"taxonomy":"bilmarken","embeddable":true,"href":"https:\/\/xenonkungen.com\/no\/wp-json\/wp\/v2\/bilmarken?post=27756"},{"taxonomy":"product_brand","embeddable":true,"href":"https:\/\/xenonkungen.com\/no\/wp-json\/wp\/v2\/product_brand?post=27756"},{"taxonomy":"product_cat","embeddable":true,"href":"https:\/\/xenonkungen.com\/no\/wp-json\/wp\/v2\/product_cat?post=27756"},{"taxonomy":"product_tag","embeddable":true,"href":"https:\/\/xenonkungen.com\/no\/wp-json\/wp\/v2\/product_tag?post=27756"}],"curies":[{"name":"wp","href":"https:\/\/api.w.org\/{rel}","templated":true}]}}