{"id":27833,"date":"2026-03-16T09:27:33","date_gmt":"2026-03-16T08:27:33","guid":{"rendered":"https:\/\/xenonkungen.com\/?post_type=product&#038;p=27833"},"modified":"2026-05-12T14:33:33","modified_gmt":"2026-05-12T13:33:33","slug":"tershine-enhance-interior-treatment-500-ml","status":"publish","type":"product","link":"https:\/\/xenonkungen.com\/no\/produkt\/tershine-enhance-interior-treatment-500-ml\/","title":{"rendered":"Tershine Enhance \u2013 Innvendig behandling 500 ml"},"content":{"rendered":"<p>Gjenoppretter plast og gummi p\u00e5 innsiden til ny stand.<\/p>\n<p><strong>Veldig enkel \u00e5 bruke<br \/>\nEtterlater ingen irriterende rester<br \/>\nGir en satengfinish<br \/>\nGjenfukterer og gj\u00f8r plasten m\u00f8rk igjen<br \/>\nUV-beskyttelse<br \/>\nAntistatisk overflate<br \/>\nFungerer utmerket p\u00e5 gummimatter<br \/>\nProduktet er ikke klassifisert som merkepliktig i henhold til CLP-forordning (EF) 1272\/2008.<\/strong><\/p>\n<p>Forbedre \u2013 Interi\u00f8rbehandling er et superfint produkt som enkelt gjenoppretter og beskytter innsiden av kj\u00f8ret\u00f8yet ditt. Fungerer utmerket p\u00e5 plast, gummi og l\u00e6r. Gj\u00f8r plasten m\u00f8rkere og lager en beskyttende film som motst\u00e5r smuss, UV-str\u00e5ling og etterlater en antistatisk overflate (mindre st\u00f8v). Fungerer utmerket til \u00e5 fukte og beskytte l\u00e6r, til og med vegansk l\u00e6r. Ja, som du forst\u00e5r, er dette en klassisk \u00abvinylglans\u00bb, men etterlater en satengfinish uten \u00e5 gni ut eller etterlate en fet film.<\/p>\n<p>Veldig enkel \u00e5 bruke og etterlater en svak frisk duft.<\/p>\n<p><strong>Slik bruker du Enhance \u2013 Interior Treatment<\/strong><\/p>\n<p><strong>1.<\/strong>\u00a0Spray p\u00e5 en mikrofiberklut og p\u00e5f\u00f8r over overflaten.<\/p>\n<p><strong>2.<\/strong>\u00a0Snu kluten og poler bort overfl\u00f8dig.<\/p>\n<p><strong>3.<\/strong>\u00a0Nyt f\u00f8lelsen av en gjenbrukt \u00abny bil\u00bb<\/p>\n<p>PS. Fungerer ogs\u00e5 utmerket til bruk p\u00e5 gulvmatter, skinn osv. Pr\u00f8v det gjerne ut!<\/p>","protected":false},"excerpt":{"rendered":"<p>Interi\u00f8rbehandling for \u00e5 gi tilbake den fine nybilf\u00f8lelsen. Etterlater en flekkfri, antistatisk, halvmatt finish. Gjenoppretter plast og gummi til ny stand!<\/p>","protected":false},"featured_media":27834,"comment_status":"open","ping_status":"closed","template":"","meta":{"_acf_changed":false,"_smort_price_nok":"","_smort_price_dkk":"","_smort_price_eur":"","_smort_sale_price_nok":"","_smort_sale_price_dkk":"","_smort_sale_price_eur":"","smort_restorder":"","shipmondo_restorder":"","_kad_blocks_custom_css":"","_kad_blocks_head_custom_js":"","_kad_blocks_body_custom_js":"","_kad_blocks_footer_custom_js":"","smort_custom_pricelist_1":"127.36","smort_custom_pricelist_2":"127.36","smort_custom_pricelist_3":"127.36","smort_custom_pricelist_4":"159.2","smort_custom_pricelist_5":"127.36"},"anvandningsomrade":[],"bilmarken":[],"product_brand":[],"product_cat":[2988,378],"product_tag":[],"class_list":{"0":"post-27833","1":"product","2":"type-product","3":"status-publish","4":"has-post-thumbnail","6":"product_cat-biltvatt","7":"product_cat-bilvard","9":"first","10":"onbackorder","11":"taxable","12":"shipping-taxable","13":"purchasable","14":"product-type-simple"},"bundled_by":[],"bundle_stock_status":"onbackorder","bundle_stock_quantity":0,"bundle_virtual":false,"bundle_layout":"","bundle_add_to_cart_form_location":"","bundle_editable_in_cart":false,"bundle_sold_individually_context":"","bundle_item_grouping":"","bundle_min_size":"","bundle_max_size":"","bundle_price":[],"bundled_items":[],"bundle_sell_ids":[],"acf":[],"yoast_head":"<!-- This site is optimized with the Yoast SEO plugin v27.0 - https:\/\/yoast.com\/product\/yoast-seo-wordpress\/ -->\n<title>Tershine Enhance - Interi\u00f6rbehandling 500 ml - Xenonkungen<\/title>\n<meta name=\"robots\" content=\"index, follow, max-snippet:-1, max-image-preview:large, max-video-preview:-1\" \/>\n<link rel=\"canonical\" href=\"https:\/\/xenonkungen.com\/no\/produkt\/tershine-enhance-interior-treatment-500-ml\/\" \/>\n<meta property=\"og:locale\" content=\"nb_NO\" \/>\n<meta property=\"og:type\" content=\"article\" \/>\n<meta property=\"og:title\" content=\"Tershine Enhance - Interi\u00f6rbehandling 500 ml - Xenonkungen\" \/>\n<meta property=\"og:description\" content=\"Interi\u00f6rbehandling f\u00f6r att ge tillbaka den d\u00e4r sk\u00f6na nybilsk\u00e4nslan. L\u00e4mnar en kladdfri, antistatisk halvmatt finish. \u00c5terst\u00e4ller plast och gummi till nyskick!\" \/>\n<meta property=\"og:url\" content=\"https:\/\/xenonkungen.com\/no\/produkt\/tershine-enhance-interior-treatment-500-ml\/\" \/>\n<meta property=\"og:site_name\" content=\"Xenonkungen\" \/>\n<meta property=\"article:modified_time\" content=\"2026-05-12T13:33:33+00:00\" \/>\n<meta property=\"og:image\" content=\"https:\/\/xenonkungen.com\/wp-content\/uploads\/2026\/03\/6BtQAZHO6eNn5V0E4udxTI0GiMwoRlpUXmKEz7Rp.webp\" \/>\n\t<meta property=\"og:image:width\" content=\"1024\" \/>\n\t<meta property=\"og:image:height\" content=\"1024\" \/>\n\t<meta property=\"og:image:type\" content=\"image\/webp\" \/>\n<meta name=\"twitter:card\" content=\"summary_large_image\" \/>\n<meta name=\"twitter:label1\" content=\"Ansl. lesetid\" \/>\n\t<meta name=\"twitter:data1\" content=\"2 minutter\" \/>\n<script type=\"application\/ld+json\" class=\"yoast-schema-graph\">{\"@context\":\"https:\/\/schema.org\",\"@graph\":[{\"@type\":\"WebPage\",\"@id\":\"https:\/\/xenonkungen.com\/produkt\/tershine-enhance-interiorbehandling-500-ml\/\",\"url\":\"https:\/\/xenonkungen.com\/produkt\/tershine-enhance-interiorbehandling-500-ml\/\",\"name\":\"Tershine Enhance - Interi\u00f6rbehandling 500 ml - Xenonkungen\",\"isPartOf\":{\"@id\":\"https:\/\/xenonkungen.com\/#website\"},\"primaryImageOfPage\":{\"@id\":\"https:\/\/xenonkungen.com\/produkt\/tershine-enhance-interiorbehandling-500-ml\/#primaryimage\"},\"image\":{\"@id\":\"https:\/\/xenonkungen.com\/produkt\/tershine-enhance-interiorbehandling-500-ml\/#primaryimage\"},\"thumbnailUrl\":\"https:\/\/xenonkungen.com\/wp-content\/uploads\/2026\/03\/6BtQAZHO6eNn5V0E4udxTI0GiMwoRlpUXmKEz7Rp.webp\",\"datePublished\":\"2026-03-16T08:27:33+00:00\",\"dateModified\":\"2026-05-12T13:33:33+00:00\",\"breadcrumb\":{\"@id\":\"https:\/\/xenonkungen.com\/produkt\/tershine-enhance-interiorbehandling-500-ml\/#breadcrumb\"},\"inLanguage\":\"nb-NO\",\"potentialAction\":[{\"@type\":\"ReadAction\",\"target\":[\"https:\/\/xenonkungen.com\/produkt\/tershine-enhance-interiorbehandling-500-ml\/\"]}]},{\"@type\":\"ImageObject\",\"inLanguage\":\"nb-NO\",\"@id\":\"https:\/\/xenonkungen.com\/produkt\/tershine-enhance-interiorbehandling-500-ml\/#primaryimage\",\"url\":\"https:\/\/xenonkungen.com\/wp-content\/uploads\/2026\/03\/6BtQAZHO6eNn5V0E4udxTI0GiMwoRlpUXmKEz7Rp.webp\",\"contentUrl\":\"https:\/\/xenonkungen.com\/wp-content\/uploads\/2026\/03\/6BtQAZHO6eNn5V0E4udxTI0GiMwoRlpUXmKEz7Rp.webp\",\"width\":1024,\"height\":1024},{\"@type\":\"BreadcrumbList\",\"@id\":\"https:\/\/xenonkungen.com\/produkt\/tershine-enhance-interiorbehandling-500-ml\/#breadcrumb\",\"itemListElement\":[{\"@type\":\"ListItem\",\"position\":1,\"name\":\"Hem\",\"item\":\"https:\/\/xenonkungen.com\/\"},{\"@type\":\"ListItem\",\"position\":2,\"name\":\"Shop\",\"item\":\"https:\/\/xenonkungen.com\/shop\/\"},{\"@type\":\"ListItem\",\"position\":3,\"name\":\"Tershine Enhance &#8211; Interi\u00f6rbehandling 500 ml\"}]},{\"@type\":\"WebSite\",\"@id\":\"https:\/\/xenonkungen.com\/#website\",\"url\":\"https:\/\/xenonkungen.com\/\",\"name\":\"Xenonkungen\",\"description\":\"\",\"potentialAction\":[{\"@type\":\"SearchAction\",\"target\":{\"@type\":\"EntryPoint\",\"urlTemplate\":\"https:\/\/xenonkungen.com\/?s={search_term_string}\"},\"query-input\":{\"@type\":\"PropertyValueSpecification\",\"valueRequired\":true,\"valueName\":\"search_term_string\"}}],\"inLanguage\":\"nb-NO\"}]}<\/script>\n<!-- \/ Yoast SEO plugin. -->","yoast_head_json":{"title":"Tershine Enhance - Innvendig behandling 500 ml - Xenonkongen","robots":{"index":"index","follow":"follow","max-snippet":"max-snippet:-1","max-image-preview":"max-image-preview:large","max-video-preview":"max-video-preview:-1"},"canonical":"https:\/\/xenonkungen.com\/no\/produkt\/tershine-enhance-interior-treatment-500-ml\/","og_locale":"nb_NO","og_type":"article","og_title":"Tershine Enhance - Interi\u00f6rbehandling 500 ml - Xenonkungen","og_description":"Interi\u00f6rbehandling f\u00f6r att ge tillbaka den d\u00e4r sk\u00f6na nybilsk\u00e4nslan. L\u00e4mnar en kladdfri, antistatisk halvmatt finish. \u00c5terst\u00e4ller plast och gummi till nyskick!","og_url":"https:\/\/xenonkungen.com\/no\/produkt\/tershine-enhance-interior-treatment-500-ml\/","og_site_name":"Xenonkungen","article_modified_time":"2026-05-12T13:33:33+00:00","og_image":[{"width":1024,"height":1024,"url":"https:\/\/xenonkungen.com\/wp-content\/uploads\/2026\/03\/6BtQAZHO6eNn5V0E4udxTI0GiMwoRlpUXmKEz7Rp.webp","type":"image\/webp"}],"twitter_card":"summary_large_image","twitter_misc":{"Ansl. lesetid":"2 minutter"},"schema":{"@context":"https:\/\/schema.org","@graph":[{"@type":"WebPage","@id":"https:\/\/xenonkungen.com\/produkt\/tershine-enhance-interiorbehandling-500-ml\/","url":"https:\/\/xenonkungen.com\/produkt\/tershine-enhance-interiorbehandling-500-ml\/","name":"Tershine Enhance - Innvendig behandling 500 ml - Xenonkongen","isPartOf":{"@id":"https:\/\/xenonkungen.com\/#website"},"primaryImageOfPage":{"@id":"https:\/\/xenonkungen.com\/produkt\/tershine-enhance-interiorbehandling-500-ml\/#primaryimage"},"image":{"@id":"https:\/\/xenonkungen.com\/produkt\/tershine-enhance-interiorbehandling-500-ml\/#primaryimage"},"thumbnailUrl":"https:\/\/xenonkungen.com\/wp-content\/uploads\/2026\/03\/6BtQAZHO6eNn5V0E4udxTI0GiMwoRlpUXmKEz7Rp.webp","datePublished":"2026-03-16T08:27:33+00:00","dateModified":"2026-05-12T13:33:33+00:00","breadcrumb":{"@id":"https:\/\/xenonkungen.com\/produkt\/tershine-enhance-interiorbehandling-500-ml\/#breadcrumb"},"inLanguage":"nb-NO","potentialAction":[{"@type":"ReadAction","target":["https:\/\/xenonkungen.com\/produkt\/tershine-enhance-interiorbehandling-500-ml\/"]}]},{"@type":"ImageObject","inLanguage":"nb-NO","@id":"https:\/\/xenonkungen.com\/produkt\/tershine-enhance-interiorbehandling-500-ml\/#primaryimage","url":"https:\/\/xenonkungen.com\/wp-content\/uploads\/2026\/03\/6BtQAZHO6eNn5V0E4udxTI0GiMwoRlpUXmKEz7Rp.webp","contentUrl":"https:\/\/xenonkungen.com\/wp-content\/uploads\/2026\/03\/6BtQAZHO6eNn5V0E4udxTI0GiMwoRlpUXmKEz7Rp.webp","width":1024,"height":1024},{"@type":"BreadcrumbList","@id":"https:\/\/xenonkungen.com\/produkt\/tershine-enhance-interiorbehandling-500-ml\/#breadcrumb","itemListElement":[{"@type":"ListItem","position":1,"name":"Hem","item":"https:\/\/xenonkungen.com\/"},{"@type":"ListItem","position":2,"name":"Shop","item":"https:\/\/xenonkungen.com\/shop\/"},{"@type":"ListItem","position":3,"name":"Tershine Enhance &#8211; Interi\u00f6rbehandling 500 ml"}]},{"@type":"WebSite","@id":"https:\/\/xenonkungen.com\/#website","url":"https:\/\/xenonkungen.com\/","name":"Xenonkungen","description":"","potentialAction":[{"@type":"SearchAction","target":{"@type":"EntryPoint","urlTemplate":"https:\/\/xenonkungen.com\/?s={search_term_string}"},"query-input":{"@type":"PropertyValueSpecification","valueRequired":true,"valueName":"search_term_string"}}],"inLanguage":"nb-NO"}]}},"taxonomy_info":{"product_cat":[{"value":2988,"label":"1 | Biltv\u00e4tt"},{"value":378,"label":"Bilv\u00e5rd"}]},"featured_image_src_large":["https:\/\/xenonkungen.com\/wp-content\/uploads\/2026\/03\/6BtQAZHO6eNn5V0E4udxTI0GiMwoRlpUXmKEz7Rp.webp",1024,1024,false],"author_info":[],"comment_info":0,"_links":{"self":[{"href":"https:\/\/xenonkungen.com\/no\/wp-json\/wp\/v2\/product\/27833","targetHints":{"allow":["GET"]}}],"collection":[{"href":"https:\/\/xenonkungen.com\/no\/wp-json\/wp\/v2\/product"}],"about":[{"href":"https:\/\/xenonkungen.com\/no\/wp-json\/wp\/v2\/types\/product"}],"replies":[{"embeddable":true,"href":"https:\/\/xenonkungen.com\/no\/wp-json\/wp\/v2\/comments?post=27833"}],"wp:featuredmedia":[{"embeddable":true,"href":"https:\/\/xenonkungen.com\/no\/wp-json\/wp\/v2\/media\/27834"}],"wp:attachment":[{"href":"https:\/\/xenonkungen.com\/no\/wp-json\/wp\/v2\/media?parent=27833"}],"wp:term":[{"taxonomy":"anvandningsomrade","embeddable":true,"href":"https:\/\/xenonkungen.com\/no\/wp-json\/wp\/v2\/anvandningsomrade?post=27833"},{"taxonomy":"bilmarken","embeddable":true,"href":"https:\/\/xenonkungen.com\/no\/wp-json\/wp\/v2\/bilmarken?post=27833"},{"taxonomy":"product_brand","embeddable":true,"href":"https:\/\/xenonkungen.com\/no\/wp-json\/wp\/v2\/product_brand?post=27833"},{"taxonomy":"product_cat","embeddable":true,"href":"https:\/\/xenonkungen.com\/no\/wp-json\/wp\/v2\/product_cat?post=27833"},{"taxonomy":"product_tag","embeddable":true,"href":"https:\/\/xenonkungen.com\/no\/wp-json\/wp\/v2\/product_tag?post=27833"}],"curies":[{"name":"wp","href":"https:\/\/api.w.org\/{rel}","templated":true}]}}