{"id":27838,"date":"2026-03-16T09:48:54","date_gmt":"2026-03-16T08:48:54","guid":{"rendered":"https:\/\/xenonkungen.com\/?post_type=product&#038;p=27838"},"modified":"2026-05-12T14:37:46","modified_gmt":"2026-05-12T13:37:46","slug":"tershine-extract-alkalisk-avfettning-25-l","status":"publish","type":"product","link":"https:\/\/xenonkungen.com\/no\/produkt\/tershine-extract-alkalisk-avfettning-25-l\/","title":{"rendered":"Tershine-ekstrakt \u2013 Alkalisk avfetting 25 l"},"content":{"rendered":"<p>Alkalisk avfetting som effektivt fjerner alle typer organisk smuss som fluer, insekter, trafikkfilm, alger, pollen, mugg og annen vekst. Brukes hele \u00e5ret. Et must ved hver vask og brukes hele \u00e5ret.<\/p>\n<p><strong>Ekstremt gener\u00f8s, 1 liter gir 20+ liter ferdig produkt<br \/>\nRimelig<br \/>\nSv\u00e6rt effektiv p\u00e5 de fleste materialer<br \/>\nEkstremt effektiv som insektfjerner<br \/>\nFungerer p\u00e5 bil, campingvogn, campingvogn, b\u00e5t, terrasse, fasade, baderom osv.<br \/>\nSnill mot aluminium<br \/>\nTilgjengelig i flere st\u00f8rrelser<br \/>\nLukter godt av fersken<br \/>\nProduktet er ikke klassifisert som merkepliktig i henhold til CLP-forordning (EF) 1272\/2008.<\/strong><\/p>\n<p><strong>Slik fortynner du ekstrakt \u2013 alkalisk avfetting:<\/strong><\/p>\n<p><strong>Svak blanding:<\/strong>\u00a0\u00a02-4% konsentrat restvann<br \/>\n<strong>Vanlig blanding:\u00a0<\/strong>\u00a05-7% konsentrat restvann<br \/>\n<strong>Sterk blanding:<\/strong>\u00a010-15% konsentrat restvann<br \/>\n<strong>Veldig sterk blanding:<\/strong>\u00a015-25% konsentrat restvann<br \/>\n<strong>Ekstremt sterk blanding:<\/strong>\u00a050-100% (m\u00e5 ikke t\u00f8rke)<\/p>\n<p>Ekstrakt 25l er et sv\u00e6rt effektivt og superkonsentrert alkalisk avfettingsmiddel som passer for alle typer kj\u00f8ret\u00f8y, gulv, fasader osv. L\u00f8fter organisk smuss og dufter herlig av fersken. Bland 5-15% i vann og 1 liter gir dermed 20 liter ferdig produkt \u00e5 bruke. Fungerer ogs\u00e5 utmerket for grovere smuss p\u00e5 gulvmatter osv.<\/p>\n<p>Magisk som et flue-\/insektmiddel i fronten, bland deretter produktet betydelig sterkere helt opp til ren!<\/p>\n<p><strong>Slik bruker du ekstrakt \u2013 alkalisk avfetting<\/strong><\/p>\n<p><strong>1.\u00a0<\/strong>Bland 5-15% med vann (avhengig av bruksomr\u00e5de)<strong><br \/>\n2.\u00a0<\/strong>Spray over den valgte overflaten og la virke i omtrent ett minutt. Husk at produktet b\u00f8r virke betydelig lenger i kaldt v\u00e6r under 10 \u00b0C.<strong><br \/>\n3.\u00a0<\/strong>Skyll av med h\u00f8yt trykk<strong><br \/>\n4.\u00a0<\/strong>Start neste trinn i vaskeprosessen<\/p>\n<p>Fungerer utmerket i en skumpistol, doser mengden med dysen. Husk ogs\u00e5 at alle typer kjemikalier, spesielt avfetting (kald\/alkalisk), trenger lengre tid p\u00e5 \u00e5 virke p\u00e5 overflaten n\u00e5r den er kald, det utgj\u00f8r en stor forskjell. S\u00e5 pr\u00f8v ut hvilken tid du foretrekker, alt mellom 5-15 minutter, men ikke la det t\u00f8rke. V\u00e6r forsiktig med aluminium og andre metaller!<\/p>\n<p>Bruk gjerne v\u00e5rt doseringsm\u00e5l og trykkspr\u00f8yte for alkaliske produkter.<\/p>\n<p><strong>Siden dette sp\u00f8rsm\u00e5let dukker opp veldig ofte, vil jeg forklare det kort nedenfor:<\/strong><\/p>\n<p><strong><em>For 5%-blandingen, ta volumet, for eksempel 500 ml x 0,05 = 25 ml, for 10%, ta 500 ml x 0,1, osv.!<\/em><\/strong><em>Oppbevares frostfritt.<br \/>\n<\/em><br \/>\n<strong>Har du noen sp\u00f8rsm\u00e5l?<\/strong><\/p>\n<p>Vi har kjempebra support og svarer vanligvis lynraskt! Vi kjenner alle produktene v\u00e5re ut og inn, s\u00e5 hvis du har det minste sp\u00f8rsm\u00e5l eller bekymring, er du velkommen til \u00e5 kontakte oss p\u00e5 support@tershine.com 08-99 01 18 eller via v\u00e5re sosiale medier hvor vi kalles tershine above all.<\/p>","protected":false},"excerpt":{"rendered":"<p>Superkonsentrert alkalisk avfettingsmiddel \u2013 et kraftig rengj\u00f8ringsprodukt som effektivt fjerner trafikkfilm, insekter, alger og smuss fra biler, b\u00e5ter og hus. L\u00f8ser opp alle former for organisk smuss!<\/p>","protected":false},"featured_media":27839,"comment_status":"open","ping_status":"closed","template":"","meta":{"_acf_changed":false,"_smort_price_nok":"","_smort_price_dkk":"","_smort_price_eur":"","_smort_sale_price_nok":"","_smort_sale_price_dkk":"","_smort_sale_price_eur":"","smort_restorder":"","shipmondo_restorder":"","_kad_blocks_custom_css":"","_kad_blocks_head_custom_js":"","_kad_blocks_body_custom_js":"","_kad_blocks_footer_custom_js":"","smort_custom_pricelist_1":"1084.8","smort_custom_pricelist_2":"1084.8","smort_custom_pricelist_3":"1084.8","smort_custom_pricelist_4":"1356","smort_custom_pricelist_5":"1084.8"},"anvandningsomrade":[],"bilmarken":[],"product_brand":[2893],"product_cat":[2988,2989,378],"product_tag":[],"class_list":{"0":"post-27838","1":"product","2":"type-product","3":"status-publish","4":"has-post-thumbnail","6":"product_brand-tershine","7":"product_cat-biltvatt","8":"product_cat-avfettning","9":"product_cat-bilvard","11":"first","12":"onbackorder","13":"taxable","14":"shipping-taxable","15":"purchasable","16":"product-type-simple"},"bundled_by":[],"bundle_stock_status":"onbackorder","bundle_stock_quantity":0,"bundle_virtual":false,"bundle_layout":"","bundle_add_to_cart_form_location":"","bundle_editable_in_cart":false,"bundle_sold_individually_context":"","bundle_item_grouping":"","bundle_min_size":"","bundle_max_size":"","bundle_price":[],"bundled_items":[],"bundle_sell_ids":[],"acf":[],"yoast_head":"<!-- This site is optimized with the Yoast SEO plugin v27.0 - https:\/\/yoast.com\/product\/yoast-seo-wordpress\/ -->\n<title>Tershine Extract - Alkalisk avfettning 25 L - Xenonkungen<\/title>\n<meta name=\"robots\" content=\"index, follow, max-snippet:-1, max-image-preview:large, max-video-preview:-1\" \/>\n<link rel=\"canonical\" href=\"https:\/\/xenonkungen.com\/no\/produkt\/tershine-extract-alkalisk-avfettning-25-l\/\" \/>\n<meta property=\"og:locale\" content=\"nb_NO\" \/>\n<meta property=\"og:type\" content=\"article\" \/>\n<meta property=\"og:title\" content=\"Tershine Extract - Alkalisk avfettning 25 L - Xenonkungen\" \/>\n<meta property=\"og:description\" content=\"Superkoncentrad alkalisk avfettning - en kraftfull reng\u00f6ringsprodukt som effektivt tar bort trafikfilm, insekter, alger och smuts fr\u00e5n bil, b\u00e5t och hus. L\u00f6ser all form av organisk smuts!\" \/>\n<meta property=\"og:url\" content=\"https:\/\/xenonkungen.com\/no\/produkt\/tershine-extract-alkalisk-avfettning-25-l\/\" \/>\n<meta property=\"og:site_name\" content=\"Xenonkungen\" \/>\n<meta property=\"article:modified_time\" content=\"2026-05-12T13:37:46+00:00\" \/>\n<meta property=\"og:image\" content=\"https:\/\/xenonkungen.com\/wp-content\/uploads\/2026\/03\/O4VYHTlPsBtCMxtiqvFWLnmPshD1EKNJFkNrnKZC.webp\" \/>\n\t<meta property=\"og:image:width\" content=\"1024\" \/>\n\t<meta property=\"og:image:height\" content=\"1024\" \/>\n\t<meta property=\"og:image:type\" content=\"image\/webp\" \/>\n<meta name=\"twitter:card\" content=\"summary_large_image\" \/>\n<meta name=\"twitter:label1\" content=\"Ansl. lesetid\" \/>\n\t<meta name=\"twitter:data1\" content=\"3 minutter\" \/>\n<script type=\"application\/ld+json\" class=\"yoast-schema-graph\">{\"@context\":\"https:\/\/schema.org\",\"@graph\":[{\"@type\":\"WebPage\",\"@id\":\"https:\/\/xenonkungen.com\/produkt\/tershine-extract-alkalisk-avfettning-25-l\/\",\"url\":\"https:\/\/xenonkungen.com\/produkt\/tershine-extract-alkalisk-avfettning-25-l\/\",\"name\":\"Tershine Extract - Alkalisk avfettning 25 L - Xenonkungen\",\"isPartOf\":{\"@id\":\"https:\/\/xenonkungen.com\/#website\"},\"primaryImageOfPage\":{\"@id\":\"https:\/\/xenonkungen.com\/produkt\/tershine-extract-alkalisk-avfettning-25-l\/#primaryimage\"},\"image\":{\"@id\":\"https:\/\/xenonkungen.com\/produkt\/tershine-extract-alkalisk-avfettning-25-l\/#primaryimage\"},\"thumbnailUrl\":\"https:\/\/xenonkungen.com\/wp-content\/uploads\/2026\/03\/O4VYHTlPsBtCMxtiqvFWLnmPshD1EKNJFkNrnKZC.webp\",\"datePublished\":\"2026-03-16T08:48:54+00:00\",\"dateModified\":\"2026-05-12T13:37:46+00:00\",\"breadcrumb\":{\"@id\":\"https:\/\/xenonkungen.com\/produkt\/tershine-extract-alkalisk-avfettning-25-l\/#breadcrumb\"},\"inLanguage\":\"nb-NO\",\"potentialAction\":[{\"@type\":\"ReadAction\",\"target\":[\"https:\/\/xenonkungen.com\/produkt\/tershine-extract-alkalisk-avfettning-25-l\/\"]}]},{\"@type\":\"ImageObject\",\"inLanguage\":\"nb-NO\",\"@id\":\"https:\/\/xenonkungen.com\/produkt\/tershine-extract-alkalisk-avfettning-25-l\/#primaryimage\",\"url\":\"https:\/\/xenonkungen.com\/wp-content\/uploads\/2026\/03\/O4VYHTlPsBtCMxtiqvFWLnmPshD1EKNJFkNrnKZC.webp\",\"contentUrl\":\"https:\/\/xenonkungen.com\/wp-content\/uploads\/2026\/03\/O4VYHTlPsBtCMxtiqvFWLnmPshD1EKNJFkNrnKZC.webp\",\"width\":1024,\"height\":1024},{\"@type\":\"BreadcrumbList\",\"@id\":\"https:\/\/xenonkungen.com\/produkt\/tershine-extract-alkalisk-avfettning-25-l\/#breadcrumb\",\"itemListElement\":[{\"@type\":\"ListItem\",\"position\":1,\"name\":\"Hem\",\"item\":\"https:\/\/xenonkungen.com\/\"},{\"@type\":\"ListItem\",\"position\":2,\"name\":\"Shop\",\"item\":\"https:\/\/xenonkungen.com\/shop\/\"},{\"@type\":\"ListItem\",\"position\":3,\"name\":\"Tershine Extract &#8211; Alkalisk avfettning 25 L\"}]},{\"@type\":\"WebSite\",\"@id\":\"https:\/\/xenonkungen.com\/#website\",\"url\":\"https:\/\/xenonkungen.com\/\",\"name\":\"Xenonkungen\",\"description\":\"\",\"potentialAction\":[{\"@type\":\"SearchAction\",\"target\":{\"@type\":\"EntryPoint\",\"urlTemplate\":\"https:\/\/xenonkungen.com\/?s={search_term_string}\"},\"query-input\":{\"@type\":\"PropertyValueSpecification\",\"valueRequired\":true,\"valueName\":\"search_term_string\"}}],\"inLanguage\":\"nb-NO\"}]}<\/script>\n<!-- \/ Yoast SEO plugin. -->","yoast_head_json":{"title":"Tershine Extract - Alkalisk avfettning 25 L - Xenonkungen","robots":{"index":"index","follow":"follow","max-snippet":"max-snippet:-1","max-image-preview":"max-image-preview:large","max-video-preview":"max-video-preview:-1"},"canonical":"https:\/\/xenonkungen.com\/no\/produkt\/tershine-extract-alkalisk-avfettning-25-l\/","og_locale":"nb_NO","og_type":"article","og_title":"Tershine Extract - Alkalisk avfettning 25 L - Xenonkungen","og_description":"Superkoncentrad alkalisk avfettning - en kraftfull reng\u00f6ringsprodukt som effektivt tar bort trafikfilm, insekter, alger och smuts fr\u00e5n bil, b\u00e5t och hus. L\u00f6ser all form av organisk smuts!","og_url":"https:\/\/xenonkungen.com\/no\/produkt\/tershine-extract-alkalisk-avfettning-25-l\/","og_site_name":"Xenonkungen","article_modified_time":"2026-05-12T13:37:46+00:00","og_image":[{"width":1024,"height":1024,"url":"https:\/\/xenonkungen.com\/wp-content\/uploads\/2026\/03\/O4VYHTlPsBtCMxtiqvFWLnmPshD1EKNJFkNrnKZC.webp","type":"image\/webp"}],"twitter_card":"summary_large_image","twitter_misc":{"Ansl. lesetid":"3 minutter"},"schema":{"@context":"https:\/\/schema.org","@graph":[{"@type":"WebPage","@id":"https:\/\/xenonkungen.com\/produkt\/tershine-extract-alkalisk-avfettning-25-l\/","url":"https:\/\/xenonkungen.com\/produkt\/tershine-extract-alkalisk-avfettning-25-l\/","name":"Tershine Extract - Alkalisk avfettning 25 L - Xenonkungen","isPartOf":{"@id":"https:\/\/xenonkungen.com\/#website"},"primaryImageOfPage":{"@id":"https:\/\/xenonkungen.com\/produkt\/tershine-extract-alkalisk-avfettning-25-l\/#primaryimage"},"image":{"@id":"https:\/\/xenonkungen.com\/produkt\/tershine-extract-alkalisk-avfettning-25-l\/#primaryimage"},"thumbnailUrl":"https:\/\/xenonkungen.com\/wp-content\/uploads\/2026\/03\/O4VYHTlPsBtCMxtiqvFWLnmPshD1EKNJFkNrnKZC.webp","datePublished":"2026-03-16T08:48:54+00:00","dateModified":"2026-05-12T13:37:46+00:00","breadcrumb":{"@id":"https:\/\/xenonkungen.com\/produkt\/tershine-extract-alkalisk-avfettning-25-l\/#breadcrumb"},"inLanguage":"nb-NO","potentialAction":[{"@type":"ReadAction","target":["https:\/\/xenonkungen.com\/produkt\/tershine-extract-alkalisk-avfettning-25-l\/"]}]},{"@type":"ImageObject","inLanguage":"nb-NO","@id":"https:\/\/xenonkungen.com\/produkt\/tershine-extract-alkalisk-avfettning-25-l\/#primaryimage","url":"https:\/\/xenonkungen.com\/wp-content\/uploads\/2026\/03\/O4VYHTlPsBtCMxtiqvFWLnmPshD1EKNJFkNrnKZC.webp","contentUrl":"https:\/\/xenonkungen.com\/wp-content\/uploads\/2026\/03\/O4VYHTlPsBtCMxtiqvFWLnmPshD1EKNJFkNrnKZC.webp","width":1024,"height":1024},{"@type":"BreadcrumbList","@id":"https:\/\/xenonkungen.com\/produkt\/tershine-extract-alkalisk-avfettning-25-l\/#breadcrumb","itemListElement":[{"@type":"ListItem","position":1,"name":"Hem","item":"https:\/\/xenonkungen.com\/"},{"@type":"ListItem","position":2,"name":"Shop","item":"https:\/\/xenonkungen.com\/shop\/"},{"@type":"ListItem","position":3,"name":"Tershine Extract &#8211; Alkalisk avfettning 25 L"}]},{"@type":"WebSite","@id":"https:\/\/xenonkungen.com\/#website","url":"https:\/\/xenonkungen.com\/","name":"Xenonkungen","description":"","potentialAction":[{"@type":"SearchAction","target":{"@type":"EntryPoint","urlTemplate":"https:\/\/xenonkungen.com\/?s={search_term_string}"},"query-input":{"@type":"PropertyValueSpecification","valueRequired":true,"valueName":"search_term_string"}}],"inLanguage":"nb-NO"}]}},"taxonomy_info":{"product_brand":[{"value":2893,"label":"Tershine"}],"product_cat":[{"value":2988,"label":"1 | Biltv\u00e4tt"},{"value":2989,"label":"2 | Avfettning"},{"value":378,"label":"Bilv\u00e5rd"}]},"featured_image_src_large":["https:\/\/xenonkungen.com\/wp-content\/uploads\/2026\/03\/O4VYHTlPsBtCMxtiqvFWLnmPshD1EKNJFkNrnKZC.webp",1024,1024,false],"author_info":[],"comment_info":0,"_links":{"self":[{"href":"https:\/\/xenonkungen.com\/no\/wp-json\/wp\/v2\/product\/27838","targetHints":{"allow":["GET"]}}],"collection":[{"href":"https:\/\/xenonkungen.com\/no\/wp-json\/wp\/v2\/product"}],"about":[{"href":"https:\/\/xenonkungen.com\/no\/wp-json\/wp\/v2\/types\/product"}],"replies":[{"embeddable":true,"href":"https:\/\/xenonkungen.com\/no\/wp-json\/wp\/v2\/comments?post=27838"}],"wp:featuredmedia":[{"embeddable":true,"href":"https:\/\/xenonkungen.com\/no\/wp-json\/wp\/v2\/media\/27839"}],"wp:attachment":[{"href":"https:\/\/xenonkungen.com\/no\/wp-json\/wp\/v2\/media?parent=27838"}],"wp:term":[{"taxonomy":"anvandningsomrade","embeddable":true,"href":"https:\/\/xenonkungen.com\/no\/wp-json\/wp\/v2\/anvandningsomrade?post=27838"},{"taxonomy":"bilmarken","embeddable":true,"href":"https:\/\/xenonkungen.com\/no\/wp-json\/wp\/v2\/bilmarken?post=27838"},{"taxonomy":"product_brand","embeddable":true,"href":"https:\/\/xenonkungen.com\/no\/wp-json\/wp\/v2\/product_brand?post=27838"},{"taxonomy":"product_cat","embeddable":true,"href":"https:\/\/xenonkungen.com\/no\/wp-json\/wp\/v2\/product_cat?post=27838"},{"taxonomy":"product_tag","embeddable":true,"href":"https:\/\/xenonkungen.com\/no\/wp-json\/wp\/v2\/product_tag?post=27838"}],"curies":[{"name":"wp","href":"https:\/\/api.w.org\/{rel}","templated":true}]}}