{"id":27843,"date":"2026-03-16T10:13:26","date_gmt":"2026-03-16T09:13:26","guid":{"rendered":"https:\/\/xenonkungen.com\/?post_type=product&#038;p=27843"},"modified":"2026-05-12T14:36:37","modified_gmt":"2026-05-12T13:36:37","slug":"tershine-ekstrakt-alkalisk-avfettingspute-ferdiglaget-1-l","status":"publish","type":"product","link":"https:\/\/xenonkungen.com\/no\/produkt\/tershine-ekstrakt-alkalisk-avfettingspute-ferdiglaget-1-l\/","title":{"rendered":"Tershine-ekstrakt \u2013 Alkalisk avfetting ferdigfortynnet 1 l"},"content":{"rendered":"<p>Ferdigblandet alkalisk avfettingsmiddel som effektivt fjerner alle typer organisk smuss som fluer, insekter, trafikkfilm, alger, pollen, mugg og annen vekst.<\/p>\n<p><strong>Bruksl\u00f8sning<br \/>\nGrusom mot alle former for organisk smuss<br \/>\nSv\u00e6rt effektiv p\u00e5 de fleste materialer<br \/>\nGrusom som insektfjerner<br \/>\nFungerer p\u00e5 bil, campingvogn, campingvogn, b\u00e5t, terrasse, fasade, baderom osv.<br \/>\nSnill mot aluminium<br \/>\nTilgjengelig i flere st\u00f8rrelser<br \/>\nProduktet er ikke klassifisert som merkepliktig i henhold til CLP-forordning (EF) 1272\/2008.<br \/>\nDet\/de overflateaktive stoffet\/stoffene i dette preparatet oppfyller kriteriene for biologisk nedbrytbarhet i EU-forordning (EF) nr. 648\/2004 om vaske- og rengj\u00f8ringsmidler.<\/strong><\/p>\n<p>Ekstrakt \u2013 Klar til bruk er et sv\u00e6rt effektivt alkalisk avfettingsmiddel som passer for alle typer kj\u00f8ret\u00f8y, gulv, fasader osv. L\u00f8fter organisk smuss og dufter herlig av sitrus. Ferdigblandet 10% i vann, og 1 liter kan dermed bli to hvis du blander det ned til 5%. Fungerer ogs\u00e5 utmerket for grovere smuss p\u00e5 gulvmatter osv.<\/p>\n<p><strong>Bruksanvisning Ekstrakt \u2013 Alkalisk avfettingsmiddel, ferdigfortynnet<\/strong><\/p>\n<p><strong>1.\u00a0<\/strong>Spray over den valgte overflaten og la det virke i omtrent et minutt. I kaldt v\u00e6r &lt;10\u00b0C b\u00f8r alle kjemikalier forbli p\u00e5 overflaten betydelig lenger for \u00e5 ha full effekt.<br \/>\n<strong>2.\u00a0<\/strong>Skyll av med h\u00f8yt trykk<br \/>\n<strong>3.\u00a0<\/strong>Start neste trinn i vaskeprosessen<\/p>\n<p>Husk ogs\u00e5 at alle typer kjemikalier, spesielt avfettingsmidler (kalde\/alkaliske), trenger lengre tid p\u00e5 \u00e5 virke p\u00e5 overflaten n\u00e5r det er kaldt, ja, jeg lover at det er en stor forskjell. S\u00e5 pr\u00f8v ut hvilken tid du foretrekker, alt mellom 5\u201315 minutter, men ikke la det t\u00f8rke inn. Finnes ogs\u00e5 i konsentrat der 1 l blir til 20 liter ferdig produkt \u00e5 bruke!<\/p>\n<p>Dette l\u00f8ser ikke tj\u00e6re-\/asfaltflekker, da trenger du v\u00e5rt kalde avfettingsmiddel Dissolve!<\/p>\n<p><strong>Lukt:<\/strong>\u00a0 Sitron<\/p>\n<p><em>Oppbevares frostfritt.<\/em><\/p>","protected":false},"excerpt":{"rendered":"<p>Ekstrakt \u2013 Alkalisk avfetting, ferdigblandet er en flott rengj\u00f8ringsl\u00f8sning som fjerner organisk smuss, trafikkfilm, insekter og alger direkte uten \u00e5 blande.<\/p>","protected":false},"featured_media":27844,"comment_status":"open","ping_status":"closed","template":"","meta":{"_acf_changed":false,"_smort_price_nok":"","_smort_price_dkk":"","_smort_price_eur":"","_smort_sale_price_nok":"","_smort_sale_price_dkk":"","_smort_sale_price_eur":"","smort_restorder":"","shipmondo_restorder":"","_kad_blocks_custom_css":"","_kad_blocks_head_custom_js":"","_kad_blocks_body_custom_js":"","_kad_blocks_footer_custom_js":"","smort_custom_pricelist_1":"63.36","smort_custom_pricelist_2":"63.36","smort_custom_pricelist_3":"63.36","smort_custom_pricelist_4":"79.2","smort_custom_pricelist_5":"63.36"},"anvandningsomrade":[],"bilmarken":[],"product_brand":[2893],"product_cat":[2989,378],"product_tag":[],"class_list":{"0":"post-27843","1":"product","2":"type-product","3":"status-publish","4":"has-post-thumbnail","6":"product_brand-tershine","7":"product_cat-avfettning","8":"product_cat-bilvard","10":"first","11":"onbackorder","12":"taxable","13":"shipping-taxable","14":"purchasable","15":"product-type-simple"},"bundled_by":[],"bundle_stock_status":"onbackorder","bundle_stock_quantity":0,"bundle_virtual":false,"bundle_layout":"","bundle_add_to_cart_form_location":"","bundle_editable_in_cart":false,"bundle_sold_individually_context":"","bundle_item_grouping":"","bundle_min_size":"","bundle_max_size":"","bundle_price":[],"bundled_items":[],"bundle_sell_ids":[],"acf":[],"yoast_head":"<!-- This site is optimized with the Yoast SEO plugin v27.0 - https:\/\/yoast.com\/product\/yoast-seo-wordpress\/ -->\n<title>Tershine Extract - Alkalisk avfettning f\u00e4rdigutsp\u00e4dd 1 L - Xenonkungen<\/title>\n<meta name=\"robots\" content=\"index, follow, max-snippet:-1, max-image-preview:large, max-video-preview:-1\" \/>\n<link rel=\"canonical\" href=\"https:\/\/xenonkungen.com\/no\/produkt\/tershine-ekstrakt-alkalisk-avfettingspute-ferdiglaget-1-l\/\" \/>\n<meta property=\"og:locale\" content=\"nb_NO\" \/>\n<meta property=\"og:type\" content=\"article\" \/>\n<meta property=\"og:title\" content=\"Tershine Extract - Alkalisk avfettning f\u00e4rdigutsp\u00e4dd 1 L - Xenonkungen\" \/>\n<meta property=\"og:description\" content=\"Extract \u2013 Alkalisk avfettning, f\u00e4rdigblandad \u00e4r en grym reng\u00f6ringsl\u00f6sning som tar bort organisk smuts, trafikfilm, insekter och alger direkt utan blandning.\" \/>\n<meta property=\"og:url\" content=\"https:\/\/xenonkungen.com\/no\/produkt\/tershine-ekstrakt-alkalisk-avfettingspute-ferdiglaget-1-l\/\" \/>\n<meta property=\"og:site_name\" content=\"Xenonkungen\" \/>\n<meta property=\"article:modified_time\" content=\"2026-05-12T13:36:37+00:00\" \/>\n<meta property=\"og:image\" content=\"https:\/\/xenonkungen.com\/wp-content\/uploads\/2026\/03\/y2PqxojzwqiRVB1uM2NinNXYsWJgHErZPCDmxxhq.webp\" \/>\n\t<meta property=\"og:image:width\" content=\"1023\" \/>\n\t<meta property=\"og:image:height\" content=\"1023\" \/>\n\t<meta property=\"og:image:type\" content=\"image\/webp\" \/>\n<meta name=\"twitter:card\" content=\"summary_large_image\" \/>\n<meta name=\"twitter:label1\" content=\"Ansl. lesetid\" \/>\n\t<meta name=\"twitter:data1\" content=\"2 minutter\" \/>\n<script type=\"application\/ld+json\" class=\"yoast-schema-graph\">{\"@context\":\"https:\/\/schema.org\",\"@graph\":[{\"@type\":\"WebPage\",\"@id\":\"https:\/\/xenonkungen.com\/produkt\/tershine-extract-alkalisk-avfettning-fardigutspadd-1-l\/\",\"url\":\"https:\/\/xenonkungen.com\/produkt\/tershine-extract-alkalisk-avfettning-fardigutspadd-1-l\/\",\"name\":\"Tershine Extract - Alkalisk avfettning f\u00e4rdigutsp\u00e4dd 1 L - Xenonkungen\",\"isPartOf\":{\"@id\":\"https:\/\/xenonkungen.com\/#website\"},\"primaryImageOfPage\":{\"@id\":\"https:\/\/xenonkungen.com\/produkt\/tershine-extract-alkalisk-avfettning-fardigutspadd-1-l\/#primaryimage\"},\"image\":{\"@id\":\"https:\/\/xenonkungen.com\/produkt\/tershine-extract-alkalisk-avfettning-fardigutspadd-1-l\/#primaryimage\"},\"thumbnailUrl\":\"https:\/\/xenonkungen.com\/wp-content\/uploads\/2026\/03\/y2PqxojzwqiRVB1uM2NinNXYsWJgHErZPCDmxxhq.webp\",\"datePublished\":\"2026-03-16T09:13:26+00:00\",\"dateModified\":\"2026-05-12T13:36:37+00:00\",\"breadcrumb\":{\"@id\":\"https:\/\/xenonkungen.com\/produkt\/tershine-extract-alkalisk-avfettning-fardigutspadd-1-l\/#breadcrumb\"},\"inLanguage\":\"nb-NO\",\"potentialAction\":[{\"@type\":\"ReadAction\",\"target\":[\"https:\/\/xenonkungen.com\/produkt\/tershine-extract-alkalisk-avfettning-fardigutspadd-1-l\/\"]}]},{\"@type\":\"ImageObject\",\"inLanguage\":\"nb-NO\",\"@id\":\"https:\/\/xenonkungen.com\/produkt\/tershine-extract-alkalisk-avfettning-fardigutspadd-1-l\/#primaryimage\",\"url\":\"https:\/\/xenonkungen.com\/wp-content\/uploads\/2026\/03\/y2PqxojzwqiRVB1uM2NinNXYsWJgHErZPCDmxxhq.webp\",\"contentUrl\":\"https:\/\/xenonkungen.com\/wp-content\/uploads\/2026\/03\/y2PqxojzwqiRVB1uM2NinNXYsWJgHErZPCDmxxhq.webp\",\"width\":1023,\"height\":1023},{\"@type\":\"BreadcrumbList\",\"@id\":\"https:\/\/xenonkungen.com\/produkt\/tershine-extract-alkalisk-avfettning-fardigutspadd-1-l\/#breadcrumb\",\"itemListElement\":[{\"@type\":\"ListItem\",\"position\":1,\"name\":\"Hem\",\"item\":\"https:\/\/xenonkungen.com\/\"},{\"@type\":\"ListItem\",\"position\":2,\"name\":\"Shop\",\"item\":\"https:\/\/xenonkungen.com\/shop\/\"},{\"@type\":\"ListItem\",\"position\":3,\"name\":\"Tershine Extract &#8211; Alkalisk avfettning f\u00e4rdigutsp\u00e4dd 1 L\"}]},{\"@type\":\"WebSite\",\"@id\":\"https:\/\/xenonkungen.com\/#website\",\"url\":\"https:\/\/xenonkungen.com\/\",\"name\":\"Xenonkungen\",\"description\":\"\",\"potentialAction\":[{\"@type\":\"SearchAction\",\"target\":{\"@type\":\"EntryPoint\",\"urlTemplate\":\"https:\/\/xenonkungen.com\/?s={search_term_string}\"},\"query-input\":{\"@type\":\"PropertyValueSpecification\",\"valueRequired\":true,\"valueName\":\"search_term_string\"}}],\"inLanguage\":\"nb-NO\"}]}<\/script>\n<!-- \/ Yoast SEO plugin. -->","yoast_head_json":{"title":"Tershine-ekstrakt - Alkalisk avfetting ferdigfortynnet 1 l - Xenonkungen","robots":{"index":"index","follow":"follow","max-snippet":"max-snippet:-1","max-image-preview":"max-image-preview:large","max-video-preview":"max-video-preview:-1"},"canonical":"https:\/\/xenonkungen.com\/no\/produkt\/tershine-ekstrakt-alkalisk-avfettingspute-ferdiglaget-1-l\/","og_locale":"nb_NO","og_type":"article","og_title":"Tershine Extract - Alkalisk avfettning f\u00e4rdigutsp\u00e4dd 1 L - Xenonkungen","og_description":"Extract \u2013 Alkalisk avfettning, f\u00e4rdigblandad \u00e4r en grym reng\u00f6ringsl\u00f6sning som tar bort organisk smuts, trafikfilm, insekter och alger direkt utan blandning.","og_url":"https:\/\/xenonkungen.com\/no\/produkt\/tershine-ekstrakt-alkalisk-avfettingspute-ferdiglaget-1-l\/","og_site_name":"Xenonkungen","article_modified_time":"2026-05-12T13:36:37+00:00","og_image":[{"width":1023,"height":1023,"url":"https:\/\/xenonkungen.com\/wp-content\/uploads\/2026\/03\/y2PqxojzwqiRVB1uM2NinNXYsWJgHErZPCDmxxhq.webp","type":"image\/webp"}],"twitter_card":"summary_large_image","twitter_misc":{"Ansl. lesetid":"2 minutter"},"schema":{"@context":"https:\/\/schema.org","@graph":[{"@type":"WebPage","@id":"https:\/\/xenonkungen.com\/produkt\/tershine-extract-alkalisk-avfettning-fardigutspadd-1-l\/","url":"https:\/\/xenonkungen.com\/produkt\/tershine-extract-alkalisk-avfettning-fardigutspadd-1-l\/","name":"Tershine-ekstrakt - Alkalisk avfetting ferdigfortynnet 1 l - Xenonkungen","isPartOf":{"@id":"https:\/\/xenonkungen.com\/#website"},"primaryImageOfPage":{"@id":"https:\/\/xenonkungen.com\/produkt\/tershine-extract-alkalisk-avfettning-fardigutspadd-1-l\/#primaryimage"},"image":{"@id":"https:\/\/xenonkungen.com\/produkt\/tershine-extract-alkalisk-avfettning-fardigutspadd-1-l\/#primaryimage"},"thumbnailUrl":"https:\/\/xenonkungen.com\/wp-content\/uploads\/2026\/03\/y2PqxojzwqiRVB1uM2NinNXYsWJgHErZPCDmxxhq.webp","datePublished":"2026-03-16T09:13:26+00:00","dateModified":"2026-05-12T13:36:37+00:00","breadcrumb":{"@id":"https:\/\/xenonkungen.com\/produkt\/tershine-extract-alkalisk-avfettning-fardigutspadd-1-l\/#breadcrumb"},"inLanguage":"nb-NO","potentialAction":[{"@type":"ReadAction","target":["https:\/\/xenonkungen.com\/produkt\/tershine-extract-alkalisk-avfettning-fardigutspadd-1-l\/"]}]},{"@type":"ImageObject","inLanguage":"nb-NO","@id":"https:\/\/xenonkungen.com\/produkt\/tershine-extract-alkalisk-avfettning-fardigutspadd-1-l\/#primaryimage","url":"https:\/\/xenonkungen.com\/wp-content\/uploads\/2026\/03\/y2PqxojzwqiRVB1uM2NinNXYsWJgHErZPCDmxxhq.webp","contentUrl":"https:\/\/xenonkungen.com\/wp-content\/uploads\/2026\/03\/y2PqxojzwqiRVB1uM2NinNXYsWJgHErZPCDmxxhq.webp","width":1023,"height":1023},{"@type":"BreadcrumbList","@id":"https:\/\/xenonkungen.com\/produkt\/tershine-extract-alkalisk-avfettning-fardigutspadd-1-l\/#breadcrumb","itemListElement":[{"@type":"ListItem","position":1,"name":"Hem","item":"https:\/\/xenonkungen.com\/"},{"@type":"ListItem","position":2,"name":"Shop","item":"https:\/\/xenonkungen.com\/shop\/"},{"@type":"ListItem","position":3,"name":"Tershine Extract &#8211; Alkalisk avfettning f\u00e4rdigutsp\u00e4dd 1 L"}]},{"@type":"WebSite","@id":"https:\/\/xenonkungen.com\/#website","url":"https:\/\/xenonkungen.com\/","name":"Xenonkungen","description":"","potentialAction":[{"@type":"SearchAction","target":{"@type":"EntryPoint","urlTemplate":"https:\/\/xenonkungen.com\/?s={search_term_string}"},"query-input":{"@type":"PropertyValueSpecification","valueRequired":true,"valueName":"search_term_string"}}],"inLanguage":"nb-NO"}]}},"taxonomy_info":{"product_brand":[{"value":2893,"label":"Tershine"}],"product_cat":[{"value":2989,"label":"2 | Avfettning"},{"value":378,"label":"Bilv\u00e5rd"}]},"featured_image_src_large":["https:\/\/xenonkungen.com\/wp-content\/uploads\/2026\/03\/y2PqxojzwqiRVB1uM2NinNXYsWJgHErZPCDmxxhq.webp",1023,1023,false],"author_info":[],"comment_info":0,"_links":{"self":[{"href":"https:\/\/xenonkungen.com\/no\/wp-json\/wp\/v2\/product\/27843","targetHints":{"allow":["GET"]}}],"collection":[{"href":"https:\/\/xenonkungen.com\/no\/wp-json\/wp\/v2\/product"}],"about":[{"href":"https:\/\/xenonkungen.com\/no\/wp-json\/wp\/v2\/types\/product"}],"replies":[{"embeddable":true,"href":"https:\/\/xenonkungen.com\/no\/wp-json\/wp\/v2\/comments?post=27843"}],"wp:featuredmedia":[{"embeddable":true,"href":"https:\/\/xenonkungen.com\/no\/wp-json\/wp\/v2\/media\/27844"}],"wp:attachment":[{"href":"https:\/\/xenonkungen.com\/no\/wp-json\/wp\/v2\/media?parent=27843"}],"wp:term":[{"taxonomy":"anvandningsomrade","embeddable":true,"href":"https:\/\/xenonkungen.com\/no\/wp-json\/wp\/v2\/anvandningsomrade?post=27843"},{"taxonomy":"bilmarken","embeddable":true,"href":"https:\/\/xenonkungen.com\/no\/wp-json\/wp\/v2\/bilmarken?post=27843"},{"taxonomy":"product_brand","embeddable":true,"href":"https:\/\/xenonkungen.com\/no\/wp-json\/wp\/v2\/product_brand?post=27843"},{"taxonomy":"product_cat","embeddable":true,"href":"https:\/\/xenonkungen.com\/no\/wp-json\/wp\/v2\/product_cat?post=27843"},{"taxonomy":"product_tag","embeddable":true,"href":"https:\/\/xenonkungen.com\/no\/wp-json\/wp\/v2\/product_tag?post=27843"}],"curies":[{"name":"wp","href":"https:\/\/api.w.org\/{rel}","templated":true}]}}