{"id":27851,"date":"2026-03-16T10:16:32","date_gmt":"2026-03-16T09:16:32","guid":{"rendered":"https:\/\/xenonkungen.com\/?post_type=product&#038;p=27851"},"modified":"2026-05-12T14:55:56","modified_gmt":"2026-05-12T13:55:56","slug":"tershine-furrify-dyresjampo-500-ml","status":"publish","type":"product","link":"https:\/\/xenonkungen.com\/no\/produkt\/tershine-furrify-dyresjampo-500-ml\/","title":{"rendered":"Tershine Furrify \u2013 Dyresjampo 500 ml"},"content":{"rendered":"<p>Furrify er en effektiv og sk\u00e5nsom plantebasert sjampo for alle typer pels. Perfekt for hunder, hester eller katter.<\/p>\n<p><strong>Sv\u00e6rt effektiv, men samtidig sk\u00e5nsom<br \/>\nPlantebaserte r\u00e5varer<br \/>\nPasser for hunder, hester, katter og mer<br \/>\nP\u00e5virker ikke dyrets naturlige fettbarriere<br \/>\nInneholder balsam<br \/>\nIngen lukt, dyr kan f\u00f8le seg veldig d\u00e5rlige av lukter<br \/>\nLuktblokkering<br \/>\nSv\u00e6rt litt<\/strong><\/p>\n<p>&nbsp;<\/p>\n<p><strong>Slik bruker du Furrify \u2013 Kj\u00e6ledyrsjampo<\/strong><\/p>\n<p><strong>1.<\/strong>\u00a0Dusj dyret ditt med vann<br \/>\n<strong>2.\u00a0<\/strong><span style=\"font-family: BlinkMacSystemFont, -apple-system, Segoe UI, Roboto, Oxygen, Ubuntu, Cantarell, Fira Sans, Droid Sans, Helvetica Neue, Helvetica, Arial, sans-serif;\">Masser en d\u00e6sj med Furrify inn i pelsen, eller direkte p\u00e5 pelsen.<\/span><br \/>\n<strong>3.<\/strong><span style=\"font-family: BlinkMacSystemFont, -apple-system, Segoe UI, Roboto, Oxygen, Ubuntu, Cantarell, Fira Sans, Droid Sans, Helvetica Neue, Helvetica, Arial, sans-serif;\">\u00a0Skyll grundig.\u00a0<\/span><br \/>\n<strong>4.<\/strong>\u00a0Kos deg med en ren og fin venn!<\/p>\n<p><em>PS. Bland gjerne \u00f8nsket mengde i en flaske med vann, rist og hell deretter direkte p\u00e5 pelsen. Alternativt kan du bruke en sprayflaske og spraye det ut.\u00a0<\/em><\/p>\n<p>&nbsp;<\/p>\n<p>Furrify er en sv\u00e6rt effektiv sjampo for kj\u00e6ledyr basert p\u00e5 100% fornybare r\u00e5varer. Formelen er utviklet for aktivt \u00e5 eliminere luktende organiske molekyler uten \u00e5 t\u00f8rke ut dyrets naturlige oljebarriere. Perfekt for \u00e5 vaske hunden, hesten, katten eller ethvert dyr med pels.<\/p>\n<p>Kun tre overflateaktive stoffer og et naturlig konserveringsmiddel. Den inneholder natriumlauretsulfat, betain og sultanin. Disse overflateaktive stoffene er ekstra renset for \u00e5 fjerne alkoholforbindelser under produksjonsprosessen. Dette er en fullstendig stabil formel som rengj\u00f8r veldig godt uten \u00e5 skade dyret ditt.<\/p>\n<div class=\"text_exposed_show\">\n<div class=\"text_exposed_show\">\n<p>Helt fri for parabener og andre skadelige stoffer. Fungerer utmerket p\u00e5 alle typer pels.<\/p>\n<p><strong>Lukt:<\/strong>\u00a0Helt uten parfyme<\/p>\n<\/div>\n<\/div>","protected":false},"excerpt":{"rendered":"<p>Dyresjampo som er effektiv og sk\u00e5nsom mot alle typer pels. Perfekt for hunder, hester eller katter.<\/p>","protected":false},"featured_media":27852,"comment_status":"open","ping_status":"closed","template":"","meta":{"_acf_changed":false,"_smort_price_nok":"","_smort_price_dkk":"","_smort_price_eur":"","_smort_sale_price_nok":"","_smort_sale_price_dkk":"","_smort_sale_price_eur":"","smort_restorder":"","shipmondo_restorder":"","_kad_blocks_custom_css":"","_kad_blocks_head_custom_js":"","_kad_blocks_body_custom_js":"","_kad_blocks_footer_custom_js":"","smort_custom_pricelist_1":"127.36","smort_custom_pricelist_2":"127.36","smort_custom_pricelist_3":"127.36","smort_custom_pricelist_4":"159.2","smort_custom_pricelist_5":"127.36"},"anvandningsomrade":[],"bilmarken":[],"product_brand":[2893],"product_cat":[2617,378],"product_tag":[],"class_list":{"0":"post-27851","1":"product","2":"type-product","3":"status-publish","4":"has-post-thumbnail","6":"product_brand-tershine","7":"product_cat-polering","8":"product_cat-bilvard","10":"first","11":"onbackorder","12":"taxable","13":"shipping-taxable","14":"purchasable","15":"product-type-simple"},"bundled_by":[],"bundle_stock_status":"onbackorder","bundle_stock_quantity":0,"bundle_virtual":false,"bundle_layout":"","bundle_add_to_cart_form_location":"","bundle_editable_in_cart":false,"bundle_sold_individually_context":"","bundle_item_grouping":"","bundle_min_size":"","bundle_max_size":"","bundle_price":[],"bundled_items":[],"bundle_sell_ids":[],"acf":[],"yoast_head":"<!-- This site is optimized with the Yoast SEO plugin v27.0 - https:\/\/yoast.com\/product\/yoast-seo-wordpress\/ -->\n<title>Tershine Furrify - Djurschampo 500 ml - Xenonkungen<\/title>\n<meta name=\"robots\" content=\"index, follow, max-snippet:-1, max-image-preview:large, max-video-preview:-1\" \/>\n<link rel=\"canonical\" href=\"https:\/\/xenonkungen.com\/no\/produkt\/tershine-furrify-dyresjampo-500-ml\/\" \/>\n<meta property=\"og:locale\" content=\"nb_NO\" \/>\n<meta property=\"og:type\" content=\"article\" \/>\n<meta property=\"og:title\" content=\"Tershine Furrify - Djurschampo 500 ml - Xenonkungen\" \/>\n<meta property=\"og:description\" content=\"Djurschampo som \u00e4r effektivt och skonsamt f\u00f6r alla typer av p\u00e4ls. Perfekt till hund, h\u00e4st eller katt.\" \/>\n<meta property=\"og:url\" content=\"https:\/\/xenonkungen.com\/no\/produkt\/tershine-furrify-dyresjampo-500-ml\/\" \/>\n<meta property=\"og:site_name\" content=\"Xenonkungen\" \/>\n<meta property=\"article:modified_time\" content=\"2026-05-12T13:55:56+00:00\" \/>\n<meta property=\"og:image\" content=\"https:\/\/xenonkungen.com\/wp-content\/uploads\/2026\/03\/KN5Q3i0qVi5l7tVqHLs02MBBWP4NwCQStJkc4aTk.webp\" \/>\n\t<meta property=\"og:image:width\" content=\"1024\" \/>\n\t<meta property=\"og:image:height\" content=\"1024\" \/>\n\t<meta property=\"og:image:type\" content=\"image\/webp\" \/>\n<meta name=\"twitter:card\" content=\"summary_large_image\" \/>\n<meta name=\"twitter:label1\" content=\"Ansl. lesetid\" \/>\n\t<meta name=\"twitter:data1\" content=\"2 minutter\" \/>\n<script type=\"application\/ld+json\" class=\"yoast-schema-graph\">{\"@context\":\"https:\/\/schema.org\",\"@graph\":[{\"@type\":\"WebPage\",\"@id\":\"https:\/\/xenonkungen.com\/produkt\/tershine-furrify-djurschampo-500-ml\/\",\"url\":\"https:\/\/xenonkungen.com\/produkt\/tershine-furrify-djurschampo-500-ml\/\",\"name\":\"Tershine Furrify - Djurschampo 500 ml - Xenonkungen\",\"isPartOf\":{\"@id\":\"https:\/\/xenonkungen.com\/#website\"},\"primaryImageOfPage\":{\"@id\":\"https:\/\/xenonkungen.com\/produkt\/tershine-furrify-djurschampo-500-ml\/#primaryimage\"},\"image\":{\"@id\":\"https:\/\/xenonkungen.com\/produkt\/tershine-furrify-djurschampo-500-ml\/#primaryimage\"},\"thumbnailUrl\":\"https:\/\/xenonkungen.com\/wp-content\/uploads\/2026\/03\/KN5Q3i0qVi5l7tVqHLs02MBBWP4NwCQStJkc4aTk.webp\",\"datePublished\":\"2026-03-16T09:16:32+00:00\",\"dateModified\":\"2026-05-12T13:55:56+00:00\",\"breadcrumb\":{\"@id\":\"https:\/\/xenonkungen.com\/produkt\/tershine-furrify-djurschampo-500-ml\/#breadcrumb\"},\"inLanguage\":\"nb-NO\",\"potentialAction\":[{\"@type\":\"ReadAction\",\"target\":[\"https:\/\/xenonkungen.com\/produkt\/tershine-furrify-djurschampo-500-ml\/\"]}]},{\"@type\":\"ImageObject\",\"inLanguage\":\"nb-NO\",\"@id\":\"https:\/\/xenonkungen.com\/produkt\/tershine-furrify-djurschampo-500-ml\/#primaryimage\",\"url\":\"https:\/\/xenonkungen.com\/wp-content\/uploads\/2026\/03\/KN5Q3i0qVi5l7tVqHLs02MBBWP4NwCQStJkc4aTk.webp\",\"contentUrl\":\"https:\/\/xenonkungen.com\/wp-content\/uploads\/2026\/03\/KN5Q3i0qVi5l7tVqHLs02MBBWP4NwCQStJkc4aTk.webp\",\"width\":1024,\"height\":1024},{\"@type\":\"BreadcrumbList\",\"@id\":\"https:\/\/xenonkungen.com\/produkt\/tershine-furrify-djurschampo-500-ml\/#breadcrumb\",\"itemListElement\":[{\"@type\":\"ListItem\",\"position\":1,\"name\":\"Hem\",\"item\":\"https:\/\/xenonkungen.com\/\"},{\"@type\":\"ListItem\",\"position\":2,\"name\":\"Shop\",\"item\":\"https:\/\/xenonkungen.com\/shop\/\"},{\"@type\":\"ListItem\",\"position\":3,\"name\":\"Tershine Furrify &#8211; Djurschampo 500 ml\"}]},{\"@type\":\"WebSite\",\"@id\":\"https:\/\/xenonkungen.com\/#website\",\"url\":\"https:\/\/xenonkungen.com\/\",\"name\":\"Xenonkungen\",\"description\":\"\",\"potentialAction\":[{\"@type\":\"SearchAction\",\"target\":{\"@type\":\"EntryPoint\",\"urlTemplate\":\"https:\/\/xenonkungen.com\/?s={search_term_string}\"},\"query-input\":{\"@type\":\"PropertyValueSpecification\",\"valueRequired\":true,\"valueName\":\"search_term_string\"}}],\"inLanguage\":\"nb-NO\"}]}<\/script>\n<!-- \/ Yoast SEO plugin. -->","yoast_head_json":{"title":"Tershine Furrify - Kj\u00e6ledyrsjampo 500 ml - Xenon-kongen","robots":{"index":"index","follow":"follow","max-snippet":"max-snippet:-1","max-image-preview":"max-image-preview:large","max-video-preview":"max-video-preview:-1"},"canonical":"https:\/\/xenonkungen.com\/no\/produkt\/tershine-furrify-dyresjampo-500-ml\/","og_locale":"nb_NO","og_type":"article","og_title":"Tershine Furrify - Djurschampo 500 ml - Xenonkungen","og_description":"Djurschampo som \u00e4r effektivt och skonsamt f\u00f6r alla typer av p\u00e4ls. Perfekt till hund, h\u00e4st eller katt.","og_url":"https:\/\/xenonkungen.com\/no\/produkt\/tershine-furrify-dyresjampo-500-ml\/","og_site_name":"Xenonkungen","article_modified_time":"2026-05-12T13:55:56+00:00","og_image":[{"width":1024,"height":1024,"url":"https:\/\/xenonkungen.com\/wp-content\/uploads\/2026\/03\/KN5Q3i0qVi5l7tVqHLs02MBBWP4NwCQStJkc4aTk.webp","type":"image\/webp"}],"twitter_card":"summary_large_image","twitter_misc":{"Ansl. lesetid":"2 minutter"},"schema":{"@context":"https:\/\/schema.org","@graph":[{"@type":"WebPage","@id":"https:\/\/xenonkungen.com\/produkt\/tershine-furrify-djurschampo-500-ml\/","url":"https:\/\/xenonkungen.com\/produkt\/tershine-furrify-djurschampo-500-ml\/","name":"Tershine Furrify - Kj\u00e6ledyrsjampo 500 ml - Xenon-kongen","isPartOf":{"@id":"https:\/\/xenonkungen.com\/#website"},"primaryImageOfPage":{"@id":"https:\/\/xenonkungen.com\/produkt\/tershine-furrify-djurschampo-500-ml\/#primaryimage"},"image":{"@id":"https:\/\/xenonkungen.com\/produkt\/tershine-furrify-djurschampo-500-ml\/#primaryimage"},"thumbnailUrl":"https:\/\/xenonkungen.com\/wp-content\/uploads\/2026\/03\/KN5Q3i0qVi5l7tVqHLs02MBBWP4NwCQStJkc4aTk.webp","datePublished":"2026-03-16T09:16:32+00:00","dateModified":"2026-05-12T13:55:56+00:00","breadcrumb":{"@id":"https:\/\/xenonkungen.com\/produkt\/tershine-furrify-djurschampo-500-ml\/#breadcrumb"},"inLanguage":"nb-NO","potentialAction":[{"@type":"ReadAction","target":["https:\/\/xenonkungen.com\/produkt\/tershine-furrify-djurschampo-500-ml\/"]}]},{"@type":"ImageObject","inLanguage":"nb-NO","@id":"https:\/\/xenonkungen.com\/produkt\/tershine-furrify-djurschampo-500-ml\/#primaryimage","url":"https:\/\/xenonkungen.com\/wp-content\/uploads\/2026\/03\/KN5Q3i0qVi5l7tVqHLs02MBBWP4NwCQStJkc4aTk.webp","contentUrl":"https:\/\/xenonkungen.com\/wp-content\/uploads\/2026\/03\/KN5Q3i0qVi5l7tVqHLs02MBBWP4NwCQStJkc4aTk.webp","width":1024,"height":1024},{"@type":"BreadcrumbList","@id":"https:\/\/xenonkungen.com\/produkt\/tershine-furrify-djurschampo-500-ml\/#breadcrumb","itemListElement":[{"@type":"ListItem","position":1,"name":"Hem","item":"https:\/\/xenonkungen.com\/"},{"@type":"ListItem","position":2,"name":"Shop","item":"https:\/\/xenonkungen.com\/shop\/"},{"@type":"ListItem","position":3,"name":"Tershine Furrify &#8211; Djurschampo 500 ml"}]},{"@type":"WebSite","@id":"https:\/\/xenonkungen.com\/#website","url":"https:\/\/xenonkungen.com\/","name":"Xenonkungen","description":"","potentialAction":[{"@type":"SearchAction","target":{"@type":"EntryPoint","urlTemplate":"https:\/\/xenonkungen.com\/?s={search_term_string}"},"query-input":{"@type":"PropertyValueSpecification","valueRequired":true,"valueName":"search_term_string"}}],"inLanguage":"nb-NO"}]}},"taxonomy_info":{"product_brand":[{"value":2893,"label":"Tershine"}],"product_cat":[{"value":2617,"label":"3 | Polering"},{"value":378,"label":"Bilv\u00e5rd"}]},"featured_image_src_large":["https:\/\/xenonkungen.com\/wp-content\/uploads\/2026\/03\/KN5Q3i0qVi5l7tVqHLs02MBBWP4NwCQStJkc4aTk.webp",1024,1024,false],"author_info":[],"comment_info":0,"_links":{"self":[{"href":"https:\/\/xenonkungen.com\/no\/wp-json\/wp\/v2\/product\/27851","targetHints":{"allow":["GET"]}}],"collection":[{"href":"https:\/\/xenonkungen.com\/no\/wp-json\/wp\/v2\/product"}],"about":[{"href":"https:\/\/xenonkungen.com\/no\/wp-json\/wp\/v2\/types\/product"}],"replies":[{"embeddable":true,"href":"https:\/\/xenonkungen.com\/no\/wp-json\/wp\/v2\/comments?post=27851"}],"wp:featuredmedia":[{"embeddable":true,"href":"https:\/\/xenonkungen.com\/no\/wp-json\/wp\/v2\/media\/27852"}],"wp:attachment":[{"href":"https:\/\/xenonkungen.com\/no\/wp-json\/wp\/v2\/media?parent=27851"}],"wp:term":[{"taxonomy":"anvandningsomrade","embeddable":true,"href":"https:\/\/xenonkungen.com\/no\/wp-json\/wp\/v2\/anvandningsomrade?post=27851"},{"taxonomy":"bilmarken","embeddable":true,"href":"https:\/\/xenonkungen.com\/no\/wp-json\/wp\/v2\/bilmarken?post=27851"},{"taxonomy":"product_brand","embeddable":true,"href":"https:\/\/xenonkungen.com\/no\/wp-json\/wp\/v2\/product_brand?post=27851"},{"taxonomy":"product_cat","embeddable":true,"href":"https:\/\/xenonkungen.com\/no\/wp-json\/wp\/v2\/product_cat?post=27851"},{"taxonomy":"product_tag","embeddable":true,"href":"https:\/\/xenonkungen.com\/no\/wp-json\/wp\/v2\/product_tag?post=27851"}],"curies":[{"name":"wp","href":"https:\/\/api.w.org\/{rel}","templated":true}]}}