{"id":27853,"date":"2026-03-16T10:31:53","date_gmt":"2026-03-16T09:31:53","guid":{"rendered":"https:\/\/xenonkungen.com\/?post_type=product&#038;p=27853"},"modified":"2026-05-12T14:55:39","modified_gmt":"2026-05-12T13:55:39","slug":"tershine-luftfrisker","status":"publish","type":"product","link":"https:\/\/xenonkungen.com\/no\/produkt\/tershine-luftfrisker\/","title":{"rendered":"Tershine luftfrisker"},"content":{"rendered":"<p data-start=\"175\" data-end=\"222\"><strong data-start=\"175\" data-end=\"222\">Luftfrisker \u2013 enkel, stilig og effektiv<\/strong><\/p>\n<p data-start=\"224\" data-end=\"399\">En diskr\u00e9 luftfrisker som festes direkte til bilens luftventil. Designet glir inn i interi\u00f8ret og gir en jevn duft i opptil 30 dager \u2013 uten drypp.<\/p>\n<p data-start=\"401\" data-end=\"528\">Takket v\u00e6re fullvolumteknologi er duften innebygd i hele materialet, noe som gir en stabil og langvarig effekt fra start til slutt.<\/p>\n<p data-start=\"530\" data-end=\"613\">Fungerer like bra hjemme \u2013 i skapet, p\u00e5 badet eller hvor du enn vil friske deg opp litt.<\/p>\n<p data-start=\"615\" data-end=\"771\"><strong data-start=\"615\" data-end=\"633\">Slik fungerer det:<\/strong><br data-start=\"633\" data-end=\"636\" \/>Fest klipsen til luftventilen og klikk luftfriskeren p\u00e5 plass til du h\u00f8rer et svakt klikk. Duften vil automatisk spre seg n\u00e5r luften passerer gjennom.<\/p>\n<p data-start=\"773\" data-end=\"851\"><strong>Tilgjengelig i duftene:<\/strong>\u00a0Gr\u00f8nt eple, lime, vanilje, tyggegummi, sedertre og kirseb\u00e6r. ps. duften av sedertre lukter litt annerledes enn v\u00e5r APC \u2013 sedertre, siden det er en kombinasjon av to forskjellige tresorter.<\/p>","protected":false},"excerpt":{"rendered":"<p>Liten, stilig luftfrisker som sprer en jevn duft i opptil 30 dager. Enkel \u00e5 feste p\u00e5 bilens luftventil \u2013 eller bruke hjemme.<\/p>","protected":false},"featured_media":27859,"comment_status":"open","ping_status":"closed","template":"","meta":{"_acf_changed":false,"_smort_price_nok":"","_smort_price_dkk":"","_smort_price_eur":"","_smort_sale_price_nok":"","_smort_sale_price_dkk":"","_smort_sale_price_eur":"","smort_restorder":"","shipmondo_restorder":"","_kad_blocks_custom_css":"","_kad_blocks_head_custom_js":"","_kad_blocks_body_custom_js":"","_kad_blocks_footer_custom_js":"","smort_custom_pricelist_1":null,"smort_custom_pricelist_2":null,"smort_custom_pricelist_3":null,"smort_custom_pricelist_4":null,"smort_custom_pricelist_5":null},"anvandningsomrade":[],"bilmarken":[],"product_brand":[2893],"product_cat":[2617,2447,378],"product_tag":[],"class_list":{"0":"post-27853","1":"product","2":"type-product","3":"status-publish","4":"has-post-thumbnail","6":"product_brand-tershine","7":"product_cat-polering","8":"product_cat-doft","9":"product_cat-bilvard","11":"first","12":"onbackorder","13":"taxable","14":"shipping-taxable","15":"purchasable","16":"product-type-variable"},"bundled_by":[],"bundle_stock_status":"onbackorder","bundle_stock_quantity":null,"bundle_virtual":false,"bundle_layout":"","bundle_add_to_cart_form_location":"","bundle_editable_in_cart":false,"bundle_sold_individually_context":"","bundle_item_grouping":"","bundle_min_size":"","bundle_max_size":"","bundle_price":[],"bundled_items":[],"bundle_sell_ids":[],"acf":[],"yoast_head":"<!-- This site is optimized with the Yoast SEO plugin v27.0 - https:\/\/yoast.com\/product\/yoast-seo-wordpress\/ -->\n<title>Tershine Luftfr\u00e4schare - Xenonkungen<\/title>\n<meta name=\"robots\" content=\"index, follow, max-snippet:-1, max-image-preview:large, max-video-preview:-1\" \/>\n<link rel=\"canonical\" href=\"https:\/\/xenonkungen.com\/no\/produkt\/tershine-luftfrisker\/\" \/>\n<meta property=\"og:locale\" content=\"nb_NO\" \/>\n<meta property=\"og:type\" content=\"article\" \/>\n<meta property=\"og:title\" content=\"Tershine Luftfr\u00e4schare - Xenonkungen\" \/>\n<meta property=\"og:description\" content=\"Liten, stilren luftfr\u00e4schare som sprider j\u00e4mn doft i upp till 30 dagar. Enkel att klicka fast i bilens luftventil \u2013 eller anv\u00e4nda hemma\" \/>\n<meta property=\"og:url\" content=\"https:\/\/xenonkungen.com\/no\/produkt\/tershine-luftfrisker\/\" \/>\n<meta property=\"og:site_name\" content=\"Xenonkungen\" \/>\n<meta property=\"article:modified_time\" content=\"2026-05-12T13:55:39+00:00\" \/>\n<meta property=\"og:image\" content=\"https:\/\/xenonkungen.com\/wp-content\/uploads\/2026\/03\/cTTjsaVZeK70upx4hvwOkktxgOBUSqZuhiDG5Rhk.webp\" \/>\n\t<meta property=\"og:image:width\" content=\"1024\" \/>\n\t<meta property=\"og:image:height\" content=\"1024\" \/>\n\t<meta property=\"og:image:type\" content=\"image\/webp\" \/>\n<meta name=\"twitter:card\" content=\"summary_large_image\" \/>\n<meta name=\"twitter:label1\" content=\"Ansl. lesetid\" \/>\n\t<meta name=\"twitter:data1\" content=\"1 minutt\" \/>\n<script type=\"application\/ld+json\" class=\"yoast-schema-graph\">{\"@context\":\"https:\/\/schema.org\",\"@graph\":[{\"@type\":\"WebPage\",\"@id\":\"https:\/\/xenonkungen.com\/produkt\/tershine-luftfraschare\/\",\"url\":\"https:\/\/xenonkungen.com\/produkt\/tershine-luftfraschare\/\",\"name\":\"Tershine Luftfr\u00e4schare - Xenonkungen\",\"isPartOf\":{\"@id\":\"https:\/\/xenonkungen.com\/#website\"},\"primaryImageOfPage\":{\"@id\":\"https:\/\/xenonkungen.com\/produkt\/tershine-luftfraschare\/#primaryimage\"},\"image\":{\"@id\":\"https:\/\/xenonkungen.com\/produkt\/tershine-luftfraschare\/#primaryimage\"},\"thumbnailUrl\":\"https:\/\/xenonkungen.com\/wp-content\/uploads\/2026\/03\/cTTjsaVZeK70upx4hvwOkktxgOBUSqZuhiDG5Rhk.webp\",\"datePublished\":\"2026-03-16T09:31:53+00:00\",\"dateModified\":\"2026-05-12T13:55:39+00:00\",\"breadcrumb\":{\"@id\":\"https:\/\/xenonkungen.com\/produkt\/tershine-luftfraschare\/#breadcrumb\"},\"inLanguage\":\"nb-NO\",\"potentialAction\":[{\"@type\":\"ReadAction\",\"target\":[\"https:\/\/xenonkungen.com\/produkt\/tershine-luftfraschare\/\"]}]},{\"@type\":\"ImageObject\",\"inLanguage\":\"nb-NO\",\"@id\":\"https:\/\/xenonkungen.com\/produkt\/tershine-luftfraschare\/#primaryimage\",\"url\":\"https:\/\/xenonkungen.com\/wp-content\/uploads\/2026\/03\/cTTjsaVZeK70upx4hvwOkktxgOBUSqZuhiDG5Rhk.webp\",\"contentUrl\":\"https:\/\/xenonkungen.com\/wp-content\/uploads\/2026\/03\/cTTjsaVZeK70upx4hvwOkktxgOBUSqZuhiDG5Rhk.webp\",\"width\":1024,\"height\":1024},{\"@type\":\"BreadcrumbList\",\"@id\":\"https:\/\/xenonkungen.com\/produkt\/tershine-luftfraschare\/#breadcrumb\",\"itemListElement\":[{\"@type\":\"ListItem\",\"position\":1,\"name\":\"Hem\",\"item\":\"https:\/\/xenonkungen.com\/\"},{\"@type\":\"ListItem\",\"position\":2,\"name\":\"Shop\",\"item\":\"https:\/\/xenonkungen.com\/shop\/\"},{\"@type\":\"ListItem\",\"position\":3,\"name\":\"Tershine Luftfr\u00e4schare\"}]},{\"@type\":\"WebSite\",\"@id\":\"https:\/\/xenonkungen.com\/#website\",\"url\":\"https:\/\/xenonkungen.com\/\",\"name\":\"Xenonkungen\",\"description\":\"\",\"potentialAction\":[{\"@type\":\"SearchAction\",\"target\":{\"@type\":\"EntryPoint\",\"urlTemplate\":\"https:\/\/xenonkungen.com\/?s={search_term_string}\"},\"query-input\":{\"@type\":\"PropertyValueSpecification\",\"valueRequired\":true,\"valueName\":\"search_term_string\"}}],\"inLanguage\":\"nb-NO\"}]}<\/script>\n<!-- \/ Yoast SEO plugin. -->","yoast_head_json":{"title":"Tershine luftfrisker - Xenon-kongen","robots":{"index":"index","follow":"follow","max-snippet":"max-snippet:-1","max-image-preview":"max-image-preview:large","max-video-preview":"max-video-preview:-1"},"canonical":"https:\/\/xenonkungen.com\/no\/produkt\/tershine-luftfrisker\/","og_locale":"nb_NO","og_type":"article","og_title":"Tershine Luftfr\u00e4schare - Xenonkungen","og_description":"Liten, stilren luftfr\u00e4schare som sprider j\u00e4mn doft i upp till 30 dagar. Enkel att klicka fast i bilens luftventil \u2013 eller anv\u00e4nda hemma","og_url":"https:\/\/xenonkungen.com\/no\/produkt\/tershine-luftfrisker\/","og_site_name":"Xenonkungen","article_modified_time":"2026-05-12T13:55:39+00:00","og_image":[{"width":1024,"height":1024,"url":"https:\/\/xenonkungen.com\/wp-content\/uploads\/2026\/03\/cTTjsaVZeK70upx4hvwOkktxgOBUSqZuhiDG5Rhk.webp","type":"image\/webp"}],"twitter_card":"summary_large_image","twitter_misc":{"Ansl. lesetid":"1 minutt"},"schema":{"@context":"https:\/\/schema.org","@graph":[{"@type":"WebPage","@id":"https:\/\/xenonkungen.com\/produkt\/tershine-luftfraschare\/","url":"https:\/\/xenonkungen.com\/produkt\/tershine-luftfraschare\/","name":"Tershine luftfrisker - Xenon-kongen","isPartOf":{"@id":"https:\/\/xenonkungen.com\/#website"},"primaryImageOfPage":{"@id":"https:\/\/xenonkungen.com\/produkt\/tershine-luftfraschare\/#primaryimage"},"image":{"@id":"https:\/\/xenonkungen.com\/produkt\/tershine-luftfraschare\/#primaryimage"},"thumbnailUrl":"https:\/\/xenonkungen.com\/wp-content\/uploads\/2026\/03\/cTTjsaVZeK70upx4hvwOkktxgOBUSqZuhiDG5Rhk.webp","datePublished":"2026-03-16T09:31:53+00:00","dateModified":"2026-05-12T13:55:39+00:00","breadcrumb":{"@id":"https:\/\/xenonkungen.com\/produkt\/tershine-luftfraschare\/#breadcrumb"},"inLanguage":"nb-NO","potentialAction":[{"@type":"ReadAction","target":["https:\/\/xenonkungen.com\/produkt\/tershine-luftfraschare\/"]}]},{"@type":"ImageObject","inLanguage":"nb-NO","@id":"https:\/\/xenonkungen.com\/produkt\/tershine-luftfraschare\/#primaryimage","url":"https:\/\/xenonkungen.com\/wp-content\/uploads\/2026\/03\/cTTjsaVZeK70upx4hvwOkktxgOBUSqZuhiDG5Rhk.webp","contentUrl":"https:\/\/xenonkungen.com\/wp-content\/uploads\/2026\/03\/cTTjsaVZeK70upx4hvwOkktxgOBUSqZuhiDG5Rhk.webp","width":1024,"height":1024},{"@type":"BreadcrumbList","@id":"https:\/\/xenonkungen.com\/produkt\/tershine-luftfraschare\/#breadcrumb","itemListElement":[{"@type":"ListItem","position":1,"name":"Hem","item":"https:\/\/xenonkungen.com\/"},{"@type":"ListItem","position":2,"name":"Shop","item":"https:\/\/xenonkungen.com\/shop\/"},{"@type":"ListItem","position":3,"name":"Tershine Luftfr\u00e4schare"}]},{"@type":"WebSite","@id":"https:\/\/xenonkungen.com\/#website","url":"https:\/\/xenonkungen.com\/","name":"Xenonkungen","description":"","potentialAction":[{"@type":"SearchAction","target":{"@type":"EntryPoint","urlTemplate":"https:\/\/xenonkungen.com\/?s={search_term_string}"},"query-input":{"@type":"PropertyValueSpecification","valueRequired":true,"valueName":"search_term_string"}}],"inLanguage":"nb-NO"}]}},"taxonomy_info":{"product_brand":[{"value":2893,"label":"Tershine"}],"product_cat":[{"value":2617,"label":"3 | Polering"},{"value":2447,"label":"Doft"},{"value":378,"label":"Bilv\u00e5rd"}]},"featured_image_src_large":["https:\/\/xenonkungen.com\/wp-content\/uploads\/2026\/03\/cTTjsaVZeK70upx4hvwOkktxgOBUSqZuhiDG5Rhk.webp",1024,1024,false],"author_info":[],"comment_info":0,"_links":{"self":[{"href":"https:\/\/xenonkungen.com\/no\/wp-json\/wp\/v2\/product\/27853","targetHints":{"allow":["GET"]}}],"collection":[{"href":"https:\/\/xenonkungen.com\/no\/wp-json\/wp\/v2\/product"}],"about":[{"href":"https:\/\/xenonkungen.com\/no\/wp-json\/wp\/v2\/types\/product"}],"replies":[{"embeddable":true,"href":"https:\/\/xenonkungen.com\/no\/wp-json\/wp\/v2\/comments?post=27853"}],"wp:featuredmedia":[{"embeddable":true,"href":"https:\/\/xenonkungen.com\/no\/wp-json\/wp\/v2\/media\/27859"}],"wp:attachment":[{"href":"https:\/\/xenonkungen.com\/no\/wp-json\/wp\/v2\/media?parent=27853"}],"wp:term":[{"taxonomy":"anvandningsomrade","embeddable":true,"href":"https:\/\/xenonkungen.com\/no\/wp-json\/wp\/v2\/anvandningsomrade?post=27853"},{"taxonomy":"bilmarken","embeddable":true,"href":"https:\/\/xenonkungen.com\/no\/wp-json\/wp\/v2\/bilmarken?post=27853"},{"taxonomy":"product_brand","embeddable":true,"href":"https:\/\/xenonkungen.com\/no\/wp-json\/wp\/v2\/product_brand?post=27853"},{"taxonomy":"product_cat","embeddable":true,"href":"https:\/\/xenonkungen.com\/no\/wp-json\/wp\/v2\/product_cat?post=27853"},{"taxonomy":"product_tag","embeddable":true,"href":"https:\/\/xenonkungen.com\/no\/wp-json\/wp\/v2\/product_tag?post=27853"}],"curies":[{"name":"wp","href":"https:\/\/api.w.org\/{rel}","templated":true}]}}