{"id":27871,"date":"2026-03-16T11:13:11","date_gmt":"2026-03-16T10:13:11","guid":{"rendered":"https:\/\/xenonkungen.com\/?post_type=product&#038;p=27871"},"modified":"2026-05-12T14:54:37","modified_gmt":"2026-05-12T13:54:37","slug":"tershine-forstorrelsesbelegg-v2-lakkbeskyttelse","status":"publish","type":"product","link":"https:\/\/xenonkungen.com\/no\/produkt\/tershine-forstorrelsesbelegg-v2-lakkbeskyttelse\/","title":{"rendered":"Tershine Magnify \u2013 Coating v2 lakkbeskyttelse"},"content":{"rendered":"<p>Langvarig keramisk malingsbeskyttelse som gir fantastisk glans, beskyttelse og drenering.<\/p>\n<p><strong>Ekstremt enkel \u00e5 legge<br \/>\nT\u00e5ler naturelementer og annet nedfall<br \/>\nProduktet er produsert uten tilsetning av per- og polyfluorerte stoffer (PFAS).<br \/>\nFungerer p\u00e5 s\u00e5 godt som alle overflater<br \/>\nGj\u00f8r kj\u00f8ret\u00f8yet enklere \u00e5 vedlikeholde<br \/>\nVarer i 18\u201336 m\u00e5neder<br \/>\nSkaper en ekstremt vannavvisende overflate<\/strong><\/p>\n<p>Magnify \u2013 Coating er en keramisk lakkbeskyttelse som er laget for \u00e5 kunne p\u00e5f\u00f8res av alle, uavhengig av forkunnskaper! Produktet er virkelig superenkelt \u00e5 p\u00e5f\u00f8re, men som med alt innen bilpleie. Jo grundigere forarbeidet er, desto bedre sluttresultat.<\/p>\n<p>Gir en helt fantastisk glans og vil virkelig f\u00e5 lakken til \u00e5 skinne, sammen med sv\u00e6rt langvarig beskyttelse (18 m\u00e5neder+) mot b\u00e5de kjemikalier og elementene.<\/p>\n<p><strong>Slik bruker du Magnify \u2013 Coating V2<\/strong><\/p>\n<ol>\n<li>Vask kj\u00f8ret\u00f8yet grundig. Bruk kaldevfetting, alkalisk avfetting, luftrensende rustfjerner og sjampo.<\/li>\n<li>For best holdbarhet anbefaler vi en polert overflate, men vi forst\u00e5r at ikke alle kan, eller \u00f8nsker, \u00e5 gj\u00f8re det. Overflaten m\u00e5 imidlertid klargj\u00f8res med en panelklut (som v\u00e5r egen Prime) slik at lakkbeskyttelsen kan feste seg ordentlig til overflaten.<\/li>\n<li>P\u00e5f\u00f8r en liten mengde p\u00e5 semsket skinnkluten du har spunnet rundt blokken og p\u00e5f\u00f8r med rette str\u00f8k, b\u00e5de p\u00e5 tvers og diagonalt. Det anbefales \u00e5 bytte klut etter noen f\u00e5 ruter til en ren og frisk klut.<\/li>\n<li><strong>La det t\u00f8rke i 4\u20138 minutter.<\/strong>\u00a0(litt avhengig av varme, fuktighet osv.) Start alltid med et panel og test hvordan du tror det vil bli, dvs. 5 minutter kan like gjerne v\u00e6re 10 minutter i ditt tilfelle.<\/li>\n<li>T\u00f8rk av med en ren (og helst ny) mikrofiberklut.<\/li>\n<li>La det herde i 12 timer f\u00f8r overflaten kommer i kontakt med vann for best holdbarhet. Selvf\u00f8lgelig har ikke alle mulighet til \u00e5 gj\u00f8re dette, men for \u00e5 garantere best mulig levetid b\u00f8r kj\u00f8ret\u00f8yet helst st\u00e5 i en garasje over natten, for eksempel.<\/li>\n<\/ol>\n<p>Pakken inneholder 30 ml belegg, 1 applikatorblokk og 5 semskede kluter.<\/p>","protected":false},"excerpt":{"rendered":"<p>Keramisk lakkbeskyttelse som gir fantastisk glans, beskyttelse og langvarig drenering.<\/p>","protected":false},"featured_media":27872,"comment_status":"open","ping_status":"closed","template":"","meta":{"_acf_changed":false,"_smort_price_nok":"","_smort_price_dkk":"","_smort_price_eur":"","_smort_sale_price_nok":"","_smort_sale_price_dkk":"","_smort_sale_price_eur":"","smort_restorder":"","shipmondo_restorder":"","_kad_blocks_custom_css":"","_kad_blocks_head_custom_js":"","_kad_blocks_body_custom_js":"","_kad_blocks_footer_custom_js":"","smort_custom_pricelist_1":"639.36","smort_custom_pricelist_2":"639.36","smort_custom_pricelist_3":"639.36","smort_custom_pricelist_4":"799.2","smort_custom_pricelist_5":"639.36"},"anvandningsomrade":[],"bilmarken":[],"product_brand":[2893],"product_cat":[2989,2614,378],"product_tag":[],"class_list":{"0":"post-27871","1":"product","2":"type-product","3":"status-publish","4":"has-post-thumbnail","6":"product_brand-tershine","7":"product_cat-avfettning","8":"product_cat-lackskydd","9":"product_cat-bilvard","11":"first","12":"onbackorder","13":"taxable","14":"shipping-taxable","15":"purchasable","16":"product-type-simple"},"bundled_by":[],"bundle_stock_status":"onbackorder","bundle_stock_quantity":0,"bundle_virtual":false,"bundle_layout":"","bundle_add_to_cart_form_location":"","bundle_editable_in_cart":false,"bundle_sold_individually_context":"","bundle_item_grouping":"","bundle_min_size":"","bundle_max_size":"","bundle_price":[],"bundled_items":[],"bundle_sell_ids":[],"acf":[],"yoast_head":"<!-- This site is optimized with the Yoast SEO plugin v27.0 - https:\/\/yoast.com\/product\/yoast-seo-wordpress\/ -->\n<title>Tershine Magnify - Coating v2 lackskydd - Xenonkungen<\/title>\n<meta name=\"robots\" content=\"index, follow, max-snippet:-1, max-image-preview:large, max-video-preview:-1\" \/>\n<link rel=\"canonical\" href=\"https:\/\/xenonkungen.com\/no\/produkt\/tershine-forstorrelsesbelegg-v2-lakkbeskyttelse\/\" \/>\n<meta property=\"og:locale\" content=\"nb_NO\" \/>\n<meta property=\"og:type\" content=\"article\" \/>\n<meta property=\"og:title\" content=\"Tershine Magnify - Coating v2 lackskydd - Xenonkungen\" \/>\n<meta property=\"og:description\" content=\"Keramiskt lackskydd som ger fantastisk glans, skydd och avrinning under l\u00e5ng tid.\" \/>\n<meta property=\"og:url\" content=\"https:\/\/xenonkungen.com\/no\/produkt\/tershine-forstorrelsesbelegg-v2-lakkbeskyttelse\/\" \/>\n<meta property=\"og:site_name\" content=\"Xenonkungen\" \/>\n<meta property=\"article:modified_time\" content=\"2026-05-12T13:54:37+00:00\" \/>\n<meta property=\"og:image\" content=\"https:\/\/xenonkungen.com\/wp-content\/uploads\/2026\/03\/MSysughrcmOzPCzZLLumjTYA0fRfSpOLTpVa3ETg.webp\" \/>\n\t<meta property=\"og:image:width\" content=\"1024\" \/>\n\t<meta property=\"og:image:height\" content=\"1024\" \/>\n\t<meta property=\"og:image:type\" content=\"image\/webp\" \/>\n<meta name=\"twitter:card\" content=\"summary_large_image\" \/>\n<meta name=\"twitter:label1\" content=\"Ansl. lesetid\" \/>\n\t<meta name=\"twitter:data1\" content=\"2 minutter\" \/>\n<script type=\"application\/ld+json\" class=\"yoast-schema-graph\">{\"@context\":\"https:\/\/schema.org\",\"@graph\":[{\"@type\":\"WebPage\",\"@id\":\"https:\/\/xenonkungen.com\/produkt\/tershine-magnify-coating-v2-lackskydd\/\",\"url\":\"https:\/\/xenonkungen.com\/produkt\/tershine-magnify-coating-v2-lackskydd\/\",\"name\":\"Tershine Magnify - Coating v2 lackskydd - Xenonkungen\",\"isPartOf\":{\"@id\":\"https:\/\/xenonkungen.com\/#website\"},\"primaryImageOfPage\":{\"@id\":\"https:\/\/xenonkungen.com\/produkt\/tershine-magnify-coating-v2-lackskydd\/#primaryimage\"},\"image\":{\"@id\":\"https:\/\/xenonkungen.com\/produkt\/tershine-magnify-coating-v2-lackskydd\/#primaryimage\"},\"thumbnailUrl\":\"https:\/\/xenonkungen.com\/wp-content\/uploads\/2026\/03\/MSysughrcmOzPCzZLLumjTYA0fRfSpOLTpVa3ETg.webp\",\"datePublished\":\"2026-03-16T10:13:11+00:00\",\"dateModified\":\"2026-05-12T13:54:37+00:00\",\"breadcrumb\":{\"@id\":\"https:\/\/xenonkungen.com\/produkt\/tershine-magnify-coating-v2-lackskydd\/#breadcrumb\"},\"inLanguage\":\"nb-NO\",\"potentialAction\":[{\"@type\":\"ReadAction\",\"target\":[\"https:\/\/xenonkungen.com\/produkt\/tershine-magnify-coating-v2-lackskydd\/\"]}]},{\"@type\":\"ImageObject\",\"inLanguage\":\"nb-NO\",\"@id\":\"https:\/\/xenonkungen.com\/produkt\/tershine-magnify-coating-v2-lackskydd\/#primaryimage\",\"url\":\"https:\/\/xenonkungen.com\/wp-content\/uploads\/2026\/03\/MSysughrcmOzPCzZLLumjTYA0fRfSpOLTpVa3ETg.webp\",\"contentUrl\":\"https:\/\/xenonkungen.com\/wp-content\/uploads\/2026\/03\/MSysughrcmOzPCzZLLumjTYA0fRfSpOLTpVa3ETg.webp\",\"width\":1024,\"height\":1024},{\"@type\":\"BreadcrumbList\",\"@id\":\"https:\/\/xenonkungen.com\/produkt\/tershine-magnify-coating-v2-lackskydd\/#breadcrumb\",\"itemListElement\":[{\"@type\":\"ListItem\",\"position\":1,\"name\":\"Hem\",\"item\":\"https:\/\/xenonkungen.com\/\"},{\"@type\":\"ListItem\",\"position\":2,\"name\":\"Shop\",\"item\":\"https:\/\/xenonkungen.com\/shop\/\"},{\"@type\":\"ListItem\",\"position\":3,\"name\":\"Tershine Magnify &#8211; Coating v2 lackskydd\"}]},{\"@type\":\"WebSite\",\"@id\":\"https:\/\/xenonkungen.com\/#website\",\"url\":\"https:\/\/xenonkungen.com\/\",\"name\":\"Xenonkungen\",\"description\":\"\",\"potentialAction\":[{\"@type\":\"SearchAction\",\"target\":{\"@type\":\"EntryPoint\",\"urlTemplate\":\"https:\/\/xenonkungen.com\/?s={search_term_string}\"},\"query-input\":{\"@type\":\"PropertyValueSpecification\",\"valueRequired\":true,\"valueName\":\"search_term_string\"}}],\"inLanguage\":\"nb-NO\"}]}<\/script>\n<!-- \/ Yoast SEO plugin. -->","yoast_head_json":{"title":"Tershine Magnify - Coating v2 lakkbeskyttelse - Xenonkongen","robots":{"index":"index","follow":"follow","max-snippet":"max-snippet:-1","max-image-preview":"max-image-preview:large","max-video-preview":"max-video-preview:-1"},"canonical":"https:\/\/xenonkungen.com\/no\/produkt\/tershine-forstorrelsesbelegg-v2-lakkbeskyttelse\/","og_locale":"nb_NO","og_type":"article","og_title":"Tershine Magnify - Coating v2 lackskydd - Xenonkungen","og_description":"Keramiskt lackskydd som ger fantastisk glans, skydd och avrinning under l\u00e5ng tid.","og_url":"https:\/\/xenonkungen.com\/no\/produkt\/tershine-forstorrelsesbelegg-v2-lakkbeskyttelse\/","og_site_name":"Xenonkungen","article_modified_time":"2026-05-12T13:54:37+00:00","og_image":[{"width":1024,"height":1024,"url":"https:\/\/xenonkungen.com\/wp-content\/uploads\/2026\/03\/MSysughrcmOzPCzZLLumjTYA0fRfSpOLTpVa3ETg.webp","type":"image\/webp"}],"twitter_card":"summary_large_image","twitter_misc":{"Ansl. lesetid":"2 minutter"},"schema":{"@context":"https:\/\/schema.org","@graph":[{"@type":"WebPage","@id":"https:\/\/xenonkungen.com\/produkt\/tershine-magnify-coating-v2-lackskydd\/","url":"https:\/\/xenonkungen.com\/produkt\/tershine-magnify-coating-v2-lackskydd\/","name":"Tershine Magnify - Coating v2 lakkbeskyttelse - Xenonkongen","isPartOf":{"@id":"https:\/\/xenonkungen.com\/#website"},"primaryImageOfPage":{"@id":"https:\/\/xenonkungen.com\/produkt\/tershine-magnify-coating-v2-lackskydd\/#primaryimage"},"image":{"@id":"https:\/\/xenonkungen.com\/produkt\/tershine-magnify-coating-v2-lackskydd\/#primaryimage"},"thumbnailUrl":"https:\/\/xenonkungen.com\/wp-content\/uploads\/2026\/03\/MSysughrcmOzPCzZLLumjTYA0fRfSpOLTpVa3ETg.webp","datePublished":"2026-03-16T10:13:11+00:00","dateModified":"2026-05-12T13:54:37+00:00","breadcrumb":{"@id":"https:\/\/xenonkungen.com\/produkt\/tershine-magnify-coating-v2-lackskydd\/#breadcrumb"},"inLanguage":"nb-NO","potentialAction":[{"@type":"ReadAction","target":["https:\/\/xenonkungen.com\/produkt\/tershine-magnify-coating-v2-lackskydd\/"]}]},{"@type":"ImageObject","inLanguage":"nb-NO","@id":"https:\/\/xenonkungen.com\/produkt\/tershine-magnify-coating-v2-lackskydd\/#primaryimage","url":"https:\/\/xenonkungen.com\/wp-content\/uploads\/2026\/03\/MSysughrcmOzPCzZLLumjTYA0fRfSpOLTpVa3ETg.webp","contentUrl":"https:\/\/xenonkungen.com\/wp-content\/uploads\/2026\/03\/MSysughrcmOzPCzZLLumjTYA0fRfSpOLTpVa3ETg.webp","width":1024,"height":1024},{"@type":"BreadcrumbList","@id":"https:\/\/xenonkungen.com\/produkt\/tershine-magnify-coating-v2-lackskydd\/#breadcrumb","itemListElement":[{"@type":"ListItem","position":1,"name":"Hem","item":"https:\/\/xenonkungen.com\/"},{"@type":"ListItem","position":2,"name":"Shop","item":"https:\/\/xenonkungen.com\/shop\/"},{"@type":"ListItem","position":3,"name":"Tershine Magnify &#8211; Coating v2 lackskydd"}]},{"@type":"WebSite","@id":"https:\/\/xenonkungen.com\/#website","url":"https:\/\/xenonkungen.com\/","name":"Xenonkungen","description":"","potentialAction":[{"@type":"SearchAction","target":{"@type":"EntryPoint","urlTemplate":"https:\/\/xenonkungen.com\/?s={search_term_string}"},"query-input":{"@type":"PropertyValueSpecification","valueRequired":true,"valueName":"search_term_string"}}],"inLanguage":"nb-NO"}]}},"taxonomy_info":{"product_brand":[{"value":2893,"label":"Tershine"}],"product_cat":[{"value":2989,"label":"2 | Avfettning"},{"value":2614,"label":"4 | Bilvax &amp; Lackskydd"},{"value":378,"label":"Bilv\u00e5rd"}]},"featured_image_src_large":["https:\/\/xenonkungen.com\/wp-content\/uploads\/2026\/03\/MSysughrcmOzPCzZLLumjTYA0fRfSpOLTpVa3ETg.webp",1024,1024,false],"author_info":[],"comment_info":0,"_links":{"self":[{"href":"https:\/\/xenonkungen.com\/no\/wp-json\/wp\/v2\/product\/27871","targetHints":{"allow":["GET"]}}],"collection":[{"href":"https:\/\/xenonkungen.com\/no\/wp-json\/wp\/v2\/product"}],"about":[{"href":"https:\/\/xenonkungen.com\/no\/wp-json\/wp\/v2\/types\/product"}],"replies":[{"embeddable":true,"href":"https:\/\/xenonkungen.com\/no\/wp-json\/wp\/v2\/comments?post=27871"}],"wp:featuredmedia":[{"embeddable":true,"href":"https:\/\/xenonkungen.com\/no\/wp-json\/wp\/v2\/media\/27872"}],"wp:attachment":[{"href":"https:\/\/xenonkungen.com\/no\/wp-json\/wp\/v2\/media?parent=27871"}],"wp:term":[{"taxonomy":"anvandningsomrade","embeddable":true,"href":"https:\/\/xenonkungen.com\/no\/wp-json\/wp\/v2\/anvandningsomrade?post=27871"},{"taxonomy":"bilmarken","embeddable":true,"href":"https:\/\/xenonkungen.com\/no\/wp-json\/wp\/v2\/bilmarken?post=27871"},{"taxonomy":"product_brand","embeddable":true,"href":"https:\/\/xenonkungen.com\/no\/wp-json\/wp\/v2\/product_brand?post=27871"},{"taxonomy":"product_cat","embeddable":true,"href":"https:\/\/xenonkungen.com\/no\/wp-json\/wp\/v2\/product_cat?post=27871"},{"taxonomy":"product_tag","embeddable":true,"href":"https:\/\/xenonkungen.com\/no\/wp-json\/wp\/v2\/product_tag?post=27871"}],"curies":[{"name":"wp","href":"https:\/\/api.w.org\/{rel}","templated":true}]}}