{"id":27874,"date":"2026-03-16T11:20:40","date_gmt":"2026-03-16T10:20:40","guid":{"rendered":"https:\/\/xenonkungen.com\/?post_type=product&#038;p=27874"},"modified":"2026-04-24T17:47:58","modified_gmt":"2026-04-24T16:47:58","slug":"tershine-forstorrelsesglassforsegler","status":"publish","type":"product","link":"https:\/\/xenonkungen.com\/no\/produkt\/tershine-forstorrelsesglassforsegler\/","title":{"rendered":"Tershine Magnify \u2013 Glassforsegling"},"content":{"rendered":"<p>Sv\u00e6rt effektiv glassforsegling (glassbehandling\/belegg) som er superenkel \u00e5 p\u00e5f\u00f8re. Gir vannavvisende vinduer som f\u00f8rer til bedre sikt og \u00f8kt sikkerhet. Produktet har en holdbarhet p\u00e5 opptil 2 \u00e5r (3200+ kilometer) og er nok til 3\u20135 vinduer avhengig av st\u00f8rrelse.<\/p>\n<p><strong>Bedre sikt<br \/>\nEkstremt vannavvisende overflate<br \/>\nLang holdbarhet<br \/>\nEkstremt enkel \u00e5 p\u00e5f\u00f8re<br \/>\nFungerer p\u00e5 alle typer glass- og plastvinduer<br \/>\nProduktet er produsert uten tilsetning av per- og polyfluorerte stoffer (PFAS).<br \/>\nGrusomt p\u00e5 dusjvegger<br \/>\nPerfekt for hjelmvisir<br \/>\n<\/strong><\/p>\n<p>Slik bruker du\u00a0<strong>Forst\u00f8rr \u2013 Glassforsegling<\/strong>:<\/p>\n<p><strong>1.<\/strong>\u00a0Rengj\u00f8r vinduet med for eksempel Vison \u2013 Glassrens eller Prime \u2013 Panel Wipe.<br \/>\n<strong>2.<\/strong>\u00a0Brett ut kluten i seksjoner og p\u00e5f\u00f8r i tverrg\u00e5ende str\u00f8k<br \/>\n<strong>3.<\/strong>\u00a0La t\u00f8rke i omtrent 10 minutter.<br \/>\n<strong>4.\u00a0<\/strong>T\u00f8rk av med en ren, lofri mikrofiberklut.<br \/>\n<strong>5.<\/strong>\u00a0Det var skikkelig fint, ikke sant?<\/p>\n<p>Hvis du st\u00e5r utend\u00f8rs, vil alkoholen i den fordampe raskere. S\u00e5 v\u00e6r forsiktig hvis du bruker den utend\u00f8rs i vind og varme. I tillegg trenger du ikke \u00e5 rulle ut hele duken p\u00e5 \u00e9n gang!<\/p>\n<p>Kluten vil ogs\u00e5 f\u00f8les \u00abt\u00f8rrere\u00bb og t\u00f8rrere, men det er fortsatt nok til at den fungerer p\u00e5 flere vinduer.<\/p>\n<p>Det er ikke bare episk p\u00e5 bilvinduer, men fungerer ogs\u00e5 utmerket som glassbehandling p\u00e5 dusjveggen, b\u00e5ten, motorsykkelvisiret, lysthuset og ja, listen fortsetter. Utrolig enkelt format som en &quot;savettpose&quot; der, men riv av toppen, ta ut kluten og p\u00e5f\u00f8r p\u00e5 et hvilket som helst glass-\/plastvindu, la det t\u00f8rke i omtrent 10 minutter og t\u00f8rk deretter bare av. Selvf\u00f8lgelig helt fritt for PFAS og andre lyssky ting (ja, det er vanligere enn du tror med fluor og andre lyssky ting i glassbelegg).<\/p>\n<p>Husk at jo grundigere du rengj\u00f8r vinduet p\u00e5 forh\u00e5nd, desto bedre resultater og holdbarhet f\u00e5r du. Rengj\u00f8r derfor gjerne med v\u00e5r Prime \u2013 Panel Wipe eller et lignende IPA-rengj\u00f8ringsmiddel. Husk ogs\u00e5 at kluten \u00abfordamper\u00bb i vind osv. S\u00e5 ikke brett ut hele greia p\u00e5 en gang n\u00e5r du kj\u00f8rer utend\u00f8rs. Brett det ut i etapper!<\/p>\n<p><img decoding=\"async\" src=\"https:\/\/d3dnwnveix5428.cloudfront.net\/store_72f4e2a4-e492-4ff0-8f8a-c603645bdb5c\/media\/UYnhdK4LzDYprMcXM8iGNUX6kuwUi5FGkcFdcaqL.png\" \/><\/p>\n<p><span>Inneholder: Propan-2-ol. FARE: Meget brannfarlig v\u00e6ske og damp. For\u00e5rsaker alvorlig \u00f8yeirritasjon. Kan for\u00e5rsake d\u00f8sighet eller svimmelhet. Dersom det er n\u00f8dvendig med legehjelp, ha produktets beholder eller etikett for h\u00e5nden. Oppbevares utilgjengelig for barn. Holdes unna varme, varme overflater, gnister, \u00e5pen ild eller andre antenningskilder. R\u00f8yking forbudt. Unng\u00e5 \u00e5 puste inn st\u00f8v, r\u00f8yk, t\u00e5ke, gass, damp og spray. Vask hendene grundig etter bruk. Kast innhold og beholder p\u00e5 et godkjent avfallsanlegg.<\/span><\/p>","protected":false},"excerpt":{"rendered":"<p>Glassforsegling (glassbehandling\/belegg) som er superenkel \u00e5 p\u00e5f\u00f8re og leveres som en glatt plate. Langvarig og bedre sikt!<\/p>","protected":false},"featured_media":27876,"comment_status":"open","ping_status":"closed","template":"","meta":{"_acf_changed":false,"_smort_price_nok":"","_smort_price_dkk":"","_smort_price_eur":"","_smort_sale_price_nok":"","_smort_sale_price_dkk":"","_smort_sale_price_eur":"","smort_restorder":"","shipmondo_restorder":"","_kad_blocks_custom_css":"","_kad_blocks_head_custom_js":"","_kad_blocks_body_custom_js":"","_kad_blocks_footer_custom_js":"","smort_custom_pricelist_1":"82.56","smort_custom_pricelist_2":"82.56","smort_custom_pricelist_3":"82.56","smort_custom_pricelist_4":"103.2","smort_custom_pricelist_5":"82.56"},"anvandningsomrade":[],"bilmarken":[],"product_brand":[2893],"product_cat":[2989,2614,378],"product_tag":[],"class_list":{"0":"post-27874","1":"product","2":"type-product","3":"status-publish","4":"has-post-thumbnail","6":"product_brand-tershine","7":"product_cat-avfettning","8":"product_cat-lackskydd","9":"product_cat-bilvard","11":"first","12":"instock","13":"taxable","14":"shipping-taxable","15":"purchasable","16":"product-type-simple"},"bundled_by":[],"bundle_stock_status":"instock","bundle_stock_quantity":18,"bundle_virtual":false,"bundle_layout":"","bundle_add_to_cart_form_location":"","bundle_editable_in_cart":false,"bundle_sold_individually_context":"","bundle_item_grouping":"","bundle_min_size":"","bundle_max_size":"","bundle_price":[],"bundled_items":[],"bundle_sell_ids":[],"acf":[],"yoast_head":"<!-- This site is optimized with the Yoast SEO plugin v27.0 - https:\/\/yoast.com\/product\/yoast-seo-wordpress\/ -->\n<title>Tershine Magnify - Glasf\u00f6rsegling - Xenonkungen<\/title>\n<meta name=\"robots\" content=\"index, follow, max-snippet:-1, max-image-preview:large, max-video-preview:-1\" \/>\n<link rel=\"canonical\" href=\"https:\/\/xenonkungen.com\/no\/produkt\/tershine-forstorrelsesglassforsegler\/\" \/>\n<meta property=\"og:locale\" content=\"nb_NO\" \/>\n<meta property=\"og:type\" content=\"article\" \/>\n<meta property=\"og:title\" content=\"Tershine Magnify - Glasf\u00f6rsegling - Xenonkungen\" \/>\n<meta property=\"og:description\" content=\"Glasf\u00f6rsegling (glasbehandling\/coating)\u00a0som \u00e4r superenkel att applicera och kommer som en smidig duk. L\u00e5ng h\u00e5llbarhet och b\u00e4ttre sikt!\" \/>\n<meta property=\"og:url\" content=\"https:\/\/xenonkungen.com\/no\/produkt\/tershine-forstorrelsesglassforsegler\/\" \/>\n<meta property=\"og:site_name\" content=\"Xenonkungen\" \/>\n<meta property=\"article:modified_time\" content=\"2026-04-24T16:47:58+00:00\" \/>\n<meta property=\"og:image\" content=\"https:\/\/xenonkungen.com\/wp-content\/uploads\/2026\/03\/kntdOxQJ0mybYVN1jDQH4tObDK0ulQ8K590sG6Er.webp\" \/>\n\t<meta property=\"og:image:width\" content=\"1024\" \/>\n\t<meta property=\"og:image:height\" content=\"1024\" \/>\n\t<meta property=\"og:image:type\" content=\"image\/webp\" \/>\n<meta name=\"twitter:card\" content=\"summary_large_image\" \/>\n<meta name=\"twitter:label1\" content=\"Ansl. lesetid\" \/>\n\t<meta name=\"twitter:data1\" content=\"3 minutter\" \/>\n<script type=\"application\/ld+json\" class=\"yoast-schema-graph\">{\"@context\":\"https:\/\/schema.org\",\"@graph\":[{\"@type\":\"WebPage\",\"@id\":\"https:\/\/xenonkungen.com\/produkt\/tershine-magnify-glasforsegling\/\",\"url\":\"https:\/\/xenonkungen.com\/produkt\/tershine-magnify-glasforsegling\/\",\"name\":\"Tershine Magnify - Glasf\u00f6rsegling - Xenonkungen\",\"isPartOf\":{\"@id\":\"https:\/\/xenonkungen.com\/#website\"},\"primaryImageOfPage\":{\"@id\":\"https:\/\/xenonkungen.com\/produkt\/tershine-magnify-glasforsegling\/#primaryimage\"},\"image\":{\"@id\":\"https:\/\/xenonkungen.com\/produkt\/tershine-magnify-glasforsegling\/#primaryimage\"},\"thumbnailUrl\":\"https:\/\/xenonkungen.com\/wp-content\/uploads\/2026\/03\/kntdOxQJ0mybYVN1jDQH4tObDK0ulQ8K590sG6Er.webp\",\"datePublished\":\"2026-03-16T10:20:40+00:00\",\"dateModified\":\"2026-04-24T16:47:58+00:00\",\"breadcrumb\":{\"@id\":\"https:\/\/xenonkungen.com\/produkt\/tershine-magnify-glasforsegling\/#breadcrumb\"},\"inLanguage\":\"nb-NO\",\"potentialAction\":[{\"@type\":\"ReadAction\",\"target\":[\"https:\/\/xenonkungen.com\/produkt\/tershine-magnify-glasforsegling\/\"]}]},{\"@type\":\"ImageObject\",\"inLanguage\":\"nb-NO\",\"@id\":\"https:\/\/xenonkungen.com\/produkt\/tershine-magnify-glasforsegling\/#primaryimage\",\"url\":\"https:\/\/xenonkungen.com\/wp-content\/uploads\/2026\/03\/kntdOxQJ0mybYVN1jDQH4tObDK0ulQ8K590sG6Er.webp\",\"contentUrl\":\"https:\/\/xenonkungen.com\/wp-content\/uploads\/2026\/03\/kntdOxQJ0mybYVN1jDQH4tObDK0ulQ8K590sG6Er.webp\",\"width\":1024,\"height\":1024},{\"@type\":\"BreadcrumbList\",\"@id\":\"https:\/\/xenonkungen.com\/produkt\/tershine-magnify-glasforsegling\/#breadcrumb\",\"itemListElement\":[{\"@type\":\"ListItem\",\"position\":1,\"name\":\"Hem\",\"item\":\"https:\/\/xenonkungen.com\/\"},{\"@type\":\"ListItem\",\"position\":2,\"name\":\"Shop\",\"item\":\"https:\/\/xenonkungen.com\/shop\/\"},{\"@type\":\"ListItem\",\"position\":3,\"name\":\"Tershine Magnify &#8211; Glasf\u00f6rsegling\"}]},{\"@type\":\"WebSite\",\"@id\":\"https:\/\/xenonkungen.com\/#website\",\"url\":\"https:\/\/xenonkungen.com\/\",\"name\":\"Xenonkungen\",\"description\":\"\",\"potentialAction\":[{\"@type\":\"SearchAction\",\"target\":{\"@type\":\"EntryPoint\",\"urlTemplate\":\"https:\/\/xenonkungen.com\/?s={search_term_string}\"},\"query-input\":{\"@type\":\"PropertyValueSpecification\",\"valueRequired\":true,\"valueName\":\"search_term_string\"}}],\"inLanguage\":\"nb-NO\"}]}<\/script>\n<!-- \/ Yoast SEO plugin. -->","yoast_head_json":{"title":"Tershine Forst\u00f8rrelsesglass - Glassforsegling - Xenonkungen","robots":{"index":"index","follow":"follow","max-snippet":"max-snippet:-1","max-image-preview":"max-image-preview:large","max-video-preview":"max-video-preview:-1"},"canonical":"https:\/\/xenonkungen.com\/no\/produkt\/tershine-forstorrelsesglassforsegler\/","og_locale":"nb_NO","og_type":"article","og_title":"Tershine Magnify - Glasf\u00f6rsegling - Xenonkungen","og_description":"Glasf\u00f6rsegling (glasbehandling\/coating)\u00a0som \u00e4r superenkel att applicera och kommer som en smidig duk. L\u00e5ng h\u00e5llbarhet och b\u00e4ttre sikt!","og_url":"https:\/\/xenonkungen.com\/no\/produkt\/tershine-forstorrelsesglassforsegler\/","og_site_name":"Xenonkungen","article_modified_time":"2026-04-24T16:47:58+00:00","og_image":[{"width":1024,"height":1024,"url":"https:\/\/xenonkungen.com\/wp-content\/uploads\/2026\/03\/kntdOxQJ0mybYVN1jDQH4tObDK0ulQ8K590sG6Er.webp","type":"image\/webp"}],"twitter_card":"summary_large_image","twitter_misc":{"Ansl. lesetid":"3 minutter"},"schema":{"@context":"https:\/\/schema.org","@graph":[{"@type":"WebPage","@id":"https:\/\/xenonkungen.com\/produkt\/tershine-magnify-glasforsegling\/","url":"https:\/\/xenonkungen.com\/produkt\/tershine-magnify-glasforsegling\/","name":"Tershine Forst\u00f8rrelsesglass - Glassforsegling - Xenonkungen","isPartOf":{"@id":"https:\/\/xenonkungen.com\/#website"},"primaryImageOfPage":{"@id":"https:\/\/xenonkungen.com\/produkt\/tershine-magnify-glasforsegling\/#primaryimage"},"image":{"@id":"https:\/\/xenonkungen.com\/produkt\/tershine-magnify-glasforsegling\/#primaryimage"},"thumbnailUrl":"https:\/\/xenonkungen.com\/wp-content\/uploads\/2026\/03\/kntdOxQJ0mybYVN1jDQH4tObDK0ulQ8K590sG6Er.webp","datePublished":"2026-03-16T10:20:40+00:00","dateModified":"2026-04-24T16:47:58+00:00","breadcrumb":{"@id":"https:\/\/xenonkungen.com\/produkt\/tershine-magnify-glasforsegling\/#breadcrumb"},"inLanguage":"nb-NO","potentialAction":[{"@type":"ReadAction","target":["https:\/\/xenonkungen.com\/produkt\/tershine-magnify-glasforsegling\/"]}]},{"@type":"ImageObject","inLanguage":"nb-NO","@id":"https:\/\/xenonkungen.com\/produkt\/tershine-magnify-glasforsegling\/#primaryimage","url":"https:\/\/xenonkungen.com\/wp-content\/uploads\/2026\/03\/kntdOxQJ0mybYVN1jDQH4tObDK0ulQ8K590sG6Er.webp","contentUrl":"https:\/\/xenonkungen.com\/wp-content\/uploads\/2026\/03\/kntdOxQJ0mybYVN1jDQH4tObDK0ulQ8K590sG6Er.webp","width":1024,"height":1024},{"@type":"BreadcrumbList","@id":"https:\/\/xenonkungen.com\/produkt\/tershine-magnify-glasforsegling\/#breadcrumb","itemListElement":[{"@type":"ListItem","position":1,"name":"Hem","item":"https:\/\/xenonkungen.com\/"},{"@type":"ListItem","position":2,"name":"Shop","item":"https:\/\/xenonkungen.com\/shop\/"},{"@type":"ListItem","position":3,"name":"Tershine Magnify &#8211; Glasf\u00f6rsegling"}]},{"@type":"WebSite","@id":"https:\/\/xenonkungen.com\/#website","url":"https:\/\/xenonkungen.com\/","name":"Xenonkungen","description":"","potentialAction":[{"@type":"SearchAction","target":{"@type":"EntryPoint","urlTemplate":"https:\/\/xenonkungen.com\/?s={search_term_string}"},"query-input":{"@type":"PropertyValueSpecification","valueRequired":true,"valueName":"search_term_string"}}],"inLanguage":"nb-NO"}]}},"taxonomy_info":{"product_brand":[{"value":2893,"label":"Tershine"}],"product_cat":[{"value":2989,"label":"2 | Avfettning"},{"value":2614,"label":"4 | Bilvax &amp; Lackskydd"},{"value":378,"label":"Bilv\u00e5rd"}]},"featured_image_src_large":["https:\/\/xenonkungen.com\/wp-content\/uploads\/2026\/03\/kntdOxQJ0mybYVN1jDQH4tObDK0ulQ8K590sG6Er.webp",1024,1024,false],"author_info":[],"comment_info":0,"_links":{"self":[{"href":"https:\/\/xenonkungen.com\/no\/wp-json\/wp\/v2\/product\/27874","targetHints":{"allow":["GET"]}}],"collection":[{"href":"https:\/\/xenonkungen.com\/no\/wp-json\/wp\/v2\/product"}],"about":[{"href":"https:\/\/xenonkungen.com\/no\/wp-json\/wp\/v2\/types\/product"}],"replies":[{"embeddable":true,"href":"https:\/\/xenonkungen.com\/no\/wp-json\/wp\/v2\/comments?post=27874"}],"wp:featuredmedia":[{"embeddable":true,"href":"https:\/\/xenonkungen.com\/no\/wp-json\/wp\/v2\/media\/27876"}],"wp:attachment":[{"href":"https:\/\/xenonkungen.com\/no\/wp-json\/wp\/v2\/media?parent=27874"}],"wp:term":[{"taxonomy":"anvandningsomrade","embeddable":true,"href":"https:\/\/xenonkungen.com\/no\/wp-json\/wp\/v2\/anvandningsomrade?post=27874"},{"taxonomy":"bilmarken","embeddable":true,"href":"https:\/\/xenonkungen.com\/no\/wp-json\/wp\/v2\/bilmarken?post=27874"},{"taxonomy":"product_brand","embeddable":true,"href":"https:\/\/xenonkungen.com\/no\/wp-json\/wp\/v2\/product_brand?post=27874"},{"taxonomy":"product_cat","embeddable":true,"href":"https:\/\/xenonkungen.com\/no\/wp-json\/wp\/v2\/product_cat?post=27874"},{"taxonomy":"product_tag","embeddable":true,"href":"https:\/\/xenonkungen.com\/no\/wp-json\/wp\/v2\/product_tag?post=27874"}],"curies":[{"name":"wp","href":"https:\/\/api.w.org\/{rel}","templated":true}]}}