{"id":27892,"date":"2026-03-16T11:58:14","date_gmt":"2026-03-16T10:58:14","guid":{"rendered":"https:\/\/xenonkungen.com\/?post_type=product&#038;p=27892"},"modified":"2026-04-24T17:48:08","modified_gmt":"2026-04-24T16:48:08","slug":"tershine-mikrofiber-standard-5-pakning","status":"publish","type":"product","link":"https:\/\/xenonkungen.com\/no\/produkt\/tershine-mikrofiber-standard-5-pakning\/","title":{"rendered":"Tershine mikrofiber - standard 5-pakning"},"content":{"rendered":"<p>Fempakning med mikrofiberkluter av h\u00f8y kvalitet. Skal ikke sammenlignes med enklere modeller.<\/p>\n<p><strong>Sv\u00e6rt allsidig<br \/>\nVirkelig h\u00f8y kvalitet<br \/>\nPasser b\u00e5de for innend\u00f8rs og utend\u00f8rs bruk<br \/>\nVeldig godt egnet for hjemmet<br \/>\nKan vaskes om og om igjen<br \/>\nPerfekt for APC, voks og lakkbeskyttelse<\/strong><\/p>\n<p>Virkelig fin mikrofiberklut som passer til det meste. Veldig god kvalitet og f\u00f8les mer eller mindre lik etter vask. Dette er v\u00e5r egen favorittklut. Fungerer utmerket til \u00e5 t\u00f8rke av alt fra APC \u2013 universalrengj\u00f8ringsmiddel, polish\/lakkbeskyttelse, voks, hurtigdetailere osv. Selges i pakker p\u00e5 fem og er tilgjengelig i gr\u00e5 eller lysebl\u00e5.<\/p>\n<p><strong>GSM:<\/strong>\u00a0320<br \/>\n<strong>St\u00f8rrelse:<\/strong>\u00a040x40 cm<br \/>\n<strong>Materiale:<\/strong>\u00a080% polyester, 20% polyamid<\/p>\n<p>Laget i Korea<\/p>\n<p><strong>Stellinstruksjoner:<\/strong>\u00a0Vask p\u00e5 40 grader uten t\u00f8ymykner. Dropp vanlig vaskemiddel da det ofte har evnen til \u00e5 \u00ablukke\u00bb fibrene og gj\u00f8r at kl\u00e6rne fungerer d\u00e5rligere. Bruk Refresh - Fiber Wash (mikrofibervaskemiddel) eller det fungerer ogs\u00e5 med APC\/Alkaline (litt kork i maskinen).<\/p>\n<p>Tilgjengelig i bl\u00e5tt eller gr\u00e5tt<\/p>","protected":false},"excerpt":{"rendered":"<p>Fem mikrofiberkluter i ekstremt fin kvalitet. Sv\u00e6rt allsidige, perfekte for b\u00e5de inne og ute.<\/p>","protected":false},"featured_media":27895,"comment_status":"open","ping_status":"closed","template":"","meta":{"_acf_changed":false,"_smort_price_nok":"","_smort_price_dkk":"","_smort_price_eur":"","_smort_sale_price_nok":"","_smort_sale_price_dkk":"","_smort_sale_price_eur":"","smort_restorder":"","shipmondo_restorder":"","_kad_blocks_custom_css":"","_kad_blocks_head_custom_js":"","_kad_blocks_body_custom_js":"","_kad_blocks_footer_custom_js":"","smort_custom_pricelist_1":"","smort_custom_pricelist_2":"","smort_custom_pricelist_3":"","smort_custom_pricelist_4":"","smort_custom_pricelist_5":""},"anvandningsomrade":[],"bilmarken":[],"product_brand":[2893],"product_cat":[2450,378],"product_tag":[],"class_list":{"0":"post-27892","1":"product","2":"type-product","3":"status-publish","4":"has-post-thumbnail","6":"product_brand-tershine","7":"product_cat-tillbehor-bilvard","8":"product_cat-bilvard","9":"pa_farg-bla","10":"pa_farg-gra","12":"first","13":"onbackorder","14":"taxable","15":"shipping-taxable","16":"purchasable","17":"product-type-variable"},"bundled_by":[],"bundle_stock_status":"onbackorder","bundle_stock_quantity":null,"bundle_virtual":false,"bundle_layout":"","bundle_add_to_cart_form_location":"","bundle_editable_in_cart":false,"bundle_sold_individually_context":"","bundle_item_grouping":"","bundle_min_size":"","bundle_max_size":"","bundle_price":[],"bundled_items":[],"bundle_sell_ids":[],"acf":[],"yoast_head":"<!-- This site is optimized with the Yoast SEO plugin v27.0 - https:\/\/yoast.com\/product\/yoast-seo-wordpress\/ -->\n<title>Tershine Mikrofiber - Standard 5-pack - Xenonkungen<\/title>\n<meta name=\"robots\" content=\"index, follow, max-snippet:-1, max-image-preview:large, max-video-preview:-1\" \/>\n<link rel=\"canonical\" href=\"https:\/\/xenonkungen.com\/no\/produkt\/tershine-mikrofiber-standard-5-pakning\/\" \/>\n<meta property=\"og:locale\" content=\"nb_NO\" \/>\n<meta property=\"og:type\" content=\"article\" \/>\n<meta property=\"og:title\" content=\"Tershine Mikrofiber - Standard 5-pack - Xenonkungen\" \/>\n<meta property=\"og:description\" content=\"Fem stycken mikrofiberdukar i grymt fin kvalitet. V\u00e4ldigt m\u00e5ngsidiga, perfekt b\u00e5da f\u00f6r in och utsida.\" \/>\n<meta property=\"og:url\" content=\"https:\/\/xenonkungen.com\/no\/produkt\/tershine-mikrofiber-standard-5-pakning\/\" \/>\n<meta property=\"og:site_name\" content=\"Xenonkungen\" \/>\n<meta property=\"article:modified_time\" content=\"2026-04-24T16:48:08+00:00\" \/>\n<meta property=\"og:image\" content=\"https:\/\/xenonkungen.com\/wp-content\/uploads\/2026\/03\/ONFUsFRDtXQBCu2VYGQv0SGCtubOlfCzJHOROw8O.webp\" \/>\n\t<meta property=\"og:image:width\" content=\"1024\" \/>\n\t<meta property=\"og:image:height\" content=\"1024\" \/>\n\t<meta property=\"og:image:type\" content=\"image\/webp\" \/>\n<meta name=\"twitter:card\" content=\"summary_large_image\" \/>\n<meta name=\"twitter:label1\" content=\"Ansl. lesetid\" \/>\n\t<meta name=\"twitter:data1\" content=\"1 minutt\" \/>\n<script type=\"application\/ld+json\" class=\"yoast-schema-graph\">{\"@context\":\"https:\/\/schema.org\",\"@graph\":[{\"@type\":\"WebPage\",\"@id\":\"https:\/\/xenonkungen.com\/produkt\/tershine-mikrofiber-standard-5-pack\/\",\"url\":\"https:\/\/xenonkungen.com\/produkt\/tershine-mikrofiber-standard-5-pack\/\",\"name\":\"Tershine Mikrofiber - Standard 5-pack - Xenonkungen\",\"isPartOf\":{\"@id\":\"https:\/\/xenonkungen.com\/#website\"},\"primaryImageOfPage\":{\"@id\":\"https:\/\/xenonkungen.com\/produkt\/tershine-mikrofiber-standard-5-pack\/#primaryimage\"},\"image\":{\"@id\":\"https:\/\/xenonkungen.com\/produkt\/tershine-mikrofiber-standard-5-pack\/#primaryimage\"},\"thumbnailUrl\":\"https:\/\/xenonkungen.com\/wp-content\/uploads\/2026\/03\/ONFUsFRDtXQBCu2VYGQv0SGCtubOlfCzJHOROw8O.webp\",\"datePublished\":\"2026-03-16T10:58:14+00:00\",\"dateModified\":\"2026-04-24T16:48:08+00:00\",\"breadcrumb\":{\"@id\":\"https:\/\/xenonkungen.com\/produkt\/tershine-mikrofiber-standard-5-pack\/#breadcrumb\"},\"inLanguage\":\"nb-NO\",\"potentialAction\":[{\"@type\":\"ReadAction\",\"target\":[\"https:\/\/xenonkungen.com\/produkt\/tershine-mikrofiber-standard-5-pack\/\"]}]},{\"@type\":\"ImageObject\",\"inLanguage\":\"nb-NO\",\"@id\":\"https:\/\/xenonkungen.com\/produkt\/tershine-mikrofiber-standard-5-pack\/#primaryimage\",\"url\":\"https:\/\/xenonkungen.com\/wp-content\/uploads\/2026\/03\/ONFUsFRDtXQBCu2VYGQv0SGCtubOlfCzJHOROw8O.webp\",\"contentUrl\":\"https:\/\/xenonkungen.com\/wp-content\/uploads\/2026\/03\/ONFUsFRDtXQBCu2VYGQv0SGCtubOlfCzJHOROw8O.webp\",\"width\":1024,\"height\":1024},{\"@type\":\"BreadcrumbList\",\"@id\":\"https:\/\/xenonkungen.com\/produkt\/tershine-mikrofiber-standard-5-pack\/#breadcrumb\",\"itemListElement\":[{\"@type\":\"ListItem\",\"position\":1,\"name\":\"Hem\",\"item\":\"https:\/\/xenonkungen.com\/\"},{\"@type\":\"ListItem\",\"position\":2,\"name\":\"Shop\",\"item\":\"https:\/\/xenonkungen.com\/shop\/\"},{\"@type\":\"ListItem\",\"position\":3,\"name\":\"Tershine Mikrofiber &#8211; Standard 5-pack\"}]},{\"@type\":\"WebSite\",\"@id\":\"https:\/\/xenonkungen.com\/#website\",\"url\":\"https:\/\/xenonkungen.com\/\",\"name\":\"Xenonkungen\",\"description\":\"\",\"potentialAction\":[{\"@type\":\"SearchAction\",\"target\":{\"@type\":\"EntryPoint\",\"urlTemplate\":\"https:\/\/xenonkungen.com\/?s={search_term_string}\"},\"query-input\":{\"@type\":\"PropertyValueSpecification\",\"valueRequired\":true,\"valueName\":\"search_term_string\"}}],\"inLanguage\":\"nb-NO\"}]}<\/script>\n<!-- \/ Yoast SEO plugin. -->","yoast_head_json":{"title":"Tershine mikrofiber - Standard 5-pakning - Xenon-kongen","robots":{"index":"index","follow":"follow","max-snippet":"max-snippet:-1","max-image-preview":"max-image-preview:large","max-video-preview":"max-video-preview:-1"},"canonical":"https:\/\/xenonkungen.com\/no\/produkt\/tershine-mikrofiber-standard-5-pakning\/","og_locale":"nb_NO","og_type":"article","og_title":"Tershine Mikrofiber - Standard 5-pack - Xenonkungen","og_description":"Fem stycken mikrofiberdukar i grymt fin kvalitet. V\u00e4ldigt m\u00e5ngsidiga, perfekt b\u00e5da f\u00f6r in och utsida.","og_url":"https:\/\/xenonkungen.com\/no\/produkt\/tershine-mikrofiber-standard-5-pakning\/","og_site_name":"Xenonkungen","article_modified_time":"2026-04-24T16:48:08+00:00","og_image":[{"width":1024,"height":1024,"url":"https:\/\/xenonkungen.com\/wp-content\/uploads\/2026\/03\/ONFUsFRDtXQBCu2VYGQv0SGCtubOlfCzJHOROw8O.webp","type":"image\/webp"}],"twitter_card":"summary_large_image","twitter_misc":{"Ansl. lesetid":"1 minutt"},"schema":{"@context":"https:\/\/schema.org","@graph":[{"@type":"WebPage","@id":"https:\/\/xenonkungen.com\/produkt\/tershine-mikrofiber-standard-5-pack\/","url":"https:\/\/xenonkungen.com\/produkt\/tershine-mikrofiber-standard-5-pack\/","name":"Tershine mikrofiber - Standard 5-pakning - Xenon-kongen","isPartOf":{"@id":"https:\/\/xenonkungen.com\/#website"},"primaryImageOfPage":{"@id":"https:\/\/xenonkungen.com\/produkt\/tershine-mikrofiber-standard-5-pack\/#primaryimage"},"image":{"@id":"https:\/\/xenonkungen.com\/produkt\/tershine-mikrofiber-standard-5-pack\/#primaryimage"},"thumbnailUrl":"https:\/\/xenonkungen.com\/wp-content\/uploads\/2026\/03\/ONFUsFRDtXQBCu2VYGQv0SGCtubOlfCzJHOROw8O.webp","datePublished":"2026-03-16T10:58:14+00:00","dateModified":"2026-04-24T16:48:08+00:00","breadcrumb":{"@id":"https:\/\/xenonkungen.com\/produkt\/tershine-mikrofiber-standard-5-pack\/#breadcrumb"},"inLanguage":"nb-NO","potentialAction":[{"@type":"ReadAction","target":["https:\/\/xenonkungen.com\/produkt\/tershine-mikrofiber-standard-5-pack\/"]}]},{"@type":"ImageObject","inLanguage":"nb-NO","@id":"https:\/\/xenonkungen.com\/produkt\/tershine-mikrofiber-standard-5-pack\/#primaryimage","url":"https:\/\/xenonkungen.com\/wp-content\/uploads\/2026\/03\/ONFUsFRDtXQBCu2VYGQv0SGCtubOlfCzJHOROw8O.webp","contentUrl":"https:\/\/xenonkungen.com\/wp-content\/uploads\/2026\/03\/ONFUsFRDtXQBCu2VYGQv0SGCtubOlfCzJHOROw8O.webp","width":1024,"height":1024},{"@type":"BreadcrumbList","@id":"https:\/\/xenonkungen.com\/produkt\/tershine-mikrofiber-standard-5-pack\/#breadcrumb","itemListElement":[{"@type":"ListItem","position":1,"name":"Hem","item":"https:\/\/xenonkungen.com\/"},{"@type":"ListItem","position":2,"name":"Shop","item":"https:\/\/xenonkungen.com\/shop\/"},{"@type":"ListItem","position":3,"name":"Tershine Mikrofiber &#8211; Standard 5-pack"}]},{"@type":"WebSite","@id":"https:\/\/xenonkungen.com\/#website","url":"https:\/\/xenonkungen.com\/","name":"Xenonkungen","description":"","potentialAction":[{"@type":"SearchAction","target":{"@type":"EntryPoint","urlTemplate":"https:\/\/xenonkungen.com\/?s={search_term_string}"},"query-input":{"@type":"PropertyValueSpecification","valueRequired":true,"valueName":"search_term_string"}}],"inLanguage":"nb-NO"}]}},"taxonomy_info":{"product_brand":[{"value":2893,"label":"Tershine"}],"product_cat":[{"value":2450,"label":"6 | Tillbeh\u00f6r"},{"value":378,"label":"Bilv\u00e5rd"}],"pa_farg":[{"value":2292,"label":"Bl\u00e5"},{"value":2904,"label":"Gr\u00e5"}]},"featured_image_src_large":["https:\/\/xenonkungen.com\/wp-content\/uploads\/2026\/03\/ONFUsFRDtXQBCu2VYGQv0SGCtubOlfCzJHOROw8O.webp",1024,1024,false],"author_info":[],"comment_info":0,"_links":{"self":[{"href":"https:\/\/xenonkungen.com\/no\/wp-json\/wp\/v2\/product\/27892","targetHints":{"allow":["GET"]}}],"collection":[{"href":"https:\/\/xenonkungen.com\/no\/wp-json\/wp\/v2\/product"}],"about":[{"href":"https:\/\/xenonkungen.com\/no\/wp-json\/wp\/v2\/types\/product"}],"replies":[{"embeddable":true,"href":"https:\/\/xenonkungen.com\/no\/wp-json\/wp\/v2\/comments?post=27892"}],"wp:featuredmedia":[{"embeddable":true,"href":"https:\/\/xenonkungen.com\/no\/wp-json\/wp\/v2\/media\/27895"}],"wp:attachment":[{"href":"https:\/\/xenonkungen.com\/no\/wp-json\/wp\/v2\/media?parent=27892"}],"wp:term":[{"taxonomy":"anvandningsomrade","embeddable":true,"href":"https:\/\/xenonkungen.com\/no\/wp-json\/wp\/v2\/anvandningsomrade?post=27892"},{"taxonomy":"bilmarken","embeddable":true,"href":"https:\/\/xenonkungen.com\/no\/wp-json\/wp\/v2\/bilmarken?post=27892"},{"taxonomy":"product_brand","embeddable":true,"href":"https:\/\/xenonkungen.com\/no\/wp-json\/wp\/v2\/product_brand?post=27892"},{"taxonomy":"product_cat","embeddable":true,"href":"https:\/\/xenonkungen.com\/no\/wp-json\/wp\/v2\/product_cat?post=27892"},{"taxonomy":"product_tag","embeddable":true,"href":"https:\/\/xenonkungen.com\/no\/wp-json\/wp\/v2\/product_tag?post=27892"}],"curies":[{"name":"wp","href":"https:\/\/api.w.org\/{rel}","templated":true}]}}