{"id":27905,"date":"2026-03-16T13:10:49","date_gmt":"2026-03-16T12:10:49","guid":{"rendered":"https:\/\/xenonkungen.com\/?post_type=product&#038;p=27905"},"modified":"2026-04-24T17:48:22","modified_gmt":"2026-04-24T16:48:22","slug":"tershine-prime-panelklut","status":"publish","type":"product","link":"https:\/\/xenonkungen.com\/no\/produkt\/tershine-prime-panelklut\/","title":{"rendered":"Tershine Prime \u2013 Panelt\u00f8rk"},"content":{"rendered":"<p>Rengj\u00f8ring for \u00e5 fjerne fett, voks og annet f\u00f8r lakkbeskyttelse.<\/p>\n<p><strong>Sterk rengj\u00f8ring<br \/>\nLimfjerner<br \/>\nSk\u00e5nsom mot overflaten<br \/>\nTilsvarende en isopropanol<br \/>\nPerfekt f\u00f8r voks og beskyttelse av keramisk lakk<br \/>\nFor \u00e5 t\u00f8rke av poleringsrester og annet<\/strong><strong><\/p>\n<p>1.\u00a0<\/strong>Spray i en mikrofiberklut eller direkte p\u00e5 overflaten<br \/>\n<strong>2.\u00a0<\/strong>Spredt over ett panel om gangen<br \/>\n<strong>3.\u00a0<\/strong>Poler opp med den rene siden eller en annen klut<br \/>\n<strong>4.\u00a0<\/strong>P\u00e5f\u00f8r hvilken som helst blank gloss med god samvittighet<\/p>\n<p>Prime er en s\u00e5kalt panelserviett som rengj\u00f8r overflaten og forbereder den for enhver lakkbeskyttelse, som Magnify eller Refract. Med sin unike formel rengj\u00f8r den overflaten i dybden og fjerner eventuelle poleringsrester, fett osv. Den lukter nesten ingenting (lukter som en skunk). Som en bonus er den ogs\u00e5 ikke brannfarlig! Dette er grunnlaget for god holdbarhet, uavhengig av type beskyttelse! Ekstremt gener\u00f8s og nok til mye. Den fungerer ogs\u00e5 fantastisk til \u00e5 fjerne sv\u00e6rt gjenstridige asfaltflekker.<\/p>\n<p>Tilgjengelig i st\u00f8rrelsene:<\/p>\n<p>200 ml eller 500 ml<\/p>","protected":false},"excerpt":{"rendered":"<p>Dyprens for \u00e5 fjerne fett, voksrester, poleringsrester og annet fra overflaten f\u00f8r p\u00e5f\u00f8ring av lakkbeskyttelse.<\/p>","protected":false},"featured_media":27907,"comment_status":"open","ping_status":"closed","template":"","meta":{"_acf_changed":false,"_smort_price_nok":"","_smort_price_dkk":"","_smort_price_eur":"","_smort_sale_price_nok":"","_smort_sale_price_dkk":"","_smort_sale_price_eur":"","smort_restorder":"","shipmondo_restorder":"","_kad_blocks_custom_css":"","_kad_blocks_head_custom_js":"","_kad_blocks_body_custom_js":"","_kad_blocks_footer_custom_js":"","smort_custom_pricelist_1":null,"smort_custom_pricelist_2":null,"smort_custom_pricelist_3":null,"smort_custom_pricelist_4":null,"smort_custom_pricelist_5":null},"anvandningsomrade":[],"bilmarken":[],"product_brand":[2893],"product_cat":[2614,378],"product_tag":[],"class_list":{"0":"post-27905","1":"product","2":"type-product","3":"status-publish","4":"has-post-thumbnail","6":"product_brand-tershine","7":"product_cat-lackskydd","8":"product_cat-bilvard","10":"first","11":"onbackorder","12":"taxable","13":"shipping-taxable","14":"purchasable","15":"product-type-variable"},"bundled_by":[],"bundle_stock_status":"onbackorder","bundle_stock_quantity":null,"bundle_virtual":false,"bundle_layout":"","bundle_add_to_cart_form_location":"","bundle_editable_in_cart":false,"bundle_sold_individually_context":"","bundle_item_grouping":"","bundle_min_size":"","bundle_max_size":"","bundle_price":[],"bundled_items":[],"bundle_sell_ids":[],"acf":[],"yoast_head":"<!-- This site is optimized with the Yoast SEO plugin v27.0 - https:\/\/yoast.com\/product\/yoast-seo-wordpress\/ -->\n<title>Tershine Prime - Panel Wipe - Xenonkungen<\/title>\n<meta name=\"robots\" content=\"index, follow, max-snippet:-1, max-image-preview:large, max-video-preview:-1\" \/>\n<link rel=\"canonical\" href=\"https:\/\/xenonkungen.com\/no\/produkt\/tershine-prime-panelklut\/\" \/>\n<meta property=\"og:locale\" content=\"nb_NO\" \/>\n<meta property=\"og:type\" content=\"article\" \/>\n<meta property=\"og:title\" content=\"Tershine Prime - Panel Wipe - Xenonkungen\" \/>\n<meta property=\"og:description\" content=\"Djupreng\u00f6ring f\u00f6r att eliminera fetter, vaxrester, polerrester och annat fr\u00e5n ytan innan applicering av lackskydd.\" \/>\n<meta property=\"og:url\" content=\"https:\/\/xenonkungen.com\/no\/produkt\/tershine-prime-panelklut\/\" \/>\n<meta property=\"og:site_name\" content=\"Xenonkungen\" \/>\n<meta property=\"article:modified_time\" content=\"2026-04-24T16:48:22+00:00\" \/>\n<meta property=\"og:image\" content=\"https:\/\/xenonkungen.com\/wp-content\/uploads\/2026\/03\/KfOwtZifsf2aCJ0xazYqaSdeV0RUn7ZGW2ZzpCNR.webp\" \/>\n\t<meta property=\"og:image:width\" content=\"1024\" \/>\n\t<meta property=\"og:image:height\" content=\"1024\" \/>\n\t<meta property=\"og:image:type\" content=\"image\/webp\" \/>\n<meta name=\"twitter:card\" content=\"summary_large_image\" \/>\n<meta name=\"twitter:label1\" content=\"Ansl. lesetid\" \/>\n\t<meta name=\"twitter:data1\" content=\"1 minutt\" \/>\n<script type=\"application\/ld+json\" class=\"yoast-schema-graph\">{\"@context\":\"https:\/\/schema.org\",\"@graph\":[{\"@type\":\"WebPage\",\"@id\":\"https:\/\/xenonkungen.com\/produkt\/tershine-prime-panel-wipe\/\",\"url\":\"https:\/\/xenonkungen.com\/produkt\/tershine-prime-panel-wipe\/\",\"name\":\"Tershine Prime - Panel Wipe - Xenonkungen\",\"isPartOf\":{\"@id\":\"https:\/\/xenonkungen.com\/#website\"},\"primaryImageOfPage\":{\"@id\":\"https:\/\/xenonkungen.com\/produkt\/tershine-prime-panel-wipe\/#primaryimage\"},\"image\":{\"@id\":\"https:\/\/xenonkungen.com\/produkt\/tershine-prime-panel-wipe\/#primaryimage\"},\"thumbnailUrl\":\"https:\/\/xenonkungen.com\/wp-content\/uploads\/2026\/03\/KfOwtZifsf2aCJ0xazYqaSdeV0RUn7ZGW2ZzpCNR.webp\",\"datePublished\":\"2026-03-16T12:10:49+00:00\",\"dateModified\":\"2026-04-24T16:48:22+00:00\",\"breadcrumb\":{\"@id\":\"https:\/\/xenonkungen.com\/produkt\/tershine-prime-panel-wipe\/#breadcrumb\"},\"inLanguage\":\"nb-NO\",\"potentialAction\":[{\"@type\":\"ReadAction\",\"target\":[\"https:\/\/xenonkungen.com\/produkt\/tershine-prime-panel-wipe\/\"]}]},{\"@type\":\"ImageObject\",\"inLanguage\":\"nb-NO\",\"@id\":\"https:\/\/xenonkungen.com\/produkt\/tershine-prime-panel-wipe\/#primaryimage\",\"url\":\"https:\/\/xenonkungen.com\/wp-content\/uploads\/2026\/03\/KfOwtZifsf2aCJ0xazYqaSdeV0RUn7ZGW2ZzpCNR.webp\",\"contentUrl\":\"https:\/\/xenonkungen.com\/wp-content\/uploads\/2026\/03\/KfOwtZifsf2aCJ0xazYqaSdeV0RUn7ZGW2ZzpCNR.webp\",\"width\":1024,\"height\":1024},{\"@type\":\"BreadcrumbList\",\"@id\":\"https:\/\/xenonkungen.com\/produkt\/tershine-prime-panel-wipe\/#breadcrumb\",\"itemListElement\":[{\"@type\":\"ListItem\",\"position\":1,\"name\":\"Hem\",\"item\":\"https:\/\/xenonkungen.com\/\"},{\"@type\":\"ListItem\",\"position\":2,\"name\":\"Shop\",\"item\":\"https:\/\/xenonkungen.com\/shop\/\"},{\"@type\":\"ListItem\",\"position\":3,\"name\":\"Tershine Prime &#8211; Panel Wipe\"}]},{\"@type\":\"WebSite\",\"@id\":\"https:\/\/xenonkungen.com\/#website\",\"url\":\"https:\/\/xenonkungen.com\/\",\"name\":\"Xenonkungen\",\"description\":\"\",\"potentialAction\":[{\"@type\":\"SearchAction\",\"target\":{\"@type\":\"EntryPoint\",\"urlTemplate\":\"https:\/\/xenonkungen.com\/?s={search_term_string}\"},\"query-input\":{\"@type\":\"PropertyValueSpecification\",\"valueRequired\":true,\"valueName\":\"search_term_string\"}}],\"inLanguage\":\"nb-NO\"}]}<\/script>\n<!-- \/ Yoast SEO plugin. -->","yoast_head_json":{"title":"Tershine Prime - Panelvisker - Xenon-kongen","robots":{"index":"index","follow":"follow","max-snippet":"max-snippet:-1","max-image-preview":"max-image-preview:large","max-video-preview":"max-video-preview:-1"},"canonical":"https:\/\/xenonkungen.com\/no\/produkt\/tershine-prime-panelklut\/","og_locale":"nb_NO","og_type":"article","og_title":"Tershine Prime - Panel Wipe - Xenonkungen","og_description":"Djupreng\u00f6ring f\u00f6r att eliminera fetter, vaxrester, polerrester och annat fr\u00e5n ytan innan applicering av lackskydd.","og_url":"https:\/\/xenonkungen.com\/no\/produkt\/tershine-prime-panelklut\/","og_site_name":"Xenonkungen","article_modified_time":"2026-04-24T16:48:22+00:00","og_image":[{"width":1024,"height":1024,"url":"https:\/\/xenonkungen.com\/wp-content\/uploads\/2026\/03\/KfOwtZifsf2aCJ0xazYqaSdeV0RUn7ZGW2ZzpCNR.webp","type":"image\/webp"}],"twitter_card":"summary_large_image","twitter_misc":{"Ansl. lesetid":"1 minutt"},"schema":{"@context":"https:\/\/schema.org","@graph":[{"@type":"WebPage","@id":"https:\/\/xenonkungen.com\/produkt\/tershine-prime-panel-wipe\/","url":"https:\/\/xenonkungen.com\/produkt\/tershine-prime-panel-wipe\/","name":"Tershine Prime - Panelvisker - Xenon-kongen","isPartOf":{"@id":"https:\/\/xenonkungen.com\/#website"},"primaryImageOfPage":{"@id":"https:\/\/xenonkungen.com\/produkt\/tershine-prime-panel-wipe\/#primaryimage"},"image":{"@id":"https:\/\/xenonkungen.com\/produkt\/tershine-prime-panel-wipe\/#primaryimage"},"thumbnailUrl":"https:\/\/xenonkungen.com\/wp-content\/uploads\/2026\/03\/KfOwtZifsf2aCJ0xazYqaSdeV0RUn7ZGW2ZzpCNR.webp","datePublished":"2026-03-16T12:10:49+00:00","dateModified":"2026-04-24T16:48:22+00:00","breadcrumb":{"@id":"https:\/\/xenonkungen.com\/produkt\/tershine-prime-panel-wipe\/#breadcrumb"},"inLanguage":"nb-NO","potentialAction":[{"@type":"ReadAction","target":["https:\/\/xenonkungen.com\/produkt\/tershine-prime-panel-wipe\/"]}]},{"@type":"ImageObject","inLanguage":"nb-NO","@id":"https:\/\/xenonkungen.com\/produkt\/tershine-prime-panel-wipe\/#primaryimage","url":"https:\/\/xenonkungen.com\/wp-content\/uploads\/2026\/03\/KfOwtZifsf2aCJ0xazYqaSdeV0RUn7ZGW2ZzpCNR.webp","contentUrl":"https:\/\/xenonkungen.com\/wp-content\/uploads\/2026\/03\/KfOwtZifsf2aCJ0xazYqaSdeV0RUn7ZGW2ZzpCNR.webp","width":1024,"height":1024},{"@type":"BreadcrumbList","@id":"https:\/\/xenonkungen.com\/produkt\/tershine-prime-panel-wipe\/#breadcrumb","itemListElement":[{"@type":"ListItem","position":1,"name":"Hem","item":"https:\/\/xenonkungen.com\/"},{"@type":"ListItem","position":2,"name":"Shop","item":"https:\/\/xenonkungen.com\/shop\/"},{"@type":"ListItem","position":3,"name":"Tershine Prime &#8211; Panel Wipe"}]},{"@type":"WebSite","@id":"https:\/\/xenonkungen.com\/#website","url":"https:\/\/xenonkungen.com\/","name":"Xenonkungen","description":"","potentialAction":[{"@type":"SearchAction","target":{"@type":"EntryPoint","urlTemplate":"https:\/\/xenonkungen.com\/?s={search_term_string}"},"query-input":{"@type":"PropertyValueSpecification","valueRequired":true,"valueName":"search_term_string"}}],"inLanguage":"nb-NO"}]}},"taxonomy_info":{"product_brand":[{"value":2893,"label":"Tershine"}],"product_cat":[{"value":2614,"label":"4 | Bilvax &amp; Lackskydd"},{"value":378,"label":"Bilv\u00e5rd"}]},"featured_image_src_large":["https:\/\/xenonkungen.com\/wp-content\/uploads\/2026\/03\/KfOwtZifsf2aCJ0xazYqaSdeV0RUn7ZGW2ZzpCNR.webp",1024,1024,false],"author_info":[],"comment_info":0,"_links":{"self":[{"href":"https:\/\/xenonkungen.com\/no\/wp-json\/wp\/v2\/product\/27905","targetHints":{"allow":["GET"]}}],"collection":[{"href":"https:\/\/xenonkungen.com\/no\/wp-json\/wp\/v2\/product"}],"about":[{"href":"https:\/\/xenonkungen.com\/no\/wp-json\/wp\/v2\/types\/product"}],"replies":[{"embeddable":true,"href":"https:\/\/xenonkungen.com\/no\/wp-json\/wp\/v2\/comments?post=27905"}],"wp:featuredmedia":[{"embeddable":true,"href":"https:\/\/xenonkungen.com\/no\/wp-json\/wp\/v2\/media\/27907"}],"wp:attachment":[{"href":"https:\/\/xenonkungen.com\/no\/wp-json\/wp\/v2\/media?parent=27905"}],"wp:term":[{"taxonomy":"anvandningsomrade","embeddable":true,"href":"https:\/\/xenonkungen.com\/no\/wp-json\/wp\/v2\/anvandningsomrade?post=27905"},{"taxonomy":"bilmarken","embeddable":true,"href":"https:\/\/xenonkungen.com\/no\/wp-json\/wp\/v2\/bilmarken?post=27905"},{"taxonomy":"product_brand","embeddable":true,"href":"https:\/\/xenonkungen.com\/no\/wp-json\/wp\/v2\/product_brand?post=27905"},{"taxonomy":"product_cat","embeddable":true,"href":"https:\/\/xenonkungen.com\/no\/wp-json\/wp\/v2\/product_cat?post=27905"},{"taxonomy":"product_tag","embeddable":true,"href":"https:\/\/xenonkungen.com\/no\/wp-json\/wp\/v2\/product_tag?post=27905"}],"curies":[{"name":"wp","href":"https:\/\/api.w.org\/{rel}","templated":true}]}}