{"id":27913,"date":"2026-03-16T13:27:56","date_gmt":"2026-03-16T12:27:56","guid":{"rendered":"https:\/\/xenonkungen.com\/?post_type=product&#038;p=27913"},"modified":"2026-04-24T17:48:30","modified_gmt":"2026-04-24T16:48:30","slug":"tershine-purify-s-5-l-keramisk-bilsjampo","status":"publish","type":"product","link":"https:\/\/xenonkungen.com\/no\/produkt\/tershine-purify-s-5-l-keramisk-bilsjampo\/","title":{"rendered":"Tershine Purify S 5 L \u2013 Keramisk bilsjampo"},"content":{"rendered":"<p>Purify S \u2013 Bilsjampo er neste generasjon ekstremt skinnende og h\u00f8yskummende bilsjampo som rengj\u00f8r i dybden og etterlater en fantastisk overflate. Helt fri for faremerking, 100% biologisk nedbrytbar og fungerer p\u00e5 s\u00e5 godt som alle kj\u00f8ret\u00f8y som biler, campingvogner, campingvogner, lastebiler, b\u00e5ter og motorsykler. Sv\u00e6rt h\u00f8yt blandingsforhold (1:1000) som gj\u00f8r den sv\u00e6rt rimelig. Fungerer ogs\u00e5 utmerket i skumlanse.<\/p>\n<p><strong>Ekstremt h\u00f8yglans<br \/>\nTykt skum<br \/>\nFantastisk glid over overflaten<br \/>\nFinnes i to forskjellige herlige dufter<br \/>\nFungerer i skumlanse<br \/>\nDyp rengj\u00f8ring<br \/>\nProduktet er ikke klassifisert som merkepliktig i henhold til CLP-forordning (EF) 1272\/2008.<br \/>\n<\/strong><\/p>\n<p><strong>Slik bruker du Purify S \u2013 Bilsjampo:<br \/>\n<\/strong><br \/>\n<strong>1.<\/strong>\u00a0Hell i en skvett lunkent vann<br \/>\n<strong>2.<\/strong>\u00a0L\u00f8sne skummet med h\u00f8ytrykksspyleren<br \/>\n<strong>3.<\/strong>\u00a0Bruk en vaskehanske eller mikrofiberklut med rette str\u00f8k over lakken.<br \/>\n<strong>4<\/strong>Skyll av<br \/>\n<strong>5.<\/strong>\u00a0Velkommen til fremtiden for blankt glans<\/p>\n<p>Purify S bidrar til \u00e5 forsterke eksisterende lakkbeskyttelse slik at den varer lenger, men fungerer selvf\u00f8lgelig like bra p\u00e5 en overflate uten noen form for beskyttelse. Glansen vil gradvis \u00f8ke i l\u00f8pet av den f\u00f8rste timen etter vask. Helt sikker mot alle typer voks og keramisk spraymalingsbeskyttelse. Fungerer utmerket \u00e5 bruke p\u00e5 blank maling, matt maling, blank folie\/folie, matt folie\/folie og alle typer PPF\/Stone Shot Film. Den kommer i to herlige dufter, original med en fin duft av appelsin (n\u00e6r) og bringeb\u00e6r.<\/p>","protected":false},"excerpt":{"rendered":"<p>Keramisk bilsjampo som skummer masse og gir en helt vanvittig glans. Blandingsforhold 1:1000 og fantastisk duft!<\/p>","protected":false},"featured_media":27915,"comment_status":"open","ping_status":"closed","template":"","meta":{"_acf_changed":false,"_smort_price_nok":"","_smort_price_dkk":"","_smort_price_eur":"","_smort_sale_price_nok":"","_smort_sale_price_dkk":"","_smort_sale_price_eur":"","smort_restorder":"","shipmondo_restorder":"","_kad_blocks_custom_css":"","_kad_blocks_head_custom_js":"","_kad_blocks_body_custom_js":"","_kad_blocks_footer_custom_js":"","smort_custom_pricelist_1":null,"smort_custom_pricelist_2":null,"smort_custom_pricelist_3":null,"smort_custom_pricelist_4":null,"smort_custom_pricelist_5":null},"anvandningsomrade":[],"bilmarken":[],"product_brand":[2893],"product_cat":[2988,2892,2621,378],"product_tag":[],"class_list":{"0":"post-27913","1":"product","2":"type-product","3":"status-publish","4":"has-post-thumbnail","6":"product_brand-tershine","7":"product_cat-biltvatt","8":"product_cat-retail-produkter","9":"product_cat-bilschampo","10":"product_cat-bilvard","12":"first","13":"onbackorder","14":"taxable","15":"shipping-taxable","16":"purchasable","17":"product-type-variable"},"bundled_by":[],"bundle_stock_status":"onbackorder","bundle_stock_quantity":null,"bundle_virtual":false,"bundle_layout":"","bundle_add_to_cart_form_location":"","bundle_editable_in_cart":false,"bundle_sold_individually_context":"","bundle_item_grouping":"","bundle_min_size":"","bundle_max_size":"","bundle_price":[],"bundled_items":[],"bundle_sell_ids":[],"acf":[],"yoast_head":"<!-- This site is optimized with the Yoast SEO plugin v27.0 - https:\/\/yoast.com\/product\/yoast-seo-wordpress\/ -->\n<title>Tershine Purify S 5 L - Keramiskt bilschampo - Xenonkungen<\/title>\n<meta name=\"robots\" content=\"index, follow, max-snippet:-1, max-image-preview:large, max-video-preview:-1\" \/>\n<link rel=\"canonical\" href=\"https:\/\/xenonkungen.com\/no\/produkt\/tershine-purify-s-5-l-keramisk-bilsjampo\/\" \/>\n<meta property=\"og:locale\" content=\"nb_NO\" \/>\n<meta property=\"og:type\" content=\"article\" \/>\n<meta property=\"og:title\" content=\"Tershine Purify S 5 L - Keramiskt bilschampo - Xenonkungen\" \/>\n<meta property=\"og:description\" content=\"Keramiskt bilschampo som skummar mycket och ger en helt vansinnig glans. Blandningsf\u00f6rh\u00e5llande 1:1000 och grym doft!\" \/>\n<meta property=\"og:url\" content=\"https:\/\/xenonkungen.com\/no\/produkt\/tershine-purify-s-5-l-keramisk-bilsjampo\/\" \/>\n<meta property=\"og:site_name\" content=\"Xenonkungen\" \/>\n<meta property=\"article:modified_time\" content=\"2026-04-24T16:48:30+00:00\" \/>\n<meta property=\"og:image\" content=\"https:\/\/xenonkungen.com\/wp-content\/uploads\/2026\/03\/ZoPbrIg88qhmp43zM7cr3og4v9sQVtUFi5WKeGbl.webp\" \/>\n\t<meta property=\"og:image:width\" content=\"1024\" \/>\n\t<meta property=\"og:image:height\" content=\"1024\" \/>\n\t<meta property=\"og:image:type\" content=\"image\/webp\" \/>\n<meta name=\"twitter:card\" content=\"summary_large_image\" \/>\n<meta name=\"twitter:label1\" content=\"Ansl. lesetid\" \/>\n\t<meta name=\"twitter:data1\" content=\"2 minutter\" \/>\n<script type=\"application\/ld+json\" class=\"yoast-schema-graph\">{\"@context\":\"https:\/\/schema.org\",\"@graph\":[{\"@type\":\"WebPage\",\"@id\":\"https:\/\/xenonkungen.com\/produkt\/tershine-purify-s-5-l-keramiskt-bilschampo\/\",\"url\":\"https:\/\/xenonkungen.com\/produkt\/tershine-purify-s-5-l-keramiskt-bilschampo\/\",\"name\":\"Tershine Purify S 5 L - Keramiskt bilschampo - Xenonkungen\",\"isPartOf\":{\"@id\":\"https:\/\/xenonkungen.com\/#website\"},\"primaryImageOfPage\":{\"@id\":\"https:\/\/xenonkungen.com\/produkt\/tershine-purify-s-5-l-keramiskt-bilschampo\/#primaryimage\"},\"image\":{\"@id\":\"https:\/\/xenonkungen.com\/produkt\/tershine-purify-s-5-l-keramiskt-bilschampo\/#primaryimage\"},\"thumbnailUrl\":\"https:\/\/xenonkungen.com\/wp-content\/uploads\/2026\/03\/ZoPbrIg88qhmp43zM7cr3og4v9sQVtUFi5WKeGbl.webp\",\"datePublished\":\"2026-03-16T12:27:56+00:00\",\"dateModified\":\"2026-04-24T16:48:30+00:00\",\"breadcrumb\":{\"@id\":\"https:\/\/xenonkungen.com\/produkt\/tershine-purify-s-5-l-keramiskt-bilschampo\/#breadcrumb\"},\"inLanguage\":\"nb-NO\",\"potentialAction\":[{\"@type\":\"ReadAction\",\"target\":[\"https:\/\/xenonkungen.com\/produkt\/tershine-purify-s-5-l-keramiskt-bilschampo\/\"]}]},{\"@type\":\"ImageObject\",\"inLanguage\":\"nb-NO\",\"@id\":\"https:\/\/xenonkungen.com\/produkt\/tershine-purify-s-5-l-keramiskt-bilschampo\/#primaryimage\",\"url\":\"https:\/\/xenonkungen.com\/wp-content\/uploads\/2026\/03\/ZoPbrIg88qhmp43zM7cr3og4v9sQVtUFi5WKeGbl.webp\",\"contentUrl\":\"https:\/\/xenonkungen.com\/wp-content\/uploads\/2026\/03\/ZoPbrIg88qhmp43zM7cr3og4v9sQVtUFi5WKeGbl.webp\",\"width\":1024,\"height\":1024},{\"@type\":\"BreadcrumbList\",\"@id\":\"https:\/\/xenonkungen.com\/produkt\/tershine-purify-s-5-l-keramiskt-bilschampo\/#breadcrumb\",\"itemListElement\":[{\"@type\":\"ListItem\",\"position\":1,\"name\":\"Hem\",\"item\":\"https:\/\/xenonkungen.com\/\"},{\"@type\":\"ListItem\",\"position\":2,\"name\":\"Shop\",\"item\":\"https:\/\/xenonkungen.com\/shop\/\"},{\"@type\":\"ListItem\",\"position\":3,\"name\":\"Tershine Purify S 5 L &#8211; Keramiskt bilschampo\"}]},{\"@type\":\"WebSite\",\"@id\":\"https:\/\/xenonkungen.com\/#website\",\"url\":\"https:\/\/xenonkungen.com\/\",\"name\":\"Xenonkungen\",\"description\":\"\",\"potentialAction\":[{\"@type\":\"SearchAction\",\"target\":{\"@type\":\"EntryPoint\",\"urlTemplate\":\"https:\/\/xenonkungen.com\/?s={search_term_string}\"},\"query-input\":{\"@type\":\"PropertyValueSpecification\",\"valueRequired\":true,\"valueName\":\"search_term_string\"}}],\"inLanguage\":\"nb-NO\"}]}<\/script>\n<!-- \/ Yoast SEO plugin. -->","yoast_head_json":{"title":"Tershine Purify S 5 L - Keramisk bilsjampo - Xenonkungen","robots":{"index":"index","follow":"follow","max-snippet":"max-snippet:-1","max-image-preview":"max-image-preview:large","max-video-preview":"max-video-preview:-1"},"canonical":"https:\/\/xenonkungen.com\/no\/produkt\/tershine-purify-s-5-l-keramisk-bilsjampo\/","og_locale":"nb_NO","og_type":"article","og_title":"Tershine Purify S 5 L - Keramiskt bilschampo - Xenonkungen","og_description":"Keramiskt bilschampo som skummar mycket och ger en helt vansinnig glans. Blandningsf\u00f6rh\u00e5llande 1:1000 och grym doft!","og_url":"https:\/\/xenonkungen.com\/no\/produkt\/tershine-purify-s-5-l-keramisk-bilsjampo\/","og_site_name":"Xenonkungen","article_modified_time":"2026-04-24T16:48:30+00:00","og_image":[{"width":1024,"height":1024,"url":"https:\/\/xenonkungen.com\/wp-content\/uploads\/2026\/03\/ZoPbrIg88qhmp43zM7cr3og4v9sQVtUFi5WKeGbl.webp","type":"image\/webp"}],"twitter_card":"summary_large_image","twitter_misc":{"Ansl. lesetid":"2 minutter"},"schema":{"@context":"https:\/\/schema.org","@graph":[{"@type":"WebPage","@id":"https:\/\/xenonkungen.com\/produkt\/tershine-purify-s-5-l-keramiskt-bilschampo\/","url":"https:\/\/xenonkungen.com\/produkt\/tershine-purify-s-5-l-keramiskt-bilschampo\/","name":"Tershine Purify S 5 L - Keramisk bilsjampo - Xenonkungen","isPartOf":{"@id":"https:\/\/xenonkungen.com\/#website"},"primaryImageOfPage":{"@id":"https:\/\/xenonkungen.com\/produkt\/tershine-purify-s-5-l-keramiskt-bilschampo\/#primaryimage"},"image":{"@id":"https:\/\/xenonkungen.com\/produkt\/tershine-purify-s-5-l-keramiskt-bilschampo\/#primaryimage"},"thumbnailUrl":"https:\/\/xenonkungen.com\/wp-content\/uploads\/2026\/03\/ZoPbrIg88qhmp43zM7cr3og4v9sQVtUFi5WKeGbl.webp","datePublished":"2026-03-16T12:27:56+00:00","dateModified":"2026-04-24T16:48:30+00:00","breadcrumb":{"@id":"https:\/\/xenonkungen.com\/produkt\/tershine-purify-s-5-l-keramiskt-bilschampo\/#breadcrumb"},"inLanguage":"nb-NO","potentialAction":[{"@type":"ReadAction","target":["https:\/\/xenonkungen.com\/produkt\/tershine-purify-s-5-l-keramiskt-bilschampo\/"]}]},{"@type":"ImageObject","inLanguage":"nb-NO","@id":"https:\/\/xenonkungen.com\/produkt\/tershine-purify-s-5-l-keramiskt-bilschampo\/#primaryimage","url":"https:\/\/xenonkungen.com\/wp-content\/uploads\/2026\/03\/ZoPbrIg88qhmp43zM7cr3og4v9sQVtUFi5WKeGbl.webp","contentUrl":"https:\/\/xenonkungen.com\/wp-content\/uploads\/2026\/03\/ZoPbrIg88qhmp43zM7cr3og4v9sQVtUFi5WKeGbl.webp","width":1024,"height":1024},{"@type":"BreadcrumbList","@id":"https:\/\/xenonkungen.com\/produkt\/tershine-purify-s-5-l-keramiskt-bilschampo\/#breadcrumb","itemListElement":[{"@type":"ListItem","position":1,"name":"Hem","item":"https:\/\/xenonkungen.com\/"},{"@type":"ListItem","position":2,"name":"Shop","item":"https:\/\/xenonkungen.com\/shop\/"},{"@type":"ListItem","position":3,"name":"Tershine Purify S 5 L &#8211; Keramiskt bilschampo"}]},{"@type":"WebSite","@id":"https:\/\/xenonkungen.com\/#website","url":"https:\/\/xenonkungen.com\/","name":"Xenonkungen","description":"","potentialAction":[{"@type":"SearchAction","target":{"@type":"EntryPoint","urlTemplate":"https:\/\/xenonkungen.com\/?s={search_term_string}"},"query-input":{"@type":"PropertyValueSpecification","valueRequired":true,"valueName":"search_term_string"}}],"inLanguage":"nb-NO"}]}},"taxonomy_info":{"product_brand":[{"value":2893,"label":"Tershine"}],"product_cat":[{"value":2988,"label":"1 | Biltv\u00e4tt"},{"value":2892,"label":"\u00c5terf\u00f6rs\u00e4ljarprodukter"},{"value":2621,"label":"Bilschampo"},{"value":378,"label":"Bilv\u00e5rd"}]},"featured_image_src_large":["https:\/\/xenonkungen.com\/wp-content\/uploads\/2026\/03\/ZoPbrIg88qhmp43zM7cr3og4v9sQVtUFi5WKeGbl.webp",1024,1024,false],"author_info":[],"comment_info":0,"_links":{"self":[{"href":"https:\/\/xenonkungen.com\/no\/wp-json\/wp\/v2\/product\/27913","targetHints":{"allow":["GET"]}}],"collection":[{"href":"https:\/\/xenonkungen.com\/no\/wp-json\/wp\/v2\/product"}],"about":[{"href":"https:\/\/xenonkungen.com\/no\/wp-json\/wp\/v2\/types\/product"}],"replies":[{"embeddable":true,"href":"https:\/\/xenonkungen.com\/no\/wp-json\/wp\/v2\/comments?post=27913"}],"wp:featuredmedia":[{"embeddable":true,"href":"https:\/\/xenonkungen.com\/no\/wp-json\/wp\/v2\/media\/27915"}],"wp:attachment":[{"href":"https:\/\/xenonkungen.com\/no\/wp-json\/wp\/v2\/media?parent=27913"}],"wp:term":[{"taxonomy":"anvandningsomrade","embeddable":true,"href":"https:\/\/xenonkungen.com\/no\/wp-json\/wp\/v2\/anvandningsomrade?post=27913"},{"taxonomy":"bilmarken","embeddable":true,"href":"https:\/\/xenonkungen.com\/no\/wp-json\/wp\/v2\/bilmarken?post=27913"},{"taxonomy":"product_brand","embeddable":true,"href":"https:\/\/xenonkungen.com\/no\/wp-json\/wp\/v2\/product_brand?post=27913"},{"taxonomy":"product_cat","embeddable":true,"href":"https:\/\/xenonkungen.com\/no\/wp-json\/wp\/v2\/product_cat?post=27913"},{"taxonomy":"product_tag","embeddable":true,"href":"https:\/\/xenonkungen.com\/no\/wp-json\/wp\/v2\/product_tag?post=27913"}],"curies":[{"name":"wp","href":"https:\/\/api.w.org\/{rel}","templated":true}]}}