{"id":27929,"date":"2026-03-16T13:49:15","date_gmt":"2026-03-16T12:49:15","guid":{"rendered":"https:\/\/xenonkungen.com\/?post_type=product&#038;p=27929"},"modified":"2026-04-24T17:48:23","modified_gmt":"2026-04-24T16:48:23","slug":"tershine-purify-s-bilsjampo-5-l-2","status":"publish","type":"product","link":"https:\/\/xenonkungen.com\/no\/produkt\/tershine-purify-s-bilsjampo-5-l-2\/","title":{"rendered":"Tershine Purify S+ \u2013 Bilsjampo 500 ml"},"content":{"rendered":"<p>Bilsjampo og lakkbeskyttelse i ett. Rengj\u00f8r og lager en vannavvisende hinne i samme str\u00f8k. Kunne ikke v\u00e6rt enklere! Fungerer p\u00e5 alle typer kj\u00f8ret\u00f8y som biler, b\u00e5ter, campingvogner, bobiler, lastebiler og motorsykler.<\/p>\n<p><strong>Veldig enkel \u00e5 bruke<br \/>\nGrusom avrenning<br \/>\nRengj\u00f8r og beskytter lakken i \u00e9n omgang<br \/>\nSv\u00e6rt h\u00f8yglans<br \/>\nNydelig duft av eple<br \/>\nFungerer i skumlanse<br \/>\nProduktet er produsert uten tilsetning av per- og polyfluorerte stoffer (PFAS).<\/strong><\/p>\n<p>Slik bruker du Purfiy S+ \u2013 Bilsjampo med avl\u00f8p:<\/p>\n<p><strong>1.\u00a0<\/strong>Hell en skvett i b\u00f8tta, og eksperimenter gjerne med hvor mye du trenger. Det varierer fra bil til bil, og produktet har lavere blandingsforhold enn v\u00e5re andre sjampoer. Det blir nesten bedre jo mer du bruker. Kan ogs\u00e5 p\u00e5f\u00f8res direkte p\u00e5 en hanske\/klut og \u00abmasseres\u00bb inn og deretter skylles av.\u00a0<strong><br \/>\n2.\u00a0<\/strong>L\u00f8sne skummet med h\u00f8yt trykk (gjenta om n\u00f8dvendig)<strong><br \/>\n3.\u00a0<\/strong>Trekk vaskevotten\/mikrofiberkluten i rette str\u00f8k over bilens lakk.<strong><br \/>\n4.\u00a0<\/strong>Skyll og t\u00f8rk av med en klut av h\u00f8y kvalitet.<strong><br \/>\n5.\u00a0<\/strong>Nyt den episke glansen og avrenningen!<\/p>\n<p>Purify S+ er en s\u00e5kalt keramisk sjampo med duft av gr\u00f8nne epler som i tillegg til rengj\u00f8ring gir masse herlig blank glans og etterlater en beskyttende hinne som er sv\u00e6rt vannavvisende! Perfekt for de som \u00f8nsker \u00e5 beskytte bilens lakk enkelt uten mye dill eller for \u00e5 forsterke eksisterende beskyttelse.<\/p>\n<p dir=\"auto\">Blandingsforhold p\u00e5 1:250-1:500 og fungerer helt fantastisk i en skumpistol. Med andre ord, episk for dere med store kj\u00f8ret\u00f8y som lastebiler, gravemaskiner eller ja selvf\u00f8lgelig for ALLE kj\u00f8ret\u00f8y!<\/p>\n<p dir=\"auto\">Skummet er faktisk helt greit, men dessverre er det \u00abkjemikalienes lov\u00bb, avrenning reduserer skum! Men det g\u00e5r fint \u00e5 lufte opp i b\u00f8tta fra tid til annen.<\/p>\n<p dir=\"auto\">Dette er et flott produkt for de gangene du ikke kan kj\u00f8re med spraylakkbeskyttelse og alle trinnene, eller hvis du bare vil opprettholde din eksisterende beskyttelse, som for eksempel Magnify - Coating eller Refract - spraylakkbeskyttelse. Det gir veldig god drenering selv p\u00e5 helt d\u00f8d maling, og hvis du allerede har en beskyttelse under, forsterker den den mye. Dette er et perfekt produkt, b\u00e5de for nybegynnere og ogs\u00e5 for oss hardbarkede vaskere som noen ganger ikke f\u00f8ler at de har tid til en fin vask med alle trinnene. Det er et lite kompromiss \u00e5 ha alt i samme flaske, men dette er virkelig min egen nye favoritt fordi den er s\u00e5 innmari enkel \u00e5 bruke og gir et superfint resultat. Fungerer utmerket p\u00e5 wrap\/ppf og ogs\u00e5 matt maling. Ogs\u00e5 flott p\u00e5 b\u00e5ten, campingvognen\/campingvognen, vannscooteren, ja det fungerer p\u00e5 mer eller mindre alt.<\/p>\n<p dir=\"auto\">En flott ting er at du absolutt ikke trenger \u00e5 &quot;f\u00e5 panikk&quot; hvis produktet ikke skylles av umiddelbart. Med andre ord kan du vaske hele kj\u00f8ret\u00f8yet i fred og ro f\u00f8r du skyller det av, akkurat som v\u00e5re andre sjampoer. Du starter selvf\u00f8lgelig med alle trinnene f\u00f8r, som avfetting, felgrengj\u00f8ring osv. Med andre ord en helt vanlig vask.<\/p>\n<p dir=\"auto\">Kan med fordel brukes i en skumpistol, som vanlig er det s\u00e5 mange forskjellige faktorer som spiller inn, s\u00e5 eksperimenter gjerne til du f\u00e5r riktig blandingsforhold. S\u00f8rg for \u00e5 rengj\u00f8re grundig f\u00f8r du bruker avfettingsmidlene, s\u00e5 dusjer du bare av og lar det trekke inn en stund f\u00f8r du skyller av.<\/p>\n<p dir=\"auto\">Som en siste ting kan du faktisk fortynne den med vann og bruke den som en form for v\u00e5tt str\u00f8k, deretter blande den i en tom flaske og spraye p\u00e5 en ren overflate og skylle av som Refract.<\/p>\n<p dir=\"auto\">Hvis \u00f8nsket effekt ikke oppn\u00e5s, pr\u00f8v bare \u00e5 bruke litt mer produkt. Det h\u00f8res vagt ut, men som jeg beskrev ovenfor, anbefaler vi at du eksperimenterer til du finner blandingsforholdet som passer deg best. Unng\u00e5 direkte sollys og oppbevar produktet p\u00e5 et m\u00f8rkt og frostfritt sted.<\/p>\n<p dir=\"auto\"><strong>Lukt:<\/strong>\u00a0Gr\u00f8nt eple<\/p>\n<p dir=\"auto\">Oppbevares frostfritt.<\/p>","protected":false},"excerpt":{"rendered":"<p>Bilsjampo og lakkbeskyttelse i ett produkt. Rengj\u00f8r overflaten og skaper en beskyttende, vannavvisende hinne og massevis av fin glans.<\/p>","protected":false},"featured_media":27930,"comment_status":"open","ping_status":"closed","template":"","meta":{"_acf_changed":false,"_smort_price_nok":"","_smort_price_dkk":"","_smort_price_eur":"","_smort_sale_price_nok":"","_smort_sale_price_dkk":"","_smort_sale_price_eur":"","smort_restorder":"","shipmondo_restorder":"","_kad_blocks_custom_css":"","_kad_blocks_head_custom_js":"","_kad_blocks_body_custom_js":"","_kad_blocks_footer_custom_js":"","smort_custom_pricelist_1":"159.36","smort_custom_pricelist_2":"159.36","smort_custom_pricelist_3":"159.36","smort_custom_pricelist_4":"199.2","smort_custom_pricelist_5":"159.36"},"anvandningsomrade":[],"bilmarken":[],"product_brand":[2893],"product_cat":[2988,2614,2892,2621,378],"product_tag":[],"class_list":{"0":"post-27929","1":"product","2":"type-product","3":"status-publish","4":"has-post-thumbnail","6":"product_brand-tershine","7":"product_cat-biltvatt","8":"product_cat-lackskydd","9":"product_cat-retail-produkter","10":"product_cat-bilschampo","11":"product_cat-bilvard","13":"first","14":"instock","15":"taxable","16":"shipping-taxable","17":"purchasable","18":"product-type-simple"},"bundled_by":[],"bundle_stock_status":"instock","bundle_stock_quantity":7,"bundle_virtual":false,"bundle_layout":"","bundle_add_to_cart_form_location":"","bundle_editable_in_cart":false,"bundle_sold_individually_context":"","bundle_item_grouping":"","bundle_min_size":"","bundle_max_size":"","bundle_price":[],"bundled_items":[],"bundle_sell_ids":[],"acf":[],"yoast_head":"<!-- This site is optimized with the Yoast SEO plugin v27.0 - https:\/\/yoast.com\/product\/yoast-seo-wordpress\/ -->\n<title>Tershine Purify S+ - Bilschampo 500 ml - Xenonkungen<\/title>\n<meta name=\"robots\" content=\"index, follow, max-snippet:-1, max-image-preview:large, max-video-preview:-1\" \/>\n<link rel=\"canonical\" href=\"https:\/\/xenonkungen.com\/no\/produkt\/tershine-purify-s-bilsjampo-5-l-2\/\" \/>\n<meta property=\"og:locale\" content=\"nb_NO\" \/>\n<meta property=\"og:type\" content=\"article\" \/>\n<meta property=\"og:title\" content=\"Tershine Purify S+ - Bilschampo 500 ml - Xenonkungen\" \/>\n<meta property=\"og:description\" content=\"Bilschampo och lackskydd i samma produkt. Reng\u00f6r ytan samt skapar en skyddande, vattenavst\u00f6tande hinna och massvis av h\u00e4rlig glans.\" \/>\n<meta property=\"og:url\" content=\"https:\/\/xenonkungen.com\/no\/produkt\/tershine-purify-s-bilsjampo-5-l-2\/\" \/>\n<meta property=\"og:site_name\" content=\"Xenonkungen\" \/>\n<meta property=\"article:modified_time\" content=\"2026-04-24T16:48:23+00:00\" \/>\n<meta property=\"og:image\" content=\"https:\/\/xenonkungen.com\/wp-content\/uploads\/2026\/03\/Kr0fcQTujet4bLXa2lz0DEF0N19taHKZLT7zhzd8.webp\" \/>\n\t<meta property=\"og:image:width\" content=\"1024\" \/>\n\t<meta property=\"og:image:height\" content=\"1024\" \/>\n\t<meta property=\"og:image:type\" content=\"image\/webp\" \/>\n<meta name=\"twitter:card\" content=\"summary_large_image\" \/>\n<meta name=\"twitter:label1\" content=\"Ansl. lesetid\" \/>\n\t<meta name=\"twitter:data1\" content=\"4 minutter\" \/>\n<script type=\"application\/ld+json\" class=\"yoast-schema-graph\">{\"@context\":\"https:\/\/schema.org\",\"@graph\":[{\"@type\":\"WebPage\",\"@id\":\"https:\/\/xenonkungen.com\/produkt\/tershine-purify-s-bilschampo-5-l-2\/\",\"url\":\"https:\/\/xenonkungen.com\/produkt\/tershine-purify-s-bilschampo-5-l-2\/\",\"name\":\"Tershine Purify S+ - Bilschampo 500 ml - Xenonkungen\",\"isPartOf\":{\"@id\":\"https:\/\/xenonkungen.com\/#website\"},\"primaryImageOfPage\":{\"@id\":\"https:\/\/xenonkungen.com\/produkt\/tershine-purify-s-bilschampo-5-l-2\/#primaryimage\"},\"image\":{\"@id\":\"https:\/\/xenonkungen.com\/produkt\/tershine-purify-s-bilschampo-5-l-2\/#primaryimage\"},\"thumbnailUrl\":\"https:\/\/xenonkungen.com\/wp-content\/uploads\/2026\/03\/Kr0fcQTujet4bLXa2lz0DEF0N19taHKZLT7zhzd8.webp\",\"datePublished\":\"2026-03-16T12:49:15+00:00\",\"dateModified\":\"2026-04-24T16:48:23+00:00\",\"breadcrumb\":{\"@id\":\"https:\/\/xenonkungen.com\/produkt\/tershine-purify-s-bilschampo-5-l-2\/#breadcrumb\"},\"inLanguage\":\"nb-NO\",\"potentialAction\":[{\"@type\":\"ReadAction\",\"target\":[\"https:\/\/xenonkungen.com\/produkt\/tershine-purify-s-bilschampo-5-l-2\/\"]}]},{\"@type\":\"ImageObject\",\"inLanguage\":\"nb-NO\",\"@id\":\"https:\/\/xenonkungen.com\/produkt\/tershine-purify-s-bilschampo-5-l-2\/#primaryimage\",\"url\":\"https:\/\/xenonkungen.com\/wp-content\/uploads\/2026\/03\/Kr0fcQTujet4bLXa2lz0DEF0N19taHKZLT7zhzd8.webp\",\"contentUrl\":\"https:\/\/xenonkungen.com\/wp-content\/uploads\/2026\/03\/Kr0fcQTujet4bLXa2lz0DEF0N19taHKZLT7zhzd8.webp\",\"width\":1024,\"height\":1024},{\"@type\":\"BreadcrumbList\",\"@id\":\"https:\/\/xenonkungen.com\/produkt\/tershine-purify-s-bilschampo-5-l-2\/#breadcrumb\",\"itemListElement\":[{\"@type\":\"ListItem\",\"position\":1,\"name\":\"Hem\",\"item\":\"https:\/\/xenonkungen.com\/\"},{\"@type\":\"ListItem\",\"position\":2,\"name\":\"Shop\",\"item\":\"https:\/\/xenonkungen.com\/shop\/\"},{\"@type\":\"ListItem\",\"position\":3,\"name\":\"Tershine Purify S+ &#8211; Bilschampo 500 ml\"}]},{\"@type\":\"WebSite\",\"@id\":\"https:\/\/xenonkungen.com\/#website\",\"url\":\"https:\/\/xenonkungen.com\/\",\"name\":\"Xenonkungen\",\"description\":\"\",\"potentialAction\":[{\"@type\":\"SearchAction\",\"target\":{\"@type\":\"EntryPoint\",\"urlTemplate\":\"https:\/\/xenonkungen.com\/?s={search_term_string}\"},\"query-input\":{\"@type\":\"PropertyValueSpecification\",\"valueRequired\":true,\"valueName\":\"search_term_string\"}}],\"inLanguage\":\"nb-NO\"}]}<\/script>\n<!-- \/ Yoast SEO plugin. -->","yoast_head_json":{"title":"Tershine Purify S+ - Bilsjampo 500 ml - Xenon-kongen","robots":{"index":"index","follow":"follow","max-snippet":"max-snippet:-1","max-image-preview":"max-image-preview:large","max-video-preview":"max-video-preview:-1"},"canonical":"https:\/\/xenonkungen.com\/no\/produkt\/tershine-purify-s-bilsjampo-5-l-2\/","og_locale":"nb_NO","og_type":"article","og_title":"Tershine Purify S+ - Bilschampo 500 ml - Xenonkungen","og_description":"Bilschampo och lackskydd i samma produkt. Reng\u00f6r ytan samt skapar en skyddande, vattenavst\u00f6tande hinna och massvis av h\u00e4rlig glans.","og_url":"https:\/\/xenonkungen.com\/no\/produkt\/tershine-purify-s-bilsjampo-5-l-2\/","og_site_name":"Xenonkungen","article_modified_time":"2026-04-24T16:48:23+00:00","og_image":[{"width":1024,"height":1024,"url":"https:\/\/xenonkungen.com\/wp-content\/uploads\/2026\/03\/Kr0fcQTujet4bLXa2lz0DEF0N19taHKZLT7zhzd8.webp","type":"image\/webp"}],"twitter_card":"summary_large_image","twitter_misc":{"Ansl. lesetid":"4 minutter"},"schema":{"@context":"https:\/\/schema.org","@graph":[{"@type":"WebPage","@id":"https:\/\/xenonkungen.com\/produkt\/tershine-purify-s-bilschampo-5-l-2\/","url":"https:\/\/xenonkungen.com\/produkt\/tershine-purify-s-bilschampo-5-l-2\/","name":"Tershine Purify S+ - Bilsjampo 500 ml - Xenon-kongen","isPartOf":{"@id":"https:\/\/xenonkungen.com\/#website"},"primaryImageOfPage":{"@id":"https:\/\/xenonkungen.com\/produkt\/tershine-purify-s-bilschampo-5-l-2\/#primaryimage"},"image":{"@id":"https:\/\/xenonkungen.com\/produkt\/tershine-purify-s-bilschampo-5-l-2\/#primaryimage"},"thumbnailUrl":"https:\/\/xenonkungen.com\/wp-content\/uploads\/2026\/03\/Kr0fcQTujet4bLXa2lz0DEF0N19taHKZLT7zhzd8.webp","datePublished":"2026-03-16T12:49:15+00:00","dateModified":"2026-04-24T16:48:23+00:00","breadcrumb":{"@id":"https:\/\/xenonkungen.com\/produkt\/tershine-purify-s-bilschampo-5-l-2\/#breadcrumb"},"inLanguage":"nb-NO","potentialAction":[{"@type":"ReadAction","target":["https:\/\/xenonkungen.com\/produkt\/tershine-purify-s-bilschampo-5-l-2\/"]}]},{"@type":"ImageObject","inLanguage":"nb-NO","@id":"https:\/\/xenonkungen.com\/produkt\/tershine-purify-s-bilschampo-5-l-2\/#primaryimage","url":"https:\/\/xenonkungen.com\/wp-content\/uploads\/2026\/03\/Kr0fcQTujet4bLXa2lz0DEF0N19taHKZLT7zhzd8.webp","contentUrl":"https:\/\/xenonkungen.com\/wp-content\/uploads\/2026\/03\/Kr0fcQTujet4bLXa2lz0DEF0N19taHKZLT7zhzd8.webp","width":1024,"height":1024},{"@type":"BreadcrumbList","@id":"https:\/\/xenonkungen.com\/produkt\/tershine-purify-s-bilschampo-5-l-2\/#breadcrumb","itemListElement":[{"@type":"ListItem","position":1,"name":"Hem","item":"https:\/\/xenonkungen.com\/"},{"@type":"ListItem","position":2,"name":"Shop","item":"https:\/\/xenonkungen.com\/shop\/"},{"@type":"ListItem","position":3,"name":"Tershine Purify S+ &#8211; Bilschampo 500 ml"}]},{"@type":"WebSite","@id":"https:\/\/xenonkungen.com\/#website","url":"https:\/\/xenonkungen.com\/","name":"Xenonkungen","description":"","potentialAction":[{"@type":"SearchAction","target":{"@type":"EntryPoint","urlTemplate":"https:\/\/xenonkungen.com\/?s={search_term_string}"},"query-input":{"@type":"PropertyValueSpecification","valueRequired":true,"valueName":"search_term_string"}}],"inLanguage":"nb-NO"}]}},"taxonomy_info":{"product_brand":[{"value":2893,"label":"Tershine"}],"product_cat":[{"value":2988,"label":"1 | Biltv\u00e4tt"},{"value":2614,"label":"4 | Bilvax &amp; Lackskydd"},{"value":2892,"label":"\u00c5terf\u00f6rs\u00e4ljarprodukter"},{"value":2621,"label":"Bilschampo"},{"value":378,"label":"Bilv\u00e5rd"}]},"featured_image_src_large":["https:\/\/xenonkungen.com\/wp-content\/uploads\/2026\/03\/Kr0fcQTujet4bLXa2lz0DEF0N19taHKZLT7zhzd8.webp",1024,1024,false],"author_info":[],"comment_info":0,"_links":{"self":[{"href":"https:\/\/xenonkungen.com\/no\/wp-json\/wp\/v2\/product\/27929","targetHints":{"allow":["GET"]}}],"collection":[{"href":"https:\/\/xenonkungen.com\/no\/wp-json\/wp\/v2\/product"}],"about":[{"href":"https:\/\/xenonkungen.com\/no\/wp-json\/wp\/v2\/types\/product"}],"replies":[{"embeddable":true,"href":"https:\/\/xenonkungen.com\/no\/wp-json\/wp\/v2\/comments?post=27929"}],"wp:featuredmedia":[{"embeddable":true,"href":"https:\/\/xenonkungen.com\/no\/wp-json\/wp\/v2\/media\/27930"}],"wp:attachment":[{"href":"https:\/\/xenonkungen.com\/no\/wp-json\/wp\/v2\/media?parent=27929"}],"wp:term":[{"taxonomy":"anvandningsomrade","embeddable":true,"href":"https:\/\/xenonkungen.com\/no\/wp-json\/wp\/v2\/anvandningsomrade?post=27929"},{"taxonomy":"bilmarken","embeddable":true,"href":"https:\/\/xenonkungen.com\/no\/wp-json\/wp\/v2\/bilmarken?post=27929"},{"taxonomy":"product_brand","embeddable":true,"href":"https:\/\/xenonkungen.com\/no\/wp-json\/wp\/v2\/product_brand?post=27929"},{"taxonomy":"product_cat","embeddable":true,"href":"https:\/\/xenonkungen.com\/no\/wp-json\/wp\/v2\/product_cat?post=27929"},{"taxonomy":"product_tag","embeddable":true,"href":"https:\/\/xenonkungen.com\/no\/wp-json\/wp\/v2\/product_tag?post=27929"}],"curies":[{"name":"wp","href":"https:\/\/api.w.org\/{rel}","templated":true}]}}