{"id":27931,"date":"2026-03-16T13:52:52","date_gmt":"2026-03-16T12:52:52","guid":{"rendered":"https:\/\/xenonkungen.com\/?post_type=product&#038;p=27931"},"modified":"2026-05-12T14:36:17","modified_gmt":"2026-05-12T13:36:17","slug":"tershine-raffinert-takglansspray-sateng-500-ml","status":"publish","type":"product","link":"https:\/\/xenonkungen.com\/no\/produkt\/tershine-raffinert-takglansspray-sateng-500-ml\/","title":{"rendered":"Tershine Refined \u2013 Dekkglansspray Satin 500 ml"},"content":{"rendered":"<p>Dekk- og plastglans i sprayform med lang holdbarhet som gjenoppretter dekksidene til ny stand. Etterlater en silkematt overflate som beskytter mot v\u00e6r og vind og gj\u00f8r at dekket holder seg rent lenger. Virkelig flott ogs\u00e5 p\u00e5 plast- og gummidetaljer p\u00e5 kj\u00f8ret\u00f8yet ditt. Kan p\u00e5f\u00f8res i flere lag om \u00f8nskelig.<\/p>\n<p>Fungerer p\u00e5 dekk, plast og gummi<br \/>\nSkaper en beskyttende og smussavvisende overflate<br \/>\nMange bruksomr\u00e5der<br \/>\nFantastisk beskyttelse p\u00e5 overflaten<br \/>\nLang holdbarhet<br \/>\nEnkel \u00e5 p\u00e5f\u00f8re<br \/>\nEtterlater en satengfinish<br \/>\nProduktet er ikke klassifisert som merkepliktig i henhold til CLP-forordning (EF) 1272\/2008.<\/p>\n<p>&nbsp;<\/p>\n<p><strong>Slik bruker du<\/strong><strong>\u00a0Raffinert \u2013 Dekkglansspray Satin<\/strong><\/p>\n<p>1.\u00a0Reng\u00f6r ytan med Extract &#8211; Alkalisk avfettning eller APC &#8211; Allreng\u00f6ring samt en borste<br \/>\n<strong>2.\u00a0<\/strong>Dusj over overflaten<br \/>\n<strong>3.\u00a0<\/strong>La det t\u00f8rke.<br \/>\n<strong>4.\u00a0<\/strong>T\u00f8rk av overfl\u00f8dig produkt med en ren mikrofiberklut.<br \/>\n<strong>5.\u00a0<\/strong>Det er sikkert bra?<\/p>\n<p>Gir en halvblank finish som gj\u00f8r at den ser fin og frisk ut uten dilldolls!<\/p>\n<p>Produktet er prim\u00e6rt utviklet for \u00e5 restaurere dekksider, men fungerer faktisk like bra p\u00e5 plastdeler, motorrom, gummilister osv. Det fungerer ogs\u00e5 n\u00e5r det p\u00e5f\u00f8res fuktige eller v\u00e5te overflater!<\/p>\n<p>PS. Hvis du \u00f8nsker et mer v\u00e5tt utseende, kan du p\u00e5f\u00f8re flere lag! Inneholder ingen sterkt fluorerte stoffer!<\/p>\n<p>Ytelsen til en plast- og dekkpolering (uavhengig av merke) avhenger ofte av arbeidet som er involvert. S\u00f8rg for \u00e5 rengj\u00f8re dekket f\u00f8rst, skrubbe det med en b\u00f8rste eller pensel sammen med ekstrakt \u2013 alkalisk avfetting. Skyll grundig og t\u00f8rk rent, du vil bli mer forn\u00f8yd med det.<\/p>\n<p><em>Oppbevares frostfritt. Oppbevares utilgjengelig for barn.<\/em><\/p>","protected":false},"excerpt":{"rendered":"<p>Dekkbehandling i sprayformat som gir en virkelig fin satengfinish og lang holdbarhet. Perfekt for dekk og andre plastdeler.<\/p>","protected":false},"featured_media":27932,"comment_status":"open","ping_status":"closed","template":"","meta":{"_acf_changed":false,"_smort_price_nok":"","_smort_price_dkk":"","_smort_price_eur":"","_smort_sale_price_nok":"","_smort_sale_price_dkk":"","_smort_sale_price_eur":"","smort_restorder":"","shipmondo_restorder":"","_kad_blocks_custom_css":"","_kad_blocks_head_custom_js":"","_kad_blocks_body_custom_js":"","_kad_blocks_footer_custom_js":"","smort_custom_pricelist_1":"127.36","smort_custom_pricelist_2":"127.36","smort_custom_pricelist_3":"127.36","smort_custom_pricelist_4":"159.2","smort_custom_pricelist_5":"127.36"},"anvandningsomrade":[],"bilmarken":[],"product_brand":[2893],"product_cat":[2988,2892,378],"product_tag":[],"class_list":{"0":"post-27931","1":"product","2":"type-product","3":"status-publish","4":"has-post-thumbnail","6":"product_brand-tershine","7":"product_cat-biltvatt","8":"product_cat-retail-produkter","9":"product_cat-bilvard","11":"first","12":"onbackorder","13":"taxable","14":"shipping-taxable","15":"purchasable","16":"product-type-simple"},"bundled_by":[],"bundle_stock_status":"onbackorder","bundle_stock_quantity":0,"bundle_virtual":false,"bundle_layout":"","bundle_add_to_cart_form_location":"","bundle_editable_in_cart":false,"bundle_sold_individually_context":"","bundle_item_grouping":"","bundle_min_size":"","bundle_max_size":"","bundle_price":[],"bundled_items":[],"bundle_sell_ids":[],"acf":[],"yoast_head":"<!-- This site is optimized with the Yoast SEO plugin v27.0 - https:\/\/yoast.com\/product\/yoast-seo-wordpress\/ -->\n<title>Tershine Refined - D\u00e4ckglansspray Satin 500 ml - Xenonkungen<\/title>\n<meta name=\"robots\" content=\"index, follow, max-snippet:-1, max-image-preview:large, max-video-preview:-1\" \/>\n<link rel=\"canonical\" href=\"https:\/\/xenonkungen.com\/no\/produkt\/tershine-raffinert-takglansspray-sateng-500-ml\/\" \/>\n<meta property=\"og:locale\" content=\"nb_NO\" \/>\n<meta property=\"og:type\" content=\"article\" \/>\n<meta property=\"og:title\" content=\"Tershine Refined - D\u00e4ckglansspray Satin 500 ml - Xenonkungen\" \/>\n<meta property=\"og:description\" content=\"D\u00e4ckbehandling i sprayformat som ger en riktigt fin satin finish och l\u00e5ng h\u00e5llbarhet. Perfekt f\u00f6r d\u00e4ck och andra plastdetaljer.\" \/>\n<meta property=\"og:url\" content=\"https:\/\/xenonkungen.com\/no\/produkt\/tershine-raffinert-takglansspray-sateng-500-ml\/\" \/>\n<meta property=\"og:site_name\" content=\"Xenonkungen\" \/>\n<meta property=\"article:modified_time\" content=\"2026-05-12T13:36:17+00:00\" \/>\n<meta property=\"og:image\" content=\"https:\/\/xenonkungen.com\/wp-content\/uploads\/2026\/03\/gSjGG6U5GN4bDNhsjNVeMkfSIrmQTWEgI6zIobNS.webp\" \/>\n\t<meta property=\"og:image:width\" content=\"1024\" \/>\n\t<meta property=\"og:image:height\" content=\"1024\" \/>\n\t<meta property=\"og:image:type\" content=\"image\/webp\" \/>\n<meta name=\"twitter:card\" content=\"summary_large_image\" \/>\n<meta name=\"twitter:label1\" content=\"Ansl. lesetid\" \/>\n\t<meta name=\"twitter:data1\" content=\"2 minutter\" \/>\n<script type=\"application\/ld+json\" class=\"yoast-schema-graph\">{\"@context\":\"https:\/\/schema.org\",\"@graph\":[{\"@type\":\"WebPage\",\"@id\":\"https:\/\/xenonkungen.com\/produkt\/tershine-refined-dackglansspray-satin-500-ml\/\",\"url\":\"https:\/\/xenonkungen.com\/produkt\/tershine-refined-dackglansspray-satin-500-ml\/\",\"name\":\"Tershine Refined - D\u00e4ckglansspray Satin 500 ml - Xenonkungen\",\"isPartOf\":{\"@id\":\"https:\/\/xenonkungen.com\/#website\"},\"primaryImageOfPage\":{\"@id\":\"https:\/\/xenonkungen.com\/produkt\/tershine-refined-dackglansspray-satin-500-ml\/#primaryimage\"},\"image\":{\"@id\":\"https:\/\/xenonkungen.com\/produkt\/tershine-refined-dackglansspray-satin-500-ml\/#primaryimage\"},\"thumbnailUrl\":\"https:\/\/xenonkungen.com\/wp-content\/uploads\/2026\/03\/gSjGG6U5GN4bDNhsjNVeMkfSIrmQTWEgI6zIobNS.webp\",\"datePublished\":\"2026-03-16T12:52:52+00:00\",\"dateModified\":\"2026-05-12T13:36:17+00:00\",\"breadcrumb\":{\"@id\":\"https:\/\/xenonkungen.com\/produkt\/tershine-refined-dackglansspray-satin-500-ml\/#breadcrumb\"},\"inLanguage\":\"nb-NO\",\"potentialAction\":[{\"@type\":\"ReadAction\",\"target\":[\"https:\/\/xenonkungen.com\/produkt\/tershine-refined-dackglansspray-satin-500-ml\/\"]}]},{\"@type\":\"ImageObject\",\"inLanguage\":\"nb-NO\",\"@id\":\"https:\/\/xenonkungen.com\/produkt\/tershine-refined-dackglansspray-satin-500-ml\/#primaryimage\",\"url\":\"https:\/\/xenonkungen.com\/wp-content\/uploads\/2026\/03\/gSjGG6U5GN4bDNhsjNVeMkfSIrmQTWEgI6zIobNS.webp\",\"contentUrl\":\"https:\/\/xenonkungen.com\/wp-content\/uploads\/2026\/03\/gSjGG6U5GN4bDNhsjNVeMkfSIrmQTWEgI6zIobNS.webp\",\"width\":1024,\"height\":1024},{\"@type\":\"BreadcrumbList\",\"@id\":\"https:\/\/xenonkungen.com\/produkt\/tershine-refined-dackglansspray-satin-500-ml\/#breadcrumb\",\"itemListElement\":[{\"@type\":\"ListItem\",\"position\":1,\"name\":\"Hem\",\"item\":\"https:\/\/xenonkungen.com\/\"},{\"@type\":\"ListItem\",\"position\":2,\"name\":\"Shop\",\"item\":\"https:\/\/xenonkungen.com\/shop\/\"},{\"@type\":\"ListItem\",\"position\":3,\"name\":\"Tershine Refined &#8211; D\u00e4ckglansspray Satin 500 ml\"}]},{\"@type\":\"WebSite\",\"@id\":\"https:\/\/xenonkungen.com\/#website\",\"url\":\"https:\/\/xenonkungen.com\/\",\"name\":\"Xenonkungen\",\"description\":\"\",\"potentialAction\":[{\"@type\":\"SearchAction\",\"target\":{\"@type\":\"EntryPoint\",\"urlTemplate\":\"https:\/\/xenonkungen.com\/?s={search_term_string}\"},\"query-input\":{\"@type\":\"PropertyValueSpecification\",\"valueRequired\":true,\"valueName\":\"search_term_string\"}}],\"inLanguage\":\"nb-NO\"}]}<\/script>\n<!-- \/ Yoast SEO plugin. -->","yoast_head_json":{"title":"Tershine Refined - Dekkglansspray Satin 500 ml - Xenon-kongen","robots":{"index":"index","follow":"follow","max-snippet":"max-snippet:-1","max-image-preview":"max-image-preview:large","max-video-preview":"max-video-preview:-1"},"canonical":"https:\/\/xenonkungen.com\/no\/produkt\/tershine-raffinert-takglansspray-sateng-500-ml\/","og_locale":"nb_NO","og_type":"article","og_title":"Tershine Refined - D\u00e4ckglansspray Satin 500 ml - Xenonkungen","og_description":"D\u00e4ckbehandling i sprayformat som ger en riktigt fin satin finish och l\u00e5ng h\u00e5llbarhet. Perfekt f\u00f6r d\u00e4ck och andra plastdetaljer.","og_url":"https:\/\/xenonkungen.com\/no\/produkt\/tershine-raffinert-takglansspray-sateng-500-ml\/","og_site_name":"Xenonkungen","article_modified_time":"2026-05-12T13:36:17+00:00","og_image":[{"width":1024,"height":1024,"url":"https:\/\/xenonkungen.com\/wp-content\/uploads\/2026\/03\/gSjGG6U5GN4bDNhsjNVeMkfSIrmQTWEgI6zIobNS.webp","type":"image\/webp"}],"twitter_card":"summary_large_image","twitter_misc":{"Ansl. lesetid":"2 minutter"},"schema":{"@context":"https:\/\/schema.org","@graph":[{"@type":"WebPage","@id":"https:\/\/xenonkungen.com\/produkt\/tershine-refined-dackglansspray-satin-500-ml\/","url":"https:\/\/xenonkungen.com\/produkt\/tershine-refined-dackglansspray-satin-500-ml\/","name":"Tershine Refined - Dekkglansspray Satin 500 ml - Xenon-kongen","isPartOf":{"@id":"https:\/\/xenonkungen.com\/#website"},"primaryImageOfPage":{"@id":"https:\/\/xenonkungen.com\/produkt\/tershine-refined-dackglansspray-satin-500-ml\/#primaryimage"},"image":{"@id":"https:\/\/xenonkungen.com\/produkt\/tershine-refined-dackglansspray-satin-500-ml\/#primaryimage"},"thumbnailUrl":"https:\/\/xenonkungen.com\/wp-content\/uploads\/2026\/03\/gSjGG6U5GN4bDNhsjNVeMkfSIrmQTWEgI6zIobNS.webp","datePublished":"2026-03-16T12:52:52+00:00","dateModified":"2026-05-12T13:36:17+00:00","breadcrumb":{"@id":"https:\/\/xenonkungen.com\/produkt\/tershine-refined-dackglansspray-satin-500-ml\/#breadcrumb"},"inLanguage":"nb-NO","potentialAction":[{"@type":"ReadAction","target":["https:\/\/xenonkungen.com\/produkt\/tershine-refined-dackglansspray-satin-500-ml\/"]}]},{"@type":"ImageObject","inLanguage":"nb-NO","@id":"https:\/\/xenonkungen.com\/produkt\/tershine-refined-dackglansspray-satin-500-ml\/#primaryimage","url":"https:\/\/xenonkungen.com\/wp-content\/uploads\/2026\/03\/gSjGG6U5GN4bDNhsjNVeMkfSIrmQTWEgI6zIobNS.webp","contentUrl":"https:\/\/xenonkungen.com\/wp-content\/uploads\/2026\/03\/gSjGG6U5GN4bDNhsjNVeMkfSIrmQTWEgI6zIobNS.webp","width":1024,"height":1024},{"@type":"BreadcrumbList","@id":"https:\/\/xenonkungen.com\/produkt\/tershine-refined-dackglansspray-satin-500-ml\/#breadcrumb","itemListElement":[{"@type":"ListItem","position":1,"name":"Hem","item":"https:\/\/xenonkungen.com\/"},{"@type":"ListItem","position":2,"name":"Shop","item":"https:\/\/xenonkungen.com\/shop\/"},{"@type":"ListItem","position":3,"name":"Tershine Refined &#8211; D\u00e4ckglansspray Satin 500 ml"}]},{"@type":"WebSite","@id":"https:\/\/xenonkungen.com\/#website","url":"https:\/\/xenonkungen.com\/","name":"Xenonkungen","description":"","potentialAction":[{"@type":"SearchAction","target":{"@type":"EntryPoint","urlTemplate":"https:\/\/xenonkungen.com\/?s={search_term_string}"},"query-input":{"@type":"PropertyValueSpecification","valueRequired":true,"valueName":"search_term_string"}}],"inLanguage":"nb-NO"}]}},"taxonomy_info":{"product_brand":[{"value":2893,"label":"Tershine"}],"product_cat":[{"value":2988,"label":"1 | Biltv\u00e4tt"},{"value":2892,"label":"\u00c5terf\u00f6rs\u00e4ljarprodukter"},{"value":378,"label":"Bilv\u00e5rd"}]},"featured_image_src_large":["https:\/\/xenonkungen.com\/wp-content\/uploads\/2026\/03\/gSjGG6U5GN4bDNhsjNVeMkfSIrmQTWEgI6zIobNS.webp",1024,1024,false],"author_info":[],"comment_info":0,"_links":{"self":[{"href":"https:\/\/xenonkungen.com\/no\/wp-json\/wp\/v2\/product\/27931","targetHints":{"allow":["GET"]}}],"collection":[{"href":"https:\/\/xenonkungen.com\/no\/wp-json\/wp\/v2\/product"}],"about":[{"href":"https:\/\/xenonkungen.com\/no\/wp-json\/wp\/v2\/types\/product"}],"replies":[{"embeddable":true,"href":"https:\/\/xenonkungen.com\/no\/wp-json\/wp\/v2\/comments?post=27931"}],"wp:featuredmedia":[{"embeddable":true,"href":"https:\/\/xenonkungen.com\/no\/wp-json\/wp\/v2\/media\/27932"}],"wp:attachment":[{"href":"https:\/\/xenonkungen.com\/no\/wp-json\/wp\/v2\/media?parent=27931"}],"wp:term":[{"taxonomy":"anvandningsomrade","embeddable":true,"href":"https:\/\/xenonkungen.com\/no\/wp-json\/wp\/v2\/anvandningsomrade?post=27931"},{"taxonomy":"bilmarken","embeddable":true,"href":"https:\/\/xenonkungen.com\/no\/wp-json\/wp\/v2\/bilmarken?post=27931"},{"taxonomy":"product_brand","embeddable":true,"href":"https:\/\/xenonkungen.com\/no\/wp-json\/wp\/v2\/product_brand?post=27931"},{"taxonomy":"product_cat","embeddable":true,"href":"https:\/\/xenonkungen.com\/no\/wp-json\/wp\/v2\/product_cat?post=27931"},{"taxonomy":"product_tag","embeddable":true,"href":"https:\/\/xenonkungen.com\/no\/wp-json\/wp\/v2\/product_tag?post=27931"}],"curies":[{"name":"wp","href":"https:\/\/api.w.org\/{rel}","templated":true}]}}