{"id":27944,"date":"2026-03-16T14:07:42","date_gmt":"2026-03-16T13:07:42","guid":{"rendered":"https:\/\/xenonkungen.com\/?post_type=product&#038;p=27944"},"modified":"2026-05-12T15:13:41","modified_gmt":"2026-05-12T14:13:41","slug":"refresh-mikrofibervask-500-ml","status":"publish","type":"product","link":"https:\/\/xenonkungen.com\/no\/produkt\/refresh-mikrofibervask-500-ml\/","title":{"rendered":"Refresh \u2013 Mikrofibervask 500 ml"},"content":{"rendered":"<p>Mildt vaskemiddel spesielt tilpasset syntetiske fibre som mikrofiber!<\/p>\n<p><strong>Perfekt for rengj\u00f8ring av mikrofiber med<br \/>\nPasser like bra til sportskl\u00e6r, sko, jakker og mer<br \/>\nL\u00f8ser opp fett, voks og annet inngrodd smuss<br \/>\nSv\u00e6rt litt<br \/>\nInneholder ingen fosfater<br \/>\nUten parfyme<\/strong><\/p>\n<p>Omtrent 5\u201310 ml per kilo mikrofiber (vi anbefaler mer for 10 enn 5). En kork er 10 ml, s\u00e5 bruk det som grunnlag. Vi pleier \u00e5 putte det i en \u00abball\u00bb i maskinen, men du kan like gjerne helle det i det vanlige vaskemiddelrommet.<\/p>\n<p>Refresh \u2013 Fiber Wash er et mikrofibervaskemiddel spesielt utviklet for \u00e5 sk\u00e5nsomt, men uventet effektivt rengj\u00f8re kluter og vaskevotter. Jeg vet at jeg har anbefalt APC og alkaliske avfettingsmidler, men dette er faktisk et helt annet rengj\u00f8ringsniv\u00e5, uten \u00e5 t\u00f8rke ut klutene. L\u00f8ser opp fett, voks osv. og har ogs\u00e5 klart \u00e5 gi liv til kluter som har blitt behandlet med Refract \u2013 Quick Coat eller annen keramisk spray. Fungerer ogs\u00e5 utmerket til rengj\u00f8ring av poleringsskiver, voksapplikatorer eller andre &quot;pads&quot;.<\/p>\n<p>Fungerer ogs\u00e5 utmerket til sportskl\u00e6r, joggesko, jakker osv.<\/p>","protected":false},"excerpt":{"rendered":"<p>Mikrofibervaskemiddel som er sk\u00e5nsomt og spesielt tilpasset syntetiske fibre som mikrofiber!<\/p>","protected":false},"featured_media":27945,"comment_status":"open","ping_status":"closed","template":"","meta":{"_acf_changed":false,"_smort_price_nok":"","_smort_price_dkk":"","_smort_price_eur":"","_smort_sale_price_nok":"","_smort_sale_price_dkk":"","_smort_sale_price_eur":"","smort_restorder":"","shipmondo_restorder":"","_kad_blocks_custom_css":"","_kad_blocks_head_custom_js":"","_kad_blocks_body_custom_js":"","_kad_blocks_footer_custom_js":"","smort_custom_pricelist_1":"82.56","smort_custom_pricelist_2":"82.56","smort_custom_pricelist_3":"82.56","smort_custom_pricelist_4":"103.2","smort_custom_pricelist_5":"82.56"},"anvandningsomrade":[],"bilmarken":[],"product_brand":[2893],"product_cat":[2614,2892,378],"product_tag":[],"class_list":{"0":"post-27944","1":"product","2":"type-product","3":"status-publish","4":"has-post-thumbnail","6":"product_brand-tershine","7":"product_cat-lackskydd","8":"product_cat-retail-produkter","9":"product_cat-bilvard","11":"first","12":"onbackorder","13":"taxable","14":"shipping-taxable","15":"purchasable","16":"product-type-simple"},"bundled_by":[],"bundle_stock_status":"onbackorder","bundle_stock_quantity":0,"bundle_virtual":false,"bundle_layout":"","bundle_add_to_cart_form_location":"","bundle_editable_in_cart":false,"bundle_sold_individually_context":"","bundle_item_grouping":"","bundle_min_size":"","bundle_max_size":"","bundle_price":[],"bundled_items":[],"bundle_sell_ids":[],"acf":[],"yoast_head":"<!-- This site is optimized with the Yoast SEO plugin v27.0 - https:\/\/yoast.com\/product\/yoast-seo-wordpress\/ -->\n<title>Refresh - Mikrofibertv\u00e4tt 500 ml - Xenonkungen<\/title>\n<meta name=\"robots\" content=\"index, follow, max-snippet:-1, max-image-preview:large, max-video-preview:-1\" \/>\n<link rel=\"canonical\" href=\"https:\/\/xenonkungen.com\/no\/produkt\/refresh-mikrofibervask-500-ml\/\" \/>\n<meta property=\"og:locale\" content=\"nb_NO\" \/>\n<meta property=\"og:type\" content=\"article\" \/>\n<meta property=\"og:title\" content=\"Refresh - Mikrofibertv\u00e4tt 500 ml - Xenonkungen\" \/>\n<meta property=\"og:description\" content=\"Mikrofibertv\u00e4ttmedel som \u00e4r skonsamt och speciellt anpassat f\u00f6r syntetiska fibrer s\u00e5 som mikrofiber!\" \/>\n<meta property=\"og:url\" content=\"https:\/\/xenonkungen.com\/no\/produkt\/refresh-mikrofibervask-500-ml\/\" \/>\n<meta property=\"og:site_name\" content=\"Xenonkungen\" \/>\n<meta property=\"article:modified_time\" content=\"2026-05-12T14:13:41+00:00\" \/>\n<meta property=\"og:image\" content=\"https:\/\/xenonkungen.com\/wp-content\/uploads\/2026\/03\/p0Bx7SjTk0MZDbUzlMO4aD7M1xEqfRvVpMXe66KA.webp\" \/>\n\t<meta property=\"og:image:width\" content=\"1024\" \/>\n\t<meta property=\"og:image:height\" content=\"1024\" \/>\n\t<meta property=\"og:image:type\" content=\"image\/webp\" \/>\n<meta name=\"twitter:card\" content=\"summary_large_image\" \/>\n<meta name=\"twitter:label1\" content=\"Ansl. lesetid\" \/>\n\t<meta name=\"twitter:data1\" content=\"2 minutter\" \/>\n<script type=\"application\/ld+json\" class=\"yoast-schema-graph\">{\"@context\":\"https:\/\/schema.org\",\"@graph\":[{\"@type\":\"WebPage\",\"@id\":\"https:\/\/xenonkungen.com\/produkt\/refresh-mikrofibertvatt-500-ml\/\",\"url\":\"https:\/\/xenonkungen.com\/produkt\/refresh-mikrofibertvatt-500-ml\/\",\"name\":\"Refresh - Mikrofibertv\u00e4tt 500 ml - Xenonkungen\",\"isPartOf\":{\"@id\":\"https:\/\/xenonkungen.com\/#website\"},\"primaryImageOfPage\":{\"@id\":\"https:\/\/xenonkungen.com\/produkt\/refresh-mikrofibertvatt-500-ml\/#primaryimage\"},\"image\":{\"@id\":\"https:\/\/xenonkungen.com\/produkt\/refresh-mikrofibertvatt-500-ml\/#primaryimage\"},\"thumbnailUrl\":\"https:\/\/xenonkungen.com\/wp-content\/uploads\/2026\/03\/p0Bx7SjTk0MZDbUzlMO4aD7M1xEqfRvVpMXe66KA.webp\",\"datePublished\":\"2026-03-16T13:07:42+00:00\",\"dateModified\":\"2026-05-12T14:13:41+00:00\",\"breadcrumb\":{\"@id\":\"https:\/\/xenonkungen.com\/produkt\/refresh-mikrofibertvatt-500-ml\/#breadcrumb\"},\"inLanguage\":\"nb-NO\",\"potentialAction\":[{\"@type\":\"ReadAction\",\"target\":[\"https:\/\/xenonkungen.com\/produkt\/refresh-mikrofibertvatt-500-ml\/\"]}]},{\"@type\":\"ImageObject\",\"inLanguage\":\"nb-NO\",\"@id\":\"https:\/\/xenonkungen.com\/produkt\/refresh-mikrofibertvatt-500-ml\/#primaryimage\",\"url\":\"https:\/\/xenonkungen.com\/wp-content\/uploads\/2026\/03\/p0Bx7SjTk0MZDbUzlMO4aD7M1xEqfRvVpMXe66KA.webp\",\"contentUrl\":\"https:\/\/xenonkungen.com\/wp-content\/uploads\/2026\/03\/p0Bx7SjTk0MZDbUzlMO4aD7M1xEqfRvVpMXe66KA.webp\",\"width\":1024,\"height\":1024},{\"@type\":\"BreadcrumbList\",\"@id\":\"https:\/\/xenonkungen.com\/produkt\/refresh-mikrofibertvatt-500-ml\/#breadcrumb\",\"itemListElement\":[{\"@type\":\"ListItem\",\"position\":1,\"name\":\"Hem\",\"item\":\"https:\/\/xenonkungen.com\/\"},{\"@type\":\"ListItem\",\"position\":2,\"name\":\"Shop\",\"item\":\"https:\/\/xenonkungen.com\/shop\/\"},{\"@type\":\"ListItem\",\"position\":3,\"name\":\"Refresh &#8211; Mikrofibertv\u00e4tt 500 ml\"}]},{\"@type\":\"WebSite\",\"@id\":\"https:\/\/xenonkungen.com\/#website\",\"url\":\"https:\/\/xenonkungen.com\/\",\"name\":\"Xenonkungen\",\"description\":\"\",\"potentialAction\":[{\"@type\":\"SearchAction\",\"target\":{\"@type\":\"EntryPoint\",\"urlTemplate\":\"https:\/\/xenonkungen.com\/?s={search_term_string}\"},\"query-input\":{\"@type\":\"PropertyValueSpecification\",\"valueRequired\":true,\"valueName\":\"search_term_string\"}}],\"inLanguage\":\"nb-NO\"}]}<\/script>\n<!-- \/ Yoast SEO plugin. -->","yoast_head_json":{"title":"Refresh - Mikrofibervask 500 ml - Xenonkungen","robots":{"index":"index","follow":"follow","max-snippet":"max-snippet:-1","max-image-preview":"max-image-preview:large","max-video-preview":"max-video-preview:-1"},"canonical":"https:\/\/xenonkungen.com\/no\/produkt\/refresh-mikrofibervask-500-ml\/","og_locale":"nb_NO","og_type":"article","og_title":"Refresh - Mikrofibertv\u00e4tt 500 ml - Xenonkungen","og_description":"Mikrofibertv\u00e4ttmedel som \u00e4r skonsamt och speciellt anpassat f\u00f6r syntetiska fibrer s\u00e5 som mikrofiber!","og_url":"https:\/\/xenonkungen.com\/no\/produkt\/refresh-mikrofibervask-500-ml\/","og_site_name":"Xenonkungen","article_modified_time":"2026-05-12T14:13:41+00:00","og_image":[{"width":1024,"height":1024,"url":"https:\/\/xenonkungen.com\/wp-content\/uploads\/2026\/03\/p0Bx7SjTk0MZDbUzlMO4aD7M1xEqfRvVpMXe66KA.webp","type":"image\/webp"}],"twitter_card":"summary_large_image","twitter_misc":{"Ansl. lesetid":"2 minutter"},"schema":{"@context":"https:\/\/schema.org","@graph":[{"@type":"WebPage","@id":"https:\/\/xenonkungen.com\/produkt\/refresh-mikrofibertvatt-500-ml\/","url":"https:\/\/xenonkungen.com\/produkt\/refresh-mikrofibertvatt-500-ml\/","name":"Refresh - Mikrofibervask 500 ml - Xenonkungen","isPartOf":{"@id":"https:\/\/xenonkungen.com\/#website"},"primaryImageOfPage":{"@id":"https:\/\/xenonkungen.com\/produkt\/refresh-mikrofibertvatt-500-ml\/#primaryimage"},"image":{"@id":"https:\/\/xenonkungen.com\/produkt\/refresh-mikrofibertvatt-500-ml\/#primaryimage"},"thumbnailUrl":"https:\/\/xenonkungen.com\/wp-content\/uploads\/2026\/03\/p0Bx7SjTk0MZDbUzlMO4aD7M1xEqfRvVpMXe66KA.webp","datePublished":"2026-03-16T13:07:42+00:00","dateModified":"2026-05-12T14:13:41+00:00","breadcrumb":{"@id":"https:\/\/xenonkungen.com\/produkt\/refresh-mikrofibertvatt-500-ml\/#breadcrumb"},"inLanguage":"nb-NO","potentialAction":[{"@type":"ReadAction","target":["https:\/\/xenonkungen.com\/produkt\/refresh-mikrofibertvatt-500-ml\/"]}]},{"@type":"ImageObject","inLanguage":"nb-NO","@id":"https:\/\/xenonkungen.com\/produkt\/refresh-mikrofibertvatt-500-ml\/#primaryimage","url":"https:\/\/xenonkungen.com\/wp-content\/uploads\/2026\/03\/p0Bx7SjTk0MZDbUzlMO4aD7M1xEqfRvVpMXe66KA.webp","contentUrl":"https:\/\/xenonkungen.com\/wp-content\/uploads\/2026\/03\/p0Bx7SjTk0MZDbUzlMO4aD7M1xEqfRvVpMXe66KA.webp","width":1024,"height":1024},{"@type":"BreadcrumbList","@id":"https:\/\/xenonkungen.com\/produkt\/refresh-mikrofibertvatt-500-ml\/#breadcrumb","itemListElement":[{"@type":"ListItem","position":1,"name":"Hem","item":"https:\/\/xenonkungen.com\/"},{"@type":"ListItem","position":2,"name":"Shop","item":"https:\/\/xenonkungen.com\/shop\/"},{"@type":"ListItem","position":3,"name":"Refresh &#8211; Mikrofibertv\u00e4tt 500 ml"}]},{"@type":"WebSite","@id":"https:\/\/xenonkungen.com\/#website","url":"https:\/\/xenonkungen.com\/","name":"Xenonkungen","description":"","potentialAction":[{"@type":"SearchAction","target":{"@type":"EntryPoint","urlTemplate":"https:\/\/xenonkungen.com\/?s={search_term_string}"},"query-input":{"@type":"PropertyValueSpecification","valueRequired":true,"valueName":"search_term_string"}}],"inLanguage":"nb-NO"}]}},"taxonomy_info":{"product_brand":[{"value":2893,"label":"Tershine"}],"product_cat":[{"value":2614,"label":"4 | Bilvax &amp; Lackskydd"},{"value":2892,"label":"\u00c5terf\u00f6rs\u00e4ljarprodukter"},{"value":378,"label":"Bilv\u00e5rd"}]},"featured_image_src_large":["https:\/\/xenonkungen.com\/wp-content\/uploads\/2026\/03\/p0Bx7SjTk0MZDbUzlMO4aD7M1xEqfRvVpMXe66KA.webp",1024,1024,false],"author_info":[],"comment_info":0,"_links":{"self":[{"href":"https:\/\/xenonkungen.com\/no\/wp-json\/wp\/v2\/product\/27944","targetHints":{"allow":["GET"]}}],"collection":[{"href":"https:\/\/xenonkungen.com\/no\/wp-json\/wp\/v2\/product"}],"about":[{"href":"https:\/\/xenonkungen.com\/no\/wp-json\/wp\/v2\/types\/product"}],"replies":[{"embeddable":true,"href":"https:\/\/xenonkungen.com\/no\/wp-json\/wp\/v2\/comments?post=27944"}],"wp:featuredmedia":[{"embeddable":true,"href":"https:\/\/xenonkungen.com\/no\/wp-json\/wp\/v2\/media\/27945"}],"wp:attachment":[{"href":"https:\/\/xenonkungen.com\/no\/wp-json\/wp\/v2\/media?parent=27944"}],"wp:term":[{"taxonomy":"anvandningsomrade","embeddable":true,"href":"https:\/\/xenonkungen.com\/no\/wp-json\/wp\/v2\/anvandningsomrade?post=27944"},{"taxonomy":"bilmarken","embeddable":true,"href":"https:\/\/xenonkungen.com\/no\/wp-json\/wp\/v2\/bilmarken?post=27944"},{"taxonomy":"product_brand","embeddable":true,"href":"https:\/\/xenonkungen.com\/no\/wp-json\/wp\/v2\/product_brand?post=27944"},{"taxonomy":"product_cat","embeddable":true,"href":"https:\/\/xenonkungen.com\/no\/wp-json\/wp\/v2\/product_cat?post=27944"},{"taxonomy":"product_tag","embeddable":true,"href":"https:\/\/xenonkungen.com\/no\/wp-json\/wp\/v2\/product_tag?post=27944"}],"curies":[{"name":"wp","href":"https:\/\/api.w.org\/{rel}","templated":true}]}}