{"id":27961,"date":"2026-03-16T14:18:18","date_gmt":"2026-03-16T13:18:18","guid":{"rendered":"https:\/\/xenonkungen.com\/?post_type=product&#038;p=27961"},"modified":"2026-05-12T14:50:33","modified_gmt":"2026-05-12T13:50:33","slug":"tershine-recond-borster-premium","status":"publish","type":"product","link":"https:\/\/xenonkungen.com\/no\/produkt\/tershine-recond-borster-premium\/","title":{"rendered":"Tershine Recond-b\u00f8rster Premium"},"content":{"rendered":"<p>En allsidig rengj\u00f8ringsb\u00f8rste med tre forskjellige b\u00f8rstehoder \u2013 supermyke, myke og medium harde \u2013 som er enkle \u00e5 skru av og p\u00e5.<\/p>\n<p>For best mulig presisjon er alle tre b\u00f8rstene designet med samme tetthet og lengde. Forskjellen ligger i materialvalget p\u00e5 selve b\u00f8rsteh\u00e5rene (Supersoft \/ Soft \/ Medium), slik at du enkelt kan velge riktig variant for oppgaven uten \u00e5 g\u00e5 p\u00e5 kompromiss med f\u00f8lelse og kontroll.<\/p>\n<p><strong>Et must for skikkelig rengj\u00f8ring av innsiden<br \/>\nTre forskjellige b\u00f8rstehoder<br \/>\nKjemikaliebestandig<br \/>\nH\u00f8y kvalitet<br \/>\nMange bruksomr\u00e5der<\/strong><\/p>\n<p data-start=\"101\" data-end=\"390\">H\u00e5ndtaket har et slitesterkt gummibelegg for godt grep, en innebygd magnet for enkel opphenging, og b\u00f8rstehodene er designet med en smart kant som hindrer b\u00f8rsten i \u00e5 rulle bort.<\/p>\n<p data-start=\"392\" data-end=\"551\">Perfekt for grundig rengj\u00f8ring av interi\u00f8rdetaljer, felger og motorrom.<\/p>\n<p data-start=\"553\" data-end=\"694\">Kombiner gjerne med\u00a0<strong data-start=\"573\" data-end=\"599\">APC \u2013 Interi\u00f8rrens<\/strong>\u00a0for interi\u00f8ret eller\u00a0<strong data-start=\"621\" data-end=\"646\">Gjenopplev \u2013 Jernfjerner<\/strong>\u00a0for felgene, for et virkelig fantastisk resultat.<\/p>\n<p>Leveres i en pen pappeske!<\/p>","protected":false},"excerpt":{"rendered":"<p>En allsidig, rekonstituert b\u00f8rste med tre forskjellige b\u00f8rstehoder \u2013 supermyke, myke og medium harde som er enkle \u00e5 skru av og p\u00e5.<\/p>","protected":false},"featured_media":27958,"comment_status":"open","ping_status":"closed","template":"","meta":{"_acf_changed":false,"_smort_price_nok":"","_smort_price_dkk":"","_smort_price_eur":"","_smort_sale_price_nok":"","_smort_sale_price_dkk":"","_smort_sale_price_eur":"","smort_restorder":"","shipmondo_restorder":"","_kad_blocks_custom_css":"","_kad_blocks_head_custom_js":"","_kad_blocks_body_custom_js":"","_kad_blocks_footer_custom_js":"","smort_custom_pricelist_1":"178.56","smort_custom_pricelist_2":"178.56","smort_custom_pricelist_3":"178.56","smort_custom_pricelist_4":"223.2","smort_custom_pricelist_5":"178.56"},"anvandningsomrade":[],"bilmarken":[],"product_brand":[2893],"product_cat":[2988,2450,2892,378],"product_tag":[],"class_list":{"0":"post-27961","1":"product","2":"type-product","3":"status-publish","4":"has-post-thumbnail","6":"product_brand-tershine","7":"product_cat-biltvatt","8":"product_cat-tillbehor-bilvard","9":"product_cat-retail-produkter","10":"product_cat-bilvard","12":"first","13":"onbackorder","14":"taxable","15":"shipping-taxable","16":"purchasable","17":"product-type-simple"},"bundled_by":[],"bundle_stock_status":"onbackorder","bundle_stock_quantity":0,"bundle_virtual":false,"bundle_layout":"","bundle_add_to_cart_form_location":"","bundle_editable_in_cart":false,"bundle_sold_individually_context":"","bundle_item_grouping":"","bundle_min_size":"","bundle_max_size":"","bundle_price":[],"bundled_items":[],"bundle_sell_ids":[],"acf":[],"yoast_head":"<!-- This site is optimized with the Yoast SEO plugin v27.0 - https:\/\/yoast.com\/product\/yoast-seo-wordpress\/ -->\n<title>Tershine Rekondpenslar Premium - Xenonkungen<\/title>\n<meta name=\"robots\" content=\"index, follow, max-snippet:-1, max-image-preview:large, max-video-preview:-1\" \/>\n<link rel=\"canonical\" href=\"https:\/\/xenonkungen.com\/no\/produkt\/tershine-recond-borster-premium\/\" \/>\n<meta property=\"og:locale\" content=\"nb_NO\" \/>\n<meta property=\"og:type\" content=\"article\" \/>\n<meta property=\"og:title\" content=\"Tershine Rekondpenslar Premium - Xenonkungen\" \/>\n<meta property=\"og:description\" content=\"En m\u00e5ngsidig rekondpensel med tre olika borsthuvuden \u2013 supermjukt, mjukt och medelh\u00e5rt som enkelt skruvas av och p\u00e5.\" \/>\n<meta property=\"og:url\" content=\"https:\/\/xenonkungen.com\/no\/produkt\/tershine-recond-borster-premium\/\" \/>\n<meta property=\"og:site_name\" content=\"Xenonkungen\" \/>\n<meta property=\"article:modified_time\" content=\"2026-05-12T13:50:33+00:00\" \/>\n<meta property=\"og:image\" content=\"https:\/\/xenonkungen.com\/wp-content\/uploads\/2026\/03\/syRryLHijpYVcD5OsEBm3Aqt3YtcZPlaiyoakrue.webp\" \/>\n\t<meta property=\"og:image:width\" content=\"1024\" \/>\n\t<meta property=\"og:image:height\" content=\"1024\" \/>\n\t<meta property=\"og:image:type\" content=\"image\/webp\" \/>\n<meta name=\"twitter:card\" content=\"summary_large_image\" \/>\n<meta name=\"twitter:label1\" content=\"Ansl. lesetid\" \/>\n\t<meta name=\"twitter:data1\" content=\"1 minutt\" \/>\n<script type=\"application\/ld+json\" class=\"yoast-schema-graph\">{\"@context\":\"https:\/\/schema.org\",\"@graph\":[{\"@type\":\"WebPage\",\"@id\":\"https:\/\/xenonkungen.com\/produkt\/tershine-rekondpenslar-premium\/\",\"url\":\"https:\/\/xenonkungen.com\/produkt\/tershine-rekondpenslar-premium\/\",\"name\":\"Tershine Rekondpenslar Premium - Xenonkungen\",\"isPartOf\":{\"@id\":\"https:\/\/xenonkungen.com\/#website\"},\"primaryImageOfPage\":{\"@id\":\"https:\/\/xenonkungen.com\/produkt\/tershine-rekondpenslar-premium\/#primaryimage\"},\"image\":{\"@id\":\"https:\/\/xenonkungen.com\/produkt\/tershine-rekondpenslar-premium\/#primaryimage\"},\"thumbnailUrl\":\"https:\/\/xenonkungen.com\/wp-content\/uploads\/2026\/03\/syRryLHijpYVcD5OsEBm3Aqt3YtcZPlaiyoakrue.webp\",\"datePublished\":\"2026-03-16T13:18:18+00:00\",\"dateModified\":\"2026-05-12T13:50:33+00:00\",\"breadcrumb\":{\"@id\":\"https:\/\/xenonkungen.com\/produkt\/tershine-rekondpenslar-premium\/#breadcrumb\"},\"inLanguage\":\"nb-NO\",\"potentialAction\":[{\"@type\":\"ReadAction\",\"target\":[\"https:\/\/xenonkungen.com\/produkt\/tershine-rekondpenslar-premium\/\"]}]},{\"@type\":\"ImageObject\",\"inLanguage\":\"nb-NO\",\"@id\":\"https:\/\/xenonkungen.com\/produkt\/tershine-rekondpenslar-premium\/#primaryimage\",\"url\":\"https:\/\/xenonkungen.com\/wp-content\/uploads\/2026\/03\/syRryLHijpYVcD5OsEBm3Aqt3YtcZPlaiyoakrue.webp\",\"contentUrl\":\"https:\/\/xenonkungen.com\/wp-content\/uploads\/2026\/03\/syRryLHijpYVcD5OsEBm3Aqt3YtcZPlaiyoakrue.webp\",\"width\":1024,\"height\":1024},{\"@type\":\"BreadcrumbList\",\"@id\":\"https:\/\/xenonkungen.com\/produkt\/tershine-rekondpenslar-premium\/#breadcrumb\",\"itemListElement\":[{\"@type\":\"ListItem\",\"position\":1,\"name\":\"Hem\",\"item\":\"https:\/\/xenonkungen.com\/\"},{\"@type\":\"ListItem\",\"position\":2,\"name\":\"Shop\",\"item\":\"https:\/\/xenonkungen.com\/shop\/\"},{\"@type\":\"ListItem\",\"position\":3,\"name\":\"Tershine Rekondpenslar Premium\"}]},{\"@type\":\"WebSite\",\"@id\":\"https:\/\/xenonkungen.com\/#website\",\"url\":\"https:\/\/xenonkungen.com\/\",\"name\":\"Xenonkungen\",\"description\":\"\",\"potentialAction\":[{\"@type\":\"SearchAction\",\"target\":{\"@type\":\"EntryPoint\",\"urlTemplate\":\"https:\/\/xenonkungen.com\/?s={search_term_string}\"},\"query-input\":{\"@type\":\"PropertyValueSpecification\",\"valueRequired\":true,\"valueName\":\"search_term_string\"}}],\"inLanguage\":\"nb-NO\"}]}<\/script>\n<!-- \/ Yoast SEO plugin. -->","yoast_head_json":{"title":"Tershine Rekond Brushes Premium - Xenonkungen","robots":{"index":"index","follow":"follow","max-snippet":"max-snippet:-1","max-image-preview":"max-image-preview:large","max-video-preview":"max-video-preview:-1"},"canonical":"https:\/\/xenonkungen.com\/no\/produkt\/tershine-recond-borster-premium\/","og_locale":"nb_NO","og_type":"article","og_title":"Tershine Rekondpenslar Premium - Xenonkungen","og_description":"En m\u00e5ngsidig rekondpensel med tre olika borsthuvuden \u2013 supermjukt, mjukt och medelh\u00e5rt som enkelt skruvas av och p\u00e5.","og_url":"https:\/\/xenonkungen.com\/no\/produkt\/tershine-recond-borster-premium\/","og_site_name":"Xenonkungen","article_modified_time":"2026-05-12T13:50:33+00:00","og_image":[{"width":1024,"height":1024,"url":"https:\/\/xenonkungen.com\/wp-content\/uploads\/2026\/03\/syRryLHijpYVcD5OsEBm3Aqt3YtcZPlaiyoakrue.webp","type":"image\/webp"}],"twitter_card":"summary_large_image","twitter_misc":{"Ansl. lesetid":"1 minutt"},"schema":{"@context":"https:\/\/schema.org","@graph":[{"@type":"WebPage","@id":"https:\/\/xenonkungen.com\/produkt\/tershine-rekondpenslar-premium\/","url":"https:\/\/xenonkungen.com\/produkt\/tershine-rekondpenslar-premium\/","name":"Tershine Rekond Brushes Premium - Xenonkungen","isPartOf":{"@id":"https:\/\/xenonkungen.com\/#website"},"primaryImageOfPage":{"@id":"https:\/\/xenonkungen.com\/produkt\/tershine-rekondpenslar-premium\/#primaryimage"},"image":{"@id":"https:\/\/xenonkungen.com\/produkt\/tershine-rekondpenslar-premium\/#primaryimage"},"thumbnailUrl":"https:\/\/xenonkungen.com\/wp-content\/uploads\/2026\/03\/syRryLHijpYVcD5OsEBm3Aqt3YtcZPlaiyoakrue.webp","datePublished":"2026-03-16T13:18:18+00:00","dateModified":"2026-05-12T13:50:33+00:00","breadcrumb":{"@id":"https:\/\/xenonkungen.com\/produkt\/tershine-rekondpenslar-premium\/#breadcrumb"},"inLanguage":"nb-NO","potentialAction":[{"@type":"ReadAction","target":["https:\/\/xenonkungen.com\/produkt\/tershine-rekondpenslar-premium\/"]}]},{"@type":"ImageObject","inLanguage":"nb-NO","@id":"https:\/\/xenonkungen.com\/produkt\/tershine-rekondpenslar-premium\/#primaryimage","url":"https:\/\/xenonkungen.com\/wp-content\/uploads\/2026\/03\/syRryLHijpYVcD5OsEBm3Aqt3YtcZPlaiyoakrue.webp","contentUrl":"https:\/\/xenonkungen.com\/wp-content\/uploads\/2026\/03\/syRryLHijpYVcD5OsEBm3Aqt3YtcZPlaiyoakrue.webp","width":1024,"height":1024},{"@type":"BreadcrumbList","@id":"https:\/\/xenonkungen.com\/produkt\/tershine-rekondpenslar-premium\/#breadcrumb","itemListElement":[{"@type":"ListItem","position":1,"name":"Hem","item":"https:\/\/xenonkungen.com\/"},{"@type":"ListItem","position":2,"name":"Shop","item":"https:\/\/xenonkungen.com\/shop\/"},{"@type":"ListItem","position":3,"name":"Tershine Rekondpenslar Premium"}]},{"@type":"WebSite","@id":"https:\/\/xenonkungen.com\/#website","url":"https:\/\/xenonkungen.com\/","name":"Xenonkungen","description":"","potentialAction":[{"@type":"SearchAction","target":{"@type":"EntryPoint","urlTemplate":"https:\/\/xenonkungen.com\/?s={search_term_string}"},"query-input":{"@type":"PropertyValueSpecification","valueRequired":true,"valueName":"search_term_string"}}],"inLanguage":"nb-NO"}]}},"taxonomy_info":{"product_brand":[{"value":2893,"label":"Tershine"}],"product_cat":[{"value":2988,"label":"1 | Biltv\u00e4tt"},{"value":2450,"label":"6 | Tillbeh\u00f6r"},{"value":2892,"label":"\u00c5terf\u00f6rs\u00e4ljarprodukter"},{"value":378,"label":"Bilv\u00e5rd"}]},"featured_image_src_large":["https:\/\/xenonkungen.com\/wp-content\/uploads\/2026\/03\/syRryLHijpYVcD5OsEBm3Aqt3YtcZPlaiyoakrue.webp",1024,1024,false],"author_info":[],"comment_info":0,"_links":{"self":[{"href":"https:\/\/xenonkungen.com\/no\/wp-json\/wp\/v2\/product\/27961","targetHints":{"allow":["GET"]}}],"collection":[{"href":"https:\/\/xenonkungen.com\/no\/wp-json\/wp\/v2\/product"}],"about":[{"href":"https:\/\/xenonkungen.com\/no\/wp-json\/wp\/v2\/types\/product"}],"replies":[{"embeddable":true,"href":"https:\/\/xenonkungen.com\/no\/wp-json\/wp\/v2\/comments?post=27961"}],"wp:featuredmedia":[{"embeddable":true,"href":"https:\/\/xenonkungen.com\/no\/wp-json\/wp\/v2\/media\/27958"}],"wp:attachment":[{"href":"https:\/\/xenonkungen.com\/no\/wp-json\/wp\/v2\/media?parent=27961"}],"wp:term":[{"taxonomy":"anvandningsomrade","embeddable":true,"href":"https:\/\/xenonkungen.com\/no\/wp-json\/wp\/v2\/anvandningsomrade?post=27961"},{"taxonomy":"bilmarken","embeddable":true,"href":"https:\/\/xenonkungen.com\/no\/wp-json\/wp\/v2\/bilmarken?post=27961"},{"taxonomy":"product_brand","embeddable":true,"href":"https:\/\/xenonkungen.com\/no\/wp-json\/wp\/v2\/product_brand?post=27961"},{"taxonomy":"product_cat","embeddable":true,"href":"https:\/\/xenonkungen.com\/no\/wp-json\/wp\/v2\/product_cat?post=27961"},{"taxonomy":"product_tag","embeddable":true,"href":"https:\/\/xenonkungen.com\/no\/wp-json\/wp\/v2\/product_tag?post=27961"}],"curies":[{"name":"wp","href":"https:\/\/api.w.org\/{rel}","templated":true}]}}