{"id":27963,"date":"2026-03-16T14:30:02","date_gmt":"2026-03-16T13:30:02","guid":{"rendered":"https:\/\/xenonkungen.com\/?post_type=product&#038;p=27963"},"modified":"2026-04-24T17:48:38","modified_gmt":"2026-04-24T16:48:38","slug":"tershine-relive-air-rustfjerner-1-l","status":"publish","type":"product","link":"https:\/\/xenonkungen.com\/no\/produkt\/tershine-relive-air-rustfjerner-1-l\/","title":{"rendered":"Tershine Relive \u2013 Rustfjerner mot fluer 1 l"},"content":{"rendered":"<p>Supereffektiv rustfjerner og felgrengj\u00f8rer som fungerer utmerket for \u00e5 l\u00f8se opp rust, bremsest\u00f8v og andre metallpartikler som har havnet p\u00e5 overflaten.<\/p>\n<p><strong>Supereffektiv og sk\u00e5nsom<br \/>\nBlir lilla n\u00e5r den er klar til \u00e5 skylles av<br \/>\nFungerer p\u00e5 de fleste typer materialer<br \/>\npH-n\u00f8ytral og syrefri<br \/>\nFortynnbar<br \/>\nEffektiv p\u00e5 b\u00e5tskrog og gul vannlinje<br \/>\nKan p\u00e5f\u00f8res p\u00e5 v\u00e5t eller t\u00f8rr overflate<br \/>\nLav duft<\/p>\n<p>Hva brukes luftrustfjerner til?<\/p>\n<p><\/strong>Fly rust<strong><br \/>\n<\/strong>Rengj\u00f8ring av felger<strong><br \/>\n<\/strong>Bremsest\u00f8v<strong><br \/>\n<\/strong>Gule flekker p\u00e5 lakken<strong><br \/>\n<\/strong>Vannlinjen p\u00e5 b\u00e5tskroget<strong><br \/>\n<\/strong>Badet (metaller i vannet)<strong><br \/>\n<\/strong><\/p>\n<p><strong>Slik bruker du Relive:<\/strong><\/p>\n<p><strong>1.\u00a0<\/strong>Spray p\u00e5 felger og valgfrie overflater<strong><br \/>\n2.\u00a0<\/strong>La virke i omtrent 5 minutter, eller til produktet blir lilla. Ved ekstremt mye smuss kan en b\u00f8rste brukes til \u00e5 l\u00f8se opp det fastbrente materialet. Husk at produktet b\u00f8r holde seg p\u00e5 overflaten betydelig lenger i kaldt v\u00e6r &lt;10\u00b0C.<strong><br \/>\n3.\u00a0<\/strong>Ikke la det t\u00f8rke!<strong><br \/>\n4.\u00a0<\/strong>Skyll av med h\u00f8yt trykk<strong><br \/>\n5.\u00a0<\/strong>Vi vet, det er vanvittig godt!<\/p>\n<p>Relive er en nesten uvirkelig effektiv felg- og rustfjerner. Den reagerer med metaller fra bremsest\u00f8v og rust og l\u00f8ser dem opp i l\u00f8pet av minutter. Produktet er pH-n\u00f8ytralt og syrefritt, noe som betyr at det fungerer p\u00e5 de fleste typer lakk, plast, metaller (til og med polerte), alcoa osv.\u00a0<strong>MERK: Ikke bruk p\u00e5 spr\u00f8ytelakkede overflater eller tilsvarende enkomponentsmalingsoverflater.<\/strong><\/p>\n<p>Lav viskositet for \u00e5 maksimere produktet jevnt over overflaten og dermed f\u00e5 en jevn behandling av bremsest\u00f8v eller fluerust. Den har ogs\u00e5 rensende egenskaper for \u00e5 kunne fjerne &quot;normalt&quot; smuss samtidig. Det er virkelig et vanvittig effektivt produkt som gj\u00f8r felgvask til en ren nytelse etter for eksempel en hard dag p\u00e5 banen eller etter en herlig sving p\u00e5 svingete veier. Produktet skifter farge til lilla n\u00e5r det er klart til \u00e5 skylles av, normalt ca. 2-5 minutter etter p\u00e5f\u00f8ring. Ikke glem \u00e5 riste flasken f\u00f8r bruk. Selvf\u00f8lgelig fungerer den ogs\u00e5 utmerket p\u00e5 lakken som fluerustfjerner! Husk at produktet (inkludert avfettingen) b\u00f8r ligge p\u00e5 betydelig lenger n\u00e5r det er under 10 grader eller lakken er veldig kald. Inneholder ingen sterkt fluorerte stoffer!<\/p>\n<p>Kan fortynnes med vann, vi vet ikke helt hva som fungerer best, s\u00e5 gj\u00f8r som vanlig, eksperimenter (men rundt 50\/50).<\/p>\n<p><em>Oppbevares frostfritt.<\/em><\/p>","protected":false},"excerpt":{"rendered":"<p>Rustfjerner og felgrengj\u00f8rer som effektivt l\u00f8ser opp bremsest\u00f8v og andre metallpartikler som har havnet p\u00e5 kj\u00f8ret\u00f8yet ditt.<\/p>","protected":false},"featured_media":27964,"comment_status":"open","ping_status":"closed","template":"","meta":{"_acf_changed":false,"_smort_price_nok":"","_smort_price_dkk":"","_smort_price_eur":"","_smort_sale_price_nok":"","_smort_sale_price_dkk":"","_smort_sale_price_eur":"","smort_restorder":"","shipmondo_restorder":"","_kad_blocks_custom_css":"","_kad_blocks_head_custom_js":"","_kad_blocks_body_custom_js":"","_kad_blocks_footer_custom_js":"","smort_custom_pricelist_1":"191.36","smort_custom_pricelist_2":"191.36","smort_custom_pricelist_3":"191.36","smort_custom_pricelist_4":"239.2","smort_custom_pricelist_5":"191.36"},"anvandningsomrade":[],"bilmarken":[],"product_brand":[2893],"product_cat":[2988,2989,2892,378],"product_tag":[],"class_list":{"0":"post-27963","1":"product","2":"type-product","3":"status-publish","4":"has-post-thumbnail","6":"product_brand-tershine","7":"product_cat-biltvatt","8":"product_cat-avfettning","9":"product_cat-retail-produkter","10":"product_cat-bilvard","12":"first","13":"instock","14":"taxable","15":"shipping-taxable","16":"purchasable","17":"product-type-simple"},"bundled_by":[],"bundle_stock_status":"instock","bundle_stock_quantity":8,"bundle_virtual":false,"bundle_layout":"","bundle_add_to_cart_form_location":"","bundle_editable_in_cart":false,"bundle_sold_individually_context":"","bundle_item_grouping":"","bundle_min_size":"","bundle_max_size":"","bundle_price":[],"bundled_items":[],"bundle_sell_ids":[],"acf":[],"yoast_head":"<!-- This site is optimized with the Yoast SEO plugin v27.0 - https:\/\/yoast.com\/product\/yoast-seo-wordpress\/ -->\n<title>Tershine Relive - Flygrostborttagare 1 L - Xenonkungen<\/title>\n<meta name=\"robots\" content=\"index, follow, max-snippet:-1, max-image-preview:large, max-video-preview:-1\" \/>\n<link rel=\"canonical\" href=\"https:\/\/xenonkungen.com\/no\/produkt\/tershine-relive-air-rustfjerner-1-l\/\" \/>\n<meta property=\"og:locale\" content=\"nb_NO\" \/>\n<meta property=\"og:type\" content=\"article\" \/>\n<meta property=\"og:title\" content=\"Tershine Relive - Flygrostborttagare 1 L - Xenonkungen\" \/>\n<meta property=\"og:description\" content=\"Flygrostborttagare och f\u00e4lgreng\u00f6ring som effektivt l\u00f6ser bromsdamm och andra metallpartiklar som hamnat p\u00e5 ditt fordon.\" \/>\n<meta property=\"og:url\" content=\"https:\/\/xenonkungen.com\/no\/produkt\/tershine-relive-air-rustfjerner-1-l\/\" \/>\n<meta property=\"og:site_name\" content=\"Xenonkungen\" \/>\n<meta property=\"article:modified_time\" content=\"2026-04-24T16:48:38+00:00\" \/>\n<meta property=\"og:image\" content=\"https:\/\/xenonkungen.com\/wp-content\/uploads\/2026\/03\/ADeKgoEDCvQrB6JWWf734UiR5CWOMRmvWLt1kvkO.webp\" \/>\n\t<meta property=\"og:image:width\" content=\"1024\" \/>\n\t<meta property=\"og:image:height\" content=\"1024\" \/>\n\t<meta property=\"og:image:type\" content=\"image\/webp\" \/>\n<meta name=\"twitter:card\" content=\"summary_large_image\" \/>\n<meta name=\"twitter:label1\" content=\"Ansl. lesetid\" \/>\n\t<meta name=\"twitter:data1\" content=\"2 minutter\" \/>\n<script type=\"application\/ld+json\" class=\"yoast-schema-graph\">{\"@context\":\"https:\/\/schema.org\",\"@graph\":[{\"@type\":\"WebPage\",\"@id\":\"https:\/\/xenonkungen.com\/produkt\/tershine-relive-flygrostborttagare-1-l\/\",\"url\":\"https:\/\/xenonkungen.com\/produkt\/tershine-relive-flygrostborttagare-1-l\/\",\"name\":\"Tershine Relive - Flygrostborttagare 1 L - Xenonkungen\",\"isPartOf\":{\"@id\":\"https:\/\/xenonkungen.com\/#website\"},\"primaryImageOfPage\":{\"@id\":\"https:\/\/xenonkungen.com\/produkt\/tershine-relive-flygrostborttagare-1-l\/#primaryimage\"},\"image\":{\"@id\":\"https:\/\/xenonkungen.com\/produkt\/tershine-relive-flygrostborttagare-1-l\/#primaryimage\"},\"thumbnailUrl\":\"https:\/\/xenonkungen.com\/wp-content\/uploads\/2026\/03\/ADeKgoEDCvQrB6JWWf734UiR5CWOMRmvWLt1kvkO.webp\",\"datePublished\":\"2026-03-16T13:30:02+00:00\",\"dateModified\":\"2026-04-24T16:48:38+00:00\",\"breadcrumb\":{\"@id\":\"https:\/\/xenonkungen.com\/produkt\/tershine-relive-flygrostborttagare-1-l\/#breadcrumb\"},\"inLanguage\":\"nb-NO\",\"potentialAction\":[{\"@type\":\"ReadAction\",\"target\":[\"https:\/\/xenonkungen.com\/produkt\/tershine-relive-flygrostborttagare-1-l\/\"]}]},{\"@type\":\"ImageObject\",\"inLanguage\":\"nb-NO\",\"@id\":\"https:\/\/xenonkungen.com\/produkt\/tershine-relive-flygrostborttagare-1-l\/#primaryimage\",\"url\":\"https:\/\/xenonkungen.com\/wp-content\/uploads\/2026\/03\/ADeKgoEDCvQrB6JWWf734UiR5CWOMRmvWLt1kvkO.webp\",\"contentUrl\":\"https:\/\/xenonkungen.com\/wp-content\/uploads\/2026\/03\/ADeKgoEDCvQrB6JWWf734UiR5CWOMRmvWLt1kvkO.webp\",\"width\":1024,\"height\":1024},{\"@type\":\"BreadcrumbList\",\"@id\":\"https:\/\/xenonkungen.com\/produkt\/tershine-relive-flygrostborttagare-1-l\/#breadcrumb\",\"itemListElement\":[{\"@type\":\"ListItem\",\"position\":1,\"name\":\"Hem\",\"item\":\"https:\/\/xenonkungen.com\/\"},{\"@type\":\"ListItem\",\"position\":2,\"name\":\"Shop\",\"item\":\"https:\/\/xenonkungen.com\/shop\/\"},{\"@type\":\"ListItem\",\"position\":3,\"name\":\"Tershine Relive &#8211; Flygrostborttagare 1 L\"}]},{\"@type\":\"WebSite\",\"@id\":\"https:\/\/xenonkungen.com\/#website\",\"url\":\"https:\/\/xenonkungen.com\/\",\"name\":\"Xenonkungen\",\"description\":\"\",\"potentialAction\":[{\"@type\":\"SearchAction\",\"target\":{\"@type\":\"EntryPoint\",\"urlTemplate\":\"https:\/\/xenonkungen.com\/?s={search_term_string}\"},\"query-input\":{\"@type\":\"PropertyValueSpecification\",\"valueRequired\":true,\"valueName\":\"search_term_string\"}}],\"inLanguage\":\"nb-NO\"}]}<\/script>\n<!-- \/ Yoast SEO plugin. -->","yoast_head_json":{"title":"Tershine Relive - Flyrustfjerner 1 L - Xenonkongen","robots":{"index":"index","follow":"follow","max-snippet":"max-snippet:-1","max-image-preview":"max-image-preview:large","max-video-preview":"max-video-preview:-1"},"canonical":"https:\/\/xenonkungen.com\/no\/produkt\/tershine-relive-air-rustfjerner-1-l\/","og_locale":"nb_NO","og_type":"article","og_title":"Tershine Relive - Flygrostborttagare 1 L - Xenonkungen","og_description":"Flygrostborttagare och f\u00e4lgreng\u00f6ring som effektivt l\u00f6ser bromsdamm och andra metallpartiklar som hamnat p\u00e5 ditt fordon.","og_url":"https:\/\/xenonkungen.com\/no\/produkt\/tershine-relive-air-rustfjerner-1-l\/","og_site_name":"Xenonkungen","article_modified_time":"2026-04-24T16:48:38+00:00","og_image":[{"width":1024,"height":1024,"url":"https:\/\/xenonkungen.com\/wp-content\/uploads\/2026\/03\/ADeKgoEDCvQrB6JWWf734UiR5CWOMRmvWLt1kvkO.webp","type":"image\/webp"}],"twitter_card":"summary_large_image","twitter_misc":{"Ansl. lesetid":"2 minutter"},"schema":{"@context":"https:\/\/schema.org","@graph":[{"@type":"WebPage","@id":"https:\/\/xenonkungen.com\/produkt\/tershine-relive-flygrostborttagare-1-l\/","url":"https:\/\/xenonkungen.com\/produkt\/tershine-relive-flygrostborttagare-1-l\/","name":"Tershine Relive - Flyrustfjerner 1 L - Xenonkongen","isPartOf":{"@id":"https:\/\/xenonkungen.com\/#website"},"primaryImageOfPage":{"@id":"https:\/\/xenonkungen.com\/produkt\/tershine-relive-flygrostborttagare-1-l\/#primaryimage"},"image":{"@id":"https:\/\/xenonkungen.com\/produkt\/tershine-relive-flygrostborttagare-1-l\/#primaryimage"},"thumbnailUrl":"https:\/\/xenonkungen.com\/wp-content\/uploads\/2026\/03\/ADeKgoEDCvQrB6JWWf734UiR5CWOMRmvWLt1kvkO.webp","datePublished":"2026-03-16T13:30:02+00:00","dateModified":"2026-04-24T16:48:38+00:00","breadcrumb":{"@id":"https:\/\/xenonkungen.com\/produkt\/tershine-relive-flygrostborttagare-1-l\/#breadcrumb"},"inLanguage":"nb-NO","potentialAction":[{"@type":"ReadAction","target":["https:\/\/xenonkungen.com\/produkt\/tershine-relive-flygrostborttagare-1-l\/"]}]},{"@type":"ImageObject","inLanguage":"nb-NO","@id":"https:\/\/xenonkungen.com\/produkt\/tershine-relive-flygrostborttagare-1-l\/#primaryimage","url":"https:\/\/xenonkungen.com\/wp-content\/uploads\/2026\/03\/ADeKgoEDCvQrB6JWWf734UiR5CWOMRmvWLt1kvkO.webp","contentUrl":"https:\/\/xenonkungen.com\/wp-content\/uploads\/2026\/03\/ADeKgoEDCvQrB6JWWf734UiR5CWOMRmvWLt1kvkO.webp","width":1024,"height":1024},{"@type":"BreadcrumbList","@id":"https:\/\/xenonkungen.com\/produkt\/tershine-relive-flygrostborttagare-1-l\/#breadcrumb","itemListElement":[{"@type":"ListItem","position":1,"name":"Hem","item":"https:\/\/xenonkungen.com\/"},{"@type":"ListItem","position":2,"name":"Shop","item":"https:\/\/xenonkungen.com\/shop\/"},{"@type":"ListItem","position":3,"name":"Tershine Relive &#8211; Flygrostborttagare 1 L"}]},{"@type":"WebSite","@id":"https:\/\/xenonkungen.com\/#website","url":"https:\/\/xenonkungen.com\/","name":"Xenonkungen","description":"","potentialAction":[{"@type":"SearchAction","target":{"@type":"EntryPoint","urlTemplate":"https:\/\/xenonkungen.com\/?s={search_term_string}"},"query-input":{"@type":"PropertyValueSpecification","valueRequired":true,"valueName":"search_term_string"}}],"inLanguage":"nb-NO"}]}},"taxonomy_info":{"product_brand":[{"value":2893,"label":"Tershine"}],"product_cat":[{"value":2988,"label":"1 | Biltv\u00e4tt"},{"value":2989,"label":"2 | Avfettning"},{"value":2892,"label":"\u00c5terf\u00f6rs\u00e4ljarprodukter"},{"value":378,"label":"Bilv\u00e5rd"}]},"featured_image_src_large":["https:\/\/xenonkungen.com\/wp-content\/uploads\/2026\/03\/ADeKgoEDCvQrB6JWWf734UiR5CWOMRmvWLt1kvkO.webp",1024,1024,false],"author_info":[],"comment_info":0,"_links":{"self":[{"href":"https:\/\/xenonkungen.com\/no\/wp-json\/wp\/v2\/product\/27963","targetHints":{"allow":["GET"]}}],"collection":[{"href":"https:\/\/xenonkungen.com\/no\/wp-json\/wp\/v2\/product"}],"about":[{"href":"https:\/\/xenonkungen.com\/no\/wp-json\/wp\/v2\/types\/product"}],"replies":[{"embeddable":true,"href":"https:\/\/xenonkungen.com\/no\/wp-json\/wp\/v2\/comments?post=27963"}],"wp:featuredmedia":[{"embeddable":true,"href":"https:\/\/xenonkungen.com\/no\/wp-json\/wp\/v2\/media\/27964"}],"wp:attachment":[{"href":"https:\/\/xenonkungen.com\/no\/wp-json\/wp\/v2\/media?parent=27963"}],"wp:term":[{"taxonomy":"anvandningsomrade","embeddable":true,"href":"https:\/\/xenonkungen.com\/no\/wp-json\/wp\/v2\/anvandningsomrade?post=27963"},{"taxonomy":"bilmarken","embeddable":true,"href":"https:\/\/xenonkungen.com\/no\/wp-json\/wp\/v2\/bilmarken?post=27963"},{"taxonomy":"product_brand","embeddable":true,"href":"https:\/\/xenonkungen.com\/no\/wp-json\/wp\/v2\/product_brand?post=27963"},{"taxonomy":"product_cat","embeddable":true,"href":"https:\/\/xenonkungen.com\/no\/wp-json\/wp\/v2\/product_cat?post=27963"},{"taxonomy":"product_tag","embeddable":true,"href":"https:\/\/xenonkungen.com\/no\/wp-json\/wp\/v2\/product_tag?post=27963"}],"curies":[{"name":"wp","href":"https:\/\/api.w.org\/{rel}","templated":true}]}}