{"id":27972,"date":"2026-03-16T14:48:14","date_gmt":"2026-03-16T13:48:14","guid":{"rendered":"https:\/\/xenonkungen.com\/?post_type=product&#038;p=27972"},"modified":"2026-05-12T14:49:37","modified_gmt":"2026-05-12T13:49:37","slug":"tershine-relive-air-rustfjerner-5-l","status":"publish","type":"product","link":"https:\/\/xenonkungen.com\/no\/produkt\/tershine-relive-air-rustfjerner-5-l\/","title":{"rendered":"Tershine Relive \u2013 Rustfjerner mot fluer 5 l"},"content":{"rendered":"<p>H\u00f8yeffektiv rustfjerner og felgrengj\u00f8rer Et kraftig produkt som effektivt l\u00f8ser opp rust, bremsest\u00f8v og andre metallpartikler p\u00e5 ulike overflater.<br \/>\n<strong><br \/>\nMild, men supereffektiv mot metallpartikler<br \/>\nIndikerer med lilla n\u00e5r det er p\u00e5 tide \u00e5 skylle av<br \/>\nKan brukes p\u00e5 de fleste materialer<br \/>\npH-n\u00f8ytral og fri for syrer<br \/>\nKan fortynnes om n\u00f8dvendig<br \/>\nPerfekt for b\u00e5tskrog og fjerning av gule vannlinjer<br \/>\nKan p\u00e5f\u00f8res b\u00e5de t\u00f8rre og v\u00e5te overflater<br \/>\nLavt duftniv\u00e5 for behagelig bruk<\/strong><\/p>\n<p>Bruksomr\u00e5der:<\/p>\n<p>Fly rust<br \/>\nRengj\u00f8ring av felger<br \/>\nFjerning av bremsest\u00f8v<br \/>\nGule flekker p\u00e5 lakken<br \/>\nRengj\u00f8ring av vannledninger p\u00e5 b\u00e5ter<br \/>\nMetaller i baderomsporselen og fliser<\/p>\n<p><strong>Slik bruker du Relive \u2013 Air Rust Remover<\/strong><\/p>\n<p>1.\u00a0Spraya p\u00e5 f\u00e4lg samt valfria ytor<strong><br \/>\n2.\u00a0<\/strong>La virke i omtrent 5 minutter, eller til produktet blir lilla. Ved ekstremt smuss kan en b\u00f8rste brukes til \u00e5 l\u00f8se opp det fastbrente materialet. Husk at i kaldere v\u00e6r &lt;10\u00b0C b\u00f8r det virke betydelig lenger (opptil 10\u201315 minutter).<strong><br \/>\n3.\u00a0<\/strong>Ikke la det t\u00f8rke!<strong><br \/>\n4.\u00a0<\/strong>Skyll av med h\u00f8yt trykk<strong><br \/>\n5.\u00a0<\/strong>Vi vet, det er vanvittig godt!<\/p>\n<p>Relive 5-liter er en nesten uvirkelig effektiv felg- og rustfjerner. Den reagerer med metaller fra bremsest\u00f8v og rust og l\u00f8ser dem opp i l\u00f8pet av minutter. Produktet er pH-n\u00f8ytralt og syrefritt, noe som betyr at det fungerer p\u00e5 de fleste typer lakk, plast, metaller (til og med polerte), Alcoa, osv.\u00a0<strong>MERK: Ikke bruk p\u00e5 spraymalte overflater eller lignende.\u00a0<\/strong><\/p>\n<p>Lav viskositet for \u00e5 maksimere produktet jevnt over overflaten og dermed f\u00e5 en jevn behandling av bremsest\u00f8v eller fluerust. Den har ogs\u00e5 rensende egenskaper for \u00e5 kunne fjerne &quot;normalt&quot; smuss samtidig. Det er virkelig et vanvittig effektivt produkt som gj\u00f8r felgvask til en ren nytelse etter for eksempel en hard dag p\u00e5 banen eller etter en herlig sving p\u00e5 svingete veier. Produktet skifter farge til lilla n\u00e5r det er klart til \u00e5 skylles av, normalt ca. 2-5 minutter etter p\u00e5f\u00f8ring. Ikke glem \u00e5 riste flasken f\u00f8r bruk. Selvf\u00f8lgelig fungerer den ogs\u00e5 utmerket p\u00e5 lakken som fluerustfjerner! Husk at produktet (inkludert avfettingen) b\u00f8r ligge p\u00e5 betydelig lenger n\u00e5r det er under 10 grader eller lakken er veldig kald. Inneholder ingen sterkt fluorerte stoffer!<\/p>\n<p><em>Oppbevares frostfritt.<\/em><\/p>","protected":false},"excerpt":{"rendered":"<p>Relive \u2013 Rust Remover 5 L er en kraftig og sk\u00e5nsom rengj\u00f8ringsl\u00f8sning som effektivt fjerner rust, bremsest\u00f8v og metallpartikler fra alle typer overflater. Den reagerer raskt og blir lilla ved kontakt, noe som indikerer n\u00e5r det er p\u00e5 tide \u00e5 skylle. Produktet er pH-n\u00f8ytralt, syrefritt og trygt \u00e5 bruke p\u00e5 maling, plast, metaller og b\u00e5tskrog.<\/p>","protected":false},"featured_media":27973,"comment_status":"open","ping_status":"closed","template":"","meta":{"_acf_changed":false,"_smort_price_nok":"","_smort_price_dkk":"","_smort_price_eur":"","_smort_sale_price_nok":"","_smort_sale_price_dkk":"","_smort_sale_price_eur":"","smort_restorder":"","shipmondo_restorder":"","_kad_blocks_custom_css":"","_kad_blocks_head_custom_js":"","_kad_blocks_body_custom_js":"","_kad_blocks_footer_custom_js":"","smort_custom_pricelist_1":"575.36","smort_custom_pricelist_2":"575.36","smort_custom_pricelist_3":"575.36","smort_custom_pricelist_4":"719.2","smort_custom_pricelist_5":"575.36"},"anvandningsomrade":[],"bilmarken":[],"product_brand":[2893],"product_cat":[2988,2989,2892,378],"product_tag":[],"class_list":{"0":"post-27972","1":"product","2":"type-product","3":"status-publish","4":"has-post-thumbnail","6":"product_brand-tershine","7":"product_cat-biltvatt","8":"product_cat-avfettning","9":"product_cat-retail-produkter","10":"product_cat-bilvard","12":"first","13":"onbackorder","14":"taxable","15":"shipping-taxable","16":"purchasable","17":"product-type-simple"},"bundled_by":[],"bundle_stock_status":"onbackorder","bundle_stock_quantity":0,"bundle_virtual":false,"bundle_layout":"","bundle_add_to_cart_form_location":"","bundle_editable_in_cart":false,"bundle_sold_individually_context":"","bundle_item_grouping":"","bundle_min_size":"","bundle_max_size":"","bundle_price":[],"bundled_items":[],"bundle_sell_ids":[],"acf":[],"yoast_head":"<!-- This site is optimized with the Yoast SEO plugin v27.0 - https:\/\/yoast.com\/product\/yoast-seo-wordpress\/ -->\n<title>Tershine Relive - Flygrostborttagare 5 L - Xenonkungen<\/title>\n<meta name=\"robots\" content=\"index, follow, max-snippet:-1, max-image-preview:large, max-video-preview:-1\" \/>\n<link rel=\"canonical\" href=\"https:\/\/xenonkungen.com\/no\/produkt\/tershine-relive-air-rustfjerner-5-l\/\" \/>\n<meta property=\"og:locale\" content=\"nb_NO\" \/>\n<meta property=\"og:type\" content=\"article\" \/>\n<meta property=\"og:title\" content=\"Tershine Relive - Flygrostborttagare 5 L - Xenonkungen\" \/>\n<meta property=\"og:description\" content=\"Relive \u2013 Flygrostborttagare 5 L \u00e4r en kraftfull och skonsam reng\u00f6ringsl\u00f6sning som effektivt avl\u00e4gsnar flygrost, bromsdamm och metallpartiklar fr\u00e5n alla typer av ytor. Den reagerar snabbt och f\u00e4rgas lila vid kontakt, vilket indikerar n\u00e4r det \u00e4r dags att spola av. Produkten \u00e4r pH-neutral, syrafri och s\u00e4ker att anv\u00e4nda p\u00e5 lack, plast, metaller och b\u00e5tskrov.\" \/>\n<meta property=\"og:url\" content=\"https:\/\/xenonkungen.com\/no\/produkt\/tershine-relive-air-rustfjerner-5-l\/\" \/>\n<meta property=\"og:site_name\" content=\"Xenonkungen\" \/>\n<meta property=\"article:modified_time\" content=\"2026-05-12T13:49:37+00:00\" \/>\n<meta property=\"og:image\" content=\"https:\/\/xenonkungen.com\/wp-content\/uploads\/2026\/03\/XLdw3ycE84mmNzyaczGkNb4ke2p9uXk9gc7gCI9g.webp\" \/>\n\t<meta property=\"og:image:width\" content=\"1024\" \/>\n\t<meta property=\"og:image:height\" content=\"1024\" \/>\n\t<meta property=\"og:image:type\" content=\"image\/webp\" \/>\n<meta name=\"twitter:card\" content=\"summary_large_image\" \/>\n<meta name=\"twitter:label1\" content=\"Ansl. lesetid\" \/>\n\t<meta name=\"twitter:data1\" content=\"2 minutter\" \/>\n<script type=\"application\/ld+json\" class=\"yoast-schema-graph\">{\"@context\":\"https:\/\/schema.org\",\"@graph\":[{\"@type\":\"WebPage\",\"@id\":\"https:\/\/xenonkungen.com\/produkt\/tershine-relive-flygrostborttagare-5-l\/\",\"url\":\"https:\/\/xenonkungen.com\/produkt\/tershine-relive-flygrostborttagare-5-l\/\",\"name\":\"Tershine Relive - Flygrostborttagare 5 L - Xenonkungen\",\"isPartOf\":{\"@id\":\"https:\/\/xenonkungen.com\/#website\"},\"primaryImageOfPage\":{\"@id\":\"https:\/\/xenonkungen.com\/produkt\/tershine-relive-flygrostborttagare-5-l\/#primaryimage\"},\"image\":{\"@id\":\"https:\/\/xenonkungen.com\/produkt\/tershine-relive-flygrostborttagare-5-l\/#primaryimage\"},\"thumbnailUrl\":\"https:\/\/xenonkungen.com\/wp-content\/uploads\/2026\/03\/XLdw3ycE84mmNzyaczGkNb4ke2p9uXk9gc7gCI9g.webp\",\"datePublished\":\"2026-03-16T13:48:14+00:00\",\"dateModified\":\"2026-05-12T13:49:37+00:00\",\"breadcrumb\":{\"@id\":\"https:\/\/xenonkungen.com\/produkt\/tershine-relive-flygrostborttagare-5-l\/#breadcrumb\"},\"inLanguage\":\"nb-NO\",\"potentialAction\":[{\"@type\":\"ReadAction\",\"target\":[\"https:\/\/xenonkungen.com\/produkt\/tershine-relive-flygrostborttagare-5-l\/\"]}]},{\"@type\":\"ImageObject\",\"inLanguage\":\"nb-NO\",\"@id\":\"https:\/\/xenonkungen.com\/produkt\/tershine-relive-flygrostborttagare-5-l\/#primaryimage\",\"url\":\"https:\/\/xenonkungen.com\/wp-content\/uploads\/2026\/03\/XLdw3ycE84mmNzyaczGkNb4ke2p9uXk9gc7gCI9g.webp\",\"contentUrl\":\"https:\/\/xenonkungen.com\/wp-content\/uploads\/2026\/03\/XLdw3ycE84mmNzyaczGkNb4ke2p9uXk9gc7gCI9g.webp\",\"width\":1024,\"height\":1024},{\"@type\":\"BreadcrumbList\",\"@id\":\"https:\/\/xenonkungen.com\/produkt\/tershine-relive-flygrostborttagare-5-l\/#breadcrumb\",\"itemListElement\":[{\"@type\":\"ListItem\",\"position\":1,\"name\":\"Hem\",\"item\":\"https:\/\/xenonkungen.com\/\"},{\"@type\":\"ListItem\",\"position\":2,\"name\":\"Shop\",\"item\":\"https:\/\/xenonkungen.com\/shop\/\"},{\"@type\":\"ListItem\",\"position\":3,\"name\":\"Tershine Relive &#8211; Flygrostborttagare 5 L\"}]},{\"@type\":\"WebSite\",\"@id\":\"https:\/\/xenonkungen.com\/#website\",\"url\":\"https:\/\/xenonkungen.com\/\",\"name\":\"Xenonkungen\",\"description\":\"\",\"potentialAction\":[{\"@type\":\"SearchAction\",\"target\":{\"@type\":\"EntryPoint\",\"urlTemplate\":\"https:\/\/xenonkungen.com\/?s={search_term_string}\"},\"query-input\":{\"@type\":\"PropertyValueSpecification\",\"valueRequired\":true,\"valueName\":\"search_term_string\"}}],\"inLanguage\":\"nb-NO\"}]}<\/script>\n<!-- \/ Yoast SEO plugin. -->","yoast_head_json":{"title":"Tershine Relive - Flyrustfjerner 5 L - Xenonkongen","robots":{"index":"index","follow":"follow","max-snippet":"max-snippet:-1","max-image-preview":"max-image-preview:large","max-video-preview":"max-video-preview:-1"},"canonical":"https:\/\/xenonkungen.com\/no\/produkt\/tershine-relive-air-rustfjerner-5-l\/","og_locale":"nb_NO","og_type":"article","og_title":"Tershine Relive - Flygrostborttagare 5 L - Xenonkungen","og_description":"Relive \u2013 Flygrostborttagare 5 L \u00e4r en kraftfull och skonsam reng\u00f6ringsl\u00f6sning som effektivt avl\u00e4gsnar flygrost, bromsdamm och metallpartiklar fr\u00e5n alla typer av ytor. Den reagerar snabbt och f\u00e4rgas lila vid kontakt, vilket indikerar n\u00e4r det \u00e4r dags att spola av. Produkten \u00e4r pH-neutral, syrafri och s\u00e4ker att anv\u00e4nda p\u00e5 lack, plast, metaller och b\u00e5tskrov.","og_url":"https:\/\/xenonkungen.com\/no\/produkt\/tershine-relive-air-rustfjerner-5-l\/","og_site_name":"Xenonkungen","article_modified_time":"2026-05-12T13:49:37+00:00","og_image":[{"width":1024,"height":1024,"url":"https:\/\/xenonkungen.com\/wp-content\/uploads\/2026\/03\/XLdw3ycE84mmNzyaczGkNb4ke2p9uXk9gc7gCI9g.webp","type":"image\/webp"}],"twitter_card":"summary_large_image","twitter_misc":{"Ansl. lesetid":"2 minutter"},"schema":{"@context":"https:\/\/schema.org","@graph":[{"@type":"WebPage","@id":"https:\/\/xenonkungen.com\/produkt\/tershine-relive-flygrostborttagare-5-l\/","url":"https:\/\/xenonkungen.com\/produkt\/tershine-relive-flygrostborttagare-5-l\/","name":"Tershine Relive - Flyrustfjerner 5 L - Xenonkongen","isPartOf":{"@id":"https:\/\/xenonkungen.com\/#website"},"primaryImageOfPage":{"@id":"https:\/\/xenonkungen.com\/produkt\/tershine-relive-flygrostborttagare-5-l\/#primaryimage"},"image":{"@id":"https:\/\/xenonkungen.com\/produkt\/tershine-relive-flygrostborttagare-5-l\/#primaryimage"},"thumbnailUrl":"https:\/\/xenonkungen.com\/wp-content\/uploads\/2026\/03\/XLdw3ycE84mmNzyaczGkNb4ke2p9uXk9gc7gCI9g.webp","datePublished":"2026-03-16T13:48:14+00:00","dateModified":"2026-05-12T13:49:37+00:00","breadcrumb":{"@id":"https:\/\/xenonkungen.com\/produkt\/tershine-relive-flygrostborttagare-5-l\/#breadcrumb"},"inLanguage":"nb-NO","potentialAction":[{"@type":"ReadAction","target":["https:\/\/xenonkungen.com\/produkt\/tershine-relive-flygrostborttagare-5-l\/"]}]},{"@type":"ImageObject","inLanguage":"nb-NO","@id":"https:\/\/xenonkungen.com\/produkt\/tershine-relive-flygrostborttagare-5-l\/#primaryimage","url":"https:\/\/xenonkungen.com\/wp-content\/uploads\/2026\/03\/XLdw3ycE84mmNzyaczGkNb4ke2p9uXk9gc7gCI9g.webp","contentUrl":"https:\/\/xenonkungen.com\/wp-content\/uploads\/2026\/03\/XLdw3ycE84mmNzyaczGkNb4ke2p9uXk9gc7gCI9g.webp","width":1024,"height":1024},{"@type":"BreadcrumbList","@id":"https:\/\/xenonkungen.com\/produkt\/tershine-relive-flygrostborttagare-5-l\/#breadcrumb","itemListElement":[{"@type":"ListItem","position":1,"name":"Hem","item":"https:\/\/xenonkungen.com\/"},{"@type":"ListItem","position":2,"name":"Shop","item":"https:\/\/xenonkungen.com\/shop\/"},{"@type":"ListItem","position":3,"name":"Tershine Relive &#8211; Flygrostborttagare 5 L"}]},{"@type":"WebSite","@id":"https:\/\/xenonkungen.com\/#website","url":"https:\/\/xenonkungen.com\/","name":"Xenonkungen","description":"","potentialAction":[{"@type":"SearchAction","target":{"@type":"EntryPoint","urlTemplate":"https:\/\/xenonkungen.com\/?s={search_term_string}"},"query-input":{"@type":"PropertyValueSpecification","valueRequired":true,"valueName":"search_term_string"}}],"inLanguage":"nb-NO"}]}},"taxonomy_info":{"product_brand":[{"value":2893,"label":"Tershine"}],"product_cat":[{"value":2988,"label":"1 | Biltv\u00e4tt"},{"value":2989,"label":"2 | Avfettning"},{"value":2892,"label":"\u00c5terf\u00f6rs\u00e4ljarprodukter"},{"value":378,"label":"Bilv\u00e5rd"}]},"featured_image_src_large":["https:\/\/xenonkungen.com\/wp-content\/uploads\/2026\/03\/XLdw3ycE84mmNzyaczGkNb4ke2p9uXk9gc7gCI9g.webp",1024,1024,false],"author_info":[],"comment_info":0,"_links":{"self":[{"href":"https:\/\/xenonkungen.com\/no\/wp-json\/wp\/v2\/product\/27972","targetHints":{"allow":["GET"]}}],"collection":[{"href":"https:\/\/xenonkungen.com\/no\/wp-json\/wp\/v2\/product"}],"about":[{"href":"https:\/\/xenonkungen.com\/no\/wp-json\/wp\/v2\/types\/product"}],"replies":[{"embeddable":true,"href":"https:\/\/xenonkungen.com\/no\/wp-json\/wp\/v2\/comments?post=27972"}],"wp:featuredmedia":[{"embeddable":true,"href":"https:\/\/xenonkungen.com\/no\/wp-json\/wp\/v2\/media\/27973"}],"wp:attachment":[{"href":"https:\/\/xenonkungen.com\/no\/wp-json\/wp\/v2\/media?parent=27972"}],"wp:term":[{"taxonomy":"anvandningsomrade","embeddable":true,"href":"https:\/\/xenonkungen.com\/no\/wp-json\/wp\/v2\/anvandningsomrade?post=27972"},{"taxonomy":"bilmarken","embeddable":true,"href":"https:\/\/xenonkungen.com\/no\/wp-json\/wp\/v2\/bilmarken?post=27972"},{"taxonomy":"product_brand","embeddable":true,"href":"https:\/\/xenonkungen.com\/no\/wp-json\/wp\/v2\/product_brand?post=27972"},{"taxonomy":"product_cat","embeddable":true,"href":"https:\/\/xenonkungen.com\/no\/wp-json\/wp\/v2\/product_cat?post=27972"},{"taxonomy":"product_tag","embeddable":true,"href":"https:\/\/xenonkungen.com\/no\/wp-json\/wp\/v2\/product_tag?post=27972"}],"curies":[{"name":"wp","href":"https:\/\/api.w.org\/{rel}","templated":true}]}}