{"id":27975,"date":"2026-03-16T14:53:11","date_gmt":"2026-03-16T13:53:11","guid":{"rendered":"https:\/\/xenonkungen.com\/?post_type=product&#038;p=27975"},"modified":"2026-05-12T14:49:22","modified_gmt":"2026-05-12T13:49:22","slug":"tershine-relive-fluerustfjerner-500-ml","status":"publish","type":"product","link":"https:\/\/xenonkungen.com\/no\/produkt\/tershine-relive-fluerustfjerner-500-ml\/","title":{"rendered":"Tershine Relive \u2013 Rustfjerner mot fluer 500 ml"},"content":{"rendered":"<p>Ekstremt effektiv rustfjerner og felgrengj\u00f8rer. Et kraftig produkt som effektivt l\u00f8ser opp rust, bremsest\u00f8v og andre metallpartikler p\u00e5 ulike overflater, men som samtidig er sk\u00e5nsomt mot lakk og andre sensitive detaljer. Ekstremt effektiv og sv\u00e6rt allsidig.<br \/>\n<strong><br \/>\nFordeler med Relive \u2013 Air Rust Remover:<\/strong><br \/>\n<em><br \/>\n<\/em><strong>Supereffektiv mot metallpartikler<br \/>\nBlir lilla n\u00e5r den er klar til \u00e5 skylles av<br \/>\nKan brukes p\u00e5 de fleste typer materialer<br \/>\npH-n\u00f8ytral og syrefri (mindre risiko for problemer)<br \/>\nKan fortynnes med vann<br \/>\nEffektiv p\u00e5 b\u00e5tskrog og gul vannlinje<br \/>\nKan p\u00e5f\u00f8res b\u00e5de v\u00e5te og t\u00f8rre overflater<br \/>\nLavt duftniv\u00e5<\/strong><\/p>\n<p>Hva er fluerust?<\/p>\n<p>Sm\u00e5 jernpartikler som kommer fra bremsest\u00f8v eller piggdekk og andre metallpartikler fra andre kj\u00f8ret\u00f8y, disse legger seg p\u00e5 lakken og fremst\u00e5r som sm\u00e5 gul-oransje partikler.<\/p>\n<p>Hvorfor bruke rustfjerner, og hva er form\u00e5let?<\/p>\n<p>Fly rust<br \/>\nBremsest\u00f8v<br \/>\nRengj\u00f8ring av felger<strong><br \/>\n<\/strong>Fjerning av bremsest\u00f8v<strong><br \/>\n<\/strong>Gule flekker p\u00e5 lakken<strong><br \/>\n<\/strong>Rengj\u00f8ring av vannlinjen p\u00e5 b\u00e5tskrog<strong><br \/>\n<\/strong>Badet (metaller i vannet)<strong><br \/>\n<\/strong><\/p>\n<p><strong>Slik bruker du v\u00e5r Relive Air Rust Remover:<\/strong><\/p>\n<p><strong>1.<\/strong>\u00a0Spray rustfjerneren p\u00e5 felgene eller direkte p\u00e5 lakken.<br \/>\n<strong>2.<\/strong>\u00a0La virke i omtrent 5 minutter. Produktet vil bli lilla n\u00e5r det er klart til \u00e5 skylles av. Ved kraftig tilsmussing kan en b\u00f8rste brukes til \u00e5 l\u00f8sne gjenstridig smuss (ikke la det t\u00f8rke).<br \/>\n<strong>3.<\/strong>\u00a0Ikke la produktet t\u00f8rke ut.<br \/>\n<strong>4.<\/strong>\u00a0Skyll grundig med vann.<br \/>\n<strong>5<\/strong>Ja, vi vet, det er helt magisk fantastisk!<\/p>\n<p>Dette er et ekstremt effektivt produkt for fjerning av flyverust og rengj\u00f8ring av felger. Det reagerer raskt med metallpartikler fra bremsest\u00f8v og flyverust, og l\u00f8ser dem opp p\u00e5 bare noen f\u00e5 minutter. Takket v\u00e6re den pH-n\u00f8ytrale og syrefrie sammensetningen kan det trygt brukes p\u00e5 de fleste typer lakk, plast og metaller, inkludert polerte overflater og Alcoa.\u00a0<strong>Merk: Ikke bruk p\u00e5 spr\u00f8ytelakkede overflater eller tilsvarende enkomponentsmaling!<\/strong><\/p>\n<p>Den har ogs\u00e5 rengj\u00f8ringsegenskaper som gj\u00f8r det enkelt \u00e5 fjerne vanlig smuss samtidig. Rengj\u00f8ring av felger blir en smidig og enkel prosess, spesielt etter en dag p\u00e5 banen eller en lang tur p\u00e5 svingete veier. N\u00e5r produktet er klart til \u00e5 skylles av, skifter det farge til lilla, noe som vanligvis skjer etter 2\u20135 minutter. Fungerer ogs\u00e5 utmerket p\u00e5 lakk for \u00e5 l\u00f8se opp rust. Ved temperaturer under 10 grader eller n\u00e5r overflaten er kald, anbefales en lengre eksponeringstid for best resultat!<\/p>\n<p>Note:<span class=\"Apple-converted-space\">\u00a0<\/span>Ikke p\u00e5f\u00f8r p\u00e5 varme overflater.<\/p>\n<p><em>Oppbevares frostfritt.<\/em><\/p>","protected":false},"excerpt":{"rendered":"<p>Rustfjerner og felgrengj\u00f8rer som effektivt l\u00f8ser opp bremsest\u00f8v og andre metallpartikler som har havnet p\u00e5 kj\u00f8ret\u00f8yet ditt.<\/p>","protected":false},"featured_media":27976,"comment_status":"open","ping_status":"closed","template":"","meta":{"_acf_changed":false,"_smort_price_nok":"","_smort_price_dkk":"","_smort_price_eur":"","_smort_sale_price_nok":"","_smort_sale_price_dkk":"","_smort_sale_price_eur":"","smort_restorder":"","shipmondo_restorder":"","_kad_blocks_custom_css":"","_kad_blocks_head_custom_js":"","_kad_blocks_body_custom_js":"","_kad_blocks_footer_custom_js":"","smort_custom_pricelist_1":"127.36","smort_custom_pricelist_2":"127.36","smort_custom_pricelist_3":"127.36","smort_custom_pricelist_4":"159.2","smort_custom_pricelist_5":"127.36"},"anvandningsomrade":[],"bilmarken":[],"product_brand":[2893],"product_cat":[2988,2989,2892,378],"product_tag":[],"class_list":{"0":"post-27975","1":"product","2":"type-product","3":"status-publish","4":"has-post-thumbnail","6":"product_brand-tershine","7":"product_cat-biltvatt","8":"product_cat-avfettning","9":"product_cat-retail-produkter","10":"product_cat-bilvard","12":"first","13":"onbackorder","14":"taxable","15":"shipping-taxable","16":"purchasable","17":"product-type-simple"},"bundled_by":[],"bundle_stock_status":"onbackorder","bundle_stock_quantity":0,"bundle_virtual":false,"bundle_layout":"","bundle_add_to_cart_form_location":"","bundle_editable_in_cart":false,"bundle_sold_individually_context":"","bundle_item_grouping":"","bundle_min_size":"","bundle_max_size":"","bundle_price":[],"bundled_items":[],"bundle_sell_ids":[],"acf":[],"yoast_head":"<!-- This site is optimized with the Yoast SEO plugin v27.0 - https:\/\/yoast.com\/product\/yoast-seo-wordpress\/ -->\n<title>Tershine Relive - Flygrostborttagare 500 ml - Xenonkungen<\/title>\n<meta name=\"robots\" content=\"index, follow, max-snippet:-1, max-image-preview:large, max-video-preview:-1\" \/>\n<link rel=\"canonical\" href=\"https:\/\/xenonkungen.com\/no\/produkt\/tershine-relive-fluerustfjerner-500-ml\/\" \/>\n<meta property=\"og:locale\" content=\"nb_NO\" \/>\n<meta property=\"og:type\" content=\"article\" \/>\n<meta property=\"og:title\" content=\"Tershine Relive - Flygrostborttagare 500 ml - Xenonkungen\" \/>\n<meta property=\"og:description\" content=\"Flygrostborttagare och f\u00e4lgreng\u00f6ring som effektivt l\u00f6ser bromsdamm och andra metallpartiklar som hamnat p\u00e5 ditt fordon.\" \/>\n<meta property=\"og:url\" content=\"https:\/\/xenonkungen.com\/no\/produkt\/tershine-relive-fluerustfjerner-500-ml\/\" \/>\n<meta property=\"og:site_name\" content=\"Xenonkungen\" \/>\n<meta property=\"article:modified_time\" content=\"2026-05-12T13:49:22+00:00\" \/>\n<meta property=\"og:image\" content=\"https:\/\/xenonkungen.com\/wp-content\/uploads\/2026\/03\/ET5La0etrYXoTyF60JtMJbnZ89OrelwEyaKAxab3.webp\" \/>\n\t<meta property=\"og:image:width\" content=\"1024\" \/>\n\t<meta property=\"og:image:height\" content=\"1024\" \/>\n\t<meta property=\"og:image:type\" content=\"image\/webp\" \/>\n<meta name=\"twitter:card\" content=\"summary_large_image\" \/>\n<meta name=\"twitter:label1\" content=\"Ansl. lesetid\" \/>\n\t<meta name=\"twitter:data1\" content=\"3 minutter\" \/>\n<script type=\"application\/ld+json\" class=\"yoast-schema-graph\">{\"@context\":\"https:\/\/schema.org\",\"@graph\":[{\"@type\":\"WebPage\",\"@id\":\"https:\/\/xenonkungen.com\/produkt\/tershine-relive-flygrostborttagare-500-ml\/\",\"url\":\"https:\/\/xenonkungen.com\/produkt\/tershine-relive-flygrostborttagare-500-ml\/\",\"name\":\"Tershine Relive - Flygrostborttagare 500 ml - Xenonkungen\",\"isPartOf\":{\"@id\":\"https:\/\/xenonkungen.com\/#website\"},\"primaryImageOfPage\":{\"@id\":\"https:\/\/xenonkungen.com\/produkt\/tershine-relive-flygrostborttagare-500-ml\/#primaryimage\"},\"image\":{\"@id\":\"https:\/\/xenonkungen.com\/produkt\/tershine-relive-flygrostborttagare-500-ml\/#primaryimage\"},\"thumbnailUrl\":\"https:\/\/xenonkungen.com\/wp-content\/uploads\/2026\/03\/ET5La0etrYXoTyF60JtMJbnZ89OrelwEyaKAxab3.webp\",\"datePublished\":\"2026-03-16T13:53:11+00:00\",\"dateModified\":\"2026-05-12T13:49:22+00:00\",\"breadcrumb\":{\"@id\":\"https:\/\/xenonkungen.com\/produkt\/tershine-relive-flygrostborttagare-500-ml\/#breadcrumb\"},\"inLanguage\":\"nb-NO\",\"potentialAction\":[{\"@type\":\"ReadAction\",\"target\":[\"https:\/\/xenonkungen.com\/produkt\/tershine-relive-flygrostborttagare-500-ml\/\"]}]},{\"@type\":\"ImageObject\",\"inLanguage\":\"nb-NO\",\"@id\":\"https:\/\/xenonkungen.com\/produkt\/tershine-relive-flygrostborttagare-500-ml\/#primaryimage\",\"url\":\"https:\/\/xenonkungen.com\/wp-content\/uploads\/2026\/03\/ET5La0etrYXoTyF60JtMJbnZ89OrelwEyaKAxab3.webp\",\"contentUrl\":\"https:\/\/xenonkungen.com\/wp-content\/uploads\/2026\/03\/ET5La0etrYXoTyF60JtMJbnZ89OrelwEyaKAxab3.webp\",\"width\":1024,\"height\":1024},{\"@type\":\"BreadcrumbList\",\"@id\":\"https:\/\/xenonkungen.com\/produkt\/tershine-relive-flygrostborttagare-500-ml\/#breadcrumb\",\"itemListElement\":[{\"@type\":\"ListItem\",\"position\":1,\"name\":\"Hem\",\"item\":\"https:\/\/xenonkungen.com\/\"},{\"@type\":\"ListItem\",\"position\":2,\"name\":\"Shop\",\"item\":\"https:\/\/xenonkungen.com\/shop\/\"},{\"@type\":\"ListItem\",\"position\":3,\"name\":\"Tershine Relive &#8211; Flygrostborttagare 500 ml\"}]},{\"@type\":\"WebSite\",\"@id\":\"https:\/\/xenonkungen.com\/#website\",\"url\":\"https:\/\/xenonkungen.com\/\",\"name\":\"Xenonkungen\",\"description\":\"\",\"potentialAction\":[{\"@type\":\"SearchAction\",\"target\":{\"@type\":\"EntryPoint\",\"urlTemplate\":\"https:\/\/xenonkungen.com\/?s={search_term_string}\"},\"query-input\":{\"@type\":\"PropertyValueSpecification\",\"valueRequired\":true,\"valueName\":\"search_term_string\"}}],\"inLanguage\":\"nb-NO\"}]}<\/script>\n<!-- \/ Yoast SEO plugin. -->","yoast_head_json":{"title":"Tershine Relive - Flyrustfjerner 500 ml - Xenonkongen","robots":{"index":"index","follow":"follow","max-snippet":"max-snippet:-1","max-image-preview":"max-image-preview:large","max-video-preview":"max-video-preview:-1"},"canonical":"https:\/\/xenonkungen.com\/no\/produkt\/tershine-relive-fluerustfjerner-500-ml\/","og_locale":"nb_NO","og_type":"article","og_title":"Tershine Relive - Flygrostborttagare 500 ml - Xenonkungen","og_description":"Flygrostborttagare och f\u00e4lgreng\u00f6ring som effektivt l\u00f6ser bromsdamm och andra metallpartiklar som hamnat p\u00e5 ditt fordon.","og_url":"https:\/\/xenonkungen.com\/no\/produkt\/tershine-relive-fluerustfjerner-500-ml\/","og_site_name":"Xenonkungen","article_modified_time":"2026-05-12T13:49:22+00:00","og_image":[{"width":1024,"height":1024,"url":"https:\/\/xenonkungen.com\/wp-content\/uploads\/2026\/03\/ET5La0etrYXoTyF60JtMJbnZ89OrelwEyaKAxab3.webp","type":"image\/webp"}],"twitter_card":"summary_large_image","twitter_misc":{"Ansl. lesetid":"3 minutter"},"schema":{"@context":"https:\/\/schema.org","@graph":[{"@type":"WebPage","@id":"https:\/\/xenonkungen.com\/produkt\/tershine-relive-flygrostborttagare-500-ml\/","url":"https:\/\/xenonkungen.com\/produkt\/tershine-relive-flygrostborttagare-500-ml\/","name":"Tershine Relive - Flyrustfjerner 500 ml - Xenonkongen","isPartOf":{"@id":"https:\/\/xenonkungen.com\/#website"},"primaryImageOfPage":{"@id":"https:\/\/xenonkungen.com\/produkt\/tershine-relive-flygrostborttagare-500-ml\/#primaryimage"},"image":{"@id":"https:\/\/xenonkungen.com\/produkt\/tershine-relive-flygrostborttagare-500-ml\/#primaryimage"},"thumbnailUrl":"https:\/\/xenonkungen.com\/wp-content\/uploads\/2026\/03\/ET5La0etrYXoTyF60JtMJbnZ89OrelwEyaKAxab3.webp","datePublished":"2026-03-16T13:53:11+00:00","dateModified":"2026-05-12T13:49:22+00:00","breadcrumb":{"@id":"https:\/\/xenonkungen.com\/produkt\/tershine-relive-flygrostborttagare-500-ml\/#breadcrumb"},"inLanguage":"nb-NO","potentialAction":[{"@type":"ReadAction","target":["https:\/\/xenonkungen.com\/produkt\/tershine-relive-flygrostborttagare-500-ml\/"]}]},{"@type":"ImageObject","inLanguage":"nb-NO","@id":"https:\/\/xenonkungen.com\/produkt\/tershine-relive-flygrostborttagare-500-ml\/#primaryimage","url":"https:\/\/xenonkungen.com\/wp-content\/uploads\/2026\/03\/ET5La0etrYXoTyF60JtMJbnZ89OrelwEyaKAxab3.webp","contentUrl":"https:\/\/xenonkungen.com\/wp-content\/uploads\/2026\/03\/ET5La0etrYXoTyF60JtMJbnZ89OrelwEyaKAxab3.webp","width":1024,"height":1024},{"@type":"BreadcrumbList","@id":"https:\/\/xenonkungen.com\/produkt\/tershine-relive-flygrostborttagare-500-ml\/#breadcrumb","itemListElement":[{"@type":"ListItem","position":1,"name":"Hem","item":"https:\/\/xenonkungen.com\/"},{"@type":"ListItem","position":2,"name":"Shop","item":"https:\/\/xenonkungen.com\/shop\/"},{"@type":"ListItem","position":3,"name":"Tershine Relive &#8211; Flygrostborttagare 500 ml"}]},{"@type":"WebSite","@id":"https:\/\/xenonkungen.com\/#website","url":"https:\/\/xenonkungen.com\/","name":"Xenonkungen","description":"","potentialAction":[{"@type":"SearchAction","target":{"@type":"EntryPoint","urlTemplate":"https:\/\/xenonkungen.com\/?s={search_term_string}"},"query-input":{"@type":"PropertyValueSpecification","valueRequired":true,"valueName":"search_term_string"}}],"inLanguage":"nb-NO"}]}},"taxonomy_info":{"product_brand":[{"value":2893,"label":"Tershine"}],"product_cat":[{"value":2988,"label":"1 | Biltv\u00e4tt"},{"value":2989,"label":"2 | Avfettning"},{"value":2892,"label":"\u00c5terf\u00f6rs\u00e4ljarprodukter"},{"value":378,"label":"Bilv\u00e5rd"}]},"featured_image_src_large":["https:\/\/xenonkungen.com\/wp-content\/uploads\/2026\/03\/ET5La0etrYXoTyF60JtMJbnZ89OrelwEyaKAxab3.webp",1024,1024,false],"author_info":[],"comment_info":0,"_links":{"self":[{"href":"https:\/\/xenonkungen.com\/no\/wp-json\/wp\/v2\/product\/27975","targetHints":{"allow":["GET"]}}],"collection":[{"href":"https:\/\/xenonkungen.com\/no\/wp-json\/wp\/v2\/product"}],"about":[{"href":"https:\/\/xenonkungen.com\/no\/wp-json\/wp\/v2\/types\/product"}],"replies":[{"embeddable":true,"href":"https:\/\/xenonkungen.com\/no\/wp-json\/wp\/v2\/comments?post=27975"}],"wp:featuredmedia":[{"embeddable":true,"href":"https:\/\/xenonkungen.com\/no\/wp-json\/wp\/v2\/media\/27976"}],"wp:attachment":[{"href":"https:\/\/xenonkungen.com\/no\/wp-json\/wp\/v2\/media?parent=27975"}],"wp:term":[{"taxonomy":"anvandningsomrade","embeddable":true,"href":"https:\/\/xenonkungen.com\/no\/wp-json\/wp\/v2\/anvandningsomrade?post=27975"},{"taxonomy":"bilmarken","embeddable":true,"href":"https:\/\/xenonkungen.com\/no\/wp-json\/wp\/v2\/bilmarken?post=27975"},{"taxonomy":"product_brand","embeddable":true,"href":"https:\/\/xenonkungen.com\/no\/wp-json\/wp\/v2\/product_brand?post=27975"},{"taxonomy":"product_cat","embeddable":true,"href":"https:\/\/xenonkungen.com\/no\/wp-json\/wp\/v2\/product_cat?post=27975"},{"taxonomy":"product_tag","embeddable":true,"href":"https:\/\/xenonkungen.com\/no\/wp-json\/wp\/v2\/product_tag?post=27975"}],"curies":[{"name":"wp","href":"https:\/\/api.w.org\/{rel}","templated":true}]}}