{"id":2799,"date":"2025-04-15T08:43:29","date_gmt":"2025-04-15T08:43:29","guid":{"rendered":"https:\/\/xenonkungen.com\/product\/briodlights-nex-led-arbetsljusramp-246-mm\/"},"modified":"2026-04-24T16:48:17","modified_gmt":"2026-04-24T15:48:17","slug":"briodlights-nex-led-arbeidslysbjelke-246-mm","status":"publish","type":"product","link":"https:\/\/xenonkungen.com\/no\/produkt\/briodlights-nex-led-arbeidslysbjelke-246-mm\/","title":{"rendered":"BriodLights NEX LED-arbeidslysrampe 246 mm"},"content":{"rendered":"<h1>BriodLights NEX: Robust LED-arbeidslysramme for et bredt spekter av bruksomr\u00e5der<\/h1>\n<p>BriodLights fortsetter \u00e5 revolusjonere arbeidsbelysningen med NEX LED-lampen. Med sitt robuste, pulverlakkerte aluminiumshus tilbyr denne lysbjelken en holdbar og p\u00e5litelig belysningsl\u00f8sning som er b\u00e5de st\u00f8tsikker og vanntett.<\/p>\n<p>NEX LED-arbeidslysrammen er utformet for \u00e5 h\u00e5ndtere et bredt spekter av bruksomr\u00e5der. Den enkle monteringen, takket v\u00e6re de medf\u00f8lgende justerbare brakettene, gj\u00f8r at den kan installeres p\u00e5 flere forskjellige steder, enten p\u00e5 baksiden eller med sidebraketter.<\/p>\n<p>Alle aspekter ved denne lysrampen er designet med tanke p\u00e5 arbeidsmilj\u00f8et ditt. BriodLights NEX LED-arbeidslysbjelke har 3 \u00e5rs garanti og er en investering i en belysningsl\u00f8sning som vil vare i mange \u00e5r fremover.<\/p>","protected":false},"excerpt":{"rendered":"<p>BriodLights NEX: Robust LED-arbetsljusramp f\u00f6r ett brett anv\u00e4ndningsomr\u00e5de BriodLights forts\u00e4tter att revolutionera arbetsbelysning med sin NEX LED-arbetsljusramp. Med dess robusta, pulverlackerade aluminiumhus, erbjuder denna ljusramp en h\u00e5llbar och p\u00e5litlig belysningsl\u00f6sning som \u00e4r b\u00e5de st\u00f6ts\u00e4ker och vattent\u00e4t. NEX LED-arbetsljusramp \u00e4r designad f\u00f6r att hantera ett brett spektrum av anv\u00e4ndningsomr\u00e5den. Enkelheten i monteringen, tack vare de medf\u00f6ljande [&hellip;]<\/p>","protected":false},"featured_media":2800,"comment_status":"closed","ping_status":"open","template":"","meta":{"_acf_changed":false,"_smort_price_nok":"2051","_smort_price_dkk":"1303","_smort_price_eur":"174.54","_smort_sale_price_nok":"","_smort_sale_price_dkk":"","_smort_sale_price_eur":"","smort_restorder":"","shipmondo_restorder":"","_kad_blocks_custom_css":"","_kad_blocks_head_custom_js":"","_kad_blocks_body_custom_js":"","_kad_blocks_footer_custom_js":"","smort_custom_pricelist_1":"1228.8","smort_custom_pricelist_2":"1075.2","smort_custom_pricelist_3":"1021.44","smort_custom_pricelist_4":"1536","smort_custom_pricelist_5":"1075.2"},"anvandningsomrade":[],"bilmarken":[],"product_brand":[92],"product_cat":[2551,508],"product_tag":[2788],"class_list":{"0":"post-2799","1":"product","2":"type-product","3":"status-publish","4":"has-post-thumbnail","6":"product_brand-briodlights","7":"product_cat-arbetsljusramp-arbetsbelysning","8":"product_cat-arbetsbelysning","9":"product_tag-black-week-exclude","10":"pa_faktisk-effekts-forbrukning-887","11":"pa_fargtemperatur-5000k","12":"pa_fuktskydd-varde-ipxx-ip69k","13":"pa_godkannande-e-godkand-r10","14":"pa_lampsockel-kontakt-dt","15":"pa_ljusbild-flood","16":"pa_storlek-mm-246x47x54","17":"pa_stromforbrukning-143a24v","18":"pa_stromforbrukning-291a12v","19":"pa_volt-v-multivolt-10-12-16-18-24-28-30","21":"first","22":"onbackorder","23":"taxable","24":"shipping-taxable","25":"purchasable","26":"product-type-simple"},"bundled_by":[],"bundle_stock_status":"onbackorder","bundle_stock_quantity":0,"bundle_virtual":false,"bundle_layout":"","bundle_add_to_cart_form_location":"","bundle_editable_in_cart":false,"bundle_sold_individually_context":"","bundle_item_grouping":"","bundle_min_size":"","bundle_max_size":"","bundle_price":[],"bundled_items":[],"bundle_sell_ids":[],"acf":[],"yoast_head":"<!-- This site is optimized with the Yoast SEO plugin v27.0 - https:\/\/yoast.com\/product\/yoast-seo-wordpress\/ -->\n<title>BriodLights NEX LED Arbetsljusramp 246 mm - Xenonkungen<\/title>\n<meta name=\"robots\" content=\"index, follow, max-snippet:-1, max-image-preview:large, max-video-preview:-1\" \/>\n<link rel=\"canonical\" href=\"https:\/\/xenonkungen.com\/no\/produkt\/briodlights-nex-led-arbeidslysbjelke-246-mm\/\" \/>\n<meta property=\"og:locale\" content=\"nb_NO\" \/>\n<meta property=\"og:type\" content=\"article\" \/>\n<meta property=\"og:title\" content=\"BriodLights NEX LED Arbetsljusramp 246 mm - Xenonkungen\" \/>\n<meta property=\"og:description\" content=\"BriodLights NEX: Robust LED-arbetsljusramp f\u00f6r ett brett anv\u00e4ndningsomr\u00e5de BriodLights forts\u00e4tter att revolutionera arbetsbelysning med sin NEX LED-arbetsljusramp. Med dess robusta, pulverlackerade aluminiumhus, erbjuder denna ljusramp en h\u00e5llbar och p\u00e5litlig belysningsl\u00f6sning som \u00e4r b\u00e5de st\u00f6ts\u00e4ker och vattent\u00e4t. NEX LED-arbetsljusramp \u00e4r designad f\u00f6r att hantera ett brett spektrum av anv\u00e4ndningsomr\u00e5den. Enkelheten i monteringen, tack vare de medf\u00f6ljande [&hellip;]\" \/>\n<meta property=\"og:url\" content=\"https:\/\/xenonkungen.com\/no\/produkt\/briodlights-nex-led-arbeidslysbjelke-246-mm\/\" \/>\n<meta property=\"og:site_name\" content=\"Xenonkungen\" \/>\n<meta property=\"article:modified_time\" content=\"2026-04-24T15:48:17+00:00\" \/>\n<meta property=\"og:image\" content=\"https:\/\/xenonkungen.com\/wp-content\/uploads\/2025\/04\/11150_itemimage_mainfront.jpg\" \/>\n\t<meta property=\"og:image:width\" content=\"2048\" \/>\n\t<meta property=\"og:image:height\" content=\"1536\" \/>\n\t<meta property=\"og:image:type\" content=\"image\/jpeg\" \/>\n<meta name=\"twitter:card\" content=\"summary_large_image\" \/>\n<meta name=\"twitter:label1\" content=\"Ansl. lesetid\" \/>\n\t<meta name=\"twitter:data1\" content=\"1 minutt\" \/>\n<script type=\"application\/ld+json\" class=\"yoast-schema-graph\">{\"@context\":\"https:\/\/schema.org\",\"@graph\":[{\"@type\":\"WebPage\",\"@id\":\"https:\/\/xenonkungen.com\/produkt\/briodlights-nex-led-arbetsljusramp-246-mm\/\",\"url\":\"https:\/\/xenonkungen.com\/produkt\/briodlights-nex-led-arbetsljusramp-246-mm\/\",\"name\":\"BriodLights NEX LED Arbetsljusramp 246 mm - Xenonkungen\",\"isPartOf\":{\"@id\":\"https:\/\/xenonkungen.com\/#website\"},\"primaryImageOfPage\":{\"@id\":\"https:\/\/xenonkungen.com\/produkt\/briodlights-nex-led-arbetsljusramp-246-mm\/#primaryimage\"},\"image\":{\"@id\":\"https:\/\/xenonkungen.com\/produkt\/briodlights-nex-led-arbetsljusramp-246-mm\/#primaryimage\"},\"thumbnailUrl\":\"https:\/\/xenonkungen.com\/wp-content\/uploads\/2025\/04\/11150_itemimage_mainfront.jpg\",\"datePublished\":\"2025-04-15T08:43:29+00:00\",\"dateModified\":\"2026-04-24T15:48:17+00:00\",\"breadcrumb\":{\"@id\":\"https:\/\/xenonkungen.com\/produkt\/briodlights-nex-led-arbetsljusramp-246-mm\/#breadcrumb\"},\"inLanguage\":\"nb-NO\",\"potentialAction\":[{\"@type\":\"ReadAction\",\"target\":[\"https:\/\/xenonkungen.com\/produkt\/briodlights-nex-led-arbetsljusramp-246-mm\/\"]}]},{\"@type\":\"ImageObject\",\"inLanguage\":\"nb-NO\",\"@id\":\"https:\/\/xenonkungen.com\/produkt\/briodlights-nex-led-arbetsljusramp-246-mm\/#primaryimage\",\"url\":\"https:\/\/xenonkungen.com\/wp-content\/uploads\/2025\/04\/11150_itemimage_mainfront.jpg\",\"contentUrl\":\"https:\/\/xenonkungen.com\/wp-content\/uploads\/2025\/04\/11150_itemimage_mainfront.jpg\",\"width\":2048,\"height\":1536},{\"@type\":\"BreadcrumbList\",\"@id\":\"https:\/\/xenonkungen.com\/produkt\/briodlights-nex-led-arbetsljusramp-246-mm\/#breadcrumb\",\"itemListElement\":[{\"@type\":\"ListItem\",\"position\":1,\"name\":\"Hem\",\"item\":\"https:\/\/xenonkungen.com\/\"},{\"@type\":\"ListItem\",\"position\":2,\"name\":\"Shop\",\"item\":\"https:\/\/xenonkungen.com\/shop\/\"},{\"@type\":\"ListItem\",\"position\":3,\"name\":\"BriodLights NEX LED Arbetsljusramp 246 mm\"}]},{\"@type\":\"WebSite\",\"@id\":\"https:\/\/xenonkungen.com\/#website\",\"url\":\"https:\/\/xenonkungen.com\/\",\"name\":\"Xenonkungen\",\"description\":\"\",\"potentialAction\":[{\"@type\":\"SearchAction\",\"target\":{\"@type\":\"EntryPoint\",\"urlTemplate\":\"https:\/\/xenonkungen.com\/?s={search_term_string}\"},\"query-input\":{\"@type\":\"PropertyValueSpecification\",\"valueRequired\":true,\"valueName\":\"search_term_string\"}}],\"inLanguage\":\"nb-NO\"}]}<\/script>\n<!-- \/ Yoast SEO plugin. -->","yoast_head_json":{"title":"BriodLights NEX LED arbeidslysbjelke 246 mm - Xenonkungen","robots":{"index":"index","follow":"follow","max-snippet":"max-snippet:-1","max-image-preview":"max-image-preview:large","max-video-preview":"max-video-preview:-1"},"canonical":"https:\/\/xenonkungen.com\/no\/produkt\/briodlights-nex-led-arbeidslysbjelke-246-mm\/","og_locale":"nb_NO","og_type":"article","og_title":"BriodLights NEX LED Arbetsljusramp 246 mm - Xenonkungen","og_description":"BriodLights NEX: Robust LED-arbetsljusramp f\u00f6r ett brett anv\u00e4ndningsomr\u00e5de BriodLights forts\u00e4tter att revolutionera arbetsbelysning med sin NEX LED-arbetsljusramp. Med dess robusta, pulverlackerade aluminiumhus, erbjuder denna ljusramp en h\u00e5llbar och p\u00e5litlig belysningsl\u00f6sning som \u00e4r b\u00e5de st\u00f6ts\u00e4ker och vattent\u00e4t. NEX LED-arbetsljusramp \u00e4r designad f\u00f6r att hantera ett brett spektrum av anv\u00e4ndningsomr\u00e5den. Enkelheten i monteringen, tack vare de medf\u00f6ljande [&hellip;]","og_url":"https:\/\/xenonkungen.com\/no\/produkt\/briodlights-nex-led-arbeidslysbjelke-246-mm\/","og_site_name":"Xenonkungen","article_modified_time":"2026-04-24T15:48:17+00:00","og_image":[{"width":2048,"height":1536,"url":"https:\/\/xenonkungen.com\/wp-content\/uploads\/2025\/04\/11150_itemimage_mainfront.jpg","type":"image\/jpeg"}],"twitter_card":"summary_large_image","twitter_misc":{"Ansl. lesetid":"1 minutt"},"schema":{"@context":"https:\/\/schema.org","@graph":[{"@type":"WebPage","@id":"https:\/\/xenonkungen.com\/produkt\/briodlights-nex-led-arbetsljusramp-246-mm\/","url":"https:\/\/xenonkungen.com\/produkt\/briodlights-nex-led-arbetsljusramp-246-mm\/","name":"BriodLights NEX LED arbeidslysbjelke 246 mm - Xenonkungen","isPartOf":{"@id":"https:\/\/xenonkungen.com\/#website"},"primaryImageOfPage":{"@id":"https:\/\/xenonkungen.com\/produkt\/briodlights-nex-led-arbetsljusramp-246-mm\/#primaryimage"},"image":{"@id":"https:\/\/xenonkungen.com\/produkt\/briodlights-nex-led-arbetsljusramp-246-mm\/#primaryimage"},"thumbnailUrl":"https:\/\/xenonkungen.com\/wp-content\/uploads\/2025\/04\/11150_itemimage_mainfront.jpg","datePublished":"2025-04-15T08:43:29+00:00","dateModified":"2026-04-24T15:48:17+00:00","breadcrumb":{"@id":"https:\/\/xenonkungen.com\/produkt\/briodlights-nex-led-arbetsljusramp-246-mm\/#breadcrumb"},"inLanguage":"nb-NO","potentialAction":[{"@type":"ReadAction","target":["https:\/\/xenonkungen.com\/produkt\/briodlights-nex-led-arbetsljusramp-246-mm\/"]}]},{"@type":"ImageObject","inLanguage":"nb-NO","@id":"https:\/\/xenonkungen.com\/produkt\/briodlights-nex-led-arbetsljusramp-246-mm\/#primaryimage","url":"https:\/\/xenonkungen.com\/wp-content\/uploads\/2025\/04\/11150_itemimage_mainfront.jpg","contentUrl":"https:\/\/xenonkungen.com\/wp-content\/uploads\/2025\/04\/11150_itemimage_mainfront.jpg","width":2048,"height":1536},{"@type":"BreadcrumbList","@id":"https:\/\/xenonkungen.com\/produkt\/briodlights-nex-led-arbetsljusramp-246-mm\/#breadcrumb","itemListElement":[{"@type":"ListItem","position":1,"name":"Hem","item":"https:\/\/xenonkungen.com\/"},{"@type":"ListItem","position":2,"name":"Shop","item":"https:\/\/xenonkungen.com\/shop\/"},{"@type":"ListItem","position":3,"name":"BriodLights NEX LED Arbetsljusramp 246 mm"}]},{"@type":"WebSite","@id":"https:\/\/xenonkungen.com\/#website","url":"https:\/\/xenonkungen.com\/","name":"Xenonkungen","description":"","potentialAction":[{"@type":"SearchAction","target":{"@type":"EntryPoint","urlTemplate":"https:\/\/xenonkungen.com\/?s={search_term_string}"},"query-input":{"@type":"PropertyValueSpecification","valueRequired":true,"valueName":"search_term_string"}}],"inLanguage":"nb-NO"}]}},"taxonomy_info":{"product_brand":[{"value":92,"label":"Briodlights"}],"product_cat":[{"value":2551,"label":"Arbetsljusramp"},{"value":508,"label":"Arbetsbelysning"}],"product_tag":[{"value":2788,"label":"black-week-exclude"}],"pa_faktisk-effekts-forbrukning":[{"value":887,"label":"34,9"}],"pa_fargtemperatur":[{"value":154,"label":"5000K"}],"pa_fuktskydd-varde-ipxx":[{"value":155,"label":"IP69K"}],"pa_godkannande":[{"value":890,"label":"E-Godk\u00e4nd, R10"}],"pa_lampsockel-kontakt":[{"value":329,"label":"DT"}],"pa_ljusbild":[{"value":503,"label":"FLOOD"}],"pa_storlek-mm":[{"value":886,"label":"246x47x54"}],"pa_stromforbrukning":[{"value":889,"label":"1,43A@24V"},{"value":888,"label":"2,91A@12V"}],"pa_volt-v":[{"value":773,"label":"Multivolt, 10, 12, 16, 18, 24, 28, 30"}]},"featured_image_src_large":["https:\/\/xenonkungen.com\/wp-content\/uploads\/2025\/04\/11150_itemimage_mainfront-1024x768.jpg",1024,768,true],"author_info":[],"comment_info":0,"_links":{"self":[{"href":"https:\/\/xenonkungen.com\/no\/wp-json\/wp\/v2\/product\/2799","targetHints":{"allow":["GET"]}}],"collection":[{"href":"https:\/\/xenonkungen.com\/no\/wp-json\/wp\/v2\/product"}],"about":[{"href":"https:\/\/xenonkungen.com\/no\/wp-json\/wp\/v2\/types\/product"}],"replies":[{"embeddable":true,"href":"https:\/\/xenonkungen.com\/no\/wp-json\/wp\/v2\/comments?post=2799"}],"wp:featuredmedia":[{"embeddable":true,"href":"https:\/\/xenonkungen.com\/no\/wp-json\/wp\/v2\/media\/2800"}],"wp:attachment":[{"href":"https:\/\/xenonkungen.com\/no\/wp-json\/wp\/v2\/media?parent=2799"}],"wp:term":[{"taxonomy":"anvandningsomrade","embeddable":true,"href":"https:\/\/xenonkungen.com\/no\/wp-json\/wp\/v2\/anvandningsomrade?post=2799"},{"taxonomy":"bilmarken","embeddable":true,"href":"https:\/\/xenonkungen.com\/no\/wp-json\/wp\/v2\/bilmarken?post=2799"},{"taxonomy":"product_brand","embeddable":true,"href":"https:\/\/xenonkungen.com\/no\/wp-json\/wp\/v2\/product_brand?post=2799"},{"taxonomy":"product_cat","embeddable":true,"href":"https:\/\/xenonkungen.com\/no\/wp-json\/wp\/v2\/product_cat?post=2799"},{"taxonomy":"product_tag","embeddable":true,"href":"https:\/\/xenonkungen.com\/no\/wp-json\/wp\/v2\/product_tag?post=2799"}],"curies":[{"name":"wp","href":"https:\/\/api.w.org\/{rel}","templated":true}]}}