{"id":28085,"date":"2026-03-18T08:47:54","date_gmt":"2026-03-18T07:47:54","guid":{"rendered":"https:\/\/xenonkungen.com\/?post_type=product&#038;p=28085"},"modified":"2026-05-12T14:45:21","modified_gmt":"2026-05-12T13:45:21","slug":"tershine-torkeklut-standard-75x90","status":"publish","type":"product","link":"https:\/\/xenonkungen.com\/no\/produkt\/tershine-torkeklut-standard-75x90\/","title":{"rendered":"Tershine-h\u00e5ndkle \u2013 standard 75\u00d790"},"content":{"rendered":"<p>Fantastisk mikrofiberklut av veldig h\u00f8y kvalitet og med fantastisk absorberingsevne.<\/p>\n<p><strong>Sv\u00e6rt effektivt<br \/>\nSuger opp mye vann<br \/>\nSk\u00e5nsom mot overflaten<br \/>\nKan vaskes om og om igjen<br \/>\nPerfekt for bil, b\u00e5t, campingvogn, campingvogn, lastebil, motorsykkel<br \/>\nFungerer like bra for den v\u00e5te hunden din etter en tur<\/strong><\/p>\n<p>Et must i bilpleiearsenalet ditt! Perfekt allsidig klut for de som kj\u00f8rer en vanlig bil. God absorberingsevne og veldig sk\u00e5nsom mot alle overflater. Fungerer ogs\u00e5 utmerket hjemme og for \u00e5 t\u00f8rke kj\u00e6ledyret ditt etter en v\u00e5t tur.<\/p>\n<p><strong>GSM:<\/strong>\u00a0530<\/p>\n<p><strong>St\u00f8rrelse:<\/strong>\u00a075 x 90 cm<br \/>\n<strong>Materiale:<\/strong>\u00a080% polyester, 20% polyamid<\/p>\n<p>Laget i Korea<\/p>\n<p><strong>Stellinstruksjoner:<\/strong>\u00a0Vask p\u00e5 40 grader uten t\u00f8ymykner. Dropp vanlig vaskemiddel, da det ofte har evnen til \u00e5 \u00ablukke\u00bb fibrene og gj\u00f8re at klutene fungerer d\u00e5rligere. Bruk Refresh - Fiber Wash (mikrofibervaskemiddel), s\u00e5 vil klutene b\u00e5de f\u00f8les bedre og vare lenger.<\/p>","protected":false},"excerpt":{"rendered":"<p>Fantastisk mikrofiberklut av veldig h\u00f8y kvalitet og med fantastisk absorberingsevne.<\/p>","protected":false},"featured_media":28087,"comment_status":"open","ping_status":"closed","template":"","meta":{"_acf_changed":false,"_smort_price_nok":"","_smort_price_dkk":"","_smort_price_eur":"","_smort_sale_price_nok":"","_smort_sale_price_dkk":"","_smort_sale_price_eur":"","smort_restorder":"","shipmondo_restorder":"","_kad_blocks_custom_css":"","_kad_blocks_head_custom_js":"","_kad_blocks_body_custom_js":"","_kad_blocks_footer_custom_js":"","smort_custom_pricelist_1":"127.36","smort_custom_pricelist_2":"127.36","smort_custom_pricelist_3":"127.36","smort_custom_pricelist_4":"159.2","smort_custom_pricelist_5":"127.36"},"anvandningsomrade":[],"bilmarken":[],"product_brand":[2893],"product_cat":[2450,378],"product_tag":[],"class_list":{"0":"post-28085","1":"product","2":"type-product","3":"status-publish","4":"has-post-thumbnail","6":"product_brand-tershine","7":"product_cat-tillbehor-bilvard","8":"product_cat-bilvard","10":"first","11":"onbackorder","12":"taxable","13":"shipping-taxable","14":"purchasable","15":"product-type-simple"},"bundled_by":[],"bundle_stock_status":"onbackorder","bundle_stock_quantity":0,"bundle_virtual":false,"bundle_layout":"","bundle_add_to_cart_form_location":"","bundle_editable_in_cart":false,"bundle_sold_individually_context":"","bundle_item_grouping":"","bundle_min_size":"","bundle_max_size":"","bundle_price":[],"bundled_items":[],"bundle_sell_ids":[],"acf":[],"yoast_head":"<!-- This site is optimized with the Yoast SEO plugin v27.0 - https:\/\/yoast.com\/product\/yoast-seo-wordpress\/ -->\n<title>Tershine Torkduk - Standard 75x90 - Xenonkungen<\/title>\n<meta name=\"robots\" content=\"index, follow, max-snippet:-1, max-image-preview:large, max-video-preview:-1\" \/>\n<link rel=\"canonical\" href=\"https:\/\/xenonkungen.com\/no\/produkt\/tershine-torkeklut-standard-75x90\/\" \/>\n<meta property=\"og:locale\" content=\"nb_NO\" \/>\n<meta property=\"og:type\" content=\"article\" \/>\n<meta property=\"og:title\" content=\"Tershine Torkduk - Standard 75x90 - Xenonkungen\" \/>\n<meta property=\"og:description\" content=\"Grym torkduk i mikrofiber av mycket h\u00f6g kvalitet och med grym uppsugningsf\u00f6rm\u00e5ga.\" \/>\n<meta property=\"og:url\" content=\"https:\/\/xenonkungen.com\/no\/produkt\/tershine-torkeklut-standard-75x90\/\" \/>\n<meta property=\"og:site_name\" content=\"Xenonkungen\" \/>\n<meta property=\"article:modified_time\" content=\"2026-05-12T13:45:21+00:00\" \/>\n<meta property=\"og:image\" content=\"https:\/\/xenonkungen.com\/wp-content\/uploads\/2026\/03\/7FJD9nxvglIRjrZoXBNm6Uy96Led42QHFMNrAJ0G.webp\" \/>\n\t<meta property=\"og:image:width\" content=\"1024\" \/>\n\t<meta property=\"og:image:height\" content=\"1024\" \/>\n\t<meta property=\"og:image:type\" content=\"image\/webp\" \/>\n<meta name=\"twitter:card\" content=\"summary_large_image\" \/>\n<meta name=\"twitter:label1\" content=\"Ansl. lesetid\" \/>\n\t<meta name=\"twitter:data1\" content=\"1 minutt\" \/>\n<script type=\"application\/ld+json\" class=\"yoast-schema-graph\">{\"@context\":\"https:\/\/schema.org\",\"@graph\":[{\"@type\":\"WebPage\",\"@id\":\"https:\/\/xenonkungen.com\/produkt\/tershine-torkduk-standard-75x90\/\",\"url\":\"https:\/\/xenonkungen.com\/produkt\/tershine-torkduk-standard-75x90\/\",\"name\":\"Tershine Torkduk - Standard 75x90 - Xenonkungen\",\"isPartOf\":{\"@id\":\"https:\/\/xenonkungen.com\/#website\"},\"primaryImageOfPage\":{\"@id\":\"https:\/\/xenonkungen.com\/produkt\/tershine-torkduk-standard-75x90\/#primaryimage\"},\"image\":{\"@id\":\"https:\/\/xenonkungen.com\/produkt\/tershine-torkduk-standard-75x90\/#primaryimage\"},\"thumbnailUrl\":\"https:\/\/xenonkungen.com\/wp-content\/uploads\/2026\/03\/7FJD9nxvglIRjrZoXBNm6Uy96Led42QHFMNrAJ0G.webp\",\"datePublished\":\"2026-03-18T07:47:54+00:00\",\"dateModified\":\"2026-05-12T13:45:21+00:00\",\"breadcrumb\":{\"@id\":\"https:\/\/xenonkungen.com\/produkt\/tershine-torkduk-standard-75x90\/#breadcrumb\"},\"inLanguage\":\"nb-NO\",\"potentialAction\":[{\"@type\":\"ReadAction\",\"target\":[\"https:\/\/xenonkungen.com\/produkt\/tershine-torkduk-standard-75x90\/\"]}]},{\"@type\":\"ImageObject\",\"inLanguage\":\"nb-NO\",\"@id\":\"https:\/\/xenonkungen.com\/produkt\/tershine-torkduk-standard-75x90\/#primaryimage\",\"url\":\"https:\/\/xenonkungen.com\/wp-content\/uploads\/2026\/03\/7FJD9nxvglIRjrZoXBNm6Uy96Led42QHFMNrAJ0G.webp\",\"contentUrl\":\"https:\/\/xenonkungen.com\/wp-content\/uploads\/2026\/03\/7FJD9nxvglIRjrZoXBNm6Uy96Led42QHFMNrAJ0G.webp\",\"width\":1024,\"height\":1024},{\"@type\":\"BreadcrumbList\",\"@id\":\"https:\/\/xenonkungen.com\/produkt\/tershine-torkduk-standard-75x90\/#breadcrumb\",\"itemListElement\":[{\"@type\":\"ListItem\",\"position\":1,\"name\":\"Hem\",\"item\":\"https:\/\/xenonkungen.com\/\"},{\"@type\":\"ListItem\",\"position\":2,\"name\":\"Shop\",\"item\":\"https:\/\/xenonkungen.com\/shop\/\"},{\"@type\":\"ListItem\",\"position\":3,\"name\":\"Tershine Torkduk &#8211; Standard 75&#215;90\"}]},{\"@type\":\"WebSite\",\"@id\":\"https:\/\/xenonkungen.com\/#website\",\"url\":\"https:\/\/xenonkungen.com\/\",\"name\":\"Xenonkungen\",\"description\":\"\",\"potentialAction\":[{\"@type\":\"SearchAction\",\"target\":{\"@type\":\"EntryPoint\",\"urlTemplate\":\"https:\/\/xenonkungen.com\/?s={search_term_string}\"},\"query-input\":{\"@type\":\"PropertyValueSpecification\",\"valueRequired\":true,\"valueName\":\"search_term_string\"}}],\"inLanguage\":\"nb-NO\"}]}<\/script>\n<!-- \/ Yoast SEO plugin. -->","yoast_head_json":{"title":"Tershine H\u00e5ndkle - Standard 75x90 - Xenon Kongen","robots":{"index":"index","follow":"follow","max-snippet":"max-snippet:-1","max-image-preview":"max-image-preview:large","max-video-preview":"max-video-preview:-1"},"canonical":"https:\/\/xenonkungen.com\/no\/produkt\/tershine-torkeklut-standard-75x90\/","og_locale":"nb_NO","og_type":"article","og_title":"Tershine Torkduk - Standard 75x90 - Xenonkungen","og_description":"Grym torkduk i mikrofiber av mycket h\u00f6g kvalitet och med grym uppsugningsf\u00f6rm\u00e5ga.","og_url":"https:\/\/xenonkungen.com\/no\/produkt\/tershine-torkeklut-standard-75x90\/","og_site_name":"Xenonkungen","article_modified_time":"2026-05-12T13:45:21+00:00","og_image":[{"width":1024,"height":1024,"url":"https:\/\/xenonkungen.com\/wp-content\/uploads\/2026\/03\/7FJD9nxvglIRjrZoXBNm6Uy96Led42QHFMNrAJ0G.webp","type":"image\/webp"}],"twitter_card":"summary_large_image","twitter_misc":{"Ansl. lesetid":"1 minutt"},"schema":{"@context":"https:\/\/schema.org","@graph":[{"@type":"WebPage","@id":"https:\/\/xenonkungen.com\/produkt\/tershine-torkduk-standard-75x90\/","url":"https:\/\/xenonkungen.com\/produkt\/tershine-torkduk-standard-75x90\/","name":"Tershine H\u00e5ndkle - Standard 75x90 - Xenon Kongen","isPartOf":{"@id":"https:\/\/xenonkungen.com\/#website"},"primaryImageOfPage":{"@id":"https:\/\/xenonkungen.com\/produkt\/tershine-torkduk-standard-75x90\/#primaryimage"},"image":{"@id":"https:\/\/xenonkungen.com\/produkt\/tershine-torkduk-standard-75x90\/#primaryimage"},"thumbnailUrl":"https:\/\/xenonkungen.com\/wp-content\/uploads\/2026\/03\/7FJD9nxvglIRjrZoXBNm6Uy96Led42QHFMNrAJ0G.webp","datePublished":"2026-03-18T07:47:54+00:00","dateModified":"2026-05-12T13:45:21+00:00","breadcrumb":{"@id":"https:\/\/xenonkungen.com\/produkt\/tershine-torkduk-standard-75x90\/#breadcrumb"},"inLanguage":"nb-NO","potentialAction":[{"@type":"ReadAction","target":["https:\/\/xenonkungen.com\/produkt\/tershine-torkduk-standard-75x90\/"]}]},{"@type":"ImageObject","inLanguage":"nb-NO","@id":"https:\/\/xenonkungen.com\/produkt\/tershine-torkduk-standard-75x90\/#primaryimage","url":"https:\/\/xenonkungen.com\/wp-content\/uploads\/2026\/03\/7FJD9nxvglIRjrZoXBNm6Uy96Led42QHFMNrAJ0G.webp","contentUrl":"https:\/\/xenonkungen.com\/wp-content\/uploads\/2026\/03\/7FJD9nxvglIRjrZoXBNm6Uy96Led42QHFMNrAJ0G.webp","width":1024,"height":1024},{"@type":"BreadcrumbList","@id":"https:\/\/xenonkungen.com\/produkt\/tershine-torkduk-standard-75x90\/#breadcrumb","itemListElement":[{"@type":"ListItem","position":1,"name":"Hem","item":"https:\/\/xenonkungen.com\/"},{"@type":"ListItem","position":2,"name":"Shop","item":"https:\/\/xenonkungen.com\/shop\/"},{"@type":"ListItem","position":3,"name":"Tershine Torkduk &#8211; Standard 75&#215;90"}]},{"@type":"WebSite","@id":"https:\/\/xenonkungen.com\/#website","url":"https:\/\/xenonkungen.com\/","name":"Xenonkungen","description":"","potentialAction":[{"@type":"SearchAction","target":{"@type":"EntryPoint","urlTemplate":"https:\/\/xenonkungen.com\/?s={search_term_string}"},"query-input":{"@type":"PropertyValueSpecification","valueRequired":true,"valueName":"search_term_string"}}],"inLanguage":"nb-NO"}]}},"taxonomy_info":{"product_brand":[{"value":2893,"label":"Tershine"}],"product_cat":[{"value":2450,"label":"6 | Tillbeh\u00f6r"},{"value":378,"label":"Bilv\u00e5rd"}]},"featured_image_src_large":["https:\/\/xenonkungen.com\/wp-content\/uploads\/2026\/03\/7FJD9nxvglIRjrZoXBNm6Uy96Led42QHFMNrAJ0G.webp",1024,1024,false],"author_info":[],"comment_info":0,"_links":{"self":[{"href":"https:\/\/xenonkungen.com\/no\/wp-json\/wp\/v2\/product\/28085","targetHints":{"allow":["GET"]}}],"collection":[{"href":"https:\/\/xenonkungen.com\/no\/wp-json\/wp\/v2\/product"}],"about":[{"href":"https:\/\/xenonkungen.com\/no\/wp-json\/wp\/v2\/types\/product"}],"replies":[{"embeddable":true,"href":"https:\/\/xenonkungen.com\/no\/wp-json\/wp\/v2\/comments?post=28085"}],"wp:featuredmedia":[{"embeddable":true,"href":"https:\/\/xenonkungen.com\/no\/wp-json\/wp\/v2\/media\/28087"}],"wp:attachment":[{"href":"https:\/\/xenonkungen.com\/no\/wp-json\/wp\/v2\/media?parent=28085"}],"wp:term":[{"taxonomy":"anvandningsomrade","embeddable":true,"href":"https:\/\/xenonkungen.com\/no\/wp-json\/wp\/v2\/anvandningsomrade?post=28085"},{"taxonomy":"bilmarken","embeddable":true,"href":"https:\/\/xenonkungen.com\/no\/wp-json\/wp\/v2\/bilmarken?post=28085"},{"taxonomy":"product_brand","embeddable":true,"href":"https:\/\/xenonkungen.com\/no\/wp-json\/wp\/v2\/product_brand?post=28085"},{"taxonomy":"product_cat","embeddable":true,"href":"https:\/\/xenonkungen.com\/no\/wp-json\/wp\/v2\/product_cat?post=28085"},{"taxonomy":"product_tag","embeddable":true,"href":"https:\/\/xenonkungen.com\/no\/wp-json\/wp\/v2\/product_tag?post=28085"}],"curies":[{"name":"wp","href":"https:\/\/api.w.org\/{rel}","templated":true}]}}