{"id":28088,"date":"2026-03-18T08:53:17","date_gmt":"2026-03-18T07:53:17","guid":{"rendered":"https:\/\/xenonkungen.com\/?post_type=product&#038;p=28088"},"modified":"2026-04-24T17:49:13","modified_gmt":"2026-04-24T16:49:13","slug":"tershine-tvatthandske-one-size","status":"publish","type":"product","link":"https:\/\/xenonkungen.com\/no\/produkt\/tershine-tvatthandske-one-size\/","title":{"rendered":"Tershine vaskehanske (\u00e9n st\u00f8rrelse)"},"content":{"rendered":"<p>Vaskevott for sk\u00e5nsom sjamponering av kj\u00f8ret\u00f8yet ditt.<\/p>\n<p><strong>Holder store mengder vann<br \/>\nSk\u00e5nsom mot overflaten<br \/>\nH\u00f8y kvalitet<br \/>\nKan vaskes om og om igjen<\/strong><\/p>\n<p>Vaskehanske av absolutt h\u00f8yeste kvalitet! Minimerer risikoen for riper og absorberer mye sjampo og vann for raskere vask. N\u00e5r den er skitten, vaskes den bare p\u00e5 40 grader med Refresh. Et must i enhver glanselskers vaskearsenal.<\/p>\n<p><strong>Stellinstruksjoner:<\/strong>\u00a0Vask p\u00e5 40 grader uten t\u00f8ymykner. Dropp vanlig vaskemiddel, da det vanligvis har evnen til \u00e5 \u00ablukke\u00bb fibrene og gj\u00f8r at kl\u00e6rne fungerer d\u00e5rligere. Bruk Refresh - Fiber Wash mikrofibervaskemiddel eller APC\/Alkaline (litt kork i maskinen), og det fungerer vanligvis fint.<\/p>","protected":false},"excerpt":{"rendered":"<p>Vaskevott for sk\u00e5nsom sjamponering av kj\u00f8ret\u00f8yet ditt.<\/p>","protected":false},"featured_media":28089,"comment_status":"open","ping_status":"closed","template":"","meta":{"_acf_changed":false,"_smort_price_nok":"","_smort_price_dkk":"","_smort_price_eur":"","_smort_sale_price_nok":"","_smort_sale_price_dkk":"","_smort_sale_price_eur":"","smort_restorder":"","shipmondo_restorder":"","_kad_blocks_custom_css":"","_kad_blocks_head_custom_js":"","_kad_blocks_body_custom_js":"","_kad_blocks_footer_custom_js":"","smort_custom_pricelist_1":"95.36","smort_custom_pricelist_2":"95.36","smort_custom_pricelist_3":"95.36","smort_custom_pricelist_4":"119.2","smort_custom_pricelist_5":"95.36"},"anvandningsomrade":[],"bilmarken":[],"product_brand":[2893],"product_cat":[2988,2450,378],"product_tag":[],"class_list":{"0":"post-28088","1":"product","2":"type-product","3":"status-publish","4":"has-post-thumbnail","6":"product_brand-tershine","7":"product_cat-biltvatt","8":"product_cat-tillbehor-bilvard","9":"product_cat-bilvard","11":"first","12":"instock","13":"taxable","14":"shipping-taxable","15":"purchasable","16":"product-type-simple"},"bundled_by":[],"bundle_stock_status":"instock","bundle_stock_quantity":4,"bundle_virtual":false,"bundle_layout":"","bundle_add_to_cart_form_location":"","bundle_editable_in_cart":false,"bundle_sold_individually_context":"","bundle_item_grouping":"","bundle_min_size":"","bundle_max_size":"","bundle_price":[],"bundled_items":[],"bundle_sell_ids":[],"acf":[],"yoast_head":"<!-- This site is optimized with the Yoast SEO plugin v27.0 - https:\/\/yoast.com\/product\/yoast-seo-wordpress\/ -->\n<title>Tershine Tv\u00e4tthandske (One Size) - Xenonkungen<\/title>\n<meta name=\"robots\" content=\"index, follow, max-snippet:-1, max-image-preview:large, max-video-preview:-1\" \/>\n<link rel=\"canonical\" href=\"https:\/\/xenonkungen.com\/no\/produkt\/tershine-tvatthandske-one-size\/\" \/>\n<meta property=\"og:locale\" content=\"nb_NO\" \/>\n<meta property=\"og:type\" content=\"article\" \/>\n<meta property=\"og:title\" content=\"Tershine Tv\u00e4tthandske (One Size) - Xenonkungen\" \/>\n<meta property=\"og:description\" content=\"Tv\u00e4tthandske f\u00f6r en skonsam schamponering av ditt fordon.\" \/>\n<meta property=\"og:url\" content=\"https:\/\/xenonkungen.com\/no\/produkt\/tershine-tvatthandske-one-size\/\" \/>\n<meta property=\"og:site_name\" content=\"Xenonkungen\" \/>\n<meta property=\"article:modified_time\" content=\"2026-04-24T16:49:13+00:00\" \/>\n<meta property=\"og:image\" content=\"https:\/\/xenonkungen.com\/wp-content\/uploads\/2026\/03\/ZkxrjJaSes1zyLOwMR5JOnjY2gvRO3mcU9qaaL8i.webp\" \/>\n\t<meta property=\"og:image:width\" content=\"1024\" \/>\n\t<meta property=\"og:image:height\" content=\"1024\" \/>\n\t<meta property=\"og:image:type\" content=\"image\/webp\" \/>\n<meta name=\"twitter:card\" content=\"summary_large_image\" \/>\n<meta name=\"twitter:label1\" content=\"Ansl. lesetid\" \/>\n\t<meta name=\"twitter:data1\" content=\"1 minutt\" \/>\n<script type=\"application\/ld+json\" class=\"yoast-schema-graph\">{\"@context\":\"https:\/\/schema.org\",\"@graph\":[{\"@type\":\"WebPage\",\"@id\":\"https:\/\/xenonkungen.com\/produkt\/tershine-tvatthandske-one-size\/\",\"url\":\"https:\/\/xenonkungen.com\/produkt\/tershine-tvatthandske-one-size\/\",\"name\":\"Tershine Tv\u00e4tthandske (One Size) - Xenonkungen\",\"isPartOf\":{\"@id\":\"https:\/\/xenonkungen.com\/#website\"},\"primaryImageOfPage\":{\"@id\":\"https:\/\/xenonkungen.com\/produkt\/tershine-tvatthandske-one-size\/#primaryimage\"},\"image\":{\"@id\":\"https:\/\/xenonkungen.com\/produkt\/tershine-tvatthandske-one-size\/#primaryimage\"},\"thumbnailUrl\":\"https:\/\/xenonkungen.com\/wp-content\/uploads\/2026\/03\/ZkxrjJaSes1zyLOwMR5JOnjY2gvRO3mcU9qaaL8i.webp\",\"datePublished\":\"2026-03-18T07:53:17+00:00\",\"dateModified\":\"2026-04-24T16:49:13+00:00\",\"breadcrumb\":{\"@id\":\"https:\/\/xenonkungen.com\/produkt\/tershine-tvatthandske-one-size\/#breadcrumb\"},\"inLanguage\":\"nb-NO\",\"potentialAction\":[{\"@type\":\"ReadAction\",\"target\":[\"https:\/\/xenonkungen.com\/produkt\/tershine-tvatthandske-one-size\/\"]}]},{\"@type\":\"ImageObject\",\"inLanguage\":\"nb-NO\",\"@id\":\"https:\/\/xenonkungen.com\/produkt\/tershine-tvatthandske-one-size\/#primaryimage\",\"url\":\"https:\/\/xenonkungen.com\/wp-content\/uploads\/2026\/03\/ZkxrjJaSes1zyLOwMR5JOnjY2gvRO3mcU9qaaL8i.webp\",\"contentUrl\":\"https:\/\/xenonkungen.com\/wp-content\/uploads\/2026\/03\/ZkxrjJaSes1zyLOwMR5JOnjY2gvRO3mcU9qaaL8i.webp\",\"width\":1024,\"height\":1024},{\"@type\":\"BreadcrumbList\",\"@id\":\"https:\/\/xenonkungen.com\/produkt\/tershine-tvatthandske-one-size\/#breadcrumb\",\"itemListElement\":[{\"@type\":\"ListItem\",\"position\":1,\"name\":\"Hem\",\"item\":\"https:\/\/xenonkungen.com\/\"},{\"@type\":\"ListItem\",\"position\":2,\"name\":\"Shop\",\"item\":\"https:\/\/xenonkungen.com\/shop\/\"},{\"@type\":\"ListItem\",\"position\":3,\"name\":\"Tershine Tv\u00e4tthandske (One Size)\"}]},{\"@type\":\"WebSite\",\"@id\":\"https:\/\/xenonkungen.com\/#website\",\"url\":\"https:\/\/xenonkungen.com\/\",\"name\":\"Xenonkungen\",\"description\":\"\",\"potentialAction\":[{\"@type\":\"SearchAction\",\"target\":{\"@type\":\"EntryPoint\",\"urlTemplate\":\"https:\/\/xenonkungen.com\/?s={search_term_string}\"},\"query-input\":{\"@type\":\"PropertyValueSpecification\",\"valueRequired\":true,\"valueName\":\"search_term_string\"}}],\"inLanguage\":\"nb-NO\"}]}<\/script>\n<!-- \/ Yoast SEO plugin. -->","yoast_head_json":{"title":"Tershine Tv\u00e4tthandske (One Size) - Xenonkungen","robots":{"index":"index","follow":"follow","max-snippet":"max-snippet:-1","max-image-preview":"max-image-preview:large","max-video-preview":"max-video-preview:-1"},"canonical":"https:\/\/xenonkungen.com\/no\/produkt\/tershine-tvatthandske-one-size\/","og_locale":"nb_NO","og_type":"article","og_title":"Tershine Tv\u00e4tthandske (One Size) - Xenonkungen","og_description":"Tv\u00e4tthandske f\u00f6r en skonsam schamponering av ditt fordon.","og_url":"https:\/\/xenonkungen.com\/no\/produkt\/tershine-tvatthandske-one-size\/","og_site_name":"Xenonkungen","article_modified_time":"2026-04-24T16:49:13+00:00","og_image":[{"width":1024,"height":1024,"url":"https:\/\/xenonkungen.com\/wp-content\/uploads\/2026\/03\/ZkxrjJaSes1zyLOwMR5JOnjY2gvRO3mcU9qaaL8i.webp","type":"image\/webp"}],"twitter_card":"summary_large_image","twitter_misc":{"Ansl. lesetid":"1 minutt"},"schema":{"@context":"https:\/\/schema.org","@graph":[{"@type":"WebPage","@id":"https:\/\/xenonkungen.com\/produkt\/tershine-tvatthandske-one-size\/","url":"https:\/\/xenonkungen.com\/produkt\/tershine-tvatthandske-one-size\/","name":"Tershine Tv\u00e4tthandske (One Size) - Xenonkungen","isPartOf":{"@id":"https:\/\/xenonkungen.com\/#website"},"primaryImageOfPage":{"@id":"https:\/\/xenonkungen.com\/produkt\/tershine-tvatthandske-one-size\/#primaryimage"},"image":{"@id":"https:\/\/xenonkungen.com\/produkt\/tershine-tvatthandske-one-size\/#primaryimage"},"thumbnailUrl":"https:\/\/xenonkungen.com\/wp-content\/uploads\/2026\/03\/ZkxrjJaSes1zyLOwMR5JOnjY2gvRO3mcU9qaaL8i.webp","datePublished":"2026-03-18T07:53:17+00:00","dateModified":"2026-04-24T16:49:13+00:00","breadcrumb":{"@id":"https:\/\/xenonkungen.com\/produkt\/tershine-tvatthandske-one-size\/#breadcrumb"},"inLanguage":"nb-NO","potentialAction":[{"@type":"ReadAction","target":["https:\/\/xenonkungen.com\/produkt\/tershine-tvatthandske-one-size\/"]}]},{"@type":"ImageObject","inLanguage":"nb-NO","@id":"https:\/\/xenonkungen.com\/produkt\/tershine-tvatthandske-one-size\/#primaryimage","url":"https:\/\/xenonkungen.com\/wp-content\/uploads\/2026\/03\/ZkxrjJaSes1zyLOwMR5JOnjY2gvRO3mcU9qaaL8i.webp","contentUrl":"https:\/\/xenonkungen.com\/wp-content\/uploads\/2026\/03\/ZkxrjJaSes1zyLOwMR5JOnjY2gvRO3mcU9qaaL8i.webp","width":1024,"height":1024},{"@type":"BreadcrumbList","@id":"https:\/\/xenonkungen.com\/produkt\/tershine-tvatthandske-one-size\/#breadcrumb","itemListElement":[{"@type":"ListItem","position":1,"name":"Hem","item":"https:\/\/xenonkungen.com\/"},{"@type":"ListItem","position":2,"name":"Shop","item":"https:\/\/xenonkungen.com\/shop\/"},{"@type":"ListItem","position":3,"name":"Tershine Tv\u00e4tthandske (One Size)"}]},{"@type":"WebSite","@id":"https:\/\/xenonkungen.com\/#website","url":"https:\/\/xenonkungen.com\/","name":"Xenonkungen","description":"","potentialAction":[{"@type":"SearchAction","target":{"@type":"EntryPoint","urlTemplate":"https:\/\/xenonkungen.com\/?s={search_term_string}"},"query-input":{"@type":"PropertyValueSpecification","valueRequired":true,"valueName":"search_term_string"}}],"inLanguage":"nb-NO"}]}},"taxonomy_info":{"product_brand":[{"value":2893,"label":"Tershine"}],"product_cat":[{"value":2988,"label":"1 | Biltv\u00e4tt"},{"value":2450,"label":"6 | Tillbeh\u00f6r"},{"value":378,"label":"Bilv\u00e5rd"}]},"featured_image_src_large":["https:\/\/xenonkungen.com\/wp-content\/uploads\/2026\/03\/ZkxrjJaSes1zyLOwMR5JOnjY2gvRO3mcU9qaaL8i.webp",1024,1024,false],"author_info":[],"comment_info":0,"_links":{"self":[{"href":"https:\/\/xenonkungen.com\/no\/wp-json\/wp\/v2\/product\/28088","targetHints":{"allow":["GET"]}}],"collection":[{"href":"https:\/\/xenonkungen.com\/no\/wp-json\/wp\/v2\/product"}],"about":[{"href":"https:\/\/xenonkungen.com\/no\/wp-json\/wp\/v2\/types\/product"}],"replies":[{"embeddable":true,"href":"https:\/\/xenonkungen.com\/no\/wp-json\/wp\/v2\/comments?post=28088"}],"wp:featuredmedia":[{"embeddable":true,"href":"https:\/\/xenonkungen.com\/no\/wp-json\/wp\/v2\/media\/28089"}],"wp:attachment":[{"href":"https:\/\/xenonkungen.com\/no\/wp-json\/wp\/v2\/media?parent=28088"}],"wp:term":[{"taxonomy":"anvandningsomrade","embeddable":true,"href":"https:\/\/xenonkungen.com\/no\/wp-json\/wp\/v2\/anvandningsomrade?post=28088"},{"taxonomy":"bilmarken","embeddable":true,"href":"https:\/\/xenonkungen.com\/no\/wp-json\/wp\/v2\/bilmarken?post=28088"},{"taxonomy":"product_brand","embeddable":true,"href":"https:\/\/xenonkungen.com\/no\/wp-json\/wp\/v2\/product_brand?post=28088"},{"taxonomy":"product_cat","embeddable":true,"href":"https:\/\/xenonkungen.com\/no\/wp-json\/wp\/v2\/product_cat?post=28088"},{"taxonomy":"product_tag","embeddable":true,"href":"https:\/\/xenonkungen.com\/no\/wp-json\/wp\/v2\/product_tag?post=28088"}],"curies":[{"name":"wp","href":"https:\/\/api.w.org\/{rel}","templated":true}]}}