{"id":28103,"date":"2026-03-18T09:23:06","date_gmt":"2026-03-18T08:23:06","guid":{"rendered":"https:\/\/xenonkungen.com\/?post_type=product&#038;p=28103"},"modified":"2026-05-08T22:01:59","modified_gmt":"2026-05-08T21:01:59","slug":"tershine-vision-glassrens-avlop-500-ml","status":"publish","type":"product","link":"https:\/\/xenonkungen.com\/no\/produkt\/tershine-vision-glassrens-avlop-500-ml\/","title":{"rendered":"Tershine Vision+ \u2013 Glassrens avl\u00f8p 500 ml"},"content":{"rendered":"<p>Glassrens som etterlater en vannavvisende hinne som gj\u00f8r at vannet bare renner av vinduet. Fungerer like bra p\u00e5 bil, b\u00e5t eller dusjvegg. Ogs\u00e5 flott p\u00e5 plastvinduer.<\/p>\n<p><strong>Superenkel \u00e5 bruke<br \/>\nRengj\u00f8r og beskytter i \u00e9n omgang<br \/>\nKrystallklare vinduer<br \/>\nSv\u00e6rt vannavvisende for bedre synlighet<br \/>\nNydelig duft av skogsb\u00e6r<br \/>\nProduktet er ikke klassifisert som merkepliktig i henhold til CLP-forordning (EF) 1272\/2008.<\/strong><\/p>\n<p><strong>Slik bruker du Vision+ \u2013 Rengj\u00f8ringsavl\u00f8p for glass<\/p>\n<p>1.\u00a0<\/strong>Dusj i glasskluten eller direkte p\u00e5 overflaten<strong><br \/>\n2.\u00a0<\/strong>T\u00f8rk av og snu kluten og t\u00f8rk rent!<strong><br \/>\n3.\u00a0<\/strong>Nyt glansen og avrenningen<\/p>\n<p>Vision+ er et glassrensemiddel med en herlig duft av ville b\u00e6r og frukt. Brukes p\u00e5 alle glassoverflater, etterlater en flekkfri og skinnende overflate med en vannavvisende film. Kan brukes b\u00e5de innend\u00f8rs og utend\u00f8rs og er sv\u00e6rt godt egnet for hjemmet (dusjvegger, speil, vinduer osv.).<\/p>\n<p>Vision+ etterlater en effektiv avrenning p\u00e5 vinduet som bidrar til \u00e5 holde dem rene lenger, sparer vindusviskere og forbedrer sikten.<\/p>\n<p>Superenkel \u00e5 bruke, bare dusj kluten, p\u00e5f\u00f8r og t\u00f8rk av. S\u00f8rg for \u00e5 snu kluten og polere overflaten (for \u00e5 t\u00f8rke grundig ren). Siden Vision+ etterlater et belegg, kan det i noen situasjoner v\u00e6re enklere \u00e5 ha en ren klut for h\u00e5nden \u00e5 t\u00f8rke av med. Siden det virkelig er superdyrt, er mottoet her mindre er mer!<\/p>\n<p>Vennligst kj\u00f8p for meg\u00a0<em><a href=\"https:\/\/tershine.com\/sv\/collections\/microfiber\/products\/glasduk\">glassduk<\/a><\/em>\u00a0eller\u00a0<em><a href=\"https:\/\/tershine.com\/sv\/collections\/microfiber\/products\/microfiber-cloth-allround\">allsidig klut<\/a><\/em>\u00a0noe som utgj\u00f8r en enorm forskjell i hvor enkelt det er \u00e5 rengj\u00f8re glass rent og fint! Husk at doble kluter er \u00e5 foretrekke, uavhengig av hvilket produkt du bruker.<\/p>\n<p>&nbsp;<\/p>\n<p>Vi anbefaler alltid \u00e5 riste produktet f\u00f8r bruk.<\/p>\n<p><strong>Lukt:<\/strong>\u00a0Ville b\u00e6r<\/p>\n<p><em>Oppbevares frostfritt.<\/em><\/p>","protected":false},"excerpt":{"rendered":"<p>Glassrengj\u00f8ring med avrenning, som b\u00e5de rengj\u00f8r og etterlater en flekkfri og vannavvisende overflate.<\/p>","protected":false},"featured_media":28104,"comment_status":"open","ping_status":"closed","template":"","meta":{"_acf_changed":false,"_smort_price_nok":"","_smort_price_dkk":"","_smort_price_eur":"","_smort_sale_price_nok":"","_smort_sale_price_dkk":"","_smort_sale_price_eur":"","smort_restorder":"","shipmondo_restorder":"","_kad_blocks_custom_css":"","_kad_blocks_head_custom_js":"","_kad_blocks_body_custom_js":"","_kad_blocks_footer_custom_js":"","smort_custom_pricelist_1":"114.56","smort_custom_pricelist_2":"114.56","smort_custom_pricelist_3":"114.56","smort_custom_pricelist_4":"143.2","smort_custom_pricelist_5":"114.56"},"anvandningsomrade":[],"bilmarken":[],"product_brand":[2893],"product_cat":[2988,2989,2614,378],"product_tag":[],"class_list":{"0":"post-28103","1":"product","2":"type-product","3":"status-publish","4":"has-post-thumbnail","6":"product_brand-tershine","7":"product_cat-biltvatt","8":"product_cat-avfettning","9":"product_cat-lackskydd","10":"product_cat-bilvard","12":"first","13":"onbackorder","14":"taxable","15":"shipping-taxable","16":"purchasable","17":"product-type-simple"},"bundled_by":[],"bundle_stock_status":"onbackorder","bundle_stock_quantity":0,"bundle_virtual":false,"bundle_layout":"","bundle_add_to_cart_form_location":"","bundle_editable_in_cart":false,"bundle_sold_individually_context":"","bundle_item_grouping":"","bundle_min_size":"","bundle_max_size":"","bundle_price":[],"bundled_items":[],"bundle_sell_ids":[],"acf":[],"yoast_head":"<!-- This site is optimized with the Yoast SEO plugin v27.0 - https:\/\/yoast.com\/product\/yoast-seo-wordpress\/ -->\n<title>Tershine Vision+ - Glasreng\u00f6ring avrinning 500 ml - Xenonkungen<\/title>\n<meta name=\"robots\" content=\"index, follow, max-snippet:-1, max-image-preview:large, max-video-preview:-1\" \/>\n<link rel=\"canonical\" href=\"https:\/\/xenonkungen.com\/no\/produkt\/tershine-vision-glassrens-avlop-500-ml\/\" \/>\n<meta property=\"og:locale\" content=\"nb_NO\" \/>\n<meta property=\"og:type\" content=\"article\" \/>\n<meta property=\"og:title\" content=\"Tershine Vision+ - Glasreng\u00f6ring avrinning 500 ml - Xenonkungen\" \/>\n<meta property=\"og:description\" content=\"Glasreng\u00f6ring med avrinning, som b\u00e5de reng\u00f6r och efterl\u00e4mnar en kladdfri och vattenavvisande yta.\" \/>\n<meta property=\"og:url\" content=\"https:\/\/xenonkungen.com\/no\/produkt\/tershine-vision-glassrens-avlop-500-ml\/\" \/>\n<meta property=\"og:site_name\" content=\"Xenonkungen\" \/>\n<meta property=\"article:modified_time\" content=\"2026-05-08T21:01:59+00:00\" \/>\n<meta property=\"og:image\" content=\"https:\/\/xenonkungen.com\/wp-content\/uploads\/2026\/03\/l2V4KiPvsuws1dazHCtWsZrDh58v0R6QivP52aKt.webp\" \/>\n\t<meta property=\"og:image:width\" content=\"1024\" \/>\n\t<meta property=\"og:image:height\" content=\"1024\" \/>\n\t<meta property=\"og:image:type\" content=\"image\/webp\" \/>\n<meta name=\"twitter:card\" content=\"summary_large_image\" \/>\n<meta name=\"twitter:label1\" content=\"Ansl. lesetid\" \/>\n\t<meta name=\"twitter:data1\" content=\"2 minutter\" \/>\n<script type=\"application\/ld+json\" class=\"yoast-schema-graph\">{\"@context\":\"https:\/\/schema.org\",\"@graph\":[{\"@type\":\"WebPage\",\"@id\":\"https:\/\/xenonkungen.com\/produkt\/tershine-vision-glasrengoring-avrinning-500-ml\/\",\"url\":\"https:\/\/xenonkungen.com\/produkt\/tershine-vision-glasrengoring-avrinning-500-ml\/\",\"name\":\"Tershine Vision+ - Glasreng\u00f6ring avrinning 500 ml - Xenonkungen\",\"isPartOf\":{\"@id\":\"https:\/\/xenonkungen.com\/#website\"},\"primaryImageOfPage\":{\"@id\":\"https:\/\/xenonkungen.com\/produkt\/tershine-vision-glasrengoring-avrinning-500-ml\/#primaryimage\"},\"image\":{\"@id\":\"https:\/\/xenonkungen.com\/produkt\/tershine-vision-glasrengoring-avrinning-500-ml\/#primaryimage\"},\"thumbnailUrl\":\"https:\/\/xenonkungen.com\/wp-content\/uploads\/2026\/03\/l2V4KiPvsuws1dazHCtWsZrDh58v0R6QivP52aKt.webp\",\"datePublished\":\"2026-03-18T08:23:06+00:00\",\"dateModified\":\"2026-05-08T21:01:59+00:00\",\"breadcrumb\":{\"@id\":\"https:\/\/xenonkungen.com\/produkt\/tershine-vision-glasrengoring-avrinning-500-ml\/#breadcrumb\"},\"inLanguage\":\"nb-NO\",\"potentialAction\":[{\"@type\":\"ReadAction\",\"target\":[\"https:\/\/xenonkungen.com\/produkt\/tershine-vision-glasrengoring-avrinning-500-ml\/\"]}]},{\"@type\":\"ImageObject\",\"inLanguage\":\"nb-NO\",\"@id\":\"https:\/\/xenonkungen.com\/produkt\/tershine-vision-glasrengoring-avrinning-500-ml\/#primaryimage\",\"url\":\"https:\/\/xenonkungen.com\/wp-content\/uploads\/2026\/03\/l2V4KiPvsuws1dazHCtWsZrDh58v0R6QivP52aKt.webp\",\"contentUrl\":\"https:\/\/xenonkungen.com\/wp-content\/uploads\/2026\/03\/l2V4KiPvsuws1dazHCtWsZrDh58v0R6QivP52aKt.webp\",\"width\":1024,\"height\":1024},{\"@type\":\"BreadcrumbList\",\"@id\":\"https:\/\/xenonkungen.com\/produkt\/tershine-vision-glasrengoring-avrinning-500-ml\/#breadcrumb\",\"itemListElement\":[{\"@type\":\"ListItem\",\"position\":1,\"name\":\"Hem\",\"item\":\"https:\/\/xenonkungen.com\/\"},{\"@type\":\"ListItem\",\"position\":2,\"name\":\"Shop\",\"item\":\"https:\/\/xenonkungen.com\/shop\/\"},{\"@type\":\"ListItem\",\"position\":3,\"name\":\"Tershine Vision+ &#8211; Glasreng\u00f6ring avrinning 500 ml\"}]},{\"@type\":\"WebSite\",\"@id\":\"https:\/\/xenonkungen.com\/#website\",\"url\":\"https:\/\/xenonkungen.com\/\",\"name\":\"Xenonkungen\",\"description\":\"\",\"potentialAction\":[{\"@type\":\"SearchAction\",\"target\":{\"@type\":\"EntryPoint\",\"urlTemplate\":\"https:\/\/xenonkungen.com\/?s={search_term_string}\"},\"query-input\":{\"@type\":\"PropertyValueSpecification\",\"valueRequired\":true,\"valueName\":\"search_term_string\"}}],\"inLanguage\":\"nb-NO\"}]}<\/script>\n<!-- \/ Yoast SEO plugin. -->","yoast_head_json":{"title":"Tershine Vision+ - Glassrens avl\u00f8p 500 ml - Xenonkungen","robots":{"index":"index","follow":"follow","max-snippet":"max-snippet:-1","max-image-preview":"max-image-preview:large","max-video-preview":"max-video-preview:-1"},"canonical":"https:\/\/xenonkungen.com\/no\/produkt\/tershine-vision-glassrens-avlop-500-ml\/","og_locale":"nb_NO","og_type":"article","og_title":"Tershine Vision+ - Glasreng\u00f6ring avrinning 500 ml - Xenonkungen","og_description":"Glasreng\u00f6ring med avrinning, som b\u00e5de reng\u00f6r och efterl\u00e4mnar en kladdfri och vattenavvisande yta.","og_url":"https:\/\/xenonkungen.com\/no\/produkt\/tershine-vision-glassrens-avlop-500-ml\/","og_site_name":"Xenonkungen","article_modified_time":"2026-05-08T21:01:59+00:00","og_image":[{"width":1024,"height":1024,"url":"https:\/\/xenonkungen.com\/wp-content\/uploads\/2026\/03\/l2V4KiPvsuws1dazHCtWsZrDh58v0R6QivP52aKt.webp","type":"image\/webp"}],"twitter_card":"summary_large_image","twitter_misc":{"Ansl. lesetid":"2 minutter"},"schema":{"@context":"https:\/\/schema.org","@graph":[{"@type":"WebPage","@id":"https:\/\/xenonkungen.com\/produkt\/tershine-vision-glasrengoring-avrinning-500-ml\/","url":"https:\/\/xenonkungen.com\/produkt\/tershine-vision-glasrengoring-avrinning-500-ml\/","name":"Tershine Vision+ - Glassrens avl\u00f8p 500 ml - Xenonkungen","isPartOf":{"@id":"https:\/\/xenonkungen.com\/#website"},"primaryImageOfPage":{"@id":"https:\/\/xenonkungen.com\/produkt\/tershine-vision-glasrengoring-avrinning-500-ml\/#primaryimage"},"image":{"@id":"https:\/\/xenonkungen.com\/produkt\/tershine-vision-glasrengoring-avrinning-500-ml\/#primaryimage"},"thumbnailUrl":"https:\/\/xenonkungen.com\/wp-content\/uploads\/2026\/03\/l2V4KiPvsuws1dazHCtWsZrDh58v0R6QivP52aKt.webp","datePublished":"2026-03-18T08:23:06+00:00","dateModified":"2026-05-08T21:01:59+00:00","breadcrumb":{"@id":"https:\/\/xenonkungen.com\/produkt\/tershine-vision-glasrengoring-avrinning-500-ml\/#breadcrumb"},"inLanguage":"nb-NO","potentialAction":[{"@type":"ReadAction","target":["https:\/\/xenonkungen.com\/produkt\/tershine-vision-glasrengoring-avrinning-500-ml\/"]}]},{"@type":"ImageObject","inLanguage":"nb-NO","@id":"https:\/\/xenonkungen.com\/produkt\/tershine-vision-glasrengoring-avrinning-500-ml\/#primaryimage","url":"https:\/\/xenonkungen.com\/wp-content\/uploads\/2026\/03\/l2V4KiPvsuws1dazHCtWsZrDh58v0R6QivP52aKt.webp","contentUrl":"https:\/\/xenonkungen.com\/wp-content\/uploads\/2026\/03\/l2V4KiPvsuws1dazHCtWsZrDh58v0R6QivP52aKt.webp","width":1024,"height":1024},{"@type":"BreadcrumbList","@id":"https:\/\/xenonkungen.com\/produkt\/tershine-vision-glasrengoring-avrinning-500-ml\/#breadcrumb","itemListElement":[{"@type":"ListItem","position":1,"name":"Hem","item":"https:\/\/xenonkungen.com\/"},{"@type":"ListItem","position":2,"name":"Shop","item":"https:\/\/xenonkungen.com\/shop\/"},{"@type":"ListItem","position":3,"name":"Tershine Vision+ &#8211; Glasreng\u00f6ring avrinning 500 ml"}]},{"@type":"WebSite","@id":"https:\/\/xenonkungen.com\/#website","url":"https:\/\/xenonkungen.com\/","name":"Xenonkungen","description":"","potentialAction":[{"@type":"SearchAction","target":{"@type":"EntryPoint","urlTemplate":"https:\/\/xenonkungen.com\/?s={search_term_string}"},"query-input":{"@type":"PropertyValueSpecification","valueRequired":true,"valueName":"search_term_string"}}],"inLanguage":"nb-NO"}]}},"taxonomy_info":{"product_brand":[{"value":2893,"label":"Tershine"}],"product_cat":[{"value":2988,"label":"1 | Biltv\u00e4tt"},{"value":2989,"label":"2 | Avfettning"},{"value":2614,"label":"4 | Bilvax &amp; Lackskydd"},{"value":378,"label":"Bilv\u00e5rd"}]},"featured_image_src_large":["https:\/\/xenonkungen.com\/wp-content\/uploads\/2026\/03\/l2V4KiPvsuws1dazHCtWsZrDh58v0R6QivP52aKt.webp",1024,1024,false],"author_info":[],"comment_info":0,"_links":{"self":[{"href":"https:\/\/xenonkungen.com\/no\/wp-json\/wp\/v2\/product\/28103","targetHints":{"allow":["GET"]}}],"collection":[{"href":"https:\/\/xenonkungen.com\/no\/wp-json\/wp\/v2\/product"}],"about":[{"href":"https:\/\/xenonkungen.com\/no\/wp-json\/wp\/v2\/types\/product"}],"replies":[{"embeddable":true,"href":"https:\/\/xenonkungen.com\/no\/wp-json\/wp\/v2\/comments?post=28103"}],"wp:featuredmedia":[{"embeddable":true,"href":"https:\/\/xenonkungen.com\/no\/wp-json\/wp\/v2\/media\/28104"}],"wp:attachment":[{"href":"https:\/\/xenonkungen.com\/no\/wp-json\/wp\/v2\/media?parent=28103"}],"wp:term":[{"taxonomy":"anvandningsomrade","embeddable":true,"href":"https:\/\/xenonkungen.com\/no\/wp-json\/wp\/v2\/anvandningsomrade?post=28103"},{"taxonomy":"bilmarken","embeddable":true,"href":"https:\/\/xenonkungen.com\/no\/wp-json\/wp\/v2\/bilmarken?post=28103"},{"taxonomy":"product_brand","embeddable":true,"href":"https:\/\/xenonkungen.com\/no\/wp-json\/wp\/v2\/product_brand?post=28103"},{"taxonomy":"product_cat","embeddable":true,"href":"https:\/\/xenonkungen.com\/no\/wp-json\/wp\/v2\/product_cat?post=28103"},{"taxonomy":"product_tag","embeddable":true,"href":"https:\/\/xenonkungen.com\/no\/wp-json\/wp\/v2\/product_tag?post=28103"}],"curies":[{"name":"wp","href":"https:\/\/api.w.org\/{rel}","templated":true}]}}