{"id":28116,"date":"2026-03-18T09:29:14","date_gmt":"2026-03-18T08:29:14","guid":{"rendered":"https:\/\/xenonkungen.com\/?post_type=product&#038;p=28116"},"modified":"2026-05-12T14:35:45","modified_gmt":"2026-05-12T13:35:45","slug":"tershine-borster-for-harde-skrutrekkere","status":"publish","type":"product","link":"https:\/\/xenonkungen.com\/no\/produkt\/tershine-borster-for-harde-skrutrekkere\/","title":{"rendered":"Tershine-b\u00f8rster for skrutrekkere \u2013 harde"},"content":{"rendered":"<p>Nylonb\u00f8rster til skrutrekkeren din for rask og enkel rengj\u00f8ring, perfekt for:<\/p>\n<p><strong>Bilen, bobilen, campingvognen<br \/>\nBadet<br \/>\nB\u00e5ten<br \/>\nDekket<br \/>\nKj\u00f8kkenet<br \/>\nGarasjen<\/strong><\/p>\n<p>6-pakning med nylonb\u00f8rster som du monterer direkte p\u00e5 drillen eller skrutrekkeren. Perfekt for rengj\u00f8ring av seter og tepper, eller hvorfor ikke b\u00e5ten eller hjemmet\/terrassen? Inkluderer 15 cm bitsforlengelse som lar deg komme til omr\u00e5der som ellers kan v\u00e6re vanskelige \u00e5 n\u00e5.<\/p>\n<p>Disse er litt mer robuste og er ment \u00e5 brukes som en \u00absiste boss\u00bb n\u00e5r universalb\u00f8rster ikke er nok. Derfor anbefales de ikke for mer sensitive m\u00f8beltrekk som skinn osv.<\/p>\n<p>Flott kombinasjon sammen med v\u00e5r APC p\u00e5 innsiden av bilen og hjemme, eller sammen med ekstrakt (alkalisk avfetting) p\u00e5 inngrodd smuss p\u00e5 terrassen\/fasaden\/b\u00e5ten osv.<\/p>\n<p>Pakken inneholder:<\/p>\n<ul>\n<li>1 stor \u00abflat\u00bb b\u00f8rste, 12 cm i diameter<\/li>\n<li>1 mellomstor \u00abflat\u00bb b\u00f8rste, 10 cm i diameter<\/li>\n<li>1 liten \u00abflat\u00bb b\u00f8rste med lengre b\u00f8rsteh\u00e5r, 5 cm i diameter<\/li>\n<li>1 liten \u00abflat\u00bb b\u00f8rste med kortere b\u00f8rsteh\u00e5r, 5 cm i diameter<\/li>\n<li>1 stor \u00abrund\u00bb b\u00f8rste, 8,5 cm i diameter<\/li>\n<li>1 liten \u00abrund\u00bb b\u00f8rste, 6,5 cm i diameter<\/li>\n<li>1 bitforlenger, 15 cm lang<\/li>\n<\/ul>\n<p>Leveres i en stilig pappeske<\/p>\n<h3>N\u00e5r og hvor brukes b\u00f8rster?<\/h3>\n<p>Skrutrekkerb\u00f8rster kan brukes i en rekke situasjoner og p\u00e5 en rekke overflater. De er perfekte for rengj\u00f8ring og skrubbing:<\/p>\n<ul>\n<li>Fliser og baderomsgulv<\/li>\n<li>Bilseter og tepper<\/li>\n<li>Stoff- og tekstiltepper<\/li>\n<li>Gulv og trapper<\/li>\n<li>Felger og andre metalliske overflater<\/li>\n<\/ul>\n<p>Disse b\u00f8rstene er spesielt nyttige for rengj\u00f8ring og skrubbing av overflater som er vanskelige \u00e5 n\u00e5 med tradisjonelle metoder, som skj\u00f8ter og trange rom. Med en skrutrekker og riktig b\u00f8rste kan du enkelt takle inngrodd smuss og flekker, noe som gj\u00f8r rengj\u00f8ringen b\u00e5de raskere og mer effektiv.<\/p>","protected":false},"excerpt":{"rendered":"<p>Nylonb\u00f8rster som monteres p\u00e5 skrutrekkere\/bor for rask og enkel rengj\u00f8ring.<\/p>","protected":false},"featured_media":28117,"comment_status":"open","ping_status":"closed","template":"","meta":{"_acf_changed":false,"_smort_price_nok":"","_smort_price_dkk":"","_smort_price_eur":"","_smort_sale_price_nok":"","_smort_sale_price_dkk":"","_smort_sale_price_eur":"","smort_restorder":"","shipmondo_restorder":"","_kad_blocks_custom_css":"","_kad_blocks_head_custom_js":"","_kad_blocks_body_custom_js":"","_kad_blocks_footer_custom_js":"","smort_custom_pricelist_1":"191.36","smort_custom_pricelist_2":"191.36","smort_custom_pricelist_3":"191.36","smort_custom_pricelist_4":"239.2","smort_custom_pricelist_5":"191.36"},"anvandningsomrade":[],"bilmarken":[],"product_brand":[2893],"product_cat":[2450,378],"product_tag":[],"class_list":{"0":"post-28116","1":"product","2":"type-product","3":"status-publish","4":"has-post-thumbnail","6":"product_brand-tershine","7":"product_cat-tillbehor-bilvard","8":"product_cat-bilvard","10":"first","11":"onbackorder","12":"taxable","13":"shipping-taxable","14":"purchasable","15":"product-type-simple"},"bundled_by":[],"bundle_stock_status":"onbackorder","bundle_stock_quantity":0,"bundle_virtual":false,"bundle_layout":"","bundle_add_to_cart_form_location":"","bundle_editable_in_cart":false,"bundle_sold_individually_context":"","bundle_item_grouping":"","bundle_min_size":"","bundle_max_size":"","bundle_price":[],"bundled_items":[],"bundle_sell_ids":[],"acf":[],"yoast_head":"<!-- This site is optimized with the Yoast SEO plugin v27.0 - https:\/\/yoast.com\/product\/yoast-seo-wordpress\/ -->\n<title>Tershine Borstar till skruvdragare - H\u00e5rd - Xenonkungen<\/title>\n<meta name=\"robots\" content=\"index, follow, max-snippet:-1, max-image-preview:large, max-video-preview:-1\" \/>\n<link rel=\"canonical\" href=\"https:\/\/xenonkungen.com\/no\/produkt\/tershine-borster-for-harde-skrutrekkere\/\" \/>\n<meta property=\"og:locale\" content=\"nb_NO\" \/>\n<meta property=\"og:type\" content=\"article\" \/>\n<meta property=\"og:title\" content=\"Tershine Borstar till skruvdragare - H\u00e5rd - Xenonkungen\" \/>\n<meta property=\"og:description\" content=\"Nylonborstar som monteras p\u00e5 skruvdragare\/borrmaskin f\u00f6r snabb och enkelt reng\u00f6ring.\" \/>\n<meta property=\"og:url\" content=\"https:\/\/xenonkungen.com\/no\/produkt\/tershine-borster-for-harde-skrutrekkere\/\" \/>\n<meta property=\"og:site_name\" content=\"Xenonkungen\" \/>\n<meta property=\"article:modified_time\" content=\"2026-05-12T13:35:45+00:00\" \/>\n<meta property=\"og:image\" content=\"https:\/\/xenonkungen.com\/wp-content\/uploads\/2026\/03\/CXHnHLScgDE04bZsMLkvzVe7qo3JuSOR0yUlGnhn.webp\" \/>\n\t<meta property=\"og:image:width\" content=\"1024\" \/>\n\t<meta property=\"og:image:height\" content=\"1024\" \/>\n\t<meta property=\"og:image:type\" content=\"image\/webp\" \/>\n<meta name=\"twitter:card\" content=\"summary_large_image\" \/>\n<meta name=\"twitter:label1\" content=\"Ansl. lesetid\" \/>\n\t<meta name=\"twitter:data1\" content=\"2 minutter\" \/>\n<script type=\"application\/ld+json\" class=\"yoast-schema-graph\">{\"@context\":\"https:\/\/schema.org\",\"@graph\":[{\"@type\":\"WebPage\",\"@id\":\"https:\/\/xenonkungen.com\/produkt\/tershine-borstar-till-skruvdragare-hard\/\",\"url\":\"https:\/\/xenonkungen.com\/produkt\/tershine-borstar-till-skruvdragare-hard\/\",\"name\":\"Tershine Borstar till skruvdragare - H\u00e5rd - Xenonkungen\",\"isPartOf\":{\"@id\":\"https:\/\/xenonkungen.com\/#website\"},\"primaryImageOfPage\":{\"@id\":\"https:\/\/xenonkungen.com\/produkt\/tershine-borstar-till-skruvdragare-hard\/#primaryimage\"},\"image\":{\"@id\":\"https:\/\/xenonkungen.com\/produkt\/tershine-borstar-till-skruvdragare-hard\/#primaryimage\"},\"thumbnailUrl\":\"https:\/\/xenonkungen.com\/wp-content\/uploads\/2026\/03\/CXHnHLScgDE04bZsMLkvzVe7qo3JuSOR0yUlGnhn.webp\",\"datePublished\":\"2026-03-18T08:29:14+00:00\",\"dateModified\":\"2026-05-12T13:35:45+00:00\",\"breadcrumb\":{\"@id\":\"https:\/\/xenonkungen.com\/produkt\/tershine-borstar-till-skruvdragare-hard\/#breadcrumb\"},\"inLanguage\":\"nb-NO\",\"potentialAction\":[{\"@type\":\"ReadAction\",\"target\":[\"https:\/\/xenonkungen.com\/produkt\/tershine-borstar-till-skruvdragare-hard\/\"]}]},{\"@type\":\"ImageObject\",\"inLanguage\":\"nb-NO\",\"@id\":\"https:\/\/xenonkungen.com\/produkt\/tershine-borstar-till-skruvdragare-hard\/#primaryimage\",\"url\":\"https:\/\/xenonkungen.com\/wp-content\/uploads\/2026\/03\/CXHnHLScgDE04bZsMLkvzVe7qo3JuSOR0yUlGnhn.webp\",\"contentUrl\":\"https:\/\/xenonkungen.com\/wp-content\/uploads\/2026\/03\/CXHnHLScgDE04bZsMLkvzVe7qo3JuSOR0yUlGnhn.webp\",\"width\":1024,\"height\":1024},{\"@type\":\"BreadcrumbList\",\"@id\":\"https:\/\/xenonkungen.com\/produkt\/tershine-borstar-till-skruvdragare-hard\/#breadcrumb\",\"itemListElement\":[{\"@type\":\"ListItem\",\"position\":1,\"name\":\"Hem\",\"item\":\"https:\/\/xenonkungen.com\/\"},{\"@type\":\"ListItem\",\"position\":2,\"name\":\"Shop\",\"item\":\"https:\/\/xenonkungen.com\/shop\/\"},{\"@type\":\"ListItem\",\"position\":3,\"name\":\"Tershine Borstar till skruvdragare &#8211; H\u00e5rd\"}]},{\"@type\":\"WebSite\",\"@id\":\"https:\/\/xenonkungen.com\/#website\",\"url\":\"https:\/\/xenonkungen.com\/\",\"name\":\"Xenonkungen\",\"description\":\"\",\"potentialAction\":[{\"@type\":\"SearchAction\",\"target\":{\"@type\":\"EntryPoint\",\"urlTemplate\":\"https:\/\/xenonkungen.com\/?s={search_term_string}\"},\"query-input\":{\"@type\":\"PropertyValueSpecification\",\"valueRequired\":true,\"valueName\":\"search_term_string\"}}],\"inLanguage\":\"nb-NO\"}]}<\/script>\n<!-- \/ Yoast SEO plugin. -->","yoast_head_json":{"title":"Tershine-b\u00f8rster for skrutrekkere - Harde - Xenonkungen","robots":{"index":"index","follow":"follow","max-snippet":"max-snippet:-1","max-image-preview":"max-image-preview:large","max-video-preview":"max-video-preview:-1"},"canonical":"https:\/\/xenonkungen.com\/no\/produkt\/tershine-borster-for-harde-skrutrekkere\/","og_locale":"nb_NO","og_type":"article","og_title":"Tershine Borstar till skruvdragare - H\u00e5rd - Xenonkungen","og_description":"Nylonborstar som monteras p\u00e5 skruvdragare\/borrmaskin f\u00f6r snabb och enkelt reng\u00f6ring.","og_url":"https:\/\/xenonkungen.com\/no\/produkt\/tershine-borster-for-harde-skrutrekkere\/","og_site_name":"Xenonkungen","article_modified_time":"2026-05-12T13:35:45+00:00","og_image":[{"width":1024,"height":1024,"url":"https:\/\/xenonkungen.com\/wp-content\/uploads\/2026\/03\/CXHnHLScgDE04bZsMLkvzVe7qo3JuSOR0yUlGnhn.webp","type":"image\/webp"}],"twitter_card":"summary_large_image","twitter_misc":{"Ansl. lesetid":"2 minutter"},"schema":{"@context":"https:\/\/schema.org","@graph":[{"@type":"WebPage","@id":"https:\/\/xenonkungen.com\/produkt\/tershine-borstar-till-skruvdragare-hard\/","url":"https:\/\/xenonkungen.com\/produkt\/tershine-borstar-till-skruvdragare-hard\/","name":"Tershine-b\u00f8rster for skrutrekkere - Harde - Xenonkungen","isPartOf":{"@id":"https:\/\/xenonkungen.com\/#website"},"primaryImageOfPage":{"@id":"https:\/\/xenonkungen.com\/produkt\/tershine-borstar-till-skruvdragare-hard\/#primaryimage"},"image":{"@id":"https:\/\/xenonkungen.com\/produkt\/tershine-borstar-till-skruvdragare-hard\/#primaryimage"},"thumbnailUrl":"https:\/\/xenonkungen.com\/wp-content\/uploads\/2026\/03\/CXHnHLScgDE04bZsMLkvzVe7qo3JuSOR0yUlGnhn.webp","datePublished":"2026-03-18T08:29:14+00:00","dateModified":"2026-05-12T13:35:45+00:00","breadcrumb":{"@id":"https:\/\/xenonkungen.com\/produkt\/tershine-borstar-till-skruvdragare-hard\/#breadcrumb"},"inLanguage":"nb-NO","potentialAction":[{"@type":"ReadAction","target":["https:\/\/xenonkungen.com\/produkt\/tershine-borstar-till-skruvdragare-hard\/"]}]},{"@type":"ImageObject","inLanguage":"nb-NO","@id":"https:\/\/xenonkungen.com\/produkt\/tershine-borstar-till-skruvdragare-hard\/#primaryimage","url":"https:\/\/xenonkungen.com\/wp-content\/uploads\/2026\/03\/CXHnHLScgDE04bZsMLkvzVe7qo3JuSOR0yUlGnhn.webp","contentUrl":"https:\/\/xenonkungen.com\/wp-content\/uploads\/2026\/03\/CXHnHLScgDE04bZsMLkvzVe7qo3JuSOR0yUlGnhn.webp","width":1024,"height":1024},{"@type":"BreadcrumbList","@id":"https:\/\/xenonkungen.com\/produkt\/tershine-borstar-till-skruvdragare-hard\/#breadcrumb","itemListElement":[{"@type":"ListItem","position":1,"name":"Hem","item":"https:\/\/xenonkungen.com\/"},{"@type":"ListItem","position":2,"name":"Shop","item":"https:\/\/xenonkungen.com\/shop\/"},{"@type":"ListItem","position":3,"name":"Tershine Borstar till skruvdragare &#8211; H\u00e5rd"}]},{"@type":"WebSite","@id":"https:\/\/xenonkungen.com\/#website","url":"https:\/\/xenonkungen.com\/","name":"Xenonkungen","description":"","potentialAction":[{"@type":"SearchAction","target":{"@type":"EntryPoint","urlTemplate":"https:\/\/xenonkungen.com\/?s={search_term_string}"},"query-input":{"@type":"PropertyValueSpecification","valueRequired":true,"valueName":"search_term_string"}}],"inLanguage":"nb-NO"}]}},"taxonomy_info":{"product_brand":[{"value":2893,"label":"Tershine"}],"product_cat":[{"value":2450,"label":"6 | Tillbeh\u00f6r"},{"value":378,"label":"Bilv\u00e5rd"}]},"featured_image_src_large":["https:\/\/xenonkungen.com\/wp-content\/uploads\/2026\/03\/CXHnHLScgDE04bZsMLkvzVe7qo3JuSOR0yUlGnhn.webp",1024,1024,false],"author_info":[],"comment_info":0,"_links":{"self":[{"href":"https:\/\/xenonkungen.com\/no\/wp-json\/wp\/v2\/product\/28116","targetHints":{"allow":["GET"]}}],"collection":[{"href":"https:\/\/xenonkungen.com\/no\/wp-json\/wp\/v2\/product"}],"about":[{"href":"https:\/\/xenonkungen.com\/no\/wp-json\/wp\/v2\/types\/product"}],"replies":[{"embeddable":true,"href":"https:\/\/xenonkungen.com\/no\/wp-json\/wp\/v2\/comments?post=28116"}],"wp:featuredmedia":[{"embeddable":true,"href":"https:\/\/xenonkungen.com\/no\/wp-json\/wp\/v2\/media\/28117"}],"wp:attachment":[{"href":"https:\/\/xenonkungen.com\/no\/wp-json\/wp\/v2\/media?parent=28116"}],"wp:term":[{"taxonomy":"anvandningsomrade","embeddable":true,"href":"https:\/\/xenonkungen.com\/no\/wp-json\/wp\/v2\/anvandningsomrade?post=28116"},{"taxonomy":"bilmarken","embeddable":true,"href":"https:\/\/xenonkungen.com\/no\/wp-json\/wp\/v2\/bilmarken?post=28116"},{"taxonomy":"product_brand","embeddable":true,"href":"https:\/\/xenonkungen.com\/no\/wp-json\/wp\/v2\/product_brand?post=28116"},{"taxonomy":"product_cat","embeddable":true,"href":"https:\/\/xenonkungen.com\/no\/wp-json\/wp\/v2\/product_cat?post=28116"},{"taxonomy":"product_tag","embeddable":true,"href":"https:\/\/xenonkungen.com\/no\/wp-json\/wp\/v2\/product_tag?post=28116"}],"curies":[{"name":"wp","href":"https:\/\/api.w.org\/{rel}","templated":true}]}}