{"id":2836,"date":"2025-04-15T08:44:15","date_gmt":"2025-04-15T08:44:15","guid":{"rendered":"https:\/\/xenonkungen.com\/product\/briodlights-tradlost-trailerkit-12v\/"},"modified":"2026-04-24T16:48:34","modified_gmt":"2026-04-24T15:48:34","slug":"tradlost-briodlights-tilhengersett-12v","status":"publish","type":"product","link":"https:\/\/xenonkungen.com\/no\/produkt\/tradlost-briodlights-tilhengersett-12v\/","title":{"rendered":"BriodLights Tr\u00e5dl\u00f8st tilhengerlys-sett 12v"},"content":{"rendered":"<h1>12V tr\u00e5dl\u00f8se LED-baklys med Canbus fra BriodLights<\/h1>\n<h2>Tr\u00e5dl\u00f8s teknologi for moderne biler<\/h2>\n<p>V\u00e5re 12 V tr\u00e5dl\u00f8se LED-baklykter er utstyrt med Canbus-teknologi, noe som gj\u00f8r dem perfekt kompatible med moderne biler. Med en imponerende rekkevidde p\u00e5 30 meter gir disse lyktene deg den fleksibiliteten og rekkevidden du trenger.<\/p>\n<h2>Enkel installasjon<\/h2>\n<p>Ingen behov for en komplisert installasjonsprosess. Disse baklyktene har et magnetisk feste som gj\u00f8r det enkelt \u00e5 montere dem. De har ogs\u00e5 funksjoner som bremselys, blinklys og posisjonslys, noe som gir deg en omfattende l\u00f8sning p\u00e5 alle dine belysningsbehov.<\/p>\n<h2>Enkel og sikker bruk<\/h2>\n<p>Baklyktene v\u00e5re er sertifisert i henhold til IP65, RoHS og EMC, noe som betyr at du kan stole p\u00e5 enkel og sikker bruk hver gang. Hver lykt drives av et oppladbart 5 V-batteri og er tilpasset for 7-polet tilhengerplugg.<\/p>","protected":false},"excerpt":{"rendered":"<p>12V Tr\u00e5dl\u00f6sa LED Baklampor med Canbus fr\u00e5n BriodLights Tr\u00e5dl\u00f6s Teknik f\u00f6r Moderna Bilar V\u00e5ra 12V tr\u00e5dl\u00f6sa LED baklampor \u00e4r utrustade med Canbus-teknologi, vilket g\u00f6r dem perfekt kompatibla med moderna bilar. Med en imponerande r\u00e4ckvidd p\u00e5 30 meter ger dessa lampor dig den flexibilitet och r\u00e4ckvidd du beh\u00f6ver. Enkel Montering Ingen beh\u00f6ver en komplicerad installationsprocess. Med [&hellip;]<\/p>","protected":false},"featured_media":2837,"comment_status":"closed","ping_status":"closed","template":"","meta":{"_acf_changed":false,"_smort_price_nok":"1383","_smort_price_dkk":"1014","_smort_price_eur":"135.9","_smort_sale_price_nok":"1383","_smort_sale_price_dkk":"","_smort_sale_price_eur":"117.72","smort_restorder":"","shipmondo_restorder":"","_kad_blocks_custom_css":"","_kad_blocks_head_custom_js":"","_kad_blocks_body_custom_js":"","_kad_blocks_footer_custom_js":"","smort_custom_pricelist_1":"956","smort_custom_pricelist_2":"837.2","smort_custom_pricelist_3":"837.2","smort_custom_pricelist_4":"1196","smort_custom_pricelist_5":"837"},"anvandningsomrade":[],"bilmarken":[],"product_brand":[92],"product_cat":[16,1402],"product_tag":[2788],"class_list":{"0":"post-2836","1":"product","2":"type-product","3":"status-publish","4":"has-post-thumbnail","6":"product_brand-briodlights","7":"product_cat-uncategorized","8":"product_cat-outlet","9":"product_tag-black-week-exclude","10":"pa_fuktskydd-varde-ipxx-ip65","11":"pa_lampsockel-kontakt-rohs-emc","12":"pa_volt-v-159","14":"first","15":"instock","16":"sale","17":"taxable","18":"shipping-taxable","19":"purchasable","20":"product-type-simple"},"bundled_by":[],"bundle_stock_status":"instock","bundle_stock_quantity":5,"bundle_virtual":false,"bundle_layout":"","bundle_add_to_cart_form_location":"","bundle_editable_in_cart":false,"bundle_sold_individually_context":"","bundle_item_grouping":"","bundle_min_size":"","bundle_max_size":"","bundle_price":[],"bundled_items":[],"bundle_sell_ids":[],"acf":[],"yoast_head":"<!-- This site is optimized with the Yoast SEO plugin v27.0 - https:\/\/yoast.com\/product\/yoast-seo-wordpress\/ -->\n<title>BriodLights Tr\u00e5dl\u00f6st trailerkit 12v - Xenonkungen<\/title>\n<meta name=\"robots\" content=\"index, follow, max-snippet:-1, max-image-preview:large, max-video-preview:-1\" \/>\n<link rel=\"canonical\" href=\"https:\/\/xenonkungen.com\/no\/produkt\/tradlost-briodlights-tilhengersett-12v\/\" \/>\n<meta property=\"og:locale\" content=\"nb_NO\" \/>\n<meta property=\"og:type\" content=\"article\" \/>\n<meta property=\"og:title\" content=\"BriodLights Tr\u00e5dl\u00f6st trailerkit 12v - Xenonkungen\" \/>\n<meta property=\"og:description\" content=\"12V Tr\u00e5dl\u00f6sa LED Baklampor med Canbus fr\u00e5n BriodLights Tr\u00e5dl\u00f6s Teknik f\u00f6r Moderna Bilar V\u00e5ra 12V tr\u00e5dl\u00f6sa LED baklampor \u00e4r utrustade med Canbus-teknologi, vilket g\u00f6r dem perfekt kompatibla med moderna bilar. Med en imponerande r\u00e4ckvidd p\u00e5 30 meter ger dessa lampor dig den flexibilitet och r\u00e4ckvidd du beh\u00f6ver. Enkel Montering Ingen beh\u00f6ver en komplicerad installationsprocess. Med [&hellip;]\" \/>\n<meta property=\"og:url\" content=\"https:\/\/xenonkungen.com\/no\/produkt\/tradlost-briodlights-tilhengersett-12v\/\" \/>\n<meta property=\"og:site_name\" content=\"Xenonkungen\" \/>\n<meta property=\"article:modified_time\" content=\"2026-04-24T15:48:34+00:00\" \/>\n<meta property=\"og:image\" content=\"https:\/\/xenonkungen.com\/wp-content\/uploads\/2025\/04\/12501_itemimage_mainfront.jpg\" \/>\n\t<meta property=\"og:image:width\" content=\"2048\" \/>\n\t<meta property=\"og:image:height\" content=\"1536\" \/>\n\t<meta property=\"og:image:type\" content=\"image\/jpeg\" \/>\n<meta name=\"twitter:card\" content=\"summary_large_image\" \/>\n<meta name=\"twitter:label1\" content=\"Ansl. lesetid\" \/>\n\t<meta name=\"twitter:data1\" content=\"1 minutt\" \/>\n<script type=\"application\/ld+json\" class=\"yoast-schema-graph\">{\"@context\":\"https:\/\/schema.org\",\"@graph\":[{\"@type\":\"WebPage\",\"@id\":\"https:\/\/xenonkungen.com\/produkt\/briodlights-tradlost-trailerkit-12v\/\",\"url\":\"https:\/\/xenonkungen.com\/produkt\/briodlights-tradlost-trailerkit-12v\/\",\"name\":\"BriodLights Tr\u00e5dl\u00f6st trailerkit 12v - Xenonkungen\",\"isPartOf\":{\"@id\":\"https:\/\/xenonkungen.com\/#website\"},\"primaryImageOfPage\":{\"@id\":\"https:\/\/xenonkungen.com\/produkt\/briodlights-tradlost-trailerkit-12v\/#primaryimage\"},\"image\":{\"@id\":\"https:\/\/xenonkungen.com\/produkt\/briodlights-tradlost-trailerkit-12v\/#primaryimage\"},\"thumbnailUrl\":\"https:\/\/xenonkungen.com\/wp-content\/uploads\/2025\/04\/12501_itemimage_mainfront.jpg\",\"datePublished\":\"2025-04-15T08:44:15+00:00\",\"dateModified\":\"2026-04-24T15:48:34+00:00\",\"breadcrumb\":{\"@id\":\"https:\/\/xenonkungen.com\/produkt\/briodlights-tradlost-trailerkit-12v\/#breadcrumb\"},\"inLanguage\":\"nb-NO\",\"potentialAction\":[{\"@type\":\"ReadAction\",\"target\":[\"https:\/\/xenonkungen.com\/produkt\/briodlights-tradlost-trailerkit-12v\/\"]}]},{\"@type\":\"ImageObject\",\"inLanguage\":\"nb-NO\",\"@id\":\"https:\/\/xenonkungen.com\/produkt\/briodlights-tradlost-trailerkit-12v\/#primaryimage\",\"url\":\"https:\/\/xenonkungen.com\/wp-content\/uploads\/2025\/04\/12501_itemimage_mainfront.jpg\",\"contentUrl\":\"https:\/\/xenonkungen.com\/wp-content\/uploads\/2025\/04\/12501_itemimage_mainfront.jpg\",\"width\":2048,\"height\":1536},{\"@type\":\"BreadcrumbList\",\"@id\":\"https:\/\/xenonkungen.com\/produkt\/briodlights-tradlost-trailerkit-12v\/#breadcrumb\",\"itemListElement\":[{\"@type\":\"ListItem\",\"position\":1,\"name\":\"Hem\",\"item\":\"https:\/\/xenonkungen.com\/\"},{\"@type\":\"ListItem\",\"position\":2,\"name\":\"Shop\",\"item\":\"https:\/\/xenonkungen.com\/shop\/\"},{\"@type\":\"ListItem\",\"position\":3,\"name\":\"BriodLights Tr\u00e5dl\u00f6st trailerkit 12v\"}]},{\"@type\":\"WebSite\",\"@id\":\"https:\/\/xenonkungen.com\/#website\",\"url\":\"https:\/\/xenonkungen.com\/\",\"name\":\"Xenonkungen\",\"description\":\"\",\"potentialAction\":[{\"@type\":\"SearchAction\",\"target\":{\"@type\":\"EntryPoint\",\"urlTemplate\":\"https:\/\/xenonkungen.com\/?s={search_term_string}\"},\"query-input\":{\"@type\":\"PropertyValueSpecification\",\"valueRequired\":true,\"valueName\":\"search_term_string\"}}],\"inLanguage\":\"nb-NO\"}]}<\/script>\n<!-- \/ Yoast SEO plugin. -->","yoast_head_json":{"title":"BriodLights Tr\u00e5dl\u00f8st tilhengersett 12v - Xenonkungen","robots":{"index":"index","follow":"follow","max-snippet":"max-snippet:-1","max-image-preview":"max-image-preview:large","max-video-preview":"max-video-preview:-1"},"canonical":"https:\/\/xenonkungen.com\/no\/produkt\/tradlost-briodlights-tilhengersett-12v\/","og_locale":"nb_NO","og_type":"article","og_title":"BriodLights Tr\u00e5dl\u00f6st trailerkit 12v - Xenonkungen","og_description":"12V Tr\u00e5dl\u00f6sa LED Baklampor med Canbus fr\u00e5n BriodLights Tr\u00e5dl\u00f6s Teknik f\u00f6r Moderna Bilar V\u00e5ra 12V tr\u00e5dl\u00f6sa LED baklampor \u00e4r utrustade med Canbus-teknologi, vilket g\u00f6r dem perfekt kompatibla med moderna bilar. Med en imponerande r\u00e4ckvidd p\u00e5 30 meter ger dessa lampor dig den flexibilitet och r\u00e4ckvidd du beh\u00f6ver. Enkel Montering Ingen beh\u00f6ver en komplicerad installationsprocess. Med [&hellip;]","og_url":"https:\/\/xenonkungen.com\/no\/produkt\/tradlost-briodlights-tilhengersett-12v\/","og_site_name":"Xenonkungen","article_modified_time":"2026-04-24T15:48:34+00:00","og_image":[{"width":2048,"height":1536,"url":"https:\/\/xenonkungen.com\/wp-content\/uploads\/2025\/04\/12501_itemimage_mainfront.jpg","type":"image\/jpeg"}],"twitter_card":"summary_large_image","twitter_misc":{"Ansl. lesetid":"1 minutt"},"schema":{"@context":"https:\/\/schema.org","@graph":[{"@type":"WebPage","@id":"https:\/\/xenonkungen.com\/produkt\/briodlights-tradlost-trailerkit-12v\/","url":"https:\/\/xenonkungen.com\/produkt\/briodlights-tradlost-trailerkit-12v\/","name":"BriodLights Tr\u00e5dl\u00f8st tilhengersett 12v - Xenonkungen","isPartOf":{"@id":"https:\/\/xenonkungen.com\/#website"},"primaryImageOfPage":{"@id":"https:\/\/xenonkungen.com\/produkt\/briodlights-tradlost-trailerkit-12v\/#primaryimage"},"image":{"@id":"https:\/\/xenonkungen.com\/produkt\/briodlights-tradlost-trailerkit-12v\/#primaryimage"},"thumbnailUrl":"https:\/\/xenonkungen.com\/wp-content\/uploads\/2025\/04\/12501_itemimage_mainfront.jpg","datePublished":"2025-04-15T08:44:15+00:00","dateModified":"2026-04-24T15:48:34+00:00","breadcrumb":{"@id":"https:\/\/xenonkungen.com\/produkt\/briodlights-tradlost-trailerkit-12v\/#breadcrumb"},"inLanguage":"nb-NO","potentialAction":[{"@type":"ReadAction","target":["https:\/\/xenonkungen.com\/produkt\/briodlights-tradlost-trailerkit-12v\/"]}]},{"@type":"ImageObject","inLanguage":"nb-NO","@id":"https:\/\/xenonkungen.com\/produkt\/briodlights-tradlost-trailerkit-12v\/#primaryimage","url":"https:\/\/xenonkungen.com\/wp-content\/uploads\/2025\/04\/12501_itemimage_mainfront.jpg","contentUrl":"https:\/\/xenonkungen.com\/wp-content\/uploads\/2025\/04\/12501_itemimage_mainfront.jpg","width":2048,"height":1536},{"@type":"BreadcrumbList","@id":"https:\/\/xenonkungen.com\/produkt\/briodlights-tradlost-trailerkit-12v\/#breadcrumb","itemListElement":[{"@type":"ListItem","position":1,"name":"Hem","item":"https:\/\/xenonkungen.com\/"},{"@type":"ListItem","position":2,"name":"Shop","item":"https:\/\/xenonkungen.com\/shop\/"},{"@type":"ListItem","position":3,"name":"BriodLights Tr\u00e5dl\u00f6st trailerkit 12v"}]},{"@type":"WebSite","@id":"https:\/\/xenonkungen.com\/#website","url":"https:\/\/xenonkungen.com\/","name":"Xenonkungen","description":"","potentialAction":[{"@type":"SearchAction","target":{"@type":"EntryPoint","urlTemplate":"https:\/\/xenonkungen.com\/?s={search_term_string}"},"query-input":{"@type":"PropertyValueSpecification","valueRequired":true,"valueName":"search_term_string"}}],"inLanguage":"nb-NO"}]}},"taxonomy_info":{"product_brand":[{"value":92,"label":"Briodlights"}],"product_cat":[{"value":16,"label":"Uncategorized"},{"value":1402,"label":"Outlet"}],"product_tag":[{"value":2788,"label":"black-week-exclude"}],"pa_fuktskydd-varde-ipxx":[{"value":520,"label":"IP65"}],"pa_lampsockel-kontakt":[{"value":929,"label":"RoHS, EMC"}],"pa_volt-v":[{"value":159,"label":"12"}]},"featured_image_src_large":["https:\/\/xenonkungen.com\/wp-content\/uploads\/2025\/04\/12501_itemimage_mainfront-1024x768.jpg",1024,768,true],"author_info":[],"comment_info":0,"_links":{"self":[{"href":"https:\/\/xenonkungen.com\/no\/wp-json\/wp\/v2\/product\/2836","targetHints":{"allow":["GET"]}}],"collection":[{"href":"https:\/\/xenonkungen.com\/no\/wp-json\/wp\/v2\/product"}],"about":[{"href":"https:\/\/xenonkungen.com\/no\/wp-json\/wp\/v2\/types\/product"}],"replies":[{"embeddable":true,"href":"https:\/\/xenonkungen.com\/no\/wp-json\/wp\/v2\/comments?post=2836"}],"wp:featuredmedia":[{"embeddable":true,"href":"https:\/\/xenonkungen.com\/no\/wp-json\/wp\/v2\/media\/2837"}],"wp:attachment":[{"href":"https:\/\/xenonkungen.com\/no\/wp-json\/wp\/v2\/media?parent=2836"}],"wp:term":[{"taxonomy":"anvandningsomrade","embeddable":true,"href":"https:\/\/xenonkungen.com\/no\/wp-json\/wp\/v2\/anvandningsomrade?post=2836"},{"taxonomy":"bilmarken","embeddable":true,"href":"https:\/\/xenonkungen.com\/no\/wp-json\/wp\/v2\/bilmarken?post=2836"},{"taxonomy":"product_brand","embeddable":true,"href":"https:\/\/xenonkungen.com\/no\/wp-json\/wp\/v2\/product_brand?post=2836"},{"taxonomy":"product_cat","embeddable":true,"href":"https:\/\/xenonkungen.com\/no\/wp-json\/wp\/v2\/product_cat?post=2836"},{"taxonomy":"product_tag","embeddable":true,"href":"https:\/\/xenonkungen.com\/no\/wp-json\/wp\/v2\/product_tag?post=2836"}],"curies":[{"name":"wp","href":"https:\/\/api.w.org\/{rel}","templated":true}]}}