{"id":2842,"date":"2025-04-15T08:44:33","date_gmt":"2025-04-15T08:44:33","guid":{"rendered":"https:\/\/xenonkungen.com\/product\/briodlights-2-st-laddningsbart-varningsljus-m-magnet\/"},"modified":"2026-05-13T07:58:45","modified_gmt":"2026-05-13T06:58:45","slug":"briodlights-2-stk-oppladbare-varsellys-med-magnet","status":"publish","type":"product","link":"https:\/\/xenonkungen.com\/no\/produkt\/briodlights-2-stk-oppladbare-varsellys-med-magnet\/","title":{"rendered":"BriodLights 2 stk oppladbare varsellamper med magnet"},"content":{"rendered":"<h1>BriodLights LED-varsellamper: En allsidig og b\u00e6rbar l\u00f8sning for din sikkerhet<\/h1>\n<p>BriodLights introduserer sin batteridrevne LED-varsellampe, som kombinerer allsidighet med styrke og holdbarhet. Denne innovative lykten er utstyrt med et sterkt magnetfeste og er like enkel \u00e5 montere som den er \u00e5 flytte mellom ulike kj\u00f8ret\u00f8y og tilhengere.<\/p>\n<p>Med et enkelt trykk p\u00e5 en knapp aktiveres det sterke LED-lyset, som gir opptil 7 timers batteritid. Ladingen tar bare rundt 2,5 timer, og takket v\u00e6re den praktiske batteriindikatoren trenger du aldri \u00e5 bekymre deg for \u00e5 g\u00e5 tom for lys n\u00e5r du minst venter det.<\/p>\n<p>LED-varsellampen leveres i en pakke med 2 stk. og er sertifisert i henhold til ECER10 og ECER65. I tillegg f\u00f8lger det med en billader i pakken for \u00e5 sikre at du alltid kan lade lysene n\u00e5r du er p\u00e5 farten.<\/p>\n<p>For et p\u00e5litelig og effektivt varsellys du kan stole p\u00e5, velger du BriodLights LED-varsellys.<\/p>","protected":false},"excerpt":{"rendered":"<p>BriodLights LED Varningsljus: En m\u00e5ngsidig och b\u00e4rbar l\u00f6sning f\u00f6r din s\u00e4kerhet BriodLights introducerar sitt batteridrivna LED-varningsljus, som kombinerar m\u00e5ngsidighet med styrka och h\u00e5llbarhet. Utrustad med ett starkt magnetiskt f\u00e4ste, \u00e4r denna innovativa lampa lika enkel att montera som att flytta mellan olika fordon och sl\u00e4pvagnar. Med en enkel knapptryckning aktiveras det starka LED-ljuset, vilket ger [&hellip;]<\/p>","protected":false},"featured_media":2843,"comment_status":"closed","ping_status":"open","template":"","meta":{"_acf_changed":false,"_smort_price_nok":"929","_smort_price_dkk":"590","_smort_price_eur":"79.09","_smort_sale_price_nok":"","_smort_sale_price_dkk":"","_smort_sale_price_eur":"","smort_restorder":"","shipmondo_restorder":"","_kad_blocks_custom_css":"","_kad_blocks_head_custom_js":"","_kad_blocks_body_custom_js":"","_kad_blocks_footer_custom_js":"","smort_custom_pricelist_1":"556.8","smort_custom_pricelist_2":"487.2","smort_custom_pricelist_3":"462.84","smort_custom_pricelist_4":"696","smort_custom_pricelist_5":"487.2"},"anvandningsomrade":[],"bilmarken":[],"product_brand":[92],"product_cat":[2554,1061],"product_tag":[2788],"class_list":{"0":"post-2842","1":"product","2":"type-product","3":"status-publish","4":"has-post-thumbnail","6":"product_brand-briodlights","7":"product_cat-portabla-varningsljus","8":"product_cat-varningsljus","9":"product_tag-black-week-exclude","10":"pa_faktisk-effekts-forbrukning-540","11":"pa_fargtemperatur-amber","12":"pa_fuktskydd-varde-ipxx-ip67","13":"pa_godkannande-ece-r10-r65","14":"pa_storlek-mm-110x1026x365","15":"pa_volt-v-776","17":"first","18":"onbackorder","19":"taxable","20":"shipping-taxable","21":"purchasable","22":"product-type-simple"},"bundled_by":[],"bundle_stock_status":"onbackorder","bundle_stock_quantity":0,"bundle_virtual":false,"bundle_layout":"","bundle_add_to_cart_form_location":"","bundle_editable_in_cart":false,"bundle_sold_individually_context":"","bundle_item_grouping":"","bundle_min_size":"","bundle_max_size":"","bundle_price":[],"bundled_items":[],"bundle_sell_ids":[],"acf":[],"yoast_head":"<!-- This site is optimized with the Yoast SEO plugin v27.0 - https:\/\/yoast.com\/product\/yoast-seo-wordpress\/ -->\n<title>BriodLights 2 st Laddningsbart varningsljus m. magnet - Xenonkungen<\/title>\n<meta name=\"robots\" content=\"index, follow, max-snippet:-1, max-image-preview:large, max-video-preview:-1\" \/>\n<link rel=\"canonical\" href=\"https:\/\/xenonkungen.com\/no\/produkt\/briodlights-2-stk-oppladbare-varsellys-med-magnet\/\" \/>\n<meta property=\"og:locale\" content=\"nb_NO\" \/>\n<meta property=\"og:type\" content=\"article\" \/>\n<meta property=\"og:title\" content=\"BriodLights 2 st Laddningsbart varningsljus m. magnet - Xenonkungen\" \/>\n<meta property=\"og:description\" content=\"BriodLights LED Varningsljus: En m\u00e5ngsidig och b\u00e4rbar l\u00f6sning f\u00f6r din s\u00e4kerhet BriodLights introducerar sitt batteridrivna LED-varningsljus, som kombinerar m\u00e5ngsidighet med styrka och h\u00e5llbarhet. Utrustad med ett starkt magnetiskt f\u00e4ste, \u00e4r denna innovativa lampa lika enkel att montera som att flytta mellan olika fordon och sl\u00e4pvagnar. Med en enkel knapptryckning aktiveras det starka LED-ljuset, vilket ger [&hellip;]\" \/>\n<meta property=\"og:url\" content=\"https:\/\/xenonkungen.com\/no\/produkt\/briodlights-2-stk-oppladbare-varsellys-med-magnet\/\" \/>\n<meta property=\"og:site_name\" content=\"Xenonkungen\" \/>\n<meta property=\"article:modified_time\" content=\"2026-05-13T06:58:45+00:00\" \/>\n<meta property=\"og:image\" content=\"https:\/\/xenonkungen.com\/wp-content\/uploads\/2025\/04\/14501_itemimage_2.jpg\" \/>\n\t<meta property=\"og:image:width\" content=\"2048\" \/>\n\t<meta property=\"og:image:height\" content=\"1536\" \/>\n\t<meta property=\"og:image:type\" content=\"image\/jpeg\" \/>\n<meta name=\"twitter:card\" content=\"summary_large_image\" \/>\n<meta name=\"twitter:label1\" content=\"Ansl. lesetid\" \/>\n\t<meta name=\"twitter:data1\" content=\"1 minutt\" \/>\n<script type=\"application\/ld+json\" class=\"yoast-schema-graph\">{\"@context\":\"https:\/\/schema.org\",\"@graph\":[{\"@type\":\"WebPage\",\"@id\":\"https:\/\/xenonkungen.com\/produkt\/briodlights-2-st-laddningsbart-varningsljus-m-magnet\/\",\"url\":\"https:\/\/xenonkungen.com\/produkt\/briodlights-2-st-laddningsbart-varningsljus-m-magnet\/\",\"name\":\"BriodLights 2 st Laddningsbart varningsljus m. magnet - Xenonkungen\",\"isPartOf\":{\"@id\":\"https:\/\/xenonkungen.com\/#website\"},\"primaryImageOfPage\":{\"@id\":\"https:\/\/xenonkungen.com\/produkt\/briodlights-2-st-laddningsbart-varningsljus-m-magnet\/#primaryimage\"},\"image\":{\"@id\":\"https:\/\/xenonkungen.com\/produkt\/briodlights-2-st-laddningsbart-varningsljus-m-magnet\/#primaryimage\"},\"thumbnailUrl\":\"https:\/\/xenonkungen.com\/wp-content\/uploads\/2025\/04\/14501_itemimage_2.jpg\",\"datePublished\":\"2025-04-15T08:44:33+00:00\",\"dateModified\":\"2026-05-13T06:58:45+00:00\",\"breadcrumb\":{\"@id\":\"https:\/\/xenonkungen.com\/produkt\/briodlights-2-st-laddningsbart-varningsljus-m-magnet\/#breadcrumb\"},\"inLanguage\":\"nb-NO\",\"potentialAction\":[{\"@type\":\"ReadAction\",\"target\":[\"https:\/\/xenonkungen.com\/produkt\/briodlights-2-st-laddningsbart-varningsljus-m-magnet\/\"]}]},{\"@type\":\"ImageObject\",\"inLanguage\":\"nb-NO\",\"@id\":\"https:\/\/xenonkungen.com\/produkt\/briodlights-2-st-laddningsbart-varningsljus-m-magnet\/#primaryimage\",\"url\":\"https:\/\/xenonkungen.com\/wp-content\/uploads\/2025\/04\/14501_itemimage_2.jpg\",\"contentUrl\":\"https:\/\/xenonkungen.com\/wp-content\/uploads\/2025\/04\/14501_itemimage_2.jpg\",\"width\":2048,\"height\":1536},{\"@type\":\"BreadcrumbList\",\"@id\":\"https:\/\/xenonkungen.com\/produkt\/briodlights-2-st-laddningsbart-varningsljus-m-magnet\/#breadcrumb\",\"itemListElement\":[{\"@type\":\"ListItem\",\"position\":1,\"name\":\"Hem\",\"item\":\"https:\/\/xenonkungen.com\/\"},{\"@type\":\"ListItem\",\"position\":2,\"name\":\"Shop\",\"item\":\"https:\/\/xenonkungen.com\/shop\/\"},{\"@type\":\"ListItem\",\"position\":3,\"name\":\"BriodLights 2 st Laddningsbart varningsljus m. magnet\"}]},{\"@type\":\"WebSite\",\"@id\":\"https:\/\/xenonkungen.com\/#website\",\"url\":\"https:\/\/xenonkungen.com\/\",\"name\":\"Xenonkungen\",\"description\":\"\",\"potentialAction\":[{\"@type\":\"SearchAction\",\"target\":{\"@type\":\"EntryPoint\",\"urlTemplate\":\"https:\/\/xenonkungen.com\/?s={search_term_string}\"},\"query-input\":{\"@type\":\"PropertyValueSpecification\",\"valueRequired\":true,\"valueName\":\"search_term_string\"}}],\"inLanguage\":\"nb-NO\"}]}<\/script>\n<!-- \/ Yoast SEO plugin. -->","yoast_head_json":{"title":"BriodLights 2 stk. oppladbare varsellys med magnet - Xenonkungen","robots":{"index":"index","follow":"follow","max-snippet":"max-snippet:-1","max-image-preview":"max-image-preview:large","max-video-preview":"max-video-preview:-1"},"canonical":"https:\/\/xenonkungen.com\/no\/produkt\/briodlights-2-stk-oppladbare-varsellys-med-magnet\/","og_locale":"nb_NO","og_type":"article","og_title":"BriodLights 2 st Laddningsbart varningsljus m. magnet - Xenonkungen","og_description":"BriodLights LED Varningsljus: En m\u00e5ngsidig och b\u00e4rbar l\u00f6sning f\u00f6r din s\u00e4kerhet BriodLights introducerar sitt batteridrivna LED-varningsljus, som kombinerar m\u00e5ngsidighet med styrka och h\u00e5llbarhet. Utrustad med ett starkt magnetiskt f\u00e4ste, \u00e4r denna innovativa lampa lika enkel att montera som att flytta mellan olika fordon och sl\u00e4pvagnar. Med en enkel knapptryckning aktiveras det starka LED-ljuset, vilket ger [&hellip;]","og_url":"https:\/\/xenonkungen.com\/no\/produkt\/briodlights-2-stk-oppladbare-varsellys-med-magnet\/","og_site_name":"Xenonkungen","article_modified_time":"2026-05-13T06:58:45+00:00","og_image":[{"width":2048,"height":1536,"url":"https:\/\/xenonkungen.com\/wp-content\/uploads\/2025\/04\/14501_itemimage_2.jpg","type":"image\/jpeg"}],"twitter_card":"summary_large_image","twitter_misc":{"Ansl. lesetid":"1 minutt"},"schema":{"@context":"https:\/\/schema.org","@graph":[{"@type":"WebPage","@id":"https:\/\/xenonkungen.com\/produkt\/briodlights-2-st-laddningsbart-varningsljus-m-magnet\/","url":"https:\/\/xenonkungen.com\/produkt\/briodlights-2-st-laddningsbart-varningsljus-m-magnet\/","name":"BriodLights 2 stk. oppladbare varsellys med magnet - Xenonkungen","isPartOf":{"@id":"https:\/\/xenonkungen.com\/#website"},"primaryImageOfPage":{"@id":"https:\/\/xenonkungen.com\/produkt\/briodlights-2-st-laddningsbart-varningsljus-m-magnet\/#primaryimage"},"image":{"@id":"https:\/\/xenonkungen.com\/produkt\/briodlights-2-st-laddningsbart-varningsljus-m-magnet\/#primaryimage"},"thumbnailUrl":"https:\/\/xenonkungen.com\/wp-content\/uploads\/2025\/04\/14501_itemimage_2.jpg","datePublished":"2025-04-15T08:44:33+00:00","dateModified":"2026-05-13T06:58:45+00:00","breadcrumb":{"@id":"https:\/\/xenonkungen.com\/produkt\/briodlights-2-st-laddningsbart-varningsljus-m-magnet\/#breadcrumb"},"inLanguage":"nb-NO","potentialAction":[{"@type":"ReadAction","target":["https:\/\/xenonkungen.com\/produkt\/briodlights-2-st-laddningsbart-varningsljus-m-magnet\/"]}]},{"@type":"ImageObject","inLanguage":"nb-NO","@id":"https:\/\/xenonkungen.com\/produkt\/briodlights-2-st-laddningsbart-varningsljus-m-magnet\/#primaryimage","url":"https:\/\/xenonkungen.com\/wp-content\/uploads\/2025\/04\/14501_itemimage_2.jpg","contentUrl":"https:\/\/xenonkungen.com\/wp-content\/uploads\/2025\/04\/14501_itemimage_2.jpg","width":2048,"height":1536},{"@type":"BreadcrumbList","@id":"https:\/\/xenonkungen.com\/produkt\/briodlights-2-st-laddningsbart-varningsljus-m-magnet\/#breadcrumb","itemListElement":[{"@type":"ListItem","position":1,"name":"Hem","item":"https:\/\/xenonkungen.com\/"},{"@type":"ListItem","position":2,"name":"Shop","item":"https:\/\/xenonkungen.com\/shop\/"},{"@type":"ListItem","position":3,"name":"BriodLights 2 st Laddningsbart varningsljus m. magnet"}]},{"@type":"WebSite","@id":"https:\/\/xenonkungen.com\/#website","url":"https:\/\/xenonkungen.com\/","name":"Xenonkungen","description":"","potentialAction":[{"@type":"SearchAction","target":{"@type":"EntryPoint","urlTemplate":"https:\/\/xenonkungen.com\/?s={search_term_string}"},"query-input":{"@type":"PropertyValueSpecification","valueRequired":true,"valueName":"search_term_string"}}],"inLanguage":"nb-NO"}]}},"taxonomy_info":{"product_brand":[{"value":92,"label":"Briodlights"}],"product_cat":[{"value":2554,"label":"Portabla varningsljus"},{"value":1061,"label":"Varningsljus"}],"product_tag":[{"value":2788,"label":"black-week-exclude"}],"pa_faktisk-effekts-forbrukning":[{"value":540,"label":"5"}],"pa_fargtemperatur":[{"value":745,"label":"Amber"}],"pa_fuktskydd-varde-ipxx":[{"value":333,"label":"IP67"}],"pa_godkannande":[{"value":936,"label":"ECE, R10, R65"}],"pa_storlek-mm":[{"value":935,"label":"110x102,6x36,5"}],"pa_volt-v":[{"value":776,"label":"12,24"}]},"featured_image_src_large":["https:\/\/xenonkungen.com\/wp-content\/uploads\/2025\/04\/14501_itemimage_2-1024x768.jpg",1024,768,true],"author_info":[],"comment_info":0,"_links":{"self":[{"href":"https:\/\/xenonkungen.com\/no\/wp-json\/wp\/v2\/product\/2842","targetHints":{"allow":["GET"]}}],"collection":[{"href":"https:\/\/xenonkungen.com\/no\/wp-json\/wp\/v2\/product"}],"about":[{"href":"https:\/\/xenonkungen.com\/no\/wp-json\/wp\/v2\/types\/product"}],"replies":[{"embeddable":true,"href":"https:\/\/xenonkungen.com\/no\/wp-json\/wp\/v2\/comments?post=2842"}],"wp:featuredmedia":[{"embeddable":true,"href":"https:\/\/xenonkungen.com\/no\/wp-json\/wp\/v2\/media\/2843"}],"wp:attachment":[{"href":"https:\/\/xenonkungen.com\/no\/wp-json\/wp\/v2\/media?parent=2842"}],"wp:term":[{"taxonomy":"anvandningsomrade","embeddable":true,"href":"https:\/\/xenonkungen.com\/no\/wp-json\/wp\/v2\/anvandningsomrade?post=2842"},{"taxonomy":"bilmarken","embeddable":true,"href":"https:\/\/xenonkungen.com\/no\/wp-json\/wp\/v2\/bilmarken?post=2842"},{"taxonomy":"product_brand","embeddable":true,"href":"https:\/\/xenonkungen.com\/no\/wp-json\/wp\/v2\/product_brand?post=2842"},{"taxonomy":"product_cat","embeddable":true,"href":"https:\/\/xenonkungen.com\/no\/wp-json\/wp\/v2\/product_cat?post=2842"},{"taxonomy":"product_tag","embeddable":true,"href":"https:\/\/xenonkungen.com\/no\/wp-json\/wp\/v2\/product_tag?post=2842"}],"curies":[{"name":"wp","href":"https:\/\/api.w.org\/{rel}","templated":true}]}}