{"id":28632,"date":"2026-03-27T13:52:08","date_gmt":"2026-03-27T12:52:08","guid":{"rendered":"https:\/\/xenonkungen.com\/?post_type=product&#038;p=28632"},"modified":"2026-04-24T16:52:16","modified_gmt":"2026-04-24T15:52:16","slug":"ozz-xr3-p9-65-led-ekstralys-10-424-lm-varsellys","status":"publish","type":"product","link":"https:\/\/xenonkungen.com\/no\/produkt\/ozz-xr3-p9-65-led-ekstralys-10-424-lm-varsellys\/","title":{"rendered":"OZZ XR3 P9\u2033 R65 med varsellampe | Svart"},"content":{"rendered":"<p data-start=\"374\" data-end=\"679\">OZZ XR3 P9\u201d 65 er et kraftig og allsidig LED-ekstralys som kombinerer h\u00f8y ytelse med smarte funksjoner. Det bygger p\u00e5 suksessen til XR2 P9\u201d og XR3 P9\u201d, men er ogs\u00e5 utstyrt med et integrert E-godkjent varsellys i oransje \u2013 perfekt for \u00f8kt synlighet og sikkerhet i alle situasjoner.<\/p>\n<p data-start=\"681\" data-end=\"973\">Ekstralyset har OZZs signatur dynamiske posisjonslys i b\u00e5de hvitt og oransje, noe som gir det et moderne og unikt utseende. Med boost-modus leverer lampen hele 10 424 lumen og n\u00e5r 1 lux p\u00e5 opptil 735 meter, noe som gj\u00f8r den ideell for b\u00e5de landeveiskj\u00f8ring og mer krevende terreng.<\/p>\n<p data-start=\"975\" data-end=\"1151\">Den n\u00f8ytrale fargetemperaturen p\u00e5 5000 K gir et naturlig lys som reduserer tretthet i \u00f8ynene og forbedrer synligheten i m\u00f8rket. En perfekt kombinasjon av design, funksjon og sikkerhet.<\/p>\n<hr data-start=\"1153\" data-end=\"1156\" \/>\n<h2 data-section-id=\"yi995\" data-start=\"1158\" data-end=\"1171\">Fordeler med programmet<\/h2>\n<ul data-start=\"1172\" data-end=\"1420\">\n<li data-section-id=\"1guq3tu\" data-start=\"1172\" data-end=\"1212\">Boost-modus med opptil 10 424 lumen<\/li>\n<li data-section-id=\"absam7\" data-start=\"1213\" data-end=\"1255\">Rekkevidde p\u00e5 opptil 735 meter (1 lux)<\/li>\n<li data-section-id=\"1a0k985\" data-start=\"1256\" data-end=\"1309\">Dynamisk tofarget posisjonslys (hvitt og oransje)<\/li>\n<li data-section-id=\"zyxp1c\" data-start=\"1310\" data-end=\"1347\">Integrert E-godkjent varsellampe<\/li>\n<li data-section-id=\"1r9hs4a\" data-start=\"1348\" data-end=\"1377\">Moderne og stilig design<\/li>\n<li data-section-id=\"6h9d5u\" data-start=\"1378\" data-end=\"1420\">Optimal fargetemperatur for bedre synlighet<\/li>\n<\/ul>\n<h2 data-section-id=\"1ugufuo\" data-start=\"1725\" data-end=\"1757\">Annen\/viktig informasjon<\/h2>\n<ul data-start=\"1758\" data-end=\"1789\">\n<li data-section-id=\"1pr8j9l\" data-start=\"1758\" data-end=\"1771\">E-autorisert<\/li>\n<li data-section-id=\"l98imx\" data-start=\"1772\" data-end=\"1789\">3 \u00e5rs garanti<\/li>\n<\/ul>","protected":false},"excerpt":{"rendered":"<p>Kraftig 9-tommers ekstralys fra OZZ med 10 424 lumen, dynamisk posisjonslys og integrert varsellys. Perfekt for b\u00e5de vei og terreng.<\/p>","protected":false},"featured_media":28640,"comment_status":"open","ping_status":"closed","template":"","meta":{"_acf_changed":false,"_smort_price_nok":"","_smort_price_dkk":"","_smort_price_eur":"","_smort_sale_price_nok":"","_smort_sale_price_dkk":"","_smort_sale_price_eur":"","smort_restorder":"","shipmondo_restorder":"","_kad_blocks_custom_css":"","_kad_blocks_head_custom_js":"","_kad_blocks_body_custom_js":"","_kad_blocks_footer_custom_js":"","smort_custom_pricelist_1":"2816","smort_custom_pricelist_2":"2816","smort_custom_pricelist_3":"2816","smort_custom_pricelist_4":"3520","smort_custom_pricelist_5":"2816"},"anvandningsomrade":[],"bilmarken":[],"product_brand":[1051,109],"product_cat":[2839,142],"product_tag":[],"class_list":{"0":"post-28632","1":"product","2":"type-product","3":"status-publish","4":"has-post-thumbnail","6":"product_brand-ozz","7":"product_brand-ozz-lights","8":"product_cat-extraljus-9","9":"product_cat-extraljus","10":"pa_fargtemperatur-5000k","11":"pa_fuktskydd-varde-ipxx-ip69k","12":"pa_fuktskydd-varde-ipxx-ip68k","13":"pa_godkannande-ece","14":"pa_godkannande-r10","15":"pa_godkannande-r148","16":"pa_godkannande-r149","17":"pa_godkannande-emc","18":"pa_godkannande-r65","19":"pa_lampsockel-kontakt-dt-6","20":"pa_ljusbild-driving","21":"pa_stromforbrukning-1117a12v","22":"pa_stromforbrukning-562a24v","23":"pa_volt-v-10-35","25":"first","26":"onbackorder","27":"taxable","28":"shipping-taxable","29":"purchasable","30":"product-type-simple"},"bundled_by":[],"bundle_stock_status":"onbackorder","bundle_stock_quantity":0,"bundle_virtual":false,"bundle_layout":"","bundle_add_to_cart_form_location":"","bundle_editable_in_cart":false,"bundle_sold_individually_context":"","bundle_item_grouping":"","bundle_min_size":"","bundle_max_size":"","bundle_price":[],"bundled_items":[],"bundle_sell_ids":[],"acf":[],"yoast_head":"<!-- This site is optimized with the Yoast SEO plugin v27.0 - https:\/\/yoast.com\/product\/yoast-seo-wordpress\/ -->\n<title>OZZ XR3 P9&quot; R65 med varningsljus | Black - Xenonkungen<\/title>\n<meta name=\"description\" content=\"OZZ XR3 P9\u201d 65 extraljus med 10 424 lumen, 735 m r\u00e4ckvidd, dynamiskt positionsljus och integrerat E-godk\u00e4nt varningsljus.\" \/>\n<meta name=\"robots\" content=\"index, follow, max-snippet:-1, max-image-preview:large, max-video-preview:-1\" \/>\n<link rel=\"canonical\" href=\"https:\/\/xenonkungen.com\/no\/produkt\/ozz-xr3-p9-65-led-ekstralys-10-424-lm-varsellys\/\" \/>\n<meta property=\"og:locale\" content=\"nb_NO\" \/>\n<meta property=\"og:type\" content=\"article\" \/>\n<meta property=\"og:title\" content=\"OZZ XR3 P9&quot; R65 med varningsljus | Black - Xenonkungen\" \/>\n<meta property=\"og:description\" content=\"OZZ XR3 P9\u201d 65 extraljus med 10 424 lumen, 735 m r\u00e4ckvidd, dynamiskt positionsljus och integrerat E-godk\u00e4nt varningsljus.\" \/>\n<meta property=\"og:url\" content=\"https:\/\/xenonkungen.com\/no\/produkt\/ozz-xr3-p9-65-led-ekstralys-10-424-lm-varsellys\/\" \/>\n<meta property=\"og:site_name\" content=\"Xenonkungen\" \/>\n<meta property=\"article:modified_time\" content=\"2026-04-24T15:52:16+00:00\" \/>\n<meta property=\"og:image\" content=\"https:\/\/xenonkungen.com\/wp-content\/uploads\/2026\/03\/88107.png\" \/>\n\t<meta property=\"og:image:width\" content=\"2024\" \/>\n\t<meta property=\"og:image:height\" content=\"2024\" \/>\n\t<meta property=\"og:image:type\" content=\"image\/png\" \/>\n<meta name=\"twitter:card\" content=\"summary_large_image\" \/>\n<meta name=\"twitter:label1\" content=\"Ansl. lesetid\" \/>\n\t<meta name=\"twitter:data1\" content=\"2 minutter\" \/>\n<script type=\"application\/ld+json\" class=\"yoast-schema-graph\">{\"@context\":\"https:\/\/schema.org\",\"@graph\":[{\"@type\":\"WebPage\",\"@id\":\"https:\/\/xenonkungen.com\/produkt\/ozz-xr3-p9-65-led-extraljus-10-424-lm-varningsljus\/\",\"url\":\"https:\/\/xenonkungen.com\/produkt\/ozz-xr3-p9-65-led-extraljus-10-424-lm-varningsljus\/\",\"name\":\"OZZ XR3 P9\\\" R65 med varningsljus | Black - Xenonkungen\",\"isPartOf\":{\"@id\":\"https:\/\/xenonkungen.com\/#website\"},\"primaryImageOfPage\":{\"@id\":\"https:\/\/xenonkungen.com\/produkt\/ozz-xr3-p9-65-led-extraljus-10-424-lm-varningsljus\/#primaryimage\"},\"image\":{\"@id\":\"https:\/\/xenonkungen.com\/produkt\/ozz-xr3-p9-65-led-extraljus-10-424-lm-varningsljus\/#primaryimage\"},\"thumbnailUrl\":\"https:\/\/xenonkungen.com\/wp-content\/uploads\/2026\/03\/88107.png\",\"datePublished\":\"2026-03-27T12:52:08+00:00\",\"dateModified\":\"2026-04-24T15:52:16+00:00\",\"description\":\"OZZ XR3 P9\u201d 65 extraljus med 10 424 lumen, 735 m r\u00e4ckvidd, dynamiskt positionsljus och integrerat E-godk\u00e4nt varningsljus.\",\"breadcrumb\":{\"@id\":\"https:\/\/xenonkungen.com\/produkt\/ozz-xr3-p9-65-led-extraljus-10-424-lm-varningsljus\/#breadcrumb\"},\"inLanguage\":\"nb-NO\",\"potentialAction\":[{\"@type\":\"ReadAction\",\"target\":[\"https:\/\/xenonkungen.com\/produkt\/ozz-xr3-p9-65-led-extraljus-10-424-lm-varningsljus\/\"]}]},{\"@type\":\"ImageObject\",\"inLanguage\":\"nb-NO\",\"@id\":\"https:\/\/xenonkungen.com\/produkt\/ozz-xr3-p9-65-led-extraljus-10-424-lm-varningsljus\/#primaryimage\",\"url\":\"https:\/\/xenonkungen.com\/wp-content\/uploads\/2026\/03\/88107.png\",\"contentUrl\":\"https:\/\/xenonkungen.com\/wp-content\/uploads\/2026\/03\/88107.png\",\"width\":2024,\"height\":2024},{\"@type\":\"BreadcrumbList\",\"@id\":\"https:\/\/xenonkungen.com\/produkt\/ozz-xr3-p9-65-led-extraljus-10-424-lm-varningsljus\/#breadcrumb\",\"itemListElement\":[{\"@type\":\"ListItem\",\"position\":1,\"name\":\"Hem\",\"item\":\"https:\/\/xenonkungen.com\/\"},{\"@type\":\"ListItem\",\"position\":2,\"name\":\"Shop\",\"item\":\"https:\/\/xenonkungen.com\/shop\/\"},{\"@type\":\"ListItem\",\"position\":3,\"name\":\"OZZ XR3 P9&#8243; R65 med varningsljus | Black\"}]},{\"@type\":\"WebSite\",\"@id\":\"https:\/\/xenonkungen.com\/#website\",\"url\":\"https:\/\/xenonkungen.com\/\",\"name\":\"Xenonkungen\",\"description\":\"\",\"potentialAction\":[{\"@type\":\"SearchAction\",\"target\":{\"@type\":\"EntryPoint\",\"urlTemplate\":\"https:\/\/xenonkungen.com\/?s={search_term_string}\"},\"query-input\":{\"@type\":\"PropertyValueSpecification\",\"valueRequired\":true,\"valueName\":\"search_term_string\"}}],\"inLanguage\":\"nb-NO\"}]}<\/script>\n<!-- \/ Yoast SEO plugin. -->","yoast_head_json":{"title":"OZZ XR3 P9&quot; R65 med varsellampe | Svart - Xenonkungen","description":"OZZ XR3 P9\u201d 65 ekstralys med 10 424 lumen, 735 m rekkevidde, dynamisk posisjonslys og integrert E-godkjent varsellys.","robots":{"index":"index","follow":"follow","max-snippet":"max-snippet:-1","max-image-preview":"max-image-preview:large","max-video-preview":"max-video-preview:-1"},"canonical":"https:\/\/xenonkungen.com\/no\/produkt\/ozz-xr3-p9-65-led-ekstralys-10-424-lm-varsellys\/","og_locale":"nb_NO","og_type":"article","og_title":"OZZ XR3 P9\" R65 med varningsljus | Black - Xenonkungen","og_description":"OZZ XR3 P9\u201d 65 extraljus med 10 424 lumen, 735 m r\u00e4ckvidd, dynamiskt positionsljus och integrerat E-godk\u00e4nt varningsljus.","og_url":"https:\/\/xenonkungen.com\/no\/produkt\/ozz-xr3-p9-65-led-ekstralys-10-424-lm-varsellys\/","og_site_name":"Xenonkungen","article_modified_time":"2026-04-24T15:52:16+00:00","og_image":[{"width":2024,"height":2024,"url":"https:\/\/xenonkungen.com\/wp-content\/uploads\/2026\/03\/88107.png","type":"image\/png"}],"twitter_card":"summary_large_image","twitter_misc":{"Ansl. lesetid":"2 minutter"},"schema":{"@context":"https:\/\/schema.org","@graph":[{"@type":"WebPage","@id":"https:\/\/xenonkungen.com\/produkt\/ozz-xr3-p9-65-led-extraljus-10-424-lm-varningsljus\/","url":"https:\/\/xenonkungen.com\/produkt\/ozz-xr3-p9-65-led-extraljus-10-424-lm-varningsljus\/","name":"OZZ XR3 P9&quot; R65 med varsellampe | Svart - Xenonkungen","isPartOf":{"@id":"https:\/\/xenonkungen.com\/#website"},"primaryImageOfPage":{"@id":"https:\/\/xenonkungen.com\/produkt\/ozz-xr3-p9-65-led-extraljus-10-424-lm-varningsljus\/#primaryimage"},"image":{"@id":"https:\/\/xenonkungen.com\/produkt\/ozz-xr3-p9-65-led-extraljus-10-424-lm-varningsljus\/#primaryimage"},"thumbnailUrl":"https:\/\/xenonkungen.com\/wp-content\/uploads\/2026\/03\/88107.png","datePublished":"2026-03-27T12:52:08+00:00","dateModified":"2026-04-24T15:52:16+00:00","description":"OZZ XR3 P9\u201d 65 ekstralys med 10 424 lumen, 735 m rekkevidde, dynamisk posisjonslys og integrert E-godkjent varsellys.","breadcrumb":{"@id":"https:\/\/xenonkungen.com\/produkt\/ozz-xr3-p9-65-led-extraljus-10-424-lm-varningsljus\/#breadcrumb"},"inLanguage":"nb-NO","potentialAction":[{"@type":"ReadAction","target":["https:\/\/xenonkungen.com\/produkt\/ozz-xr3-p9-65-led-extraljus-10-424-lm-varningsljus\/"]}]},{"@type":"ImageObject","inLanguage":"nb-NO","@id":"https:\/\/xenonkungen.com\/produkt\/ozz-xr3-p9-65-led-extraljus-10-424-lm-varningsljus\/#primaryimage","url":"https:\/\/xenonkungen.com\/wp-content\/uploads\/2026\/03\/88107.png","contentUrl":"https:\/\/xenonkungen.com\/wp-content\/uploads\/2026\/03\/88107.png","width":2024,"height":2024},{"@type":"BreadcrumbList","@id":"https:\/\/xenonkungen.com\/produkt\/ozz-xr3-p9-65-led-extraljus-10-424-lm-varningsljus\/#breadcrumb","itemListElement":[{"@type":"ListItem","position":1,"name":"Hem","item":"https:\/\/xenonkungen.com\/"},{"@type":"ListItem","position":2,"name":"Shop","item":"https:\/\/xenonkungen.com\/shop\/"},{"@type":"ListItem","position":3,"name":"OZZ XR3 P9&#8243; R65 med varningsljus | Black"}]},{"@type":"WebSite","@id":"https:\/\/xenonkungen.com\/#website","url":"https:\/\/xenonkungen.com\/","name":"Xenonkungen","description":"","potentialAction":[{"@type":"SearchAction","target":{"@type":"EntryPoint","urlTemplate":"https:\/\/xenonkungen.com\/?s={search_term_string}"},"query-input":{"@type":"PropertyValueSpecification","valueRequired":true,"valueName":"search_term_string"}}],"inLanguage":"nb-NO"}]}},"taxonomy_info":{"product_brand":[{"value":1051,"label":"OZZ"},{"value":109,"label":"OZZ LIGHTS"}],"product_cat":[{"value":2839,"label":"Extraljus 9\""},{"value":142,"label":"Extraljus"}],"pa_fargtemperatur":[{"value":154,"label":"5000K"}],"pa_fuktskydd-varde-ipxx":[{"value":155,"label":"IP69K"},{"value":682,"label":"IP68K"}],"pa_godkannande":[{"value":192,"label":"ECE"},{"value":184,"label":"R10"},{"value":185,"label":"R148"},{"value":186,"label":"R149"},{"value":1229,"label":"EMC"},{"value":2784,"label":"R65"}],"pa_lampsockel-kontakt":[{"value":1001,"label":"DT-6"}],"pa_ljusbild":[{"value":178,"label":"Driving"}],"pa_stromforbrukning":[{"value":1133,"label":"11,17A@12V"},{"value":1047,"label":"5,62A@24V"}],"pa_volt-v":[{"value":3021,"label":"10-35"}]},"featured_image_src_large":["https:\/\/xenonkungen.com\/wp-content\/uploads\/2026\/03\/88107-1024x1024.png",1024,1024,true],"author_info":[],"comment_info":0,"_links":{"self":[{"href":"https:\/\/xenonkungen.com\/no\/wp-json\/wp\/v2\/product\/28632","targetHints":{"allow":["GET"]}}],"collection":[{"href":"https:\/\/xenonkungen.com\/no\/wp-json\/wp\/v2\/product"}],"about":[{"href":"https:\/\/xenonkungen.com\/no\/wp-json\/wp\/v2\/types\/product"}],"replies":[{"embeddable":true,"href":"https:\/\/xenonkungen.com\/no\/wp-json\/wp\/v2\/comments?post=28632"}],"wp:featuredmedia":[{"embeddable":true,"href":"https:\/\/xenonkungen.com\/no\/wp-json\/wp\/v2\/media\/28640"}],"wp:attachment":[{"href":"https:\/\/xenonkungen.com\/no\/wp-json\/wp\/v2\/media?parent=28632"}],"wp:term":[{"taxonomy":"anvandningsomrade","embeddable":true,"href":"https:\/\/xenonkungen.com\/no\/wp-json\/wp\/v2\/anvandningsomrade?post=28632"},{"taxonomy":"bilmarken","embeddable":true,"href":"https:\/\/xenonkungen.com\/no\/wp-json\/wp\/v2\/bilmarken?post=28632"},{"taxonomy":"product_brand","embeddable":true,"href":"https:\/\/xenonkungen.com\/no\/wp-json\/wp\/v2\/product_brand?post=28632"},{"taxonomy":"product_cat","embeddable":true,"href":"https:\/\/xenonkungen.com\/no\/wp-json\/wp\/v2\/product_cat?post=28632"},{"taxonomy":"product_tag","embeddable":true,"href":"https:\/\/xenonkungen.com\/no\/wp-json\/wp\/v2\/product_tag?post=28632"}],"curies":[{"name":"wp","href":"https:\/\/api.w.org\/{rel}","templated":true}]}}