{"id":28641,"date":"2026-03-27T14:04:46","date_gmt":"2026-03-27T13:04:46","guid":{"rendered":"https:\/\/xenonkungen.com\/?post_type=product&#038;p=28641"},"modified":"2026-04-24T16:52:17","modified_gmt":"2026-04-24T15:52:17","slug":"ozz-xr3-p9-65-arktisk-utgave-hvitt-led-ekstralys-10-424-lm","status":"publish","type":"product","link":"https:\/\/xenonkungen.com\/no\/produkt\/ozz-xr3-p9-65-arktisk-utgave-hvitt-led-ekstralys-10-424-lm\/","title":{"rendered":"OZZ XR3 P9\u2033 R65 med varsellys | Arktisk utgave"},"content":{"rendered":"<p data-start=\"408\" data-end=\"727\">OZZ XR3 P9\u201d 65 Arctic Edition er et kraftig og stilig LED-ekstralys i helhvitt design, designet for de som \u00f8nsker \u00e5 kombinere maksimal ytelse med et unikt utseende. Det bygger p\u00e5 de popul\u00e6re XR2 P9\u201d og XR3 P9\u201d, men er ogs\u00e5 utstyrt med et integrert E-godkjent varsellys i oransje for \u00f8kt sikkerhet.<\/p>\n<p data-start=\"729\" data-end=\"1041\">Akkurat som tidligere modeller har Arctic Edition OZZs signatur dynamiske posisjonslys i hvitt og oransje, noe som gir et moderne og eksklusivt utseende. Med boost-funksjonen leverer det ekstra lyset hele 10 424 lumen og n\u00e5r 1 lux p\u00e5 opptil 735 meter \u2013 perfekt for b\u00e5de landeveiskj\u00f8ring og krevende terreng.<\/p>\n<p data-start=\"1043\" data-end=\"1219\">Den n\u00f8ytrale fargetemperaturen p\u00e5 5000 K gir et naturlig lys som reduserer tretthet i \u00f8ynene og forbedrer sikten i m\u00f8rket. En optimal kombinasjon av design, funksjon og sikkerhet.<\/p>\n<hr data-start=\"1221\" data-end=\"1224\" \/>\n<h2 data-section-id=\"yi995\" data-start=\"1226\" data-end=\"1239\">Fordeler med programmet<\/h2>\n<ul data-start=\"1240\" data-end=\"1493\">\n<li data-section-id=\"1xii8op\" data-start=\"1240\" data-end=\"1274\">Helhvitt design \u2013 Arktisk utgave<\/li>\n<li data-section-id=\"1guq3tu\" data-start=\"1275\" data-end=\"1315\">Boost-modus med opptil 10 424 lumen<\/li>\n<li data-section-id=\"absam7\" data-start=\"1316\" data-end=\"1358\">Rekkevidde p\u00e5 opptil 735 meter (1 lux)<\/li>\n<li data-section-id=\"1a0k985\" data-start=\"1359\" data-end=\"1412\">Dynamisk tofarget posisjonslys (hvitt og oransje)<\/li>\n<li data-section-id=\"zyxp1c\" data-start=\"1413\" data-end=\"1450\">Integrert E-godkjent varsellampe<\/li>\n<li data-section-id=\"6h9d5u\" data-start=\"1451\" data-end=\"1493\">Optimal fargetemperatur for bedre synlighet<\/li>\n<\/ul>\n<h2 data-section-id=\"1ugufuo\" data-start=\"1811\" data-end=\"1843\">Annen\/viktig informasjon<\/h2>\n<ul data-start=\"1844\" data-end=\"1875\">\n<li data-section-id=\"1pr8j9l\" data-start=\"1844\" data-end=\"1857\">E-autorisert<\/li>\n<li data-section-id=\"l98imx\" data-start=\"1858\" data-end=\"1875\">3 \u00e5rs garanti<\/li>\n<\/ul>","protected":false},"excerpt":{"rendered":"<p>Helhvitt 9&quot; ekstralys fra OZZ med 10 424 lumen, dynamisk posisjonslys og integrert varsellys. Perfekt for b\u00e5de vei og terreng.<\/p>","protected":false},"featured_media":28646,"comment_status":"open","ping_status":"closed","template":"","meta":{"_acf_changed":false,"_smort_price_nok":"","_smort_price_dkk":"","_smort_price_eur":"","_smort_sale_price_nok":"","_smort_sale_price_dkk":"","_smort_sale_price_eur":"","smort_restorder":"","shipmondo_restorder":"","_kad_blocks_custom_css":"","_kad_blocks_head_custom_js":"","_kad_blocks_body_custom_js":"","_kad_blocks_footer_custom_js":"","smort_custom_pricelist_1":"2816","smort_custom_pricelist_2":"2816","smort_custom_pricelist_3":"2816","smort_custom_pricelist_4":"3520","smort_custom_pricelist_5":"2816"},"anvandningsomrade":[],"bilmarken":[],"product_brand":[1051,109],"product_cat":[2839,142],"product_tag":[],"class_list":{"0":"post-28641","1":"product","2":"type-product","3":"status-publish","4":"has-post-thumbnail","6":"product_brand-ozz","7":"product_brand-ozz-lights","8":"product_cat-extraljus-9","9":"product_cat-extraljus","10":"pa_fargtemperatur-5000k","11":"pa_fuktskydd-varde-ipxx-ip69k","12":"pa_fuktskydd-varde-ipxx-ip68k","13":"pa_godkannande-ece","14":"pa_godkannande-r10","15":"pa_godkannande-r148","16":"pa_godkannande-r149","17":"pa_godkannande-emc","18":"pa_godkannande-r65","19":"pa_lampsockel-kontakt-dt-6","20":"pa_ljusbild-driving","21":"pa_stromforbrukning-1117a12v","22":"pa_stromforbrukning-562a24v","23":"pa_volt-v-10-35","25":"first","26":"onbackorder","27":"taxable","28":"shipping-taxable","29":"purchasable","30":"product-type-simple"},"bundled_by":[],"bundle_stock_status":"onbackorder","bundle_stock_quantity":0,"bundle_virtual":false,"bundle_layout":"","bundle_add_to_cart_form_location":"","bundle_editable_in_cart":false,"bundle_sold_individually_context":"","bundle_item_grouping":"","bundle_min_size":"","bundle_max_size":"","bundle_price":[],"bundled_items":[],"bundle_sell_ids":[],"acf":[],"yoast_head":"<!-- This site is optimized with the Yoast SEO plugin v27.0 - https:\/\/yoast.com\/product\/yoast-seo-wordpress\/ -->\n<title>OZZ XR3 P9&quot; R65 med varningsljus | Arctic Edition - Xenonkungen<\/title>\n<meta name=\"description\" content=\"OZZ XR3 P9\u201d 65 Arctic Edition vitt extraljus med 10 424 lumen, 735 m r\u00e4ckvidd, dynamiskt positionsljus och integrerat varningsljus.\" \/>\n<meta name=\"robots\" content=\"index, follow, max-snippet:-1, max-image-preview:large, max-video-preview:-1\" \/>\n<link rel=\"canonical\" href=\"https:\/\/xenonkungen.com\/no\/produkt\/ozz-xr3-p9-65-arktisk-utgave-hvitt-led-ekstralys-10-424-lm\/\" \/>\n<meta property=\"og:locale\" content=\"nb_NO\" \/>\n<meta property=\"og:type\" content=\"article\" \/>\n<meta property=\"og:title\" content=\"OZZ XR3 P9&quot; R65 med varningsljus | Arctic Edition - Xenonkungen\" \/>\n<meta property=\"og:description\" content=\"OZZ XR3 P9\u201d 65 Arctic Edition vitt extraljus med 10 424 lumen, 735 m r\u00e4ckvidd, dynamiskt positionsljus och integrerat varningsljus.\" \/>\n<meta property=\"og:url\" content=\"https:\/\/xenonkungen.com\/no\/produkt\/ozz-xr3-p9-65-arktisk-utgave-hvitt-led-ekstralys-10-424-lm\/\" \/>\n<meta property=\"og:site_name\" content=\"Xenonkungen\" \/>\n<meta property=\"article:modified_time\" content=\"2026-04-24T15:52:17+00:00\" \/>\n<meta property=\"og:image\" content=\"https:\/\/xenonkungen.com\/wp-content\/uploads\/2026\/03\/88108.png\" \/>\n\t<meta property=\"og:image:width\" content=\"2024\" \/>\n\t<meta property=\"og:image:height\" content=\"2024\" \/>\n\t<meta property=\"og:image:type\" content=\"image\/png\" \/>\n<meta name=\"twitter:card\" content=\"summary_large_image\" \/>\n<meta name=\"twitter:label1\" content=\"Ansl. lesetid\" \/>\n\t<meta name=\"twitter:data1\" content=\"2 minutter\" \/>\n<script type=\"application\/ld+json\" class=\"yoast-schema-graph\">{\"@context\":\"https:\/\/schema.org\",\"@graph\":[{\"@type\":\"WebPage\",\"@id\":\"https:\/\/xenonkungen.com\/produkt\/ozz-xr3-p9-65-arctic-edition-vitt-led-extraljus-10-424-lm\/\",\"url\":\"https:\/\/xenonkungen.com\/produkt\/ozz-xr3-p9-65-arctic-edition-vitt-led-extraljus-10-424-lm\/\",\"name\":\"OZZ XR3 P9\\\" R65 med varningsljus | Arctic Edition - Xenonkungen\",\"isPartOf\":{\"@id\":\"https:\/\/xenonkungen.com\/#website\"},\"primaryImageOfPage\":{\"@id\":\"https:\/\/xenonkungen.com\/produkt\/ozz-xr3-p9-65-arctic-edition-vitt-led-extraljus-10-424-lm\/#primaryimage\"},\"image\":{\"@id\":\"https:\/\/xenonkungen.com\/produkt\/ozz-xr3-p9-65-arctic-edition-vitt-led-extraljus-10-424-lm\/#primaryimage\"},\"thumbnailUrl\":\"https:\/\/xenonkungen.com\/wp-content\/uploads\/2026\/03\/88108.png\",\"datePublished\":\"2026-03-27T13:04:46+00:00\",\"dateModified\":\"2026-04-24T15:52:17+00:00\",\"description\":\"OZZ XR3 P9\u201d 65 Arctic Edition vitt extraljus med 10 424 lumen, 735 m r\u00e4ckvidd, dynamiskt positionsljus och integrerat varningsljus.\",\"breadcrumb\":{\"@id\":\"https:\/\/xenonkungen.com\/produkt\/ozz-xr3-p9-65-arctic-edition-vitt-led-extraljus-10-424-lm\/#breadcrumb\"},\"inLanguage\":\"nb-NO\",\"potentialAction\":[{\"@type\":\"ReadAction\",\"target\":[\"https:\/\/xenonkungen.com\/produkt\/ozz-xr3-p9-65-arctic-edition-vitt-led-extraljus-10-424-lm\/\"]}]},{\"@type\":\"ImageObject\",\"inLanguage\":\"nb-NO\",\"@id\":\"https:\/\/xenonkungen.com\/produkt\/ozz-xr3-p9-65-arctic-edition-vitt-led-extraljus-10-424-lm\/#primaryimage\",\"url\":\"https:\/\/xenonkungen.com\/wp-content\/uploads\/2026\/03\/88108.png\",\"contentUrl\":\"https:\/\/xenonkungen.com\/wp-content\/uploads\/2026\/03\/88108.png\",\"width\":2024,\"height\":2024},{\"@type\":\"BreadcrumbList\",\"@id\":\"https:\/\/xenonkungen.com\/produkt\/ozz-xr3-p9-65-arctic-edition-vitt-led-extraljus-10-424-lm\/#breadcrumb\",\"itemListElement\":[{\"@type\":\"ListItem\",\"position\":1,\"name\":\"Hem\",\"item\":\"https:\/\/xenonkungen.com\/\"},{\"@type\":\"ListItem\",\"position\":2,\"name\":\"Shop\",\"item\":\"https:\/\/xenonkungen.com\/shop\/\"},{\"@type\":\"ListItem\",\"position\":3,\"name\":\"OZZ XR3 P9&#8243; R65 med varningsljus | Arctic Edition\"}]},{\"@type\":\"WebSite\",\"@id\":\"https:\/\/xenonkungen.com\/#website\",\"url\":\"https:\/\/xenonkungen.com\/\",\"name\":\"Xenonkungen\",\"description\":\"\",\"potentialAction\":[{\"@type\":\"SearchAction\",\"target\":{\"@type\":\"EntryPoint\",\"urlTemplate\":\"https:\/\/xenonkungen.com\/?s={search_term_string}\"},\"query-input\":{\"@type\":\"PropertyValueSpecification\",\"valueRequired\":true,\"valueName\":\"search_term_string\"}}],\"inLanguage\":\"nb-NO\"}]}<\/script>\n<!-- \/ Yoast SEO plugin. -->","yoast_head_json":{"title":"OZZ XR3 P9&quot; R65 med varsellys | Arktisk utgave - Xenonkungen","description":"OZZ XR3 P9\u201d 65 Arctic Edition hvitt ekstralys med 10 424 lumen, 735 m rekkevidde, dynamisk posisjonslys og integrert varsellys.","robots":{"index":"index","follow":"follow","max-snippet":"max-snippet:-1","max-image-preview":"max-image-preview:large","max-video-preview":"max-video-preview:-1"},"canonical":"https:\/\/xenonkungen.com\/no\/produkt\/ozz-xr3-p9-65-arktisk-utgave-hvitt-led-ekstralys-10-424-lm\/","og_locale":"nb_NO","og_type":"article","og_title":"OZZ XR3 P9\" R65 med varningsljus | Arctic Edition - Xenonkungen","og_description":"OZZ XR3 P9\u201d 65 Arctic Edition vitt extraljus med 10 424 lumen, 735 m r\u00e4ckvidd, dynamiskt positionsljus och integrerat varningsljus.","og_url":"https:\/\/xenonkungen.com\/no\/produkt\/ozz-xr3-p9-65-arktisk-utgave-hvitt-led-ekstralys-10-424-lm\/","og_site_name":"Xenonkungen","article_modified_time":"2026-04-24T15:52:17+00:00","og_image":[{"width":2024,"height":2024,"url":"https:\/\/xenonkungen.com\/wp-content\/uploads\/2026\/03\/88108.png","type":"image\/png"}],"twitter_card":"summary_large_image","twitter_misc":{"Ansl. lesetid":"2 minutter"},"schema":{"@context":"https:\/\/schema.org","@graph":[{"@type":"WebPage","@id":"https:\/\/xenonkungen.com\/produkt\/ozz-xr3-p9-65-arctic-edition-vitt-led-extraljus-10-424-lm\/","url":"https:\/\/xenonkungen.com\/produkt\/ozz-xr3-p9-65-arctic-edition-vitt-led-extraljus-10-424-lm\/","name":"OZZ XR3 P9&quot; R65 med varsellys | Arktisk utgave - Xenonkungen","isPartOf":{"@id":"https:\/\/xenonkungen.com\/#website"},"primaryImageOfPage":{"@id":"https:\/\/xenonkungen.com\/produkt\/ozz-xr3-p9-65-arctic-edition-vitt-led-extraljus-10-424-lm\/#primaryimage"},"image":{"@id":"https:\/\/xenonkungen.com\/produkt\/ozz-xr3-p9-65-arctic-edition-vitt-led-extraljus-10-424-lm\/#primaryimage"},"thumbnailUrl":"https:\/\/xenonkungen.com\/wp-content\/uploads\/2026\/03\/88108.png","datePublished":"2026-03-27T13:04:46+00:00","dateModified":"2026-04-24T15:52:17+00:00","description":"OZZ XR3 P9\u201d 65 Arctic Edition hvitt ekstralys med 10 424 lumen, 735 m rekkevidde, dynamisk posisjonslys og integrert varsellys.","breadcrumb":{"@id":"https:\/\/xenonkungen.com\/produkt\/ozz-xr3-p9-65-arctic-edition-vitt-led-extraljus-10-424-lm\/#breadcrumb"},"inLanguage":"nb-NO","potentialAction":[{"@type":"ReadAction","target":["https:\/\/xenonkungen.com\/produkt\/ozz-xr3-p9-65-arctic-edition-vitt-led-extraljus-10-424-lm\/"]}]},{"@type":"ImageObject","inLanguage":"nb-NO","@id":"https:\/\/xenonkungen.com\/produkt\/ozz-xr3-p9-65-arctic-edition-vitt-led-extraljus-10-424-lm\/#primaryimage","url":"https:\/\/xenonkungen.com\/wp-content\/uploads\/2026\/03\/88108.png","contentUrl":"https:\/\/xenonkungen.com\/wp-content\/uploads\/2026\/03\/88108.png","width":2024,"height":2024},{"@type":"BreadcrumbList","@id":"https:\/\/xenonkungen.com\/produkt\/ozz-xr3-p9-65-arctic-edition-vitt-led-extraljus-10-424-lm\/#breadcrumb","itemListElement":[{"@type":"ListItem","position":1,"name":"Hem","item":"https:\/\/xenonkungen.com\/"},{"@type":"ListItem","position":2,"name":"Shop","item":"https:\/\/xenonkungen.com\/shop\/"},{"@type":"ListItem","position":3,"name":"OZZ XR3 P9&#8243; R65 med varningsljus | Arctic Edition"}]},{"@type":"WebSite","@id":"https:\/\/xenonkungen.com\/#website","url":"https:\/\/xenonkungen.com\/","name":"Xenonkungen","description":"","potentialAction":[{"@type":"SearchAction","target":{"@type":"EntryPoint","urlTemplate":"https:\/\/xenonkungen.com\/?s={search_term_string}"},"query-input":{"@type":"PropertyValueSpecification","valueRequired":true,"valueName":"search_term_string"}}],"inLanguage":"nb-NO"}]}},"taxonomy_info":{"product_brand":[{"value":1051,"label":"OZZ"},{"value":109,"label":"OZZ LIGHTS"}],"product_cat":[{"value":2839,"label":"Extraljus 9\""},{"value":142,"label":"Extraljus"}],"pa_fargtemperatur":[{"value":154,"label":"5000K"}],"pa_fuktskydd-varde-ipxx":[{"value":155,"label":"IP69K"},{"value":682,"label":"IP68K"}],"pa_godkannande":[{"value":192,"label":"ECE"},{"value":184,"label":"R10"},{"value":185,"label":"R148"},{"value":186,"label":"R149"},{"value":1229,"label":"EMC"},{"value":2784,"label":"R65"}],"pa_lampsockel-kontakt":[{"value":1001,"label":"DT-6"}],"pa_ljusbild":[{"value":178,"label":"Driving"}],"pa_stromforbrukning":[{"value":1133,"label":"11,17A@12V"},{"value":1047,"label":"5,62A@24V"}],"pa_volt-v":[{"value":3021,"label":"10-35"}]},"featured_image_src_large":["https:\/\/xenonkungen.com\/wp-content\/uploads\/2026\/03\/88108-1024x1024.png",1024,1024,true],"author_info":[],"comment_info":0,"_links":{"self":[{"href":"https:\/\/xenonkungen.com\/no\/wp-json\/wp\/v2\/product\/28641","targetHints":{"allow":["GET"]}}],"collection":[{"href":"https:\/\/xenonkungen.com\/no\/wp-json\/wp\/v2\/product"}],"about":[{"href":"https:\/\/xenonkungen.com\/no\/wp-json\/wp\/v2\/types\/product"}],"replies":[{"embeddable":true,"href":"https:\/\/xenonkungen.com\/no\/wp-json\/wp\/v2\/comments?post=28641"}],"wp:featuredmedia":[{"embeddable":true,"href":"https:\/\/xenonkungen.com\/no\/wp-json\/wp\/v2\/media\/28646"}],"wp:attachment":[{"href":"https:\/\/xenonkungen.com\/no\/wp-json\/wp\/v2\/media?parent=28641"}],"wp:term":[{"taxonomy":"anvandningsomrade","embeddable":true,"href":"https:\/\/xenonkungen.com\/no\/wp-json\/wp\/v2\/anvandningsomrade?post=28641"},{"taxonomy":"bilmarken","embeddable":true,"href":"https:\/\/xenonkungen.com\/no\/wp-json\/wp\/v2\/bilmarken?post=28641"},{"taxonomy":"product_brand","embeddable":true,"href":"https:\/\/xenonkungen.com\/no\/wp-json\/wp\/v2\/product_brand?post=28641"},{"taxonomy":"product_cat","embeddable":true,"href":"https:\/\/xenonkungen.com\/no\/wp-json\/wp\/v2\/product_cat?post=28641"},{"taxonomy":"product_tag","embeddable":true,"href":"https:\/\/xenonkungen.com\/no\/wp-json\/wp\/v2\/product_tag?post=28641"}],"curies":[{"name":"wp","href":"https:\/\/api.w.org\/{rel}","templated":true}]}}