{"id":2883,"date":"2025-04-15T08:45:12","date_gmt":"2025-04-15T08:45:12","guid":{"rendered":"https:\/\/xenonkungen.com\/product\/luxtar-q1-led-h1\/"},"modified":"2026-04-24T16:46:53","modified_gmt":"2026-04-24T15:46:53","slug":"luxtar-q1-led-h1","status":"publish","type":"product","link":"https:\/\/xenonkungen.com\/no\/produkt\/luxtar-q1-led-h1\/","title":{"rendered":"Luxtar\u00ae Q1 Led H1"},"content":{"rendered":"<p><strong>Perfekt for b\u00e5de motorsykkel og bil. <\/strong><\/p>\n<p>Luxtar Q1 LED er en ny serie konverteringslamper som er spesielt utviklet for \u00e5 erstatte halogenlamper, og som gir opptil 300% mer lys p\u00e5 veien sammenlignet med en tradisjonell 55 W halogenlampe. Disse lampene er designet for \u00e5 gi deg en tryggere og mer komfortabel kj\u00f8retur, enten det er dag eller natt.<\/p>\n<p>En av de unike fordelene med Luxtar Q1 LED er at de ikke krever en separat motstand. Dette gj\u00f8r det mulig \u00e5 LED-konvertere motorsykler, scootere og ATV-er som tidligere har hatt problemer med \u00e5 f\u00e5 plass til den ekstra motstanden. Den er ogs\u00e5 enkel \u00e5 installere, s\u00e5 du kan gj\u00f8re det selv uten profesjonell hjelp.<\/p>\n<p>Luxtar Q1 LED-lampene er ogs\u00e5 IP65-klassifisert, noe som betyr at de er st\u00f8vtette og s\u00e5 vanntette at de t\u00e5ler rennende vann. Dette gj\u00f8r dem ideelle for bruk i alle typer v\u00e6rforhold, slik at du kan f\u00f8le deg trygg og sikker n\u00e5r du kj\u00f8rer bil.<\/p>\n<p>N\u00e5r det gjelder lysfunksjoner, er Luxtar Q1 LED egnet for fjernlys, n\u00e6rlys og t\u00e5kelys, men det er viktig \u00e5 merke seg at den ikke er godkjent eller lovlig. Lampef\u00f8ttene H1, H3 og H7 har en roterbar lampefot, og ved \u00e5 vri p\u00e5 lampen kan du justere lysbildet.<\/p>\n<p>Luxtar Q1-serien har en effekt p\u00e5 20-25 W og er ikke kompatibel med biler som er utstyrt med canbus-systemer\/lyktoverv\u00e5king. Effekten b\u00f8r tilsvare den originale lampen (55W) for ikke \u00e5 gi feil indikasjon.<\/p>\n<p>Alt i alt er Luxtar Q1 LED en av de mest effektive og innovative l\u00f8sningene for \u00e5 oppgradere belysningen i bilen, motorsykkelen, scooteren eller ATV-en din. Med h\u00f8y lysstyrke, lavt str\u00f8mforbruk og holdbarhet mot v\u00e6r og milj\u00f8 er det et utmerket valg for deg som \u00f8nsker en tryggere og mer komfortabel kj\u00f8retur.<\/p>\n<p><strong>Godt \u00e5 vite<\/strong><br \/>Uavhengighet av polaritet.<br \/>Q1 LED i lampesoklene H1, H3 og H7 har en roterbar lampesokkel, og ved \u00e5 vri p\u00e5 lampen kan lysbildet justeres.<br \/>IP65-klassifisert, noe som betyr at den er st\u00f8vtett og vanntett s\u00e5 godt at den t\u00e5ler rennende vann.<br \/>Q1-serien har en effekt p\u00e5 20-25W er ikke kompatibel i kj\u00f8ret\u00f8y utstyrt med canbus-system \/ lampeoverv\u00e5king, og effekten b\u00f8r tilsvare den originale lampen (55W) for ikke \u00e5 feilindikere. <br \/>Luxtar Q1 er ogs\u00e5 egnet for andre kj\u00f8ret\u00f8y med H1-kontakter, som traktorer, bobiler og lastebiler.<\/p>\n<p><strong>Innhold i leveransen:<\/strong><br \/>1. Luxtar Q1 LED-lampe H1<\/p>\n<p><strong>Funksjonsgaranti:<\/strong> 1 \u00e5r<\/p>","protected":false},"excerpt":{"rendered":"<p>LUXTAR\u00ae Q1 med H1 LED er en ny serie LED-lamper med Plug-n-Play-installasjon som erstatter den eksisterende halogenlampen i fjernlys, n\u00e6rlys eller t\u00e5kelys. <b>Lysstyrke +300%<\/b> \u00d8ker lysstyrken med opptil 300% sammenlignet med en standard 55 W halogenlampe. <b>Bruksomr\u00e5der<\/b> Motorsykkel, bil, bobil, traktor, ATV  <b>Innhold i leveransen<\/b> 1. LUXTAR\u00ae Q1 LED H1<\/p>","protected":false},"featured_media":2884,"comment_status":"closed","ping_status":"open","template":"","meta":{"_acf_changed":false,"_smort_price_nok":"347","_smort_price_dkk":"221","_smort_price_eur":"29.54","_smort_sale_price_nok":"","_smort_sale_price_dkk":"","_smort_sale_price_eur":"","smort_restorder":"","shipmondo_restorder":"","_kad_blocks_custom_css":"","_kad_blocks_head_custom_js":"","_kad_blocks_body_custom_js":"","_kad_blocks_footer_custom_js":"","smort_custom_pricelist_1":"208","smort_custom_pricelist_2":"182","smort_custom_pricelist_3":"172.9","smort_custom_pricelist_4":"260","smort_custom_pricelist_5":"182"},"anvandningsomrade":[398],"bilmarken":[],"product_brand":[103],"product_cat":[2826,733],"product_tag":[],"class_list":{"0":"post-2883","1":"product","2":"type-product","3":"status-publish","4":"has-post-thumbnail","6":"anvandningsomrade-motorcykel","7":"product_brand-luxtar","8":"product_cat-luxtar","9":"product_cat-halvljus-helljus","10":"pa_fargtemperatur-6500k","11":"pa_fuktskydd-varde-ipxx-ip65","12":"pa_lampsockel-kontakt-h1","13":"pa_volt-v-12-24","15":"first","16":"instock","17":"taxable","18":"shipping-taxable","19":"purchasable","20":"product-type-simple"},"bundled_by":[],"bundle_stock_status":"instock","bundle_stock_quantity":146,"bundle_virtual":false,"bundle_layout":"","bundle_add_to_cart_form_location":"","bundle_editable_in_cart":false,"bundle_sold_individually_context":"","bundle_item_grouping":"","bundle_min_size":"","bundle_max_size":"","bundle_price":[],"bundled_items":[],"bundle_sell_ids":[],"acf":[],"yoast_head":"<!-- This site is optimized with the Yoast SEO plugin v27.0 - https:\/\/yoast.com\/product\/yoast-seo-wordpress\/ -->\n<title>Luxtar\u00ae Q1 Led H1 - Xenonkungen<\/title>\n<meta name=\"robots\" content=\"index, follow, max-snippet:-1, max-image-preview:large, max-video-preview:-1\" \/>\n<link rel=\"canonical\" href=\"https:\/\/xenonkungen.com\/no\/produkt\/luxtar-q1-led-h1\/\" \/>\n<meta property=\"og:locale\" content=\"nb_NO\" \/>\n<meta property=\"og:type\" content=\"article\" \/>\n<meta property=\"og:title\" content=\"Luxtar\u00ae Q1 Led H1 - Xenonkungen\" \/>\n<meta property=\"og:description\" content=\"LUXTAR\u00ae Q1 med H1 LED \u00e4r ny serie LED lampor med en Plug-n-Play installation ers\u00e4tter befintlig halogen lampa i helljus, halvljus eller dimljus. Ljusstyrka +300% \u00d6kar ljusstyrkan med upp till 300% mot en standard 55W halogenlampa. Anv\u00e4ndningsomr\u00e5den MC, bil, husbil, traktorer, ATV Leveransinneh\u00e5ll 1st LUXTAR\u00ae Q1 LED H1\" \/>\n<meta property=\"og:url\" content=\"https:\/\/xenonkungen.com\/no\/produkt\/luxtar-q1-led-h1\/\" \/>\n<meta property=\"og:site_name\" content=\"Xenonkungen\" \/>\n<meta property=\"article:modified_time\" content=\"2026-04-24T15:46:53+00:00\" \/>\n<meta property=\"og:image\" content=\"https:\/\/xenonkungen.com\/wp-content\/uploads\/2025\/04\/172523749-origpic-1493f4.png\" \/>\n\t<meta property=\"og:image:width\" content=\"1000\" \/>\n\t<meta property=\"og:image:height\" content=\"1000\" \/>\n\t<meta property=\"og:image:type\" content=\"image\/png\" \/>\n<meta name=\"twitter:card\" content=\"summary_large_image\" \/>\n<meta name=\"twitter:label1\" content=\"Ansl. lesetid\" \/>\n\t<meta name=\"twitter:data1\" content=\"2 minutter\" \/>\n<script type=\"application\/ld+json\" class=\"yoast-schema-graph\">{\"@context\":\"https:\/\/schema.org\",\"@graph\":[{\"@type\":\"WebPage\",\"@id\":\"https:\/\/xenonkungen.com\/produkt\/luxtar-q1-led-h1\/\",\"url\":\"https:\/\/xenonkungen.com\/produkt\/luxtar-q1-led-h1\/\",\"name\":\"Luxtar\u00ae Q1 Led H1 - Xenonkungen\",\"isPartOf\":{\"@id\":\"https:\/\/xenonkungen.com\/#website\"},\"primaryImageOfPage\":{\"@id\":\"https:\/\/xenonkungen.com\/produkt\/luxtar-q1-led-h1\/#primaryimage\"},\"image\":{\"@id\":\"https:\/\/xenonkungen.com\/produkt\/luxtar-q1-led-h1\/#primaryimage\"},\"thumbnailUrl\":\"https:\/\/xenonkungen.com\/wp-content\/uploads\/2025\/04\/172523749-origpic-1493f4.png\",\"datePublished\":\"2025-04-15T08:45:12+00:00\",\"dateModified\":\"2026-04-24T15:46:53+00:00\",\"breadcrumb\":{\"@id\":\"https:\/\/xenonkungen.com\/produkt\/luxtar-q1-led-h1\/#breadcrumb\"},\"inLanguage\":\"nb-NO\",\"potentialAction\":[{\"@type\":\"ReadAction\",\"target\":[\"https:\/\/xenonkungen.com\/produkt\/luxtar-q1-led-h1\/\"]}]},{\"@type\":\"ImageObject\",\"inLanguage\":\"nb-NO\",\"@id\":\"https:\/\/xenonkungen.com\/produkt\/luxtar-q1-led-h1\/#primaryimage\",\"url\":\"https:\/\/xenonkungen.com\/wp-content\/uploads\/2025\/04\/172523749-origpic-1493f4.png\",\"contentUrl\":\"https:\/\/xenonkungen.com\/wp-content\/uploads\/2025\/04\/172523749-origpic-1493f4.png\",\"width\":1000,\"height\":1000},{\"@type\":\"BreadcrumbList\",\"@id\":\"https:\/\/xenonkungen.com\/produkt\/luxtar-q1-led-h1\/#breadcrumb\",\"itemListElement\":[{\"@type\":\"ListItem\",\"position\":1,\"name\":\"Hem\",\"item\":\"https:\/\/xenonkungen.com\/\"},{\"@type\":\"ListItem\",\"position\":2,\"name\":\"Shop\",\"item\":\"https:\/\/xenonkungen.com\/shop\/\"},{\"@type\":\"ListItem\",\"position\":3,\"name\":\"Luxtar\u00ae Q1 Led H1\"}]},{\"@type\":\"WebSite\",\"@id\":\"https:\/\/xenonkungen.com\/#website\",\"url\":\"https:\/\/xenonkungen.com\/\",\"name\":\"Xenonkungen\",\"description\":\"\",\"potentialAction\":[{\"@type\":\"SearchAction\",\"target\":{\"@type\":\"EntryPoint\",\"urlTemplate\":\"https:\/\/xenonkungen.com\/?s={search_term_string}\"},\"query-input\":{\"@type\":\"PropertyValueSpecification\",\"valueRequired\":true,\"valueName\":\"search_term_string\"}}],\"inLanguage\":\"nb-NO\"}]}<\/script>\n<!-- \/ Yoast SEO plugin. -->","yoast_head_json":{"title":"Luxtar\u00ae Q1 LED H1 \u2013 Xenon-kongen","robots":{"index":"index","follow":"follow","max-snippet":"max-snippet:-1","max-image-preview":"max-image-preview:large","max-video-preview":"max-video-preview:-1"},"canonical":"https:\/\/xenonkungen.com\/no\/produkt\/luxtar-q1-led-h1\/","og_locale":"nb_NO","og_type":"article","og_title":"Luxtar\u00ae Q1 Led H1 - Xenonkungen","og_description":"LUXTAR\u00ae Q1 med H1 LED \u00e4r ny serie LED lampor med en Plug-n-Play installation ers\u00e4tter befintlig halogen lampa i helljus, halvljus eller dimljus. Ljusstyrka +300% \u00d6kar ljusstyrkan med upp till 300% mot en standard 55W halogenlampa. Anv\u00e4ndningsomr\u00e5den MC, bil, husbil, traktorer, ATV Leveransinneh\u00e5ll 1st LUXTAR\u00ae Q1 LED H1","og_url":"https:\/\/xenonkungen.com\/no\/produkt\/luxtar-q1-led-h1\/","og_site_name":"Xenonkungen","article_modified_time":"2026-04-24T15:46:53+00:00","og_image":[{"width":1000,"height":1000,"url":"https:\/\/xenonkungen.com\/wp-content\/uploads\/2025\/04\/172523749-origpic-1493f4.png","type":"image\/png"}],"twitter_card":"summary_large_image","twitter_misc":{"Ansl. lesetid":"2 minutter"},"schema":{"@context":"https:\/\/schema.org","@graph":[{"@type":"WebPage","@id":"https:\/\/xenonkungen.com\/produkt\/luxtar-q1-led-h1\/","url":"https:\/\/xenonkungen.com\/produkt\/luxtar-q1-led-h1\/","name":"Luxtar\u00ae Q1 LED H1 \u2013 Xenon-kongen","isPartOf":{"@id":"https:\/\/xenonkungen.com\/#website"},"primaryImageOfPage":{"@id":"https:\/\/xenonkungen.com\/produkt\/luxtar-q1-led-h1\/#primaryimage"},"image":{"@id":"https:\/\/xenonkungen.com\/produkt\/luxtar-q1-led-h1\/#primaryimage"},"thumbnailUrl":"https:\/\/xenonkungen.com\/wp-content\/uploads\/2025\/04\/172523749-origpic-1493f4.png","datePublished":"2025-04-15T08:45:12+00:00","dateModified":"2026-04-24T15:46:53+00:00","breadcrumb":{"@id":"https:\/\/xenonkungen.com\/produkt\/luxtar-q1-led-h1\/#breadcrumb"},"inLanguage":"nb-NO","potentialAction":[{"@type":"ReadAction","target":["https:\/\/xenonkungen.com\/produkt\/luxtar-q1-led-h1\/"]}]},{"@type":"ImageObject","inLanguage":"nb-NO","@id":"https:\/\/xenonkungen.com\/produkt\/luxtar-q1-led-h1\/#primaryimage","url":"https:\/\/xenonkungen.com\/wp-content\/uploads\/2025\/04\/172523749-origpic-1493f4.png","contentUrl":"https:\/\/xenonkungen.com\/wp-content\/uploads\/2025\/04\/172523749-origpic-1493f4.png","width":1000,"height":1000},{"@type":"BreadcrumbList","@id":"https:\/\/xenonkungen.com\/produkt\/luxtar-q1-led-h1\/#breadcrumb","itemListElement":[{"@type":"ListItem","position":1,"name":"Hem","item":"https:\/\/xenonkungen.com\/"},{"@type":"ListItem","position":2,"name":"Shop","item":"https:\/\/xenonkungen.com\/shop\/"},{"@type":"ListItem","position":3,"name":"Luxtar\u00ae Q1 Led H1"}]},{"@type":"WebSite","@id":"https:\/\/xenonkungen.com\/#website","url":"https:\/\/xenonkungen.com\/","name":"Xenonkungen","description":"","potentialAction":[{"@type":"SearchAction","target":{"@type":"EntryPoint","urlTemplate":"https:\/\/xenonkungen.com\/?s={search_term_string}"},"query-input":{"@type":"PropertyValueSpecification","valueRequired":true,"valueName":"search_term_string"}}],"inLanguage":"nb-NO"}]}},"taxonomy_info":{"anvandningsomrade":[{"value":398,"label":"Motorcykel"}],"product_brand":[{"value":103,"label":"LUXTAR"}],"product_cat":[{"value":2826,"label":"LUXTAR"},{"value":733,"label":"Halvljus \/ Helljus"}],"pa_fargtemperatur":[{"value":353,"label":"6500K"}],"pa_fuktskydd-varde-ipxx":[{"value":520,"label":"IP65"}],"pa_lampsockel-kontakt":[{"value":336,"label":"H1"}],"pa_volt-v":[{"value":348,"label":"12, 24"}]},"featured_image_src_large":["https:\/\/xenonkungen.com\/wp-content\/uploads\/2025\/04\/172523749-origpic-1493f4.png",1000,1000,false],"author_info":[],"comment_info":2,"_links":{"self":[{"href":"https:\/\/xenonkungen.com\/no\/wp-json\/wp\/v2\/product\/2883","targetHints":{"allow":["GET"]}}],"collection":[{"href":"https:\/\/xenonkungen.com\/no\/wp-json\/wp\/v2\/product"}],"about":[{"href":"https:\/\/xenonkungen.com\/no\/wp-json\/wp\/v2\/types\/product"}],"replies":[{"embeddable":true,"href":"https:\/\/xenonkungen.com\/no\/wp-json\/wp\/v2\/comments?post=2883"}],"wp:featuredmedia":[{"embeddable":true,"href":"https:\/\/xenonkungen.com\/no\/wp-json\/wp\/v2\/media\/2884"}],"wp:attachment":[{"href":"https:\/\/xenonkungen.com\/no\/wp-json\/wp\/v2\/media?parent=2883"}],"wp:term":[{"taxonomy":"anvandningsomrade","embeddable":true,"href":"https:\/\/xenonkungen.com\/no\/wp-json\/wp\/v2\/anvandningsomrade?post=2883"},{"taxonomy":"bilmarken","embeddable":true,"href":"https:\/\/xenonkungen.com\/no\/wp-json\/wp\/v2\/bilmarken?post=2883"},{"taxonomy":"product_brand","embeddable":true,"href":"https:\/\/xenonkungen.com\/no\/wp-json\/wp\/v2\/product_brand?post=2883"},{"taxonomy":"product_cat","embeddable":true,"href":"https:\/\/xenonkungen.com\/no\/wp-json\/wp\/v2\/product_cat?post=2883"},{"taxonomy":"product_tag","embeddable":true,"href":"https:\/\/xenonkungen.com\/no\/wp-json\/wp\/v2\/product_tag?post=2883"}],"curies":[{"name":"wp","href":"https:\/\/api.w.org\/{rel}","templated":true}]}}