{"id":29064,"date":"2026-04-10T10:12:51","date_gmt":"2026-04-10T09:12:51","guid":{"rendered":"https:\/\/xenonkungen.com\/?post_type=product&#038;p=29064"},"modified":"2026-04-10T12:25:35","modified_gmt":"2026-04-10T11:25:35","slug":"ozz-wb1-20-arbeidslysbjelke-rott-posisjonslys","status":"publish","type":"product","link":"https:\/\/xenonkungen.com\/no\/produkt\/ozz-wb1-20-arbeidslysbjelke-rott-posisjonslys\/","title":{"rendered":"OZZ WB1 20\u2033 arbeidslysbjelke | R\u00f8dt posisjonslys"},"content":{"rendered":"<p data-start=\"383\" data-end=\"447\"><strong data-start=\"383\" data-end=\"445\">Kraftig LED-belysning for maksimal synlighet og sikkerhet<\/strong><\/p>\n<p data-start=\"449\" data-end=\"691\">OZZ WB1 20\u2033 er en h\u00f8ytytende arbeidslysbjelke som kombinerer kraft, funksjon og design. Med hele 9050 faktiske lumen og en rekkevidde p\u00e5 opptil 165 meter f\u00e5r du en bred og effektiv lysstr\u00f8m som forbedrer sikten i alle arbeidsmilj\u00f8er.<\/p>\n<h2 data-section-id=\"676rfh\" data-start=\"693\" data-end=\"741\"><span role=\"text\"><strong data-start=\"696\" data-end=\"739\">Avanserte funksjoner og moderne design<\/strong><\/span><\/h2>\n<p data-start=\"742\" data-end=\"998\">WB1 er utstyrt med 28 LED-p\u00e6rer av h\u00f8y kvalitet og leverer et sterkt lys med en fargetemperatur p\u00e5 5000K \u2013 optimalt for b\u00e5de arbeidskj\u00f8ret\u00f8y og krevende milj\u00f8er. Det dynamiske r\u00f8de posisjonslyset gir et unikt og stilig utseende samtidig som det \u00f8ker synligheten.<\/p>\n<h2 data-section-id=\"1kuc7h3\" data-start=\"1000\" data-end=\"1037\"><span role=\"text\"><strong data-start=\"1003\" data-end=\"1035\">Bygget for t\u00f8ffe forhold<\/strong><\/span><\/h2>\n<p data-start=\"1038\" data-end=\"1267\">Denne rampen er laget av slitesterkt aluminium og polykarbonat, og er bygget for \u00e5 t\u00e5le t\u00f8ffe forhold. Med en IP68\/IP69K-klassifisering er den motstandsdyktig mot st\u00f8v, vann og h\u00f8ytrykksspyling \u2013 perfekt for profesjonell bruk hele \u00e5ret.<\/p>\n<h2 data-section-id=\"1kkskgb\" data-start=\"1269\" data-end=\"1304\"><span role=\"text\"><strong data-start=\"1272\" data-end=\"1302\">Sikker og godkjent kvalitet<\/strong><\/span><\/h2>\n<p data-start=\"1305\" data-end=\"1454\">OZZ WB1 er E-godkjent i henhold til ECE R148 og R10, noe som gj\u00f8r den trygg \u00e5 bruke i trafikken. Med 3 \u00e5rs garanti f\u00e5r du ogs\u00e5 ekstra trygghet ved kj\u00f8pet.<\/p>","protected":false},"excerpt":{"rendered":"<p>Kraftig arbeidslysbjelke med 9050 lumen og opptil 165 meters rekkevidde. Dynamisk r\u00f8dt posisjonslys, robust konstruksjon og IP68\/IP69K \u2013 perfekt for t\u00f8ffe milj\u00f8er.<\/p>","protected":false},"featured_media":29065,"comment_status":"open","ping_status":"closed","template":"","meta":{"_acf_changed":false,"_smort_price_nok":"","_smort_price_dkk":"","_smort_price_eur":"","_smort_sale_price_nok":"","_smort_sale_price_dkk":"","_smort_sale_price_eur":"","smort_restorder":"","shipmondo_restorder":"","_kad_blocks_custom_css":"","_kad_blocks_head_custom_js":"","_kad_blocks_body_custom_js":"","_kad_blocks_footer_custom_js":"","smort_custom_pricelist_1":"2720","smort_custom_pricelist_2":"2720","smort_custom_pricelist_3":"2720","smort_custom_pricelist_4":"3400","smort_custom_pricelist_5":"2720"},"anvandningsomrade":[],"bilmarken":[],"product_brand":[1051,109],"product_cat":[2551,508],"product_tag":[],"class_list":{"0":"post-29064","1":"product","2":"type-product","3":"status-publish","4":"has-post-thumbnail","6":"product_brand-ozz","7":"product_brand-ozz-lights","8":"product_cat-arbetsljusramp-arbetsbelysning","9":"product_cat-arbetsbelysning","10":"pa_fargtemperatur-5000k","11":"pa_fuktskydd-varde-ipxx-ip68-ip69k","12":"pa_lampsockel-kontakt-dt-3","13":"pa_ljusbild-driving","14":"pa_storlek-mm-5307x43x70","15":"pa_stromforbrukning-542a-24v","16":"pa_stromforbrukning-9a-137v","17":"pa_volt-v-multivolt-10-12-16-18-24-28-30-32","19":"first","20":"onbackorder","21":"taxable","22":"shipping-taxable","23":"purchasable","24":"product-type-simple"},"bundled_by":[],"bundle_stock_status":"onbackorder","bundle_stock_quantity":null,"bundle_virtual":false,"bundle_layout":"","bundle_add_to_cart_form_location":"","bundle_editable_in_cart":false,"bundle_sold_individually_context":"","bundle_item_grouping":"","bundle_min_size":"","bundle_max_size":"","bundle_price":[],"bundled_items":[],"bundle_sell_ids":[],"acf":[],"yoast_head":"<!-- This site is optimized with the Yoast SEO plugin v27.0 - https:\/\/yoast.com\/product\/yoast-seo-wordpress\/ -->\n<title>OZZ WB1 20&quot; Arbetsljusramp | R\u00f6tt positionsljus - Xenonkungen Arbetsljusramp WB1 20&quot; 9050lm R\u00f6d Positionsljus, OZZ - Xenonkungen<\/title>\n<meta name=\"description\" content=\"K\u00f6p OZZ WB1 20&quot; arbetsljusramp med 9050 lumen och r\u00f6tt positionsljus. Robust IP68\/IP69K. Snabb leverans. \u00d6ppet k\u00f6p 30 dagar. Handla p\u00e5 xenonkungen.com!\" \/>\n<meta name=\"robots\" content=\"index, follow, max-snippet:-1, max-image-preview:large, max-video-preview:-1\" \/>\n<link rel=\"canonical\" href=\"https:\/\/xenonkungen.com\/no\/produkt\/ozz-wb1-20-arbeidslysbjelke-rott-posisjonslys\/\" \/>\n<meta property=\"og:locale\" content=\"nb_NO\" \/>\n<meta property=\"og:type\" content=\"article\" \/>\n<meta property=\"og:title\" content=\"OZZ WB1 20&quot; Arbetsljusramp | R\u00f6tt positionsljus - Xenonkungen Arbetsljusramp WB1 20&quot; 9050lm R\u00f6d Positionsljus, OZZ - Xenonkungen\" \/>\n<meta property=\"og:description\" content=\"K\u00f6p OZZ WB1 20&quot; arbetsljusramp med 9050 lumen och r\u00f6tt positionsljus. Robust IP68\/IP69K. Snabb leverans. \u00d6ppet k\u00f6p 30 dagar. Handla p\u00e5 xenonkungen.com!\" \/>\n<meta property=\"og:url\" content=\"https:\/\/xenonkungen.com\/no\/produkt\/ozz-wb1-20-arbeidslysbjelke-rott-posisjonslys\/\" \/>\n<meta property=\"og:site_name\" content=\"Xenonkungen\" \/>\n<meta property=\"article:modified_time\" content=\"2026-04-10T11:25:35+00:00\" \/>\n<meta property=\"og:image\" content=\"https:\/\/xenonkungen.com\/wp-content\/uploads\/2026\/04\/88504-angle.jpg\" \/>\n\t<meta property=\"og:image:width\" content=\"900\" \/>\n\t<meta property=\"og:image:height\" content=\"900\" \/>\n\t<meta property=\"og:image:type\" content=\"image\/jpeg\" \/>\n<meta name=\"twitter:card\" content=\"summary_large_image\" \/>\n<meta name=\"twitter:label1\" content=\"Ansl. lesetid\" \/>\n\t<meta name=\"twitter:data1\" content=\"1 minutt\" \/>\n<script type=\"application\/ld+json\" class=\"yoast-schema-graph\">{\"@context\":\"https:\/\/schema.org\",\"@graph\":[{\"@type\":\"WebPage\",\"@id\":\"https:\/\/xenonkungen.com\/produkt\/ozz-wb1-20-arbetsljusramp-rott-positionsljus\/\",\"url\":\"https:\/\/xenonkungen.com\/produkt\/ozz-wb1-20-arbetsljusramp-rott-positionsljus\/\",\"name\":\"OZZ WB1 20\\\" Arbetsljusramp | R\u00f6tt positionsljus - Xenonkungen Arbetsljusramp WB1 20\\\" 9050lm R\u00f6d Positionsljus, OZZ - Xenonkungen\",\"isPartOf\":{\"@id\":\"https:\/\/xenonkungen.com\/#website\"},\"primaryImageOfPage\":{\"@id\":\"https:\/\/xenonkungen.com\/produkt\/ozz-wb1-20-arbetsljusramp-rott-positionsljus\/#primaryimage\"},\"image\":{\"@id\":\"https:\/\/xenonkungen.com\/produkt\/ozz-wb1-20-arbetsljusramp-rott-positionsljus\/#primaryimage\"},\"thumbnailUrl\":\"https:\/\/xenonkungen.com\/wp-content\/uploads\/2026\/04\/88504-angle.jpg\",\"datePublished\":\"2026-04-10T09:12:51+00:00\",\"dateModified\":\"2026-04-10T11:25:35+00:00\",\"description\":\"K\u00f6p OZZ WB1 20\\\" arbetsljusramp med 9050 lumen och r\u00f6tt positionsljus. Robust IP68\/IP69K. Snabb leverans. \u00d6ppet k\u00f6p 30 dagar. Handla p\u00e5 xenonkungen.com!\",\"breadcrumb\":{\"@id\":\"https:\/\/xenonkungen.com\/produkt\/ozz-wb1-20-arbetsljusramp-rott-positionsljus\/#breadcrumb\"},\"inLanguage\":\"nb-NO\",\"potentialAction\":[{\"@type\":\"ReadAction\",\"target\":[\"https:\/\/xenonkungen.com\/produkt\/ozz-wb1-20-arbetsljusramp-rott-positionsljus\/\"]}]},{\"@type\":\"ImageObject\",\"inLanguage\":\"nb-NO\",\"@id\":\"https:\/\/xenonkungen.com\/produkt\/ozz-wb1-20-arbetsljusramp-rott-positionsljus\/#primaryimage\",\"url\":\"https:\/\/xenonkungen.com\/wp-content\/uploads\/2026\/04\/88504-angle.jpg\",\"contentUrl\":\"https:\/\/xenonkungen.com\/wp-content\/uploads\/2026\/04\/88504-angle.jpg\",\"width\":900,\"height\":900},{\"@type\":\"BreadcrumbList\",\"@id\":\"https:\/\/xenonkungen.com\/produkt\/ozz-wb1-20-arbetsljusramp-rott-positionsljus\/#breadcrumb\",\"itemListElement\":[{\"@type\":\"ListItem\",\"position\":1,\"name\":\"Hem\",\"item\":\"https:\/\/xenonkungen.com\/\"},{\"@type\":\"ListItem\",\"position\":2,\"name\":\"Shop\",\"item\":\"https:\/\/xenonkungen.com\/shop\/\"},{\"@type\":\"ListItem\",\"position\":3,\"name\":\"OZZ WB1 20&#8243; Arbetsljusramp | R\u00f6tt positionsljus\"}]},{\"@type\":\"WebSite\",\"@id\":\"https:\/\/xenonkungen.com\/#website\",\"url\":\"https:\/\/xenonkungen.com\/\",\"name\":\"Xenonkungen\",\"description\":\"\",\"potentialAction\":[{\"@type\":\"SearchAction\",\"target\":{\"@type\":\"EntryPoint\",\"urlTemplate\":\"https:\/\/xenonkungen.com\/?s={search_term_string}\"},\"query-input\":{\"@type\":\"PropertyValueSpecification\",\"valueRequired\":true,\"valueName\":\"search_term_string\"}}],\"inLanguage\":\"nb-NO\"}]}<\/script>\n<!-- \/ Yoast SEO plugin. -->","yoast_head_json":{"title":"OZZ WB1 20&quot; arbeidslysbjelke | R\u00f8dt posisjonslys - Xenonkungen Arbeidslysbjelke WB1 20&quot; 9050lm R\u00f8dt posisjonslys, OZZ - Xenonkungen","description":"Kj\u00f8p OZZ WB1 20&quot; arbeidslysbjelke med 9050 lumen og r\u00f8dt posisjonslys. Robust IP68\/IP69K. Rask levering. \u00c5pent kj\u00f8p i 30 dager. Handle p\u00e5 xenonkungen.com!","robots":{"index":"index","follow":"follow","max-snippet":"max-snippet:-1","max-image-preview":"max-image-preview:large","max-video-preview":"max-video-preview:-1"},"canonical":"https:\/\/xenonkungen.com\/no\/produkt\/ozz-wb1-20-arbeidslysbjelke-rott-posisjonslys\/","og_locale":"nb_NO","og_type":"article","og_title":"OZZ WB1 20\" Arbetsljusramp | R\u00f6tt positionsljus - Xenonkungen Arbetsljusramp WB1 20\" 9050lm R\u00f6d Positionsljus, OZZ - Xenonkungen","og_description":"K\u00f6p OZZ WB1 20\" arbetsljusramp med 9050 lumen och r\u00f6tt positionsljus. Robust IP68\/IP69K. Snabb leverans. \u00d6ppet k\u00f6p 30 dagar. Handla p\u00e5 xenonkungen.com!","og_url":"https:\/\/xenonkungen.com\/no\/produkt\/ozz-wb1-20-arbeidslysbjelke-rott-posisjonslys\/","og_site_name":"Xenonkungen","article_modified_time":"2026-04-10T11:25:35+00:00","og_image":[{"width":900,"height":900,"url":"https:\/\/xenonkungen.com\/wp-content\/uploads\/2026\/04\/88504-angle.jpg","type":"image\/jpeg"}],"twitter_card":"summary_large_image","twitter_misc":{"Ansl. lesetid":"1 minutt"},"schema":{"@context":"https:\/\/schema.org","@graph":[{"@type":"WebPage","@id":"https:\/\/xenonkungen.com\/produkt\/ozz-wb1-20-arbetsljusramp-rott-positionsljus\/","url":"https:\/\/xenonkungen.com\/produkt\/ozz-wb1-20-arbetsljusramp-rott-positionsljus\/","name":"OZZ WB1 20&quot; arbeidslysbjelke | R\u00f8dt posisjonslys - Xenonkungen Arbeidslysbjelke WB1 20&quot; 9050lm R\u00f8dt posisjonslys, OZZ - Xenonkungen","isPartOf":{"@id":"https:\/\/xenonkungen.com\/#website"},"primaryImageOfPage":{"@id":"https:\/\/xenonkungen.com\/produkt\/ozz-wb1-20-arbetsljusramp-rott-positionsljus\/#primaryimage"},"image":{"@id":"https:\/\/xenonkungen.com\/produkt\/ozz-wb1-20-arbetsljusramp-rott-positionsljus\/#primaryimage"},"thumbnailUrl":"https:\/\/xenonkungen.com\/wp-content\/uploads\/2026\/04\/88504-angle.jpg","datePublished":"2026-04-10T09:12:51+00:00","dateModified":"2026-04-10T11:25:35+00:00","description":"Kj\u00f8p OZZ WB1 20&quot; arbeidslysbjelke med 9050 lumen og r\u00f8dt posisjonslys. Robust IP68\/IP69K. Rask levering. \u00c5pent kj\u00f8p i 30 dager. Handle p\u00e5 xenonkungen.com!","breadcrumb":{"@id":"https:\/\/xenonkungen.com\/produkt\/ozz-wb1-20-arbetsljusramp-rott-positionsljus\/#breadcrumb"},"inLanguage":"nb-NO","potentialAction":[{"@type":"ReadAction","target":["https:\/\/xenonkungen.com\/produkt\/ozz-wb1-20-arbetsljusramp-rott-positionsljus\/"]}]},{"@type":"ImageObject","inLanguage":"nb-NO","@id":"https:\/\/xenonkungen.com\/produkt\/ozz-wb1-20-arbetsljusramp-rott-positionsljus\/#primaryimage","url":"https:\/\/xenonkungen.com\/wp-content\/uploads\/2026\/04\/88504-angle.jpg","contentUrl":"https:\/\/xenonkungen.com\/wp-content\/uploads\/2026\/04\/88504-angle.jpg","width":900,"height":900},{"@type":"BreadcrumbList","@id":"https:\/\/xenonkungen.com\/produkt\/ozz-wb1-20-arbetsljusramp-rott-positionsljus\/#breadcrumb","itemListElement":[{"@type":"ListItem","position":1,"name":"Hem","item":"https:\/\/xenonkungen.com\/"},{"@type":"ListItem","position":2,"name":"Shop","item":"https:\/\/xenonkungen.com\/shop\/"},{"@type":"ListItem","position":3,"name":"OZZ WB1 20&#8243; Arbetsljusramp | R\u00f6tt positionsljus"}]},{"@type":"WebSite","@id":"https:\/\/xenonkungen.com\/#website","url":"https:\/\/xenonkungen.com\/","name":"Xenonkungen","description":"","potentialAction":[{"@type":"SearchAction","target":{"@type":"EntryPoint","urlTemplate":"https:\/\/xenonkungen.com\/?s={search_term_string}"},"query-input":{"@type":"PropertyValueSpecification","valueRequired":true,"valueName":"search_term_string"}}],"inLanguage":"nb-NO"}]}},"taxonomy_info":{"product_brand":[{"value":1051,"label":"OZZ"},{"value":109,"label":"OZZ LIGHTS"}],"product_cat":[{"value":2551,"label":"Arbetsljusramp"},{"value":508,"label":"Arbetsbelysning"}],"pa_fargtemperatur":[{"value":154,"label":"5000K"}],"pa_fuktskydd-varde-ipxx":[{"value":402,"label":"IP68. IP69K"}],"pa_lampsockel-kontakt":[{"value":2147,"label":"DT-3"}],"pa_ljusbild":[{"value":178,"label":"Driving"}],"pa_storlek-mm":[{"value":3025,"label":"530,7x43x70"}],"pa_stromforbrukning":[{"value":3027,"label":"5,42A @ 24V"},{"value":3026,"label":"9A @13,7V"}],"pa_volt-v":[{"value":1084,"label":"Multivolt, 10, 12, 16, 18, 24, 28, 30, 32"}]},"featured_image_src_large":["https:\/\/xenonkungen.com\/wp-content\/uploads\/2026\/04\/88504-angle.jpg",900,900,false],"author_info":[],"comment_info":0,"_links":{"self":[{"href":"https:\/\/xenonkungen.com\/no\/wp-json\/wp\/v2\/product\/29064","targetHints":{"allow":["GET"]}}],"collection":[{"href":"https:\/\/xenonkungen.com\/no\/wp-json\/wp\/v2\/product"}],"about":[{"href":"https:\/\/xenonkungen.com\/no\/wp-json\/wp\/v2\/types\/product"}],"replies":[{"embeddable":true,"href":"https:\/\/xenonkungen.com\/no\/wp-json\/wp\/v2\/comments?post=29064"}],"wp:featuredmedia":[{"embeddable":true,"href":"https:\/\/xenonkungen.com\/no\/wp-json\/wp\/v2\/media\/29065"}],"wp:attachment":[{"href":"https:\/\/xenonkungen.com\/no\/wp-json\/wp\/v2\/media?parent=29064"}],"wp:term":[{"taxonomy":"anvandningsomrade","embeddable":true,"href":"https:\/\/xenonkungen.com\/no\/wp-json\/wp\/v2\/anvandningsomrade?post=29064"},{"taxonomy":"bilmarken","embeddable":true,"href":"https:\/\/xenonkungen.com\/no\/wp-json\/wp\/v2\/bilmarken?post=29064"},{"taxonomy":"product_brand","embeddable":true,"href":"https:\/\/xenonkungen.com\/no\/wp-json\/wp\/v2\/product_brand?post=29064"},{"taxonomy":"product_cat","embeddable":true,"href":"https:\/\/xenonkungen.com\/no\/wp-json\/wp\/v2\/product_cat?post=29064"},{"taxonomy":"product_tag","embeddable":true,"href":"https:\/\/xenonkungen.com\/no\/wp-json\/wp\/v2\/product_tag?post=29064"}],"curies":[{"name":"wp","href":"https:\/\/api.w.org\/{rel}","templated":true}]}}