{"id":29092,"date":"2026-04-10T12:24:06","date_gmt":"2026-04-10T11:24:06","guid":{"rendered":"https:\/\/xenonkungen.com\/?post_type=product&#038;p=29092"},"modified":"2026-04-10T12:47:06","modified_gmt":"2026-04-10T11:47:06","slug":"ozz-wr2-rott-positionsljus","status":"publish","type":"product","link":"https:\/\/xenonkungen.com\/no\/produkt\/ozz-wr2-rott-positionsljus\/","title":{"rendered":"OZZ WR2 | R\u00f8dt posisjonslys"},"content":{"rendered":"<p data-start=\"341\" data-end=\"396\"><strong data-start=\"341\" data-end=\"394\">Kraftfull och kompakt belysning f\u00f6r \u00f6kad s\u00e4kerhet<\/strong><\/p>\n<p data-start=\"398\" data-end=\"629\">OZZ WR2 \u00e4r ett effektivt arbetsljus som ger ett brett och kraftfullt ljusfl\u00f6de p\u00e5 2200 lumen. Med en r\u00e4ckvidd p\u00e5 upp till 95 meter vid 1 lux f\u00f6rb\u00e4ttrar det sikten avsev\u00e4rt och g\u00f6r arbetet s\u00e4krare i b\u00e5de m\u00f6rker och kr\u00e4vande milj\u00f6er.<\/p>\n<h2 data-section-id=\"1i3ulmo\" data-start=\"631\" data-end=\"677\"><span role=\"text\"><strong data-start=\"634\" data-end=\"675\">\u00d6kad synlighet med r\u00f6tt positionsljus<\/strong><\/span><\/h2>\n<p data-start=\"678\" data-end=\"825\">Det integrerade r\u00f6da bakre positionsljuset bidrar till b\u00e4ttre synlighet och \u00f6kad s\u00e4kerhet, s\u00e4rskilt vid arbete i trafikerade eller utsatta milj\u00f6er.<\/p>\n<h2 data-section-id=\"1kuc7h3\" data-start=\"827\" data-end=\"864\"><span role=\"text\"><strong data-start=\"830\" data-end=\"862\">Bygget for t\u00f8ffe forhold<\/strong><\/span><\/h2>\n<p data-start=\"865\" data-end=\"1102\">Med ett robust aluminiumhus och en slagt\u00e5lig lins i polykarbonat \u00e4r WR2 konstruerad f\u00f6r att t\u00e5la h\u00e5rda p\u00e5frestningar. IP68\/IP69K-klassningen s\u00e4kerst\u00e4ller att lampan st\u00e5r emot b\u00e5de damm, smuts och vatten \u2013 \u00e4ven under extrema f\u00f6rh\u00e5llanden.<\/p>\n<h2 data-section-id=\"n78ast\" data-start=\"1104\" data-end=\"1158\"><span role=\"text\"><strong data-start=\"1107\" data-end=\"1156\">P\u00e5litlig kvalitet f\u00f6r alla anv\u00e4ndningsomr\u00e5den<\/strong><\/span><\/h2>\n<p data-start=\"1159\" data-end=\"1327\">OZZ WR2 passar lika bra f\u00f6r yrkesf\u00f6rare och entreprenad som f\u00f6r offroad och privat bruk. Med 3 \u00e5rs garanti f\u00e5r du en trygg och h\u00e5llbar l\u00f6sning f\u00f6r dina belysningsbehov.<\/p>","protected":false},"excerpt":{"rendered":"<p>Kompakt och kraftfullt arbetsljus med 2200 lumen och upp till 95 meters r\u00e4ckvidd. Utrustad med r\u00f6tt positionsljus och byggd f\u00f6r tuffa milj\u00f6er.<\/p>","protected":false},"featured_media":29094,"comment_status":"open","ping_status":"closed","template":"","meta":{"_acf_changed":false,"_smort_price_nok":"","_smort_price_dkk":"","_smort_price_eur":"","_smort_sale_price_nok":"","_smort_sale_price_dkk":"","_smort_sale_price_eur":"","smort_restorder":"","shipmondo_restorder":"","_kad_blocks_custom_css":"","_kad_blocks_head_custom_js":"","_kad_blocks_body_custom_js":"","_kad_blocks_footer_custom_js":"","smort_custom_pricelist_1":"672","smort_custom_pricelist_2":"672","smort_custom_pricelist_3":"672","smort_custom_pricelist_4":"840","smort_custom_pricelist_5":"672"},"anvandningsomrade":[],"bilmarken":[],"product_brand":[1051,109],"product_cat":[3004,508],"product_tag":[],"class_list":{"0":"post-29092","1":"product","2":"type-product","3":"status-publish","4":"has-post-thumbnail","6":"product_brand-ozz","7":"product_brand-ozz-lights","8":"product_cat-arbetsljus","9":"product_cat-arbetsbelysning","10":"pa_fargtemperatur-5000k","11":"pa_fuktskydd-varde-ipxx-ip68-ip69k","12":"pa_lampsockel-kontakt-dt-3","13":"pa_ljusbild-driving","14":"pa_storlek-mm-164x45x70","15":"pa_stromforbrukning-15a-24v-2","16":"pa_stromforbrukning-3a-137v","17":"pa_volt-v-multivolt-10-12-16-18-24-28-30-32","19":"first","20":"outofstock","21":"taxable","22":"shipping-taxable","23":"purchasable","24":"product-type-simple"},"bundled_by":[],"bundle_stock_status":"outofstock","bundle_stock_quantity":0,"bundle_virtual":false,"bundle_layout":"","bundle_add_to_cart_form_location":"","bundle_editable_in_cart":false,"bundle_sold_individually_context":"","bundle_item_grouping":"","bundle_min_size":"","bundle_max_size":"","bundle_price":[],"bundled_items":[],"bundle_sell_ids":[],"acf":[],"yoast_head":"<!-- This site is optimized with the Yoast SEO plugin v27.0 - https:\/\/yoast.com\/product\/yoast-seo-wordpress\/ -->\n<title>OZZ WR2 | R\u00f6tt positionsljus - Xenonkungen Arbetsljus WR2 2200lm R\u00f6tt Positionsljus IP68\/IP69K, OZZ - Xenonkungen<\/title>\n<meta name=\"description\" content=\"K\u00f6p OZZ WR2 arbetsljus med 2200 lumen och r\u00f6tt positionsljus. Robust IP68\/IP69K. Snabb leverans. \u00d6ppet k\u00f6p 30 dagar. xenonkungen.com\" \/>\n<meta name=\"robots\" content=\"index, follow, max-snippet:-1, max-image-preview:large, max-video-preview:-1\" \/>\n<link rel=\"canonical\" href=\"https:\/\/xenonkungen.com\/no\/produkt\/ozz-wr2-rott-positionsljus\/\" \/>\n<meta property=\"og:locale\" content=\"nb_NO\" \/>\n<meta property=\"og:type\" content=\"article\" \/>\n<meta property=\"og:title\" content=\"OZZ WR2 | R\u00f6tt positionsljus - Xenonkungen Arbetsljus WR2 2200lm R\u00f6tt Positionsljus IP68\/IP69K, OZZ - Xenonkungen\" \/>\n<meta property=\"og:description\" content=\"K\u00f6p OZZ WR2 arbetsljus med 2200 lumen och r\u00f6tt positionsljus. Robust IP68\/IP69K. Snabb leverans. \u00d6ppet k\u00f6p 30 dagar. xenonkungen.com\" \/>\n<meta property=\"og:url\" content=\"https:\/\/xenonkungen.com\/no\/produkt\/ozz-wr2-rott-positionsljus\/\" \/>\n<meta property=\"og:site_name\" content=\"Xenonkungen\" \/>\n<meta property=\"article:modified_time\" content=\"2026-04-10T11:47:06+00:00\" \/>\n<meta property=\"og:image\" content=\"https:\/\/xenonkungen.com\/wp-content\/uploads\/2026\/04\/88508-1.png\" \/>\n\t<meta property=\"og:image:width\" content=\"2024\" \/>\n\t<meta property=\"og:image:height\" content=\"2024\" \/>\n\t<meta property=\"og:image:type\" content=\"image\/png\" \/>\n<meta name=\"twitter:card\" content=\"summary_large_image\" \/>\n<meta name=\"twitter:label1\" content=\"Ansl. lesetid\" \/>\n\t<meta name=\"twitter:data1\" content=\"1 minutt\" \/>\n<script type=\"application\/ld+json\" class=\"yoast-schema-graph\">{\"@context\":\"https:\/\/schema.org\",\"@graph\":[{\"@type\":\"WebPage\",\"@id\":\"https:\/\/xenonkungen.com\/produkt\/ozz-wr2-rott-positionsljus\/\",\"url\":\"https:\/\/xenonkungen.com\/produkt\/ozz-wr2-rott-positionsljus\/\",\"name\":\"OZZ WR2 | R\u00f6tt positionsljus - Xenonkungen Arbetsljus WR2 2200lm R\u00f6tt Positionsljus IP68\/IP69K, OZZ - Xenonkungen\",\"isPartOf\":{\"@id\":\"https:\/\/xenonkungen.com\/#website\"},\"primaryImageOfPage\":{\"@id\":\"https:\/\/xenonkungen.com\/produkt\/ozz-wr2-rott-positionsljus\/#primaryimage\"},\"image\":{\"@id\":\"https:\/\/xenonkungen.com\/produkt\/ozz-wr2-rott-positionsljus\/#primaryimage\"},\"thumbnailUrl\":\"https:\/\/xenonkungen.com\/wp-content\/uploads\/2026\/04\/88508-1.png\",\"datePublished\":\"2026-04-10T11:24:06+00:00\",\"dateModified\":\"2026-04-10T11:47:06+00:00\",\"description\":\"K\u00f6p OZZ WR2 arbetsljus med 2200 lumen och r\u00f6tt positionsljus. Robust IP68\/IP69K. Snabb leverans. \u00d6ppet k\u00f6p 30 dagar. xenonkungen.com\",\"breadcrumb\":{\"@id\":\"https:\/\/xenonkungen.com\/produkt\/ozz-wr2-rott-positionsljus\/#breadcrumb\"},\"inLanguage\":\"nb-NO\",\"potentialAction\":[{\"@type\":\"ReadAction\",\"target\":[\"https:\/\/xenonkungen.com\/produkt\/ozz-wr2-rott-positionsljus\/\"]}]},{\"@type\":\"ImageObject\",\"inLanguage\":\"nb-NO\",\"@id\":\"https:\/\/xenonkungen.com\/produkt\/ozz-wr2-rott-positionsljus\/#primaryimage\",\"url\":\"https:\/\/xenonkungen.com\/wp-content\/uploads\/2026\/04\/88508-1.png\",\"contentUrl\":\"https:\/\/xenonkungen.com\/wp-content\/uploads\/2026\/04\/88508-1.png\",\"width\":2024,\"height\":2024},{\"@type\":\"BreadcrumbList\",\"@id\":\"https:\/\/xenonkungen.com\/produkt\/ozz-wr2-rott-positionsljus\/#breadcrumb\",\"itemListElement\":[{\"@type\":\"ListItem\",\"position\":1,\"name\":\"Hem\",\"item\":\"https:\/\/xenonkungen.com\/\"},{\"@type\":\"ListItem\",\"position\":2,\"name\":\"Shop\",\"item\":\"https:\/\/xenonkungen.com\/shop\/\"},{\"@type\":\"ListItem\",\"position\":3,\"name\":\"OZZ WR2 | R\u00f6tt positionsljus\"}]},{\"@type\":\"WebSite\",\"@id\":\"https:\/\/xenonkungen.com\/#website\",\"url\":\"https:\/\/xenonkungen.com\/\",\"name\":\"Xenonkungen\",\"description\":\"\",\"potentialAction\":[{\"@type\":\"SearchAction\",\"target\":{\"@type\":\"EntryPoint\",\"urlTemplate\":\"https:\/\/xenonkungen.com\/?s={search_term_string}\"},\"query-input\":{\"@type\":\"PropertyValueSpecification\",\"valueRequired\":true,\"valueName\":\"search_term_string\"}}],\"inLanguage\":\"nb-NO\"}]}<\/script>\n<!-- \/ Yoast SEO plugin. -->","yoast_head_json":{"title":"OZZ WR2 | R\u00f6tt positionsljus - Xenonkungen Arbetsljus WR2 2200lm R\u00f6tt Positionsljus IP68\/IP69K, OZZ - Xenonkungen","description":"K\u00f6p OZZ WR2 arbetsljus med 2200 lumen och r\u00f6tt positionsljus. Robust IP68\/IP69K. Snabb leverans. \u00d6ppet k\u00f6p 30 dagar. xenonkungen.com","robots":{"index":"index","follow":"follow","max-snippet":"max-snippet:-1","max-image-preview":"max-image-preview:large","max-video-preview":"max-video-preview:-1"},"canonical":"https:\/\/xenonkungen.com\/no\/produkt\/ozz-wr2-rott-positionsljus\/","og_locale":"nb_NO","og_type":"article","og_title":"OZZ WR2 | R\u00f6tt positionsljus - Xenonkungen Arbetsljus WR2 2200lm R\u00f6tt Positionsljus IP68\/IP69K, OZZ - Xenonkungen","og_description":"K\u00f6p OZZ WR2 arbetsljus med 2200 lumen och r\u00f6tt positionsljus. Robust IP68\/IP69K. Snabb leverans. \u00d6ppet k\u00f6p 30 dagar. xenonkungen.com","og_url":"https:\/\/xenonkungen.com\/no\/produkt\/ozz-wr2-rott-positionsljus\/","og_site_name":"Xenonkungen","article_modified_time":"2026-04-10T11:47:06+00:00","og_image":[{"width":2024,"height":2024,"url":"https:\/\/xenonkungen.com\/wp-content\/uploads\/2026\/04\/88508-1.png","type":"image\/png"}],"twitter_card":"summary_large_image","twitter_misc":{"Ansl. lesetid":"1 minutt"},"schema":{"@context":"https:\/\/schema.org","@graph":[{"@type":"WebPage","@id":"https:\/\/xenonkungen.com\/produkt\/ozz-wr2-rott-positionsljus\/","url":"https:\/\/xenonkungen.com\/produkt\/ozz-wr2-rott-positionsljus\/","name":"OZZ WR2 | R\u00f6tt positionsljus - Xenonkungen Arbetsljus WR2 2200lm R\u00f6tt Positionsljus IP68\/IP69K, OZZ - Xenonkungen","isPartOf":{"@id":"https:\/\/xenonkungen.com\/#website"},"primaryImageOfPage":{"@id":"https:\/\/xenonkungen.com\/produkt\/ozz-wr2-rott-positionsljus\/#primaryimage"},"image":{"@id":"https:\/\/xenonkungen.com\/produkt\/ozz-wr2-rott-positionsljus\/#primaryimage"},"thumbnailUrl":"https:\/\/xenonkungen.com\/wp-content\/uploads\/2026\/04\/88508-1.png","datePublished":"2026-04-10T11:24:06+00:00","dateModified":"2026-04-10T11:47:06+00:00","description":"K\u00f6p OZZ WR2 arbetsljus med 2200 lumen och r\u00f6tt positionsljus. Robust IP68\/IP69K. Snabb leverans. \u00d6ppet k\u00f6p 30 dagar. xenonkungen.com","breadcrumb":{"@id":"https:\/\/xenonkungen.com\/produkt\/ozz-wr2-rott-positionsljus\/#breadcrumb"},"inLanguage":"nb-NO","potentialAction":[{"@type":"ReadAction","target":["https:\/\/xenonkungen.com\/produkt\/ozz-wr2-rott-positionsljus\/"]}]},{"@type":"ImageObject","inLanguage":"nb-NO","@id":"https:\/\/xenonkungen.com\/produkt\/ozz-wr2-rott-positionsljus\/#primaryimage","url":"https:\/\/xenonkungen.com\/wp-content\/uploads\/2026\/04\/88508-1.png","contentUrl":"https:\/\/xenonkungen.com\/wp-content\/uploads\/2026\/04\/88508-1.png","width":2024,"height":2024},{"@type":"BreadcrumbList","@id":"https:\/\/xenonkungen.com\/produkt\/ozz-wr2-rott-positionsljus\/#breadcrumb","itemListElement":[{"@type":"ListItem","position":1,"name":"Hem","item":"https:\/\/xenonkungen.com\/"},{"@type":"ListItem","position":2,"name":"Shop","item":"https:\/\/xenonkungen.com\/shop\/"},{"@type":"ListItem","position":3,"name":"OZZ WR2 | R\u00f6tt positionsljus"}]},{"@type":"WebSite","@id":"https:\/\/xenonkungen.com\/#website","url":"https:\/\/xenonkungen.com\/","name":"Xenonkungen","description":"","potentialAction":[{"@type":"SearchAction","target":{"@type":"EntryPoint","urlTemplate":"https:\/\/xenonkungen.com\/?s={search_term_string}"},"query-input":{"@type":"PropertyValueSpecification","valueRequired":true,"valueName":"search_term_string"}}],"inLanguage":"nb-NO"}]}},"taxonomy_info":{"product_brand":[{"value":1051,"label":"OZZ"},{"value":109,"label":"OZZ LIGHTS"}],"product_cat":[{"value":3004,"label":"Arbetsljus"},{"value":508,"label":"Arbetsbelysning"}],"pa_fargtemperatur":[{"value":154,"label":"5000K"}],"pa_fuktskydd-varde-ipxx":[{"value":402,"label":"IP68. IP69K"}],"pa_lampsockel-kontakt":[{"value":2147,"label":"DT-3"}],"pa_ljusbild":[{"value":178,"label":"Driving"}],"pa_storlek-mm":[{"value":1107,"label":"164x45x70"}],"pa_stromforbrukning":[{"value":3030,"label":"1,5A @ 24V"},{"value":3029,"label":"3A @13,7V"}],"pa_volt-v":[{"value":1084,"label":"Multivolt, 10, 12, 16, 18, 24, 28, 30, 32"}]},"featured_image_src_large":["https:\/\/xenonkungen.com\/wp-content\/uploads\/2026\/04\/88508-1-1024x1024.png",1024,1024,true],"author_info":[],"comment_info":0,"_links":{"self":[{"href":"https:\/\/xenonkungen.com\/no\/wp-json\/wp\/v2\/product\/29092","targetHints":{"allow":["GET"]}}],"collection":[{"href":"https:\/\/xenonkungen.com\/no\/wp-json\/wp\/v2\/product"}],"about":[{"href":"https:\/\/xenonkungen.com\/no\/wp-json\/wp\/v2\/types\/product"}],"replies":[{"embeddable":true,"href":"https:\/\/xenonkungen.com\/no\/wp-json\/wp\/v2\/comments?post=29092"}],"wp:featuredmedia":[{"embeddable":true,"href":"https:\/\/xenonkungen.com\/no\/wp-json\/wp\/v2\/media\/29094"}],"wp:attachment":[{"href":"https:\/\/xenonkungen.com\/no\/wp-json\/wp\/v2\/media?parent=29092"}],"wp:term":[{"taxonomy":"anvandningsomrade","embeddable":true,"href":"https:\/\/xenonkungen.com\/no\/wp-json\/wp\/v2\/anvandningsomrade?post=29092"},{"taxonomy":"bilmarken","embeddable":true,"href":"https:\/\/xenonkungen.com\/no\/wp-json\/wp\/v2\/bilmarken?post=29092"},{"taxonomy":"product_brand","embeddable":true,"href":"https:\/\/xenonkungen.com\/no\/wp-json\/wp\/v2\/product_brand?post=29092"},{"taxonomy":"product_cat","embeddable":true,"href":"https:\/\/xenonkungen.com\/no\/wp-json\/wp\/v2\/product_cat?post=29092"},{"taxonomy":"product_tag","embeddable":true,"href":"https:\/\/xenonkungen.com\/no\/wp-json\/wp\/v2\/product_tag?post=29092"}],"curies":[{"name":"wp","href":"https:\/\/api.w.org\/{rel}","templated":true}]}}