{"id":29294,"date":"2026-04-15T09:24:12","date_gmt":"2026-04-15T08:24:12","guid":{"rendered":"https:\/\/xenonkungen.com\/?post_type=product&#038;p=29294"},"modified":"2026-04-15T09:39:54","modified_gmt":"2026-04-15T08:39:54","slug":"lazer-led-rampesett-iveco-daily-2024-glide-std","status":"publish","type":"product","link":"https:\/\/xenonkungen.com\/no\/produkt\/lazer-led-rampesett-iveco-daily-2024-glide-std\/","title":{"rendered":"Lazer LED-rampesett Iveco Daily 2024+ | Glide Std"},"content":{"rendered":"<p data-start=\"348\" data-end=\"413\"><strong data-start=\"348\" data-end=\"411\">Tilpasset LED-installasjon med OE-utseende og h\u00f8y ytelse<\/strong><\/p>\n<p data-start=\"415\" data-end=\"701\">Oppgrader din Iveco Daily (2024+) med Lazers Grille Integration Kit \u2013 en komplett l\u00f8sning for de som \u00f8nsker \u00e5 kombinere kraftig tilleggsbelysning med en stilig, fabrikkinspirert installasjon. Settet er utviklet for Glide Standard og gir perfekt integrering i kj\u00f8ret\u00f8yets originale grill.<\/p>\n<h2 data-section-id=\"1mm277n\" data-start=\"703\" data-end=\"744\"><span role=\"text\"><strong data-start=\"706\" data-end=\"742\">Enkel montering uten demontering<\/strong><\/span><\/h2>\n<p data-start=\"745\" data-end=\"969\">Med de medf\u00f8lgende presisjonskonstruerte brakettene og presise skj\u00e6ref\u00f8ringene kan installasjonen fullf\u00f8res raskt og problemfritt \u2013 uten \u00e5 fjerne grillen eller st\u00f8tfangeren. Resultatet er en stabil, sikker og profesjonell installasjon.<\/p>\n<h2 data-section-id=\"1gquk7m\" data-start=\"971\" data-end=\"1018\"><span role=\"text\"><strong data-start=\"974\" data-end=\"1016\">Robust konstruksjon for lang levetid<\/strong><\/span><\/h2>\n<p data-start=\"1019\" data-end=\"1279\">Brakettene er laget av et h\u00f8yfast komposittmateriale med utmerket UV-, v\u00e6r- og kjemikaliebestandighet. Selvgjengende plastskruer er inkludert for ekstra stabilitet og forsterkning, noe som sikrer en holdbar installasjon over tid.<\/p>\n<h2 data-section-id=\"t2fjhm\" data-start=\"1281\" data-end=\"1324\"><span role=\"text\"><strong data-start=\"1284\" data-end=\"1322\">Tilpasset for moderne kj\u00f8ret\u00f8ysystemer<\/strong><\/span><\/h2>\n<p data-start=\"1325\" data-end=\"1536\">Hvis kj\u00f8ret\u00f8yet er utstyrt med xenon- eller LED-frontlykter, kan det hende at et tradisjonelt 12V fjernlyssignal mangler. I disse tilfellene kreves et CAN-grensesnitt for riktig installasjon, og Lazer CANNY-grensesnittet anbefales der.<\/p>\n<h2 data-section-id=\"1fc0cyt\" data-start=\"1538\" data-end=\"1580\"><span role=\"text\"><strong data-start=\"1541\" data-end=\"1578\">Diskret design med ekstra sikkerhet<\/strong><\/span><\/h2>\n<p data-start=\"1581\" data-end=\"1760\">Det integrerte designet er utformet for \u00e5 utfylle kj\u00f8ret\u00f8yets originale utseende og gir et stilig originalt utseende. Settet er ogs\u00e5 utstyrt med ekstra tyverisikring for \u00f8kt sikkerhet.<\/p>\n<hr data-start=\"1762\" data-end=\"1765\" \/>\n<h2 data-section-id=\"e6zi8d\" data-start=\"1767\" data-end=\"1796\"><span role=\"text\"><strong data-start=\"1770\" data-end=\"1794\">Hva er inkludert i pakken?<br \/>\n<\/strong><\/span><\/h2>\n<p>\u2022 1 x Glide Standard-rampe<br \/>\n\u2022 Tilpassede monteringsbraketter<br data-start=\"1829\" data-end=\"1832\" \/>\u2022 Kabelsett<br data-start=\"1843\" data-end=\"1846\" \/>\u2022 Skj\u00e6reguider<br data-start=\"1858\" data-end=\"1861\" \/>\u2022 Festemidler inkludert selvgjengende skruer<\/p>","protected":false},"excerpt":{"rendered":"<p>Skreddersydd leddrampesett for Iveco Daily 2024+ med Glide Standard. OE-tilpasning, enkel installasjon og robust konstruksjon for krevende milj\u00f8er.<\/p>","protected":false},"featured_media":29301,"comment_status":"open","ping_status":"closed","template":"","meta":{"_acf_changed":false,"_smort_price_nok":"","_smort_price_dkk":"","_smort_price_eur":"","_smort_sale_price_nok":"","_smort_sale_price_dkk":"","_smort_sale_price_eur":"","smort_restorder":"","shipmondo_restorder":"","_kad_blocks_custom_css":"","_kad_blocks_head_custom_js":"","_kad_blocks_body_custom_js":"","_kad_blocks_footer_custom_js":"","smort_custom_pricelist_1":"4160","smort_custom_pricelist_2":"4160","smort_custom_pricelist_3":"4160","smort_custom_pricelist_4":"5200","smort_custom_pricelist_5":"4160"},"anvandningsomrade":[],"bilmarken":[198,1620],"product_brand":[1124,98],"product_cat":[2610,1916],"product_tag":[],"class_list":{"0":"post-29294","1":"product","2":"type-product","3":"status-publish","4":"has-post-thumbnail","6":"bilmarken-iveco","7":"bilmarken-iveco-daily","8":"product_brand-lazer","9":"product_brand-lazer-lamps","10":"product_cat-modellanpassade","11":"product_cat-ledrampspaket","12":"pa_fargtemperatur-5000k","13":"pa_fuktskydd-varde-ipxx-ip68","14":"pa_lampsockel-kontakt-2-pin-superseal","15":"pa_storlek-mm-517x39x71","16":"pa_volt-v-multivolt-10-12-16-18-24-28-30-32","18":"first","19":"onbackorder","20":"taxable","21":"shipping-taxable","22":"purchasable","23":"product-type-simple"},"bundled_by":[],"bundle_stock_status":"onbackorder","bundle_stock_quantity":0,"bundle_virtual":false,"bundle_layout":"","bundle_add_to_cart_form_location":"","bundle_editable_in_cart":false,"bundle_sold_individually_context":"","bundle_item_grouping":"","bundle_min_size":"","bundle_max_size":"","bundle_price":[],"bundled_items":[],"bundle_sell_ids":[],"acf":[],"yoast_head":"<!-- This site is optimized with the Yoast SEO plugin v27.0 - https:\/\/yoast.com\/product\/yoast-seo-wordpress\/ -->\n<title>Lazer ledrampskit Iveco Daily 2024+ | Glide Std - Xenonkungen Ledrampskit Glide Standard Iveco Daily 2024+, Lazer - Xenonkungen<\/title>\n<meta name=\"description\" content=\"K\u00f6p Lazer Glide Standard ledrampskit f\u00f6r Iveco Daily 2024+. OE-passform och enkel montering. Snabb leverans. \u00d6ppet k\u00f6p 30 dagar.\" \/>\n<meta name=\"robots\" content=\"index, follow, max-snippet:-1, max-image-preview:large, max-video-preview:-1\" \/>\n<link rel=\"canonical\" href=\"https:\/\/xenonkungen.com\/no\/produkt\/lazer-led-rampesett-iveco-daily-2024-glide-std\/\" \/>\n<meta property=\"og:locale\" content=\"nb_NO\" \/>\n<meta property=\"og:type\" content=\"article\" \/>\n<meta property=\"og:title\" content=\"Lazer ledrampskit Iveco Daily 2024+ | Glide Std - Xenonkungen Ledrampskit Glide Standard Iveco Daily 2024+, Lazer - Xenonkungen\" \/>\n<meta property=\"og:description\" content=\"K\u00f6p Lazer Glide Standard ledrampskit f\u00f6r Iveco Daily 2024+. OE-passform och enkel montering. Snabb leverans. \u00d6ppet k\u00f6p 30 dagar.\" \/>\n<meta property=\"og:url\" content=\"https:\/\/xenonkungen.com\/no\/produkt\/lazer-led-rampesett-iveco-daily-2024-glide-std\/\" \/>\n<meta property=\"og:site_name\" content=\"Xenonkungen\" \/>\n<meta property=\"article:modified_time\" content=\"2026-04-15T08:39:54+00:00\" \/>\n<meta property=\"og:image\" content=\"https:\/\/xenonkungen.com\/wp-content\/uploads\/2026\/04\/iveco_15_-_web.jpg\" \/>\n\t<meta property=\"og:image:width\" content=\"1000\" \/>\n\t<meta property=\"og:image:height\" content=\"750\" \/>\n\t<meta property=\"og:image:type\" content=\"image\/jpeg\" \/>\n<meta name=\"twitter:card\" content=\"summary_large_image\" \/>\n<meta name=\"twitter:label1\" content=\"Ansl. lesetid\" \/>\n\t<meta name=\"twitter:data1\" content=\"2 minutter\" \/>\n<script type=\"application\/ld+json\" class=\"yoast-schema-graph\">{\"@context\":\"https:\/\/schema.org\",\"@graph\":[{\"@type\":\"WebPage\",\"@id\":\"https:\/\/xenonkungen.com\/produkt\/lazer-ledrampskit-iveco-daily-2024-glide-std\/\",\"url\":\"https:\/\/xenonkungen.com\/produkt\/lazer-ledrampskit-iveco-daily-2024-glide-std\/\",\"name\":\"Lazer ledrampskit Iveco Daily 2024+ | Glide Std - Xenonkungen Ledrampskit Glide Standard Iveco Daily 2024+, Lazer - Xenonkungen\",\"isPartOf\":{\"@id\":\"https:\/\/xenonkungen.com\/#website\"},\"primaryImageOfPage\":{\"@id\":\"https:\/\/xenonkungen.com\/produkt\/lazer-ledrampskit-iveco-daily-2024-glide-std\/#primaryimage\"},\"image\":{\"@id\":\"https:\/\/xenonkungen.com\/produkt\/lazer-ledrampskit-iveco-daily-2024-glide-std\/#primaryimage\"},\"thumbnailUrl\":\"https:\/\/xenonkungen.com\/wp-content\/uploads\/2026\/04\/iveco_15_-_web.jpg\",\"datePublished\":\"2026-04-15T08:24:12+00:00\",\"dateModified\":\"2026-04-15T08:39:54+00:00\",\"description\":\"K\u00f6p Lazer Glide Standard ledrampskit f\u00f6r Iveco Daily 2024+. OE-passform och enkel montering. Snabb leverans. \u00d6ppet k\u00f6p 30 dagar.\",\"breadcrumb\":{\"@id\":\"https:\/\/xenonkungen.com\/produkt\/lazer-ledrampskit-iveco-daily-2024-glide-std\/#breadcrumb\"},\"inLanguage\":\"nb-NO\",\"potentialAction\":[{\"@type\":\"ReadAction\",\"target\":[\"https:\/\/xenonkungen.com\/produkt\/lazer-ledrampskit-iveco-daily-2024-glide-std\/\"]}]},{\"@type\":\"ImageObject\",\"inLanguage\":\"nb-NO\",\"@id\":\"https:\/\/xenonkungen.com\/produkt\/lazer-ledrampskit-iveco-daily-2024-glide-std\/#primaryimage\",\"url\":\"https:\/\/xenonkungen.com\/wp-content\/uploads\/2026\/04\/iveco_15_-_web.jpg\",\"contentUrl\":\"https:\/\/xenonkungen.com\/wp-content\/uploads\/2026\/04\/iveco_15_-_web.jpg\",\"width\":1000,\"height\":750},{\"@type\":\"BreadcrumbList\",\"@id\":\"https:\/\/xenonkungen.com\/produkt\/lazer-ledrampskit-iveco-daily-2024-glide-std\/#breadcrumb\",\"itemListElement\":[{\"@type\":\"ListItem\",\"position\":1,\"name\":\"Hem\",\"item\":\"https:\/\/xenonkungen.com\/\"},{\"@type\":\"ListItem\",\"position\":2,\"name\":\"Shop\",\"item\":\"https:\/\/xenonkungen.com\/shop\/\"},{\"@type\":\"ListItem\",\"position\":3,\"name\":\"Lazer ledrampskit Iveco Daily 2024+ | Glide Std\"}]},{\"@type\":\"WebSite\",\"@id\":\"https:\/\/xenonkungen.com\/#website\",\"url\":\"https:\/\/xenonkungen.com\/\",\"name\":\"Xenonkungen\",\"description\":\"\",\"potentialAction\":[{\"@type\":\"SearchAction\",\"target\":{\"@type\":\"EntryPoint\",\"urlTemplate\":\"https:\/\/xenonkungen.com\/?s={search_term_string}\"},\"query-input\":{\"@type\":\"PropertyValueSpecification\",\"valueRequired\":true,\"valueName\":\"search_term_string\"}}],\"inLanguage\":\"nb-NO\"}]}<\/script>\n<!-- \/ Yoast SEO plugin. -->","yoast_head_json":{"title":"Lazer led-rampesett Iveco Daily 2024+ | Glide Std - Xenonkongen Led-rampesett Glide Standard Iveco Daily 2024+, Lazer - Xenonkongen","description":"Kj\u00f8p Lazer Glide Standard LED-rampesett for Iveco Daily 2024+. OE-tilpasning og enkel installasjon. Rask levering. \u00c5pent kj\u00f8p i 30 dager.","robots":{"index":"index","follow":"follow","max-snippet":"max-snippet:-1","max-image-preview":"max-image-preview:large","max-video-preview":"max-video-preview:-1"},"canonical":"https:\/\/xenonkungen.com\/no\/produkt\/lazer-led-rampesett-iveco-daily-2024-glide-std\/","og_locale":"nb_NO","og_type":"article","og_title":"Lazer ledrampskit Iveco Daily 2024+ | Glide Std - Xenonkungen Ledrampskit Glide Standard Iveco Daily 2024+, Lazer - Xenonkungen","og_description":"K\u00f6p Lazer Glide Standard ledrampskit f\u00f6r Iveco Daily 2024+. OE-passform och enkel montering. Snabb leverans. \u00d6ppet k\u00f6p 30 dagar.","og_url":"https:\/\/xenonkungen.com\/no\/produkt\/lazer-led-rampesett-iveco-daily-2024-glide-std\/","og_site_name":"Xenonkungen","article_modified_time":"2026-04-15T08:39:54+00:00","og_image":[{"width":1000,"height":750,"url":"https:\/\/xenonkungen.com\/wp-content\/uploads\/2026\/04\/iveco_15_-_web.jpg","type":"image\/jpeg"}],"twitter_card":"summary_large_image","twitter_misc":{"Ansl. lesetid":"2 minutter"},"schema":{"@context":"https:\/\/schema.org","@graph":[{"@type":"WebPage","@id":"https:\/\/xenonkungen.com\/produkt\/lazer-ledrampskit-iveco-daily-2024-glide-std\/","url":"https:\/\/xenonkungen.com\/produkt\/lazer-ledrampskit-iveco-daily-2024-glide-std\/","name":"Lazer led-rampesett Iveco Daily 2024+ | Glide Std - Xenonkongen Led-rampesett Glide Standard Iveco Daily 2024+, Lazer - Xenonkongen","isPartOf":{"@id":"https:\/\/xenonkungen.com\/#website"},"primaryImageOfPage":{"@id":"https:\/\/xenonkungen.com\/produkt\/lazer-ledrampskit-iveco-daily-2024-glide-std\/#primaryimage"},"image":{"@id":"https:\/\/xenonkungen.com\/produkt\/lazer-ledrampskit-iveco-daily-2024-glide-std\/#primaryimage"},"thumbnailUrl":"https:\/\/xenonkungen.com\/wp-content\/uploads\/2026\/04\/iveco_15_-_web.jpg","datePublished":"2026-04-15T08:24:12+00:00","dateModified":"2026-04-15T08:39:54+00:00","description":"Kj\u00f8p Lazer Glide Standard LED-rampesett for Iveco Daily 2024+. OE-tilpasning og enkel installasjon. Rask levering. \u00c5pent kj\u00f8p i 30 dager.","breadcrumb":{"@id":"https:\/\/xenonkungen.com\/produkt\/lazer-ledrampskit-iveco-daily-2024-glide-std\/#breadcrumb"},"inLanguage":"nb-NO","potentialAction":[{"@type":"ReadAction","target":["https:\/\/xenonkungen.com\/produkt\/lazer-ledrampskit-iveco-daily-2024-glide-std\/"]}]},{"@type":"ImageObject","inLanguage":"nb-NO","@id":"https:\/\/xenonkungen.com\/produkt\/lazer-ledrampskit-iveco-daily-2024-glide-std\/#primaryimage","url":"https:\/\/xenonkungen.com\/wp-content\/uploads\/2026\/04\/iveco_15_-_web.jpg","contentUrl":"https:\/\/xenonkungen.com\/wp-content\/uploads\/2026\/04\/iveco_15_-_web.jpg","width":1000,"height":750},{"@type":"BreadcrumbList","@id":"https:\/\/xenonkungen.com\/produkt\/lazer-ledrampskit-iveco-daily-2024-glide-std\/#breadcrumb","itemListElement":[{"@type":"ListItem","position":1,"name":"Hem","item":"https:\/\/xenonkungen.com\/"},{"@type":"ListItem","position":2,"name":"Shop","item":"https:\/\/xenonkungen.com\/shop\/"},{"@type":"ListItem","position":3,"name":"Lazer ledrampskit Iveco Daily 2024+ | Glide Std"}]},{"@type":"WebSite","@id":"https:\/\/xenonkungen.com\/#website","url":"https:\/\/xenonkungen.com\/","name":"Xenonkungen","description":"","potentialAction":[{"@type":"SearchAction","target":{"@type":"EntryPoint","urlTemplate":"https:\/\/xenonkungen.com\/?s={search_term_string}"},"query-input":{"@type":"PropertyValueSpecification","valueRequired":true,"valueName":"search_term_string"}}],"inLanguage":"nb-NO"}]}},"taxonomy_info":{"bilmarken":[{"value":198,"label":"Iveco"},{"value":1620,"label":"Iveco Daily"}],"product_brand":[{"value":1124,"label":"Lazer"},{"value":98,"label":"Lazer Lamps"}],"product_cat":[{"value":2610,"label":"Modellanpassade"},{"value":1916,"label":"Ledrampspaket"}],"pa_fargtemperatur":[{"value":154,"label":"5000K"}],"pa_fuktskydd-varde-ipxx":[{"value":177,"label":"IP68"}],"pa_lampsockel-kontakt":[{"value":3032,"label":"2-pin Superseal"}],"pa_storlek-mm":[{"value":3035,"label":"517x39x71"}],"pa_volt-v":[{"value":1084,"label":"Multivolt, 10, 12, 16, 18, 24, 28, 30, 32"}]},"featured_image_src_large":["https:\/\/xenonkungen.com\/wp-content\/uploads\/2026\/04\/iveco_15_-_web.jpg",1000,750,false],"author_info":[],"comment_info":0,"_links":{"self":[{"href":"https:\/\/xenonkungen.com\/no\/wp-json\/wp\/v2\/product\/29294","targetHints":{"allow":["GET"]}}],"collection":[{"href":"https:\/\/xenonkungen.com\/no\/wp-json\/wp\/v2\/product"}],"about":[{"href":"https:\/\/xenonkungen.com\/no\/wp-json\/wp\/v2\/types\/product"}],"replies":[{"embeddable":true,"href":"https:\/\/xenonkungen.com\/no\/wp-json\/wp\/v2\/comments?post=29294"}],"wp:featuredmedia":[{"embeddable":true,"href":"https:\/\/xenonkungen.com\/no\/wp-json\/wp\/v2\/media\/29301"}],"wp:attachment":[{"href":"https:\/\/xenonkungen.com\/no\/wp-json\/wp\/v2\/media?parent=29294"}],"wp:term":[{"taxonomy":"anvandningsomrade","embeddable":true,"href":"https:\/\/xenonkungen.com\/no\/wp-json\/wp\/v2\/anvandningsomrade?post=29294"},{"taxonomy":"bilmarken","embeddable":true,"href":"https:\/\/xenonkungen.com\/no\/wp-json\/wp\/v2\/bilmarken?post=29294"},{"taxonomy":"product_brand","embeddable":true,"href":"https:\/\/xenonkungen.com\/no\/wp-json\/wp\/v2\/product_brand?post=29294"},{"taxonomy":"product_cat","embeddable":true,"href":"https:\/\/xenonkungen.com\/no\/wp-json\/wp\/v2\/product_cat?post=29294"},{"taxonomy":"product_tag","embeddable":true,"href":"https:\/\/xenonkungen.com\/no\/wp-json\/wp\/v2\/product_tag?post=29294"}],"curies":[{"name":"wp","href":"https:\/\/api.w.org\/{rel}","templated":true}]}}