{"id":3012,"date":"2025-04-15T08:47:30","date_gmt":"2025-04-15T08:47:30","guid":{"rendered":"https:\/\/xenonkungen.com\/product\/arbetslampa-abl-led-shd-3000-bred-ny\/"},"modified":"2025-12-10T14:43:46","modified_gmt":"2025-12-10T13:43:46","slug":"arbeidslampe-abl-led-shd-3000-bred-ny","status":"publish","type":"product","link":"https:\/\/xenonkungen.com\/no\/produkt\/arbeidslampe-abl-led-shd-3000-bred-ny\/","title":{"rendered":"Arbeidslys ABL LED SHD 3000 wide *Ny"},"content":{"rendered":"<h1>NYHET! ABL SHD 3000 Heavy Duty Work Light<\/h1>\n<p>Vi presenterer v\u00e5r nyeste innovasjon - ABL SHD 3000. Dette er v\u00e5r nyeste arbeidslykt for tunge bruksomr\u00e5der, designet for \u00e5 oppfylle og overg\u00e5 kravene til de mest krevende bruksomr\u00e5dene.<\/p>\n<h2>Ytelse og b\u00e6rekraft<\/h2>\n<p>Gjennom omfattende tekniske tester garanterer vi at ABL SHD 3000 har den h\u00f8yeste effektivitet og holdbarhet, selv under de mest krevende driftsforhold.<\/p>\n<h2>Europeisk produsert<\/h2>\n<p>Alle komponentene i ABL SHD 3000 er produsert og testet i Europa, noe som sikrer h\u00f8yeste kvalitet og p\u00e5litelighet.<\/p>\n<h2>Robust konstruksjon<\/h2>\n<p>ABL SHD 3000 har en linse av herdet glass og et sterkt aluminiumshus med M10-festebolt, og er designet for \u00e5 t\u00e5le selv de mest krevende forhold.<\/p>\n<h2>Variabelt lysm\u00f8nster<\/h2>\n<p>ABL SHD 3000 er tilgjengelig i b\u00e5de bred- og langstr\u00e5lende versjoner, noe som gir deg fleksibilitet til \u00e5 velge den belysningen som passer best til dine behov.<\/p>\n<h2>ADR-godkjent<\/h2>\n<p>ABL SHD 3000 er ADR-godkjent og oppfyller EMC-standardene ISO 13766, ISO 14982 og ISO 12985.<\/p>\n<h2>Ekstreme temperaturer<\/h2>\n<p>ABL SHD 3000 er konstruert for \u00e5 t\u00e5le temperaturer fra -40 \u00b0C til +85 \u00b0C, og er ideell for arbeid i alle typer klima- og v\u00e6rforhold.<\/p>\n<h2>5 \u00e5rs garanti<\/h2>","protected":false},"excerpt":{"rendered":"<p>NYHET! ABL SHD 3000 Heavy Duty Arbetslampa Introducerar v\u00e5r senaste innovation \u2013 ABL SHD 3000. Detta \u00e4r v\u00e5r nyaste heavy-duty arbetslampa, utformad f\u00f6r att m\u00f6ta och \u00f6vertr\u00e4ffa kraven fr\u00e5n de mest kr\u00e4vande applikationerna. Prestanda och H\u00e5llbarhet Genom omfattande tekniska tester garanterar vi h\u00f6gsta effektivitet och h\u00e5llbarhet f\u00f6r ABL SHD 3000, \u00e4ven under de mest kr\u00e4vande [&hellip;]<\/p>","protected":false},"featured_media":3013,"comment_status":"closed","ping_status":"open","template":"","meta":{"_acf_changed":false,"_smort_price_nok":"2665","_smort_price_dkk":"1693","_smort_price_eur":"226.81","_smort_sale_price_nok":"","_smort_sale_price_dkk":"","_smort_sale_price_eur":"","smort_restorder":"","shipmondo_restorder":"","_kad_blocks_custom_css":"","_kad_blocks_head_custom_js":"","_kad_blocks_body_custom_js":"","_kad_blocks_footer_custom_js":"","smort_custom_pricelist_1":"1596.8","smort_custom_pricelist_2":"1397.2","smort_custom_pricelist_3":"1327.34","smort_custom_pricelist_4":"1996","smort_custom_pricelist_5":"1397.2"},"anvandningsomrade":[],"bilmarken":[],"product_brand":[],"product_cat":[508],"product_tag":[2788],"class_list":{"0":"post-3012","1":"product","2":"type-product","3":"status-publish","4":"has-post-thumbnail","6":"product_cat-arbetsbelysning","7":"product_tag-black-week-exclude","8":"pa_godkannande-iso-13766-iso-14982-iso-2985","10":"first","11":"onbackorder","12":"taxable","13":"shipping-taxable","14":"purchasable","15":"product-type-simple"},"bundled_by":[],"bundle_stock_status":"onbackorder","bundle_stock_quantity":0,"bundle_virtual":false,"bundle_layout":"","bundle_add_to_cart_form_location":"","bundle_editable_in_cart":false,"bundle_sold_individually_context":"","bundle_item_grouping":"","bundle_min_size":"","bundle_max_size":"","bundle_price":[],"bundled_items":[],"bundle_sell_ids":[],"acf":[],"yoast_head":"<!-- This site is optimized with the Yoast SEO plugin v27.0 - https:\/\/yoast.com\/product\/yoast-seo-wordpress\/ -->\n<title>Arbetslampa ABL LED SHD 3000 bred *Ny - Xenonkungen<\/title>\n<meta name=\"robots\" content=\"index, follow, max-snippet:-1, max-image-preview:large, max-video-preview:-1\" \/>\n<link rel=\"canonical\" href=\"https:\/\/xenonkungen.com\/no\/produkt\/arbeidslampe-abl-led-shd-3000-bred-ny\/\" \/>\n<meta property=\"og:locale\" content=\"nb_NO\" \/>\n<meta property=\"og:type\" content=\"article\" \/>\n<meta property=\"og:title\" content=\"Arbetslampa ABL LED SHD 3000 bred *Ny - Xenonkungen\" \/>\n<meta property=\"og:description\" content=\"NYHET! ABL SHD 3000 Heavy Duty Arbetslampa Introducerar v\u00e5r senaste innovation \u2013 ABL SHD 3000. Detta \u00e4r v\u00e5r nyaste heavy-duty arbetslampa, utformad f\u00f6r att m\u00f6ta och \u00f6vertr\u00e4ffa kraven fr\u00e5n de mest kr\u00e4vande applikationerna. Prestanda och H\u00e5llbarhet Genom omfattande tekniska tester garanterar vi h\u00f6gsta effektivitet och h\u00e5llbarhet f\u00f6r ABL SHD 3000, \u00e4ven under de mest kr\u00e4vande [&hellip;]\" \/>\n<meta property=\"og:url\" content=\"https:\/\/xenonkungen.com\/no\/produkt\/arbeidslampe-abl-led-shd-3000-bred-ny\/\" \/>\n<meta property=\"og:site_name\" content=\"Xenonkungen\" \/>\n<meta property=\"article:modified_time\" content=\"2025-12-10T13:43:46+00:00\" \/>\n<meta property=\"og:image\" content=\"https:\/\/xenonkungen.com\/wp-content\/uploads\/2025\/04\/203993803-origpic-5fea9d.jpg\" \/>\n\t<meta property=\"og:image:width\" content=\"2048\" \/>\n\t<meta property=\"og:image:height\" content=\"1536\" \/>\n\t<meta property=\"og:image:type\" content=\"image\/jpeg\" \/>\n<meta name=\"twitter:card\" content=\"summary_large_image\" \/>\n<meta name=\"twitter:label1\" content=\"Ansl. lesetid\" \/>\n\t<meta name=\"twitter:data1\" content=\"1 minutt\" \/>\n<script type=\"application\/ld+json\" class=\"yoast-schema-graph\">{\"@context\":\"https:\/\/schema.org\",\"@graph\":[{\"@type\":\"WebPage\",\"@id\":\"https:\/\/xenonkungen.com\/produkt\/arbetslampa-abl-led-shd-3000-bred-ny\/\",\"url\":\"https:\/\/xenonkungen.com\/produkt\/arbetslampa-abl-led-shd-3000-bred-ny\/\",\"name\":\"Arbetslampa ABL LED SHD 3000 bred *Ny - Xenonkungen\",\"isPartOf\":{\"@id\":\"https:\/\/xenonkungen.com\/#website\"},\"primaryImageOfPage\":{\"@id\":\"https:\/\/xenonkungen.com\/produkt\/arbetslampa-abl-led-shd-3000-bred-ny\/#primaryimage\"},\"image\":{\"@id\":\"https:\/\/xenonkungen.com\/produkt\/arbetslampa-abl-led-shd-3000-bred-ny\/#primaryimage\"},\"thumbnailUrl\":\"https:\/\/xenonkungen.com\/wp-content\/uploads\/2025\/04\/203993803-origpic-5fea9d.jpg\",\"datePublished\":\"2025-04-15T08:47:30+00:00\",\"dateModified\":\"2025-12-10T13:43:46+00:00\",\"breadcrumb\":{\"@id\":\"https:\/\/xenonkungen.com\/produkt\/arbetslampa-abl-led-shd-3000-bred-ny\/#breadcrumb\"},\"inLanguage\":\"nb-NO\",\"potentialAction\":[{\"@type\":\"ReadAction\",\"target\":[\"https:\/\/xenonkungen.com\/produkt\/arbetslampa-abl-led-shd-3000-bred-ny\/\"]}]},{\"@type\":\"ImageObject\",\"inLanguage\":\"nb-NO\",\"@id\":\"https:\/\/xenonkungen.com\/produkt\/arbetslampa-abl-led-shd-3000-bred-ny\/#primaryimage\",\"url\":\"https:\/\/xenonkungen.com\/wp-content\/uploads\/2025\/04\/203993803-origpic-5fea9d.jpg\",\"contentUrl\":\"https:\/\/xenonkungen.com\/wp-content\/uploads\/2025\/04\/203993803-origpic-5fea9d.jpg\",\"width\":2048,\"height\":1536},{\"@type\":\"BreadcrumbList\",\"@id\":\"https:\/\/xenonkungen.com\/produkt\/arbetslampa-abl-led-shd-3000-bred-ny\/#breadcrumb\",\"itemListElement\":[{\"@type\":\"ListItem\",\"position\":1,\"name\":\"Hem\",\"item\":\"https:\/\/xenonkungen.com\/\"},{\"@type\":\"ListItem\",\"position\":2,\"name\":\"Shop\",\"item\":\"https:\/\/xenonkungen.com\/shop\/\"},{\"@type\":\"ListItem\",\"position\":3,\"name\":\"Arbetslampa ABL LED SHD 3000 bred *Ny\"}]},{\"@type\":\"WebSite\",\"@id\":\"https:\/\/xenonkungen.com\/#website\",\"url\":\"https:\/\/xenonkungen.com\/\",\"name\":\"Xenonkungen\",\"description\":\"\",\"potentialAction\":[{\"@type\":\"SearchAction\",\"target\":{\"@type\":\"EntryPoint\",\"urlTemplate\":\"https:\/\/xenonkungen.com\/?s={search_term_string}\"},\"query-input\":{\"@type\":\"PropertyValueSpecification\",\"valueRequired\":true,\"valueName\":\"search_term_string\"}}],\"inLanguage\":\"nb-NO\"}]}<\/script>\n<!-- \/ Yoast SEO plugin. -->","yoast_head_json":{"title":"Arbeidslampe ABL LED SHD 3000 bred *Ny - Xenonkungen","robots":{"index":"index","follow":"follow","max-snippet":"max-snippet:-1","max-image-preview":"max-image-preview:large","max-video-preview":"max-video-preview:-1"},"canonical":"https:\/\/xenonkungen.com\/no\/produkt\/arbeidslampe-abl-led-shd-3000-bred-ny\/","og_locale":"nb_NO","og_type":"article","og_title":"Arbetslampa ABL LED SHD 3000 bred *Ny - Xenonkungen","og_description":"NYHET! ABL SHD 3000 Heavy Duty Arbetslampa Introducerar v\u00e5r senaste innovation \u2013 ABL SHD 3000. Detta \u00e4r v\u00e5r nyaste heavy-duty arbetslampa, utformad f\u00f6r att m\u00f6ta och \u00f6vertr\u00e4ffa kraven fr\u00e5n de mest kr\u00e4vande applikationerna. Prestanda och H\u00e5llbarhet Genom omfattande tekniska tester garanterar vi h\u00f6gsta effektivitet och h\u00e5llbarhet f\u00f6r ABL SHD 3000, \u00e4ven under de mest kr\u00e4vande [&hellip;]","og_url":"https:\/\/xenonkungen.com\/no\/produkt\/arbeidslampe-abl-led-shd-3000-bred-ny\/","og_site_name":"Xenonkungen","article_modified_time":"2025-12-10T13:43:46+00:00","og_image":[{"width":2048,"height":1536,"url":"https:\/\/xenonkungen.com\/wp-content\/uploads\/2025\/04\/203993803-origpic-5fea9d.jpg","type":"image\/jpeg"}],"twitter_card":"summary_large_image","twitter_misc":{"Ansl. lesetid":"1 minutt"},"schema":{"@context":"https:\/\/schema.org","@graph":[{"@type":"WebPage","@id":"https:\/\/xenonkungen.com\/produkt\/arbetslampa-abl-led-shd-3000-bred-ny\/","url":"https:\/\/xenonkungen.com\/produkt\/arbetslampa-abl-led-shd-3000-bred-ny\/","name":"Arbeidslampe ABL LED SHD 3000 bred *Ny - Xenonkungen","isPartOf":{"@id":"https:\/\/xenonkungen.com\/#website"},"primaryImageOfPage":{"@id":"https:\/\/xenonkungen.com\/produkt\/arbetslampa-abl-led-shd-3000-bred-ny\/#primaryimage"},"image":{"@id":"https:\/\/xenonkungen.com\/produkt\/arbetslampa-abl-led-shd-3000-bred-ny\/#primaryimage"},"thumbnailUrl":"https:\/\/xenonkungen.com\/wp-content\/uploads\/2025\/04\/203993803-origpic-5fea9d.jpg","datePublished":"2025-04-15T08:47:30+00:00","dateModified":"2025-12-10T13:43:46+00:00","breadcrumb":{"@id":"https:\/\/xenonkungen.com\/produkt\/arbetslampa-abl-led-shd-3000-bred-ny\/#breadcrumb"},"inLanguage":"nb-NO","potentialAction":[{"@type":"ReadAction","target":["https:\/\/xenonkungen.com\/produkt\/arbetslampa-abl-led-shd-3000-bred-ny\/"]}]},{"@type":"ImageObject","inLanguage":"nb-NO","@id":"https:\/\/xenonkungen.com\/produkt\/arbetslampa-abl-led-shd-3000-bred-ny\/#primaryimage","url":"https:\/\/xenonkungen.com\/wp-content\/uploads\/2025\/04\/203993803-origpic-5fea9d.jpg","contentUrl":"https:\/\/xenonkungen.com\/wp-content\/uploads\/2025\/04\/203993803-origpic-5fea9d.jpg","width":2048,"height":1536},{"@type":"BreadcrumbList","@id":"https:\/\/xenonkungen.com\/produkt\/arbetslampa-abl-led-shd-3000-bred-ny\/#breadcrumb","itemListElement":[{"@type":"ListItem","position":1,"name":"Hem","item":"https:\/\/xenonkungen.com\/"},{"@type":"ListItem","position":2,"name":"Shop","item":"https:\/\/xenonkungen.com\/shop\/"},{"@type":"ListItem","position":3,"name":"Arbetslampa ABL LED SHD 3000 bred *Ny"}]},{"@type":"WebSite","@id":"https:\/\/xenonkungen.com\/#website","url":"https:\/\/xenonkungen.com\/","name":"Xenonkungen","description":"","potentialAction":[{"@type":"SearchAction","target":{"@type":"EntryPoint","urlTemplate":"https:\/\/xenonkungen.com\/?s={search_term_string}"},"query-input":{"@type":"PropertyValueSpecification","valueRequired":true,"valueName":"search_term_string"}}],"inLanguage":"nb-NO"}]}},"taxonomy_info":{"product_cat":[{"value":508,"label":"Arbetsbelysning"}],"product_tag":[{"value":2788,"label":"black-week-exclude"}],"pa_godkannande":[{"value":979,"label":"ISO 13766, ISO 14982, ISO 2985"}]},"featured_image_src_large":["https:\/\/xenonkungen.com\/wp-content\/uploads\/2025\/04\/203993803-origpic-5fea9d-1024x768.jpg",1024,768,true],"author_info":[],"comment_info":0,"_links":{"self":[{"href":"https:\/\/xenonkungen.com\/no\/wp-json\/wp\/v2\/product\/3012","targetHints":{"allow":["GET"]}}],"collection":[{"href":"https:\/\/xenonkungen.com\/no\/wp-json\/wp\/v2\/product"}],"about":[{"href":"https:\/\/xenonkungen.com\/no\/wp-json\/wp\/v2\/types\/product"}],"replies":[{"embeddable":true,"href":"https:\/\/xenonkungen.com\/no\/wp-json\/wp\/v2\/comments?post=3012"}],"wp:featuredmedia":[{"embeddable":true,"href":"https:\/\/xenonkungen.com\/no\/wp-json\/wp\/v2\/media\/3013"}],"wp:attachment":[{"href":"https:\/\/xenonkungen.com\/no\/wp-json\/wp\/v2\/media?parent=3012"}],"wp:term":[{"taxonomy":"anvandningsomrade","embeddable":true,"href":"https:\/\/xenonkungen.com\/no\/wp-json\/wp\/v2\/anvandningsomrade?post=3012"},{"taxonomy":"bilmarken","embeddable":true,"href":"https:\/\/xenonkungen.com\/no\/wp-json\/wp\/v2\/bilmarken?post=3012"},{"taxonomy":"product_brand","embeddable":true,"href":"https:\/\/xenonkungen.com\/no\/wp-json\/wp\/v2\/product_brand?post=3012"},{"taxonomy":"product_cat","embeddable":true,"href":"https:\/\/xenonkungen.com\/no\/wp-json\/wp\/v2\/product_cat?post=3012"},{"taxonomy":"product_tag","embeddable":true,"href":"https:\/\/xenonkungen.com\/no\/wp-json\/wp\/v2\/product_tag?post=3012"}],"curies":[{"name":"wp","href":"https:\/\/api.w.org\/{rel}","templated":true}]}}