{"id":3017,"date":"2025-04-15T08:47:30","date_gmt":"2025-04-15T08:47:30","guid":{"rendered":"https:\/\/xenonkungen.com\/product\/vw-door-lamp-golf-6-m-fl\/"},"modified":"2026-03-26T15:47:59","modified_gmt":"2026-03-26T14:47:59","slug":"vw-dorlampe-golf-6-m-fl","status":"publish","type":"product","link":"https:\/\/xenonkungen.com\/no\/produkt\/vw-dorlampe-golf-6-m-fl\/","title":{"rendered":"VW D\u00f8rlampe Golf 6 og andre"},"content":{"rendered":"<p>LED-d\u00f8rlys for bilmodellene som er oppf\u00f8rt nedenfor.<br \/>Listen er kanskje ikke n\u00f8yaktig eller fullstendig.<\/p>\n<p><strong>Volkswagen:<\/strong><br \/>Gulf 5<br \/>Gulf 6<br \/>Golf Plus 2005-2009<br \/>Jetta 2006-2008<br \/>Passat 2006-<br \/>Passat CC 2009-<br \/>Scirocco 2009-<br \/>Sharan 2011-<br \/>Tiguan 2008-<br \/>Touareg 2011-<\/p>\n<p><strong>Skoda:<\/strong><br \/>Suveren 2008-<\/p>\n<p><strong>Sete:<\/strong><br \/>Alhambra 2011-<\/p>\n<p><strong>Porsche:<\/strong><br \/>Cayenne 2011-<\/p>\n<p>Sett med 2 lampemoduler for vestlig\/h\u00f8y d\u00f8r.<\/p>\n<p>Garanti: 1 \u00e5r<\/p>","protected":false},"excerpt":{"rendered":"<p>LED-d\u00f8rbelysning for bilmodellene som er oppf\u00f8rt nedenfor. Forbehold om at listen ikke er korrekt eller fullstendig. Volkswagen: Golf 5 Golf 6 Golf Plus 2005-2009 Jetta 2006-2008 Passat 2006- Passat CC 2009- Scirocco 2009- Sharan 2011- Tiguan 2008- Touareg 2011- Skoda: Superb 2008- Seat: Alhambra 2011- Porsche: Cayenne 2011- Sett med 2 lampemoduler for venstre\/h\u00f8yre d\u00f8r. Garanti: 1 \u00e5r<\/p>","protected":false},"featured_media":3018,"comment_status":"closed","ping_status":"closed","template":"","meta":{"_acf_changed":false,"_smort_price_nok":"251","_smort_price_dkk":"200","_smort_price_eur":"26.82","_smort_sale_price_nok":"251","_smort_sale_price_dkk":"","_smort_sale_price_eur":"21.39","smort_restorder":"","shipmondo_restorder":"","_kad_blocks_custom_css":"","_kad_blocks_head_custom_js":"","_kad_blocks_body_custom_js":"","_kad_blocks_footer_custom_js":"","smort_custom_pricelist_1":"188.8","smort_custom_pricelist_2":"188.8","smort_custom_pricelist_3":"179.36","smort_custom_pricelist_4":"236","smort_custom_pricelist_5":"188.8"},"anvandningsomrade":[],"bilmarken":[],"product_brand":[2793],"product_cat":[3013,16],"product_tag":[],"class_list":{"0":"post-3017","1":"product","2":"type-product","3":"status-publish","4":"has-post-thumbnail","6":"product_brand-ovrigt","7":"product_cat-dorrbelysning","8":"product_cat-uncategorized","9":"pa_volt-v-159","11":"first","12":"instock","13":"sale","14":"taxable","15":"shipping-taxable","16":"purchasable","17":"product-type-simple"},"bundled_by":[],"bundle_stock_status":"instock","bundle_stock_quantity":40,"bundle_virtual":false,"bundle_layout":"","bundle_add_to_cart_form_location":"","bundle_editable_in_cart":false,"bundle_sold_individually_context":"","bundle_item_grouping":"","bundle_min_size":"","bundle_max_size":"","bundle_price":[],"bundled_items":[],"bundle_sell_ids":[],"acf":[],"yoast_head":"<!-- This site is optimized with the Yoast SEO plugin v27.0 - https:\/\/yoast.com\/product\/yoast-seo-wordpress\/ -->\n<title>VW Door Lamp Golf 6 m.fl. - Xenonkungen<\/title>\n<meta name=\"robots\" content=\"index, follow, max-snippet:-1, max-image-preview:large, max-video-preview:-1\" \/>\n<link rel=\"canonical\" href=\"http:\/\/xenonkungen.com\/no\/produkt\/vw-dorlampe-golf-6-m-fl\/\" \/>\n<meta property=\"og:locale\" content=\"nb_NO\" \/>\n<meta property=\"og:type\" content=\"article\" \/>\n<meta property=\"og:title\" content=\"VW Door Lamp Golf 6 m.fl. - Xenonkungen\" \/>\n<meta property=\"og:description\" content=\"LED d\u00f6rrbelysning f\u00f6r nedan listade bilmodeller.Reservation f\u00f6r att listan ej \u00e4r korrekt eller fullst\u00e5ndig. Volkswagen:Golf 5Golf 6Golf Plus 2005-2009Jetta 2006-2008Passat 2006-Passat CC 2009-Scirocco 2009-Sharan 2011-Tiguan 2008-Touareg 2011- Skoda:Superb 2008- Seat:Alhambra 2011- Porsche:Cayenne 2011- Set om 2st lampmoduler f\u00f6r v\u00e4\/h\u00f6 d\u00f6rr. Garanti: 1 \u00e5r\" \/>\n<meta property=\"og:url\" content=\"http:\/\/xenonkungen.com\/no\/produkt\/vw-dorlampe-golf-6-m-fl\/\" \/>\n<meta property=\"og:site_name\" content=\"Xenonkungen\" \/>\n<meta property=\"article:modified_time\" content=\"2026-03-26T14:47:59+00:00\" \/>\n<meta property=\"og:image\" content=\"https:\/\/xenonkungen.com\/wp-content\/uploads\/2025\/04\/17129983-origpic-6e1212.jpg\" \/>\n\t<meta property=\"og:image:width\" content=\"600\" \/>\n\t<meta property=\"og:image:height\" content=\"600\" \/>\n\t<meta property=\"og:image:type\" content=\"image\/jpeg\" \/>\n<meta name=\"twitter:card\" content=\"summary_large_image\" \/>\n<meta name=\"twitter:label1\" content=\"Ansl. lesetid\" \/>\n\t<meta name=\"twitter:data1\" content=\"1 minutt\" \/>\n<script type=\"application\/ld+json\" class=\"yoast-schema-graph\">{\"@context\":\"https:\/\/schema.org\",\"@graph\":[{\"@type\":\"WebPage\",\"@id\":\"http:\/\/xenonkungen.com\/fi\/tuote\/vw-golf-6-m-fl\/\",\"url\":\"http:\/\/xenonkungen.com\/fi\/tuote\/vw-golf-6-m-fl\/\",\"name\":\"VW Door Lamp Golf 6 m.fl. - Xenonkungen\",\"isPartOf\":{\"@id\":\"https:\/\/xenonkungen.com\/#website\"},\"primaryImageOfPage\":{\"@id\":\"http:\/\/xenonkungen.com\/fi\/tuote\/vw-golf-6-m-fl\/#primaryimage\"},\"image\":{\"@id\":\"http:\/\/xenonkungen.com\/fi\/tuote\/vw-golf-6-m-fl\/#primaryimage\"},\"thumbnailUrl\":\"https:\/\/xenonkungen.com\/wp-content\/uploads\/2025\/04\/17129983-origpic-6e1212.jpg\",\"datePublished\":\"2025-04-15T08:47:30+00:00\",\"dateModified\":\"2026-03-26T14:47:59+00:00\",\"breadcrumb\":{\"@id\":\"http:\/\/xenonkungen.com\/fi\/tuote\/vw-golf-6-m-fl\/#breadcrumb\"},\"inLanguage\":\"nb-NO\",\"potentialAction\":[{\"@type\":\"ReadAction\",\"target\":[\"http:\/\/xenonkungen.com\/fi\/tuote\/vw-golf-6-m-fl\/\"]}]},{\"@type\":\"ImageObject\",\"inLanguage\":\"nb-NO\",\"@id\":\"http:\/\/xenonkungen.com\/fi\/tuote\/vw-golf-6-m-fl\/#primaryimage\",\"url\":\"https:\/\/xenonkungen.com\/wp-content\/uploads\/2025\/04\/17129983-origpic-6e1212.jpg\",\"contentUrl\":\"https:\/\/xenonkungen.com\/wp-content\/uploads\/2025\/04\/17129983-origpic-6e1212.jpg\",\"width\":600,\"height\":600},{\"@type\":\"BreadcrumbList\",\"@id\":\"http:\/\/xenonkungen.com\/fi\/tuote\/vw-golf-6-m-fl\/#breadcrumb\",\"itemListElement\":[{\"@type\":\"ListItem\",\"position\":1,\"name\":\"Hem\",\"item\":\"https:\/\/xenonkungen.com\/\"},{\"@type\":\"ListItem\",\"position\":2,\"name\":\"Shop\",\"item\":\"https:\/\/xenonkungen.com\/shop\/\"},{\"@type\":\"ListItem\",\"position\":3,\"name\":\"VW Door Lamp Golf 6 m.fl.\"}]},{\"@type\":\"WebSite\",\"@id\":\"https:\/\/xenonkungen.com\/#website\",\"url\":\"https:\/\/xenonkungen.com\/\",\"name\":\"Xenonkungen\",\"description\":\"\",\"potentialAction\":[{\"@type\":\"SearchAction\",\"target\":{\"@type\":\"EntryPoint\",\"urlTemplate\":\"https:\/\/xenonkungen.com\/?s={search_term_string}\"},\"query-input\":{\"@type\":\"PropertyValueSpecification\",\"valueRequired\":true,\"valueName\":\"search_term_string\"}}],\"inLanguage\":\"nb-NO\"}]}<\/script>\n<!-- \/ Yoast SEO plugin. -->","yoast_head_json":{"title":"VW D\u00f8rlampe Golf 6 osv. - Xenon-kongen","robots":{"index":"index","follow":"follow","max-snippet":"max-snippet:-1","max-image-preview":"max-image-preview:large","max-video-preview":"max-video-preview:-1"},"canonical":"http:\/\/xenonkungen.com\/no\/produkt\/vw-dorlampe-golf-6-m-fl\/","og_locale":"nb_NO","og_type":"article","og_title":"VW Door Lamp Golf 6 m.fl. - Xenonkungen","og_description":"LED d\u00f6rrbelysning f\u00f6r nedan listade bilmodeller.Reservation f\u00f6r att listan ej \u00e4r korrekt eller fullst\u00e5ndig. Volkswagen:Golf 5Golf 6Golf Plus 2005-2009Jetta 2006-2008Passat 2006-Passat CC 2009-Scirocco 2009-Sharan 2011-Tiguan 2008-Touareg 2011- Skoda:Superb 2008- Seat:Alhambra 2011- Porsche:Cayenne 2011- Set om 2st lampmoduler f\u00f6r v\u00e4\/h\u00f6 d\u00f6rr. Garanti: 1 \u00e5r","og_url":"http:\/\/xenonkungen.com\/no\/produkt\/vw-dorlampe-golf-6-m-fl\/","og_site_name":"Xenonkungen","article_modified_time":"2026-03-26T14:47:59+00:00","og_image":[{"width":600,"height":600,"url":"https:\/\/xenonkungen.com\/wp-content\/uploads\/2025\/04\/17129983-origpic-6e1212.jpg","type":"image\/jpeg"}],"twitter_card":"summary_large_image","twitter_misc":{"Ansl. lesetid":"1 minutt"},"schema":{"@context":"https:\/\/schema.org","@graph":[{"@type":"WebPage","@id":"http:\/\/xenonkungen.com\/fi\/tuote\/vw-golf-6-m-fl\/","url":"http:\/\/xenonkungen.com\/fi\/tuote\/vw-golf-6-m-fl\/","name":"VW D\u00f8rlampe Golf 6 osv. - Xenon-kongen","isPartOf":{"@id":"https:\/\/xenonkungen.com\/#website"},"primaryImageOfPage":{"@id":"http:\/\/xenonkungen.com\/fi\/tuote\/vw-golf-6-m-fl\/#primaryimage"},"image":{"@id":"http:\/\/xenonkungen.com\/fi\/tuote\/vw-golf-6-m-fl\/#primaryimage"},"thumbnailUrl":"https:\/\/xenonkungen.com\/wp-content\/uploads\/2025\/04\/17129983-origpic-6e1212.jpg","datePublished":"2025-04-15T08:47:30+00:00","dateModified":"2026-03-26T14:47:59+00:00","breadcrumb":{"@id":"http:\/\/xenonkungen.com\/fi\/tuote\/vw-golf-6-m-fl\/#breadcrumb"},"inLanguage":"nb-NO","potentialAction":[{"@type":"ReadAction","target":["http:\/\/xenonkungen.com\/fi\/tuote\/vw-golf-6-m-fl\/"]}]},{"@type":"ImageObject","inLanguage":"nb-NO","@id":"http:\/\/xenonkungen.com\/fi\/tuote\/vw-golf-6-m-fl\/#primaryimage","url":"https:\/\/xenonkungen.com\/wp-content\/uploads\/2025\/04\/17129983-origpic-6e1212.jpg","contentUrl":"https:\/\/xenonkungen.com\/wp-content\/uploads\/2025\/04\/17129983-origpic-6e1212.jpg","width":600,"height":600},{"@type":"BreadcrumbList","@id":"http:\/\/xenonkungen.com\/fi\/tuote\/vw-golf-6-m-fl\/#breadcrumb","itemListElement":[{"@type":"ListItem","position":1,"name":"Hem","item":"https:\/\/xenonkungen.com\/"},{"@type":"ListItem","position":2,"name":"Shop","item":"https:\/\/xenonkungen.com\/shop\/"},{"@type":"ListItem","position":3,"name":"VW Door Lamp Golf 6 m.fl."}]},{"@type":"WebSite","@id":"https:\/\/xenonkungen.com\/#website","url":"https:\/\/xenonkungen.com\/","name":"Xenonkungen","description":"","potentialAction":[{"@type":"SearchAction","target":{"@type":"EntryPoint","urlTemplate":"https:\/\/xenonkungen.com\/?s={search_term_string}"},"query-input":{"@type":"PropertyValueSpecification","valueRequired":true,"valueName":"search_term_string"}}],"inLanguage":"nb-NO"}]}},"taxonomy_info":{"product_brand":[{"value":2793,"label":"\u00d6VRIGT"}],"product_cat":[{"value":3013,"label":"D\u00f6rrbelysning"},{"value":16,"label":"Uncategorized"}],"pa_volt-v":[{"value":159,"label":"12"}]},"featured_image_src_large":["https:\/\/xenonkungen.com\/wp-content\/uploads\/2025\/04\/17129983-origpic-6e1212.jpg",600,600,false],"author_info":[],"comment_info":0,"_links":{"self":[{"href":"https:\/\/xenonkungen.com\/no\/wp-json\/wp\/v2\/product\/3017","targetHints":{"allow":["GET"]}}],"collection":[{"href":"https:\/\/xenonkungen.com\/no\/wp-json\/wp\/v2\/product"}],"about":[{"href":"https:\/\/xenonkungen.com\/no\/wp-json\/wp\/v2\/types\/product"}],"replies":[{"embeddable":true,"href":"https:\/\/xenonkungen.com\/no\/wp-json\/wp\/v2\/comments?post=3017"}],"wp:featuredmedia":[{"embeddable":true,"href":"https:\/\/xenonkungen.com\/no\/wp-json\/wp\/v2\/media\/3018"}],"wp:attachment":[{"href":"https:\/\/xenonkungen.com\/no\/wp-json\/wp\/v2\/media?parent=3017"}],"wp:term":[{"taxonomy":"anvandningsomrade","embeddable":true,"href":"https:\/\/xenonkungen.com\/no\/wp-json\/wp\/v2\/anvandningsomrade?post=3017"},{"taxonomy":"bilmarken","embeddable":true,"href":"https:\/\/xenonkungen.com\/no\/wp-json\/wp\/v2\/bilmarken?post=3017"},{"taxonomy":"product_brand","embeddable":true,"href":"https:\/\/xenonkungen.com\/no\/wp-json\/wp\/v2\/product_brand?post=3017"},{"taxonomy":"product_cat","embeddable":true,"href":"https:\/\/xenonkungen.com\/no\/wp-json\/wp\/v2\/product_cat?post=3017"},{"taxonomy":"product_tag","embeddable":true,"href":"https:\/\/xenonkungen.com\/no\/wp-json\/wp\/v2\/product_tag?post=3017"}],"curies":[{"name":"wp","href":"https:\/\/api.w.org\/{rel}","templated":true}]}}