{"id":30255,"date":"2026-05-12T10:56:48","date_gmt":"2026-05-12T09:56:48","guid":{"rendered":"https:\/\/xenonkungen.com\/?post_type=product&#038;p=30255"},"modified":"2026-05-12T11:11:33","modified_gmt":"2026-05-12T10:11:33","slug":"meguiars-profesjonelle-sammensatte-skumputer-6","status":"publish","type":"product","link":"https:\/\/xenonkungen.com\/no\/produkt\/meguiars-profesjonelle-sammensatte-skumputer-6\/","title":{"rendered":"Meguiar&#039;s Professional Compound Foam Pads 6"},"content":{"rendered":"<h2 data-section-id=\"10w6ov1\" data-start=\"763\" data-end=\"806\">Profesjonell polering med h\u00f8y ytelse<\/h2>\n<p data-start=\"808\" data-end=\"1099\">Meguiar&#039;s Professional Compound Foam Pad 6\u2033 er utviklet for \u00e5 gi effektiv og jevn polering med en rekke forskjellige typer poleringsmaskiner. Puten er utviklet for b\u00e5de profesjonelle bilpleieeksperter og entusiaster som \u00f8nsker h\u00f8y kvalitet og langvarig holdbarhet ved hver bruk.<\/p>\n<p data-start=\"1101\" data-end=\"1338\">Den spesialdesignede profilen bidrar til \u00e5 skape en glatt arbeidsflate og forbedret kontroll under polering. Takket v\u00e6re den robuste konstruksjonen t\u00e5ler puten gjentatt rengj\u00f8ring uten \u00e5 miste form eller ytelse.<\/p>\n<h2 data-section-id=\"133rlc8\" data-start=\"1340\" data-end=\"1384\">Slitesterk konstruksjon for krevende jobber<\/h2>\n<p data-start=\"1386\" data-end=\"1641\">Skumputen er laget av slitesterke materialer som er utviklet for t\u00f8ffe arbeidsmilj\u00f8er og hyppig bruk, og fungerer utmerket til \u00e5 korrigere lakk, fjerne riper og p\u00e5f\u00f8re polering med kompatible poleringsmaskiner.<\/p>\n<p data-start=\"1643\" data-end=\"1839\">Meguiar&#039;s Professional Foam Pads er like godt egnet for profesjonelle verksteder som for hjemmebruk, og gir en p\u00e5litelig l\u00f8sning for de som \u00f8nsker \u00e5 oppn\u00e5 et pent og jevnt resultat p\u00e5 kj\u00f8ret\u00f8yets lakk.<\/p>","protected":false},"excerpt":{"rendered":"<p>Meguiar&#039;s Professional Foam Pads er utviklet for effektiv polering og langvarig holdbarhet. Den unike designen gir jevn ytelse med en rekke poleringsmaskiner og passer for b\u00e5de profesjonelle brukere og entusiaster.<\/p>","protected":false},"featured_media":30256,"comment_status":"open","ping_status":"closed","template":"","meta":{"_acf_changed":false,"_smort_price_nok":"","_smort_price_dkk":"","_smort_price_eur":"","_smort_sale_price_nok":"","_smort_sale_price_dkk":"","_smort_sale_price_eur":"","smort_restorder":"","shipmondo_restorder":"","_kad_blocks_custom_css":"","_kad_blocks_head_custom_js":"","_kad_blocks_body_custom_js":"","_kad_blocks_footer_custom_js":"","smort_custom_pricelist_1":"255.36","smort_custom_pricelist_2":"255.36","smort_custom_pricelist_3":"255.36","smort_custom_pricelist_4":"319.2","smort_custom_pricelist_5":"255.36"},"anvandningsomrade":[],"bilmarken":[],"product_brand":[1383],"product_cat":[2617,2986,378],"product_tag":[],"class_list":{"0":"post-30255","1":"product","2":"type-product","3":"status-publish","4":"has-post-thumbnail","6":"product_brand-meguiars","7":"product_cat-polering","8":"product_cat-bilvard-och-tillbehor","9":"product_cat-bilvard","11":"first","12":"onbackorder","13":"taxable","14":"shipping-taxable","15":"purchasable","16":"product-type-simple"},"bundled_by":[],"bundle_stock_status":"onbackorder","bundle_stock_quantity":0,"bundle_virtual":false,"bundle_layout":"","bundle_add_to_cart_form_location":"","bundle_editable_in_cart":false,"bundle_sold_individually_context":"","bundle_item_grouping":"","bundle_min_size":"","bundle_max_size":"","bundle_price":[],"bundled_items":[],"bundle_sell_ids":[],"acf":[],"yoast_head":"<!-- This site is optimized with the Yoast SEO plugin v27.0 - https:\/\/yoast.com\/product\/yoast-seo-wordpress\/ -->\n<title>Meguiar&#039;s Professional Compound Foam Pads 6 - Xenonkungen Polerrondell Professional Compound Foam Pad 6&quot;, Meguiar\u2019s - Xenonkungen<\/title>\n<meta name=\"description\" content=\"K\u00f6p Meguiar\u2019s Professional Compound Foam Pad 6\u201d. Professionell skumrondell med h\u00f6g h\u00e5llbarhet och effektiv polering. Snabb leverans. \u00d6ppet k\u00f6p 30 dagar. Handla enkelt p\u00e5 xenonkungen.com!\" \/>\n<meta name=\"robots\" content=\"index, follow, max-snippet:-1, max-image-preview:large, max-video-preview:-1\" \/>\n<link rel=\"canonical\" href=\"https:\/\/xenonkungen.com\/no\/produkt\/meguiars-profesjonelle-sammensatte-skumputer-6\/\" \/>\n<meta property=\"og:locale\" content=\"nb_NO\" \/>\n<meta property=\"og:type\" content=\"article\" \/>\n<meta property=\"og:title\" content=\"Meguiar&#039;s Professional Compound Foam Pads 6 - Xenonkungen Polerrondell Professional Compound Foam Pad 6&quot;, Meguiar\u2019s - Xenonkungen\" \/>\n<meta property=\"og:description\" content=\"K\u00f6p Meguiar\u2019s Professional Compound Foam Pad 6\u201d. Professionell skumrondell med h\u00f6g h\u00e5llbarhet och effektiv polering. Snabb leverans. \u00d6ppet k\u00f6p 30 dagar. Handla enkelt p\u00e5 xenonkungen.com!\" \/>\n<meta property=\"og:url\" content=\"https:\/\/xenonkungen.com\/no\/produkt\/meguiars-profesjonelle-sammensatte-skumputer-6\/\" \/>\n<meta property=\"og:site_name\" content=\"Xenonkungen\" \/>\n<meta property=\"article:modified_time\" content=\"2026-05-12T10:11:33+00:00\" \/>\n<meta property=\"og:image\" content=\"https:\/\/xenonkungen.com\/wp-content\/uploads\/2026\/05\/eyJrZXkiOiJzdG9yZV8yMzljN2Q0Yy01ODY4LTQ5NmEtYjM0NS1iN2I4OWIyODVhMTJcL2ltYWdlc1wvM3ljU3o4bnM5dHJjeVZlbWRORVZyUTByS0g3Q.webp\" \/>\n\t<meta property=\"og:image:width\" content=\"1024\" \/>\n\t<meta property=\"og:image:height\" content=\"1024\" \/>\n\t<meta property=\"og:image:type\" content=\"image\/webp\" \/>\n<meta name=\"twitter:card\" content=\"summary_large_image\" \/>\n<meta name=\"twitter:label1\" content=\"Ansl. lesetid\" \/>\n\t<meta name=\"twitter:data1\" content=\"1 minutt\" \/>\n<script type=\"application\/ld+json\" class=\"yoast-schema-graph\">{\"@context\":\"https:\/\/schema.org\",\"@graph\":[{\"@type\":\"WebPage\",\"@id\":\"https:\/\/xenonkungen.com\/produkt\/meguiars-professional-compound-foam-pads-6\/\",\"url\":\"https:\/\/xenonkungen.com\/produkt\/meguiars-professional-compound-foam-pads-6\/\",\"name\":\"Meguiar's Professional Compound Foam Pads 6 - Xenonkungen Polerrondell Professional Compound Foam Pad 6\\\", Meguiar\u2019s - Xenonkungen\",\"isPartOf\":{\"@id\":\"https:\/\/xenonkungen.com\/#website\"},\"primaryImageOfPage\":{\"@id\":\"https:\/\/xenonkungen.com\/produkt\/meguiars-professional-compound-foam-pads-6\/#primaryimage\"},\"image\":{\"@id\":\"https:\/\/xenonkungen.com\/produkt\/meguiars-professional-compound-foam-pads-6\/#primaryimage\"},\"thumbnailUrl\":\"https:\/\/xenonkungen.com\/wp-content\/uploads\/2026\/05\/eyJrZXkiOiJzdG9yZV8yMzljN2Q0Yy01ODY4LTQ5NmEtYjM0NS1iN2I4OWIyODVhMTJcL2ltYWdlc1wvM3ljU3o4bnM5dHJjeVZlbWRORVZyUTByS0g3Q.webp\",\"datePublished\":\"2026-05-12T09:56:48+00:00\",\"dateModified\":\"2026-05-12T10:11:33+00:00\",\"description\":\"K\u00f6p Meguiar\u2019s Professional Compound Foam Pad 6\u201d. Professionell skumrondell med h\u00f6g h\u00e5llbarhet och effektiv polering. Snabb leverans. \u00d6ppet k\u00f6p 30 dagar. Handla enkelt p\u00e5 xenonkungen.com!\",\"breadcrumb\":{\"@id\":\"https:\/\/xenonkungen.com\/produkt\/meguiars-professional-compound-foam-pads-6\/#breadcrumb\"},\"inLanguage\":\"nb-NO\",\"potentialAction\":[{\"@type\":\"ReadAction\",\"target\":[\"https:\/\/xenonkungen.com\/produkt\/meguiars-professional-compound-foam-pads-6\/\"]}]},{\"@type\":\"ImageObject\",\"inLanguage\":\"nb-NO\",\"@id\":\"https:\/\/xenonkungen.com\/produkt\/meguiars-professional-compound-foam-pads-6\/#primaryimage\",\"url\":\"https:\/\/xenonkungen.com\/wp-content\/uploads\/2026\/05\/eyJrZXkiOiJzdG9yZV8yMzljN2Q0Yy01ODY4LTQ5NmEtYjM0NS1iN2I4OWIyODVhMTJcL2ltYWdlc1wvM3ljU3o4bnM5dHJjeVZlbWRORVZyUTByS0g3Q.webp\",\"contentUrl\":\"https:\/\/xenonkungen.com\/wp-content\/uploads\/2026\/05\/eyJrZXkiOiJzdG9yZV8yMzljN2Q0Yy01ODY4LTQ5NmEtYjM0NS1iN2I4OWIyODVhMTJcL2ltYWdlc1wvM3ljU3o4bnM5dHJjeVZlbWRORVZyUTByS0g3Q.webp\",\"width\":1024,\"height\":1024},{\"@type\":\"BreadcrumbList\",\"@id\":\"https:\/\/xenonkungen.com\/produkt\/meguiars-professional-compound-foam-pads-6\/#breadcrumb\",\"itemListElement\":[{\"@type\":\"ListItem\",\"position\":1,\"name\":\"Hem\",\"item\":\"https:\/\/xenonkungen.com\/\"},{\"@type\":\"ListItem\",\"position\":2,\"name\":\"Shop\",\"item\":\"https:\/\/xenonkungen.com\/shop\/\"},{\"@type\":\"ListItem\",\"position\":3,\"name\":\"Meguiar&#8217;s Professional Compound Foam Pads 6\"}]},{\"@type\":\"WebSite\",\"@id\":\"https:\/\/xenonkungen.com\/#website\",\"url\":\"https:\/\/xenonkungen.com\/\",\"name\":\"Xenonkungen\",\"description\":\"\",\"potentialAction\":[{\"@type\":\"SearchAction\",\"target\":{\"@type\":\"EntryPoint\",\"urlTemplate\":\"https:\/\/xenonkungen.com\/?s={search_term_string}\"},\"query-input\":{\"@type\":\"PropertyValueSpecification\",\"valueRequired\":true,\"valueName\":\"search_term_string\"}}],\"inLanguage\":\"nb-NO\"}]}<\/script>\n<!-- \/ Yoast SEO plugin. -->","yoast_head_json":{"title":"Meguiar&#039;s Professional Compound Foam Pads 6 - The Xenon King Polisher Professional Compound Foam Pad 6&quot;, Meguiar&#039;s - The Xenon King","description":"Kj\u00f8p Meguiar&#039;s Professional Compound Foam Pad 6&quot;. Profesjonell skumpad med h\u00f8y holdbarhet og effektiv polering. Rask levering. \u00c5pent kj\u00f8p i 30 dager. Handle enkelt p\u00e5 xenonkungen.com!","robots":{"index":"index","follow":"follow","max-snippet":"max-snippet:-1","max-image-preview":"max-image-preview:large","max-video-preview":"max-video-preview:-1"},"canonical":"https:\/\/xenonkungen.com\/no\/produkt\/meguiars-profesjonelle-sammensatte-skumputer-6\/","og_locale":"nb_NO","og_type":"article","og_title":"Meguiar's Professional Compound Foam Pads 6 - Xenonkungen Polerrondell Professional Compound Foam Pad 6\", Meguiar\u2019s - Xenonkungen","og_description":"K\u00f6p Meguiar\u2019s Professional Compound Foam Pad 6\u201d. Professionell skumrondell med h\u00f6g h\u00e5llbarhet och effektiv polering. Snabb leverans. \u00d6ppet k\u00f6p 30 dagar. Handla enkelt p\u00e5 xenonkungen.com!","og_url":"https:\/\/xenonkungen.com\/no\/produkt\/meguiars-profesjonelle-sammensatte-skumputer-6\/","og_site_name":"Xenonkungen","article_modified_time":"2026-05-12T10:11:33+00:00","og_image":[{"width":1024,"height":1024,"url":"https:\/\/xenonkungen.com\/wp-content\/uploads\/2026\/05\/eyJrZXkiOiJzdG9yZV8yMzljN2Q0Yy01ODY4LTQ5NmEtYjM0NS1iN2I4OWIyODVhMTJcL2ltYWdlc1wvM3ljU3o4bnM5dHJjeVZlbWRORVZyUTByS0g3Q.webp","type":"image\/webp"}],"twitter_card":"summary_large_image","twitter_misc":{"Ansl. lesetid":"1 minutt"},"schema":{"@context":"https:\/\/schema.org","@graph":[{"@type":"WebPage","@id":"https:\/\/xenonkungen.com\/produkt\/meguiars-professional-compound-foam-pads-6\/","url":"https:\/\/xenonkungen.com\/produkt\/meguiars-professional-compound-foam-pads-6\/","name":"Meguiar&#039;s Professional Compound Foam Pads 6 - The Xenon King Polisher Professional Compound Foam Pad 6&quot;, Meguiar&#039;s - The Xenon King","isPartOf":{"@id":"https:\/\/xenonkungen.com\/#website"},"primaryImageOfPage":{"@id":"https:\/\/xenonkungen.com\/produkt\/meguiars-professional-compound-foam-pads-6\/#primaryimage"},"image":{"@id":"https:\/\/xenonkungen.com\/produkt\/meguiars-professional-compound-foam-pads-6\/#primaryimage"},"thumbnailUrl":"https:\/\/xenonkungen.com\/wp-content\/uploads\/2026\/05\/eyJrZXkiOiJzdG9yZV8yMzljN2Q0Yy01ODY4LTQ5NmEtYjM0NS1iN2I4OWIyODVhMTJcL2ltYWdlc1wvM3ljU3o4bnM5dHJjeVZlbWRORVZyUTByS0g3Q.webp","datePublished":"2026-05-12T09:56:48+00:00","dateModified":"2026-05-12T10:11:33+00:00","description":"Kj\u00f8p Meguiar&#039;s Professional Compound Foam Pad 6&quot;. Profesjonell skumpad med h\u00f8y holdbarhet og effektiv polering. Rask levering. \u00c5pent kj\u00f8p i 30 dager. Handle enkelt p\u00e5 xenonkungen.com!","breadcrumb":{"@id":"https:\/\/xenonkungen.com\/produkt\/meguiars-professional-compound-foam-pads-6\/#breadcrumb"},"inLanguage":"nb-NO","potentialAction":[{"@type":"ReadAction","target":["https:\/\/xenonkungen.com\/produkt\/meguiars-professional-compound-foam-pads-6\/"]}]},{"@type":"ImageObject","inLanguage":"nb-NO","@id":"https:\/\/xenonkungen.com\/produkt\/meguiars-professional-compound-foam-pads-6\/#primaryimage","url":"https:\/\/xenonkungen.com\/wp-content\/uploads\/2026\/05\/eyJrZXkiOiJzdG9yZV8yMzljN2Q0Yy01ODY4LTQ5NmEtYjM0NS1iN2I4OWIyODVhMTJcL2ltYWdlc1wvM3ljU3o4bnM5dHJjeVZlbWRORVZyUTByS0g3Q.webp","contentUrl":"https:\/\/xenonkungen.com\/wp-content\/uploads\/2026\/05\/eyJrZXkiOiJzdG9yZV8yMzljN2Q0Yy01ODY4LTQ5NmEtYjM0NS1iN2I4OWIyODVhMTJcL2ltYWdlc1wvM3ljU3o4bnM5dHJjeVZlbWRORVZyUTByS0g3Q.webp","width":1024,"height":1024},{"@type":"BreadcrumbList","@id":"https:\/\/xenonkungen.com\/produkt\/meguiars-professional-compound-foam-pads-6\/#breadcrumb","itemListElement":[{"@type":"ListItem","position":1,"name":"Hem","item":"https:\/\/xenonkungen.com\/"},{"@type":"ListItem","position":2,"name":"Shop","item":"https:\/\/xenonkungen.com\/shop\/"},{"@type":"ListItem","position":3,"name":"Meguiar&#8217;s Professional Compound Foam Pads 6"}]},{"@type":"WebSite","@id":"https:\/\/xenonkungen.com\/#website","url":"https:\/\/xenonkungen.com\/","name":"Xenonkungen","description":"","potentialAction":[{"@type":"SearchAction","target":{"@type":"EntryPoint","urlTemplate":"https:\/\/xenonkungen.com\/?s={search_term_string}"},"query-input":{"@type":"PropertyValueSpecification","valueRequired":true,"valueName":"search_term_string"}}],"inLanguage":"nb-NO"}]}},"taxonomy_info":{"product_brand":[{"value":1383,"label":"Meguiar's"}],"product_cat":[{"value":2617,"label":"3 | Polering"},{"value":2986,"label":"Bilv\u00e5rd &amp; Tillbeh\u00f6r"},{"value":378,"label":"Bilv\u00e5rd"}]},"featured_image_src_large":["https:\/\/xenonkungen.com\/wp-content\/uploads\/2026\/05\/eyJrZXkiOiJzdG9yZV8yMzljN2Q0Yy01ODY4LTQ5NmEtYjM0NS1iN2I4OWIyODVhMTJcL2ltYWdlc1wvM3ljU3o4bnM5dHJjeVZlbWRORVZyUTByS0g3Q.webp",1024,1024,false],"author_info":[],"comment_info":0,"_links":{"self":[{"href":"https:\/\/xenonkungen.com\/no\/wp-json\/wp\/v2\/product\/30255","targetHints":{"allow":["GET"]}}],"collection":[{"href":"https:\/\/xenonkungen.com\/no\/wp-json\/wp\/v2\/product"}],"about":[{"href":"https:\/\/xenonkungen.com\/no\/wp-json\/wp\/v2\/types\/product"}],"replies":[{"embeddable":true,"href":"https:\/\/xenonkungen.com\/no\/wp-json\/wp\/v2\/comments?post=30255"}],"wp:featuredmedia":[{"embeddable":true,"href":"https:\/\/xenonkungen.com\/no\/wp-json\/wp\/v2\/media\/30256"}],"wp:attachment":[{"href":"https:\/\/xenonkungen.com\/no\/wp-json\/wp\/v2\/media?parent=30255"}],"wp:term":[{"taxonomy":"anvandningsomrade","embeddable":true,"href":"https:\/\/xenonkungen.com\/no\/wp-json\/wp\/v2\/anvandningsomrade?post=30255"},{"taxonomy":"bilmarken","embeddable":true,"href":"https:\/\/xenonkungen.com\/no\/wp-json\/wp\/v2\/bilmarken?post=30255"},{"taxonomy":"product_brand","embeddable":true,"href":"https:\/\/xenonkungen.com\/no\/wp-json\/wp\/v2\/product_brand?post=30255"},{"taxonomy":"product_cat","embeddable":true,"href":"https:\/\/xenonkungen.com\/no\/wp-json\/wp\/v2\/product_cat?post=30255"},{"taxonomy":"product_tag","embeddable":true,"href":"https:\/\/xenonkungen.com\/no\/wp-json\/wp\/v2\/product_tag?post=30255"}],"curies":[{"name":"wp","href":"https:\/\/api.w.org\/{rel}","templated":true}]}}