{"id":30303,"date":"2026-05-12T14:02:41","date_gmt":"2026-05-12T13:02:41","guid":{"rendered":"https:\/\/xenonkungen.com\/?post_type=product&#038;p=30303"},"modified":"2026-05-12T14:12:11","modified_gmt":"2026-05-12T13:12:11","slug":"optibeam-led-rampe-pure-185","status":"publish","type":"product","link":"https:\/\/xenonkungen.com\/no\/produkt\/optibeam-led-rampe-pure-185\/","title":{"rendered":"OPTIBEAM LED-rampe Pure 185"},"content":{"rendered":"<h2 data-section-id=\"hh7kmm\" data-start=\"641\" data-end=\"683\">Slank LED-rampe med kraftig lysm\u00f8nster<\/h2>\n<p data-start=\"685\" data-end=\"957\">Optibeam Pure 185 er en kompakt og stilig LED-list utviklet for \u00e5 levere kraftig tilleggsbelysning i et sv\u00e6rt kompakt format. Med en h\u00f8yde p\u00e5 bare 42 mm og et elegant buet design er listen perfekt for kj\u00f8ret\u00f8y der diskret montering og moderne design er viktig.<\/p>\n<p data-start=\"959\" data-end=\"1135\">Det brede lysm\u00f8nsteret sammen med 8050 m\u00e5lte lumen gir sv\u00e6rt god sikt i m\u00f8rket og forbedrer sikkerheten ved kj\u00f8ring p\u00e5 motorveier, mindre veier og krevende forhold.<\/p>\n<h2 data-section-id=\"1mkwtef\" data-start=\"1137\" data-end=\"1192\">Tofarget posisjonslys og naturlig fargegjengivelse<\/h2>\n<p data-start=\"1194\" data-end=\"1379\">Pure 185 er utstyrt med et integrert posisjonslys i b\u00e5de hvitt og gult lys, der begge funksjonene har separate kabler for enkel installasjon og tilpasning til kj\u00f8ret\u00f8yets behov.<\/p>\n<p data-start=\"1381\" data-end=\"1564\">Med en fargetemperatur p\u00e5 5000K tilbyr LED-rampen en naturlig og behagelig fargegjengivelse som forbedrer kontrastene og gj\u00f8r det enklere \u00e5 oppdage hindringer og detaljer underveis.<\/p>\n<h2 data-section-id=\"10tgeac\" data-start=\"1566\" data-end=\"1606\">Robust konstruksjon for t\u00f8ffe milj\u00f8er<\/h2>\n<p data-start=\"1608\" data-end=\"1851\">LED-skinnen er bygget for \u00e5 t\u00e5le t\u00f8ffe nordiske forhold og har en IP68-klassifisering for beskyttelse mot vann, smuss og st\u00f8v. Den robuste konstruksjonen er kombinert med E-godkjenninger i henhold til R148, R149 og R10 for sikker og godkjent bruk.<\/p>\n<p data-start=\"1853\" data-end=\"2017\">Optibeam Pure 185 har ogs\u00e5 en Double Up Boost-funksjon som gir ekstra lysstyrke ved behov, og er perfekt for b\u00e5de personbiler, varebiler og arbeidsbiler.<\/p>","protected":false},"excerpt":{"rendered":"<p>Optibeam Pure 185 kombinerer et elegant, buet design med kraftig ytelse. Med en h\u00f8yde p\u00e5 bare 42 mm, 8050 lumen og et tofarget posisjonslys er den perfekt for diskret og effektiv tilleggsbelysning.<\/p>","protected":false},"featured_media":30309,"comment_status":"open","ping_status":"closed","template":"","meta":{"_acf_changed":false,"_smort_price_nok":"","_smort_price_dkk":"","_smort_price_eur":"","_smort_sale_price_nok":"","_smort_sale_price_dkk":"","_smort_sale_price_eur":"","smort_restorder":"","shipmondo_restorder":"","_kad_blocks_custom_css":"","_kad_blocks_head_custom_js":"","_kad_blocks_body_custom_js":"","_kad_blocks_footer_custom_js":"","smort_custom_pricelist_1":"1468.8","smort_custom_pricelist_2":"1468.8","smort_custom_pricelist_3":"1468.8","smort_custom_pricelist_4":"1836","smort_custom_pricelist_5":"1468.8"},"anvandningsomrade":[],"bilmarken":[],"product_brand":[107],"product_cat":[2966,2539,18],"product_tag":[],"class_list":{"0":"post-30303","1":"product","2":"type-product","3":"status-publish","4":"has-post-thumbnail","6":"product_brand-optibeam","7":"product_cat-ledramp-rak","8":"product_cat-ledramper","9":"product_cat-led-ramper-ljusramper","10":"pa_fargtemperatur-5000k","11":"pa_fuktskydd-varde-ipxx-ip68","12":"pa_lampsockel-kontakt-dt-2","13":"pa_storlek-mm-183x42x65","14":"pa_volt-v-9-48","16":"first","17":"onbackorder","18":"taxable","19":"shipping-taxable","20":"purchasable","21":"product-type-simple"},"bundled_by":[],"bundle_stock_status":"onbackorder","bundle_stock_quantity":0,"bundle_virtual":false,"bundle_layout":"","bundle_add_to_cart_form_location":"","bundle_editable_in_cart":false,"bundle_sold_individually_context":"","bundle_item_grouping":"","bundle_min_size":"","bundle_max_size":"","bundle_price":[],"bundled_items":[],"bundle_sell_ids":[],"acf":[],"yoast_head":"<!-- This site is optimized with the Yoast SEO plugin v27.0 - https:\/\/yoast.com\/product\/yoast-seo-wordpress\/ -->\n<title>OPTIBEAM LEDramp Pure 185 - Xenonkungen LED-ramp Pure 185 Boost med positionsljus 8050lm, Optibeam - Xenonkungen<\/title>\n<meta name=\"description\" content=\"K\u00f6p Optibeam Pure 185 LED-ramp med 8050 uppm\u00e4tta lumen och tv\u00e5f\u00e4rgat positionsljus. Slimmad design och bred ljusbild. Snabb leverans. \u00d6ppet k\u00f6p 30 dagar. Handla enkelt p\u00e5 xenonkungen.com!\" \/>\n<meta name=\"robots\" content=\"index, follow, max-snippet:-1, max-image-preview:large, max-video-preview:-1\" \/>\n<link rel=\"canonical\" href=\"https:\/\/xenonkungen.com\/no\/produkt\/optibeam-led-rampe-pure-185\/\" \/>\n<meta property=\"og:locale\" content=\"nb_NO\" \/>\n<meta property=\"og:type\" content=\"article\" \/>\n<meta property=\"og:title\" content=\"OPTIBEAM LEDramp Pure 185 - Xenonkungen LED-ramp Pure 185 Boost med positionsljus 8050lm, Optibeam - Xenonkungen\" \/>\n<meta property=\"og:description\" content=\"K\u00f6p Optibeam Pure 185 LED-ramp med 8050 uppm\u00e4tta lumen och tv\u00e5f\u00e4rgat positionsljus. Slimmad design och bred ljusbild. Snabb leverans. \u00d6ppet k\u00f6p 30 dagar. Handla enkelt p\u00e5 xenonkungen.com!\" \/>\n<meta property=\"og:url\" content=\"https:\/\/xenonkungen.com\/no\/produkt\/optibeam-led-rampe-pure-185\/\" \/>\n<meta property=\"og:site_name\" content=\"Xenonkungen\" \/>\n<meta property=\"article:modified_time\" content=\"2026-05-12T13:12:11+00:00\" \/>\n<meta name=\"twitter:card\" content=\"summary_large_image\" \/>\n<meta name=\"twitter:label1\" content=\"Ansl. lesetid\" \/>\n\t<meta name=\"twitter:data1\" content=\"2 minutter\" \/>\n<script type=\"application\/ld+json\" class=\"yoast-schema-graph\">{\"@context\":\"https:\/\/schema.org\",\"@graph\":[{\"@type\":\"WebPage\",\"@id\":\"https:\/\/xenonkungen.com\/produkt\/optibeam-ledramp-pure-185\/\",\"url\":\"https:\/\/xenonkungen.com\/produkt\/optibeam-ledramp-pure-185\/\",\"name\":\"OPTIBEAM LEDramp Pure 185 - Xenonkungen LED-ramp Pure 185 Boost med positionsljus 8050lm, Optibeam - Xenonkungen\",\"isPartOf\":{\"@id\":\"https:\/\/xenonkungen.com\/#website\"},\"primaryImageOfPage\":{\"@id\":\"https:\/\/xenonkungen.com\/produkt\/optibeam-ledramp-pure-185\/#primaryimage\"},\"image\":{\"@id\":\"https:\/\/xenonkungen.com\/produkt\/optibeam-ledramp-pure-185\/#primaryimage\"},\"thumbnailUrl\":\"https:\/\/xenonkungen.com\/wp-content\/uploads\/2026\/05\/669795bf4747f.avif\",\"datePublished\":\"2026-05-12T13:02:41+00:00\",\"dateModified\":\"2026-05-12T13:12:11+00:00\",\"description\":\"K\u00f6p Optibeam Pure 185 LED-ramp med 8050 uppm\u00e4tta lumen och tv\u00e5f\u00e4rgat positionsljus. Slimmad design och bred ljusbild. Snabb leverans. \u00d6ppet k\u00f6p 30 dagar. Handla enkelt p\u00e5 xenonkungen.com!\",\"breadcrumb\":{\"@id\":\"https:\/\/xenonkungen.com\/produkt\/optibeam-ledramp-pure-185\/#breadcrumb\"},\"inLanguage\":\"nb-NO\",\"potentialAction\":[{\"@type\":\"ReadAction\",\"target\":[\"https:\/\/xenonkungen.com\/produkt\/optibeam-ledramp-pure-185\/\"]}]},{\"@type\":\"ImageObject\",\"inLanguage\":\"nb-NO\",\"@id\":\"https:\/\/xenonkungen.com\/produkt\/optibeam-ledramp-pure-185\/#primaryimage\",\"url\":\"https:\/\/xenonkungen.com\/wp-content\/uploads\/2026\/05\/669795bf4747f.avif\",\"contentUrl\":\"https:\/\/xenonkungen.com\/wp-content\/uploads\/2026\/05\/669795bf4747f.avif\",\"width\":800,\"height\":600},{\"@type\":\"BreadcrumbList\",\"@id\":\"https:\/\/xenonkungen.com\/produkt\/optibeam-ledramp-pure-185\/#breadcrumb\",\"itemListElement\":[{\"@type\":\"ListItem\",\"position\":1,\"name\":\"Hem\",\"item\":\"https:\/\/xenonkungen.com\/\"},{\"@type\":\"ListItem\",\"position\":2,\"name\":\"Shop\",\"item\":\"https:\/\/xenonkungen.com\/shop\/\"},{\"@type\":\"ListItem\",\"position\":3,\"name\":\"OPTIBEAM LEDramp Pure 185\"}]},{\"@type\":\"WebSite\",\"@id\":\"https:\/\/xenonkungen.com\/#website\",\"url\":\"https:\/\/xenonkungen.com\/\",\"name\":\"Xenonkungen\",\"description\":\"\",\"potentialAction\":[{\"@type\":\"SearchAction\",\"target\":{\"@type\":\"EntryPoint\",\"urlTemplate\":\"https:\/\/xenonkungen.com\/?s={search_term_string}\"},\"query-input\":{\"@type\":\"PropertyValueSpecification\",\"valueRequired\":true,\"valueName\":\"search_term_string\"}}],\"inLanguage\":\"nb-NO\"}]}<\/script>\n<!-- \/ Yoast SEO plugin. -->","yoast_head_json":{"title":"OPTIBEAM LED-rampe Pure 185 \u2013 Xenon-kongen LED-rampe Pure 185 Boost med posisjonslys 8050 lm, Optibeam \u2013 Xenon-kongen","description":"Kj\u00f8p Optibeam Pure 185 LED-list med 8050 m\u00e5lte lumen og tofarget posisjonslys. Slank design og bredt lysm\u00f8nster. Rask levering. \u00c5pent kj\u00f8p i 30 dager. Handle enkelt p\u00e5 xenonkungen.com!","robots":{"index":"index","follow":"follow","max-snippet":"max-snippet:-1","max-image-preview":"max-image-preview:large","max-video-preview":"max-video-preview:-1"},"canonical":"https:\/\/xenonkungen.com\/no\/produkt\/optibeam-led-rampe-pure-185\/","og_locale":"nb_NO","og_type":"article","og_title":"OPTIBEAM LEDramp Pure 185 - Xenonkungen LED-ramp Pure 185 Boost med positionsljus 8050lm, Optibeam - Xenonkungen","og_description":"K\u00f6p Optibeam Pure 185 LED-ramp med 8050 uppm\u00e4tta lumen och tv\u00e5f\u00e4rgat positionsljus. Slimmad design och bred ljusbild. Snabb leverans. \u00d6ppet k\u00f6p 30 dagar. Handla enkelt p\u00e5 xenonkungen.com!","og_url":"https:\/\/xenonkungen.com\/no\/produkt\/optibeam-led-rampe-pure-185\/","og_site_name":"Xenonkungen","article_modified_time":"2026-05-12T13:12:11+00:00","twitter_card":"summary_large_image","twitter_misc":{"Ansl. lesetid":"2 minutter"},"schema":{"@context":"https:\/\/schema.org","@graph":[{"@type":"WebPage","@id":"https:\/\/xenonkungen.com\/produkt\/optibeam-ledramp-pure-185\/","url":"https:\/\/xenonkungen.com\/produkt\/optibeam-ledramp-pure-185\/","name":"OPTIBEAM LED-rampe Pure 185 \u2013 Xenon-kongen LED-rampe Pure 185 Boost med posisjonslys 8050 lm, Optibeam \u2013 Xenon-kongen","isPartOf":{"@id":"https:\/\/xenonkungen.com\/#website"},"primaryImageOfPage":{"@id":"https:\/\/xenonkungen.com\/produkt\/optibeam-ledramp-pure-185\/#primaryimage"},"image":{"@id":"https:\/\/xenonkungen.com\/produkt\/optibeam-ledramp-pure-185\/#primaryimage"},"thumbnailUrl":"https:\/\/xenonkungen.com\/wp-content\/uploads\/2026\/05\/669795bf4747f.avif","datePublished":"2026-05-12T13:02:41+00:00","dateModified":"2026-05-12T13:12:11+00:00","description":"Kj\u00f8p Optibeam Pure 185 LED-list med 8050 m\u00e5lte lumen og tofarget posisjonslys. Slank design og bredt lysm\u00f8nster. Rask levering. \u00c5pent kj\u00f8p i 30 dager. Handle enkelt p\u00e5 xenonkungen.com!","breadcrumb":{"@id":"https:\/\/xenonkungen.com\/produkt\/optibeam-ledramp-pure-185\/#breadcrumb"},"inLanguage":"nb-NO","potentialAction":[{"@type":"ReadAction","target":["https:\/\/xenonkungen.com\/produkt\/optibeam-ledramp-pure-185\/"]}]},{"@type":"ImageObject","inLanguage":"nb-NO","@id":"https:\/\/xenonkungen.com\/produkt\/optibeam-ledramp-pure-185\/#primaryimage","url":"https:\/\/xenonkungen.com\/wp-content\/uploads\/2026\/05\/669795bf4747f.avif","contentUrl":"https:\/\/xenonkungen.com\/wp-content\/uploads\/2026\/05\/669795bf4747f.avif","width":800,"height":600},{"@type":"BreadcrumbList","@id":"https:\/\/xenonkungen.com\/produkt\/optibeam-ledramp-pure-185\/#breadcrumb","itemListElement":[{"@type":"ListItem","position":1,"name":"Hem","item":"https:\/\/xenonkungen.com\/"},{"@type":"ListItem","position":2,"name":"Shop","item":"https:\/\/xenonkungen.com\/shop\/"},{"@type":"ListItem","position":3,"name":"OPTIBEAM LEDramp Pure 185"}]},{"@type":"WebSite","@id":"https:\/\/xenonkungen.com\/#website","url":"https:\/\/xenonkungen.com\/","name":"Xenonkungen","description":"","potentialAction":[{"@type":"SearchAction","target":{"@type":"EntryPoint","urlTemplate":"https:\/\/xenonkungen.com\/?s={search_term_string}"},"query-input":{"@type":"PropertyValueSpecification","valueRequired":true,"valueName":"search_term_string"}}],"inLanguage":"nb-NO"}]}},"taxonomy_info":{"product_brand":[{"value":107,"label":"Optibeam"}],"product_cat":[{"value":2966,"label":"Ledramp Rak"},{"value":2539,"label":"LEDRAMPER"},{"value":18,"label":"LED Ramper \/ Ljusramper"}],"pa_fargtemperatur":[{"value":154,"label":"5000K"}],"pa_fuktskydd-varde-ipxx":[{"value":177,"label":"IP68"}],"pa_lampsockel-kontakt":[{"value":359,"label":"DT-2"}],"pa_storlek-mm":[{"value":3075,"label":"183x42x65"}],"pa_volt-v":[{"value":1534,"label":"9-48"}]},"featured_image_src_large":["https:\/\/xenonkungen.com\/wp-content\/uploads\/2026\/05\/669795bf4747f.avif",800,600,false],"author_info":[],"comment_info":0,"_links":{"self":[{"href":"https:\/\/xenonkungen.com\/no\/wp-json\/wp\/v2\/product\/30303","targetHints":{"allow":["GET"]}}],"collection":[{"href":"https:\/\/xenonkungen.com\/no\/wp-json\/wp\/v2\/product"}],"about":[{"href":"https:\/\/xenonkungen.com\/no\/wp-json\/wp\/v2\/types\/product"}],"replies":[{"embeddable":true,"href":"https:\/\/xenonkungen.com\/no\/wp-json\/wp\/v2\/comments?post=30303"}],"wp:featuredmedia":[{"embeddable":true,"href":"https:\/\/xenonkungen.com\/no\/wp-json\/wp\/v2\/media\/30309"}],"wp:attachment":[{"href":"https:\/\/xenonkungen.com\/no\/wp-json\/wp\/v2\/media?parent=30303"}],"wp:term":[{"taxonomy":"anvandningsomrade","embeddable":true,"href":"https:\/\/xenonkungen.com\/no\/wp-json\/wp\/v2\/anvandningsomrade?post=30303"},{"taxonomy":"bilmarken","embeddable":true,"href":"https:\/\/xenonkungen.com\/no\/wp-json\/wp\/v2\/bilmarken?post=30303"},{"taxonomy":"product_brand","embeddable":true,"href":"https:\/\/xenonkungen.com\/no\/wp-json\/wp\/v2\/product_brand?post=30303"},{"taxonomy":"product_cat","embeddable":true,"href":"https:\/\/xenonkungen.com\/no\/wp-json\/wp\/v2\/product_cat?post=30303"},{"taxonomy":"product_tag","embeddable":true,"href":"https:\/\/xenonkungen.com\/no\/wp-json\/wp\/v2\/product_tag?post=30303"}],"curies":[{"name":"wp","href":"https:\/\/api.w.org\/{rel}","templated":true}]}}