{"id":3048,"date":"2025-04-15T08:47:55","date_gmt":"2025-04-15T08:47:55","guid":{"rendered":"https:\/\/xenonkungen.com\/product\/extraljusfaste-svart-3-225mm-long-fixpoints\/"},"modified":"2026-04-26T13:33:12","modified_gmt":"2026-04-26T12:33:12","slug":"ekstra-lysarmatur-svart-3-225-mm-lange-festepunkter","status":"publish","type":"product","link":"https:\/\/xenonkungen.com\/no\/produkt\/ekstra-lysarmatur-svart-3-225-mm-lange-festepunkter\/","title":{"rendered":"Ekstra lysbrakett Svart 3 - 225 mm | Lange festepunkter"},"content":{"rendered":"<section class=\"product-description\">\n<h1>Ekstra lysbrakett - passer til tre lamper med en diameter p\u00e5 opptil 225 mm<\/h1>\n<p>Denne ekstralysbraketten er utformet for \u00e5 gi bilen din en stilig og funksjonell l\u00f8sning for montering av tre ekstralys. Braketten har ekstra lange \u00f8rer, noe som gj\u00f8r den ideell for biler med flat front, som f.eks. <strong>VW Transporter<\/strong>.<\/p>\n<p>Laget av solid svart pulverlakkert st\u00e5lplate med en veggtykkelse p\u00e5 <strong>3 mm<\/strong>Denne braketten sikrer b\u00e5de holdbarhet og stabilitet under alle v\u00e6rforhold. Den er perfekt egnet for ekstralys opp til <strong>225 mm i diameter<\/strong>som lar deg velge mellom flere ulike belysningsalternativer for optimal belysning av veien.<\/p>\n<p>Enten du bruker ekstralys for bedre synlighet p\u00e5 m\u00f8rke veier eller for \u00e5 gi bilen et kraftigere utseende, tilbyr v\u00e5r brakett en p\u00e5litelig og profesjonell l\u00f8sning for sikker og enkel montering.<\/p>\n<\/section>","protected":false},"excerpt":{"rendered":"<p>F\u00e4ste f\u00f6r Extraljus \u2013 Passar f\u00f6r Tre Ljus Upp Till 225mm i Diameter Detta extraljusf\u00e4ste \u00e4r designat f\u00f6r att ge din bil en stilren och funktionell l\u00f6sning f\u00f6r montering av tre extraljus. F\u00e4stet har extra l\u00e5nga \u00f6ron, vilket g\u00f6r det idealiskt f\u00f6r bilar med platt front, s\u00e5som VW Transporter. Tillverkat i robust svart pulverlackad st\u00e5lpl\u00e5t [&hellip;]<\/p>","protected":false},"featured_media":3049,"comment_status":"closed","ping_status":"open","template":"","meta":{"_acf_changed":false,"_smort_price_nok":"422","_smort_price_dkk":"268","_smort_price_eur":"35.91","_smort_sale_price_nok":"","_smort_sale_price_dkk":"","_smort_sale_price_eur":"","smort_restorder":"","shipmondo_restorder":"","_kad_blocks_custom_css":"","_kad_blocks_head_custom_js":"","_kad_blocks_body_custom_js":"","_kad_blocks_footer_custom_js":"","smort_custom_pricelist_1":"252.8","smort_custom_pricelist_2":"221.2","smort_custom_pricelist_3":"205.4","smort_custom_pricelist_4":"316","smort_custom_pricelist_5":"221.2"},"anvandningsomrade":[],"bilmarken":[],"product_brand":[],"product_cat":[2534,2971,2461,2841,2535,2536,390],"product_tag":[],"class_list":{"0":"post-3048","1":"product","2":"type-product","3":"status-publish","4":"has-post-thumbnail","6":"product_cat-extraljusfaste-extraljus","7":"product_cat-ledramp-fasten","8":"product_cat-fasten-installation","9":"product_cat-installation-extraljus","10":"product_cat-tillbehor-ledramper","11":"product_cat-tillbehor-tillbehor-ledramper","12":"product_cat-installation","14":"first","15":"instock","16":"taxable","17":"shipping-taxable","18":"purchasable","19":"product-type-simple"},"bundled_by":[],"bundle_stock_status":"instock","bundle_stock_quantity":66,"bundle_virtual":false,"bundle_layout":"","bundle_add_to_cart_form_location":"","bundle_editable_in_cart":false,"bundle_sold_individually_context":"","bundle_item_grouping":"","bundle_min_size":"","bundle_max_size":"","bundle_price":[],"bundled_items":[],"bundle_sell_ids":[],"acf":[],"yoast_head":"<!-- This site is optimized with the Yoast SEO plugin v27.0 - https:\/\/yoast.com\/product\/yoast-seo-wordpress\/ -->\n<title>Extraljusf\u00e4ste Svart 3 - 225mm | Long fixpoints - Xenonkungen<\/title>\n<meta name=\"robots\" content=\"index, follow, max-snippet:-1, max-image-preview:large, max-video-preview:-1\" \/>\n<link rel=\"canonical\" href=\"https:\/\/xenonkungen.com\/no\/produkt\/ekstra-lysarmatur-svart-3-225-mm-lange-festepunkter\/\" \/>\n<meta property=\"og:locale\" content=\"nb_NO\" \/>\n<meta property=\"og:type\" content=\"article\" \/>\n<meta property=\"og:title\" content=\"Extraljusf\u00e4ste Svart 3 - 225mm | Long fixpoints - Xenonkungen\" \/>\n<meta property=\"og:description\" content=\"F\u00e4ste f\u00f6r Extraljus \u2013 Passar f\u00f6r Tre Ljus Upp Till 225mm i Diameter Detta extraljusf\u00e4ste \u00e4r designat f\u00f6r att ge din bil en stilren och funktionell l\u00f6sning f\u00f6r montering av tre extraljus. F\u00e4stet har extra l\u00e5nga \u00f6ron, vilket g\u00f6r det idealiskt f\u00f6r bilar med platt front, s\u00e5som VW Transporter. Tillverkat i robust svart pulverlackad st\u00e5lpl\u00e5t [&hellip;]\" \/>\n<meta property=\"og:url\" content=\"https:\/\/xenonkungen.com\/no\/produkt\/ekstra-lysarmatur-svart-3-225-mm-lange-festepunkter\/\" \/>\n<meta property=\"og:site_name\" content=\"Xenonkungen\" \/>\n<meta property=\"article:modified_time\" content=\"2026-04-26T12:33:12+00:00\" \/>\n<meta property=\"og:image\" content=\"https:\/\/xenonkungen.com\/wp-content\/uploads\/2025\/04\/217027281-origpic-8011d7.png\" \/>\n\t<meta property=\"og:image:width\" content=\"994\" \/>\n\t<meta property=\"og:image:height\" content=\"317\" \/>\n\t<meta property=\"og:image:type\" content=\"image\/png\" \/>\n<meta name=\"twitter:card\" content=\"summary_large_image\" \/>\n<meta name=\"twitter:label1\" content=\"Ansl. lesetid\" \/>\n\t<meta name=\"twitter:data1\" content=\"1 minutt\" \/>\n<script type=\"application\/ld+json\" class=\"yoast-schema-graph\">{\"@context\":\"https:\/\/schema.org\",\"@graph\":[{\"@type\":\"WebPage\",\"@id\":\"https:\/\/xenonkungen.com\/produkt\/extraljusfaste-svart-3-225mm-long-fixpoints\/\",\"url\":\"https:\/\/xenonkungen.com\/produkt\/extraljusfaste-svart-3-225mm-long-fixpoints\/\",\"name\":\"Extraljusf\u00e4ste Svart 3 - 225mm | Long fixpoints - Xenonkungen\",\"isPartOf\":{\"@id\":\"https:\/\/xenonkungen.com\/#website\"},\"primaryImageOfPage\":{\"@id\":\"https:\/\/xenonkungen.com\/produkt\/extraljusfaste-svart-3-225mm-long-fixpoints\/#primaryimage\"},\"image\":{\"@id\":\"https:\/\/xenonkungen.com\/produkt\/extraljusfaste-svart-3-225mm-long-fixpoints\/#primaryimage\"},\"thumbnailUrl\":\"https:\/\/xenonkungen.com\/wp-content\/uploads\/2025\/04\/217027281-origpic-8011d7.png\",\"datePublished\":\"2025-04-15T08:47:55+00:00\",\"dateModified\":\"2026-04-26T12:33:12+00:00\",\"breadcrumb\":{\"@id\":\"https:\/\/xenonkungen.com\/produkt\/extraljusfaste-svart-3-225mm-long-fixpoints\/#breadcrumb\"},\"inLanguage\":\"nb-NO\",\"potentialAction\":[{\"@type\":\"ReadAction\",\"target\":[\"https:\/\/xenonkungen.com\/produkt\/extraljusfaste-svart-3-225mm-long-fixpoints\/\"]}]},{\"@type\":\"ImageObject\",\"inLanguage\":\"nb-NO\",\"@id\":\"https:\/\/xenonkungen.com\/produkt\/extraljusfaste-svart-3-225mm-long-fixpoints\/#primaryimage\",\"url\":\"https:\/\/xenonkungen.com\/wp-content\/uploads\/2025\/04\/217027281-origpic-8011d7.png\",\"contentUrl\":\"https:\/\/xenonkungen.com\/wp-content\/uploads\/2025\/04\/217027281-origpic-8011d7.png\",\"width\":994,\"height\":317},{\"@type\":\"BreadcrumbList\",\"@id\":\"https:\/\/xenonkungen.com\/produkt\/extraljusfaste-svart-3-225mm-long-fixpoints\/#breadcrumb\",\"itemListElement\":[{\"@type\":\"ListItem\",\"position\":1,\"name\":\"Hem\",\"item\":\"https:\/\/xenonkungen.com\/\"},{\"@type\":\"ListItem\",\"position\":2,\"name\":\"Shop\",\"item\":\"https:\/\/xenonkungen.com\/shop\/\"},{\"@type\":\"ListItem\",\"position\":3,\"name\":\"Extraljusf\u00e4ste Svart 3 &#8211; 225mm | Long fixpoints\"}]},{\"@type\":\"WebSite\",\"@id\":\"https:\/\/xenonkungen.com\/#website\",\"url\":\"https:\/\/xenonkungen.com\/\",\"name\":\"Xenonkungen\",\"description\":\"\",\"potentialAction\":[{\"@type\":\"SearchAction\",\"target\":{\"@type\":\"EntryPoint\",\"urlTemplate\":\"https:\/\/xenonkungen.com\/?s={search_term_string}\"},\"query-input\":{\"@type\":\"PropertyValueSpecification\",\"valueRequired\":true,\"valueName\":\"search_term_string\"}}],\"inLanguage\":\"nb-NO\"}]}<\/script>\n<!-- \/ Yoast SEO plugin. -->","yoast_head_json":{"title":"Ekstralysbrakett Sort 3 - 225 mm | Lange festepunkter - Xenonkungen","robots":{"index":"index","follow":"follow","max-snippet":"max-snippet:-1","max-image-preview":"max-image-preview:large","max-video-preview":"max-video-preview:-1"},"canonical":"https:\/\/xenonkungen.com\/no\/produkt\/ekstra-lysarmatur-svart-3-225-mm-lange-festepunkter\/","og_locale":"nb_NO","og_type":"article","og_title":"Extraljusf\u00e4ste Svart 3 - 225mm | Long fixpoints - Xenonkungen","og_description":"F\u00e4ste f\u00f6r Extraljus \u2013 Passar f\u00f6r Tre Ljus Upp Till 225mm i Diameter Detta extraljusf\u00e4ste \u00e4r designat f\u00f6r att ge din bil en stilren och funktionell l\u00f6sning f\u00f6r montering av tre extraljus. F\u00e4stet har extra l\u00e5nga \u00f6ron, vilket g\u00f6r det idealiskt f\u00f6r bilar med platt front, s\u00e5som VW Transporter. Tillverkat i robust svart pulverlackad st\u00e5lpl\u00e5t [&hellip;]","og_url":"https:\/\/xenonkungen.com\/no\/produkt\/ekstra-lysarmatur-svart-3-225-mm-lange-festepunkter\/","og_site_name":"Xenonkungen","article_modified_time":"2026-04-26T12:33:12+00:00","og_image":[{"width":994,"height":317,"url":"https:\/\/xenonkungen.com\/wp-content\/uploads\/2025\/04\/217027281-origpic-8011d7.png","type":"image\/png"}],"twitter_card":"summary_large_image","twitter_misc":{"Ansl. lesetid":"1 minutt"},"schema":{"@context":"https:\/\/schema.org","@graph":[{"@type":"WebPage","@id":"https:\/\/xenonkungen.com\/produkt\/extraljusfaste-svart-3-225mm-long-fixpoints\/","url":"https:\/\/xenonkungen.com\/produkt\/extraljusfaste-svart-3-225mm-long-fixpoints\/","name":"Ekstralysbrakett Sort 3 - 225 mm | Lange festepunkter - Xenonkungen","isPartOf":{"@id":"https:\/\/xenonkungen.com\/#website"},"primaryImageOfPage":{"@id":"https:\/\/xenonkungen.com\/produkt\/extraljusfaste-svart-3-225mm-long-fixpoints\/#primaryimage"},"image":{"@id":"https:\/\/xenonkungen.com\/produkt\/extraljusfaste-svart-3-225mm-long-fixpoints\/#primaryimage"},"thumbnailUrl":"https:\/\/xenonkungen.com\/wp-content\/uploads\/2025\/04\/217027281-origpic-8011d7.png","datePublished":"2025-04-15T08:47:55+00:00","dateModified":"2026-04-26T12:33:12+00:00","breadcrumb":{"@id":"https:\/\/xenonkungen.com\/produkt\/extraljusfaste-svart-3-225mm-long-fixpoints\/#breadcrumb"},"inLanguage":"nb-NO","potentialAction":[{"@type":"ReadAction","target":["https:\/\/xenonkungen.com\/produkt\/extraljusfaste-svart-3-225mm-long-fixpoints\/"]}]},{"@type":"ImageObject","inLanguage":"nb-NO","@id":"https:\/\/xenonkungen.com\/produkt\/extraljusfaste-svart-3-225mm-long-fixpoints\/#primaryimage","url":"https:\/\/xenonkungen.com\/wp-content\/uploads\/2025\/04\/217027281-origpic-8011d7.png","contentUrl":"https:\/\/xenonkungen.com\/wp-content\/uploads\/2025\/04\/217027281-origpic-8011d7.png","width":994,"height":317},{"@type":"BreadcrumbList","@id":"https:\/\/xenonkungen.com\/produkt\/extraljusfaste-svart-3-225mm-long-fixpoints\/#breadcrumb","itemListElement":[{"@type":"ListItem","position":1,"name":"Hem","item":"https:\/\/xenonkungen.com\/"},{"@type":"ListItem","position":2,"name":"Shop","item":"https:\/\/xenonkungen.com\/shop\/"},{"@type":"ListItem","position":3,"name":"Extraljusf\u00e4ste Svart 3 &#8211; 225mm | Long fixpoints"}]},{"@type":"WebSite","@id":"https:\/\/xenonkungen.com\/#website","url":"https:\/\/xenonkungen.com\/","name":"Xenonkungen","description":"","potentialAction":[{"@type":"SearchAction","target":{"@type":"EntryPoint","urlTemplate":"https:\/\/xenonkungen.com\/?s={search_term_string}"},"query-input":{"@type":"PropertyValueSpecification","valueRequired":true,"valueName":"search_term_string"}}],"inLanguage":"nb-NO"}]}},"taxonomy_info":{"product_cat":[{"value":2534,"label":"F\u00e4ste till extraljus"},{"value":2971,"label":"F\u00e4ste till ledramp"},{"value":2461,"label":"F\u00e4sten"},{"value":2841,"label":"Installation extraljus"},{"value":2535,"label":"LEDRAMPER"},{"value":2536,"label":"Tillbeh\u00f6r"},{"value":390,"label":"Installation"}]},"featured_image_src_large":["https:\/\/xenonkungen.com\/wp-content\/uploads\/2025\/04\/217027281-origpic-8011d7.png",994,317,false],"author_info":[],"comment_info":0,"_links":{"self":[{"href":"https:\/\/xenonkungen.com\/no\/wp-json\/wp\/v2\/product\/3048","targetHints":{"allow":["GET"]}}],"collection":[{"href":"https:\/\/xenonkungen.com\/no\/wp-json\/wp\/v2\/product"}],"about":[{"href":"https:\/\/xenonkungen.com\/no\/wp-json\/wp\/v2\/types\/product"}],"replies":[{"embeddable":true,"href":"https:\/\/xenonkungen.com\/no\/wp-json\/wp\/v2\/comments?post=3048"}],"wp:featuredmedia":[{"embeddable":true,"href":"https:\/\/xenonkungen.com\/no\/wp-json\/wp\/v2\/media\/3049"}],"wp:attachment":[{"href":"https:\/\/xenonkungen.com\/no\/wp-json\/wp\/v2\/media?parent=3048"}],"wp:term":[{"taxonomy":"anvandningsomrade","embeddable":true,"href":"https:\/\/xenonkungen.com\/no\/wp-json\/wp\/v2\/anvandningsomrade?post=3048"},{"taxonomy":"bilmarken","embeddable":true,"href":"https:\/\/xenonkungen.com\/no\/wp-json\/wp\/v2\/bilmarken?post=3048"},{"taxonomy":"product_brand","embeddable":true,"href":"https:\/\/xenonkungen.com\/no\/wp-json\/wp\/v2\/product_brand?post=3048"},{"taxonomy":"product_cat","embeddable":true,"href":"https:\/\/xenonkungen.com\/no\/wp-json\/wp\/v2\/product_cat?post=3048"},{"taxonomy":"product_tag","embeddable":true,"href":"https:\/\/xenonkungen.com\/no\/wp-json\/wp\/v2\/product_tag?post=3048"}],"curies":[{"name":"wp","href":"https:\/\/api.w.org\/{rel}","templated":true}]}}