{"id":3103,"date":"2025-04-15T08:48:13","date_gmt":"2025-04-15T08:48:13","guid":{"rendered":"https:\/\/xenonkungen.com\/product\/led-extraljus-nbb-alpha-225-fjarr\/"},"modified":"2026-04-24T16:52:58","modified_gmt":"2026-04-24T15:52:58","slug":"led-ekstralys-nbb-alpha-225-fjarr","status":"publish","type":"product","link":"https:\/\/xenonkungen.com\/no\/produkt\/led-ekstralys-nbb-alpha-225-fjarr\/","title":{"rendered":"LED Ekstra lys NBB Alpha 225 | Fjernkontroll"},"content":{"rendered":"<h2><strong>NBB Alpha 225 LED - Kraftig ekstralys for optimal belysning og sikkerhet<\/strong><\/h2>\n<p>Oppgrader bilens belysning med NBB Alpha 225 LED, et h\u00f8ytytende ekstralys som ikke bare oppfyller, men overg\u00e5r dine forventninger. Med sin avanserte teknologi og n\u00f8ye utformede lysm\u00f8nster kombinerer Alpha 225 LED b\u00e5de bredde og lengde for \u00e5 gi deg eksepsjonell synlighet og \u00f8kt sikkerhet p\u00e5 veien.<\/p>\n<p>De integrerte h\u00f8yeffekts LED-lampene, sammen med en sofistikert friformreflektor, s\u00f8rger for at hver eneste kj\u00f8retur blir lysere og tryggere, uansett v\u00e6rforhold. I tillegg har ekstralyset en moderne design og et robust lampehus som t\u00e5ler tidens tann, noe som gj\u00f8r det til en langvarig investering for bilen din.<\/p>\n<p>NBB Alpha 225 LED er ikke bare kraftig - den er ogs\u00e5 praktisk. Den medf\u00f8lgende 0,5 m lange kabelen med 3-pinners DT-kontakt gj\u00f8r installasjonen enkel. For \u00e5 tilpasse stilen og behovene dine, f\u00f8lger det med b\u00e5de en bl\u00e5 og en svart topphette, samt et skottdeksel i stein for ekstra holdbarhet.<\/p>\n<p>Med E-godkjenning og posisjonslys er Alpha 225 LED klar for veien. Og for ekstra trygghet tilbyr vi 3 \u00e5rs funksjonsgaranti - som imidlertid bortfaller hvis produktet modifiseres.<\/p>\n<p>Gi bilen din den belysningen den fortjener med NBB Alpha 225 LED!<\/p>\n<p><strong>Teknisk spesifikasjon<\/strong><\/p>\n<p>LED: -<\/p>\n<p>Teoretiske lumen: <span>&#8211;<\/span><\/p>\n<p>R\u00e5 lumen: -<\/p>\n<p>Faktisk lumen: 6 200 lm<\/p>\n<p>Rekkevidde: 1 lux @ 470<\/p>\n<p>Volt: 10-30V<\/p>\n<p>Effekt: 50W<\/p>\n<p>Faktisk str\u00f8mforbruk: -<\/p>\n<p>Str\u00f8mforbruk: -<\/p>\n<p>Fargetemperatur: 6000K<\/p>\n<p>Lysbildefremvisning: Bilkj\u00f8ring<\/p>\n<p>Sertifikat: E-godkjent<\/p>\n<p>Beskyttelse mot fuktighet: IP68<\/p>\n<p>Tilkobling: 3-pinners DT-kontakt p\u00e5 0,5 m kabel<\/p>\n<p>M\u00e5l og vekt: \u00d8 225 \/ 2,5 kg<\/p>\n<p>Garanti: 3 \u00e5rs funksjonsgaranti<\/p>","protected":false},"excerpt":{"rendered":"<p>Oppdag NBB Alpha 225 LED - en h\u00f8ytytende ekstralys som kombinerer moderne design med kraftig belysning. Forbedre synligheten og sikkerheten p\u00e5 veien med avansert LED-teknologi og et slitesterkt lampehus. En perfekt l\u00f8sning for krevende kj\u00f8reforhold.<\/p>","protected":false},"featured_media":3104,"comment_status":"closed","ping_status":"closed","template":"","meta":{"_acf_changed":false,"_smort_price_nok":"4486","_smort_price_dkk":"2850","_smort_price_eur":"381.8","_smort_sale_price_nok":"","_smort_sale_price_dkk":"","_smort_sale_price_eur":"","smort_restorder":"","shipmondo_restorder":"","_kad_blocks_custom_css":"","_kad_blocks_head_custom_js":"","_kad_blocks_body_custom_js":"","_kad_blocks_footer_custom_js":"","smort_custom_pricelist_1":"2688","smort_custom_pricelist_2":"2520","smort_custom_pricelist_3":"2520","smort_custom_pricelist_4":"3360","smort_custom_pricelist_5":"2520"},"anvandningsomrade":[],"bilmarken":[],"product_brand":[],"product_cat":[2840,2544,142],"product_tag":[],"class_list":{"0":"post-3103","1":"product","2":"type-product","3":"status-publish","4":"has-post-thumbnail","6":"product_cat-extraljus-ovriga-storlekar","7":"product_cat-nbb-xenon-led","8":"product_cat-extraljus","10":"first","11":"onbackorder","12":"taxable","13":"shipping-taxable","14":"purchasable","15":"product-type-simple"},"bundled_by":[],"bundle_stock_status":"onbackorder","bundle_stock_quantity":0,"bundle_virtual":false,"bundle_layout":"","bundle_add_to_cart_form_location":"","bundle_editable_in_cart":false,"bundle_sold_individually_context":"","bundle_item_grouping":"","bundle_min_size":"","bundle_max_size":"","bundle_price":[],"bundled_items":[],"bundle_sell_ids":[],"acf":[],"yoast_head":"<!-- This site is optimized with the Yoast SEO plugin v27.0 - https:\/\/yoast.com\/product\/yoast-seo-wordpress\/ -->\n<title>LED Extraljus NBB Alpha 225 | Fj\u00e4rr - Xenonkungen<\/title>\n<meta name=\"robots\" content=\"index, follow, max-snippet:-1, max-image-preview:large, max-video-preview:-1\" \/>\n<link rel=\"canonical\" href=\"https:\/\/xenonkungen.com\/no\/produkt\/led-ekstralys-nbb-alpha-225-fjarr\/\" \/>\n<meta property=\"og:locale\" content=\"nb_NO\" \/>\n<meta property=\"og:type\" content=\"article\" \/>\n<meta property=\"og:title\" content=\"LED Extraljus NBB Alpha 225 | Fj\u00e4rr - Xenonkungen\" \/>\n<meta property=\"og:description\" content=\"Uppt\u00e4ck NBB Alpha 225 LED \u2013 ett h\u00f6gpresterande extraljus som kombinerar modern design med kraftfull belysning. F\u00f6rb\u00e4ttra din sikt och s\u00e4kerhet p\u00e5 v\u00e4gen med avancerad LED-teknik och h\u00e5llbart lamphus. En perfekt l\u00f6sning f\u00f6r kr\u00e4vande k\u00f6rf\u00f6rh\u00e5llanden.\" \/>\n<meta property=\"og:url\" content=\"https:\/\/xenonkungen.com\/no\/produkt\/led-ekstralys-nbb-alpha-225-fjarr\/\" \/>\n<meta property=\"og:site_name\" content=\"Xenonkungen\" \/>\n<meta property=\"article:modified_time\" content=\"2026-04-24T15:52:58+00:00\" \/>\n<meta property=\"og:image\" content=\"https:\/\/xenonkungen.com\/wp-content\/uploads\/2025\/04\/215238409-origpic-19a477.jpg\" \/>\n\t<meta property=\"og:image:width\" content=\"856\" \/>\n\t<meta property=\"og:image:height\" content=\"710\" \/>\n\t<meta property=\"og:image:type\" content=\"image\/jpeg\" \/>\n<meta name=\"twitter:card\" content=\"summary_large_image\" \/>\n<meta name=\"twitter:label1\" content=\"Ansl. lesetid\" \/>\n\t<meta name=\"twitter:data1\" content=\"1 minutt\" \/>\n<script type=\"application\/ld+json\" class=\"yoast-schema-graph\">{\"@context\":\"https:\/\/schema.org\",\"@graph\":[{\"@type\":\"WebPage\",\"@id\":\"https:\/\/xenonkungen.com\/produkt\/led-extraljus-nbb-alpha-225-fjarr\/\",\"url\":\"https:\/\/xenonkungen.com\/produkt\/led-extraljus-nbb-alpha-225-fjarr\/\",\"name\":\"LED Extraljus NBB Alpha 225 | Fj\u00e4rr - Xenonkungen\",\"isPartOf\":{\"@id\":\"https:\/\/xenonkungen.com\/#website\"},\"primaryImageOfPage\":{\"@id\":\"https:\/\/xenonkungen.com\/produkt\/led-extraljus-nbb-alpha-225-fjarr\/#primaryimage\"},\"image\":{\"@id\":\"https:\/\/xenonkungen.com\/produkt\/led-extraljus-nbb-alpha-225-fjarr\/#primaryimage\"},\"thumbnailUrl\":\"https:\/\/xenonkungen.com\/wp-content\/uploads\/2025\/04\/215238409-origpic-19a477.jpg\",\"datePublished\":\"2025-04-15T08:48:13+00:00\",\"dateModified\":\"2026-04-24T15:52:58+00:00\",\"breadcrumb\":{\"@id\":\"https:\/\/xenonkungen.com\/produkt\/led-extraljus-nbb-alpha-225-fjarr\/#breadcrumb\"},\"inLanguage\":\"nb-NO\",\"potentialAction\":[{\"@type\":\"ReadAction\",\"target\":[\"https:\/\/xenonkungen.com\/produkt\/led-extraljus-nbb-alpha-225-fjarr\/\"]}]},{\"@type\":\"ImageObject\",\"inLanguage\":\"nb-NO\",\"@id\":\"https:\/\/xenonkungen.com\/produkt\/led-extraljus-nbb-alpha-225-fjarr\/#primaryimage\",\"url\":\"https:\/\/xenonkungen.com\/wp-content\/uploads\/2025\/04\/215238409-origpic-19a477.jpg\",\"contentUrl\":\"https:\/\/xenonkungen.com\/wp-content\/uploads\/2025\/04\/215238409-origpic-19a477.jpg\",\"width\":856,\"height\":710},{\"@type\":\"BreadcrumbList\",\"@id\":\"https:\/\/xenonkungen.com\/produkt\/led-extraljus-nbb-alpha-225-fjarr\/#breadcrumb\",\"itemListElement\":[{\"@type\":\"ListItem\",\"position\":1,\"name\":\"Hem\",\"item\":\"https:\/\/xenonkungen.com\/\"},{\"@type\":\"ListItem\",\"position\":2,\"name\":\"Shop\",\"item\":\"https:\/\/xenonkungen.com\/shop\/\"},{\"@type\":\"ListItem\",\"position\":3,\"name\":\"LED Extraljus NBB Alpha 225 | Fj\u00e4rr\"}]},{\"@type\":\"WebSite\",\"@id\":\"https:\/\/xenonkungen.com\/#website\",\"url\":\"https:\/\/xenonkungen.com\/\",\"name\":\"Xenonkungen\",\"description\":\"\",\"potentialAction\":[{\"@type\":\"SearchAction\",\"target\":{\"@type\":\"EntryPoint\",\"urlTemplate\":\"https:\/\/xenonkungen.com\/?s={search_term_string}\"},\"query-input\":{\"@type\":\"PropertyValueSpecification\",\"valueRequired\":true,\"valueName\":\"search_term_string\"}}],\"inLanguage\":\"nb-NO\"}]}<\/script>\n<!-- \/ Yoast SEO plugin. -->","yoast_head_json":{"title":"LED-ekstralys NBB Alpha 225 | Fjernkontroll - Xenonkungen","robots":{"index":"index","follow":"follow","max-snippet":"max-snippet:-1","max-image-preview":"max-image-preview:large","max-video-preview":"max-video-preview:-1"},"canonical":"https:\/\/xenonkungen.com\/no\/produkt\/led-ekstralys-nbb-alpha-225-fjarr\/","og_locale":"nb_NO","og_type":"article","og_title":"LED Extraljus NBB Alpha 225 | Fj\u00e4rr - Xenonkungen","og_description":"Uppt\u00e4ck NBB Alpha 225 LED \u2013 ett h\u00f6gpresterande extraljus som kombinerar modern design med kraftfull belysning. F\u00f6rb\u00e4ttra din sikt och s\u00e4kerhet p\u00e5 v\u00e4gen med avancerad LED-teknik och h\u00e5llbart lamphus. En perfekt l\u00f6sning f\u00f6r kr\u00e4vande k\u00f6rf\u00f6rh\u00e5llanden.","og_url":"https:\/\/xenonkungen.com\/no\/produkt\/led-ekstralys-nbb-alpha-225-fjarr\/","og_site_name":"Xenonkungen","article_modified_time":"2026-04-24T15:52:58+00:00","og_image":[{"width":856,"height":710,"url":"https:\/\/xenonkungen.com\/wp-content\/uploads\/2025\/04\/215238409-origpic-19a477.jpg","type":"image\/jpeg"}],"twitter_card":"summary_large_image","twitter_misc":{"Ansl. lesetid":"1 minutt"},"schema":{"@context":"https:\/\/schema.org","@graph":[{"@type":"WebPage","@id":"https:\/\/xenonkungen.com\/produkt\/led-extraljus-nbb-alpha-225-fjarr\/","url":"https:\/\/xenonkungen.com\/produkt\/led-extraljus-nbb-alpha-225-fjarr\/","name":"LED-ekstralys NBB Alpha 225 | Fjernkontroll - Xenonkungen","isPartOf":{"@id":"https:\/\/xenonkungen.com\/#website"},"primaryImageOfPage":{"@id":"https:\/\/xenonkungen.com\/produkt\/led-extraljus-nbb-alpha-225-fjarr\/#primaryimage"},"image":{"@id":"https:\/\/xenonkungen.com\/produkt\/led-extraljus-nbb-alpha-225-fjarr\/#primaryimage"},"thumbnailUrl":"https:\/\/xenonkungen.com\/wp-content\/uploads\/2025\/04\/215238409-origpic-19a477.jpg","datePublished":"2025-04-15T08:48:13+00:00","dateModified":"2026-04-24T15:52:58+00:00","breadcrumb":{"@id":"https:\/\/xenonkungen.com\/produkt\/led-extraljus-nbb-alpha-225-fjarr\/#breadcrumb"},"inLanguage":"nb-NO","potentialAction":[{"@type":"ReadAction","target":["https:\/\/xenonkungen.com\/produkt\/led-extraljus-nbb-alpha-225-fjarr\/"]}]},{"@type":"ImageObject","inLanguage":"nb-NO","@id":"https:\/\/xenonkungen.com\/produkt\/led-extraljus-nbb-alpha-225-fjarr\/#primaryimage","url":"https:\/\/xenonkungen.com\/wp-content\/uploads\/2025\/04\/215238409-origpic-19a477.jpg","contentUrl":"https:\/\/xenonkungen.com\/wp-content\/uploads\/2025\/04\/215238409-origpic-19a477.jpg","width":856,"height":710},{"@type":"BreadcrumbList","@id":"https:\/\/xenonkungen.com\/produkt\/led-extraljus-nbb-alpha-225-fjarr\/#breadcrumb","itemListElement":[{"@type":"ListItem","position":1,"name":"Hem","item":"https:\/\/xenonkungen.com\/"},{"@type":"ListItem","position":2,"name":"Shop","item":"https:\/\/xenonkungen.com\/shop\/"},{"@type":"ListItem","position":3,"name":"LED Extraljus NBB Alpha 225 | Fj\u00e4rr"}]},{"@type":"WebSite","@id":"https:\/\/xenonkungen.com\/#website","url":"https:\/\/xenonkungen.com\/","name":"Xenonkungen","description":"","potentialAction":[{"@type":"SearchAction","target":{"@type":"EntryPoint","urlTemplate":"https:\/\/xenonkungen.com\/?s={search_term_string}"},"query-input":{"@type":"PropertyValueSpecification","valueRequired":true,"valueName":"search_term_string"}}],"inLanguage":"nb-NO"}]}},"taxonomy_info":{"product_cat":[{"value":2840,"label":"Extraljus \u00d6vriga storlekar"},{"value":2544,"label":"NBB Xenon\/LED"},{"value":142,"label":"Extraljus"}]},"featured_image_src_large":["https:\/\/xenonkungen.com\/wp-content\/uploads\/2025\/04\/215238409-origpic-19a477.jpg",856,710,false],"author_info":[],"comment_info":0,"_links":{"self":[{"href":"https:\/\/xenonkungen.com\/no\/wp-json\/wp\/v2\/product\/3103","targetHints":{"allow":["GET"]}}],"collection":[{"href":"https:\/\/xenonkungen.com\/no\/wp-json\/wp\/v2\/product"}],"about":[{"href":"https:\/\/xenonkungen.com\/no\/wp-json\/wp\/v2\/types\/product"}],"replies":[{"embeddable":true,"href":"https:\/\/xenonkungen.com\/no\/wp-json\/wp\/v2\/comments?post=3103"}],"wp:featuredmedia":[{"embeddable":true,"href":"https:\/\/xenonkungen.com\/no\/wp-json\/wp\/v2\/media\/3104"}],"wp:attachment":[{"href":"https:\/\/xenonkungen.com\/no\/wp-json\/wp\/v2\/media?parent=3103"}],"wp:term":[{"taxonomy":"anvandningsomrade","embeddable":true,"href":"https:\/\/xenonkungen.com\/no\/wp-json\/wp\/v2\/anvandningsomrade?post=3103"},{"taxonomy":"bilmarken","embeddable":true,"href":"https:\/\/xenonkungen.com\/no\/wp-json\/wp\/v2\/bilmarken?post=3103"},{"taxonomy":"product_brand","embeddable":true,"href":"https:\/\/xenonkungen.com\/no\/wp-json\/wp\/v2\/product_brand?post=3103"},{"taxonomy":"product_cat","embeddable":true,"href":"https:\/\/xenonkungen.com\/no\/wp-json\/wp\/v2\/product_cat?post=3103"},{"taxonomy":"product_tag","embeddable":true,"href":"https:\/\/xenonkungen.com\/no\/wp-json\/wp\/v2\/product_tag?post=3103"}],"curies":[{"name":"wp","href":"https:\/\/api.w.org\/{rel}","templated":true}]}}