{"id":3111,"date":"2025-04-15T08:49:00","date_gmt":"2025-04-15T08:49:00","guid":{"rendered":"https:\/\/xenonkungen.com\/product\/nbb-led-nbb-alpha-225-led-extraljus-pro\/"},"modified":"2026-04-25T18:04:44","modified_gmt":"2026-04-25T17:04:44","slug":"nbb-led-nbb-alpha-225-led-ekstra-lys-pro","status":"publish","type":"product","link":"https:\/\/xenonkungen.com\/no\/produkt\/nbb-led-nbb-alpha-225-led-ekstra-lys-pro\/","title":{"rendered":"NBB LED | NBB Alpha 225 LED Extra Light | PRO"},"content":{"rendered":"<div class=\"container\">\n<h1>NBB Alpha 225 Pro LED: Det kraftigste ekstralyset i 225-serien<\/h1>\n<p>BB Alpha 225 Pro LED er den kraftigste ekstralyset i den popul\u00e6re 225-serien fra NBB. Den oppdaterte versjonen kan skilte med en lysstyrke p\u00e5 hele <strong>12 800 lumen<\/strong>en betydelig oppgradering fra den forrige versjonens 8500 lumen.<\/p>\n<h2>Moderne design og utmerket lysytelse<\/h2>\n<p>Med sin moderne design, brede lysbilde og innebygde 3-veis DT-bryter er den en vanskelig \u00e5 sl\u00e5 blant ekstralysene p\u00e5 markedet. I underkanten har den LED-posisjonslys med den nyeste teknologien. Det ekstra lyset gir 1 lux p\u00e5 720 m, og med to ekstra lys montert gir det 1 lux p\u00e5 hele 1020 m. Et slitesterkt linsedeksel og en monteringsbrakett i rustfritt st\u00e5l er ogs\u00e5 inkludert.<\/p>\n<h2>Dekorative ringer som kan tilpasses<\/h2>\n<p>Denne oppdaterte versjonen inkluderer fire dekorative ringer i ulike farger som kan festes rundt reflektoren for \u00e5 sette ditt eget preg p\u00e5 det ekstra lyset.<\/p>\n<p>Med sin imponerende lyseffekt og fleksibilitet er NBB Alpha 225 Pro LED et must for alle som er ute etter det beste innen hjelpelys.<\/p>\n<\/div>\n<p><strong>Teknisk spesifikasjon<\/strong><\/p>\n<p>Multivolt: 10-33 V likestr\u00f8m<br \/>Str\u00f8mforbruk: 13,8A\/12V<br \/>Effekt: 165 W<br \/>LED: 33.<br \/>Lysstr\u00f8m: 12000 lumen, faktisk<br \/>Kelvin: 6300K<br \/>Lysm\u00f8nster: Far (bred\/bred)<br \/>Beskyttelse mot fuktighet: IP68<br \/>Arbeidsomr\u00e5de: -40 \u00b0C ~ +60 \u00b0C<br \/>EMC: R10<br \/>M\u00e5l: 215x235x112 mm, BxHxD inkl. brakett<br \/>Vekt: 2,8 kg<\/p>\n<p>S\u00f8keord: <br \/>NBB LED <br \/>NBB 225 LED<br \/>NBB 225 Alpha LED<\/p>","protected":false},"excerpt":{"rendered":"<p>NBBs sterkeste ekstralys noensinne!<\/p>","protected":false},"featured_media":3112,"comment_status":"closed","ping_status":"closed","template":"","meta":{"_acf_changed":false,"_smort_price_nok":"3738","_smort_price_dkk":"3644","_smort_price_eur":"488.16","_smort_sale_price_nok":"3738","_smort_sale_price_dkk":"","_smort_sale_price_eur":"","smort_restorder":"","shipmondo_restorder":"","_kad_blocks_custom_css":"","_kad_blocks_head_custom_js":"","_kad_blocks_body_custom_js":"","_kad_blocks_footer_custom_js":"","smort_custom_pricelist_1":"3436.8","smort_custom_pricelist_2":"3007.2","smort_custom_pricelist_3":"2856.84","smort_custom_pricelist_4":"4296","smort_custom_pricelist_5":"3007.2"},"anvandningsomrade":[],"bilmarken":[],"product_brand":[104],"product_cat":[2840,2544,142,1402],"product_tag":[],"class_list":{"0":"post-3111","1":"product","2":"type-product","3":"status-publish","4":"has-post-thumbnail","6":"product_brand-nbb","7":"product_cat-extraljus-ovriga-storlekar","8":"product_cat-nbb-xenon-led","9":"product_cat-extraljus","10":"product_cat-outlet","12":"first","13":"onbackorder","14":"taxable","15":"shipping-taxable","16":"purchasable","17":"product-type-simple"},"bundled_by":[],"bundle_stock_status":"onbackorder","bundle_stock_quantity":-10,"bundle_virtual":false,"bundle_layout":"","bundle_add_to_cart_form_location":"","bundle_editable_in_cart":false,"bundle_sold_individually_context":"","bundle_item_grouping":"","bundle_min_size":"","bundle_max_size":"","bundle_price":[],"bundled_items":[],"bundle_sell_ids":[],"acf":[],"yoast_head":"<!-- This site is optimized with the Yoast SEO plugin v27.0 - https:\/\/yoast.com\/product\/yoast-seo-wordpress\/ -->\n<title>NBB LED | NBB Alpha 225 LED Extraljus | PRO - Xenonkungen<\/title>\n<meta name=\"robots\" content=\"index, follow, max-snippet:-1, max-image-preview:large, max-video-preview:-1\" \/>\n<link rel=\"canonical\" href=\"https:\/\/xenonkungen.com\/no\/produkt\/nbb-led-nbb-alpha-225-led-ekstra-lys-pro\/\" \/>\n<meta property=\"og:locale\" content=\"nb_NO\" \/>\n<meta property=\"og:type\" content=\"article\" \/>\n<meta property=\"og:title\" content=\"NBB LED | NBB Alpha 225 LED Extraljus | PRO - Xenonkungen\" \/>\n<meta property=\"og:description\" content=\"NBBs mest ljusstarka extraljus n\u00e5gonsin!\" \/>\n<meta property=\"og:url\" content=\"https:\/\/xenonkungen.com\/no\/produkt\/nbb-led-nbb-alpha-225-led-ekstra-lys-pro\/\" \/>\n<meta property=\"og:site_name\" content=\"Xenonkungen\" \/>\n<meta property=\"article:modified_time\" content=\"2026-04-25T17:04:44+00:00\" \/>\n<meta property=\"og:image\" content=\"https:\/\/xenonkungen.com\/wp-content\/uploads\/2025\/04\/161985971-origpic-6bab2a.png\" \/>\n\t<meta property=\"og:image:width\" content=\"952\" \/>\n\t<meta property=\"og:image:height\" content=\"1000\" \/>\n\t<meta property=\"og:image:type\" content=\"image\/png\" \/>\n<meta name=\"twitter:card\" content=\"summary_large_image\" \/>\n<meta name=\"twitter:label1\" content=\"Ansl. lesetid\" \/>\n\t<meta name=\"twitter:data1\" content=\"1 minutt\" \/>\n<script type=\"application\/ld+json\" class=\"yoast-schema-graph\">{\"@context\":\"https:\/\/schema.org\",\"@graph\":[{\"@type\":\"WebPage\",\"@id\":\"https:\/\/xenonkungen.com\/produkt\/nbb-led-nbb-alpha-225-led-extraljus-pro\/\",\"url\":\"https:\/\/xenonkungen.com\/produkt\/nbb-led-nbb-alpha-225-led-extraljus-pro\/\",\"name\":\"NBB LED | NBB Alpha 225 LED Extraljus | PRO - Xenonkungen\",\"isPartOf\":{\"@id\":\"https:\/\/xenonkungen.com\/#website\"},\"primaryImageOfPage\":{\"@id\":\"https:\/\/xenonkungen.com\/produkt\/nbb-led-nbb-alpha-225-led-extraljus-pro\/#primaryimage\"},\"image\":{\"@id\":\"https:\/\/xenonkungen.com\/produkt\/nbb-led-nbb-alpha-225-led-extraljus-pro\/#primaryimage\"},\"thumbnailUrl\":\"https:\/\/xenonkungen.com\/wp-content\/uploads\/2025\/04\/161985971-origpic-6bab2a.png\",\"datePublished\":\"2025-04-15T08:49:00+00:00\",\"dateModified\":\"2026-04-25T17:04:44+00:00\",\"breadcrumb\":{\"@id\":\"https:\/\/xenonkungen.com\/produkt\/nbb-led-nbb-alpha-225-led-extraljus-pro\/#breadcrumb\"},\"inLanguage\":\"nb-NO\",\"potentialAction\":[{\"@type\":\"ReadAction\",\"target\":[\"https:\/\/xenonkungen.com\/produkt\/nbb-led-nbb-alpha-225-led-extraljus-pro\/\"]}]},{\"@type\":\"ImageObject\",\"inLanguage\":\"nb-NO\",\"@id\":\"https:\/\/xenonkungen.com\/produkt\/nbb-led-nbb-alpha-225-led-extraljus-pro\/#primaryimage\",\"url\":\"https:\/\/xenonkungen.com\/wp-content\/uploads\/2025\/04\/161985971-origpic-6bab2a.png\",\"contentUrl\":\"https:\/\/xenonkungen.com\/wp-content\/uploads\/2025\/04\/161985971-origpic-6bab2a.png\",\"width\":952,\"height\":1000},{\"@type\":\"BreadcrumbList\",\"@id\":\"https:\/\/xenonkungen.com\/produkt\/nbb-led-nbb-alpha-225-led-extraljus-pro\/#breadcrumb\",\"itemListElement\":[{\"@type\":\"ListItem\",\"position\":1,\"name\":\"Hem\",\"item\":\"https:\/\/xenonkungen.com\/\"},{\"@type\":\"ListItem\",\"position\":2,\"name\":\"Shop\",\"item\":\"https:\/\/xenonkungen.com\/shop\/\"},{\"@type\":\"ListItem\",\"position\":3,\"name\":\"NBB LED | NBB Alpha 225 LED Extraljus | PRO\"}]},{\"@type\":\"WebSite\",\"@id\":\"https:\/\/xenonkungen.com\/#website\",\"url\":\"https:\/\/xenonkungen.com\/\",\"name\":\"Xenonkungen\",\"description\":\"\",\"potentialAction\":[{\"@type\":\"SearchAction\",\"target\":{\"@type\":\"EntryPoint\",\"urlTemplate\":\"https:\/\/xenonkungen.com\/?s={search_term_string}\"},\"query-input\":{\"@type\":\"PropertyValueSpecification\",\"valueRequired\":true,\"valueName\":\"search_term_string\"}}],\"inLanguage\":\"nb-NO\"}]}<\/script>\n<!-- \/ Yoast SEO plugin. -->","yoast_head_json":{"title":"NBB LED | NBB Alpha 225 LED ekstralys | PRO - Xenonlykter","robots":{"index":"index","follow":"follow","max-snippet":"max-snippet:-1","max-image-preview":"max-image-preview:large","max-video-preview":"max-video-preview:-1"},"canonical":"https:\/\/xenonkungen.com\/no\/produkt\/nbb-led-nbb-alpha-225-led-ekstra-lys-pro\/","og_locale":"nb_NO","og_type":"article","og_title":"NBB LED | NBB Alpha 225 LED Extraljus | PRO - Xenonkungen","og_description":"NBBs mest ljusstarka extraljus n\u00e5gonsin!","og_url":"https:\/\/xenonkungen.com\/no\/produkt\/nbb-led-nbb-alpha-225-led-ekstra-lys-pro\/","og_site_name":"Xenonkungen","article_modified_time":"2026-04-25T17:04:44+00:00","og_image":[{"width":952,"height":1000,"url":"https:\/\/xenonkungen.com\/wp-content\/uploads\/2025\/04\/161985971-origpic-6bab2a.png","type":"image\/png"}],"twitter_card":"summary_large_image","twitter_misc":{"Ansl. lesetid":"1 minutt"},"schema":{"@context":"https:\/\/schema.org","@graph":[{"@type":"WebPage","@id":"https:\/\/xenonkungen.com\/produkt\/nbb-led-nbb-alpha-225-led-extraljus-pro\/","url":"https:\/\/xenonkungen.com\/produkt\/nbb-led-nbb-alpha-225-led-extraljus-pro\/","name":"NBB LED | NBB Alpha 225 LED ekstralys | PRO - Xenonlykter","isPartOf":{"@id":"https:\/\/xenonkungen.com\/#website"},"primaryImageOfPage":{"@id":"https:\/\/xenonkungen.com\/produkt\/nbb-led-nbb-alpha-225-led-extraljus-pro\/#primaryimage"},"image":{"@id":"https:\/\/xenonkungen.com\/produkt\/nbb-led-nbb-alpha-225-led-extraljus-pro\/#primaryimage"},"thumbnailUrl":"https:\/\/xenonkungen.com\/wp-content\/uploads\/2025\/04\/161985971-origpic-6bab2a.png","datePublished":"2025-04-15T08:49:00+00:00","dateModified":"2026-04-25T17:04:44+00:00","breadcrumb":{"@id":"https:\/\/xenonkungen.com\/produkt\/nbb-led-nbb-alpha-225-led-extraljus-pro\/#breadcrumb"},"inLanguage":"nb-NO","potentialAction":[{"@type":"ReadAction","target":["https:\/\/xenonkungen.com\/produkt\/nbb-led-nbb-alpha-225-led-extraljus-pro\/"]}]},{"@type":"ImageObject","inLanguage":"nb-NO","@id":"https:\/\/xenonkungen.com\/produkt\/nbb-led-nbb-alpha-225-led-extraljus-pro\/#primaryimage","url":"https:\/\/xenonkungen.com\/wp-content\/uploads\/2025\/04\/161985971-origpic-6bab2a.png","contentUrl":"https:\/\/xenonkungen.com\/wp-content\/uploads\/2025\/04\/161985971-origpic-6bab2a.png","width":952,"height":1000},{"@type":"BreadcrumbList","@id":"https:\/\/xenonkungen.com\/produkt\/nbb-led-nbb-alpha-225-led-extraljus-pro\/#breadcrumb","itemListElement":[{"@type":"ListItem","position":1,"name":"Hem","item":"https:\/\/xenonkungen.com\/"},{"@type":"ListItem","position":2,"name":"Shop","item":"https:\/\/xenonkungen.com\/shop\/"},{"@type":"ListItem","position":3,"name":"NBB LED | NBB Alpha 225 LED Extraljus | PRO"}]},{"@type":"WebSite","@id":"https:\/\/xenonkungen.com\/#website","url":"https:\/\/xenonkungen.com\/","name":"Xenonkungen","description":"","potentialAction":[{"@type":"SearchAction","target":{"@type":"EntryPoint","urlTemplate":"https:\/\/xenonkungen.com\/?s={search_term_string}"},"query-input":{"@type":"PropertyValueSpecification","valueRequired":true,"valueName":"search_term_string"}}],"inLanguage":"nb-NO"}]}},"taxonomy_info":{"product_brand":[{"value":104,"label":"NBB"}],"product_cat":[{"value":2840,"label":"Extraljus \u00d6vriga storlekar"},{"value":2544,"label":"NBB Xenon\/LED"},{"value":142,"label":"Extraljus"},{"value":1402,"label":"Outlet"}]},"featured_image_src_large":["https:\/\/xenonkungen.com\/wp-content\/uploads\/2025\/04\/161985971-origpic-6bab2a.png",952,1000,false],"author_info":[],"comment_info":0,"_links":{"self":[{"href":"https:\/\/xenonkungen.com\/no\/wp-json\/wp\/v2\/product\/3111","targetHints":{"allow":["GET"]}}],"collection":[{"href":"https:\/\/xenonkungen.com\/no\/wp-json\/wp\/v2\/product"}],"about":[{"href":"https:\/\/xenonkungen.com\/no\/wp-json\/wp\/v2\/types\/product"}],"replies":[{"embeddable":true,"href":"https:\/\/xenonkungen.com\/no\/wp-json\/wp\/v2\/comments?post=3111"}],"wp:featuredmedia":[{"embeddable":true,"href":"https:\/\/xenonkungen.com\/no\/wp-json\/wp\/v2\/media\/3112"}],"wp:attachment":[{"href":"https:\/\/xenonkungen.com\/no\/wp-json\/wp\/v2\/media?parent=3111"}],"wp:term":[{"taxonomy":"anvandningsomrade","embeddable":true,"href":"https:\/\/xenonkungen.com\/no\/wp-json\/wp\/v2\/anvandningsomrade?post=3111"},{"taxonomy":"bilmarken","embeddable":true,"href":"https:\/\/xenonkungen.com\/no\/wp-json\/wp\/v2\/bilmarken?post=3111"},{"taxonomy":"product_brand","embeddable":true,"href":"https:\/\/xenonkungen.com\/no\/wp-json\/wp\/v2\/product_brand?post=3111"},{"taxonomy":"product_cat","embeddable":true,"href":"https:\/\/xenonkungen.com\/no\/wp-json\/wp\/v2\/product_cat?post=3111"},{"taxonomy":"product_tag","embeddable":true,"href":"https:\/\/xenonkungen.com\/no\/wp-json\/wp\/v2\/product_tag?post=3111"}],"curies":[{"name":"wp","href":"https:\/\/api.w.org\/{rel}","templated":true}]}}