{"id":3172,"date":"2025-04-15T08:50:20","date_gmt":"2025-04-15T08:50:20","guid":{"rendered":"https:\/\/xenonkungen.com\/product\/briodlights-extraljusramp-dubbelradig-svart-5500lm\/"},"modified":"2026-04-24T16:49:19","modified_gmt":"2026-04-24T15:49:19","slug":"briodlights-ekstra-lysstang-dobbel-rad-svart-5500-lm","status":"publish","type":"product","link":"https:\/\/xenonkungen.com\/no\/produkt\/briodlights-ekstra-lysstang-dobbel-rad-svart-5500-lm\/","title":{"rendered":"BriodLights Extra Light Ramp Double Row Black 5500lm"},"content":{"rendered":"<h1>BriodLights Straight LED Extra Light Bar: Overlegen belysning for kj\u00f8ret\u00f8y<\/h1>\n<h2>Forbedret synlighet med BriodLights Straight LED Extra Light Ramp<\/h2>\n<p>For \u00e5 maksimere sikten under alle kj\u00f8reforhold har BriodLights LED-hjelpelykter en lysstyrke p\u00e5 5500 lumen, noe som gir trygg og effektiv kj\u00f8ring til alle d\u00f8gnets tider.<\/p>\n<h2>Konstruksjon av h\u00f8y kvalitet og lang levetid<\/h2>\n<p>Denne LED-spotlighten er designet for \u00e5 t\u00e5le tidens tann, med doble rader med 5 W h\u00f8yytelsesdioder av h\u00f8y kvalitet fra Osram. Den er ogs\u00e5 beskyttet med et hus i r\u00f8kt glass og svart pulverlakkert aluminium for ekstra robusthet, noe som gj\u00f8r den b\u00e5de st\u00f8tsikker og vanntett.<\/p>\n<h2>Enkel og fleksibel installasjon<\/h2>\n<p>LED-rampen leveres med braketter i rustfritt st\u00e5l for sidemontering og undermontering, noe som gir fleksibilitet i installasjonen. V\u00e6r oppmerksom p\u00e5 at m\u00e5lene p\u00e5 rampen er oppgitt uten brakett.<\/p>","protected":false},"excerpt":{"rendered":"<p>BriodLights Rak LED Extraljusramp: \u00d6verl\u00e4gsen Fordonsbelysning F\u00f6rb\u00e4ttrad Sikt med BriodLights Rak LED Extraljusramp F\u00f6r att maximera synligheten under alla k\u00f6rf\u00f6rh\u00e5llanden erbjuder BriodLights rak LED extraljusramp en ljusstyrka p\u00e5 5500 lumen, vilket m\u00f6jligg\u00f6r s\u00e4kert och effektivt k\u00f6rande oavsett tid p\u00e5 dygnet. H\u00f6gkvalitativ Konstruktion och L\u00e5ng Livsl\u00e4ngd Med dubbla rader av 5W h\u00f6gpresterande och h\u00f6gkvalitativa dioder fr\u00e5n [&hellip;]<\/p>","protected":false},"featured_media":3173,"comment_status":"closed","ping_status":"open","template":"","meta":{"_acf_changed":false,"_smort_price_nok":"3867","_smort_price_dkk":"2456","_smort_price_eur":"329.08","_smort_sale_price_nok":"","_smort_sale_price_dkk":"","_smort_sale_price_eur":"","smort_restorder":"","shipmondo_restorder":"","_kad_blocks_custom_css":"","_kad_blocks_head_custom_js":"","_kad_blocks_body_custom_js":"","_kad_blocks_footer_custom_js":"","smort_custom_pricelist_1":"2316.8","smort_custom_pricelist_2":"2027.2","smort_custom_pricelist_3":"1925.84","smort_custom_pricelist_4":"2896","smort_custom_pricelist_5":"2027.2"},"anvandningsomrade":[],"bilmarken":[],"product_brand":[92],"product_cat":[2966,2539],"product_tag":[2788],"class_list":{"0":"post-3172","1":"product","2":"type-product","3":"status-publish","4":"has-post-thumbnail","6":"product_brand-briodlights","7":"product_cat-ledramp-rak","8":"product_cat-ledramper","9":"product_tag-black-week-exclude","10":"pa_fargtemperatur-5700k","11":"pa_fuktskydd-varde-ipxx-ip68k","12":"pa_godkannande-ece-r112-r10-r7-ce","13":"pa_lampsockel-kontakt-dt","14":"pa_led-chips-effekt-w-1025","15":"pa_ljusbild-combo","16":"pa_storlek-mm-560x70x67","17":"pa_stromforbrukning-346a24v","18":"pa_stromforbrukning-686a12v","19":"pa_volt-v-multivolt-10-12-16-18-24-28-30","21":"first","22":"onbackorder","23":"taxable","24":"shipping-taxable","25":"purchasable","26":"product-type-simple"},"bundled_by":[],"bundle_stock_status":"onbackorder","bundle_stock_quantity":0,"bundle_virtual":false,"bundle_layout":"","bundle_add_to_cart_form_location":"","bundle_editable_in_cart":false,"bundle_sold_individually_context":"","bundle_item_grouping":"","bundle_min_size":"","bundle_max_size":"","bundle_price":[],"bundled_items":[],"bundle_sell_ids":[],"acf":[],"yoast_head":"<!-- This site is optimized with the Yoast SEO plugin v27.0 - https:\/\/yoast.com\/product\/yoast-seo-wordpress\/ -->\n<title>BriodLights Extraljusramp Dubbelradig Svart 5500lm - Xenonkungen<\/title>\n<meta name=\"robots\" content=\"index, follow, max-snippet:-1, max-image-preview:large, max-video-preview:-1\" \/>\n<link rel=\"canonical\" href=\"https:\/\/xenonkungen.com\/no\/produkt\/briodlights-ekstra-lysstang-dobbel-rad-svart-5500-lm\/\" \/>\n<meta property=\"og:locale\" content=\"nb_NO\" \/>\n<meta property=\"og:type\" content=\"article\" \/>\n<meta property=\"og:title\" content=\"BriodLights Extraljusramp Dubbelradig Svart 5500lm - Xenonkungen\" \/>\n<meta property=\"og:description\" content=\"BriodLights Rak LED Extraljusramp: \u00d6verl\u00e4gsen Fordonsbelysning F\u00f6rb\u00e4ttrad Sikt med BriodLights Rak LED Extraljusramp F\u00f6r att maximera synligheten under alla k\u00f6rf\u00f6rh\u00e5llanden erbjuder BriodLights rak LED extraljusramp en ljusstyrka p\u00e5 5500 lumen, vilket m\u00f6jligg\u00f6r s\u00e4kert och effektivt k\u00f6rande oavsett tid p\u00e5 dygnet. H\u00f6gkvalitativ Konstruktion och L\u00e5ng Livsl\u00e4ngd Med dubbla rader av 5W h\u00f6gpresterande och h\u00f6gkvalitativa dioder fr\u00e5n [&hellip;]\" \/>\n<meta property=\"og:url\" content=\"https:\/\/xenonkungen.com\/no\/produkt\/briodlights-ekstra-lysstang-dobbel-rad-svart-5500-lm\/\" \/>\n<meta property=\"og:site_name\" content=\"Xenonkungen\" \/>\n<meta property=\"article:modified_time\" content=\"2026-04-24T15:49:19+00:00\" \/>\n<meta property=\"og:image\" content=\"https:\/\/xenonkungen.com\/wp-content\/uploads\/2025\/04\/15237_itemimage_mainfront.jpg\" \/>\n\t<meta property=\"og:image:width\" content=\"2048\" \/>\n\t<meta property=\"og:image:height\" content=\"1536\" \/>\n\t<meta property=\"og:image:type\" content=\"image\/jpeg\" \/>\n<meta name=\"twitter:card\" content=\"summary_large_image\" \/>\n<meta name=\"twitter:label1\" content=\"Ansl. lesetid\" \/>\n\t<meta name=\"twitter:data1\" content=\"1 minutt\" \/>\n<script type=\"application\/ld+json\" class=\"yoast-schema-graph\">{\"@context\":\"https:\/\/schema.org\",\"@graph\":[{\"@type\":\"WebPage\",\"@id\":\"https:\/\/xenonkungen.com\/produkt\/briodlights-extraljusramp-dubbelradig-svart-5500lm\/\",\"url\":\"https:\/\/xenonkungen.com\/produkt\/briodlights-extraljusramp-dubbelradig-svart-5500lm\/\",\"name\":\"BriodLights Extraljusramp Dubbelradig Svart 5500lm - Xenonkungen\",\"isPartOf\":{\"@id\":\"https:\/\/xenonkungen.com\/#website\"},\"primaryImageOfPage\":{\"@id\":\"https:\/\/xenonkungen.com\/produkt\/briodlights-extraljusramp-dubbelradig-svart-5500lm\/#primaryimage\"},\"image\":{\"@id\":\"https:\/\/xenonkungen.com\/produkt\/briodlights-extraljusramp-dubbelradig-svart-5500lm\/#primaryimage\"},\"thumbnailUrl\":\"https:\/\/xenonkungen.com\/wp-content\/uploads\/2025\/04\/15237_itemimage_mainfront.jpg\",\"datePublished\":\"2025-04-15T08:50:20+00:00\",\"dateModified\":\"2026-04-24T15:49:19+00:00\",\"breadcrumb\":{\"@id\":\"https:\/\/xenonkungen.com\/produkt\/briodlights-extraljusramp-dubbelradig-svart-5500lm\/#breadcrumb\"},\"inLanguage\":\"nb-NO\",\"potentialAction\":[{\"@type\":\"ReadAction\",\"target\":[\"https:\/\/xenonkungen.com\/produkt\/briodlights-extraljusramp-dubbelradig-svart-5500lm\/\"]}]},{\"@type\":\"ImageObject\",\"inLanguage\":\"nb-NO\",\"@id\":\"https:\/\/xenonkungen.com\/produkt\/briodlights-extraljusramp-dubbelradig-svart-5500lm\/#primaryimage\",\"url\":\"https:\/\/xenonkungen.com\/wp-content\/uploads\/2025\/04\/15237_itemimage_mainfront.jpg\",\"contentUrl\":\"https:\/\/xenonkungen.com\/wp-content\/uploads\/2025\/04\/15237_itemimage_mainfront.jpg\",\"width\":2048,\"height\":1536},{\"@type\":\"BreadcrumbList\",\"@id\":\"https:\/\/xenonkungen.com\/produkt\/briodlights-extraljusramp-dubbelradig-svart-5500lm\/#breadcrumb\",\"itemListElement\":[{\"@type\":\"ListItem\",\"position\":1,\"name\":\"Hem\",\"item\":\"https:\/\/xenonkungen.com\/\"},{\"@type\":\"ListItem\",\"position\":2,\"name\":\"Shop\",\"item\":\"https:\/\/xenonkungen.com\/shop\/\"},{\"@type\":\"ListItem\",\"position\":3,\"name\":\"BriodLights Extraljusramp Dubbelradig Svart 5500lm\"}]},{\"@type\":\"WebSite\",\"@id\":\"https:\/\/xenonkungen.com\/#website\",\"url\":\"https:\/\/xenonkungen.com\/\",\"name\":\"Xenonkungen\",\"description\":\"\",\"potentialAction\":[{\"@type\":\"SearchAction\",\"target\":{\"@type\":\"EntryPoint\",\"urlTemplate\":\"https:\/\/xenonkungen.com\/?s={search_term_string}\"},\"query-input\":{\"@type\":\"PropertyValueSpecification\",\"valueRequired\":true,\"valueName\":\"search_term_string\"}}],\"inLanguage\":\"nb-NO\"}]}<\/script>\n<!-- \/ Yoast SEO plugin. -->","yoast_head_json":{"title":"BriodLights Ekstra Lysstang Dobbel Rad Svart 5500lm - Xenonkungen","robots":{"index":"index","follow":"follow","max-snippet":"max-snippet:-1","max-image-preview":"max-image-preview:large","max-video-preview":"max-video-preview:-1"},"canonical":"https:\/\/xenonkungen.com\/no\/produkt\/briodlights-ekstra-lysstang-dobbel-rad-svart-5500-lm\/","og_locale":"nb_NO","og_type":"article","og_title":"BriodLights Extraljusramp Dubbelradig Svart 5500lm - Xenonkungen","og_description":"BriodLights Rak LED Extraljusramp: \u00d6verl\u00e4gsen Fordonsbelysning F\u00f6rb\u00e4ttrad Sikt med BriodLights Rak LED Extraljusramp F\u00f6r att maximera synligheten under alla k\u00f6rf\u00f6rh\u00e5llanden erbjuder BriodLights rak LED extraljusramp en ljusstyrka p\u00e5 5500 lumen, vilket m\u00f6jligg\u00f6r s\u00e4kert och effektivt k\u00f6rande oavsett tid p\u00e5 dygnet. H\u00f6gkvalitativ Konstruktion och L\u00e5ng Livsl\u00e4ngd Med dubbla rader av 5W h\u00f6gpresterande och h\u00f6gkvalitativa dioder fr\u00e5n [&hellip;]","og_url":"https:\/\/xenonkungen.com\/no\/produkt\/briodlights-ekstra-lysstang-dobbel-rad-svart-5500-lm\/","og_site_name":"Xenonkungen","article_modified_time":"2026-04-24T15:49:19+00:00","og_image":[{"width":2048,"height":1536,"url":"https:\/\/xenonkungen.com\/wp-content\/uploads\/2025\/04\/15237_itemimage_mainfront.jpg","type":"image\/jpeg"}],"twitter_card":"summary_large_image","twitter_misc":{"Ansl. lesetid":"1 minutt"},"schema":{"@context":"https:\/\/schema.org","@graph":[{"@type":"WebPage","@id":"https:\/\/xenonkungen.com\/produkt\/briodlights-extraljusramp-dubbelradig-svart-5500lm\/","url":"https:\/\/xenonkungen.com\/produkt\/briodlights-extraljusramp-dubbelradig-svart-5500lm\/","name":"BriodLights Ekstra Lysstang Dobbel Rad Svart 5500lm - Xenonkungen","isPartOf":{"@id":"https:\/\/xenonkungen.com\/#website"},"primaryImageOfPage":{"@id":"https:\/\/xenonkungen.com\/produkt\/briodlights-extraljusramp-dubbelradig-svart-5500lm\/#primaryimage"},"image":{"@id":"https:\/\/xenonkungen.com\/produkt\/briodlights-extraljusramp-dubbelradig-svart-5500lm\/#primaryimage"},"thumbnailUrl":"https:\/\/xenonkungen.com\/wp-content\/uploads\/2025\/04\/15237_itemimage_mainfront.jpg","datePublished":"2025-04-15T08:50:20+00:00","dateModified":"2026-04-24T15:49:19+00:00","breadcrumb":{"@id":"https:\/\/xenonkungen.com\/produkt\/briodlights-extraljusramp-dubbelradig-svart-5500lm\/#breadcrumb"},"inLanguage":"nb-NO","potentialAction":[{"@type":"ReadAction","target":["https:\/\/xenonkungen.com\/produkt\/briodlights-extraljusramp-dubbelradig-svart-5500lm\/"]}]},{"@type":"ImageObject","inLanguage":"nb-NO","@id":"https:\/\/xenonkungen.com\/produkt\/briodlights-extraljusramp-dubbelradig-svart-5500lm\/#primaryimage","url":"https:\/\/xenonkungen.com\/wp-content\/uploads\/2025\/04\/15237_itemimage_mainfront.jpg","contentUrl":"https:\/\/xenonkungen.com\/wp-content\/uploads\/2025\/04\/15237_itemimage_mainfront.jpg","width":2048,"height":1536},{"@type":"BreadcrumbList","@id":"https:\/\/xenonkungen.com\/produkt\/briodlights-extraljusramp-dubbelradig-svart-5500lm\/#breadcrumb","itemListElement":[{"@type":"ListItem","position":1,"name":"Hem","item":"https:\/\/xenonkungen.com\/"},{"@type":"ListItem","position":2,"name":"Shop","item":"https:\/\/xenonkungen.com\/shop\/"},{"@type":"ListItem","position":3,"name":"BriodLights Extraljusramp Dubbelradig Svart 5500lm"}]},{"@type":"WebSite","@id":"https:\/\/xenonkungen.com\/#website","url":"https:\/\/xenonkungen.com\/","name":"Xenonkungen","description":"","potentialAction":[{"@type":"SearchAction","target":{"@type":"EntryPoint","urlTemplate":"https:\/\/xenonkungen.com\/?s={search_term_string}"},"query-input":{"@type":"PropertyValueSpecification","valueRequired":true,"valueName":"search_term_string"}}],"inLanguage":"nb-NO"}]}},"taxonomy_info":{"product_brand":[{"value":92,"label":"Briodlights"}],"product_cat":[{"value":2966,"label":"Ledramp Rak"},{"value":2539,"label":"LEDRAMPER"}],"product_tag":[{"value":2788,"label":"black-week-exclude"}],"pa_fargtemperatur":[{"value":226,"label":"5700K"}],"pa_fuktskydd-varde-ipxx":[{"value":682,"label":"IP68K"}],"pa_godkannande":[{"value":1028,"label":"ECE, R112, R10, R7, CE"}],"pa_lampsockel-kontakt":[{"value":329,"label":"DT"}],"pa_led-chips-effekt-w":[{"value":1025,"label":"200"}],"pa_ljusbild":[{"value":804,"label":"Combo"}],"pa_storlek-mm":[{"value":1029,"label":"560x70x67"}],"pa_stromforbrukning":[{"value":1031,"label":"3,46A@24V"},{"value":1030,"label":"6,86A@12V"}],"pa_volt-v":[{"value":773,"label":"Multivolt, 10, 12, 16, 18, 24, 28, 30"}]},"featured_image_src_large":["https:\/\/xenonkungen.com\/wp-content\/uploads\/2025\/04\/15237_itemimage_mainfront-1024x768.jpg",1024,768,true],"author_info":[],"comment_info":0,"_links":{"self":[{"href":"https:\/\/xenonkungen.com\/no\/wp-json\/wp\/v2\/product\/3172","targetHints":{"allow":["GET"]}}],"collection":[{"href":"https:\/\/xenonkungen.com\/no\/wp-json\/wp\/v2\/product"}],"about":[{"href":"https:\/\/xenonkungen.com\/no\/wp-json\/wp\/v2\/types\/product"}],"replies":[{"embeddable":true,"href":"https:\/\/xenonkungen.com\/no\/wp-json\/wp\/v2\/comments?post=3172"}],"wp:featuredmedia":[{"embeddable":true,"href":"https:\/\/xenonkungen.com\/no\/wp-json\/wp\/v2\/media\/3173"}],"wp:attachment":[{"href":"https:\/\/xenonkungen.com\/no\/wp-json\/wp\/v2\/media?parent=3172"}],"wp:term":[{"taxonomy":"anvandningsomrade","embeddable":true,"href":"https:\/\/xenonkungen.com\/no\/wp-json\/wp\/v2\/anvandningsomrade?post=3172"},{"taxonomy":"bilmarken","embeddable":true,"href":"https:\/\/xenonkungen.com\/no\/wp-json\/wp\/v2\/bilmarken?post=3172"},{"taxonomy":"product_brand","embeddable":true,"href":"https:\/\/xenonkungen.com\/no\/wp-json\/wp\/v2\/product_brand?post=3172"},{"taxonomy":"product_cat","embeddable":true,"href":"https:\/\/xenonkungen.com\/no\/wp-json\/wp\/v2\/product_cat?post=3172"},{"taxonomy":"product_tag","embeddable":true,"href":"https:\/\/xenonkungen.com\/no\/wp-json\/wp\/v2\/product_tag?post=3172"}],"curies":[{"name":"wp","href":"https:\/\/api.w.org\/{rel}","templated":true}]}}