{"id":3175,"date":"2025-04-15T08:50:20","date_gmt":"2025-04-15T08:50:20","guid":{"rendered":"https:\/\/xenonkungen.com\/product\/briodlights-extraljusramp-svart-enkelradig-park-ljus-3586lm\/"},"modified":"2026-04-24T16:49:20","modified_gmt":"2026-04-24T15:49:20","slug":"briodlights-ekstra-lysstang-svart-enkelt-rad-parklys-3586-lm","status":"publish","type":"product","link":"https:\/\/xenonkungen.com\/no\/produkt\/briodlights-ekstra-lysstang-svart-enkelt-rad-parklys-3586-lm\/","title":{"rendered":"BriodLights Extra Light Ramp Black Single Row Park Light 3586lm"},"content":{"rendered":"<h1>BriodLights Straight LED Extra Lightbar: Multifunksjonell belysning for kj\u00f8ret\u00f8y<\/h1>\n<h2>Optimalisert synlighet med BriodLights rette LED-rampe med ekstra lys<\/h2>\n<p>BriodLights rette LED-lysbjelke med 21 enkle 5W h\u00f8yeffektive dioder av h\u00f8y kvalitet fra Osram gir en lysstyrke p\u00e5 3700 lumen. Denne LED-lysbjelken er designet for \u00e5 forbedre sikten og kj\u00f8reopplevelsen din uansett lysforhold.<\/p>\n<h2>Fleksible funksjoner og allsidig bruk<\/h2>\n<p>LED-rampen har b\u00e5de hvitt og gult posisjonslys samt varsellys med oransje blits, noe som gj\u00f8r den ideell for en rekke bruksomr\u00e5der. I tillegg har rampen et lysm\u00f8nster med Combo Beam, noe som gir en bred lysspredning som \u00f8ker synsfeltet ved kj\u00f8ring i m\u00f8rket.<\/p>\n<h2>Robust konstruksjon og lang holdbarhet<\/h2>\n<p>LED-rampen har et hus i r\u00f8kt glass og svart pulverlakkert aluminium, og er b\u00e5de st\u00f8tsikker og vanntett, noe som sikrer lang levetid. I tillegg f\u00f8lger det med braketter i rustfritt st\u00e5l for b\u00e5de sidemontering og undermontering.<\/p>","protected":false},"excerpt":{"rendered":"<p>BriodLights Rak LED Extraljusramp: Multifunktionell Fordonsbelysning Optimerad Sikt med BriodLights Rak LED Extraljusramp BriodLights rak LED extraljusramp med 21 st enkla 5W h\u00f6geffektiva och h\u00f6gkvalitativa dioder fr\u00e5n Osram skapar en ljusstyrka p\u00e5 3700 lumen. Denna LED-ramp \u00e4r designad f\u00f6r att f\u00f6rb\u00e4ttra din synlighet och k\u00f6rupplevelse oavsett omgivande ljusf\u00f6rh\u00e5llanden. Flexibla Funktioner och M\u00e5ngsidig Anv\u00e4ndning LED-rampen inkluderar [&hellip;]<\/p>","protected":false},"featured_media":3176,"comment_status":"closed","ping_status":"open","template":"","meta":{"_acf_changed":false,"_smort_price_nok":"3867","_smort_price_dkk":"2456","_smort_price_eur":"329.08","_smort_sale_price_nok":"","_smort_sale_price_dkk":"","_smort_sale_price_eur":"","smort_restorder":"","shipmondo_restorder":"","_kad_blocks_custom_css":"","_kad_blocks_head_custom_js":"","_kad_blocks_body_custom_js":"","_kad_blocks_footer_custom_js":"","smort_custom_pricelist_1":"2118.4","smort_custom_pricelist_2":"2118.4","smort_custom_pricelist_3":"2118.4","smort_custom_pricelist_4":"2648","smort_custom_pricelist_5":"2118.4"},"anvandningsomrade":[],"bilmarken":[],"product_brand":[92],"product_cat":[2966,2539],"product_tag":[2788],"class_list":{"0":"post-3175","1":"product","2":"type-product","3":"status-publish","4":"has-post-thumbnail","6":"product_brand-briodlights","7":"product_cat-ledramp-rak","8":"product_cat-ledramper","9":"product_tag-black-week-exclude","10":"pa_fargtemperatur-5700k","11":"pa_fuktskydd-varde-ipxx-ip68k","12":"pa_godkannande-ece-r112-r10-r7-ce","13":"pa_lampsockel-kontakt-dt","14":"pa_led-chips-effekt-w-1033","15":"pa_ljusbild-combo","16":"pa_storlek-mm-522x40x54","17":"pa_stromforbrukning-181a24v","18":"pa_stromforbrukning-357a12v","19":"pa_volt-v-multivolt-10-12-16-18-24-28-30","21":"first","22":"onbackorder","23":"taxable","24":"shipping-taxable","25":"purchasable","26":"product-type-simple"},"bundled_by":[],"bundle_stock_status":"onbackorder","bundle_stock_quantity":0,"bundle_virtual":false,"bundle_layout":"","bundle_add_to_cart_form_location":"","bundle_editable_in_cart":false,"bundle_sold_individually_context":"","bundle_item_grouping":"","bundle_min_size":"","bundle_max_size":"","bundle_price":[],"bundled_items":[],"bundle_sell_ids":[],"acf":[],"yoast_head":"<!-- This site is optimized with the Yoast SEO plugin v27.0 - https:\/\/yoast.com\/product\/yoast-seo-wordpress\/ -->\n<title>BriodLights Extraljusramp Svart Enkelradig Park.ljus 3586lm - Xenonkungen<\/title>\n<meta name=\"robots\" content=\"index, follow, max-snippet:-1, max-image-preview:large, max-video-preview:-1\" \/>\n<link rel=\"canonical\" href=\"https:\/\/xenonkungen.com\/no\/produkt\/briodlights-ekstra-lysstang-svart-enkelt-rad-parklys-3586-lm\/\" \/>\n<meta property=\"og:locale\" content=\"nb_NO\" \/>\n<meta property=\"og:type\" content=\"article\" \/>\n<meta property=\"og:title\" content=\"BriodLights Extraljusramp Svart Enkelradig Park.ljus 3586lm - Xenonkungen\" \/>\n<meta property=\"og:description\" content=\"BriodLights Rak LED Extraljusramp: Multifunktionell Fordonsbelysning Optimerad Sikt med BriodLights Rak LED Extraljusramp BriodLights rak LED extraljusramp med 21 st enkla 5W h\u00f6geffektiva och h\u00f6gkvalitativa dioder fr\u00e5n Osram skapar en ljusstyrka p\u00e5 3700 lumen. Denna LED-ramp \u00e4r designad f\u00f6r att f\u00f6rb\u00e4ttra din synlighet och k\u00f6rupplevelse oavsett omgivande ljusf\u00f6rh\u00e5llanden. Flexibla Funktioner och M\u00e5ngsidig Anv\u00e4ndning LED-rampen inkluderar [&hellip;]\" \/>\n<meta property=\"og:url\" content=\"https:\/\/xenonkungen.com\/no\/produkt\/briodlights-ekstra-lysstang-svart-enkelt-rad-parklys-3586-lm\/\" \/>\n<meta property=\"og:site_name\" content=\"Xenonkungen\" \/>\n<meta property=\"article:modified_time\" content=\"2026-04-24T15:49:20+00:00\" \/>\n<meta property=\"og:image\" content=\"https:\/\/xenonkungen.com\/wp-content\/uploads\/2025\/04\/15238_itemimage_mainfront.jpg\" \/>\n\t<meta property=\"og:image:width\" content=\"2048\" \/>\n\t<meta property=\"og:image:height\" content=\"1536\" \/>\n\t<meta property=\"og:image:type\" content=\"image\/jpeg\" \/>\n<meta name=\"twitter:card\" content=\"summary_large_image\" \/>\n<meta name=\"twitter:label1\" content=\"Ansl. lesetid\" \/>\n\t<meta name=\"twitter:data1\" content=\"1 minutt\" \/>\n<script type=\"application\/ld+json\" class=\"yoast-schema-graph\">{\"@context\":\"https:\/\/schema.org\",\"@graph\":[{\"@type\":\"WebPage\",\"@id\":\"https:\/\/xenonkungen.com\/produkt\/briodlights-extraljusramp-svart-enkelradig-park-ljus-3586lm\/\",\"url\":\"https:\/\/xenonkungen.com\/produkt\/briodlights-extraljusramp-svart-enkelradig-park-ljus-3586lm\/\",\"name\":\"BriodLights Extraljusramp Svart Enkelradig Park.ljus 3586lm - Xenonkungen\",\"isPartOf\":{\"@id\":\"https:\/\/xenonkungen.com\/#website\"},\"primaryImageOfPage\":{\"@id\":\"https:\/\/xenonkungen.com\/produkt\/briodlights-extraljusramp-svart-enkelradig-park-ljus-3586lm\/#primaryimage\"},\"image\":{\"@id\":\"https:\/\/xenonkungen.com\/produkt\/briodlights-extraljusramp-svart-enkelradig-park-ljus-3586lm\/#primaryimage\"},\"thumbnailUrl\":\"https:\/\/xenonkungen.com\/wp-content\/uploads\/2025\/04\/15238_itemimage_mainfront.jpg\",\"datePublished\":\"2025-04-15T08:50:20+00:00\",\"dateModified\":\"2026-04-24T15:49:20+00:00\",\"breadcrumb\":{\"@id\":\"https:\/\/xenonkungen.com\/produkt\/briodlights-extraljusramp-svart-enkelradig-park-ljus-3586lm\/#breadcrumb\"},\"inLanguage\":\"nb-NO\",\"potentialAction\":[{\"@type\":\"ReadAction\",\"target\":[\"https:\/\/xenonkungen.com\/produkt\/briodlights-extraljusramp-svart-enkelradig-park-ljus-3586lm\/\"]}]},{\"@type\":\"ImageObject\",\"inLanguage\":\"nb-NO\",\"@id\":\"https:\/\/xenonkungen.com\/produkt\/briodlights-extraljusramp-svart-enkelradig-park-ljus-3586lm\/#primaryimage\",\"url\":\"https:\/\/xenonkungen.com\/wp-content\/uploads\/2025\/04\/15238_itemimage_mainfront.jpg\",\"contentUrl\":\"https:\/\/xenonkungen.com\/wp-content\/uploads\/2025\/04\/15238_itemimage_mainfront.jpg\",\"width\":2048,\"height\":1536},{\"@type\":\"BreadcrumbList\",\"@id\":\"https:\/\/xenonkungen.com\/produkt\/briodlights-extraljusramp-svart-enkelradig-park-ljus-3586lm\/#breadcrumb\",\"itemListElement\":[{\"@type\":\"ListItem\",\"position\":1,\"name\":\"Hem\",\"item\":\"https:\/\/xenonkungen.com\/\"},{\"@type\":\"ListItem\",\"position\":2,\"name\":\"Shop\",\"item\":\"https:\/\/xenonkungen.com\/shop\/\"},{\"@type\":\"ListItem\",\"position\":3,\"name\":\"BriodLights Extraljusramp Svart Enkelradig Park.ljus 3586lm\"}]},{\"@type\":\"WebSite\",\"@id\":\"https:\/\/xenonkungen.com\/#website\",\"url\":\"https:\/\/xenonkungen.com\/\",\"name\":\"Xenonkungen\",\"description\":\"\",\"potentialAction\":[{\"@type\":\"SearchAction\",\"target\":{\"@type\":\"EntryPoint\",\"urlTemplate\":\"https:\/\/xenonkungen.com\/?s={search_term_string}\"},\"query-input\":{\"@type\":\"PropertyValueSpecification\",\"valueRequired\":true,\"valueName\":\"search_term_string\"}}],\"inLanguage\":\"nb-NO\"}]}<\/script>\n<!-- \/ Yoast SEO plugin. -->","yoast_head_json":{"title":"BriodLights Ekstra Lyslist Svart Enkel Rad Parkeringslys 3586lm - Xenonkungen","robots":{"index":"index","follow":"follow","max-snippet":"max-snippet:-1","max-image-preview":"max-image-preview:large","max-video-preview":"max-video-preview:-1"},"canonical":"https:\/\/xenonkungen.com\/no\/produkt\/briodlights-ekstra-lysstang-svart-enkelt-rad-parklys-3586-lm\/","og_locale":"nb_NO","og_type":"article","og_title":"BriodLights Extraljusramp Svart Enkelradig Park.ljus 3586lm - Xenonkungen","og_description":"BriodLights Rak LED Extraljusramp: Multifunktionell Fordonsbelysning Optimerad Sikt med BriodLights Rak LED Extraljusramp BriodLights rak LED extraljusramp med 21 st enkla 5W h\u00f6geffektiva och h\u00f6gkvalitativa dioder fr\u00e5n Osram skapar en ljusstyrka p\u00e5 3700 lumen. Denna LED-ramp \u00e4r designad f\u00f6r att f\u00f6rb\u00e4ttra din synlighet och k\u00f6rupplevelse oavsett omgivande ljusf\u00f6rh\u00e5llanden. Flexibla Funktioner och M\u00e5ngsidig Anv\u00e4ndning LED-rampen inkluderar [&hellip;]","og_url":"https:\/\/xenonkungen.com\/no\/produkt\/briodlights-ekstra-lysstang-svart-enkelt-rad-parklys-3586-lm\/","og_site_name":"Xenonkungen","article_modified_time":"2026-04-24T15:49:20+00:00","og_image":[{"width":2048,"height":1536,"url":"https:\/\/xenonkungen.com\/wp-content\/uploads\/2025\/04\/15238_itemimage_mainfront.jpg","type":"image\/jpeg"}],"twitter_card":"summary_large_image","twitter_misc":{"Ansl. lesetid":"1 minutt"},"schema":{"@context":"https:\/\/schema.org","@graph":[{"@type":"WebPage","@id":"https:\/\/xenonkungen.com\/produkt\/briodlights-extraljusramp-svart-enkelradig-park-ljus-3586lm\/","url":"https:\/\/xenonkungen.com\/produkt\/briodlights-extraljusramp-svart-enkelradig-park-ljus-3586lm\/","name":"BriodLights Ekstra Lyslist Svart Enkel Rad Parkeringslys 3586lm - Xenonkungen","isPartOf":{"@id":"https:\/\/xenonkungen.com\/#website"},"primaryImageOfPage":{"@id":"https:\/\/xenonkungen.com\/produkt\/briodlights-extraljusramp-svart-enkelradig-park-ljus-3586lm\/#primaryimage"},"image":{"@id":"https:\/\/xenonkungen.com\/produkt\/briodlights-extraljusramp-svart-enkelradig-park-ljus-3586lm\/#primaryimage"},"thumbnailUrl":"https:\/\/xenonkungen.com\/wp-content\/uploads\/2025\/04\/15238_itemimage_mainfront.jpg","datePublished":"2025-04-15T08:50:20+00:00","dateModified":"2026-04-24T15:49:20+00:00","breadcrumb":{"@id":"https:\/\/xenonkungen.com\/produkt\/briodlights-extraljusramp-svart-enkelradig-park-ljus-3586lm\/#breadcrumb"},"inLanguage":"nb-NO","potentialAction":[{"@type":"ReadAction","target":["https:\/\/xenonkungen.com\/produkt\/briodlights-extraljusramp-svart-enkelradig-park-ljus-3586lm\/"]}]},{"@type":"ImageObject","inLanguage":"nb-NO","@id":"https:\/\/xenonkungen.com\/produkt\/briodlights-extraljusramp-svart-enkelradig-park-ljus-3586lm\/#primaryimage","url":"https:\/\/xenonkungen.com\/wp-content\/uploads\/2025\/04\/15238_itemimage_mainfront.jpg","contentUrl":"https:\/\/xenonkungen.com\/wp-content\/uploads\/2025\/04\/15238_itemimage_mainfront.jpg","width":2048,"height":1536},{"@type":"BreadcrumbList","@id":"https:\/\/xenonkungen.com\/produkt\/briodlights-extraljusramp-svart-enkelradig-park-ljus-3586lm\/#breadcrumb","itemListElement":[{"@type":"ListItem","position":1,"name":"Hem","item":"https:\/\/xenonkungen.com\/"},{"@type":"ListItem","position":2,"name":"Shop","item":"https:\/\/xenonkungen.com\/shop\/"},{"@type":"ListItem","position":3,"name":"BriodLights Extraljusramp Svart Enkelradig Park.ljus 3586lm"}]},{"@type":"WebSite","@id":"https:\/\/xenonkungen.com\/#website","url":"https:\/\/xenonkungen.com\/","name":"Xenonkungen","description":"","potentialAction":[{"@type":"SearchAction","target":{"@type":"EntryPoint","urlTemplate":"https:\/\/xenonkungen.com\/?s={search_term_string}"},"query-input":{"@type":"PropertyValueSpecification","valueRequired":true,"valueName":"search_term_string"}}],"inLanguage":"nb-NO"}]}},"taxonomy_info":{"product_brand":[{"value":92,"label":"Briodlights"}],"product_cat":[{"value":2966,"label":"Ledramp Rak"},{"value":2539,"label":"LEDRAMPER"}],"product_tag":[{"value":2788,"label":"black-week-exclude"}],"pa_fargtemperatur":[{"value":226,"label":"5700K"}],"pa_fuktskydd-varde-ipxx":[{"value":682,"label":"IP68K"}],"pa_godkannande":[{"value":1028,"label":"ECE, R112, R10, R7, CE"}],"pa_lampsockel-kontakt":[{"value":329,"label":"DT"}],"pa_led-chips-effekt-w":[{"value":1033,"label":"105"}],"pa_ljusbild":[{"value":804,"label":"Combo"}],"pa_storlek-mm":[{"value":1032,"label":"522x40x54"}],"pa_stromforbrukning":[{"value":1035,"label":"1,81A@24V"},{"value":1034,"label":"3,57A@12V"}],"pa_volt-v":[{"value":773,"label":"Multivolt, 10, 12, 16, 18, 24, 28, 30"}]},"featured_image_src_large":["https:\/\/xenonkungen.com\/wp-content\/uploads\/2025\/04\/15238_itemimage_mainfront-1024x768.jpg",1024,768,true],"author_info":[],"comment_info":0,"_links":{"self":[{"href":"https:\/\/xenonkungen.com\/no\/wp-json\/wp\/v2\/product\/3175","targetHints":{"allow":["GET"]}}],"collection":[{"href":"https:\/\/xenonkungen.com\/no\/wp-json\/wp\/v2\/product"}],"about":[{"href":"https:\/\/xenonkungen.com\/no\/wp-json\/wp\/v2\/types\/product"}],"replies":[{"embeddable":true,"href":"https:\/\/xenonkungen.com\/no\/wp-json\/wp\/v2\/comments?post=3175"}],"wp:featuredmedia":[{"embeddable":true,"href":"https:\/\/xenonkungen.com\/no\/wp-json\/wp\/v2\/media\/3176"}],"wp:attachment":[{"href":"https:\/\/xenonkungen.com\/no\/wp-json\/wp\/v2\/media?parent=3175"}],"wp:term":[{"taxonomy":"anvandningsomrade","embeddable":true,"href":"https:\/\/xenonkungen.com\/no\/wp-json\/wp\/v2\/anvandningsomrade?post=3175"},{"taxonomy":"bilmarken","embeddable":true,"href":"https:\/\/xenonkungen.com\/no\/wp-json\/wp\/v2\/bilmarken?post=3175"},{"taxonomy":"product_brand","embeddable":true,"href":"https:\/\/xenonkungen.com\/no\/wp-json\/wp\/v2\/product_brand?post=3175"},{"taxonomy":"product_cat","embeddable":true,"href":"https:\/\/xenonkungen.com\/no\/wp-json\/wp\/v2\/product_cat?post=3175"},{"taxonomy":"product_tag","embeddable":true,"href":"https:\/\/xenonkungen.com\/no\/wp-json\/wp\/v2\/product_tag?post=3175"}],"curies":[{"name":"wp","href":"https:\/\/api.w.org\/{rel}","templated":true}]}}