{"id":3222,"date":"2025-04-15T08:51:07","date_gmt":"2025-04-15T08:51:07","guid":{"rendered":"https:\/\/xenonkungen.com\/product\/briodlights-kopplingsbox-12-hals-komplett-utan-avluftning\/"},"modified":"2026-05-08T15:39:42","modified_gmt":"2026-05-08T14:39:42","slug":"briodlights-koblingsboks-12-hals-komplett-uten-ventilasjon","status":"publish","type":"product","link":"https:\/\/xenonkungen.com\/no\/produkt\/briodlights-koblingsboks-12-hals-komplett-uten-ventilasjon\/","title":{"rendered":"BriodLights Koblingsboks 12-hulls komplett, uten ventilasjon"},"content":{"rendered":"<h1>BriodLights koblingsboks i svart plast med 12 hull<\/h1>\n<h2>Praktisk og funksjonell<\/h2>\n<p>Denne BriodLights-koblingsboksen er laget av solid, svart plast og er designet for \u00e5 holde forbindelsene dine organisert og beskyttet. Med 12 hull, gummigjennomf\u00f8ringer og rekkeklemmer har du alt du trenger for \u00e5 koble til og administrere enhetene dine p\u00e5 en effektiv og sikker m\u00e5te.<\/p>\n<h2>Bygget for \u00e5 vare<\/h2>\n<p>Med en IP54-klassifisering er denne koblingsboksen utformet for \u00e5 t\u00e5le b\u00e5de st\u00f8v og vannsprut. Og som et ADR-godkjent produkt kan du v\u00e6re trygg p\u00e5 at denne koblingsboksen oppfyller de h\u00f8yeste sikkerhetsstandardene.<\/p>","protected":false},"excerpt":{"rendered":"<p>BriodLights Kopplingsbox av Svart Plast med 12 H\u00e5l Praktisk och Funktionell Denna kopplingsbox fr\u00e5n BriodLights \u00e4r tillverkad av robust svart plast och designad f\u00f6r att h\u00e5lla dina anslutningar organiserade och skyddade. Med 12 h\u00e5l, komplett med gummigenomf\u00f6ringar och anslutningsplintar, har du allt du beh\u00f6ver f\u00f6r att koppla in och hantera dina enheter p\u00e5 ett effektivt [&hellip;]<\/p>","protected":false},"featured_media":3223,"comment_status":"closed","ping_status":"open","template":"","meta":{"_acf_changed":false,"_smort_price_nok":"598","_smort_price_dkk":"380","_smort_price_eur":"50.91","_smort_sale_price_nok":"","_smort_sale_price_dkk":"","_smort_sale_price_eur":"","smort_restorder":"","shipmondo_restorder":"","_kad_blocks_custom_css":"","_kad_blocks_head_custom_js":"","_kad_blocks_body_custom_js":"","_kad_blocks_footer_custom_js":"","smort_custom_pricelist_1":"358.4","smort_custom_pricelist_2":"313.6","smort_custom_pricelist_3":"297.92","smort_custom_pricelist_4":"448","smort_custom_pricelist_5":"313.6"},"anvandningsomrade":[],"bilmarken":[],"product_brand":[92],"product_cat":[2841,2469,390],"product_tag":[2788],"class_list":{"0":"post-3222","1":"product","2":"type-product","3":"status-publish","4":"has-post-thumbnail","6":"product_brand-briodlights","7":"product_cat-installation-extraljus","8":"product_cat-kabelskor-kabelhallare-installation","9":"product_cat-installation","10":"product_tag-black-week-exclude","12":"first","13":"onbackorder","14":"taxable","15":"shipping-taxable","16":"purchasable","17":"product-type-simple"},"bundled_by":[],"bundle_stock_status":"onbackorder","bundle_stock_quantity":0,"bundle_virtual":false,"bundle_layout":"","bundle_add_to_cart_form_location":"","bundle_editable_in_cart":false,"bundle_sold_individually_context":"","bundle_item_grouping":"","bundle_min_size":"","bundle_max_size":"","bundle_price":[],"bundled_items":[],"bundle_sell_ids":[],"acf":[],"yoast_head":"<!-- This site is optimized with the Yoast SEO plugin v27.0 - https:\/\/yoast.com\/product\/yoast-seo-wordpress\/ -->\n<title>BriodLights Kopplingsbox 12-h\u00e5ls komplett, utan avluftning - Xenonkungen<\/title>\n<meta name=\"robots\" content=\"index, follow, max-snippet:-1, max-image-preview:large, max-video-preview:-1\" \/>\n<link rel=\"canonical\" href=\"https:\/\/xenonkungen.com\/no\/produkt\/briodlights-koblingsboks-12-hals-komplett-uten-ventilasjon\/\" \/>\n<meta property=\"og:locale\" content=\"nb_NO\" \/>\n<meta property=\"og:type\" content=\"article\" \/>\n<meta property=\"og:title\" content=\"BriodLights Kopplingsbox 12-h\u00e5ls komplett, utan avluftning - Xenonkungen\" \/>\n<meta property=\"og:description\" content=\"BriodLights Kopplingsbox av Svart Plast med 12 H\u00e5l Praktisk och Funktionell Denna kopplingsbox fr\u00e5n BriodLights \u00e4r tillverkad av robust svart plast och designad f\u00f6r att h\u00e5lla dina anslutningar organiserade och skyddade. Med 12 h\u00e5l, komplett med gummigenomf\u00f6ringar och anslutningsplintar, har du allt du beh\u00f6ver f\u00f6r att koppla in och hantera dina enheter p\u00e5 ett effektivt [&hellip;]\" \/>\n<meta property=\"og:url\" content=\"https:\/\/xenonkungen.com\/no\/produkt\/briodlights-koblingsboks-12-hals-komplett-uten-ventilasjon\/\" \/>\n<meta property=\"og:site_name\" content=\"Xenonkungen\" \/>\n<meta property=\"article:modified_time\" content=\"2026-05-08T14:39:42+00:00\" \/>\n<meta property=\"og:image\" content=\"https:\/\/xenonkungen.com\/wp-content\/uploads\/2025\/04\/21111_itemimage_2.jpg\" \/>\n\t<meta property=\"og:image:width\" content=\"2048\" \/>\n\t<meta property=\"og:image:height\" content=\"1536\" \/>\n\t<meta property=\"og:image:type\" content=\"image\/jpeg\" \/>\n<meta name=\"twitter:card\" content=\"summary_large_image\" \/>\n<meta name=\"twitter:label1\" content=\"Ansl. lesetid\" \/>\n\t<meta name=\"twitter:data1\" content=\"1 minutt\" \/>\n<script type=\"application\/ld+json\" class=\"yoast-schema-graph\">{\"@context\":\"https:\/\/schema.org\",\"@graph\":[{\"@type\":\"WebPage\",\"@id\":\"https:\/\/xenonkungen.com\/produkt\/briodlights-kopplingsbox-12-hals-komplett-utan-avluftning\/\",\"url\":\"https:\/\/xenonkungen.com\/produkt\/briodlights-kopplingsbox-12-hals-komplett-utan-avluftning\/\",\"name\":\"BriodLights Kopplingsbox 12-h\u00e5ls komplett, utan avluftning - Xenonkungen\",\"isPartOf\":{\"@id\":\"https:\/\/xenonkungen.com\/#website\"},\"primaryImageOfPage\":{\"@id\":\"https:\/\/xenonkungen.com\/produkt\/briodlights-kopplingsbox-12-hals-komplett-utan-avluftning\/#primaryimage\"},\"image\":{\"@id\":\"https:\/\/xenonkungen.com\/produkt\/briodlights-kopplingsbox-12-hals-komplett-utan-avluftning\/#primaryimage\"},\"thumbnailUrl\":\"https:\/\/xenonkungen.com\/wp-content\/uploads\/2025\/04\/21111_itemimage_2.jpg\",\"datePublished\":\"2025-04-15T08:51:07+00:00\",\"dateModified\":\"2026-05-08T14:39:42+00:00\",\"breadcrumb\":{\"@id\":\"https:\/\/xenonkungen.com\/produkt\/briodlights-kopplingsbox-12-hals-komplett-utan-avluftning\/#breadcrumb\"},\"inLanguage\":\"nb-NO\",\"potentialAction\":[{\"@type\":\"ReadAction\",\"target\":[\"https:\/\/xenonkungen.com\/produkt\/briodlights-kopplingsbox-12-hals-komplett-utan-avluftning\/\"]}]},{\"@type\":\"ImageObject\",\"inLanguage\":\"nb-NO\",\"@id\":\"https:\/\/xenonkungen.com\/produkt\/briodlights-kopplingsbox-12-hals-komplett-utan-avluftning\/#primaryimage\",\"url\":\"https:\/\/xenonkungen.com\/wp-content\/uploads\/2025\/04\/21111_itemimage_2.jpg\",\"contentUrl\":\"https:\/\/xenonkungen.com\/wp-content\/uploads\/2025\/04\/21111_itemimage_2.jpg\",\"width\":2048,\"height\":1536},{\"@type\":\"BreadcrumbList\",\"@id\":\"https:\/\/xenonkungen.com\/produkt\/briodlights-kopplingsbox-12-hals-komplett-utan-avluftning\/#breadcrumb\",\"itemListElement\":[{\"@type\":\"ListItem\",\"position\":1,\"name\":\"Hem\",\"item\":\"https:\/\/xenonkungen.com\/\"},{\"@type\":\"ListItem\",\"position\":2,\"name\":\"Shop\",\"item\":\"https:\/\/xenonkungen.com\/shop\/\"},{\"@type\":\"ListItem\",\"position\":3,\"name\":\"BriodLights Kopplingsbox 12-h\u00e5ls komplett, utan avluftning\"}]},{\"@type\":\"WebSite\",\"@id\":\"https:\/\/xenonkungen.com\/#website\",\"url\":\"https:\/\/xenonkungen.com\/\",\"name\":\"Xenonkungen\",\"description\":\"\",\"potentialAction\":[{\"@type\":\"SearchAction\",\"target\":{\"@type\":\"EntryPoint\",\"urlTemplate\":\"https:\/\/xenonkungen.com\/?s={search_term_string}\"},\"query-input\":{\"@type\":\"PropertyValueSpecification\",\"valueRequired\":true,\"valueName\":\"search_term_string\"}}],\"inLanguage\":\"nb-NO\"}]}<\/script>\n<!-- \/ Yoast SEO plugin. -->","yoast_head_json":{"title":"BriodLights Koblingsboks 12-hulls komplett, uten lufting - Xenonkungen","robots":{"index":"index","follow":"follow","max-snippet":"max-snippet:-1","max-image-preview":"max-image-preview:large","max-video-preview":"max-video-preview:-1"},"canonical":"https:\/\/xenonkungen.com\/no\/produkt\/briodlights-koblingsboks-12-hals-komplett-uten-ventilasjon\/","og_locale":"nb_NO","og_type":"article","og_title":"BriodLights Kopplingsbox 12-h\u00e5ls komplett, utan avluftning - Xenonkungen","og_description":"BriodLights Kopplingsbox av Svart Plast med 12 H\u00e5l Praktisk och Funktionell Denna kopplingsbox fr\u00e5n BriodLights \u00e4r tillverkad av robust svart plast och designad f\u00f6r att h\u00e5lla dina anslutningar organiserade och skyddade. Med 12 h\u00e5l, komplett med gummigenomf\u00f6ringar och anslutningsplintar, har du allt du beh\u00f6ver f\u00f6r att koppla in och hantera dina enheter p\u00e5 ett effektivt [&hellip;]","og_url":"https:\/\/xenonkungen.com\/no\/produkt\/briodlights-koblingsboks-12-hals-komplett-uten-ventilasjon\/","og_site_name":"Xenonkungen","article_modified_time":"2026-05-08T14:39:42+00:00","og_image":[{"width":2048,"height":1536,"url":"https:\/\/xenonkungen.com\/wp-content\/uploads\/2025\/04\/21111_itemimage_2.jpg","type":"image\/jpeg"}],"twitter_card":"summary_large_image","twitter_misc":{"Ansl. lesetid":"1 minutt"},"schema":{"@context":"https:\/\/schema.org","@graph":[{"@type":"WebPage","@id":"https:\/\/xenonkungen.com\/produkt\/briodlights-kopplingsbox-12-hals-komplett-utan-avluftning\/","url":"https:\/\/xenonkungen.com\/produkt\/briodlights-kopplingsbox-12-hals-komplett-utan-avluftning\/","name":"BriodLights Koblingsboks 12-hulls komplett, uten lufting - Xenonkungen","isPartOf":{"@id":"https:\/\/xenonkungen.com\/#website"},"primaryImageOfPage":{"@id":"https:\/\/xenonkungen.com\/produkt\/briodlights-kopplingsbox-12-hals-komplett-utan-avluftning\/#primaryimage"},"image":{"@id":"https:\/\/xenonkungen.com\/produkt\/briodlights-kopplingsbox-12-hals-komplett-utan-avluftning\/#primaryimage"},"thumbnailUrl":"https:\/\/xenonkungen.com\/wp-content\/uploads\/2025\/04\/21111_itemimage_2.jpg","datePublished":"2025-04-15T08:51:07+00:00","dateModified":"2026-05-08T14:39:42+00:00","breadcrumb":{"@id":"https:\/\/xenonkungen.com\/produkt\/briodlights-kopplingsbox-12-hals-komplett-utan-avluftning\/#breadcrumb"},"inLanguage":"nb-NO","potentialAction":[{"@type":"ReadAction","target":["https:\/\/xenonkungen.com\/produkt\/briodlights-kopplingsbox-12-hals-komplett-utan-avluftning\/"]}]},{"@type":"ImageObject","inLanguage":"nb-NO","@id":"https:\/\/xenonkungen.com\/produkt\/briodlights-kopplingsbox-12-hals-komplett-utan-avluftning\/#primaryimage","url":"https:\/\/xenonkungen.com\/wp-content\/uploads\/2025\/04\/21111_itemimage_2.jpg","contentUrl":"https:\/\/xenonkungen.com\/wp-content\/uploads\/2025\/04\/21111_itemimage_2.jpg","width":2048,"height":1536},{"@type":"BreadcrumbList","@id":"https:\/\/xenonkungen.com\/produkt\/briodlights-kopplingsbox-12-hals-komplett-utan-avluftning\/#breadcrumb","itemListElement":[{"@type":"ListItem","position":1,"name":"Hem","item":"https:\/\/xenonkungen.com\/"},{"@type":"ListItem","position":2,"name":"Shop","item":"https:\/\/xenonkungen.com\/shop\/"},{"@type":"ListItem","position":3,"name":"BriodLights Kopplingsbox 12-h\u00e5ls komplett, utan avluftning"}]},{"@type":"WebSite","@id":"https:\/\/xenonkungen.com\/#website","url":"https:\/\/xenonkungen.com\/","name":"Xenonkungen","description":"","potentialAction":[{"@type":"SearchAction","target":{"@type":"EntryPoint","urlTemplate":"https:\/\/xenonkungen.com\/?s={search_term_string}"},"query-input":{"@type":"PropertyValueSpecification","valueRequired":true,"valueName":"search_term_string"}}],"inLanguage":"nb-NO"}]}},"taxonomy_info":{"product_brand":[{"value":92,"label":"Briodlights"}],"product_cat":[{"value":2841,"label":"Installation extraljus"},{"value":2469,"label":"Kabelskor &amp; Kabelh\u00e5llare"},{"value":390,"label":"Installation"}],"product_tag":[{"value":2788,"label":"black-week-exclude"}]},"featured_image_src_large":["https:\/\/xenonkungen.com\/wp-content\/uploads\/2025\/04\/21111_itemimage_2-1024x768.jpg",1024,768,true],"author_info":[],"comment_info":0,"_links":{"self":[{"href":"https:\/\/xenonkungen.com\/no\/wp-json\/wp\/v2\/product\/3222","targetHints":{"allow":["GET"]}}],"collection":[{"href":"https:\/\/xenonkungen.com\/no\/wp-json\/wp\/v2\/product"}],"about":[{"href":"https:\/\/xenonkungen.com\/no\/wp-json\/wp\/v2\/types\/product"}],"replies":[{"embeddable":true,"href":"https:\/\/xenonkungen.com\/no\/wp-json\/wp\/v2\/comments?post=3222"}],"wp:featuredmedia":[{"embeddable":true,"href":"https:\/\/xenonkungen.com\/no\/wp-json\/wp\/v2\/media\/3223"}],"wp:attachment":[{"href":"https:\/\/xenonkungen.com\/no\/wp-json\/wp\/v2\/media?parent=3222"}],"wp:term":[{"taxonomy":"anvandningsomrade","embeddable":true,"href":"https:\/\/xenonkungen.com\/no\/wp-json\/wp\/v2\/anvandningsomrade?post=3222"},{"taxonomy":"bilmarken","embeddable":true,"href":"https:\/\/xenonkungen.com\/no\/wp-json\/wp\/v2\/bilmarken?post=3222"},{"taxonomy":"product_brand","embeddable":true,"href":"https:\/\/xenonkungen.com\/no\/wp-json\/wp\/v2\/product_brand?post=3222"},{"taxonomy":"product_cat","embeddable":true,"href":"https:\/\/xenonkungen.com\/no\/wp-json\/wp\/v2\/product_cat?post=3222"},{"taxonomy":"product_tag","embeddable":true,"href":"https:\/\/xenonkungen.com\/no\/wp-json\/wp\/v2\/product_tag?post=3222"}],"curies":[{"name":"wp","href":"https:\/\/api.w.org\/{rel}","templated":true}]}}