{"id":3243,"date":"2025-04-15T08:51:31","date_gmt":"2025-04-15T08:51:31","guid":{"rendered":"https:\/\/xenonkungen.com\/product\/briodlights-led-baklampa-12-24-v-vanster\/"},"modified":"2025-12-10T14:44:02","modified_gmt":"2025-12-10T13:44:02","slug":"led-baklys-12-24-v-venstre","status":"publish","type":"product","link":"https:\/\/xenonkungen.com\/no\/produkt\/led-baklys-12-24-v-venstre\/","title":{"rendered":"BriodLights LED-baklys 12-24 V venstre"},"content":{"rendered":"<h1>BriodLights LED-baklys: Multifunksjonelt og brukervennlig<\/h1>\n<p>Oppgrader tilhengerbelysningen med BriodLights multifunksjonelle LED-baklys. Den har en rekke funksjoner som bremselys, reverslys, blinklys, skiltlys, reflekslys, t\u00e5kelys og posisjonslys, slik at du alltid er synlig p\u00e5 veien.<\/p>\n<h2>Funksjoner og fordeler:<\/h2>\n<ol>\n<li><strong>Design med flere funksjoner:<\/strong> Denne LED-baklykten leveres med bremselys, reverslys, blinklys, nummerskiltlys, reflekslys, t\u00e5kelys og posisjonslys for \u00e5 forbedre sikkerheten og sikten til tilhengeren din.<\/li>\n<li><strong>Venstre og h\u00f8yre versjon:<\/strong> Velg mellom venstre og h\u00f8yre versjon for \u00e5 tilpasse belysningen til dine spesifikke behov.<\/li>\n<li><strong>1,5 meter kabel:<\/strong> Inkluderer en 1,5 meter lang kabel for enkel installasjon og tilkobling.<\/li>\n<li><strong>IP6K7 Klassifisering:<\/strong> Den har IP6K7-klassifisering som gir overlegen beskyttelse mot st\u00f8v og kortvarig nedsenking i vann.<\/li>\n<li><strong>ECE-godkjent:<\/strong> I samsvar med ECE-forskriftene: R3, R4, R6, R7, R23, R38. EMC: R10 for kvalitetsstandarder og sikkerhet.<\/li>\n<\/ol>\n<p>Lampen har ikke innebygd motstand. F\u00f8lgende koblingsskjema gjelder:<\/p>\n<ul>\n<li>Hvit - Jord<\/li>\n<li>Bl\u00e5 - Dim<\/li>\n<li>Gr\u00e5 - bakside<\/li>\n<li>Svart - Posisjonslys<\/li>\n<li>Gr\u00f8nn - blinklys<\/li>\n<li>R\u00f8d - Bremse<\/li>\n<\/ul>\n<p>Vi tilbyr 3 \u00e5rs funksjonsgaranti p\u00e5 dette produktet. Nyt kvaliteten og p\u00e5liteligheten til BriodLight for en forbedret belysningsopplevelse.<\/p>","protected":false},"excerpt":{"rendered":"<p>BriodLights LED Baklampa: Multifunktionell och Anv\u00e4ndarv\u00e4nlig Uppgradera din sl\u00e4pvagnsbelysning med BriodLights multifunktionella LED baklampa. Den inneh\u00e5ller en m\u00e4ngd funktioner som broms, back, blinkers, nummerskyltsbelysning, reflex, dim- och positionsljus f\u00f6r att s\u00e4kerst\u00e4lla att du alltid \u00e4r synlig p\u00e5 v\u00e4gen. Funktioner och F\u00f6rdelar: Multi-Feature Design: Denna LED-baklampa kommer med broms, back, blinkers, nummerskyltsbelysning, reflex, dim- och positionsljus [&hellip;]<\/p>","protected":false},"featured_media":3242,"comment_status":"closed","ping_status":"open","template":"","meta":{"_acf_changed":false,"_smort_price_nok":"865","_smort_price_dkk":"550","_smort_price_eur":"73.63","_smort_sale_price_nok":"","_smort_sale_price_dkk":"","_smort_sale_price_eur":"","smort_restorder":"","shipmondo_restorder":"","_kad_blocks_custom_css":"","_kad_blocks_head_custom_js":"","_kad_blocks_body_custom_js":"","_kad_blocks_footer_custom_js":"","smort_custom_pricelist_1":"518.4","smort_custom_pricelist_2":"453.6","smort_custom_pricelist_3":"430.92","smort_custom_pricelist_4":"648","smort_custom_pricelist_5":"453.6"},"anvandningsomrade":[166,238,2816],"bilmarken":[],"product_brand":[92],"product_cat":[2552],"product_tag":[2788],"class_list":{"0":"post-3243","1":"product","2":"type-product","3":"status-publish","4":"has-post-thumbnail","6":"anvandningsomrade-lastbil","7":"anvandningsomrade-slap","8":"anvandningsomrade-trailer","9":"product_brand-briodlights","10":"product_cat-bakljus-slap","11":"product_tag-black-week-exclude","12":"pa_fuktskydd-varde-ipxx-ip67","13":"pa_godkannande-ece-r3-r4-r6-r7-r23-r38-emc-r10","14":"pa_storlek-mm-240x140x32","15":"pa_volt-v-776","17":"first","18":"onbackorder","19":"taxable","20":"shipping-taxable","21":"purchasable","22":"product-type-simple"},"bundled_by":[],"bundle_stock_status":"onbackorder","bundle_stock_quantity":0,"bundle_virtual":false,"bundle_layout":"","bundle_add_to_cart_form_location":"","bundle_editable_in_cart":false,"bundle_sold_individually_context":"","bundle_item_grouping":"","bundle_min_size":"","bundle_max_size":"","bundle_price":[],"bundled_items":[],"bundle_sell_ids":[],"acf":[],"yoast_head":"<!-- This site is optimized with the Yoast SEO plugin v27.0 - https:\/\/yoast.com\/product\/yoast-seo-wordpress\/ -->\n<title>BriodLights LED baklampa 12-24 V v\u00e4nster - Xenonkungen<\/title>\n<meta name=\"robots\" content=\"index, follow, max-snippet:-1, max-image-preview:large, max-video-preview:-1\" \/>\n<link rel=\"canonical\" href=\"https:\/\/xenonkungen.com\/no\/produkt\/led-baklys-12-24-v-venstre\/\" \/>\n<meta property=\"og:locale\" content=\"nb_NO\" \/>\n<meta property=\"og:type\" content=\"article\" \/>\n<meta property=\"og:title\" content=\"BriodLights LED baklampa 12-24 V v\u00e4nster - Xenonkungen\" \/>\n<meta property=\"og:description\" content=\"BriodLights LED Baklampa: Multifunktionell och Anv\u00e4ndarv\u00e4nlig Uppgradera din sl\u00e4pvagnsbelysning med BriodLights multifunktionella LED baklampa. Den inneh\u00e5ller en m\u00e4ngd funktioner som broms, back, blinkers, nummerskyltsbelysning, reflex, dim- och positionsljus f\u00f6r att s\u00e4kerst\u00e4lla att du alltid \u00e4r synlig p\u00e5 v\u00e4gen. Funktioner och F\u00f6rdelar: Multi-Feature Design: Denna LED-baklampa kommer med broms, back, blinkers, nummerskyltsbelysning, reflex, dim- och positionsljus [&hellip;]\" \/>\n<meta property=\"og:url\" content=\"https:\/\/xenonkungen.com\/no\/produkt\/led-baklys-12-24-v-venstre\/\" \/>\n<meta property=\"og:site_name\" content=\"Xenonkungen\" \/>\n<meta property=\"article:modified_time\" content=\"2025-12-10T13:44:02+00:00\" \/>\n<meta property=\"og:image\" content=\"https:\/\/xenonkungen.com\/wp-content\/uploads\/2025\/04\/A1092_productimage_mainfront.jpg\" \/>\n\t<meta property=\"og:image:width\" content=\"2048\" \/>\n\t<meta property=\"og:image:height\" content=\"1536\" \/>\n\t<meta property=\"og:image:type\" content=\"image\/jpeg\" \/>\n<meta name=\"twitter:card\" content=\"summary_large_image\" \/>\n<meta name=\"twitter:label1\" content=\"Ansl. lesetid\" \/>\n\t<meta name=\"twitter:data1\" content=\"1 minutt\" \/>\n<script type=\"application\/ld+json\" class=\"yoast-schema-graph\">{\"@context\":\"https:\/\/schema.org\",\"@graph\":[{\"@type\":\"WebPage\",\"@id\":\"https:\/\/xenonkungen.com\/produkt\/briodlights-led-baklampa-12-24-v-vanster\/\",\"url\":\"https:\/\/xenonkungen.com\/produkt\/briodlights-led-baklampa-12-24-v-vanster\/\",\"name\":\"BriodLights LED baklampa 12-24 V v\u00e4nster - Xenonkungen\",\"isPartOf\":{\"@id\":\"https:\/\/xenonkungen.com\/#website\"},\"primaryImageOfPage\":{\"@id\":\"https:\/\/xenonkungen.com\/produkt\/briodlights-led-baklampa-12-24-v-vanster\/#primaryimage\"},\"image\":{\"@id\":\"https:\/\/xenonkungen.com\/produkt\/briodlights-led-baklampa-12-24-v-vanster\/#primaryimage\"},\"thumbnailUrl\":\"https:\/\/xenonkungen.com\/wp-content\/uploads\/2025\/04\/A1092_productimage_mainfront.jpg\",\"datePublished\":\"2025-04-15T08:51:31+00:00\",\"dateModified\":\"2025-12-10T13:44:02+00:00\",\"breadcrumb\":{\"@id\":\"https:\/\/xenonkungen.com\/produkt\/briodlights-led-baklampa-12-24-v-vanster\/#breadcrumb\"},\"inLanguage\":\"nb-NO\",\"potentialAction\":[{\"@type\":\"ReadAction\",\"target\":[\"https:\/\/xenonkungen.com\/produkt\/briodlights-led-baklampa-12-24-v-vanster\/\"]}]},{\"@type\":\"ImageObject\",\"inLanguage\":\"nb-NO\",\"@id\":\"https:\/\/xenonkungen.com\/produkt\/briodlights-led-baklampa-12-24-v-vanster\/#primaryimage\",\"url\":\"https:\/\/xenonkungen.com\/wp-content\/uploads\/2025\/04\/A1092_productimage_mainfront.jpg\",\"contentUrl\":\"https:\/\/xenonkungen.com\/wp-content\/uploads\/2025\/04\/A1092_productimage_mainfront.jpg\",\"width\":2048,\"height\":1536},{\"@type\":\"BreadcrumbList\",\"@id\":\"https:\/\/xenonkungen.com\/produkt\/briodlights-led-baklampa-12-24-v-vanster\/#breadcrumb\",\"itemListElement\":[{\"@type\":\"ListItem\",\"position\":1,\"name\":\"Hem\",\"item\":\"https:\/\/xenonkungen.com\/\"},{\"@type\":\"ListItem\",\"position\":2,\"name\":\"Shop\",\"item\":\"https:\/\/xenonkungen.com\/shop\/\"},{\"@type\":\"ListItem\",\"position\":3,\"name\":\"BriodLights LED baklampa 12-24 V v\u00e4nster\"}]},{\"@type\":\"WebSite\",\"@id\":\"https:\/\/xenonkungen.com\/#website\",\"url\":\"https:\/\/xenonkungen.com\/\",\"name\":\"Xenonkungen\",\"description\":\"\",\"potentialAction\":[{\"@type\":\"SearchAction\",\"target\":{\"@type\":\"EntryPoint\",\"urlTemplate\":\"https:\/\/xenonkungen.com\/?s={search_term_string}\"},\"query-input\":{\"@type\":\"PropertyValueSpecification\",\"valueRequired\":true,\"valueName\":\"search_term_string\"}}],\"inLanguage\":\"nb-NO\"}]}<\/script>\n<!-- \/ Yoast SEO plugin. -->","yoast_head_json":{"title":"BriodLights LED baklys 12-24 V venstre - Xenonkungen","robots":{"index":"index","follow":"follow","max-snippet":"max-snippet:-1","max-image-preview":"max-image-preview:large","max-video-preview":"max-video-preview:-1"},"canonical":"https:\/\/xenonkungen.com\/no\/produkt\/led-baklys-12-24-v-venstre\/","og_locale":"nb_NO","og_type":"article","og_title":"BriodLights LED baklampa 12-24 V v\u00e4nster - Xenonkungen","og_description":"BriodLights LED Baklampa: Multifunktionell och Anv\u00e4ndarv\u00e4nlig Uppgradera din sl\u00e4pvagnsbelysning med BriodLights multifunktionella LED baklampa. Den inneh\u00e5ller en m\u00e4ngd funktioner som broms, back, blinkers, nummerskyltsbelysning, reflex, dim- och positionsljus f\u00f6r att s\u00e4kerst\u00e4lla att du alltid \u00e4r synlig p\u00e5 v\u00e4gen. Funktioner och F\u00f6rdelar: Multi-Feature Design: Denna LED-baklampa kommer med broms, back, blinkers, nummerskyltsbelysning, reflex, dim- och positionsljus [&hellip;]","og_url":"https:\/\/xenonkungen.com\/no\/produkt\/led-baklys-12-24-v-venstre\/","og_site_name":"Xenonkungen","article_modified_time":"2025-12-10T13:44:02+00:00","og_image":[{"width":2048,"height":1536,"url":"https:\/\/xenonkungen.com\/wp-content\/uploads\/2025\/04\/A1092_productimage_mainfront.jpg","type":"image\/jpeg"}],"twitter_card":"summary_large_image","twitter_misc":{"Ansl. lesetid":"1 minutt"},"schema":{"@context":"https:\/\/schema.org","@graph":[{"@type":"WebPage","@id":"https:\/\/xenonkungen.com\/produkt\/briodlights-led-baklampa-12-24-v-vanster\/","url":"https:\/\/xenonkungen.com\/produkt\/briodlights-led-baklampa-12-24-v-vanster\/","name":"BriodLights LED baklys 12-24 V venstre - Xenonkungen","isPartOf":{"@id":"https:\/\/xenonkungen.com\/#website"},"primaryImageOfPage":{"@id":"https:\/\/xenonkungen.com\/produkt\/briodlights-led-baklampa-12-24-v-vanster\/#primaryimage"},"image":{"@id":"https:\/\/xenonkungen.com\/produkt\/briodlights-led-baklampa-12-24-v-vanster\/#primaryimage"},"thumbnailUrl":"https:\/\/xenonkungen.com\/wp-content\/uploads\/2025\/04\/A1092_productimage_mainfront.jpg","datePublished":"2025-04-15T08:51:31+00:00","dateModified":"2025-12-10T13:44:02+00:00","breadcrumb":{"@id":"https:\/\/xenonkungen.com\/produkt\/briodlights-led-baklampa-12-24-v-vanster\/#breadcrumb"},"inLanguage":"nb-NO","potentialAction":[{"@type":"ReadAction","target":["https:\/\/xenonkungen.com\/produkt\/briodlights-led-baklampa-12-24-v-vanster\/"]}]},{"@type":"ImageObject","inLanguage":"nb-NO","@id":"https:\/\/xenonkungen.com\/produkt\/briodlights-led-baklampa-12-24-v-vanster\/#primaryimage","url":"https:\/\/xenonkungen.com\/wp-content\/uploads\/2025\/04\/A1092_productimage_mainfront.jpg","contentUrl":"https:\/\/xenonkungen.com\/wp-content\/uploads\/2025\/04\/A1092_productimage_mainfront.jpg","width":2048,"height":1536},{"@type":"BreadcrumbList","@id":"https:\/\/xenonkungen.com\/produkt\/briodlights-led-baklampa-12-24-v-vanster\/#breadcrumb","itemListElement":[{"@type":"ListItem","position":1,"name":"Hem","item":"https:\/\/xenonkungen.com\/"},{"@type":"ListItem","position":2,"name":"Shop","item":"https:\/\/xenonkungen.com\/shop\/"},{"@type":"ListItem","position":3,"name":"BriodLights LED baklampa 12-24 V v\u00e4nster"}]},{"@type":"WebSite","@id":"https:\/\/xenonkungen.com\/#website","url":"https:\/\/xenonkungen.com\/","name":"Xenonkungen","description":"","potentialAction":[{"@type":"SearchAction","target":{"@type":"EntryPoint","urlTemplate":"https:\/\/xenonkungen.com\/?s={search_term_string}"},"query-input":{"@type":"PropertyValueSpecification","valueRequired":true,"valueName":"search_term_string"}}],"inLanguage":"nb-NO"}]}},"taxonomy_info":{"anvandningsomrade":[{"value":166,"label":"Lastbil"},{"value":238,"label":"SL\u00c4P"},{"value":2816,"label":"TRAILER"}],"product_brand":[{"value":92,"label":"Briodlights"}],"product_cat":[{"value":2552,"label":"Bakljus"}],"product_tag":[{"value":2788,"label":"black-week-exclude"}],"pa_fuktskydd-varde-ipxx":[{"value":333,"label":"IP67"}],"pa_godkannande":[{"value":1067,"label":"ECE, R3, R4, R6, R7, R23, R38. EMC, R10"}],"pa_storlek-mm":[{"value":1066,"label":"240x140x32"}],"pa_volt-v":[{"value":776,"label":"12,24"}]},"featured_image_src_large":["https:\/\/xenonkungen.com\/wp-content\/uploads\/2025\/04\/A1092_productimage_mainfront-1024x768.jpg",1024,768,true],"author_info":[],"comment_info":0,"_links":{"self":[{"href":"https:\/\/xenonkungen.com\/no\/wp-json\/wp\/v2\/product\/3243","targetHints":{"allow":["GET"]}}],"collection":[{"href":"https:\/\/xenonkungen.com\/no\/wp-json\/wp\/v2\/product"}],"about":[{"href":"https:\/\/xenonkungen.com\/no\/wp-json\/wp\/v2\/types\/product"}],"replies":[{"embeddable":true,"href":"https:\/\/xenonkungen.com\/no\/wp-json\/wp\/v2\/comments?post=3243"}],"wp:featuredmedia":[{"embeddable":true,"href":"https:\/\/xenonkungen.com\/no\/wp-json\/wp\/v2\/media\/3242"}],"wp:attachment":[{"href":"https:\/\/xenonkungen.com\/no\/wp-json\/wp\/v2\/media?parent=3243"}],"wp:term":[{"taxonomy":"anvandningsomrade","embeddable":true,"href":"https:\/\/xenonkungen.com\/no\/wp-json\/wp\/v2\/anvandningsomrade?post=3243"},{"taxonomy":"bilmarken","embeddable":true,"href":"https:\/\/xenonkungen.com\/no\/wp-json\/wp\/v2\/bilmarken?post=3243"},{"taxonomy":"product_brand","embeddable":true,"href":"https:\/\/xenonkungen.com\/no\/wp-json\/wp\/v2\/product_brand?post=3243"},{"taxonomy":"product_cat","embeddable":true,"href":"https:\/\/xenonkungen.com\/no\/wp-json\/wp\/v2\/product_cat?post=3243"},{"taxonomy":"product_tag","embeddable":true,"href":"https:\/\/xenonkungen.com\/no\/wp-json\/wp\/v2\/product_tag?post=3243"}],"curies":[{"name":"wp","href":"https:\/\/api.w.org\/{rel}","templated":true}]}}