{"id":3262,"date":"2025-04-15T08:52:23","date_gmt":"2025-04-15T08:52:23","guid":{"rendered":"https:\/\/xenonkungen.com\/product\/ozz-xr2-p7-black\/"},"modified":"2026-04-24T16:52:08","modified_gmt":"2026-04-24T15:52:08","slug":"ozz-xr2-p7-svart","status":"publish","type":"product","link":"https:\/\/xenonkungen.com\/no\/produkt\/ozz-xr2-p7-svart\/","title":{"rendered":"OZZ XR2 P7\u2033 Svart"},"content":{"rendered":"<h1>OZZ XR2 P7\u2033 Black 178 mm - Sikkerhet, dynamikk, kraft<\/h1>\n<p>Oppgrader kj\u00f8reopplevelsen din med OZZ XR2 P7\" LED ekstralys, som ikke bare st\u00e5r for estetikk og innovativ design, men ogs\u00e5 for \u00f8kt sikkerhet p\u00e5 veien. Den dynamiske startfunksjonen med posisjonslys i b\u00e5de hvitt og oransje s\u00f8rger for at du er godt synlig under alle v\u00e6rforhold, mens den kraftige lysstr\u00e5len med en rekkevidde p\u00e5 1 lux p\u00e5 470 meter sikrer optimal synlighet i m\u00f8rket.<\/p>\n<ul>\n<li>Rekkevidde: 1 lux ved 470 m<\/li>\n<li>Dynamisk oppstartslys: hvit\/oransje<\/li>\n<li>M\u00e5lte lumen: 5800 lm<\/li>\n<li>Teoretisk lumen: 7200 lm<\/li>\n<li>Fargetemperatur: 5000 K<\/li>\n<\/ul>\n<p>Forbedringen gjelder ikke bare lysets rekkevidde, men ogs\u00e5 materialene som er brukt. Med et robust aluminiumshus og en linse av slitesterkt polykarbonat er denne lampen konstruert for \u00e5 t\u00e5le t\u00f8ffe v\u00e6rforhold, og den beskytter deg ved \u00e5 sikre konstant og p\u00e5litelig belysning p\u00e5 alle dine reiser.<\/p>\n<p>Den forsterkede beskyttelsen med IP69K-klassifisering gir den h\u00f8yeste grad av forsegling mot st\u00f8v og vann, noe som sikrer at lyset fungerer feilfritt selv under de mest krevende forhold. I tillegg s\u00f8rger et bredt temperaturomr\u00e5de fra -40 \u00b0C til +60 \u00b0C for at ekstralyset alltid yter sitt beste, uansett klima, noe som bidrar til tryggere kj\u00f8ring.<\/p>\n<p>Denne lykten er utstyrt med 16 dioder, noe som skaper en kraftig og p\u00e5litelig lyskilde, klar til \u00e5 lyse opp de m\u00f8rkeste veiene og holde deg trygg p\u00e5 veien. Med OZZ XR2 P7\" f\u00e5r du ikke bare et teknisk mesterverk, men ogs\u00e5 et produkt som tar sikkerheten din p\u00e5 alvor.<\/p>","protected":false},"excerpt":{"rendered":"<p>\u00d8k sikkerheten din p\u00e5 veien med OZZ XR2 P7\" LED ekstralys. Med avansert teknologi og stilig design gir dette ekstralyset overlegen lysstyrke som garanterer deg optimal sikt under alle forhold. Nyt en tryggere og mer komfortabel kj\u00f8reopplevelse.<\/p>","protected":false},"featured_media":3263,"comment_status":"closed","ping_status":"closed","template":"","meta":{"_acf_changed":false,"_smort_price_nok":"2991","_smort_price_dkk":"1900","_smort_price_eur":"254.53","_smort_sale_price_nok":"","_smort_sale_price_dkk":"","_smort_sale_price_eur":"","smort_restorder":"","shipmondo_restorder":"","_kad_blocks_custom_css":"","_kad_blocks_head_custom_js":"","_kad_blocks_body_custom_js":"","_kad_blocks_footer_custom_js":"","smort_custom_pricelist_1":"1792","smort_custom_pricelist_2":"1792","smort_custom_pricelist_3":"1792","smort_custom_pricelist_4":"2240","smort_custom_pricelist_5":"1792"},"anvandningsomrade":[],"bilmarken":[],"product_brand":[1051,109],"product_cat":[2838,142],"product_tag":[2788],"class_list":{"0":"post-3262","1":"product","2":"type-product","3":"status-publish","4":"has-post-thumbnail","6":"product_brand-ozz","7":"product_brand-ozz-lights","8":"product_cat-extraljus-7","9":"product_cat-extraljus","10":"product_tag-black-week-exclude","11":"pa_fargtemperatur-5000k","12":"pa_fuktskydd-varde-ipxx-ip69k","13":"pa_godkannande-ece-r112-r7-r10-ce","14":"pa_lampsockel-kontakt-dt4","15":"pa_led-chips-effekt-w-78-756","16":"pa_ljusbild-driving","17":"pa_stromforbrukning-26a24v","18":"pa_stromforbrukning-568a12v","19":"pa_volt-v-multivolt-10-12-16-18-24-28-30-36","21":"first","22":"onbackorder","23":"taxable","24":"shipping-taxable","25":"purchasable","26":"product-type-simple"},"bundled_by":["9445","9457","9480","9495"],"bundle_stock_status":"onbackorder","bundle_stock_quantity":0,"bundle_virtual":false,"bundle_layout":"","bundle_add_to_cart_form_location":"","bundle_editable_in_cart":false,"bundle_sold_individually_context":"","bundle_item_grouping":"","bundle_min_size":"","bundle_max_size":"","bundle_price":[],"bundled_items":[],"bundle_sell_ids":[],"acf":[],"yoast_head":"<!-- This site is optimized with the Yoast SEO plugin v27.0 - https:\/\/yoast.com\/product\/yoast-seo-wordpress\/ -->\n<title>OZZ XR2 P7&quot; Black - Xenonkungen<\/title>\n<meta name=\"robots\" content=\"index, follow, max-snippet:-1, max-image-preview:large, max-video-preview:-1\" \/>\n<link rel=\"canonical\" href=\"https:\/\/xenonkungen.com\/no\/produkt\/ozz-xr2-p7-svart\/\" \/>\n<meta property=\"og:locale\" content=\"nb_NO\" \/>\n<meta property=\"og:type\" content=\"article\" \/>\n<meta property=\"og:title\" content=\"OZZ XR2 P7&quot; Black - Xenonkungen\" \/>\n<meta property=\"og:description\" content=\"\u00d6ka din s\u00e4kerhet p\u00e5 v\u00e4gen med OZZ XR2 P7\u201d LED extraljus. Med avancerad teknik och en stilren design, erbjuder detta extraljus en \u00f6verl\u00e4gsen ljusstyrka som garanterar dig optimal sikt under alla f\u00f6rh\u00e5llanden. Upplev en s\u00e4krare och mer behaglig k\u00f6rupplevelse.\" \/>\n<meta property=\"og:url\" content=\"https:\/\/xenonkungen.com\/no\/produkt\/ozz-xr2-p7-svart\/\" \/>\n<meta property=\"og:site_name\" content=\"Xenonkungen\" \/>\n<meta property=\"article:modified_time\" content=\"2026-04-24T15:52:08+00:00\" \/>\n<meta property=\"og:image\" content=\"https:\/\/xenonkungen.com\/wp-content\/uploads\/2025\/04\/205408167-origpic-0d1417.png\" \/>\n\t<meta property=\"og:image:width\" content=\"1000\" \/>\n\t<meta property=\"og:image:height\" content=\"1049\" \/>\n\t<meta property=\"og:image:type\" content=\"image\/png\" \/>\n<meta name=\"twitter:card\" content=\"summary_large_image\" \/>\n<meta name=\"twitter:label1\" content=\"Ansl. lesetid\" \/>\n\t<meta name=\"twitter:data1\" content=\"2 minutter\" \/>\n<script type=\"application\/ld+json\" class=\"yoast-schema-graph\">{\"@context\":\"https:\/\/schema.org\",\"@graph\":[{\"@type\":\"WebPage\",\"@id\":\"https:\/\/xenonkungen.com\/produkt\/ozz-xr2-p7-black\/\",\"url\":\"https:\/\/xenonkungen.com\/produkt\/ozz-xr2-p7-black\/\",\"name\":\"OZZ XR2 P7\\\" Black - Xenonkungen\",\"isPartOf\":{\"@id\":\"https:\/\/xenonkungen.com\/#website\"},\"primaryImageOfPage\":{\"@id\":\"https:\/\/xenonkungen.com\/produkt\/ozz-xr2-p7-black\/#primaryimage\"},\"image\":{\"@id\":\"https:\/\/xenonkungen.com\/produkt\/ozz-xr2-p7-black\/#primaryimage\"},\"thumbnailUrl\":\"https:\/\/xenonkungen.com\/wp-content\/uploads\/2025\/04\/205408167-origpic-0d1417.png\",\"datePublished\":\"2025-04-15T08:52:23+00:00\",\"dateModified\":\"2026-04-24T15:52:08+00:00\",\"breadcrumb\":{\"@id\":\"https:\/\/xenonkungen.com\/produkt\/ozz-xr2-p7-black\/#breadcrumb\"},\"inLanguage\":\"nb-NO\",\"potentialAction\":[{\"@type\":\"ReadAction\",\"target\":[\"https:\/\/xenonkungen.com\/produkt\/ozz-xr2-p7-black\/\"]}]},{\"@type\":\"ImageObject\",\"inLanguage\":\"nb-NO\",\"@id\":\"https:\/\/xenonkungen.com\/produkt\/ozz-xr2-p7-black\/#primaryimage\",\"url\":\"https:\/\/xenonkungen.com\/wp-content\/uploads\/2025\/04\/205408167-origpic-0d1417.png\",\"contentUrl\":\"https:\/\/xenonkungen.com\/wp-content\/uploads\/2025\/04\/205408167-origpic-0d1417.png\",\"width\":1000,\"height\":1049},{\"@type\":\"BreadcrumbList\",\"@id\":\"https:\/\/xenonkungen.com\/produkt\/ozz-xr2-p7-black\/#breadcrumb\",\"itemListElement\":[{\"@type\":\"ListItem\",\"position\":1,\"name\":\"Hem\",\"item\":\"https:\/\/xenonkungen.com\/\"},{\"@type\":\"ListItem\",\"position\":2,\"name\":\"Shop\",\"item\":\"https:\/\/xenonkungen.com\/shop\/\"},{\"@type\":\"ListItem\",\"position\":3,\"name\":\"OZZ XR2 P7&#8243; Black\"}]},{\"@type\":\"WebSite\",\"@id\":\"https:\/\/xenonkungen.com\/#website\",\"url\":\"https:\/\/xenonkungen.com\/\",\"name\":\"Xenonkungen\",\"description\":\"\",\"potentialAction\":[{\"@type\":\"SearchAction\",\"target\":{\"@type\":\"EntryPoint\",\"urlTemplate\":\"https:\/\/xenonkungen.com\/?s={search_term_string}\"},\"query-input\":{\"@type\":\"PropertyValueSpecification\",\"valueRequired\":true,\"valueName\":\"search_term_string\"}}],\"inLanguage\":\"nb-NO\"}]}<\/script>\n<!-- \/ Yoast SEO plugin. -->","yoast_head_json":{"title":"OZZ XR2 P7&quot; Svart \u2013 Xenon-kongen","robots":{"index":"index","follow":"follow","max-snippet":"max-snippet:-1","max-image-preview":"max-image-preview:large","max-video-preview":"max-video-preview:-1"},"canonical":"https:\/\/xenonkungen.com\/no\/produkt\/ozz-xr2-p7-svart\/","og_locale":"nb_NO","og_type":"article","og_title":"OZZ XR2 P7\" Black - Xenonkungen","og_description":"\u00d6ka din s\u00e4kerhet p\u00e5 v\u00e4gen med OZZ XR2 P7\u201d LED extraljus. Med avancerad teknik och en stilren design, erbjuder detta extraljus en \u00f6verl\u00e4gsen ljusstyrka som garanterar dig optimal sikt under alla f\u00f6rh\u00e5llanden. Upplev en s\u00e4krare och mer behaglig k\u00f6rupplevelse.","og_url":"https:\/\/xenonkungen.com\/no\/produkt\/ozz-xr2-p7-svart\/","og_site_name":"Xenonkungen","article_modified_time":"2026-04-24T15:52:08+00:00","og_image":[{"width":1000,"height":1049,"url":"https:\/\/xenonkungen.com\/wp-content\/uploads\/2025\/04\/205408167-origpic-0d1417.png","type":"image\/png"}],"twitter_card":"summary_large_image","twitter_misc":{"Ansl. lesetid":"2 minutter"},"schema":{"@context":"https:\/\/schema.org","@graph":[{"@type":"WebPage","@id":"https:\/\/xenonkungen.com\/produkt\/ozz-xr2-p7-black\/","url":"https:\/\/xenonkungen.com\/produkt\/ozz-xr2-p7-black\/","name":"OZZ XR2 P7&quot; Svart \u2013 Xenon-kongen","isPartOf":{"@id":"https:\/\/xenonkungen.com\/#website"},"primaryImageOfPage":{"@id":"https:\/\/xenonkungen.com\/produkt\/ozz-xr2-p7-black\/#primaryimage"},"image":{"@id":"https:\/\/xenonkungen.com\/produkt\/ozz-xr2-p7-black\/#primaryimage"},"thumbnailUrl":"https:\/\/xenonkungen.com\/wp-content\/uploads\/2025\/04\/205408167-origpic-0d1417.png","datePublished":"2025-04-15T08:52:23+00:00","dateModified":"2026-04-24T15:52:08+00:00","breadcrumb":{"@id":"https:\/\/xenonkungen.com\/produkt\/ozz-xr2-p7-black\/#breadcrumb"},"inLanguage":"nb-NO","potentialAction":[{"@type":"ReadAction","target":["https:\/\/xenonkungen.com\/produkt\/ozz-xr2-p7-black\/"]}]},{"@type":"ImageObject","inLanguage":"nb-NO","@id":"https:\/\/xenonkungen.com\/produkt\/ozz-xr2-p7-black\/#primaryimage","url":"https:\/\/xenonkungen.com\/wp-content\/uploads\/2025\/04\/205408167-origpic-0d1417.png","contentUrl":"https:\/\/xenonkungen.com\/wp-content\/uploads\/2025\/04\/205408167-origpic-0d1417.png","width":1000,"height":1049},{"@type":"BreadcrumbList","@id":"https:\/\/xenonkungen.com\/produkt\/ozz-xr2-p7-black\/#breadcrumb","itemListElement":[{"@type":"ListItem","position":1,"name":"Hem","item":"https:\/\/xenonkungen.com\/"},{"@type":"ListItem","position":2,"name":"Shop","item":"https:\/\/xenonkungen.com\/shop\/"},{"@type":"ListItem","position":3,"name":"OZZ XR2 P7&#8243; Black"}]},{"@type":"WebSite","@id":"https:\/\/xenonkungen.com\/#website","url":"https:\/\/xenonkungen.com\/","name":"Xenonkungen","description":"","potentialAction":[{"@type":"SearchAction","target":{"@type":"EntryPoint","urlTemplate":"https:\/\/xenonkungen.com\/?s={search_term_string}"},"query-input":{"@type":"PropertyValueSpecification","valueRequired":true,"valueName":"search_term_string"}}],"inLanguage":"nb-NO"}]}},"taxonomy_info":{"product_brand":[{"value":1051,"label":"OZZ"},{"value":109,"label":"OZZ LIGHTS"}],"product_cat":[{"value":2838,"label":"Extraljus 7\""},{"value":142,"label":"Extraljus"}],"product_tag":[{"value":2788,"label":"black-week-exclude"}],"pa_fargtemperatur":[{"value":154,"label":"5000K"}],"pa_fuktskydd-varde-ipxx":[{"value":155,"label":"IP69K"}],"pa_godkannande":[{"value":1076,"label":"ECE, R112, R7, R10, CE"}],"pa_lampsockel-kontakt":[{"value":404,"label":"DT4"}],"pa_led-chips-effekt-w":[{"value":1074,"label":"78, 75,6"}],"pa_ljusbild":[{"value":178,"label":"Driving"}],"pa_stromforbrukning":[{"value":995,"label":"2,6A@24V"},{"value":1075,"label":"5,68A@12V"}],"pa_volt-v":[{"value":1071,"label":"Multivolt, 10, 12, 16, 18, 24, 28, 30, 36"}]},"featured_image_src_large":["https:\/\/xenonkungen.com\/wp-content\/uploads\/2025\/04\/205408167-origpic-0d1417-976x1024.png",976,1024,true],"author_info":[],"comment_info":0,"_links":{"self":[{"href":"https:\/\/xenonkungen.com\/no\/wp-json\/wp\/v2\/product\/3262","targetHints":{"allow":["GET"]}}],"collection":[{"href":"https:\/\/xenonkungen.com\/no\/wp-json\/wp\/v2\/product"}],"about":[{"href":"https:\/\/xenonkungen.com\/no\/wp-json\/wp\/v2\/types\/product"}],"replies":[{"embeddable":true,"href":"https:\/\/xenonkungen.com\/no\/wp-json\/wp\/v2\/comments?post=3262"}],"wp:featuredmedia":[{"embeddable":true,"href":"https:\/\/xenonkungen.com\/no\/wp-json\/wp\/v2\/media\/3263"}],"wp:attachment":[{"href":"https:\/\/xenonkungen.com\/no\/wp-json\/wp\/v2\/media?parent=3262"}],"wp:term":[{"taxonomy":"anvandningsomrade","embeddable":true,"href":"https:\/\/xenonkungen.com\/no\/wp-json\/wp\/v2\/anvandningsomrade?post=3262"},{"taxonomy":"bilmarken","embeddable":true,"href":"https:\/\/xenonkungen.com\/no\/wp-json\/wp\/v2\/bilmarken?post=3262"},{"taxonomy":"product_brand","embeddable":true,"href":"https:\/\/xenonkungen.com\/no\/wp-json\/wp\/v2\/product_brand?post=3262"},{"taxonomy":"product_cat","embeddable":true,"href":"https:\/\/xenonkungen.com\/no\/wp-json\/wp\/v2\/product_cat?post=3262"},{"taxonomy":"product_tag","embeddable":true,"href":"https:\/\/xenonkungen.com\/no\/wp-json\/wp\/v2\/product_tag?post=3262"}],"curies":[{"name":"wp","href":"https:\/\/api.w.org\/{rel}","templated":true}]}}