{"id":3359,"date":"2025-04-15T08:54:52","date_gmt":"2025-04-15T08:54:52","guid":{"rendered":"https:\/\/xenonkungen.com\/product\/ozz-gult-linsskydd-9\/"},"modified":"2026-04-24T16:52:44","modified_gmt":"2026-04-24T15:52:44","slug":"ozz-gult-linsedeksel-9","status":"publish","type":"product","link":"https:\/\/xenonkungen.com\/no\/produkt\/ozz-gult-linsedeksel-9\/","title":{"rendered":"OZZ Gul motlysblender 9\u2033"},"content":{"rendered":"<h1>Gul motlysblender fra OZZ: Forvandle ditt ekstra lys<\/h1>\n<h2>Estetisk og funksjonell<\/h2>\n<p>Forvandle utseendet og funksjonen til ekstralyset ditt med v\u00e5rt gule linsedeksel, som er spesialdesignet for OZZ XR2 P 9\u2033. Dette linsedekselet er laget av slitesterkt polykarbonat og gir ikke bare et estetisk preg, men fungerer ogs\u00e5 som et viktig beskyttende lag for lyktene dine.<\/p>\n<h2>Problemfri installasjon<\/h2>\n<p>Med en innovativ klipsemekanisme er du garantert en enkel og sikker installasjon, noe som gj\u00f8r det til en lek \u00e5 oppgradere belysningssystemet ditt. Ingen verkt\u00f8y er n\u00f8dvendig for montering, noe som sparer b\u00e5de tid og krefter.<\/p>\n<h2>Lysmodifisering for bedre synlighet<\/h2>\n<p>Denne motlysblenden endrer lysstr\u00f8mmen for \u00e5 skape en varm, gul fargetone, noe som ikke bare beriker lysbildet, men ogs\u00e5 gir allsidige belysningsalternativer. Det er den perfekte l\u00f8sningen for alle som \u00f8nsker \u00e5 forbedre synligheten og estetikken til ekstralysene sine.<\/p>\n<h2>Produktets dimensjoner<\/h2>\n<p>Dimensjoner: 290x225x40, designet for \u00e5 passe perfekt sammen med OZZ XR2 P 9\u2033 ekstra lys, noe som sikrer en s\u00f8ml\u00f8s og attraktiv finish.<\/p>\n<p>Med dette gule linsedekselet fra OZZ f\u00e5r du ikke bare en estetisk oppgradering av lyssystemet ditt, men ogs\u00e5 en forbedret lysopplevelse med \u00f8kt allsidighet og beskyttelse av lysene dine.<\/p>","protected":false},"excerpt":{"rendered":"<p>Gult Linsskydd fr\u00e5n OZZ: F\u00f6rvandla Ditt Extraljus Estetiskt och Funktionellt F\u00f6rvandla utseendet och funktionen p\u00e5 ditt extraljus med v\u00e5rt gula linsskydd, specialdesignat f\u00f6r OZZ XR2 P 9&#8243;. Tillverkat av h\u00e5llbart polykarbonat, erbjuder detta linsskydd inte bara en estetisk touch av stil utan agerar ocks\u00e5 som ett viktigt skyddande lager f\u00f6r dina lampor. Problemfri Installation Med [&hellip;]<\/p>","protected":false},"featured_media":3360,"comment_status":"closed","ping_status":"open","template":"","meta":{"_acf_changed":false,"_smort_price_nok":"266","_smort_price_dkk":"169","_smort_price_eur":"22.64","_smort_sale_price_nok":"","_smort_sale_price_dkk":"","_smort_sale_price_eur":"","smort_restorder":"","shipmondo_restorder":"","_kad_blocks_custom_css":"","_kad_blocks_head_custom_js":"","_kad_blocks_body_custom_js":"","_kad_blocks_footer_custom_js":"","smort_custom_pricelist_1":"127.36","smort_custom_pricelist_2":"127.36","smort_custom_pricelist_3":"127.36","smort_custom_pricelist_4":"159.2","smort_custom_pricelist_5":"127.36"},"anvandningsomrade":[],"bilmarken":[],"product_brand":[1051],"product_cat":[2545,2546,142,1048],"product_tag":[2788],"class_list":{"0":"post-3359","1":"product","2":"type-product","3":"status-publish","4":"has-post-thumbnail","6":"product_brand-ozz","7":"product_cat-tillbehor-installation","8":"product_cat-ovriga-tillbehor-tillbehor-installation","9":"product_cat-extraljus","10":"product_cat-linsskydd","11":"product_tag-black-week-exclude","12":"pa_fargtemperatur-yellow","13":"pa_storlek-mm-290x225x40","15":"first","16":"onbackorder","17":"taxable","18":"shipping-taxable","19":"purchasable","20":"product-type-simple"},"bundled_by":[],"bundle_stock_status":"onbackorder","bundle_stock_quantity":0,"bundle_virtual":false,"bundle_layout":"","bundle_add_to_cart_form_location":"","bundle_editable_in_cart":false,"bundle_sold_individually_context":"","bundle_item_grouping":"","bundle_min_size":"","bundle_max_size":"","bundle_price":[],"bundled_items":[],"bundle_sell_ids":[],"acf":[],"yoast_head":"<!-- This site is optimized with the Yoast SEO plugin v27.0 - https:\/\/yoast.com\/product\/yoast-seo-wordpress\/ -->\n<title>OZZ Gult linsskydd 9&quot; - Xenonkungen<\/title>\n<meta name=\"robots\" content=\"index, follow, max-snippet:-1, max-image-preview:large, max-video-preview:-1\" \/>\n<link rel=\"canonical\" href=\"https:\/\/xenonkungen.com\/no\/produkt\/ozz-gult-linsedeksel-9\/\" \/>\n<meta property=\"og:locale\" content=\"nb_NO\" \/>\n<meta property=\"og:type\" content=\"article\" \/>\n<meta property=\"og:title\" content=\"OZZ Gult linsskydd 9&quot; - Xenonkungen\" \/>\n<meta property=\"og:description\" content=\"Gult Linsskydd fr\u00e5n OZZ: F\u00f6rvandla Ditt Extraljus Estetiskt och Funktionellt F\u00f6rvandla utseendet och funktionen p\u00e5 ditt extraljus med v\u00e5rt gula linsskydd, specialdesignat f\u00f6r OZZ XR2 P 9&#8243;. Tillverkat av h\u00e5llbart polykarbonat, erbjuder detta linsskydd inte bara en estetisk touch av stil utan agerar ocks\u00e5 som ett viktigt skyddande lager f\u00f6r dina lampor. Problemfri Installation Med [&hellip;]\" \/>\n<meta property=\"og:url\" content=\"https:\/\/xenonkungen.com\/no\/produkt\/ozz-gult-linsedeksel-9\/\" \/>\n<meta property=\"og:site_name\" content=\"Xenonkungen\" \/>\n<meta property=\"article:modified_time\" content=\"2026-04-24T15:52:44+00:00\" \/>\n<meta property=\"og:image\" content=\"https:\/\/xenonkungen.com\/wp-content\/uploads\/2025\/04\/Skarmklipp.jpg\" \/>\n\t<meta property=\"og:image:width\" content=\"929\" \/>\n\t<meta property=\"og:image:height\" content=\"710\" \/>\n\t<meta property=\"og:image:type\" content=\"image\/jpeg\" \/>\n<meta name=\"twitter:card\" content=\"summary_large_image\" \/>\n<meta name=\"twitter:label1\" content=\"Ansl. lesetid\" \/>\n\t<meta name=\"twitter:data1\" content=\"1 minutt\" \/>\n<script type=\"application\/ld+json\" class=\"yoast-schema-graph\">{\"@context\":\"https:\/\/schema.org\",\"@graph\":[{\"@type\":\"WebPage\",\"@id\":\"https:\/\/xenonkungen.com\/produkt\/ozz-gult-linsskydd-9\/\",\"url\":\"https:\/\/xenonkungen.com\/produkt\/ozz-gult-linsskydd-9\/\",\"name\":\"OZZ Gult linsskydd 9\\\" - Xenonkungen\",\"isPartOf\":{\"@id\":\"https:\/\/xenonkungen.com\/#website\"},\"primaryImageOfPage\":{\"@id\":\"https:\/\/xenonkungen.com\/produkt\/ozz-gult-linsskydd-9\/#primaryimage\"},\"image\":{\"@id\":\"https:\/\/xenonkungen.com\/produkt\/ozz-gult-linsskydd-9\/#primaryimage\"},\"thumbnailUrl\":\"https:\/\/xenonkungen.com\/wp-content\/uploads\/2025\/04\/Skarmklipp.jpg\",\"datePublished\":\"2025-04-15T08:54:52+00:00\",\"dateModified\":\"2026-04-24T15:52:44+00:00\",\"breadcrumb\":{\"@id\":\"https:\/\/xenonkungen.com\/produkt\/ozz-gult-linsskydd-9\/#breadcrumb\"},\"inLanguage\":\"nb-NO\",\"potentialAction\":[{\"@type\":\"ReadAction\",\"target\":[\"https:\/\/xenonkungen.com\/produkt\/ozz-gult-linsskydd-9\/\"]}]},{\"@type\":\"ImageObject\",\"inLanguage\":\"nb-NO\",\"@id\":\"https:\/\/xenonkungen.com\/produkt\/ozz-gult-linsskydd-9\/#primaryimage\",\"url\":\"https:\/\/xenonkungen.com\/wp-content\/uploads\/2025\/04\/Skarmklipp.jpg\",\"contentUrl\":\"https:\/\/xenonkungen.com\/wp-content\/uploads\/2025\/04\/Skarmklipp.jpg\",\"width\":929,\"height\":710},{\"@type\":\"BreadcrumbList\",\"@id\":\"https:\/\/xenonkungen.com\/produkt\/ozz-gult-linsskydd-9\/#breadcrumb\",\"itemListElement\":[{\"@type\":\"ListItem\",\"position\":1,\"name\":\"Hem\",\"item\":\"https:\/\/xenonkungen.com\/\"},{\"@type\":\"ListItem\",\"position\":2,\"name\":\"Shop\",\"item\":\"https:\/\/xenonkungen.com\/shop\/\"},{\"@type\":\"ListItem\",\"position\":3,\"name\":\"OZZ Gult linsskydd 9&#8243;\"}]},{\"@type\":\"WebSite\",\"@id\":\"https:\/\/xenonkungen.com\/#website\",\"url\":\"https:\/\/xenonkungen.com\/\",\"name\":\"Xenonkungen\",\"description\":\"\",\"potentialAction\":[{\"@type\":\"SearchAction\",\"target\":{\"@type\":\"EntryPoint\",\"urlTemplate\":\"https:\/\/xenonkungen.com\/?s={search_term_string}\"},\"query-input\":{\"@type\":\"PropertyValueSpecification\",\"valueRequired\":true,\"valueName\":\"search_term_string\"}}],\"inLanguage\":\"nb-NO\"}]}<\/script>\n<!-- \/ Yoast SEO plugin. -->","yoast_head_json":{"title":"OZZ Gult linsedeksel 9&quot; - Xenonkungen","robots":{"index":"index","follow":"follow","max-snippet":"max-snippet:-1","max-image-preview":"max-image-preview:large","max-video-preview":"max-video-preview:-1"},"canonical":"https:\/\/xenonkungen.com\/no\/produkt\/ozz-gult-linsedeksel-9\/","og_locale":"nb_NO","og_type":"article","og_title":"OZZ Gult linsskydd 9\" - Xenonkungen","og_description":"Gult Linsskydd fr\u00e5n OZZ: F\u00f6rvandla Ditt Extraljus Estetiskt och Funktionellt F\u00f6rvandla utseendet och funktionen p\u00e5 ditt extraljus med v\u00e5rt gula linsskydd, specialdesignat f\u00f6r OZZ XR2 P 9&#8243;. Tillverkat av h\u00e5llbart polykarbonat, erbjuder detta linsskydd inte bara en estetisk touch av stil utan agerar ocks\u00e5 som ett viktigt skyddande lager f\u00f6r dina lampor. Problemfri Installation Med [&hellip;]","og_url":"https:\/\/xenonkungen.com\/no\/produkt\/ozz-gult-linsedeksel-9\/","og_site_name":"Xenonkungen","article_modified_time":"2026-04-24T15:52:44+00:00","og_image":[{"width":929,"height":710,"url":"https:\/\/xenonkungen.com\/wp-content\/uploads\/2025\/04\/Skarmklipp.jpg","type":"image\/jpeg"}],"twitter_card":"summary_large_image","twitter_misc":{"Ansl. lesetid":"1 minutt"},"schema":{"@context":"https:\/\/schema.org","@graph":[{"@type":"WebPage","@id":"https:\/\/xenonkungen.com\/produkt\/ozz-gult-linsskydd-9\/","url":"https:\/\/xenonkungen.com\/produkt\/ozz-gult-linsskydd-9\/","name":"OZZ Gult linsedeksel 9&quot; - Xenonkungen","isPartOf":{"@id":"https:\/\/xenonkungen.com\/#website"},"primaryImageOfPage":{"@id":"https:\/\/xenonkungen.com\/produkt\/ozz-gult-linsskydd-9\/#primaryimage"},"image":{"@id":"https:\/\/xenonkungen.com\/produkt\/ozz-gult-linsskydd-9\/#primaryimage"},"thumbnailUrl":"https:\/\/xenonkungen.com\/wp-content\/uploads\/2025\/04\/Skarmklipp.jpg","datePublished":"2025-04-15T08:54:52+00:00","dateModified":"2026-04-24T15:52:44+00:00","breadcrumb":{"@id":"https:\/\/xenonkungen.com\/produkt\/ozz-gult-linsskydd-9\/#breadcrumb"},"inLanguage":"nb-NO","potentialAction":[{"@type":"ReadAction","target":["https:\/\/xenonkungen.com\/produkt\/ozz-gult-linsskydd-9\/"]}]},{"@type":"ImageObject","inLanguage":"nb-NO","@id":"https:\/\/xenonkungen.com\/produkt\/ozz-gult-linsskydd-9\/#primaryimage","url":"https:\/\/xenonkungen.com\/wp-content\/uploads\/2025\/04\/Skarmklipp.jpg","contentUrl":"https:\/\/xenonkungen.com\/wp-content\/uploads\/2025\/04\/Skarmklipp.jpg","width":929,"height":710},{"@type":"BreadcrumbList","@id":"https:\/\/xenonkungen.com\/produkt\/ozz-gult-linsskydd-9\/#breadcrumb","itemListElement":[{"@type":"ListItem","position":1,"name":"Hem","item":"https:\/\/xenonkungen.com\/"},{"@type":"ListItem","position":2,"name":"Shop","item":"https:\/\/xenonkungen.com\/shop\/"},{"@type":"ListItem","position":3,"name":"OZZ Gult linsskydd 9&#8243;"}]},{"@type":"WebSite","@id":"https:\/\/xenonkungen.com\/#website","url":"https:\/\/xenonkungen.com\/","name":"Xenonkungen","description":"","potentialAction":[{"@type":"SearchAction","target":{"@type":"EntryPoint","urlTemplate":"https:\/\/xenonkungen.com\/?s={search_term_string}"},"query-input":{"@type":"PropertyValueSpecification","valueRequired":true,"valueName":"search_term_string"}}],"inLanguage":"nb-NO"}]}},"taxonomy_info":{"product_brand":[{"value":1051,"label":"OZZ"}],"product_cat":[{"value":2545,"label":"INSTALLATION"},{"value":2546,"label":"\u00d6vriga Tillbeh\u00f6r"},{"value":142,"label":"Extraljus"},{"value":1048,"label":"Linsskydd"}],"product_tag":[{"value":2788,"label":"black-week-exclude"}],"pa_fargtemperatur":[{"value":1117,"label":"Yellow"}],"pa_storlek-mm":[{"value":1116,"label":"290x225x40"}]},"featured_image_src_large":["https:\/\/xenonkungen.com\/wp-content\/uploads\/2025\/04\/Skarmklipp.jpg",929,710,false],"author_info":[],"comment_info":0,"_links":{"self":[{"href":"https:\/\/xenonkungen.com\/no\/wp-json\/wp\/v2\/product\/3359","targetHints":{"allow":["GET"]}}],"collection":[{"href":"https:\/\/xenonkungen.com\/no\/wp-json\/wp\/v2\/product"}],"about":[{"href":"https:\/\/xenonkungen.com\/no\/wp-json\/wp\/v2\/types\/product"}],"replies":[{"embeddable":true,"href":"https:\/\/xenonkungen.com\/no\/wp-json\/wp\/v2\/comments?post=3359"}],"wp:featuredmedia":[{"embeddable":true,"href":"https:\/\/xenonkungen.com\/no\/wp-json\/wp\/v2\/media\/3360"}],"wp:attachment":[{"href":"https:\/\/xenonkungen.com\/no\/wp-json\/wp\/v2\/media?parent=3359"}],"wp:term":[{"taxonomy":"anvandningsomrade","embeddable":true,"href":"https:\/\/xenonkungen.com\/no\/wp-json\/wp\/v2\/anvandningsomrade?post=3359"},{"taxonomy":"bilmarken","embeddable":true,"href":"https:\/\/xenonkungen.com\/no\/wp-json\/wp\/v2\/bilmarken?post=3359"},{"taxonomy":"product_brand","embeddable":true,"href":"https:\/\/xenonkungen.com\/no\/wp-json\/wp\/v2\/product_brand?post=3359"},{"taxonomy":"product_cat","embeddable":true,"href":"https:\/\/xenonkungen.com\/no\/wp-json\/wp\/v2\/product_cat?post=3359"},{"taxonomy":"product_tag","embeddable":true,"href":"https:\/\/xenonkungen.com\/no\/wp-json\/wp\/v2\/product_tag?post=3359"}],"curies":[{"name":"wp","href":"https:\/\/api.w.org\/{rel}","templated":true}]}}