{"id":3541,"date":"2025-04-15T08:58:10","date_gmt":"2025-04-15T08:58:10","guid":{"rendered":"https:\/\/xenonkungen.com\/product\/arbetslampa-abl-sl-1000-fl-no-glare\/"},"modified":"2026-04-24T16:51:07","modified_gmt":"2026-04-24T15:51:07","slug":"arbeidslampe-abl-sl-1000-fl-uten-blendning","status":"publish","type":"product","link":"https:\/\/xenonkungen.com\/no\/produkt\/arbeidslampe-abl-sl-1000-fl-uten-blendning\/","title":{"rendered":"Arbeidslampe ABL SL 1000 FL NO GLARE"},"content":{"rendered":"<h1>ABL SL 1000 FL NO GLARE: Blendfri, ADR-godkjent LED-arbeidslys<\/h1>\n<p>ABL SL 1000 FL NO GLARE er en ADR-godkjent LED-arbeidslykt av h\u00f8yeste kvalitet, designet for \u00e5 oppfylle og overg\u00e5 de strenge kravene i bransjen. Denne f\u00f8rsteklasses arbeidslykten gir en effektiv lysfordeling i et kompakt format, uten \u00e5 blende.<\/p>\n<h2>Smart lint\u00f8ykonstruksjon og kompakt format<\/h2>\n<p>Takket v\u00e6re linsens smarte design gir arbeidslykten en jevn spredning av lyset, akkurat der det trengs, rundt kj\u00f8ret\u00f8yet. Til tross for sin kompakte st\u00f8rrelse p\u00e5 bare 57 mm i dybden er denne arbeidslykten et kraftverk av h\u00f8yeste kvalitet.<\/p>\n<h2>Testet og produsert i Europa<\/h2>\n<p>ABL SL NO GLARE har gjennomg\u00e5tt strenge tekniske testmetoder og tilbyr den h\u00f8yeste effektivitet og holdbarhet, selv under de t\u00f8ffeste driftsforhold. Alle komponenter er produsert og testet i Europa, noe som sikrer h\u00f8yeste kvalitet.<\/p>\n<h2>Enkel tilkobling og EMC-kompatibel<\/h2>\n<p>Med innebygd 2-pinners DT-kontakt for enkel tilkobling og kompatibilitet med flere EMC-standarder, inkludert ISO 13766, ISO 14982, ISO 12985 og CISPR25 klasse 5, er denne arbeidslampen perfekt egnet for b\u00e5de profesjonelle og industrielle bruksomr\u00e5der.<\/p>\n<h2>Fem \u00e5rs garanti<\/h2>\n<p>Med fem \u00e5rs garanti kan du v\u00e6re sikker p\u00e5 at din ABL SL 1000 FL NO GLARE-arbeidslampe vil oppfylle dine behov i lang tid fremover.<\/p>","protected":false},"excerpt":{"rendered":"<p>ABL SL 1000 FL NO GLARE: Bl\u00e4ndfri, ADR-godk\u00e4nd LED Arbetsbelysning ABL SL 1000 FL NO GLARE \u00e4r en ADR-godk\u00e4nd LED arbetslampa av h\u00f6gsta kvalitet, utformad f\u00f6r att uppfylla och \u00f6vertr\u00e4ffa branschens str\u00e4nga krav. Denna premium arbetsbelysning erbjuder en effektiv ljusspridning, i ett kompakt format, utan att bl\u00e4nda. Smart Linskonstruktion och Kompakt Format Tack vare linsens [&hellip;]<\/p>","protected":false},"featured_media":3542,"comment_status":"closed","ping_status":"open","template":"","meta":{"_acf_changed":false,"_smort_price_nok":"1132","_smort_price_dkk":"719","_smort_price_eur":"96.36","_smort_sale_price_nok":"","_smort_sale_price_dkk":"","_smort_sale_price_eur":"","smort_restorder":"","shipmondo_restorder":"","_kad_blocks_custom_css":"","_kad_blocks_head_custom_js":"","_kad_blocks_body_custom_js":"","_kad_blocks_footer_custom_js":"","smort_custom_pricelist_1":"678.4","smort_custom_pricelist_2":"593.6","smort_custom_pricelist_3":"563.92","smort_custom_pricelist_4":"848","smort_custom_pricelist_5":"593.6"},"anvandningsomrade":[],"bilmarken":[],"product_brand":[],"product_cat":[508],"product_tag":[2788],"class_list":{"0":"post-3541","1":"product","2":"type-product","3":"status-publish","4":"has-post-thumbnail","6":"product_cat-arbetsbelysning","7":"product_tag-black-week-exclude","8":"pa_fargtemperatur-6000k","9":"pa_fuktskydd-varde-ipxx-ip69k","10":"pa_godkannande-emc-iso-13766-iso-14982-iso-12985-cispr25-class-5","11":"pa_lampsockel-kontakt-dt","12":"pa_led-chips-effekt-w-1167","13":"pa_storlek-mm-101x97x57","14":"pa_stromforbrukning-058a24v","15":"pa_volt-v-12-24","17":"first","18":"onbackorder","19":"taxable","20":"shipping-taxable","21":"purchasable","22":"product-type-simple"},"bundled_by":[],"bundle_stock_status":"onbackorder","bundle_stock_quantity":0,"bundle_virtual":false,"bundle_layout":"","bundle_add_to_cart_form_location":"","bundle_editable_in_cart":false,"bundle_sold_individually_context":"","bundle_item_grouping":"","bundle_min_size":"","bundle_max_size":"","bundle_price":[],"bundled_items":[],"bundle_sell_ids":[],"acf":[],"yoast_head":"<!-- This site is optimized with the Yoast SEO plugin v27.0 - https:\/\/yoast.com\/product\/yoast-seo-wordpress\/ -->\n<title>Arbetslampa ABL SL 1000 FL NO GLARE - Xenonkungen<\/title>\n<meta name=\"robots\" content=\"index, follow, max-snippet:-1, max-image-preview:large, max-video-preview:-1\" \/>\n<link rel=\"canonical\" href=\"https:\/\/xenonkungen.com\/no\/produkt\/arbeidslampe-abl-sl-1000-fl-uten-blendning\/\" \/>\n<meta property=\"og:locale\" content=\"nb_NO\" \/>\n<meta property=\"og:type\" content=\"article\" \/>\n<meta property=\"og:title\" content=\"Arbetslampa ABL SL 1000 FL NO GLARE - Xenonkungen\" \/>\n<meta property=\"og:description\" content=\"ABL SL 1000 FL NO GLARE: Bl\u00e4ndfri, ADR-godk\u00e4nd LED Arbetsbelysning ABL SL 1000 FL NO GLARE \u00e4r en ADR-godk\u00e4nd LED arbetslampa av h\u00f6gsta kvalitet, utformad f\u00f6r att uppfylla och \u00f6vertr\u00e4ffa branschens str\u00e4nga krav. Denna premium arbetsbelysning erbjuder en effektiv ljusspridning, i ett kompakt format, utan att bl\u00e4nda. Smart Linskonstruktion och Kompakt Format Tack vare linsens [&hellip;]\" \/>\n<meta property=\"og:url\" content=\"https:\/\/xenonkungen.com\/no\/produkt\/arbeidslampe-abl-sl-1000-fl-uten-blendning\/\" \/>\n<meta property=\"og:site_name\" content=\"Xenonkungen\" \/>\n<meta property=\"article:modified_time\" content=\"2026-04-24T15:51:07+00:00\" \/>\n<meta property=\"og:image\" content=\"https:\/\/xenonkungen.com\/wp-content\/uploads\/2025\/04\/273-614_itemimage_mainfront.jpg\" \/>\n\t<meta property=\"og:image:width\" content=\"2048\" \/>\n\t<meta property=\"og:image:height\" content=\"1536\" \/>\n\t<meta property=\"og:image:type\" content=\"image\/jpeg\" \/>\n<meta name=\"twitter:card\" content=\"summary_large_image\" \/>\n<meta name=\"twitter:label1\" content=\"Ansl. lesetid\" \/>\n\t<meta name=\"twitter:data1\" content=\"1 minutt\" \/>\n<script type=\"application\/ld+json\" class=\"yoast-schema-graph\">{\"@context\":\"https:\/\/schema.org\",\"@graph\":[{\"@type\":\"WebPage\",\"@id\":\"https:\/\/xenonkungen.com\/produkt\/arbetslampa-abl-sl-1000-fl-no-glare\/\",\"url\":\"https:\/\/xenonkungen.com\/produkt\/arbetslampa-abl-sl-1000-fl-no-glare\/\",\"name\":\"Arbetslampa ABL SL 1000 FL NO GLARE - Xenonkungen\",\"isPartOf\":{\"@id\":\"https:\/\/xenonkungen.com\/#website\"},\"primaryImageOfPage\":{\"@id\":\"https:\/\/xenonkungen.com\/produkt\/arbetslampa-abl-sl-1000-fl-no-glare\/#primaryimage\"},\"image\":{\"@id\":\"https:\/\/xenonkungen.com\/produkt\/arbetslampa-abl-sl-1000-fl-no-glare\/#primaryimage\"},\"thumbnailUrl\":\"https:\/\/xenonkungen.com\/wp-content\/uploads\/2025\/04\/273-614_itemimage_mainfront.jpg\",\"datePublished\":\"2025-04-15T08:58:10+00:00\",\"dateModified\":\"2026-04-24T15:51:07+00:00\",\"breadcrumb\":{\"@id\":\"https:\/\/xenonkungen.com\/produkt\/arbetslampa-abl-sl-1000-fl-no-glare\/#breadcrumb\"},\"inLanguage\":\"nb-NO\",\"potentialAction\":[{\"@type\":\"ReadAction\",\"target\":[\"https:\/\/xenonkungen.com\/produkt\/arbetslampa-abl-sl-1000-fl-no-glare\/\"]}]},{\"@type\":\"ImageObject\",\"inLanguage\":\"nb-NO\",\"@id\":\"https:\/\/xenonkungen.com\/produkt\/arbetslampa-abl-sl-1000-fl-no-glare\/#primaryimage\",\"url\":\"https:\/\/xenonkungen.com\/wp-content\/uploads\/2025\/04\/273-614_itemimage_mainfront.jpg\",\"contentUrl\":\"https:\/\/xenonkungen.com\/wp-content\/uploads\/2025\/04\/273-614_itemimage_mainfront.jpg\",\"width\":2048,\"height\":1536},{\"@type\":\"BreadcrumbList\",\"@id\":\"https:\/\/xenonkungen.com\/produkt\/arbetslampa-abl-sl-1000-fl-no-glare\/#breadcrumb\",\"itemListElement\":[{\"@type\":\"ListItem\",\"position\":1,\"name\":\"Hem\",\"item\":\"https:\/\/xenonkungen.com\/\"},{\"@type\":\"ListItem\",\"position\":2,\"name\":\"Shop\",\"item\":\"https:\/\/xenonkungen.com\/shop\/\"},{\"@type\":\"ListItem\",\"position\":3,\"name\":\"Arbetslampa ABL SL 1000 FL NO GLARE\"}]},{\"@type\":\"WebSite\",\"@id\":\"https:\/\/xenonkungen.com\/#website\",\"url\":\"https:\/\/xenonkungen.com\/\",\"name\":\"Xenonkungen\",\"description\":\"\",\"potentialAction\":[{\"@type\":\"SearchAction\",\"target\":{\"@type\":\"EntryPoint\",\"urlTemplate\":\"https:\/\/xenonkungen.com\/?s={search_term_string}\"},\"query-input\":{\"@type\":\"PropertyValueSpecification\",\"valueRequired\":true,\"valueName\":\"search_term_string\"}}],\"inLanguage\":\"nb-NO\"}]}<\/script>\n<!-- \/ Yoast SEO plugin. -->","yoast_head_json":{"title":"Arbeidslampe ABL SL 1000 FL UTEN BLENDING - Xenonkungen","robots":{"index":"index","follow":"follow","max-snippet":"max-snippet:-1","max-image-preview":"max-image-preview:large","max-video-preview":"max-video-preview:-1"},"canonical":"https:\/\/xenonkungen.com\/no\/produkt\/arbeidslampe-abl-sl-1000-fl-uten-blendning\/","og_locale":"nb_NO","og_type":"article","og_title":"Arbetslampa ABL SL 1000 FL NO GLARE - Xenonkungen","og_description":"ABL SL 1000 FL NO GLARE: Bl\u00e4ndfri, ADR-godk\u00e4nd LED Arbetsbelysning ABL SL 1000 FL NO GLARE \u00e4r en ADR-godk\u00e4nd LED arbetslampa av h\u00f6gsta kvalitet, utformad f\u00f6r att uppfylla och \u00f6vertr\u00e4ffa branschens str\u00e4nga krav. Denna premium arbetsbelysning erbjuder en effektiv ljusspridning, i ett kompakt format, utan att bl\u00e4nda. Smart Linskonstruktion och Kompakt Format Tack vare linsens [&hellip;]","og_url":"https:\/\/xenonkungen.com\/no\/produkt\/arbeidslampe-abl-sl-1000-fl-uten-blendning\/","og_site_name":"Xenonkungen","article_modified_time":"2026-04-24T15:51:07+00:00","og_image":[{"width":2048,"height":1536,"url":"https:\/\/xenonkungen.com\/wp-content\/uploads\/2025\/04\/273-614_itemimage_mainfront.jpg","type":"image\/jpeg"}],"twitter_card":"summary_large_image","twitter_misc":{"Ansl. lesetid":"1 minutt"},"schema":{"@context":"https:\/\/schema.org","@graph":[{"@type":"WebPage","@id":"https:\/\/xenonkungen.com\/produkt\/arbetslampa-abl-sl-1000-fl-no-glare\/","url":"https:\/\/xenonkungen.com\/produkt\/arbetslampa-abl-sl-1000-fl-no-glare\/","name":"Arbeidslampe ABL SL 1000 FL UTEN BLENDING - Xenonkungen","isPartOf":{"@id":"https:\/\/xenonkungen.com\/#website"},"primaryImageOfPage":{"@id":"https:\/\/xenonkungen.com\/produkt\/arbetslampa-abl-sl-1000-fl-no-glare\/#primaryimage"},"image":{"@id":"https:\/\/xenonkungen.com\/produkt\/arbetslampa-abl-sl-1000-fl-no-glare\/#primaryimage"},"thumbnailUrl":"https:\/\/xenonkungen.com\/wp-content\/uploads\/2025\/04\/273-614_itemimage_mainfront.jpg","datePublished":"2025-04-15T08:58:10+00:00","dateModified":"2026-04-24T15:51:07+00:00","breadcrumb":{"@id":"https:\/\/xenonkungen.com\/produkt\/arbetslampa-abl-sl-1000-fl-no-glare\/#breadcrumb"},"inLanguage":"nb-NO","potentialAction":[{"@type":"ReadAction","target":["https:\/\/xenonkungen.com\/produkt\/arbetslampa-abl-sl-1000-fl-no-glare\/"]}]},{"@type":"ImageObject","inLanguage":"nb-NO","@id":"https:\/\/xenonkungen.com\/produkt\/arbetslampa-abl-sl-1000-fl-no-glare\/#primaryimage","url":"https:\/\/xenonkungen.com\/wp-content\/uploads\/2025\/04\/273-614_itemimage_mainfront.jpg","contentUrl":"https:\/\/xenonkungen.com\/wp-content\/uploads\/2025\/04\/273-614_itemimage_mainfront.jpg","width":2048,"height":1536},{"@type":"BreadcrumbList","@id":"https:\/\/xenonkungen.com\/produkt\/arbetslampa-abl-sl-1000-fl-no-glare\/#breadcrumb","itemListElement":[{"@type":"ListItem","position":1,"name":"Hem","item":"https:\/\/xenonkungen.com\/"},{"@type":"ListItem","position":2,"name":"Shop","item":"https:\/\/xenonkungen.com\/shop\/"},{"@type":"ListItem","position":3,"name":"Arbetslampa ABL SL 1000 FL NO GLARE"}]},{"@type":"WebSite","@id":"https:\/\/xenonkungen.com\/#website","url":"https:\/\/xenonkungen.com\/","name":"Xenonkungen","description":"","potentialAction":[{"@type":"SearchAction","target":{"@type":"EntryPoint","urlTemplate":"https:\/\/xenonkungen.com\/?s={search_term_string}"},"query-input":{"@type":"PropertyValueSpecification","valueRequired":true,"valueName":"search_term_string"}}],"inLanguage":"nb-NO"}]}},"taxonomy_info":{"product_cat":[{"value":508,"label":"Arbetsbelysning"}],"product_tag":[{"value":2788,"label":"black-week-exclude"}],"pa_fargtemperatur":[{"value":188,"label":"6000K"}],"pa_fuktskydd-varde-ipxx":[{"value":155,"label":"IP69K"}],"pa_godkannande":[{"value":1165,"label":"EMC: ISO 13766 - ISO 14982 - ISO 12985 - CISPR25 Class 5"}],"pa_lampsockel-kontakt":[{"value":329,"label":"DT"}],"pa_led-chips-effekt-w":[{"value":1167,"label":"14"}],"pa_storlek-mm":[{"value":1166,"label":"101x97x57"}],"pa_stromforbrukning":[{"value":1168,"label":"0,58A@24V"}],"pa_volt-v":[{"value":348,"label":"12, 24"}]},"featured_image_src_large":["https:\/\/xenonkungen.com\/wp-content\/uploads\/2025\/04\/273-614_itemimage_mainfront-1024x768.jpg",1024,768,true],"author_info":[],"comment_info":0,"_links":{"self":[{"href":"https:\/\/xenonkungen.com\/no\/wp-json\/wp\/v2\/product\/3541","targetHints":{"allow":["GET"]}}],"collection":[{"href":"https:\/\/xenonkungen.com\/no\/wp-json\/wp\/v2\/product"}],"about":[{"href":"https:\/\/xenonkungen.com\/no\/wp-json\/wp\/v2\/types\/product"}],"replies":[{"embeddable":true,"href":"https:\/\/xenonkungen.com\/no\/wp-json\/wp\/v2\/comments?post=3541"}],"wp:featuredmedia":[{"embeddable":true,"href":"https:\/\/xenonkungen.com\/no\/wp-json\/wp\/v2\/media\/3542"}],"wp:attachment":[{"href":"https:\/\/xenonkungen.com\/no\/wp-json\/wp\/v2\/media?parent=3541"}],"wp:term":[{"taxonomy":"anvandningsomrade","embeddable":true,"href":"https:\/\/xenonkungen.com\/no\/wp-json\/wp\/v2\/anvandningsomrade?post=3541"},{"taxonomy":"bilmarken","embeddable":true,"href":"https:\/\/xenonkungen.com\/no\/wp-json\/wp\/v2\/bilmarken?post=3541"},{"taxonomy":"product_brand","embeddable":true,"href":"https:\/\/xenonkungen.com\/no\/wp-json\/wp\/v2\/product_brand?post=3541"},{"taxonomy":"product_cat","embeddable":true,"href":"https:\/\/xenonkungen.com\/no\/wp-json\/wp\/v2\/product_cat?post=3541"},{"taxonomy":"product_tag","embeddable":true,"href":"https:\/\/xenonkungen.com\/no\/wp-json\/wp\/v2\/product_tag?post=3541"}],"curies":[{"name":"wp","href":"https:\/\/api.w.org\/{rel}","templated":true}]}}