{"id":3612,"date":"2025-04-15T09:00:40","date_gmt":"2025-04-15T09:00:40","guid":{"rendered":"https:\/\/xenonkungen.com\/product\/briodlights-edge-extraljusramp-30-2-0-762-mm-vinklad\/"},"modified":"2026-04-24T16:51:35","modified_gmt":"2026-04-24T15:51:35","slug":"briodlights-edge-ekstra-lyslist-30-2-0-762-mm-vinklet","status":"publish","type":"product","link":"https:\/\/xenonkungen.com\/no\/produkt\/briodlights-edge-ekstra-lyslist-30-2-0-762-mm-vinklet\/","title":{"rendered":"BriodLights Edge Extra Light Ramp 30\u2033 2,0 (762 mm) vinklet"},"content":{"rendered":"<h1>BriodLights Edge LED ekstra lysramme - for optimal lysytelse og sofistikert design<\/h1>\n<p>Den nye 762 mm BriodLights Edge LED ekstralysbjelken er designet med en vinklet front som gir en aerodynamisk profil. Denne unike designen eliminerer luftmotstand og forhindrer at smuss og sn\u00f8 fester seg til overflaten. En spennende oppgradering i den oppdaterte Edge-rampen er det integrerte hvite posisjonslyset, som gir et stilig og moderne utseende. Du kan velge \u00e5 aktivere eller deaktivere posisjonslyset under installasjonen, noe som gir deg ekstra fleksibilitet.<\/p>\n<p>BriodLights Edges avanserte optikk s\u00f8rger for jevn og effektiv lysfordeling langs veibanen, uten s\u00f8lelys opp eller ned. Den imponerende lyseffekten p\u00e5 7060 lumen (8700 lumen med boost-funksjon) for 762 mm-rampen og 9800 lumen (11600 lumen med boost-funksjon) for de lengre modellene, s\u00f8rger for at lyset n\u00e5r n\u00f8yaktig dit det trengs.<\/p>\n<p>Den slanke designen gir en diskret og sofistikert estetikk med sine minimale dimensjoner og sitt m\u00f8rke utseende. Leveransen inkluderer sidebraketter samt justerbare bakre braketter, slik at du kan tilpasse monteringen til dine spesifikke behov.<\/p>\n<p>BriodLights Edge LED-flomlys har ikke bare imponerende ytelse og sofistikert design, men leveres ogs\u00e5 med 3 \u00e5rs funksjonsgaranti. Du kan v\u00e6re trygg p\u00e5 at du f\u00e5r et p\u00e5litelig og holdbart produkt til dine belysningsbehov.<\/p>","protected":false},"excerpt":{"rendered":"<p>BriodLights Edge LED extraljusramp &#8211; F\u00f6r optimal ljusprestanda och sofistikerad design Den nya BriodLights Edge LED extraljusrampen i l\u00e4ngden 762 mm \u00e4r utformad med en vinklad front som ger en aerodynamisk profil. Denna unika design eliminerar luftmotst\u00e5nd och f\u00f6rhindrar att smuts och sn\u00f6 fastnar p\u00e5 ytan. En sp\u00e4nnande uppgradering i den uppdaterade Edge-rampen \u00e4r det [&hellip;]<\/p>","protected":false},"featured_media":3613,"comment_status":"closed","ping_status":"open","template":"","meta":{"_acf_changed":false,"_smort_price_nok":"5869","_smort_price_dkk":"3729","_smort_price_eur":"499.52","_smort_sale_price_nok":"","_smort_sale_price_dkk":"","_smort_sale_price_eur":"","smort_restorder":"","shipmondo_restorder":"","_kad_blocks_custom_css":"","_kad_blocks_head_custom_js":"","_kad_blocks_body_custom_js":"","_kad_blocks_footer_custom_js":"","smort_custom_pricelist_1":"3516.8","smort_custom_pricelist_2":"3077.2","smort_custom_pricelist_3":"2923.34","smort_custom_pricelist_4":"4396","smort_custom_pricelist_5":"3077.2"},"anvandningsomrade":[],"bilmarken":[],"product_brand":[92],"product_cat":[2966,2539],"product_tag":[2788],"class_list":{"0":"post-3612","1":"product","2":"type-product","3":"status-publish","4":"has-post-thumbnail","6":"product_brand-briodlights","7":"product_cat-ledramp-rak","8":"product_cat-ledramper","9":"product_tag-black-week-exclude","10":"pa_fargtemperatur-5000k","11":"pa_fuktskydd-varde-ipxx-ip69","12":"pa_godkannande-e-godkand-r10","13":"pa_led-chips-effekt-w-1194","14":"pa_ljusbild-driving-combo","15":"pa_storlek-mm-764x385x67","16":"pa_stromforbrukning-13a12v","17":"pa_stromforbrukning-58a24v","18":"pa_volt-v-multivolt-9-12-16-18-24-28-30-33","20":"first","21":"onbackorder","22":"taxable","23":"shipping-taxable","24":"purchasable","25":"product-type-simple"},"bundled_by":[],"bundle_stock_status":"onbackorder","bundle_stock_quantity":0,"bundle_virtual":false,"bundle_layout":"","bundle_add_to_cart_form_location":"","bundle_editable_in_cart":false,"bundle_sold_individually_context":"","bundle_item_grouping":"","bundle_min_size":"","bundle_max_size":"","bundle_price":[],"bundled_items":[],"bundle_sell_ids":[],"acf":[],"yoast_head":"<!-- This site is optimized with the Yoast SEO plugin v27.0 - https:\/\/yoast.com\/product\/yoast-seo-wordpress\/ -->\n<title>BriodLights Edge Extraljusramp 30&quot; 2.0 (762 mm) vinklad - Xenonkungen<\/title>\n<meta name=\"robots\" content=\"index, follow, max-snippet:-1, max-image-preview:large, max-video-preview:-1\" \/>\n<link rel=\"canonical\" href=\"https:\/\/xenonkungen.com\/no\/produkt\/briodlights-edge-ekstra-lyslist-30-2-0-762-mm-vinklet\/\" \/>\n<meta property=\"og:locale\" content=\"nb_NO\" \/>\n<meta property=\"og:type\" content=\"article\" \/>\n<meta property=\"og:title\" content=\"BriodLights Edge Extraljusramp 30&quot; 2.0 (762 mm) vinklad - Xenonkungen\" \/>\n<meta property=\"og:description\" content=\"BriodLights Edge LED extraljusramp &#8211; F\u00f6r optimal ljusprestanda och sofistikerad design Den nya BriodLights Edge LED extraljusrampen i l\u00e4ngden 762 mm \u00e4r utformad med en vinklad front som ger en aerodynamisk profil. Denna unika design eliminerar luftmotst\u00e5nd och f\u00f6rhindrar att smuts och sn\u00f6 fastnar p\u00e5 ytan. En sp\u00e4nnande uppgradering i den uppdaterade Edge-rampen \u00e4r det [&hellip;]\" \/>\n<meta property=\"og:url\" content=\"https:\/\/xenonkungen.com\/no\/produkt\/briodlights-edge-ekstra-lyslist-30-2-0-762-mm-vinklet\/\" \/>\n<meta property=\"og:site_name\" content=\"Xenonkungen\" \/>\n<meta property=\"article:modified_time\" content=\"2026-04-24T15:51:35+00:00\" \/>\n<meta property=\"og:image\" content=\"https:\/\/xenonkungen.com\/wp-content\/uploads\/2025\/04\/203994021-origpic-19726e.jpg\" \/>\n\t<meta property=\"og:image:width\" content=\"2048\" \/>\n\t<meta property=\"og:image:height\" content=\"1536\" \/>\n\t<meta property=\"og:image:type\" content=\"image\/jpeg\" \/>\n<meta name=\"twitter:card\" content=\"summary_large_image\" \/>\n<meta name=\"twitter:label1\" content=\"Ansl. lesetid\" \/>\n\t<meta name=\"twitter:data1\" content=\"1 minutt\" \/>\n<script type=\"application\/ld+json\" class=\"yoast-schema-graph\">{\"@context\":\"https:\/\/schema.org\",\"@graph\":[{\"@type\":\"WebPage\",\"@id\":\"https:\/\/xenonkungen.com\/produkt\/briodlights-edge-extraljusramp-30-2-0-762-mm-vinklad\/\",\"url\":\"https:\/\/xenonkungen.com\/produkt\/briodlights-edge-extraljusramp-30-2-0-762-mm-vinklad\/\",\"name\":\"BriodLights Edge Extraljusramp 30\\\" 2.0 (762 mm) vinklad - Xenonkungen\",\"isPartOf\":{\"@id\":\"https:\/\/xenonkungen.com\/#website\"},\"primaryImageOfPage\":{\"@id\":\"https:\/\/xenonkungen.com\/produkt\/briodlights-edge-extraljusramp-30-2-0-762-mm-vinklad\/#primaryimage\"},\"image\":{\"@id\":\"https:\/\/xenonkungen.com\/produkt\/briodlights-edge-extraljusramp-30-2-0-762-mm-vinklad\/#primaryimage\"},\"thumbnailUrl\":\"https:\/\/xenonkungen.com\/wp-content\/uploads\/2025\/04\/203994021-origpic-19726e.jpg\",\"datePublished\":\"2025-04-15T09:00:40+00:00\",\"dateModified\":\"2026-04-24T15:51:35+00:00\",\"breadcrumb\":{\"@id\":\"https:\/\/xenonkungen.com\/produkt\/briodlights-edge-extraljusramp-30-2-0-762-mm-vinklad\/#breadcrumb\"},\"inLanguage\":\"nb-NO\",\"potentialAction\":[{\"@type\":\"ReadAction\",\"target\":[\"https:\/\/xenonkungen.com\/produkt\/briodlights-edge-extraljusramp-30-2-0-762-mm-vinklad\/\"]}]},{\"@type\":\"ImageObject\",\"inLanguage\":\"nb-NO\",\"@id\":\"https:\/\/xenonkungen.com\/produkt\/briodlights-edge-extraljusramp-30-2-0-762-mm-vinklad\/#primaryimage\",\"url\":\"https:\/\/xenonkungen.com\/wp-content\/uploads\/2025\/04\/203994021-origpic-19726e.jpg\",\"contentUrl\":\"https:\/\/xenonkungen.com\/wp-content\/uploads\/2025\/04\/203994021-origpic-19726e.jpg\",\"width\":2048,\"height\":1536},{\"@type\":\"BreadcrumbList\",\"@id\":\"https:\/\/xenonkungen.com\/produkt\/briodlights-edge-extraljusramp-30-2-0-762-mm-vinklad\/#breadcrumb\",\"itemListElement\":[{\"@type\":\"ListItem\",\"position\":1,\"name\":\"Hem\",\"item\":\"https:\/\/xenonkungen.com\/\"},{\"@type\":\"ListItem\",\"position\":2,\"name\":\"Shop\",\"item\":\"https:\/\/xenonkungen.com\/shop\/\"},{\"@type\":\"ListItem\",\"position\":3,\"name\":\"BriodLights Edge Extraljusramp 30&#8243; 2.0 (762 mm) vinklad\"}]},{\"@type\":\"WebSite\",\"@id\":\"https:\/\/xenonkungen.com\/#website\",\"url\":\"https:\/\/xenonkungen.com\/\",\"name\":\"Xenonkungen\",\"description\":\"\",\"potentialAction\":[{\"@type\":\"SearchAction\",\"target\":{\"@type\":\"EntryPoint\",\"urlTemplate\":\"https:\/\/xenonkungen.com\/?s={search_term_string}\"},\"query-input\":{\"@type\":\"PropertyValueSpecification\",\"valueRequired\":true,\"valueName\":\"search_term_string\"}}],\"inLanguage\":\"nb-NO\"}]}<\/script>\n<!-- \/ Yoast SEO plugin. -->","yoast_head_json":{"title":"BriodLights Edge Ekstralysbjelke 30&quot; 2.0 (762 mm) vinklet - Xenonkungen","robots":{"index":"index","follow":"follow","max-snippet":"max-snippet:-1","max-image-preview":"max-image-preview:large","max-video-preview":"max-video-preview:-1"},"canonical":"https:\/\/xenonkungen.com\/no\/produkt\/briodlights-edge-ekstra-lyslist-30-2-0-762-mm-vinklet\/","og_locale":"nb_NO","og_type":"article","og_title":"BriodLights Edge Extraljusramp 30\" 2.0 (762 mm) vinklad - Xenonkungen","og_description":"BriodLights Edge LED extraljusramp &#8211; F\u00f6r optimal ljusprestanda och sofistikerad design Den nya BriodLights Edge LED extraljusrampen i l\u00e4ngden 762 mm \u00e4r utformad med en vinklad front som ger en aerodynamisk profil. Denna unika design eliminerar luftmotst\u00e5nd och f\u00f6rhindrar att smuts och sn\u00f6 fastnar p\u00e5 ytan. En sp\u00e4nnande uppgradering i den uppdaterade Edge-rampen \u00e4r det [&hellip;]","og_url":"https:\/\/xenonkungen.com\/no\/produkt\/briodlights-edge-ekstra-lyslist-30-2-0-762-mm-vinklet\/","og_site_name":"Xenonkungen","article_modified_time":"2026-04-24T15:51:35+00:00","og_image":[{"width":2048,"height":1536,"url":"https:\/\/xenonkungen.com\/wp-content\/uploads\/2025\/04\/203994021-origpic-19726e.jpg","type":"image\/jpeg"}],"twitter_card":"summary_large_image","twitter_misc":{"Ansl. lesetid":"1 minutt"},"schema":{"@context":"https:\/\/schema.org","@graph":[{"@type":"WebPage","@id":"https:\/\/xenonkungen.com\/produkt\/briodlights-edge-extraljusramp-30-2-0-762-mm-vinklad\/","url":"https:\/\/xenonkungen.com\/produkt\/briodlights-edge-extraljusramp-30-2-0-762-mm-vinklad\/","name":"BriodLights Edge Ekstralysbjelke 30&quot; 2.0 (762 mm) vinklet - Xenonkungen","isPartOf":{"@id":"https:\/\/xenonkungen.com\/#website"},"primaryImageOfPage":{"@id":"https:\/\/xenonkungen.com\/produkt\/briodlights-edge-extraljusramp-30-2-0-762-mm-vinklad\/#primaryimage"},"image":{"@id":"https:\/\/xenonkungen.com\/produkt\/briodlights-edge-extraljusramp-30-2-0-762-mm-vinklad\/#primaryimage"},"thumbnailUrl":"https:\/\/xenonkungen.com\/wp-content\/uploads\/2025\/04\/203994021-origpic-19726e.jpg","datePublished":"2025-04-15T09:00:40+00:00","dateModified":"2026-04-24T15:51:35+00:00","breadcrumb":{"@id":"https:\/\/xenonkungen.com\/produkt\/briodlights-edge-extraljusramp-30-2-0-762-mm-vinklad\/#breadcrumb"},"inLanguage":"nb-NO","potentialAction":[{"@type":"ReadAction","target":["https:\/\/xenonkungen.com\/produkt\/briodlights-edge-extraljusramp-30-2-0-762-mm-vinklad\/"]}]},{"@type":"ImageObject","inLanguage":"nb-NO","@id":"https:\/\/xenonkungen.com\/produkt\/briodlights-edge-extraljusramp-30-2-0-762-mm-vinklad\/#primaryimage","url":"https:\/\/xenonkungen.com\/wp-content\/uploads\/2025\/04\/203994021-origpic-19726e.jpg","contentUrl":"https:\/\/xenonkungen.com\/wp-content\/uploads\/2025\/04\/203994021-origpic-19726e.jpg","width":2048,"height":1536},{"@type":"BreadcrumbList","@id":"https:\/\/xenonkungen.com\/produkt\/briodlights-edge-extraljusramp-30-2-0-762-mm-vinklad\/#breadcrumb","itemListElement":[{"@type":"ListItem","position":1,"name":"Hem","item":"https:\/\/xenonkungen.com\/"},{"@type":"ListItem","position":2,"name":"Shop","item":"https:\/\/xenonkungen.com\/shop\/"},{"@type":"ListItem","position":3,"name":"BriodLights Edge Extraljusramp 30&#8243; 2.0 (762 mm) vinklad"}]},{"@type":"WebSite","@id":"https:\/\/xenonkungen.com\/#website","url":"https:\/\/xenonkungen.com\/","name":"Xenonkungen","description":"","potentialAction":[{"@type":"SearchAction","target":{"@type":"EntryPoint","urlTemplate":"https:\/\/xenonkungen.com\/?s={search_term_string}"},"query-input":{"@type":"PropertyValueSpecification","valueRequired":true,"valueName":"search_term_string"}}],"inLanguage":"nb-NO"}]}},"taxonomy_info":{"product_brand":[{"value":92,"label":"Briodlights"}],"product_cat":[{"value":2966,"label":"Ledramp Rak"},{"value":2539,"label":"LEDRAMPER"}],"product_tag":[{"value":2788,"label":"black-week-exclude"}],"pa_fargtemperatur":[{"value":154,"label":"5000K"}],"pa_fuktskydd-varde-ipxx":[{"value":960,"label":"IP69"}],"pa_godkannande":[{"value":890,"label":"E-Godk\u00e4nd, R10"}],"pa_led-chips-effekt-w":[{"value":1194,"label":"157"}],"pa_ljusbild":[{"value":157,"label":"Driving, combo"}],"pa_storlek-mm":[{"value":1193,"label":"764x38,5x67"}],"pa_stromforbrukning":[{"value":1191,"label":"13A@12V"},{"value":1192,"label":"5,8A@24V"}],"pa_volt-v":[{"value":884,"label":"Multivolt, 9, 12, 16, 18, 24, 28, 30, 33"}]},"featured_image_src_large":["https:\/\/xenonkungen.com\/wp-content\/uploads\/2025\/04\/203994021-origpic-19726e-1024x768.jpg",1024,768,true],"author_info":[],"comment_info":0,"_links":{"self":[{"href":"https:\/\/xenonkungen.com\/no\/wp-json\/wp\/v2\/product\/3612","targetHints":{"allow":["GET"]}}],"collection":[{"href":"https:\/\/xenonkungen.com\/no\/wp-json\/wp\/v2\/product"}],"about":[{"href":"https:\/\/xenonkungen.com\/no\/wp-json\/wp\/v2\/types\/product"}],"replies":[{"embeddable":true,"href":"https:\/\/xenonkungen.com\/no\/wp-json\/wp\/v2\/comments?post=3612"}],"wp:featuredmedia":[{"embeddable":true,"href":"https:\/\/xenonkungen.com\/no\/wp-json\/wp\/v2\/media\/3613"}],"wp:attachment":[{"href":"https:\/\/xenonkungen.com\/no\/wp-json\/wp\/v2\/media?parent=3612"}],"wp:term":[{"taxonomy":"anvandningsomrade","embeddable":true,"href":"https:\/\/xenonkungen.com\/no\/wp-json\/wp\/v2\/anvandningsomrade?post=3612"},{"taxonomy":"bilmarken","embeddable":true,"href":"https:\/\/xenonkungen.com\/no\/wp-json\/wp\/v2\/bilmarken?post=3612"},{"taxonomy":"product_brand","embeddable":true,"href":"https:\/\/xenonkungen.com\/no\/wp-json\/wp\/v2\/product_brand?post=3612"},{"taxonomy":"product_cat","embeddable":true,"href":"https:\/\/xenonkungen.com\/no\/wp-json\/wp\/v2\/product_cat?post=3612"},{"taxonomy":"product_tag","embeddable":true,"href":"https:\/\/xenonkungen.com\/no\/wp-json\/wp\/v2\/product_tag?post=3612"}],"curies":[{"name":"wp","href":"https:\/\/api.w.org\/{rel}","templated":true}]}}