{"id":3632,"date":"2025-04-15T09:00:51","date_gmt":"2025-04-15T09:00:51","guid":{"rendered":"https:\/\/xenonkungen.com\/product\/t253157-led-chrome-vit\/"},"modified":"2026-04-11T00:12:03","modified_gmt":"2026-04-10T23:12:03","slug":"t253157-led-krom-hvit","status":"publish","type":"product","link":"https:\/\/xenonkungen.com\/no\/produkt\/t253157-led-krom-hvit\/","title":{"rendered":"T25|3157 LED krom hvit"},"content":{"rendered":"<p>XK Chrome T25 \/ 3157 White er en diodelampe som erstatter den eksisterende halogenlampen med et hvitt lys fra 6 sterke 6SMD LED-moduler. XK Chrome T25 er tofunksjonell med en full styrke p\u00e5 810lm og et minimum p\u00e5 180lm, dette varierer hvis du for eksempel har erstattet varsellysene dine med denne diodelampen. Diodelampen er multispenningsbar, noe som bidrar til en smidig og enkel installasjon.<\/p>\n<p>Lampen monteres vanligvis som DRL\/varsellys eller som baklys\/bremselys. Passer like godt p\u00e5 begge sider.<\/p>\n<p><strong>Godt \u00e5 vite<\/strong><br \/>\nXK Chrome T25 \/ 3157 White er avhengig av reflektoren, noe som betyr at hvis reflektoren er i d\u00e5rlig stand, vil ikke diodelampen fungere optimalt.<br \/>\nIngen ekstra tillegg trengs (plug n play).<br \/>\nEt lignende produkt er T20-diodelampen, som finnes i reverseringslyset.<\/p>","protected":false},"excerpt":{"rendered":"<p>Et LED-lys for deg som \u00f8nsker \u00e5 forbedre bilens ytelse og utseende. Vanligvis montert som DRL\/varsellys foran eller posisjons-\/bremselys bak p\u00e5 bilen.<\/p>\n<p>LED-lampe<br \/>\nXK-Chrome T25<\/p>\n<p>Funksjon<br \/>\nDRL\/varsellys | Posisjonslys\/bromlys<\/p>\n<p>Multivolt<br \/>\n9-30VDC<\/p>\n<p>Innhold i leveransen<br \/>\n1 par = 2stk<\/p>","protected":false},"featured_media":3633,"comment_status":"closed","ping_status":"closed","template":"","meta":{"_acf_changed":false,"_smort_price_nok":"369","_smort_price_dkk":"336","_smort_price_eur":"45","_smort_sale_price_nok":"369","_smort_sale_price_dkk":"","_smort_sale_price_eur":"31.36","smort_restorder":"","shipmondo_restorder":"","_kad_blocks_custom_css":"","_kad_blocks_head_custom_js":"","_kad_blocks_body_custom_js":"","_kad_blocks_footer_custom_js":"","smort_custom_pricelist_1":"316.8","smort_custom_pricelist_2":"237.6","smort_custom_pricelist_3":"225.72","smort_custom_pricelist_4":"396","smort_custom_pricelist_5":"237.6"},"anvandningsomrade":[],"bilmarken":[],"product_brand":[2793],"product_cat":[1402],"product_tag":[],"class_list":{"0":"post-3632","1":"product","2":"type-product","3":"status-publish","4":"has-post-thumbnail","6":"product_brand-ovrigt","7":"product_cat-outlet","8":"pa_fargtemperatur-6500k","9":"pa_lampsockel-kontakt-t25-3157","10":"pa_led-chips-effekt-w-400","11":"pa_stromforbrukning-01a12v","12":"pa_stromforbrukning-01a24v","13":"pa_stromforbrukning-04a24v","14":"pa_stromforbrukning-09a12v","15":"pa_volt-v-multivolt-10-12-16-18-24-28-30-32","17":"first","18":"instock","19":"sale","20":"taxable","21":"shipping-taxable","22":"purchasable","23":"product-type-simple"},"bundled_by":[],"bundle_stock_status":"instock","bundle_stock_quantity":37,"bundle_virtual":false,"bundle_layout":"","bundle_add_to_cart_form_location":"","bundle_editable_in_cart":false,"bundle_sold_individually_context":"","bundle_item_grouping":"","bundle_min_size":"","bundle_max_size":"","bundle_price":[],"bundled_items":[],"bundle_sell_ids":[],"acf":[],"yoast_head":"<!-- This site is optimized with the Yoast SEO plugin v27.0 - https:\/\/yoast.com\/product\/yoast-seo-wordpress\/ -->\n<title>T25|3157 LED Chrome Vit - Xenonkungen<\/title>\n<meta name=\"robots\" content=\"index, follow, max-snippet:-1, max-image-preview:large, max-video-preview:-1\" \/>\n<link rel=\"canonical\" href=\"https:\/\/xenonkungen.com\/no\/produkt\/t253157-led-krom-hvit\/\" \/>\n<meta property=\"og:locale\" content=\"nb_NO\" \/>\n<meta property=\"og:type\" content=\"article\" \/>\n<meta property=\"og:title\" content=\"T25|3157 LED Chrome Vit - Xenonkungen\" \/>\n<meta property=\"og:description\" content=\"En ledlampa f\u00f6r dig som vill f\u00f6rb\u00e4ttra prestandan och utseendet p\u00e5 din bil. Sitter oftast som DRL\/Varselljus fram eller Position\/Bromsljus bak p\u00e5 bilen.  LED-Lampa XK-Chrome T25  Funktion DRL\/Varselljus | Position\/Bromsljus  Multivolt 9-30VDC  Leveransinneh\u00e5ll 1 par = 2st\" \/>\n<meta property=\"og:url\" content=\"https:\/\/xenonkungen.com\/no\/produkt\/t253157-led-krom-hvit\/\" \/>\n<meta property=\"og:site_name\" content=\"Xenonkungen\" \/>\n<meta property=\"article:modified_time\" content=\"2026-04-10T23:12:03+00:00\" \/>\n<meta property=\"og:image\" content=\"https:\/\/xenonkungen.com\/wp-content\/uploads\/2025\/04\/167049091-origpic-c19253.png\" \/>\n\t<meta property=\"og:image:width\" content=\"1000\" \/>\n\t<meta property=\"og:image:height\" content=\"1000\" \/>\n\t<meta property=\"og:image:type\" content=\"image\/png\" \/>\n<meta name=\"twitter:card\" content=\"summary_large_image\" \/>\n<meta name=\"twitter:label1\" content=\"Ansl. lesetid\" \/>\n\t<meta name=\"twitter:data1\" content=\"1 minutt\" \/>\n<script type=\"application\/ld+json\" class=\"yoast-schema-graph\">{\"@context\":\"https:\/\/schema.org\",\"@graph\":[{\"@type\":\"WebPage\",\"@id\":\"https:\/\/xenonkungen.com\/produkt\/t253157-led-chrome-vit\/\",\"url\":\"https:\/\/xenonkungen.com\/produkt\/t253157-led-chrome-vit\/\",\"name\":\"T25|3157 LED Chrome Vit - Xenonkungen\",\"isPartOf\":{\"@id\":\"https:\/\/xenonkungen.com\/#website\"},\"primaryImageOfPage\":{\"@id\":\"https:\/\/xenonkungen.com\/produkt\/t253157-led-chrome-vit\/#primaryimage\"},\"image\":{\"@id\":\"https:\/\/xenonkungen.com\/produkt\/t253157-led-chrome-vit\/#primaryimage\"},\"thumbnailUrl\":\"https:\/\/xenonkungen.com\/wp-content\/uploads\/2025\/04\/167049091-origpic-c19253.png\",\"datePublished\":\"2025-04-15T09:00:51+00:00\",\"dateModified\":\"2026-04-10T23:12:03+00:00\",\"breadcrumb\":{\"@id\":\"https:\/\/xenonkungen.com\/produkt\/t253157-led-chrome-vit\/#breadcrumb\"},\"inLanguage\":\"nb-NO\",\"potentialAction\":[{\"@type\":\"ReadAction\",\"target\":[\"https:\/\/xenonkungen.com\/produkt\/t253157-led-chrome-vit\/\"]}]},{\"@type\":\"ImageObject\",\"inLanguage\":\"nb-NO\",\"@id\":\"https:\/\/xenonkungen.com\/produkt\/t253157-led-chrome-vit\/#primaryimage\",\"url\":\"https:\/\/xenonkungen.com\/wp-content\/uploads\/2025\/04\/167049091-origpic-c19253.png\",\"contentUrl\":\"https:\/\/xenonkungen.com\/wp-content\/uploads\/2025\/04\/167049091-origpic-c19253.png\",\"width\":1000,\"height\":1000},{\"@type\":\"BreadcrumbList\",\"@id\":\"https:\/\/xenonkungen.com\/produkt\/t253157-led-chrome-vit\/#breadcrumb\",\"itemListElement\":[{\"@type\":\"ListItem\",\"position\":1,\"name\":\"Hem\",\"item\":\"https:\/\/xenonkungen.com\/\"},{\"@type\":\"ListItem\",\"position\":2,\"name\":\"Shop\",\"item\":\"https:\/\/xenonkungen.com\/shop\/\"},{\"@type\":\"ListItem\",\"position\":3,\"name\":\"T25|3157 LED Chrome Vit\"}]},{\"@type\":\"WebSite\",\"@id\":\"https:\/\/xenonkungen.com\/#website\",\"url\":\"https:\/\/xenonkungen.com\/\",\"name\":\"Xenonkungen\",\"description\":\"\",\"potentialAction\":[{\"@type\":\"SearchAction\",\"target\":{\"@type\":\"EntryPoint\",\"urlTemplate\":\"https:\/\/xenonkungen.com\/?s={search_term_string}\"},\"query-input\":{\"@type\":\"PropertyValueSpecification\",\"valueRequired\":true,\"valueName\":\"search_term_string\"}}],\"inLanguage\":\"nb-NO\"}]}<\/script>\n<!-- \/ Yoast SEO plugin. -->","yoast_head_json":{"title":"T25|3157 LED Krom Hvit - Xenon-kongen","robots":{"index":"index","follow":"follow","max-snippet":"max-snippet:-1","max-image-preview":"max-image-preview:large","max-video-preview":"max-video-preview:-1"},"canonical":"https:\/\/xenonkungen.com\/no\/produkt\/t253157-led-krom-hvit\/","og_locale":"nb_NO","og_type":"article","og_title":"T25|3157 LED Chrome Vit - Xenonkungen","og_description":"En ledlampa f\u00f6r dig som vill f\u00f6rb\u00e4ttra prestandan och utseendet p\u00e5 din bil. Sitter oftast som DRL\/Varselljus fram eller Position\/Bromsljus bak p\u00e5 bilen.  LED-Lampa XK-Chrome T25  Funktion DRL\/Varselljus | Position\/Bromsljus  Multivolt 9-30VDC  Leveransinneh\u00e5ll 1 par = 2st","og_url":"https:\/\/xenonkungen.com\/no\/produkt\/t253157-led-krom-hvit\/","og_site_name":"Xenonkungen","article_modified_time":"2026-04-10T23:12:03+00:00","og_image":[{"width":1000,"height":1000,"url":"https:\/\/xenonkungen.com\/wp-content\/uploads\/2025\/04\/167049091-origpic-c19253.png","type":"image\/png"}],"twitter_card":"summary_large_image","twitter_misc":{"Ansl. lesetid":"1 minutt"},"schema":{"@context":"https:\/\/schema.org","@graph":[{"@type":"WebPage","@id":"https:\/\/xenonkungen.com\/produkt\/t253157-led-chrome-vit\/","url":"https:\/\/xenonkungen.com\/produkt\/t253157-led-chrome-vit\/","name":"T25|3157 LED Krom Hvit - Xenon-kongen","isPartOf":{"@id":"https:\/\/xenonkungen.com\/#website"},"primaryImageOfPage":{"@id":"https:\/\/xenonkungen.com\/produkt\/t253157-led-chrome-vit\/#primaryimage"},"image":{"@id":"https:\/\/xenonkungen.com\/produkt\/t253157-led-chrome-vit\/#primaryimage"},"thumbnailUrl":"https:\/\/xenonkungen.com\/wp-content\/uploads\/2025\/04\/167049091-origpic-c19253.png","datePublished":"2025-04-15T09:00:51+00:00","dateModified":"2026-04-10T23:12:03+00:00","breadcrumb":{"@id":"https:\/\/xenonkungen.com\/produkt\/t253157-led-chrome-vit\/#breadcrumb"},"inLanguage":"nb-NO","potentialAction":[{"@type":"ReadAction","target":["https:\/\/xenonkungen.com\/produkt\/t253157-led-chrome-vit\/"]}]},{"@type":"ImageObject","inLanguage":"nb-NO","@id":"https:\/\/xenonkungen.com\/produkt\/t253157-led-chrome-vit\/#primaryimage","url":"https:\/\/xenonkungen.com\/wp-content\/uploads\/2025\/04\/167049091-origpic-c19253.png","contentUrl":"https:\/\/xenonkungen.com\/wp-content\/uploads\/2025\/04\/167049091-origpic-c19253.png","width":1000,"height":1000},{"@type":"BreadcrumbList","@id":"https:\/\/xenonkungen.com\/produkt\/t253157-led-chrome-vit\/#breadcrumb","itemListElement":[{"@type":"ListItem","position":1,"name":"Hem","item":"https:\/\/xenonkungen.com\/"},{"@type":"ListItem","position":2,"name":"Shop","item":"https:\/\/xenonkungen.com\/shop\/"},{"@type":"ListItem","position":3,"name":"T25|3157 LED Chrome Vit"}]},{"@type":"WebSite","@id":"https:\/\/xenonkungen.com\/#website","url":"https:\/\/xenonkungen.com\/","name":"Xenonkungen","description":"","potentialAction":[{"@type":"SearchAction","target":{"@type":"EntryPoint","urlTemplate":"https:\/\/xenonkungen.com\/?s={search_term_string}"},"query-input":{"@type":"PropertyValueSpecification","valueRequired":true,"valueName":"search_term_string"}}],"inLanguage":"nb-NO"}]}},"taxonomy_info":{"product_brand":[{"value":2793,"label":"\u00d6VRIGT"}],"product_cat":[{"value":1402,"label":"Outlet"}],"pa_fargtemperatur":[{"value":353,"label":"6500K"}],"pa_lampsockel-kontakt":[{"value":1208,"label":"T25, 3157"}],"pa_led-chips-effekt-w":[{"value":400,"label":"108"}],"pa_stromforbrukning":[{"value":767,"label":"0,1A@12V"},{"value":1207,"label":"0,1A@24V"},{"value":928,"label":"0,4A@24V"},{"value":1206,"label":"0,9A@12V"}],"pa_volt-v":[{"value":1084,"label":"Multivolt, 10, 12, 16, 18, 24, 28, 30, 32"}]},"featured_image_src_large":["https:\/\/xenonkungen.com\/wp-content\/uploads\/2025\/04\/167049091-origpic-c19253.png",1000,1000,false],"author_info":[],"comment_info":0,"_links":{"self":[{"href":"https:\/\/xenonkungen.com\/no\/wp-json\/wp\/v2\/product\/3632","targetHints":{"allow":["GET"]}}],"collection":[{"href":"https:\/\/xenonkungen.com\/no\/wp-json\/wp\/v2\/product"}],"about":[{"href":"https:\/\/xenonkungen.com\/no\/wp-json\/wp\/v2\/types\/product"}],"replies":[{"embeddable":true,"href":"https:\/\/xenonkungen.com\/no\/wp-json\/wp\/v2\/comments?post=3632"}],"wp:featuredmedia":[{"embeddable":true,"href":"https:\/\/xenonkungen.com\/no\/wp-json\/wp\/v2\/media\/3633"}],"wp:attachment":[{"href":"https:\/\/xenonkungen.com\/no\/wp-json\/wp\/v2\/media?parent=3632"}],"wp:term":[{"taxonomy":"anvandningsomrade","embeddable":true,"href":"https:\/\/xenonkungen.com\/no\/wp-json\/wp\/v2\/anvandningsomrade?post=3632"},{"taxonomy":"bilmarken","embeddable":true,"href":"https:\/\/xenonkungen.com\/no\/wp-json\/wp\/v2\/bilmarken?post=3632"},{"taxonomy":"product_brand","embeddable":true,"href":"https:\/\/xenonkungen.com\/no\/wp-json\/wp\/v2\/product_brand?post=3632"},{"taxonomy":"product_cat","embeddable":true,"href":"https:\/\/xenonkungen.com\/no\/wp-json\/wp\/v2\/product_cat?post=3632"},{"taxonomy":"product_tag","embeddable":true,"href":"https:\/\/xenonkungen.com\/no\/wp-json\/wp\/v2\/product_tag?post=3632"}],"curies":[{"name":"wp","href":"https:\/\/api.w.org\/{rel}","templated":true}]}}